{"id":7612,"date":"2020-07-20T15:43:23","date_gmt":"2020-07-20T15:43:23","guid":{"rendered":"https:\/\/legendatours.com\/product\/portugal-holiday-in-porto-capital-of-the-north\/"},"modified":"2021-11-22T12:44:45","modified_gmt":"2021-11-22T12:44:45","slug":"porto-capital-of-the-north-10300g","status":"publish","type":"product","link":"https:\/\/legendatours.com\/sv\/produkt\/porto-capital-of-the-north-10300g\/","title":{"rendered":"Portugal Semester i Porto, huvudstaden i norr"},"content":{"rendered":"<p><strong>Grupper accepteras med minst 6 personer.<\/strong><\/p>\n<p>&nbsp;<\/p>\n<p>Staden Porto ligger dramatiskt uppe vid mynningen av Rio Douro och \u00e4r en av de mest eklektiska destinationerna i Europa och har en underbar atmosf\u00e4r.<\/p>\n<p>Fullpackad med ur\u00e5ldriga och stora monument som gnuggar sig med det portugisiska vardagslivet, det kommer inte som en \u00f6verraskning att Porto valdes till Europas b\u00e4sta destination tv\u00e5 g\u00e5nger under de senaste fyra \u00e5ren!<\/p>\n<p>Den f\u00e4rgglada gamla stan (Ribeira) i Portugals f\u00f6rtjusande andra stad, \u00e4r en UNESCO: s v\u00e4rldsarvslista, full av historiska byggnader och enast\u00e5ende monument samt pittoreska medeltida gator.<\/p>\n<div id=\"attachment_2529\" style=\"width: 1034px\" class=\"wp-caption alignnone\"><img loading=\"lazy\" decoding=\"async\" aria-describedby=\"caption-attachment-2529\" class=\"wp-image-2529 size-large\" title=\"Ribeira kaf\u00e9er i Porto floden Douro mynning\" src=\"https:\/\/legendatours.net\/wp-content\/uploads\/2020\/06\/Ribeira_cafes-1024x768.jpg\" alt=\"Ribeira cafes in Porto river Douro estuary\" width=\"1024\" height=\"768\" \/><p id=\"caption-attachment-2529\" class=\"wp-caption-text\">Ribeira kaf\u00e9er i Porto floden Douro mynning. Sitt p\u00e5 ett av gatukaf\u00e9erna i Cais da Ribeira, se b\u00e5tarna segla f\u00f6rbi, lyssna p\u00e5 gatumusik och f\u00f6rs\u00f6k i landskapet att identifiera portvinsk\u00e4llaren du vill bes\u00f6ka.<\/p><\/div>\n<p>Andra h\u00f6jdpunkter i denna underbara stad inkluderar den formidabla Porto-katedralen, Dom Luis I-bron (designad av en l\u00e4rjunge till Gustave Eiffel, Te\u00f3filo Seyrig), jugendkaf\u00e9er, Torre dos Cl\u00e9rigos och de ber\u00f6mda portvinslogerna som dominerar sluttningen av Vila Nova de Gaia.<\/p>\n<p>&nbsp;<\/p>\n<div id=\"attachment_1931\" style=\"width: 1034px\" class=\"wp-caption alignnone\"><img loading=\"lazy\" decoding=\"async\" aria-describedby=\"caption-attachment-1931\" class=\"size-full wp-image-1931\" src=\"https:\/\/legendatours.net\/wp-content\/uploads\/2020\/03\/Art-deco-facade-Porto-e1611680378904.jpg\" alt=\"Art deco facade Porto\" width=\"1024\" height=\"683\" \/><p id=\"caption-attachment-1931\" class=\"wp-caption-text\">Art d\u00e9co fasad Porto. Art d\u00e9co-byggnader som en del av deras glamour och kulturarv, Portos \u00f6verraskande \u00f6verfl\u00f6d av dekadent art d\u00e9co-arkitektur tar upp delar av stadens skyline.<\/p><\/div>\n<p>Staden utstr\u00e5lar historisk charm, och vi skulle kunna utn\u00e4mna bokhandeln Lello, som anses vara en av de vackraste i v\u00e4rlden, med sina anm\u00e4rkningsv\u00e4rda neogotiska interi\u00f6rer, eller de uts\u00f6kta kakelplattorna som t\u00e4cker j\u00e4rnv\u00e4gsstationen S\u00e3o Bento, som fina exempel p\u00e5 m\u00e5ste-se platser i Porto.<\/p>\n<p>Denna stad erbjuder en \u00f6vertygande syntes av antika och samtida attraktioner och det \u00e4r en fr\u00f6jd att promenera f\u00f6rsiktigt genom dess m\u00e5ngsidiga landskap.<\/p>\n<div class=\"row\" style=\"display: flex;\">\n<div class=\"column\" style=\"flex: 45%;\">\n<p><iframe loading=\"lazy\" title=\"P\u00c5 ST\u00c4MNING F\u00d6R PORTO: AVSNITT ETT | Porto Reseguide 2019 | Juvelen i norra Portugal \ud83c\uddf5\ud83c\uddf9\" width=\"1080\" height=\"608\" src=\"https:\/\/www.youtube.com\/embed\/Ip-ybLFbvCQ?feature=oembed\" frameborder=\"0\" allow=\"accelerometer; autoplay; clipboard-write; encrypted-media; gyroscope; picture-in-picture\" allowfullscreen><\/iframe><\/p>\n<\/div>\n<div class=\"column\" style=\"flex: 10%;\"><\/div>\n<div class=\"column\" style=\"flex: 45%;\">\n<p><iframe loading=\"lazy\" title=\"P\u00c5 ST\u00c4MNING F\u00d6R PORTO (Ep 2) | Porto Sev\u00e4rdheter, mat och vin | Reseguide\" width=\"1080\" height=\"608\" src=\"https:\/\/www.youtube.com\/embed\/6PRWBBrmsOE?feature=oembed\" frameborder=\"0\" allow=\"accelerometer; autoplay; clipboard-write; encrypted-media; gyroscope; picture-in-picture\" allowfullscreen><\/iframe><\/p>\n<\/div>\n<\/div>","protected":false},"excerpt":{"rendered":"<p>Staden Porto ligger dramatiskt uppe vid mynningen av Rio Douro och \u00e4r en av de mest eklektiska destinationerna i Europa och har en underbar atmosf\u00e4r.<\/p>\n<p>Fullpackad med ur\u00e5ldriga och stora monument som gnuggar sig med det portugisiska vardagslivet, det kommer inte som en \u00f6verraskning att Porto valdes till Europas b\u00e4sta destination tv\u00e5 g\u00e5nger under de senaste fyra \u00e5ren!<\/p>","protected":false},"featured_media":1707,"comment_status":"closed","ping_status":"closed","template":"","meta":{"_acf_changed":false,"inline_featured_image":false},"product_brand":[],"product_cat":[32,28,29,30],"product_tag":[235,349,39,350,40,43,48,49,50,192,51,135,52,54,362,55,140,272,246,56,353,354,119,57,58,356,59,226,1098,776,277,358,363,229,67,144,70,71,359,410],"class_list":{"0":"post-7612","1":"product","2":"type-product","3":"status-publish","4":"has-post-thumbnail","6":"product_cat-cultural-tours-and-holidays-in-portugal","7":"product_cat-guided-group-tours","8":"product_cat-portugal-guided-historical-holidays","9":"product_cat-guided-sightseeing-holidays-portugal","10":"product_tag-best-of-portugal","11":"product_tag-bolhao-market","12":"product_tag-douro-river","13":"product_tag-douro-riverbanks","14":"product_tag-douro-valley","15":"product_tag-fado","16":"product_tag-guided-tours","17":"product_tag-hidden-landscapes","18":"product_tag-historic","19":"product_tag-historic-buildings","20":"product_tag-historic-heritage","21":"product_tag-historic-monuments-in-porto","22":"product_tag-historic-town","23":"product_tag-historical-tour","24":"product_tag-lello-bookshop","25":"product_tag-local-gastronomy","26":"product_tag-major-cities-of-portugal","27":"product_tag-north-of-portugal","28":"product_tag-northern-portugal","29":"product_tag-oporto","30":"product_tag-port-lodges","31":"product_tag-port-wine","32":"product_tag-port-wine-cellars","33":"product_tag-porto","34":"product_tag-porto-bridges","35":"product_tag-porto-holidays","36":"product_tag-porto-world-heritage","37":"product_tag-portos-old-town","38":"product_tag-praca-da-ribeira","39":"product_tag-ribeira","40":"product_tag-river-douro","41":"product_tag-sao-bento-railway-station","42":"product_tag-shopping-in-porto","43":"product_tag-sightseeing-porto","44":"product_tag-torre-de-belem","45":"product_tag-torre-dos-clerigos","46":"product_tag-traditions","47":"product_tag-unesco-world-heritage-site","48":"product_tag-walks-porto","49":"product_tag-worlds-best-wines","51":"first","52":"instock","53":"virtual","54":"product-type-simple"},"acf":[],"yoast_head":"<!-- This site is optimized with the Yoast SEO Premium plugin v26.8 (Yoast SEO v27.4) - https:\/\/yoast.com\/product\/yoast-seo-premium-wordpress\/ -->\n<title>Portugal Holiday in Porto, Capital of the North - Legendary Adventure DMC Portugal<\/title>\n<meta name=\"robots\" content=\"index, follow, max-snippet:-1, max-image-preview:large, max-video-preview:-1\" \/>\n<link rel=\"canonical\" href=\"https:\/\/legendatours.com\/sv\/produkt\/porto-capital-of-the-north-10300g\/\" \/>\n<meta property=\"og:locale\" content=\"sv_SE\" \/>\n<meta property=\"og:type\" content=\"article\" \/>\n<meta property=\"og:title\" content=\"Portugal Holiday in Porto, Capital of the North\" \/>\n<meta property=\"og:description\" content=\"Dramatically perched at the mouth of the Rio Douro, the city of Porto is one of the most eclectic destinations in Europe, and has a wonderful atmosphere.  Packed with ancient and great monuments rubbing shoulders with everyday Portuguese life, it comes as little surprise that Porto was elected Europe\u2019s best destination twice in the last four years!\" \/>\n<meta property=\"og:url\" content=\"https:\/\/legendatours.com\/sv\/produkt\/porto-capital-of-the-north-10300g\/\" \/>\n<meta property=\"og:site_name\" content=\"Legendary Adventure DMC Portugal\" \/>\n<meta property=\"article:publisher\" content=\"https:\/\/www.facebook.com\/legendaryadventuredmc\/\" \/>\n<meta property=\"article:modified_time\" content=\"2021-11-22T12:44:45+00:00\" \/>\n<meta property=\"og:image\" content=\"https:\/\/legendatours.com\/wp-content\/uploads\/sites\/12\/2021\/04\/Ribeira_cafes.jpg\" \/>\n\t<meta property=\"og:image:width\" content=\"1066\" \/>\n\t<meta property=\"og:image:height\" content=\"800\" \/>\n\t<meta property=\"og:image:type\" content=\"image\/jpeg\" \/>\n<meta name=\"twitter:card\" content=\"summary_large_image\" \/>\n<meta name=\"twitter:label1\" content=\"Ber\u00e4knad l\u00e4stid\" \/>\n\t<meta name=\"twitter:data1\" content=\"2 minuter\" \/>\n<script type=\"application\/ld+json\" class=\"yoast-schema-graph\">{\"@context\":\"https:\\\/\\\/schema.org\",\"@graph\":[{\"@type\":\"WebPage\",\"@id\":\"https:\\\/\\\/legendatours.com\\\/product\\\/porto-capital-of-the-north-10300g\\\/\",\"url\":\"https:\\\/\\\/legendatours.com\\\/product\\\/porto-capital-of-the-north-10300g\\\/\",\"name\":\"Portugal Holiday in Porto, Capital of the North - Legendary Adventure DMC Portugal\",\"isPartOf\":{\"@id\":\"https:\\\/\\\/legendatours.com\\\/#website\"},\"primaryImageOfPage\":{\"@id\":\"https:\\\/\\\/legendatours.com\\\/product\\\/porto-capital-of-the-north-10300g\\\/#primaryimage\"},\"image\":{\"@id\":\"https:\\\/\\\/legendatours.com\\\/product\\\/porto-capital-of-the-north-10300g\\\/#primaryimage\"},\"thumbnailUrl\":\"https:\\\/\\\/legendatours.com\\\/wp-content\\\/uploads\\\/sites\\\/12\\\/2021\\\/04\\\/Ribeira_cafes.jpg\",\"datePublished\":\"2020-07-20T15:43:23+00:00\",\"dateModified\":\"2021-11-22T12:44:45+00:00\",\"breadcrumb\":{\"@id\":\"https:\\\/\\\/legendatours.com\\\/product\\\/porto-capital-of-the-north-10300g\\\/#breadcrumb\"},\"inLanguage\":\"sv-SE\",\"potentialAction\":[{\"@type\":\"ReadAction\",\"target\":[\"https:\\\/\\\/legendatours.com\\\/product\\\/porto-capital-of-the-north-10300g\\\/\"]}]},{\"@type\":\"ImageObject\",\"inLanguage\":\"sv-SE\",\"@id\":\"https:\\\/\\\/legendatours.com\\\/product\\\/porto-capital-of-the-north-10300g\\\/#primaryimage\",\"url\":\"https:\\\/\\\/legendatours.com\\\/wp-content\\\/uploads\\\/sites\\\/12\\\/2021\\\/04\\\/Ribeira_cafes.jpg\",\"contentUrl\":\"https:\\\/\\\/legendatours.com\\\/wp-content\\\/uploads\\\/sites\\\/12\\\/2021\\\/04\\\/Ribeira_cafes.jpg\",\"width\":1066,\"height\":800,\"caption\":\"Ribeira cafes in Porto river Douro estuary\"},{\"@type\":\"BreadcrumbList\",\"@id\":\"https:\\\/\\\/legendatours.com\\\/product\\\/porto-capital-of-the-north-10300g\\\/#breadcrumb\",\"itemListElement\":[{\"@type\":\"ListItem\",\"position\":1,\"name\":\"Home\",\"item\":\"https:\\\/\\\/legendatours.com\\\/\"},{\"@type\":\"ListItem\",\"position\":2,\"name\":\"Shop\",\"item\":\"https:\\\/\\\/legendatours.com\\\/sv\\\/?page_id=4\"},{\"@type\":\"ListItem\",\"position\":3,\"name\":\"Portugal Holiday in Porto, Capital of the North\"}]},{\"@type\":\"WebSite\",\"@id\":\"https:\\\/\\\/legendatours.com\\\/#website\",\"url\":\"https:\\\/\\\/legendatours.com\\\/\",\"name\":\"Legendary Adventure DMC Portugal\",\"description\":\"Responsible Walking &amp; Nature Holidays in Portugal\",\"publisher\":{\"@id\":\"https:\\\/\\\/legendatours.com\\\/#organization\"},\"alternateName\":\"Legendary Adventure Portugal\",\"potentialAction\":[{\"@type\":\"SearchAction\",\"target\":{\"@type\":\"EntryPoint\",\"urlTemplate\":\"https:\\\/\\\/legendatours.com\\\/?s={search_term_string}\"},\"query-input\":{\"@type\":\"PropertyValueSpecification\",\"valueRequired\":true,\"valueName\":\"search_term_string\"}}],\"inLanguage\":\"sv-SE\"},{\"@type\":\"Organization\",\"@id\":\"https:\\\/\\\/legendatours.com\\\/#organization\",\"name\":\"legendatours.com\",\"url\":\"https:\\\/\\\/legendatours.com\\\/\",\"logo\":{\"@type\":\"ImageObject\",\"inLanguage\":\"sv-SE\",\"@id\":\"https:\\\/\\\/legendatours.com\\\/#\\\/schema\\\/logo\\\/image\\\/\",\"url\":\"https:\\\/\\\/legendatours.com\\\/wp-content\\\/uploads\\\/sites\\\/12\\\/2021\\\/06\\\/legendary_adventure_dmc.png\",\"contentUrl\":\"https:\\\/\\\/legendatours.com\\\/wp-content\\\/uploads\\\/sites\\\/12\\\/2021\\\/06\\\/legendary_adventure_dmc.png\",\"width\":250,\"height\":74,\"caption\":\"legendatours.com\"},\"image\":{\"@id\":\"https:\\\/\\\/legendatours.com\\\/#\\\/schema\\\/logo\\\/image\\\/\"},\"sameAs\":[\"https:\\\/\\\/www.facebook.com\\\/legendaryadventuredmc\\\/\",\"https:\\\/\\\/www.linkedin.com\\\/company\\\/legendary-adventure-dmc-portugal\",\"https:\\\/\\\/www.youtube.com\\\/channel\\\/UCOIRDx_KM6ynIcacQkZjb6g\"]}]}<\/script>\n<!-- \/ Yoast SEO Premium plugin. -->","yoast_head_json":{"title":"Portugal Semester i Porto, Nordens huvudstad - Legendary Adventure DMC Portugal","robots":{"index":"index","follow":"follow","max-snippet":"max-snippet:-1","max-image-preview":"max-image-preview:large","max-video-preview":"max-video-preview:-1"},"canonical":"https:\/\/legendatours.com\/sv\/produkt\/porto-capital-of-the-north-10300g\/","og_locale":"sv_SE","og_type":"article","og_title":"Portugal Holiday in Porto, Capital of the North","og_description":"Dramatically perched at the mouth of the Rio Douro, the city of Porto is one of the most eclectic destinations in Europe, and has a wonderful atmosphere.  Packed with ancient and great monuments rubbing shoulders with everyday Portuguese life, it comes as little surprise that Porto was elected Europe\u2019s best destination twice in the last four years!","og_url":"https:\/\/legendatours.com\/sv\/produkt\/porto-capital-of-the-north-10300g\/","og_site_name":"Legendary Adventure DMC Portugal","article_publisher":"https:\/\/www.facebook.com\/legendaryadventuredmc\/","article_modified_time":"2021-11-22T12:44:45+00:00","og_image":[{"width":1066,"height":800,"url":"https:\/\/legendatours.com\/wp-content\/uploads\/sites\/12\/2021\/04\/Ribeira_cafes.jpg","type":"image\/jpeg"}],"twitter_card":"summary_large_image","twitter_misc":{"Ber\u00e4knad l\u00e4stid":"2 minuter"},"schema":{"@context":"https:\/\/schema.org","@graph":[{"@type":"WebPage","@id":"https:\/\/legendatours.com\/product\/porto-capital-of-the-north-10300g\/","url":"https:\/\/legendatours.com\/product\/porto-capital-of-the-north-10300g\/","name":"Portugal Semester i Porto, Nordens huvudstad - Legendary Adventure DMC Portugal","isPartOf":{"@id":"https:\/\/legendatours.com\/#website"},"primaryImageOfPage":{"@id":"https:\/\/legendatours.com\/product\/porto-capital-of-the-north-10300g\/#primaryimage"},"image":{"@id":"https:\/\/legendatours.com\/product\/porto-capital-of-the-north-10300g\/#primaryimage"},"thumbnailUrl":"https:\/\/legendatours.com\/wp-content\/uploads\/sites\/12\/2021\/04\/Ribeira_cafes.jpg","datePublished":"2020-07-20T15:43:23+00:00","dateModified":"2021-11-22T12:44:45+00:00","breadcrumb":{"@id":"https:\/\/legendatours.com\/product\/porto-capital-of-the-north-10300g\/#breadcrumb"},"inLanguage":"sv-SE","potentialAction":[{"@type":"ReadAction","target":["https:\/\/legendatours.com\/product\/porto-capital-of-the-north-10300g\/"]}]},{"@type":"ImageObject","inLanguage":"sv-SE","@id":"https:\/\/legendatours.com\/product\/porto-capital-of-the-north-10300g\/#primaryimage","url":"https:\/\/legendatours.com\/wp-content\/uploads\/sites\/12\/2021\/04\/Ribeira_cafes.jpg","contentUrl":"https:\/\/legendatours.com\/wp-content\/uploads\/sites\/12\/2021\/04\/Ribeira_cafes.jpg","width":1066,"height":800,"caption":"Ribeira cafes in Porto river Douro estuary"},{"@type":"BreadcrumbList","@id":"https:\/\/legendatours.com\/product\/porto-capital-of-the-north-10300g\/#breadcrumb","itemListElement":[{"@type":"ListItem","position":1,"name":"Home","item":"https:\/\/legendatours.com\/"},{"@type":"ListItem","position":2,"name":"Shop","item":"https:\/\/legendatours.com\/sv\/?page_id=4"},{"@type":"ListItem","position":3,"name":"Portugal Holiday in Porto, Capital of the North"}]},{"@type":"WebSite","@id":"https:\/\/legendatours.com\/#website","url":"https:\/\/legendatours.com\/","name":"Legendariskt \u00e4ventyr DMC Portugal","description":"Ansvarsfulla vandringar och natursemester i Portugal","publisher":{"@id":"https:\/\/legendatours.com\/#organization"},"alternateName":"Legendary Adventure Portugal","potentialAction":[{"@type":"SearchAction","target":{"@type":"EntryPoint","urlTemplate":"https:\/\/legendatours.com\/?s={search_term_string}"},"query-input":{"@type":"PropertyValueSpecification","valueRequired":true,"valueName":"search_term_string"}}],"inLanguage":"sv-SE"},{"@type":"Organization","@id":"https:\/\/legendatours.com\/#organization","name":"legendatours.com","url":"https:\/\/legendatours.com\/","logo":{"@type":"ImageObject","inLanguage":"sv-SE","@id":"https:\/\/legendatours.com\/#\/schema\/logo\/image\/","url":"https:\/\/legendatours.com\/wp-content\/uploads\/sites\/12\/2021\/06\/legendary_adventure_dmc.png","contentUrl":"https:\/\/legendatours.com\/wp-content\/uploads\/sites\/12\/2021\/06\/legendary_adventure_dmc.png","width":250,"height":74,"caption":"legendatours.com"},"image":{"@id":"https:\/\/legendatours.com\/#\/schema\/logo\/image\/"},"sameAs":["https:\/\/www.facebook.com\/legendaryadventuredmc\/","https:\/\/www.linkedin.com\/company\/legendary-adventure-dmc-portugal","https:\/\/www.youtube.com\/channel\/UCOIRDx_KM6ynIcacQkZjb6g"]}]}},"_links":{"self":[{"href":"https:\/\/legendatours.com\/sv\/wp-json\/wp\/v2\/product\/7612","targetHints":{"allow":["GET"]}}],"collection":[{"href":"https:\/\/legendatours.com\/sv\/wp-json\/wp\/v2\/product"}],"about":[{"href":"https:\/\/legendatours.com\/sv\/wp-json\/wp\/v2\/types\/product"}],"replies":[{"embeddable":true,"href":"https:\/\/legendatours.com\/sv\/wp-json\/wp\/v2\/comments?post=7612"}],"wp:featuredmedia":[{"embeddable":true,"href":"https:\/\/legendatours.com\/sv\/wp-json\/wp\/v2\/media\/1707"}],"wp:attachment":[{"href":"https:\/\/legendatours.com\/sv\/wp-json\/wp\/v2\/media?parent=7612"}],"wp:term":[{"taxonomy":"product_brand","embeddable":true,"href":"https:\/\/legendatours.com\/sv\/wp-json\/wp\/v2\/product_brand?post=7612"},{"taxonomy":"product_cat","embeddable":true,"href":"https:\/\/legendatours.com\/sv\/wp-json\/wp\/v2\/product_cat?post=7612"},{"taxonomy":"product_tag","embeddable":true,"href":"https:\/\/legendatours.com\/sv\/wp-json\/wp\/v2\/product_tag?post=7612"}],"curies":[{"name":"wp","href":"https:\/\/api.w.org\/{rel}","templated":true}]}}