{"id":7616,"date":"2020-07-15T13:53:42","date_gmt":"2020-07-15T13:53:42","guid":{"rendered":"https:\/\/legendatours.com\/product\/train-tour-in-portugal-from-north-to-south\/"},"modified":"2021-11-22T12:53:54","modified_gmt":"2021-11-22T12:53:54","slug":"train-tour-in-portugal-8300g","status":"publish","type":"product","link":"https:\/\/legendatours.com\/sv\/produkt\/train-tour-in-portugal-8300g\/","title":{"rendered":"T\u00e5gtur i Portugal fr\u00e5n norr till s\u00f6der"},"content":{"rendered":"<p><strong>Grupper accepteras med minst 6 personer.<\/strong><\/p>\n<p>&nbsp;<\/p>\n<p>Denna semester kommer att ta oss p\u00e5 n\u00e5gra av de mest natursk\u00f6na j\u00e4rnv\u00e4gslinjerna i Portugal medan vi korsar landet fr\u00e5n norr till s\u00f6der.<\/p>\n<p>Vi kommer att l\u00e4ra k\u00e4nna utvecklingen av lok, t\u00e5g och sp\u00e5rvagnar i Portugal med bes\u00f6k p\u00e5 olika transporter och National Railroad Museum.<\/p>\n<p>L\u00e4ngs v\u00e5r turn\u00e9 kommer vi att njuta av fantastiska landskap, ha m\u00f6jlighet att bes\u00f6ka vackra st\u00e4der och byar och stanna p\u00e5 strategiska platser f\u00f6r att beundra historiska rullande materiel samt vackert dekorerade t\u00e5gstationer.<\/p>\n<div id=\"attachment_2917\" style=\"width: 778px\" class=\"wp-caption alignnone\"><img loading=\"lazy\" decoding=\"async\" aria-describedby=\"caption-attachment-2917\" class=\"wp-image-2917 size-full\" src=\"https:\/\/legendatours.net\/wp-content\/uploads\/2020\/07\/rail_holidays_portugal.jpg\" alt=\"Map Rail Holidays Portugal\" width=\"768\" height=\"1023\" \/><p id=\"caption-attachment-2917\" class=\"wp-caption-text\">Karta \u00f6ver resesidor \u2013 t\u00e5gsemestrar i Portugal<\/p><\/div>\n<p>Vi tar ocks\u00e5 tid att vandra och bes\u00f6ka n\u00e5gra UNESCO: s v\u00e4rldsarv, imponerande monument och titta p\u00e5 Portugal med andra \u00f6gon, inte att f\u00f6rgl\u00f6mma den utm\u00e4rkta gastronomin och vinerna!<\/p>\n<p>Att resa med t\u00e5g erbjuder m\u00f6jligheten att beundra vackra landskap i lugn och komfort i v\u00e5rt eget utrymme; det ger ett utrymme d\u00e4r man kan sitta och observera; att l\u00e4sa eller chatta eller helt enkelt f\u00f6r att njuta av stunder av lugn reflektion och motorns lugnande gungande r\u00f6relse och chugg-a-chug-chug.<\/p>\n<p>Vi b\u00f6rjar turen norrut med en t\u00e5gresa l\u00e4ngs Rio Douro, en av de stora obesjungna upplevelserna under ett bes\u00f6k i Portugal. Landskapet \u00e4r hisnande, och m\u00e5nga s\u00e4ger att det \u00e4r en av de st\u00f6rsta j\u00e4rnv\u00e4gsresorna i v\u00e4rlden.<\/p>\n<div id=\"attachment_2502\" style=\"width: 1034px\" class=\"wp-caption alignnone\"><img loading=\"lazy\" decoding=\"async\" aria-describedby=\"caption-attachment-2502\" class=\"wp-image-2502 size-large\" src=\"https:\/\/legendatours.net\/wp-content\/uploads\/2020\/03\/Lisbon_sightseeing-1024x684.jpg\" alt=\"Sightseeing in Lisbon - Bica elevator tram\" width=\"1024\" height=\"684\" \/><p id=\"caption-attachment-2502\" class=\"wp-caption-text\">Sightseeing i Lissabon \u2013 Bica hisssp\u00e5rvagn<\/p><\/div>\n<p>Fr\u00e5n v\u00e5r bas, Porto, kommer vi ocks\u00e5 att bes\u00f6ka Viana do Castelo, juvelen i Minho; ta ett l\u00e5ngsamt t\u00e5g till Guimar\u00e3es, f\u00f6delsestaden Portugal och ett v\u00e4rldsarv och Aveiro med sitt vackra system av laguner och livligt m\u00e5lade hus.<\/p>\n<p>I Porto, ocks\u00e5 ett v\u00e4rldsarv, \u00e5ker vi med en charmig sp\u00e5rvagn till Foz och bes\u00f6ker National Tram Museum. Och, naturligtvis, smaka p\u00e5 de ber\u00f6mda portvinerna.<\/p>\n<div id=\"attachment_1939\" style=\"width: 1034px\" class=\"wp-caption alignnone\"><img loading=\"lazy\" decoding=\"async\" aria-describedby=\"caption-attachment-1939\" class=\"size-full wp-image-1939\" src=\"https:\/\/legendatours.net\/wp-content\/uploads\/2020\/03\/Estacao-Sao-Bento-tiles-e1611680521261.jpg\" alt=\"Estacao Sao Bento tiles in Porto\" width=\"1024\" height=\"683\" \/><p id=\"caption-attachment-1939\" class=\"wp-caption-text\">Estacao Sao Bento -plattor i Porto<\/p><\/div>\n<p>P\u00e5 v\u00e4g s\u00f6derut beger vi oss till Portugals livliga huvudstad Lissabon. H\u00e4rifr\u00e5n kommer vi att tillbringa en dag i Sintra, en g\u00e5ng en favorit sommarresidens f\u00f6r Portugals kungligheter och fortfarande ett sagolandskap med gr\u00f6nskande kullar och g\u00f6mda arkitektoniska p\u00e4rlor.<\/p>\n<p>\u00c4ven Tomar, en g\u00e5ng krafts\u00e4tet f\u00f6r<a href=\"..\/..\/?s=Knights+Templar\" target=\"_blank\" rel=\"noopener noreferrer\"> Riddare Templar<\/a>, en hemlig men inflytelserik religi\u00f6s ordning av krigare -riddare, hade n\u00e4ra associationer till den portugisiska adeln.<\/p>\n<p>I Alentejo, som korsar fascinerande planlandskap, bes\u00f6ker vi \u00c9vora, en medeltida muromg\u00e4rdad stad och v\u00e4rldsarvslista.<\/p>\n<div id=\"attachment_2081\" style=\"width: 1210px\" class=\"wp-caption alignnone\"><img loading=\"lazy\" decoding=\"async\" aria-describedby=\"caption-attachment-2081\" class=\"size-full wp-image-2081\" src=\"https:\/\/legendatours.net\/wp-content\/uploads\/2020\/03\/Vila-Real-Historical-Centre.jpg\" alt=\"Vila Real Historical Centre\" width=\"1200\" height=\"766\" \/><p id=\"caption-attachment-2081\" class=\"wp-caption-text\">Vila Real Historical Center<\/p><\/div>\n<p>Leden leder oss vidare s\u00f6derut, till Algarves kustunderverk, men sett fr\u00e5n ett helt annat perspektiv. T\u00e5glinjerna g\u00e5r l\u00e4ngs <a href=\"..\/..\/?s=Ria+Formosa\" target=\"_blank\" rel=\"noopener noreferrer\">Ria Formosa<\/a>, ett naturreservat som erbjuder privilegierade sev\u00e4rdheter. Och \u00e4ven om Portugal \u00e4r ett underbart resm\u00e5l i sig, f\u00f6rdubbla ditt semestern\u00f6je med ett bes\u00f6k till grannlandet Spanien som tar den gamla f\u00e4rjan i Vila Real de Santo Ant\u00f3nio.<\/p>\n<div class=\"row\" style=\"display: flex;\">\n<div class=\"column\" style=\"flex: 45%;\">\n<p><iframe loading=\"lazy\" title=\"Portugal p\u00e5 150 sekunder Museu Nacional Ferrovi\u00e1rio 2017\" width=\"1080\" height=\"608\" src=\"https:\/\/www.youtube.com\/embed\/iXW6o7GAHoQ?feature=oembed\" frameborder=\"0\" allow=\"accelerometer; autoplay; clipboard-write; encrypted-media; gyroscope; picture-in-picture\" allowfullscreen><\/iframe><\/p>\n<\/div>\n<div class=\"column\" style=\"flex: 10%;\"><\/div>\n<div class=\"column\" style=\"flex: 45%;\">\n<p><iframe loading=\"lazy\" title=\"Google Train View - Viagem Virtual\" width=\"1080\" height=\"608\" src=\"https:\/\/www.youtube.com\/embed\/283XsM6ihz4?feature=oembed\" frameborder=\"0\" allow=\"accelerometer; autoplay; clipboard-write; encrypted-media; gyroscope; picture-in-picture\" allowfullscreen><\/iframe><\/p>\n<\/div>\n<\/div>","protected":false},"excerpt":{"rendered":"<p>Denna semester kommer att ta oss p\u00e5 n\u00e5gra av de mest natursk\u00f6na j\u00e4rnv\u00e4gslinjerna i Portugal medan vi korsar landet fr\u00e5n norr till s\u00f6der.<\/p>\n<p>Vi kommer att l\u00e4ra k\u00e4nna utvecklingen av lok, t\u00e5g och sp\u00e5rvagnar i Portugal med bes\u00f6k p\u00e5 olika transporter och National Railroad Museum.<\/p>\n<p>L\u00e4ngs v\u00e5r turn\u00e9 kommer vi att njuta av fantastiska landskap, ha m\u00f6jlighet att bes\u00f6ka vackra st\u00e4der och byar och stanna p\u00e5 strategiska platser f\u00f6r att beundra historiska rullande materiel samt vackert dekorerade t\u00e5gstationer.<\/p>\n<p>Vi tar ocks\u00e5 tid att vandra och bes\u00f6ka n\u00e5gra UNESCO: s v\u00e4rldsarv, imponerande monument och titta p\u00e5 Portugal med andra \u00f6gon, inte att f\u00f6rgl\u00f6mma den utm\u00e4rkta gastronomin och vinerna!<\/p>","protected":false},"featured_media":1791,"comment_status":"closed","ping_status":"closed","template":"","meta":{"_acf_changed":false,"inline_featured_image":false},"product_brand":[],"product_cat":[32,28,29,30,264],"product_tag":[211,150,265,235,267,39,215,268,130,87,117,131,270,137,138,55,95,221,98,272,623,57,273,274,275,276,408,169,358,143,278,279,207,69,208,70,280,281,283,285,71,230],"class_list":{"0":"post-7616","1":"product","2":"type-product","3":"status-publish","4":"has-post-thumbnail","6":"product_cat-cultural-tours-and-holidays-in-portugal","7":"product_cat-guided-group-tours","8":"product_cat-portugal-guided-historical-holidays","9":"product_cat-guided-sightseeing-holidays-portugal","10":"product_cat-guided-train-tours-and-rail-holiday-in-portugal","11":"product_tag-alentejo-landscape","12":"product_tag-algarve-sand-islands","13":"product_tag-aveiro","14":"product_tag-best-of-portugal","15":"product_tag-coimbra","16":"product_tag-douro-river","17":"product_tag-evora","18":"product_tag-faro","19":"product_tag-gastronomy","20":"product_tag-green-landscape","21":"product_tag-guimaraes","22":"product_tag-heritage-in-lisbon","23":"product_tag-lagos","24":"product_tag-lisboa","25":"product_tag-lisbon","26":"product_tag-local-gastronomy","27":"product_tag-magnificent-landscape","28":"product_tag-minho-region-portugal","29":"product_tag-natural-reserves","30":"product_tag-north-of-portugal","31":"product_tag-panoramic-views-in-portugal","32":"product_tag-porto","33":"product_tag-rail-holiday","34":"product_tag-rail-holidays","35":"product_tag-rail-routes-in-portugal","36":"product_tag-railroad","37":"product_tag-regua","38":"product_tag-ria-formosa-natural-park","39":"product_tag-sao-bento-railway-station","40":"product_tag-sightseeing-lisbon","41":"product_tag-sintra","42":"product_tag-south-portugal","43":"product_tag-tomar","44":"product_tag-traditional-portuguese","45":"product_tag-traditional-villages","46":"product_tag-traditions","47":"product_tag-train","48":"product_tag-train-holidays","49":"product_tag-train-tour","50":"product_tag-travel-train-tour-in-portugal","51":"product_tag-unesco-world-heritage-site","52":"product_tag-viana-do-castelo","54":"first","55":"instock","56":"virtual","57":"product-type-simple"},"acf":[],"yoast_head":"<!-- This site is optimized with the Yoast SEO Premium plugin v26.8 (Yoast SEO v27.4) - https:\/\/yoast.com\/product\/yoast-seo-premium-wordpress\/ -->\n<title>Train Tour in Portugal from North to South - Legendary Adventure DMC Portugal<\/title>\n<meta name=\"robots\" content=\"index, follow, max-snippet:-1, max-image-preview:large, max-video-preview:-1\" \/>\n<link rel=\"canonical\" href=\"https:\/\/legendatours.com\/sv\/produkt\/train-tour-in-portugal-8300g\/\" \/>\n<meta property=\"og:locale\" content=\"sv_SE\" \/>\n<meta property=\"og:type\" content=\"article\" \/>\n<meta property=\"og:title\" content=\"Train Tour in Portugal from North to South\" \/>\n<meta property=\"og:description\" content=\"This holiday will take us on some of the most scenic rail routes in Portugal while we criss-cross the country from north to south.  We will get to know the evolution of locomotives, trains, and trams in Portugal with visits to different transports and National Railroad Museums.  Along our tour we will enjoy stunning landscapes, have the opportunity to visit lovely towns and villages, and stop in strategic places to admire historic rolling stock as well as gorgeously decorated train stations.  We\u2019ll also take time to wander and visit some UNESCO World Heritage Sites, impressive monuments and look at Portugal with different eyes, not forgetting the excellent gastronomy and wines!\" \/>\n<meta property=\"og:url\" content=\"https:\/\/legendatours.com\/sv\/produkt\/train-tour-in-portugal-8300g\/\" \/>\n<meta property=\"og:site_name\" content=\"Legendary Adventure DMC Portugal\" \/>\n<meta property=\"article:publisher\" content=\"https:\/\/www.facebook.com\/legendaryadventuredmc\/\" \/>\n<meta property=\"article:modified_time\" content=\"2021-11-22T12:53:54+00:00\" \/>\n<meta property=\"og:image\" content=\"https:\/\/legendatours.com\/wp-content\/uploads\/sites\/12\/2021\/04\/sao_bento_train_station_porto-e1611668994443.jpg\" \/>\n\t<meta property=\"og:image:width\" content=\"1024\" \/>\n\t<meta property=\"og:image:height\" content=\"640\" \/>\n\t<meta property=\"og:image:type\" content=\"image\/jpeg\" \/>\n<meta name=\"twitter:card\" content=\"summary_large_image\" \/>\n<meta name=\"twitter:label1\" content=\"Ber\u00e4knad l\u00e4stid\" \/>\n\t<meta name=\"twitter:data1\" content=\"3 minuter\" \/>\n<script type=\"application\/ld+json\" class=\"yoast-schema-graph\">{\"@context\":\"https:\\\/\\\/schema.org\",\"@graph\":[{\"@type\":\"WebPage\",\"@id\":\"https:\\\/\\\/legendatours.com\\\/product\\\/train-tour-in-portugal-8300g\\\/\",\"url\":\"https:\\\/\\\/legendatours.com\\\/product\\\/train-tour-in-portugal-8300g\\\/\",\"name\":\"Train Tour in Portugal from North to South - Legendary Adventure DMC Portugal\",\"isPartOf\":{\"@id\":\"https:\\\/\\\/legendatours.com\\\/#website\"},\"primaryImageOfPage\":{\"@id\":\"https:\\\/\\\/legendatours.com\\\/product\\\/train-tour-in-portugal-8300g\\\/#primaryimage\"},\"image\":{\"@id\":\"https:\\\/\\\/legendatours.com\\\/product\\\/train-tour-in-portugal-8300g\\\/#primaryimage\"},\"thumbnailUrl\":\"https:\\\/\\\/legendatours.com\\\/wp-content\\\/uploads\\\/sites\\\/12\\\/2021\\\/04\\\/sao_bento_train_station_porto-e1611668994443.jpg\",\"datePublished\":\"2020-07-15T13:53:42+00:00\",\"dateModified\":\"2021-11-22T12:53:54+00:00\",\"breadcrumb\":{\"@id\":\"https:\\\/\\\/legendatours.com\\\/product\\\/train-tour-in-portugal-8300g\\\/#breadcrumb\"},\"inLanguage\":\"sv-SE\",\"potentialAction\":[{\"@type\":\"ReadAction\",\"target\":[\"https:\\\/\\\/legendatours.com\\\/product\\\/train-tour-in-portugal-8300g\\\/\"]}]},{\"@type\":\"ImageObject\",\"inLanguage\":\"sv-SE\",\"@id\":\"https:\\\/\\\/legendatours.com\\\/product\\\/train-tour-in-portugal-8300g\\\/#primaryimage\",\"url\":\"https:\\\/\\\/legendatours.com\\\/wp-content\\\/uploads\\\/sites\\\/12\\\/2021\\\/04\\\/sao_bento_train_station_porto-e1611668994443.jpg\",\"contentUrl\":\"https:\\\/\\\/legendatours.com\\\/wp-content\\\/uploads\\\/sites\\\/12\\\/2021\\\/04\\\/sao_bento_train_station_porto-e1611668994443.jpg\",\"width\":1024,\"height\":640,\"caption\":\"S\u00e3o Bentro train station - Porto\"},{\"@type\":\"BreadcrumbList\",\"@id\":\"https:\\\/\\\/legendatours.com\\\/product\\\/train-tour-in-portugal-8300g\\\/#breadcrumb\",\"itemListElement\":[{\"@type\":\"ListItem\",\"position\":1,\"name\":\"Home\",\"item\":\"https:\\\/\\\/legendatours.com\\\/\"},{\"@type\":\"ListItem\",\"position\":2,\"name\":\"Shop\",\"item\":\"https:\\\/\\\/legendatours.com\\\/sv\\\/?page_id=4\"},{\"@type\":\"ListItem\",\"position\":3,\"name\":\"Train Tour in Portugal from North to South\"}]},{\"@type\":\"WebSite\",\"@id\":\"https:\\\/\\\/legendatours.com\\\/#website\",\"url\":\"https:\\\/\\\/legendatours.com\\\/\",\"name\":\"Legendary Adventure DMC Portugal\",\"description\":\"Responsible Walking &amp; Nature Holidays in Portugal\",\"publisher\":{\"@id\":\"https:\\\/\\\/legendatours.com\\\/#organization\"},\"alternateName\":\"Legendary Adventure Portugal\",\"potentialAction\":[{\"@type\":\"SearchAction\",\"target\":{\"@type\":\"EntryPoint\",\"urlTemplate\":\"https:\\\/\\\/legendatours.com\\\/?s={search_term_string}\"},\"query-input\":{\"@type\":\"PropertyValueSpecification\",\"valueRequired\":true,\"valueName\":\"search_term_string\"}}],\"inLanguage\":\"sv-SE\"},{\"@type\":\"Organization\",\"@id\":\"https:\\\/\\\/legendatours.com\\\/#organization\",\"name\":\"legendatours.com\",\"url\":\"https:\\\/\\\/legendatours.com\\\/\",\"logo\":{\"@type\":\"ImageObject\",\"inLanguage\":\"sv-SE\",\"@id\":\"https:\\\/\\\/legendatours.com\\\/#\\\/schema\\\/logo\\\/image\\\/\",\"url\":\"https:\\\/\\\/legendatours.com\\\/wp-content\\\/uploads\\\/sites\\\/12\\\/2021\\\/06\\\/legendary_adventure_dmc.png\",\"contentUrl\":\"https:\\\/\\\/legendatours.com\\\/wp-content\\\/uploads\\\/sites\\\/12\\\/2021\\\/06\\\/legendary_adventure_dmc.png\",\"width\":250,\"height\":74,\"caption\":\"legendatours.com\"},\"image\":{\"@id\":\"https:\\\/\\\/legendatours.com\\\/#\\\/schema\\\/logo\\\/image\\\/\"},\"sameAs\":[\"https:\\\/\\\/www.facebook.com\\\/legendaryadventuredmc\\\/\",\"https:\\\/\\\/www.linkedin.com\\\/company\\\/legendary-adventure-dmc-portugal\",\"https:\\\/\\\/www.youtube.com\\\/channel\\\/UCOIRDx_KM6ynIcacQkZjb6g\"]}]}<\/script>\n<!-- \/ Yoast SEO Premium plugin. -->","yoast_head_json":{"title":"T\u00e5gtur i Portugal fr\u00e5n norr till s\u00f6der - Legendary Adventure DMC Portugal","robots":{"index":"index","follow":"follow","max-snippet":"max-snippet:-1","max-image-preview":"max-image-preview:large","max-video-preview":"max-video-preview:-1"},"canonical":"https:\/\/legendatours.com\/sv\/produkt\/train-tour-in-portugal-8300g\/","og_locale":"sv_SE","og_type":"article","og_title":"Train Tour in Portugal from North to South","og_description":"This holiday will take us on some of the most scenic rail routes in Portugal while we criss-cross the country from north to south.  We will get to know the evolution of locomotives, trains, and trams in Portugal with visits to different transports and National Railroad Museums.  Along our tour we will enjoy stunning landscapes, have the opportunity to visit lovely towns and villages, and stop in strategic places to admire historic rolling stock as well as gorgeously decorated train stations.  We\u2019ll also take time to wander and visit some UNESCO World Heritage Sites, impressive monuments and look at Portugal with different eyes, not forgetting the excellent gastronomy and wines!","og_url":"https:\/\/legendatours.com\/sv\/produkt\/train-tour-in-portugal-8300g\/","og_site_name":"Legendary Adventure DMC Portugal","article_publisher":"https:\/\/www.facebook.com\/legendaryadventuredmc\/","article_modified_time":"2021-11-22T12:53:54+00:00","og_image":[{"width":1024,"height":640,"url":"https:\/\/legendatours.com\/wp-content\/uploads\/sites\/12\/2021\/04\/sao_bento_train_station_porto-e1611668994443.jpg","type":"image\/jpeg"}],"twitter_card":"summary_large_image","twitter_misc":{"Ber\u00e4knad l\u00e4stid":"3 minuter"},"schema":{"@context":"https:\/\/schema.org","@graph":[{"@type":"WebPage","@id":"https:\/\/legendatours.com\/product\/train-tour-in-portugal-8300g\/","url":"https:\/\/legendatours.com\/product\/train-tour-in-portugal-8300g\/","name":"T\u00e5gtur i Portugal fr\u00e5n norr till s\u00f6der - Legendary Adventure DMC Portugal","isPartOf":{"@id":"https:\/\/legendatours.com\/#website"},"primaryImageOfPage":{"@id":"https:\/\/legendatours.com\/product\/train-tour-in-portugal-8300g\/#primaryimage"},"image":{"@id":"https:\/\/legendatours.com\/product\/train-tour-in-portugal-8300g\/#primaryimage"},"thumbnailUrl":"https:\/\/legendatours.com\/wp-content\/uploads\/sites\/12\/2021\/04\/sao_bento_train_station_porto-e1611668994443.jpg","datePublished":"2020-07-15T13:53:42+00:00","dateModified":"2021-11-22T12:53:54+00:00","breadcrumb":{"@id":"https:\/\/legendatours.com\/product\/train-tour-in-portugal-8300g\/#breadcrumb"},"inLanguage":"sv-SE","potentialAction":[{"@type":"ReadAction","target":["https:\/\/legendatours.com\/product\/train-tour-in-portugal-8300g\/"]}]},{"@type":"ImageObject","inLanguage":"sv-SE","@id":"https:\/\/legendatours.com\/product\/train-tour-in-portugal-8300g\/#primaryimage","url":"https:\/\/legendatours.com\/wp-content\/uploads\/sites\/12\/2021\/04\/sao_bento_train_station_porto-e1611668994443.jpg","contentUrl":"https:\/\/legendatours.com\/wp-content\/uploads\/sites\/12\/2021\/04\/sao_bento_train_station_porto-e1611668994443.jpg","width":1024,"height":640,"caption":"S\u00e3o Bentro train station - Porto"},{"@type":"BreadcrumbList","@id":"https:\/\/legendatours.com\/product\/train-tour-in-portugal-8300g\/#breadcrumb","itemListElement":[{"@type":"ListItem","position":1,"name":"Home","item":"https:\/\/legendatours.com\/"},{"@type":"ListItem","position":2,"name":"Shop","item":"https:\/\/legendatours.com\/sv\/?page_id=4"},{"@type":"ListItem","position":3,"name":"Train Tour in Portugal from North to South"}]},{"@type":"WebSite","@id":"https:\/\/legendatours.com\/#website","url":"https:\/\/legendatours.com\/","name":"Legendariskt \u00e4ventyr DMC Portugal","description":"Ansvarsfulla vandringar och natursemester i Portugal","publisher":{"@id":"https:\/\/legendatours.com\/#organization"},"alternateName":"Legendary Adventure Portugal","potentialAction":[{"@type":"SearchAction","target":{"@type":"EntryPoint","urlTemplate":"https:\/\/legendatours.com\/?s={search_term_string}"},"query-input":{"@type":"PropertyValueSpecification","valueRequired":true,"valueName":"search_term_string"}}],"inLanguage":"sv-SE"},{"@type":"Organization","@id":"https:\/\/legendatours.com\/#organization","name":"legendatours.com","url":"https:\/\/legendatours.com\/","logo":{"@type":"ImageObject","inLanguage":"sv-SE","@id":"https:\/\/legendatours.com\/#\/schema\/logo\/image\/","url":"https:\/\/legendatours.com\/wp-content\/uploads\/sites\/12\/2021\/06\/legendary_adventure_dmc.png","contentUrl":"https:\/\/legendatours.com\/wp-content\/uploads\/sites\/12\/2021\/06\/legendary_adventure_dmc.png","width":250,"height":74,"caption":"legendatours.com"},"image":{"@id":"https:\/\/legendatours.com\/#\/schema\/logo\/image\/"},"sameAs":["https:\/\/www.facebook.com\/legendaryadventuredmc\/","https:\/\/www.linkedin.com\/company\/legendary-adventure-dmc-portugal","https:\/\/www.youtube.com\/channel\/UCOIRDx_KM6ynIcacQkZjb6g"]}]}},"_links":{"self":[{"href":"https:\/\/legendatours.com\/sv\/wp-json\/wp\/v2\/product\/7616","targetHints":{"allow":["GET"]}}],"collection":[{"href":"https:\/\/legendatours.com\/sv\/wp-json\/wp\/v2\/product"}],"about":[{"href":"https:\/\/legendatours.com\/sv\/wp-json\/wp\/v2\/types\/product"}],"replies":[{"embeddable":true,"href":"https:\/\/legendatours.com\/sv\/wp-json\/wp\/v2\/comments?post=7616"}],"wp:featuredmedia":[{"embeddable":true,"href":"https:\/\/legendatours.com\/sv\/wp-json\/wp\/v2\/media\/1791"}],"wp:attachment":[{"href":"https:\/\/legendatours.com\/sv\/wp-json\/wp\/v2\/media?parent=7616"}],"wp:term":[{"taxonomy":"product_brand","embeddable":true,"href":"https:\/\/legendatours.com\/sv\/wp-json\/wp\/v2\/product_brand?post=7616"},{"taxonomy":"product_cat","embeddable":true,"href":"https:\/\/legendatours.com\/sv\/wp-json\/wp\/v2\/product_cat?post=7616"},{"taxonomy":"product_tag","embeddable":true,"href":"https:\/\/legendatours.com\/sv\/wp-json\/wp\/v2\/product_tag?post=7616"}],"curies":[{"name":"wp","href":"https:\/\/api.w.org\/{rel}","templated":true}]}}