{"id":7619,"date":"2020-07-15T13:37:37","date_gmt":"2020-07-15T13:37:37","guid":{"rendered":"https:\/\/legendatours.com\/product\/the-best-of-south-of-portugal-scenic-rail-routes\/"},"modified":"2022-01-12T14:29:17","modified_gmt":"2022-01-12T14:29:17","slug":"south-of-portugal-8200g","status":"publish","type":"product","link":"https:\/\/legendatours.com\/sv\/produkt\/south-of-portugal-8200g\/","title":{"rendered":"Det b\u00e4sta av s\u00f6dra Portugal vackra scener"},"content":{"rendered":"<p><strong>Grupper accepteras med minst 6 personer.<\/strong><\/p>\n<p>&nbsp;<\/p>\n<p>Denna semester kommer att ta oss med p\u00e5 n\u00e5got av det mesta <a href=\"..\/..\/?s=rail\" target=\"_blank\" rel=\"noopener noreferrer\">natursk\u00f6na j\u00e4rnv\u00e4gsleder<\/a> i s\u00f6dra Portugal.<\/p>\n<p>Vi kommer att njuta av fantastiska landskap, har m\u00f6jlighet att bes\u00f6ka vackra st\u00e4der och byar och stannar p\u00e5 strategiska platser f\u00f6r att beundra historiska rullande materiel samt vackert dekorerade t\u00e5gstationer.<\/p>\n<p>Vi tar ocks\u00e5 tid att vandra och bes\u00f6ka n\u00e5gra fantastiska UNESCO: s v\u00e4rldsarv.<\/p>\n<p>J\u00e4rnv\u00e4gens historia i Portugal \u00e4r mycket rik och varierad, vilket framg\u00e5r av inneh\u00e5llet i de olika museerna vi kommer att bes\u00f6ka och dagens j\u00e4rnv\u00e4gsbest\u00e5nd ocks\u00e5.<\/p>\n<p>Teknik, konst och vetenskap korsar livet f\u00f6r samh\u00e4llen, grupper och individer.<\/p>\n<p>J\u00e4rnv\u00e4gen har brutit nytt territorium, skapat st\u00e4der, l\u00e4nkat samman samh\u00e4llen mer eller mindre avl\u00e4gsna, skapat och uppr\u00e4tth\u00e5llit nya m\u00f6jligheter och behov, f\u00f6r\u00e4ndrat v\u00e5rt s\u00e4tt att se och leva i v\u00e4rlden.<\/p>\n<div id=\"attachment_2080\" style=\"width: 1034px\" class=\"wp-caption alignnone\"><img loading=\"lazy\" decoding=\"async\" aria-describedby=\"caption-attachment-2080\" class=\"wp-image-2080 size-large\" src=\"https:\/\/legendatours.net\/wp-content\/uploads\/2020\/03\/barril_beach_train-1024x687.jpg\" alt=\"Barril Beach Train\" width=\"1024\" height=\"687\" \/><p id=\"caption-attachment-2080\" class=\"wp-caption-text\">Barril Beach t\u00e5g. Barril Beach ligger i Pedras D&#039;el Rei, en turistort mycket n\u00e4ra Santa Luzia, en by som ligger n\u00e4ra Tavira.<\/p><\/div>\n<p>T\u00e5gens historia i Portugal b\u00f6rjade i oktober 1856, under den industriella revolutionen, d\u00e5 den f\u00f6rsta resan mellan Lissabon och Carregado intr\u00e4ffade.<\/p>\n<p>Invigningsresan p\u00e5 37 km skulle ha haft n\u00e4rvaro av kung Pedro V, men han kom sent och t\u00e5get, d\u00f6pt D. Luis, gick utan den kungliga passageraren.<\/p>\n<p>J\u00e4rnv\u00e4gsn\u00e4tet expanderar snabbt under de f\u00f6ljande \u00e5ren, s\u00e4rskilt under inflytande av Fontes Pereira de Melo, minister f\u00f6r offentliga arbeten. \u00c5r 1861 anl\u00e4nder t\u00e5get till gr\u00e4nsen till Spanien, n\u00e4ra Badajoz, och \u00e5ret d\u00e4rp\u00e5 \u00e4r f\u00f6rbindelsen mellan Lissabon och Porto s\u00e4kerst\u00e4lld.<\/p>\n<p>De f\u00f6rsta dieselmotorerna anl\u00e4nder 1948, f\u00f6rebudet om slutet p\u00e5 \u00e5nglokens era. Senare b\u00f6rjade t\u00e5gen anv\u00e4nda elektricitet och p\u00e5 senare tid har deras k\u00f6rning blivit mer och mer datoriserad.<\/p>\n<div id=\"attachment_2508\" style=\"width: 1034px\" class=\"wp-caption alignnone\"><img loading=\"lazy\" decoding=\"async\" aria-describedby=\"caption-attachment-2508\" class=\"wp-image-2508 size-large\" src=\"https:\/\/legendatours.net\/wp-content\/uploads\/2020\/03\/Lisboa_Bica_elevator-1024x683.jpg\" alt=\"Bica elevator\" width=\"1024\" height=\"683\" \/><p id=\"caption-attachment-2508\" class=\"wp-caption-text\">Bica hiss. Bergbanan fr\u00e5n 1800-talet g\u00e5r uppf\u00f6r en av Lissabons brantaste kullar mellan Rua de S\u00e3o Paulo och Largo do Calhariz via Rua da Bica de Duarte Belo.<\/p><\/div>\n<p>V\u00e5r turn\u00e9 b\u00f6rjar i huvudstaden Lissabon. H\u00e4rifr\u00e5n bes\u00f6ker vi olika v\u00e4rldsarv: \u00c9vora, en vacker stad; Tomar, en g\u00e5ng maktens s\u00e4te f\u00f6r tempelriddarna och Sintra, en g\u00e5ng ett favoritsommarresidens f\u00f6r Portugals kungligheter och fortfarande ett sagolandskap med gr\u00f6nskande kullar och g\u00f6mda arkitektoniska p\u00e4rlor.<\/p>\n<p>Vi kommer ocks\u00e5 att bes\u00f6ka tv\u00e5 fantastiska j\u00e4rnv\u00e4gs- och bussmuseer innan vi g\u00e5r vidare till Algarve, den l\u00e4ngsta s\u00f6dra punkten, och avslutar denna fantastiska turn\u00e9.<\/p>\n<p>Under hela v\u00e5r turn\u00e9 kommer vi ocks\u00e5 att njuta av det fantastiska utbudet av portugisisk gastronomi och viner f\u00f6r att komplettera v\u00e5rt n\u00f6je.<\/p>\n<div class=\"row\" style=\"display: flex;\">\n<div class=\"column\" style=\"flex: 45%;\">\n<p><iframe loading=\"lazy\" title=\"Lissabon - Du kommer alltid tillbaka: Historiska stadsdelar\" width=\"1080\" height=\"608\" src=\"https:\/\/www.youtube.com\/embed\/OW3VMdfiDl0?list=PLKtnBPNE6c0HMGnJBz993dyz238te_Bey\" frameborder=\"0\" allow=\"accelerometer; autoplay; clipboard-write; encrypted-media; gyroscope; picture-in-picture\" allowfullscreen><\/iframe><\/p>\n<\/div>\n<div class=\"column\" style=\"flex: 10%;\"><\/div>\n<div class=\"column\" style=\"flex: 45%;\">\n<p><iframe loading=\"lazy\" title=\"FARO - Reklamvideo 2016 (SV)\" width=\"1080\" height=\"608\" src=\"https:\/\/www.youtube.com\/embed\/HavaBNafrVc?list=PLo61_ZyP7YFiV-Rtt8fWlxJUkMw_6KQ9-\" frameborder=\"0\" allow=\"accelerometer; autoplay; clipboard-write; encrypted-media; gyroscope; picture-in-picture\" allowfullscreen><\/iframe><\/p>\n<\/div>\n<\/div>","protected":false},"excerpt":{"rendered":"<p>Den h\u00e4r semestern tar oss med p\u00e5 n\u00e5gra av de mest natursk\u00f6na j\u00e4rnv\u00e4gslinjerna i s\u00f6dra Portugal.<\/p>\n<p>Vi kommer att njuta av fantastiska landskap, har m\u00f6jlighet att bes\u00f6ka vackra st\u00e4der och byar och stannar p\u00e5 strategiska platser f\u00f6r att beundra historiska rullande materiel samt vackert dekorerade t\u00e5gstationer.<\/p>\n<p>Vi tar ocks\u00e5 tid att vandra och bes\u00f6ka n\u00e5gra fantastiska UNESCO: s v\u00e4rldsarv.<\/p>","protected":false},"featured_media":7617,"comment_status":"closed","ping_status":"closed","template":"","meta":{"_acf_changed":false,"inline_featured_image":false},"product_brand":[],"product_cat":[32,28,29,30,264],"product_tag":[211,367,150,215,268,130,87,89,131,134,270,138,55,95,273,274,275,276,143,66,951,278,171,279,1026,952,207,69,208,70,281,285,1153,71,368],"class_list":{"0":"post-7619","1":"product","2":"type-product","3":"status-publish","4":"has-post-thumbnail","6":"product_cat-cultural-tours-and-holidays-in-portugal","7":"product_cat-guided-group-tours","8":"product_cat-portugal-guided-historical-holidays","9":"product_cat-guided-sightseeing-holidays-portugal","10":"product_cat-guided-train-tours-and-rail-holiday-in-portugal","11":"product_tag-alentejo-landscape","12":"product_tag-algarve-city","13":"product_tag-algarve-sand-islands","14":"product_tag-evora","15":"product_tag-faro","16":"product_tag-gastronomy","17":"product_tag-green-landscape","18":"product_tag-guided-group-tour","19":"product_tag-heritage-in-lisbon","20":"product_tag-historic-monuments-in-lisbon","21":"product_tag-lagos","22":"product_tag-lisbon","23":"product_tag-local-gastronomy","24":"product_tag-magnificent-landscape","25":"product_tag-rail-holiday","26":"product_tag-rail-holidays","27":"product_tag-rail-routes-in-portugal","28":"product_tag-railroad","29":"product_tag-sightseeing-lisbon","30":"product_tag-sightseeing-tour","31":"product_tag-sightseeing-tours","32":"product_tag-sintra","33":"product_tag-small-group","34":"product_tag-south-portugal","35":"product_tag-special-interest","36":"product_tag-special-moments","37":"product_tag-tomar","38":"product_tag-traditional-portuguese","39":"product_tag-traditional-villages","40":"product_tag-traditions","41":"product_tag-train-holidays","42":"product_tag-travel-train-tour-in-portugal","43":"product_tag-typical-sights","44":"product_tag-unesco-world-heritage-site","45":"product_tag-vila-real-sto-antonio","47":"first","48":"instock","49":"virtual","50":"product-type-simple"},"acf":[],"yoast_head":"<!-- This site is optimized with the Yoast SEO Premium plugin v26.8 (Yoast SEO v27.5) - https:\/\/yoast.com\/product\/yoast-seo-premium-wordpress\/ -->\n<title>The Best of South of Portugal Scenic Rail Routes - Legendary Adventure DMC Portugal<\/title>\n<meta name=\"robots\" content=\"index, follow, max-snippet:-1, max-image-preview:large, max-video-preview:-1\" \/>\n<link rel=\"canonical\" href=\"https:\/\/legendatours.com\/sv\/produkt\/south-of-portugal-8200g\/\" \/>\n<meta property=\"og:locale\" content=\"sv_SE\" \/>\n<meta property=\"og:type\" content=\"article\" \/>\n<meta property=\"og:title\" content=\"The Best of South of Portugal Scenic Rail Routes\" \/>\n<meta property=\"og:description\" content=\"This holiday will take us on some of the most scenic rail routes in the south of Portugal.  We will enjoy stunning landscapes, have the opportunity to visit lovely towns and villages, and stop in strategic places to admire historic rolling stock as well as gorgeously decorated train stations.  We\u2019ll also take time to wander and visit some amazing UNESCO World Heritage Sites.\" \/>\n<meta property=\"og:url\" content=\"https:\/\/legendatours.com\/sv\/produkt\/south-of-portugal-8200g\/\" \/>\n<meta property=\"og:site_name\" content=\"Legendary Adventure DMC Portugal\" \/>\n<meta property=\"article:publisher\" content=\"https:\/\/www.facebook.com\/legendaryadventuredmc\/\" \/>\n<meta property=\"article:modified_time\" content=\"2022-01-12T14:29:17+00:00\" \/>\n<meta property=\"og:image\" content=\"https:\/\/legendatours.com\/wp-content\/uploads\/sites\/12\/2021\/04\/comboio_faro-e1611669027266.jpg\" \/>\n\t<meta property=\"og:image:width\" content=\"1024\" \/>\n\t<meta property=\"og:image:height\" content=\"635\" \/>\n\t<meta property=\"og:image:type\" content=\"image\/jpeg\" \/>\n<meta name=\"twitter:card\" content=\"summary_large_image\" \/>\n<meta name=\"twitter:label1\" content=\"Ber\u00e4knad l\u00e4stid\" \/>\n\t<meta name=\"twitter:data1\" content=\"2 minuter\" \/>\n<script type=\"application\/ld+json\" class=\"yoast-schema-graph\">{\"@context\":\"https:\\\/\\\/schema.org\",\"@graph\":[{\"@type\":\"WebPage\",\"@id\":\"https:\\\/\\\/legendatours.com\\\/product\\\/south-of-portugal-8200g\\\/\",\"url\":\"https:\\\/\\\/legendatours.com\\\/product\\\/south-of-portugal-8200g\\\/\",\"name\":\"The Best of South of Portugal Scenic Rail Routes - Legendary Adventure DMC Portugal\",\"isPartOf\":{\"@id\":\"https:\\\/\\\/legendatours.com\\\/#website\"},\"primaryImageOfPage\":{\"@id\":\"https:\\\/\\\/legendatours.com\\\/product\\\/south-of-portugal-8200g\\\/#primaryimage\"},\"image\":{\"@id\":\"https:\\\/\\\/legendatours.com\\\/product\\\/south-of-portugal-8200g\\\/#primaryimage\"},\"thumbnailUrl\":\"https:\\\/\\\/legendatours.com\\\/wp-content\\\/uploads\\\/sites\\\/12\\\/2021\\\/04\\\/comboio_faro-e1611669027266.jpg\",\"datePublished\":\"2020-07-15T13:37:37+00:00\",\"dateModified\":\"2022-01-12T14:29:17+00:00\",\"breadcrumb\":{\"@id\":\"https:\\\/\\\/legendatours.com\\\/product\\\/south-of-portugal-8200g\\\/#breadcrumb\"},\"inLanguage\":\"sv-SE\",\"potentialAction\":[{\"@type\":\"ReadAction\",\"target\":[\"https:\\\/\\\/legendatours.com\\\/product\\\/south-of-portugal-8200g\\\/\"]}]},{\"@type\":\"ImageObject\",\"inLanguage\":\"sv-SE\",\"@id\":\"https:\\\/\\\/legendatours.com\\\/product\\\/south-of-portugal-8200g\\\/#primaryimage\",\"url\":\"https:\\\/\\\/legendatours.com\\\/wp-content\\\/uploads\\\/sites\\\/12\\\/2021\\\/04\\\/comboio_faro-e1611669027266.jpg\",\"contentUrl\":\"https:\\\/\\\/legendatours.com\\\/wp-content\\\/uploads\\\/sites\\\/12\\\/2021\\\/04\\\/comboio_faro-e1611669027266.jpg\",\"width\":1024,\"height\":635,\"caption\":\"Faro Train Algarve\"},{\"@type\":\"BreadcrumbList\",\"@id\":\"https:\\\/\\\/legendatours.com\\\/product\\\/south-of-portugal-8200g\\\/#breadcrumb\",\"itemListElement\":[{\"@type\":\"ListItem\",\"position\":1,\"name\":\"Home\",\"item\":\"https:\\\/\\\/legendatours.com\\\/\"},{\"@type\":\"ListItem\",\"position\":2,\"name\":\"Shop\",\"item\":\"https:\\\/\\\/legendatours.com\\\/sv\\\/?page_id=4\"},{\"@type\":\"ListItem\",\"position\":3,\"name\":\"The Best of South of Portugal Scenic Rail Routes\"}]},{\"@type\":\"WebSite\",\"@id\":\"https:\\\/\\\/legendatours.com\\\/#website\",\"url\":\"https:\\\/\\\/legendatours.com\\\/\",\"name\":\"Legendary Adventure DMC Portugal\",\"description\":\"Responsible Walking &amp; Nature Holidays in Portugal\",\"publisher\":{\"@id\":\"https:\\\/\\\/legendatours.com\\\/#organization\"},\"alternateName\":\"Legendary Adventure Portugal\",\"potentialAction\":[{\"@type\":\"SearchAction\",\"target\":{\"@type\":\"EntryPoint\",\"urlTemplate\":\"https:\\\/\\\/legendatours.com\\\/?s={search_term_string}\"},\"query-input\":{\"@type\":\"PropertyValueSpecification\",\"valueRequired\":true,\"valueName\":\"search_term_string\"}}],\"inLanguage\":\"sv-SE\"},{\"@type\":\"Organization\",\"@id\":\"https:\\\/\\\/legendatours.com\\\/#organization\",\"name\":\"legendatours.com\",\"url\":\"https:\\\/\\\/legendatours.com\\\/\",\"logo\":{\"@type\":\"ImageObject\",\"inLanguage\":\"sv-SE\",\"@id\":\"https:\\\/\\\/legendatours.com\\\/#\\\/schema\\\/logo\\\/image\\\/\",\"url\":\"https:\\\/\\\/legendatours.com\\\/wp-content\\\/uploads\\\/sites\\\/12\\\/2021\\\/06\\\/legendary_adventure_dmc.png\",\"contentUrl\":\"https:\\\/\\\/legendatours.com\\\/wp-content\\\/uploads\\\/sites\\\/12\\\/2021\\\/06\\\/legendary_adventure_dmc.png\",\"width\":250,\"height\":74,\"caption\":\"legendatours.com\"},\"image\":{\"@id\":\"https:\\\/\\\/legendatours.com\\\/#\\\/schema\\\/logo\\\/image\\\/\"},\"sameAs\":[\"https:\\\/\\\/www.facebook.com\\\/legendaryadventuredmc\\\/\",\"https:\\\/\\\/www.linkedin.com\\\/company\\\/legendary-adventure-dmc-portugal\",\"https:\\\/\\\/www.youtube.com\\\/channel\\\/UCOIRDx_KM6ynIcacQkZjb6g\"]}]}<\/script>\n<!-- \/ Yoast SEO Premium plugin. -->","yoast_head_json":{"title":"Det b\u00e4sta av s\u00f6dra Portugal natursk\u00f6na j\u00e4rnv\u00e4gsrutter - Legendariskt \u00e4ventyr DMC Portugal","robots":{"index":"index","follow":"follow","max-snippet":"max-snippet:-1","max-image-preview":"max-image-preview:large","max-video-preview":"max-video-preview:-1"},"canonical":"https:\/\/legendatours.com\/sv\/produkt\/south-of-portugal-8200g\/","og_locale":"sv_SE","og_type":"article","og_title":"The Best of South of Portugal Scenic Rail Routes","og_description":"This holiday will take us on some of the most scenic rail routes in the south of Portugal.  We will enjoy stunning landscapes, have the opportunity to visit lovely towns and villages, and stop in strategic places to admire historic rolling stock as well as gorgeously decorated train stations.  We\u2019ll also take time to wander and visit some amazing UNESCO World Heritage Sites.","og_url":"https:\/\/legendatours.com\/sv\/produkt\/south-of-portugal-8200g\/","og_site_name":"Legendary Adventure DMC Portugal","article_publisher":"https:\/\/www.facebook.com\/legendaryadventuredmc\/","article_modified_time":"2022-01-12T14:29:17+00:00","og_image":[{"width":1024,"height":635,"url":"https:\/\/legendatours.com\/wp-content\/uploads\/sites\/12\/2021\/04\/comboio_faro-e1611669027266.jpg","type":"image\/jpeg"}],"twitter_card":"summary_large_image","twitter_misc":{"Ber\u00e4knad l\u00e4stid":"2 minuter"},"schema":{"@context":"https:\/\/schema.org","@graph":[{"@type":"WebPage","@id":"https:\/\/legendatours.com\/product\/south-of-portugal-8200g\/","url":"https:\/\/legendatours.com\/product\/south-of-portugal-8200g\/","name":"Det b\u00e4sta av s\u00f6dra Portugal natursk\u00f6na j\u00e4rnv\u00e4gsrutter - Legendariskt \u00e4ventyr DMC Portugal","isPartOf":{"@id":"https:\/\/legendatours.com\/#website"},"primaryImageOfPage":{"@id":"https:\/\/legendatours.com\/product\/south-of-portugal-8200g\/#primaryimage"},"image":{"@id":"https:\/\/legendatours.com\/product\/south-of-portugal-8200g\/#primaryimage"},"thumbnailUrl":"https:\/\/legendatours.com\/wp-content\/uploads\/sites\/12\/2021\/04\/comboio_faro-e1611669027266.jpg","datePublished":"2020-07-15T13:37:37+00:00","dateModified":"2022-01-12T14:29:17+00:00","breadcrumb":{"@id":"https:\/\/legendatours.com\/product\/south-of-portugal-8200g\/#breadcrumb"},"inLanguage":"sv-SE","potentialAction":[{"@type":"ReadAction","target":["https:\/\/legendatours.com\/product\/south-of-portugal-8200g\/"]}]},{"@type":"ImageObject","inLanguage":"sv-SE","@id":"https:\/\/legendatours.com\/product\/south-of-portugal-8200g\/#primaryimage","url":"https:\/\/legendatours.com\/wp-content\/uploads\/sites\/12\/2021\/04\/comboio_faro-e1611669027266.jpg","contentUrl":"https:\/\/legendatours.com\/wp-content\/uploads\/sites\/12\/2021\/04\/comboio_faro-e1611669027266.jpg","width":1024,"height":635,"caption":"Faro Train Algarve"},{"@type":"BreadcrumbList","@id":"https:\/\/legendatours.com\/product\/south-of-portugal-8200g\/#breadcrumb","itemListElement":[{"@type":"ListItem","position":1,"name":"Home","item":"https:\/\/legendatours.com\/"},{"@type":"ListItem","position":2,"name":"Shop","item":"https:\/\/legendatours.com\/sv\/?page_id=4"},{"@type":"ListItem","position":3,"name":"The Best of South of Portugal Scenic Rail Routes"}]},{"@type":"WebSite","@id":"https:\/\/legendatours.com\/#website","url":"https:\/\/legendatours.com\/","name":"Legendariskt \u00e4ventyr DMC Portugal","description":"Ansvarsfulla vandringar och natursemester i Portugal","publisher":{"@id":"https:\/\/legendatours.com\/#organization"},"alternateName":"Legendary Adventure Portugal","potentialAction":[{"@type":"SearchAction","target":{"@type":"EntryPoint","urlTemplate":"https:\/\/legendatours.com\/?s={search_term_string}"},"query-input":{"@type":"PropertyValueSpecification","valueRequired":true,"valueName":"search_term_string"}}],"inLanguage":"sv-SE"},{"@type":"Organization","@id":"https:\/\/legendatours.com\/#organization","name":"legendatours.com","url":"https:\/\/legendatours.com\/","logo":{"@type":"ImageObject","inLanguage":"sv-SE","@id":"https:\/\/legendatours.com\/#\/schema\/logo\/image\/","url":"https:\/\/legendatours.com\/wp-content\/uploads\/sites\/12\/2021\/06\/legendary_adventure_dmc.png","contentUrl":"https:\/\/legendatours.com\/wp-content\/uploads\/sites\/12\/2021\/06\/legendary_adventure_dmc.png","width":250,"height":74,"caption":"legendatours.com"},"image":{"@id":"https:\/\/legendatours.com\/#\/schema\/logo\/image\/"},"sameAs":["https:\/\/www.facebook.com\/legendaryadventuredmc\/","https:\/\/www.linkedin.com\/company\/legendary-adventure-dmc-portugal","https:\/\/www.youtube.com\/channel\/UCOIRDx_KM6ynIcacQkZjb6g"]}]}},"_links":{"self":[{"href":"https:\/\/legendatours.com\/sv\/wp-json\/wp\/v2\/product\/7619","targetHints":{"allow":["GET"]}}],"collection":[{"href":"https:\/\/legendatours.com\/sv\/wp-json\/wp\/v2\/product"}],"about":[{"href":"https:\/\/legendatours.com\/sv\/wp-json\/wp\/v2\/types\/product"}],"replies":[{"embeddable":true,"href":"https:\/\/legendatours.com\/sv\/wp-json\/wp\/v2\/comments?post=7619"}],"wp:featuredmedia":[{"embeddable":true,"href":"https:\/\/legendatours.com\/sv\/wp-json\/wp\/v2\/media\/7617"}],"wp:attachment":[{"href":"https:\/\/legendatours.com\/sv\/wp-json\/wp\/v2\/media?parent=7619"}],"wp:term":[{"taxonomy":"product_brand","embeddable":true,"href":"https:\/\/legendatours.com\/sv\/wp-json\/wp\/v2\/product_brand?post=7619"},{"taxonomy":"product_cat","embeddable":true,"href":"https:\/\/legendatours.com\/sv\/wp-json\/wp\/v2\/product_cat?post=7619"},{"taxonomy":"product_tag","embeddable":true,"href":"https:\/\/legendatours.com\/sv\/wp-json\/wp\/v2\/product_tag?post=7619"}],"curies":[{"name":"wp","href":"https:\/\/api.w.org\/{rel}","templated":true}]}}