{"id":7642,"date":"2020-07-15T10:42:02","date_gmt":"2020-07-15T10:42:02","guid":{"rendered":"https:\/\/legendatours.com\/product\/algarve-family-active-holiday\/"},"modified":"2022-01-02T23:43:24","modified_gmt":"2022-01-02T23:43:24","slug":"algarve-family-holiday-5200g","status":"publish","type":"product","link":"https:\/\/legendatours.com\/sv\/produkt\/algarve-family-holiday-5200g\/","title":{"rendered":"Algarve Family Active Holiday"},"content":{"rendered":"<p><strong>Grupper accepteras med minst 6 personer.<\/strong><\/p>\n<p>&nbsp;<\/p>\n<p>Denna aktiva familjeresa \u00e4r baserad i den charmiga semesterorten Cabanas de Tavira, i \u00f6stra Algarve, n\u00e5gra kilometer fr\u00e5n Tavira.<\/p>\n<p>Tavira \u00e4r en gammal morisk stad som har beh\u00e5llit sin unika karakt\u00e4r och sitt arv. Antagligen Algarves vackraste stad utstr\u00e5lar en autentisk portugisisk charm.<\/p>\n<div id=\"attachment_2913\" style=\"width: 1034px\" class=\"wp-caption alignnone\"><img loading=\"lazy\" decoding=\"async\" aria-describedby=\"caption-attachment-2913\" class=\"wp-image-2913 size-large\" src=\"https:\/\/legendatours.net\/wp-content\/uploads\/2020\/07\/riosul05-1024x683.jpg\" alt=\"Jeep Safari Alagrve\" width=\"1024\" height=\"683\" \/><p id=\"caption-attachment-2913\" class=\"wp-caption-text\">Algarve Jeep Safari \u00e4r garanterat en av dina b\u00e4sta dagar ute i Algarve. Det \u00e4r roligt, informativt och tar dig till delar av Algarve som du aldrig skulle hitta p\u00e5 egen hand.<\/p><\/div>\n<p>Det m\u00e5ngsidiga landskapet i Algarve \u00e4r en lekplats f\u00f6r \u00e4ventyrare. Under veckans lopp kommer du att njuta av n\u00e5gra of\u00f6rgl\u00f6mliga upplevelser, inklusive en jeep och b\u00e5tsafari, en kajaktur, cykling l\u00e4ngs sekul\u00e4ra saltpannor, en b\u00e5ttur i Ria Formosa naturpark, promenader mellan kullar och dalar med vida givande vyer, f\u00e4lt av apelsin-, fikon- och mandeltr\u00e4d, och ledig tid att njuta av Tavira Island, en av v\u00e4rldens 10 b\u00e4sta str\u00e4nder att resa med barn, utvald av Lonely Planet.<\/p>\n<div id=\"attachment_2912\" style=\"width: 1034px\" class=\"wp-caption alignnone\"><img loading=\"lazy\" decoding=\"async\" aria-describedby=\"caption-attachment-2912\" class=\"wp-image-2912 size-large\" src=\"https:\/\/legendatours.net\/wp-content\/uploads\/2020\/07\/sequa_kids-1024x675.jpg\" alt=\"Boat Tour Algarve\" width=\"1024\" height=\"675\" \/><p id=\"caption-attachment-2912\" class=\"wp-caption-text\">B\u00e5ttur in <a href=\"..\/..\/?s=ria+formosa\" target=\"_blank\" rel=\"noopener\">Ria Formosa<\/a>. Ett av de mest tilltalande s\u00e4tten att verkligen utforska Tavira och Ria Formosa och dess m\u00e5nga underverk \u00e4r att \u00e5ka p\u00e5 en b\u00e5ttur<\/p><\/div>\n<p>Du kommer att ha tiden i ditt liv med dina barn med denna blandade upps\u00e4ttning roliga aktiviteter, men ocks\u00e5 tid att koppla av och utforska den vackra staden och de ber\u00f6mda str\u00e4nderna i regionen!<\/p>\n<div class=\"row\" style=\"display: flex;\">\n<div class=\"column\" style=\"flex: 45%;\"><\/div>\n<div class=\"column\" style=\"flex: 10%;\"><\/div>\n<div class=\"column\" style=\"flex: 45%;\"><\/div>\n<\/div>","protected":false},"excerpt":{"rendered":"<p>Denna aktiva familjeresa \u00e4r baserad i den charmiga semesterorten Cabanas de Tavira, i \u00f6stra Algarve, n\u00e5gra kilometer fr\u00e5n Tavira.<\/p>\n<p>Det m\u00e5ngsidiga landskapet i Algarve \u00e4r en lekplats f\u00f6r \u00e4ventyrare. Under veckans lopp kommer du att njuta av n\u00e5gra of\u00f6rgl\u00f6mliga upplevelser, inklusive en jeep och b\u00e5tsafari, en kajaktur, cykling l\u00e4ngs sekul\u00e4ra saltpannor, en b\u00e5ttur i Ria Formosa naturpark, promenader mellan kullar och dalar med vida givande vyer, f\u00e4lt av apelsin-, fikon- och mandeltr\u00e4d, och ledig tid att njuta av Tavira Island, en av v\u00e4rldens 10 b\u00e4sta str\u00e4nder att resa med barn, utvald av Lonely Planet.<\/p>","protected":false},"featured_media":7634,"comment_status":"closed","ping_status":"closed","template":"","meta":{"_acf_changed":false,"inline_featured_image":false},"product_brand":[],"product_cat":[32,28,29,382,30],"product_tag":[348,147,383,148,384,385,386,387,151,152,388,36,154,389,390,391,392,393,217,195,394,395,396,397,164,398,169,399,175,400,179,401],"class_list":{"0":"post-7642","1":"product","2":"type-product","3":"status-publish","4":"has-post-thumbnail","6":"product_cat-cultural-tours-and-holidays-in-portugal","7":"product_cat-guided-group-tours","8":"product_cat-portugal-guided-historical-holidays","9":"product_cat-guided-multi-activity-holidays-portugal","10":"product_cat-guided-sightseeing-holidays-portugal","11":"product_tag-active-family","12":"product_tag-algarve","13":"product_tag-algarve-coastal-strip","14":"product_tag-algarve-east-cost","15":"product_tag-algarves-prettiest-town","16":"product_tag-boat-in-tavira","17":"product_tag-boat-tour-in-the-ria-formosa-natural-park","18":"product_tag-boat-tours","19":"product_tag-cabanas-de-tavira","20":"product_tag-cacela-velha","21":"product_tag-coastal-east-algarve","22":"product_tag-cultural-heritage","23":"product_tag-east-algarve","24":"product_tag-eastern-algarve","25":"product_tag-ecovia","26":"product_tag-family-holidays","27":"product_tag-family-trip","28":"product_tag-fuzeta","29":"product_tag-heritage","30":"product_tag-history-and-heritage","31":"product_tag-island-of-tavira","32":"product_tag-jeep-and-boat-safari","33":"product_tag-moorish-influences","34":"product_tag-observe-birds","35":"product_tag-orange-groves","36":"product_tag-ria-formosa-boat-tour","37":"product_tag-ria-formosa-natural-park","38":"product_tag-tavira-castle","39":"product_tag-tavira-island","40":"product_tag-traditional-fishing-boats","41":"product_tag-walking-in-tavira","42":"product_tag-walks-between-hills","44":"first","45":"instock","46":"virtual","47":"product-type-simple"},"acf":[],"yoast_head":"<!-- This site is optimized with the Yoast SEO Premium plugin v26.8 (Yoast SEO v27.5) - https:\/\/yoast.com\/product\/yoast-seo-premium-wordpress\/ -->\n<title>Algarve Family Active Holiday - Legendary Adventure DMC Portugal<\/title>\n<meta name=\"robots\" content=\"index, follow, max-snippet:-1, max-image-preview:large, max-video-preview:-1\" \/>\n<link rel=\"canonical\" href=\"https:\/\/legendatours.com\/sv\/produkt\/algarve-family-holiday-5200g\/\" \/>\n<meta property=\"og:locale\" content=\"sv_SE\" \/>\n<meta property=\"og:type\" content=\"article\" \/>\n<meta property=\"og:title\" content=\"Algarve Family Active Holiday\" \/>\n<meta property=\"og:description\" content=\"This active family trip is based in the charming resort of Cabanas de Tavira, in the East Algarve, a few miles from Tavira.  The diverse Algarve landscape is a playground for adventurers. Over the course of the week, you will enjoy some unforgettable experiences including a jeep and boat safari, a kayak trip, cycling along secular saltpans, a boat tour in the Ria Formosa Natural Park, walks between hills and valleys with wide rewarding views, fields of orange, fig and almond trees, and free time to enjoy the Tavira Island, one of the 10 World&#039;s best beaches to travel with children, as elected by Lonely Planet.\" \/>\n<meta property=\"og:url\" content=\"https:\/\/legendatours.com\/sv\/produkt\/algarve-family-holiday-5200g\/\" \/>\n<meta property=\"og:site_name\" content=\"Legendary Adventure DMC Portugal\" \/>\n<meta property=\"article:publisher\" content=\"https:\/\/www.facebook.com\/legendaryadventuredmc\/\" \/>\n<meta property=\"article:modified_time\" content=\"2022-01-02T23:43:24+00:00\" \/>\n<meta property=\"og:image\" content=\"https:\/\/legendatours.com\/wp-content\/uploads\/sites\/12\/2021\/04\/sequa_kids-e1611669011918.jpg\" \/>\n\t<meta property=\"og:image:width\" content=\"1024\" \/>\n\t<meta property=\"og:image:height\" content=\"675\" \/>\n\t<meta property=\"og:image:type\" content=\"image\/jpeg\" \/>\n<meta name=\"twitter:card\" content=\"summary_large_image\" \/>\n<meta name=\"twitter:label1\" content=\"Ber\u00e4knad l\u00e4stid\" \/>\n\t<meta name=\"twitter:data1\" content=\"1 minut\" \/>\n<script type=\"application\/ld+json\" class=\"yoast-schema-graph\">{\"@context\":\"https:\\\/\\\/schema.org\",\"@graph\":[{\"@type\":\"WebPage\",\"@id\":\"https:\\\/\\\/legendatours.com\\\/product\\\/algarve-family-holiday-5200g\\\/\",\"url\":\"https:\\\/\\\/legendatours.com\\\/product\\\/algarve-family-holiday-5200g\\\/\",\"name\":\"Algarve Family Active Holiday - Legendary Adventure DMC Portugal\",\"isPartOf\":{\"@id\":\"https:\\\/\\\/legendatours.com\\\/#website\"},\"primaryImageOfPage\":{\"@id\":\"https:\\\/\\\/legendatours.com\\\/product\\\/algarve-family-holiday-5200g\\\/#primaryimage\"},\"image\":{\"@id\":\"https:\\\/\\\/legendatours.com\\\/product\\\/algarve-family-holiday-5200g\\\/#primaryimage\"},\"thumbnailUrl\":\"https:\\\/\\\/legendatours.com\\\/wp-content\\\/uploads\\\/sites\\\/12\\\/2021\\\/04\\\/sequa_kids-e1611669011918.jpg\",\"datePublished\":\"2020-07-15T10:42:02+00:00\",\"dateModified\":\"2022-01-02T23:43:24+00:00\",\"breadcrumb\":{\"@id\":\"https:\\\/\\\/legendatours.com\\\/product\\\/algarve-family-holiday-5200g\\\/#breadcrumb\"},\"inLanguage\":\"sv-SE\",\"potentialAction\":[{\"@type\":\"ReadAction\",\"target\":[\"https:\\\/\\\/legendatours.com\\\/product\\\/algarve-family-holiday-5200g\\\/\"]}]},{\"@type\":\"ImageObject\",\"inLanguage\":\"sv-SE\",\"@id\":\"https:\\\/\\\/legendatours.com\\\/product\\\/algarve-family-holiday-5200g\\\/#primaryimage\",\"url\":\"https:\\\/\\\/legendatours.com\\\/wp-content\\\/uploads\\\/sites\\\/12\\\/2021\\\/04\\\/sequa_kids-e1611669011918.jpg\",\"contentUrl\":\"https:\\\/\\\/legendatours.com\\\/wp-content\\\/uploads\\\/sites\\\/12\\\/2021\\\/04\\\/sequa_kids-e1611669011918.jpg\",\"width\":1024,\"height\":675,\"caption\":\"Boat tour in Algarve\"},{\"@type\":\"BreadcrumbList\",\"@id\":\"https:\\\/\\\/legendatours.com\\\/product\\\/algarve-family-holiday-5200g\\\/#breadcrumb\",\"itemListElement\":[{\"@type\":\"ListItem\",\"position\":1,\"name\":\"Home\",\"item\":\"https:\\\/\\\/legendatours.com\\\/\"},{\"@type\":\"ListItem\",\"position\":2,\"name\":\"Shop\",\"item\":\"https:\\\/\\\/legendatours.com\\\/sv\\\/?page_id=4\"},{\"@type\":\"ListItem\",\"position\":3,\"name\":\"Algarve Family Active Holiday\"}]},{\"@type\":\"WebSite\",\"@id\":\"https:\\\/\\\/legendatours.com\\\/#website\",\"url\":\"https:\\\/\\\/legendatours.com\\\/\",\"name\":\"Legendary Adventure DMC Portugal\",\"description\":\"Responsible Walking &amp; Nature Holidays in Portugal\",\"publisher\":{\"@id\":\"https:\\\/\\\/legendatours.com\\\/#organization\"},\"alternateName\":\"Legendary Adventure Portugal\",\"potentialAction\":[{\"@type\":\"SearchAction\",\"target\":{\"@type\":\"EntryPoint\",\"urlTemplate\":\"https:\\\/\\\/legendatours.com\\\/?s={search_term_string}\"},\"query-input\":{\"@type\":\"PropertyValueSpecification\",\"valueRequired\":true,\"valueName\":\"search_term_string\"}}],\"inLanguage\":\"sv-SE\"},{\"@type\":\"Organization\",\"@id\":\"https:\\\/\\\/legendatours.com\\\/#organization\",\"name\":\"legendatours.com\",\"url\":\"https:\\\/\\\/legendatours.com\\\/\",\"logo\":{\"@type\":\"ImageObject\",\"inLanguage\":\"sv-SE\",\"@id\":\"https:\\\/\\\/legendatours.com\\\/#\\\/schema\\\/logo\\\/image\\\/\",\"url\":\"https:\\\/\\\/legendatours.com\\\/wp-content\\\/uploads\\\/sites\\\/12\\\/2021\\\/06\\\/legendary_adventure_dmc.png\",\"contentUrl\":\"https:\\\/\\\/legendatours.com\\\/wp-content\\\/uploads\\\/sites\\\/12\\\/2021\\\/06\\\/legendary_adventure_dmc.png\",\"width\":250,\"height\":74,\"caption\":\"legendatours.com\"},\"image\":{\"@id\":\"https:\\\/\\\/legendatours.com\\\/#\\\/schema\\\/logo\\\/image\\\/\"},\"sameAs\":[\"https:\\\/\\\/www.facebook.com\\\/legendaryadventuredmc\\\/\",\"https:\\\/\\\/www.linkedin.com\\\/company\\\/legendary-adventure-dmc-portugal\",\"https:\\\/\\\/www.youtube.com\\\/channel\\\/UCOIRDx_KM6ynIcacQkZjb6g\"]}]}<\/script>\n<!-- \/ Yoast SEO Premium plugin. -->","yoast_head_json":{"title":"Algarve Family Active Holiday - Legendariskt \u00e4ventyr DMC Portugal","robots":{"index":"index","follow":"follow","max-snippet":"max-snippet:-1","max-image-preview":"max-image-preview:large","max-video-preview":"max-video-preview:-1"},"canonical":"https:\/\/legendatours.com\/sv\/produkt\/algarve-family-holiday-5200g\/","og_locale":"sv_SE","og_type":"article","og_title":"Algarve Family Active Holiday","og_description":"This active family trip is based in the charming resort of Cabanas de Tavira, in the East Algarve, a few miles from Tavira.  The diverse Algarve landscape is a playground for adventurers. Over the course of the week, you will enjoy some unforgettable experiences including a jeep and boat safari, a kayak trip, cycling along secular saltpans, a boat tour in the Ria Formosa Natural Park, walks between hills and valleys with wide rewarding views, fields of orange, fig and almond trees, and free time to enjoy the Tavira Island, one of the 10 World's best beaches to travel with children, as elected by Lonely Planet.","og_url":"https:\/\/legendatours.com\/sv\/produkt\/algarve-family-holiday-5200g\/","og_site_name":"Legendary Adventure DMC Portugal","article_publisher":"https:\/\/www.facebook.com\/legendaryadventuredmc\/","article_modified_time":"2022-01-02T23:43:24+00:00","og_image":[{"width":1024,"height":675,"url":"https:\/\/legendatours.com\/wp-content\/uploads\/sites\/12\/2021\/04\/sequa_kids-e1611669011918.jpg","type":"image\/jpeg"}],"twitter_card":"summary_large_image","twitter_misc":{"Ber\u00e4knad l\u00e4stid":"1 minut"},"schema":{"@context":"https:\/\/schema.org","@graph":[{"@type":"WebPage","@id":"https:\/\/legendatours.com\/product\/algarve-family-holiday-5200g\/","url":"https:\/\/legendatours.com\/product\/algarve-family-holiday-5200g\/","name":"Algarve Family Active Holiday - Legendariskt \u00e4ventyr DMC Portugal","isPartOf":{"@id":"https:\/\/legendatours.com\/#website"},"primaryImageOfPage":{"@id":"https:\/\/legendatours.com\/product\/algarve-family-holiday-5200g\/#primaryimage"},"image":{"@id":"https:\/\/legendatours.com\/product\/algarve-family-holiday-5200g\/#primaryimage"},"thumbnailUrl":"https:\/\/legendatours.com\/wp-content\/uploads\/sites\/12\/2021\/04\/sequa_kids-e1611669011918.jpg","datePublished":"2020-07-15T10:42:02+00:00","dateModified":"2022-01-02T23:43:24+00:00","breadcrumb":{"@id":"https:\/\/legendatours.com\/product\/algarve-family-holiday-5200g\/#breadcrumb"},"inLanguage":"sv-SE","potentialAction":[{"@type":"ReadAction","target":["https:\/\/legendatours.com\/product\/algarve-family-holiday-5200g\/"]}]},{"@type":"ImageObject","inLanguage":"sv-SE","@id":"https:\/\/legendatours.com\/product\/algarve-family-holiday-5200g\/#primaryimage","url":"https:\/\/legendatours.com\/wp-content\/uploads\/sites\/12\/2021\/04\/sequa_kids-e1611669011918.jpg","contentUrl":"https:\/\/legendatours.com\/wp-content\/uploads\/sites\/12\/2021\/04\/sequa_kids-e1611669011918.jpg","width":1024,"height":675,"caption":"Boat tour in Algarve"},{"@type":"BreadcrumbList","@id":"https:\/\/legendatours.com\/product\/algarve-family-holiday-5200g\/#breadcrumb","itemListElement":[{"@type":"ListItem","position":1,"name":"Home","item":"https:\/\/legendatours.com\/"},{"@type":"ListItem","position":2,"name":"Shop","item":"https:\/\/legendatours.com\/sv\/?page_id=4"},{"@type":"ListItem","position":3,"name":"Algarve Family Active Holiday"}]},{"@type":"WebSite","@id":"https:\/\/legendatours.com\/#website","url":"https:\/\/legendatours.com\/","name":"Legendariskt \u00e4ventyr DMC Portugal","description":"Ansvarsfulla vandringar och natursemester i Portugal","publisher":{"@id":"https:\/\/legendatours.com\/#organization"},"alternateName":"Legendary Adventure Portugal","potentialAction":[{"@type":"SearchAction","target":{"@type":"EntryPoint","urlTemplate":"https:\/\/legendatours.com\/?s={search_term_string}"},"query-input":{"@type":"PropertyValueSpecification","valueRequired":true,"valueName":"search_term_string"}}],"inLanguage":"sv-SE"},{"@type":"Organization","@id":"https:\/\/legendatours.com\/#organization","name":"legendatours.com","url":"https:\/\/legendatours.com\/","logo":{"@type":"ImageObject","inLanguage":"sv-SE","@id":"https:\/\/legendatours.com\/#\/schema\/logo\/image\/","url":"https:\/\/legendatours.com\/wp-content\/uploads\/sites\/12\/2021\/06\/legendary_adventure_dmc.png","contentUrl":"https:\/\/legendatours.com\/wp-content\/uploads\/sites\/12\/2021\/06\/legendary_adventure_dmc.png","width":250,"height":74,"caption":"legendatours.com"},"image":{"@id":"https:\/\/legendatours.com\/#\/schema\/logo\/image\/"},"sameAs":["https:\/\/www.facebook.com\/legendaryadventuredmc\/","https:\/\/www.linkedin.com\/company\/legendary-adventure-dmc-portugal","https:\/\/www.youtube.com\/channel\/UCOIRDx_KM6ynIcacQkZjb6g"]}]}},"_links":{"self":[{"href":"https:\/\/legendatours.com\/sv\/wp-json\/wp\/v2\/product\/7642","targetHints":{"allow":["GET"]}}],"collection":[{"href":"https:\/\/legendatours.com\/sv\/wp-json\/wp\/v2\/product"}],"about":[{"href":"https:\/\/legendatours.com\/sv\/wp-json\/wp\/v2\/types\/product"}],"replies":[{"embeddable":true,"href":"https:\/\/legendatours.com\/sv\/wp-json\/wp\/v2\/comments?post=7642"}],"wp:featuredmedia":[{"embeddable":true,"href":"https:\/\/legendatours.com\/sv\/wp-json\/wp\/v2\/media\/7634"}],"wp:attachment":[{"href":"https:\/\/legendatours.com\/sv\/wp-json\/wp\/v2\/media?parent=7642"}],"wp:term":[{"taxonomy":"product_brand","embeddable":true,"href":"https:\/\/legendatours.com\/sv\/wp-json\/wp\/v2\/product_brand?post=7642"},{"taxonomy":"product_cat","embeddable":true,"href":"https:\/\/legendatours.com\/sv\/wp-json\/wp\/v2\/product_cat?post=7642"},{"taxonomy":"product_tag","embeddable":true,"href":"https:\/\/legendatours.com\/sv\/wp-json\/wp\/v2\/product_tag?post=7642"}],"curies":[{"name":"wp","href":"https:\/\/api.w.org\/{rel}","templated":true}]}}