{"id":7647,"date":"2020-07-14T16:36:08","date_gmt":"2020-07-14T16:36:08","guid":{"rendered":"https:\/\/legendatours.com\/product\/exploring-the-douro-valley-walking-holiday\/"},"modified":"2021-09-17T14:53:13","modified_gmt":"2021-09-17T14:53:13","slug":"exploring-the-douro-valley-12200g","status":"publish","type":"product","link":"https:\/\/legendatours.com\/sv\/produkt\/exploring-the-douro-valley-12200g\/","title":{"rendered":"Utforska Douro Valley Walking Holiday"},"content":{"rendered":"<p><strong>Grupper accepteras med minst 6 personer.<\/strong><\/p>\n<p>&nbsp;<\/p>\n<p>Dourodalen \u00e4r en av v\u00e4rldens \u00e4ldsta avgr\u00e4nsade vinregioner (sedan 1756) och visar branta terrasserade ving\u00e5rdar uthuggna i berg, granitbluffar, vitkalkade egendomar och vink\u00e4llare fr\u00e5n 1700-talet. Kom f\u00f6r hamnarna och vinerna, slingrande natursk\u00f6na v\u00e4gar, vykortsvackra byar och utm\u00e4rkta regionala restauranger!<\/p>\n<p>Denna semester med tv\u00e5 centrum erbjuder enkel promenad under resor uppf\u00f6r Dourodalen, vilket g\u00f6r att vi kan utforska dess l\u00e4ngsta regioner mot den spanska gr\u00e4nsen.<\/p>\n<div id=\"attachment_2848\" style=\"width: 1034px\" class=\"wp-caption alignnone\"><img loading=\"lazy\" decoding=\"async\" aria-describedby=\"caption-attachment-2848\" class=\"wp-image-2848 size-large\" src=\"https:\/\/legendatours.net\/wp-content\/uploads\/2020\/07\/ermida_sao_domingos_fontelo-1024x640.jpg\" alt=\"Ermida S\u00e3o Domingos, Fontelo\" width=\"1024\" height=\"640\" \/><p id=\"caption-attachment-2848\" class=\"wp-caption-text\">Utsiktspunkten S\u00e3o Domingos \u00e4r en av de mest spektakul\u00e4ra utsiktspunkterna i Douro-landskapet, men till och med den mest extraordin\u00e4ra.<\/p><\/div>\n<p>De som har sett Dourodalen i reseskildringar kommer att veta hur vackra och of\u00f6rst\u00f6rda de centrala och \u00f6vre delarna \u00e4r, med djupa dalar och plat\u00e5er varvat med gamla byar och slott som vittnar om strider genom \u00e5rhundradena.<\/p>\n<p>Vi flyger till Porto, k\u00e4nd som &quot;Douros huvudstad&quot;, d\u00e4r vi bor de tv\u00e5 f\u00f6rsta n\u00e4tterna. Bel\u00e4get vid floden Douro, \u00e4r den n\u00e4st st\u00f6rsta staden i Portugal och nu ett v\u00e4rldsarv.<\/p>\n<div id=\"attachment_2536\" style=\"width: 1034px\" class=\"wp-caption alignnone\"><img loading=\"lazy\" decoding=\"async\" aria-describedby=\"caption-attachment-2536\" class=\"wp-image-2536 size-large\" src=\"https:\/\/legendatours.net\/wp-content\/uploads\/2020\/06\/River_douro-1024x640.jpg\" alt=\"Rio Douro at the heart of the demarcated port-wine region.\" width=\"1024\" height=\"640\" \/><p id=\"caption-attachment-2536\" class=\"wp-caption-text\">Rio Douro ligger i hj\u00e4rtat av den avgr\u00e4nsade portvinsregionen.<\/p><\/div>\n<p>V\u00e5rt n\u00e4sta center \u00e4r i R\u00e9gua. V\u00e5r resa tar oss p\u00e5 en av v\u00e4rldens mest spektakul\u00e4ra j\u00e4rnv\u00e4gslinjer, n\u00e4r vi f\u00f6ljer den stora floden Douro fr\u00e5n dess mynning, genom ving\u00e5rdarna och in i de \u00f6vre delarna av Portugal, d\u00e4r floden utg\u00f6r gr\u00e4nsen till Spanien.<\/p>\n<p>I R\u00e9gua bes\u00f6ker vi staden och de omgivande ving\u00e5rdarna, inklusive provsmakning av utm\u00e4rkta portviner och andra viner fr\u00e5n regionen, och Lamego, en magnifik gammal stad, rik p\u00e5 historia och kultur och full av charm.<\/p>\n<p>Slutligen \u00e5terv\u00e4nder vi till Porto med b\u00e5t genom hisnande landskap, n\u00e4r vi g\u00e5r nerf\u00f6r den stora floden Douro, genom de gr\u00f6nskande terrasserade ving\u00e5rdarna, ett v\u00e4rldsarv.<\/p>\n<div class=\"row\" style=\"display: flex;\">\n<div class=\"column\" style=\"flex: 45%;\">\n<p><iframe loading=\"lazy\" title=\"Porto och norr som aldrig sett f\u00f6rut\" width=\"1080\" height=\"608\" src=\"https:\/\/www.youtube.com\/embed\/47k8DRF7_-M?feature=oembed\" frameborder=\"0\" allow=\"accelerometer; autoplay; clipboard-write; encrypted-media; gyroscope; picture-in-picture\" allowfullscreen><\/iframe><\/p>\n<\/div>\n<div class=\"column\" style=\"flex: 10%;\"><\/div>\n<div class=\"column\" style=\"flex: 45%;\">\n<p><iframe loading=\"lazy\" title=\"Portugisisk vinturism\" width=\"1080\" height=\"608\" src=\"https:\/\/www.youtube.com\/embed\/OGVDu3ivhTY?list=PLuMAo-oYl9zjNFzMcQjFaVVHGl2EoXxYT\" frameborder=\"0\" allow=\"accelerometer; autoplay; clipboard-write; encrypted-media; gyroscope; picture-in-picture\" allowfullscreen><\/iframe><\/p>\n<\/div>\n<\/div>","protected":false},"excerpt":{"rendered":"<p>Dourodalen \u00e4r en av v\u00e4rldens \u00e4ldsta avgr\u00e4nsade vinregioner (sedan 1756) och visar branta terrasserade ving\u00e5rdar uthuggna i berg, granitbluffar, vitkalkade egendomar och vink\u00e4llare fr\u00e5n 1700-talet. Kom f\u00f6r hamnarna och vinerna, slingrande natursk\u00f6na v\u00e4gar, vykortsvackra byar och utm\u00e4rkta regionala restauranger!<\/p>","protected":false},"featured_media":7643,"comment_status":"closed","ping_status":"closed","template":"","meta":{"_acf_changed":false,"inline_featured_image":false},"product_brand":[],"product_cat":[32,28,29,30,31],"product_tag":[33,402,403,36,214,38,39,350,40,90,50,195,404,405,406,352,56,354,57,59,407,408,62,63,277,229,282,345,409,112,359,145,410],"class_list":{"0":"post-7647","1":"product","2":"type-product","3":"status-publish","4":"has-post-thumbnail","6":"product_cat-cultural-tours-and-holidays-in-portugal","7":"product_cat-guided-group-tours","8":"product_cat-portugal-guided-historical-holidays","9":"product_cat-guided-sightseeing-holidays-portugal","10":"product_cat-guided-walking-holidays-in-portugal","11":"product_tag-alto-douro-wine-region","12":"product_tag-amazing-walking","13":"product_tag-beautiful-walk","14":"product_tag-cultural-heritage","15":"product_tag-culture","16":"product_tag-douro","17":"product_tag-douro-river","18":"product_tag-douro-riverbanks","19":"product_tag-douro-valley","20":"product_tag-guided-walking-holidays","21":"product_tag-historic","22":"product_tag-history-and-heritage","23":"product_tag-holiday-activities-walking-guides","24":"product_tag-its-gastronomy-and-wines","25":"product_tag-lamego","26":"product_tag-local-wines","27":"product_tag-oporto","28":"product_tag-port-wine","29":"product_tag-porto","30":"product_tag-porto-world-heritage","31":"product_tag-portugal-perfect-walking-holiday","32":"product_tag-regua","33":"product_tag-rio-douro","34":"product_tag-river-cruise-douro","35":"product_tag-river-douro","36":"product_tag-sightseeing-porto","37":"product_tag-train-journey-up-the-douro-valley","38":"product_tag-vineyards","39":"product_tag-vineyards-and-terraces","40":"product_tag-walking-holidays","41":"product_tag-walks-porto","42":"product_tag-wines","43":"product_tag-worlds-best-wines","45":"first","46":"instock","47":"virtual","48":"product-type-simple"},"acf":[],"yoast_head":"<!-- This site is optimized with the Yoast SEO Premium plugin v26.8 (Yoast SEO v27.3) - https:\/\/yoast.com\/product\/yoast-seo-premium-wordpress\/ -->\n<title>Exploring the Douro Valley Walking Holiday - Legendary Adventure DMC Portugal<\/title>\n<meta name=\"robots\" content=\"index, follow, max-snippet:-1, max-image-preview:large, max-video-preview:-1\" \/>\n<link rel=\"canonical\" href=\"https:\/\/legendatours.com\/sv\/produkt\/exploring-the-douro-valley-12200g\/\" \/>\n<meta property=\"og:locale\" content=\"sv_SE\" \/>\n<meta property=\"og:type\" content=\"article\" \/>\n<meta property=\"og:title\" content=\"Exploring the Douro Valley Walking Holiday\" \/>\n<meta property=\"og:description\" content=\"One of the world\u2019s oldest demarcated wine regions (since 1756), the Douro Valley showcases steeply terraced vineyards carved into mountains, granite bluffs, whitewashed estates, and 18th-century wine cellars. Come for the ports and wines, winding scenic roads, postcard-pretty villages, and excellent regional restaurants!\" \/>\n<meta property=\"og:url\" content=\"https:\/\/legendatours.com\/sv\/produkt\/exploring-the-douro-valley-12200g\/\" \/>\n<meta property=\"og:site_name\" content=\"Legendary Adventure DMC Portugal\" \/>\n<meta property=\"article:publisher\" content=\"https:\/\/www.facebook.com\/legendaryadventuredmc\/\" \/>\n<meta property=\"article:modified_time\" content=\"2021-09-17T14:53:13+00:00\" \/>\n<meta property=\"og:image\" content=\"https:\/\/legendatours.com\/wp-content\/uploads\/sites\/12\/2021\/04\/douro_grape_harvest-e1611669557916.jpg\" \/>\n\t<meta property=\"og:image:width\" content=\"1024\" \/>\n\t<meta property=\"og:image:height\" content=\"683\" \/>\n\t<meta property=\"og:image:type\" content=\"image\/jpeg\" \/>\n<meta name=\"twitter:card\" content=\"summary_large_image\" \/>\n<meta name=\"twitter:label1\" content=\"Ber\u00e4knad l\u00e4stid\" \/>\n\t<meta name=\"twitter:data1\" content=\"2 minuter\" \/>\n<script type=\"application\/ld+json\" class=\"yoast-schema-graph\">{\"@context\":\"https:\\\/\\\/schema.org\",\"@graph\":[{\"@type\":\"WebPage\",\"@id\":\"https:\\\/\\\/legendatours.com\\\/product\\\/exploring-the-douro-valley-12200g\\\/\",\"url\":\"https:\\\/\\\/legendatours.com\\\/product\\\/exploring-the-douro-valley-12200g\\\/\",\"name\":\"Exploring the Douro Valley Walking Holiday - Legendary Adventure DMC Portugal\",\"isPartOf\":{\"@id\":\"https:\\\/\\\/legendatours.com\\\/#website\"},\"primaryImageOfPage\":{\"@id\":\"https:\\\/\\\/legendatours.com\\\/product\\\/exploring-the-douro-valley-12200g\\\/#primaryimage\"},\"image\":{\"@id\":\"https:\\\/\\\/legendatours.com\\\/product\\\/exploring-the-douro-valley-12200g\\\/#primaryimage\"},\"thumbnailUrl\":\"https:\\\/\\\/legendatours.com\\\/wp-content\\\/uploads\\\/sites\\\/12\\\/2021\\\/04\\\/douro_grape_harvest-e1611669557916.jpg\",\"datePublished\":\"2020-07-14T16:36:08+00:00\",\"dateModified\":\"2021-09-17T14:53:13+00:00\",\"breadcrumb\":{\"@id\":\"https:\\\/\\\/legendatours.com\\\/product\\\/exploring-the-douro-valley-12200g\\\/#breadcrumb\"},\"inLanguage\":\"sv-SE\",\"potentialAction\":[{\"@type\":\"ReadAction\",\"target\":[\"https:\\\/\\\/legendatours.com\\\/product\\\/exploring-the-douro-valley-12200g\\\/\"]}]},{\"@type\":\"ImageObject\",\"inLanguage\":\"sv-SE\",\"@id\":\"https:\\\/\\\/legendatours.com\\\/product\\\/exploring-the-douro-valley-12200g\\\/#primaryimage\",\"url\":\"https:\\\/\\\/legendatours.com\\\/wp-content\\\/uploads\\\/sites\\\/12\\\/2021\\\/04\\\/douro_grape_harvest-e1611669557916.jpg\",\"contentUrl\":\"https:\\\/\\\/legendatours.com\\\/wp-content\\\/uploads\\\/sites\\\/12\\\/2021\\\/04\\\/douro_grape_harvest-e1611669557916.jpg\",\"width\":1024,\"height\":683,\"caption\":\"Harvest in Douro valley\"},{\"@type\":\"BreadcrumbList\",\"@id\":\"https:\\\/\\\/legendatours.com\\\/product\\\/exploring-the-douro-valley-12200g\\\/#breadcrumb\",\"itemListElement\":[{\"@type\":\"ListItem\",\"position\":1,\"name\":\"Home\",\"item\":\"https:\\\/\\\/legendatours.com\\\/\"},{\"@type\":\"ListItem\",\"position\":2,\"name\":\"Shop\",\"item\":\"https:\\\/\\\/legendatours.com\\\/sv\\\/?page_id=4\"},{\"@type\":\"ListItem\",\"position\":3,\"name\":\"Exploring the Douro Valley Walking Holiday\"}]},{\"@type\":\"WebSite\",\"@id\":\"https:\\\/\\\/legendatours.com\\\/#website\",\"url\":\"https:\\\/\\\/legendatours.com\\\/\",\"name\":\"Legendary Adventure DMC Portugal\",\"description\":\"Responsible Walking &amp; Nature Holidays in Portugal\",\"publisher\":{\"@id\":\"https:\\\/\\\/legendatours.com\\\/#organization\"},\"alternateName\":\"Legendary Adventure Portugal\",\"potentialAction\":[{\"@type\":\"SearchAction\",\"target\":{\"@type\":\"EntryPoint\",\"urlTemplate\":\"https:\\\/\\\/legendatours.com\\\/?s={search_term_string}\"},\"query-input\":{\"@type\":\"PropertyValueSpecification\",\"valueRequired\":true,\"valueName\":\"search_term_string\"}}],\"inLanguage\":\"sv-SE\"},{\"@type\":\"Organization\",\"@id\":\"https:\\\/\\\/legendatours.com\\\/#organization\",\"name\":\"legendatours.com\",\"url\":\"https:\\\/\\\/legendatours.com\\\/\",\"logo\":{\"@type\":\"ImageObject\",\"inLanguage\":\"sv-SE\",\"@id\":\"https:\\\/\\\/legendatours.com\\\/#\\\/schema\\\/logo\\\/image\\\/\",\"url\":\"https:\\\/\\\/legendatours.com\\\/wp-content\\\/uploads\\\/sites\\\/12\\\/2021\\\/06\\\/legendary_adventure_dmc.png\",\"contentUrl\":\"https:\\\/\\\/legendatours.com\\\/wp-content\\\/uploads\\\/sites\\\/12\\\/2021\\\/06\\\/legendary_adventure_dmc.png\",\"width\":250,\"height\":74,\"caption\":\"legendatours.com\"},\"image\":{\"@id\":\"https:\\\/\\\/legendatours.com\\\/#\\\/schema\\\/logo\\\/image\\\/\"},\"sameAs\":[\"https:\\\/\\\/www.facebook.com\\\/legendaryadventuredmc\\\/\",\"https:\\\/\\\/www.linkedin.com\\\/company\\\/legendary-adventure-dmc-portugal\",\"https:\\\/\\\/www.youtube.com\\\/channel\\\/UCOIRDx_KM6ynIcacQkZjb6g\"]}]}<\/script>\n<!-- \/ Yoast SEO Premium plugin. -->","yoast_head_json":{"title":"Exploring the Douro Valley Walking Holiday - Legendary Adventure DMC Portugal","robots":{"index":"index","follow":"follow","max-snippet":"max-snippet:-1","max-image-preview":"max-image-preview:large","max-video-preview":"max-video-preview:-1"},"canonical":"https:\/\/legendatours.com\/sv\/produkt\/exploring-the-douro-valley-12200g\/","og_locale":"sv_SE","og_type":"article","og_title":"Exploring the Douro Valley Walking Holiday","og_description":"One of the world\u2019s oldest demarcated wine regions (since 1756), the Douro Valley showcases steeply terraced vineyards carved into mountains, granite bluffs, whitewashed estates, and 18th-century wine cellars. Come for the ports and wines, winding scenic roads, postcard-pretty villages, and excellent regional restaurants!","og_url":"https:\/\/legendatours.com\/sv\/produkt\/exploring-the-douro-valley-12200g\/","og_site_name":"Legendary Adventure DMC Portugal","article_publisher":"https:\/\/www.facebook.com\/legendaryadventuredmc\/","article_modified_time":"2021-09-17T14:53:13+00:00","og_image":[{"width":1024,"height":683,"url":"https:\/\/legendatours.com\/wp-content\/uploads\/sites\/12\/2021\/04\/douro_grape_harvest-e1611669557916.jpg","type":"image\/jpeg"}],"twitter_card":"summary_large_image","twitter_misc":{"Ber\u00e4knad l\u00e4stid":"2 minuter"},"schema":{"@context":"https:\/\/schema.org","@graph":[{"@type":"WebPage","@id":"https:\/\/legendatours.com\/product\/exploring-the-douro-valley-12200g\/","url":"https:\/\/legendatours.com\/product\/exploring-the-douro-valley-12200g\/","name":"Exploring the Douro Valley Walking Holiday - Legendary Adventure DMC Portugal","isPartOf":{"@id":"https:\/\/legendatours.com\/#website"},"primaryImageOfPage":{"@id":"https:\/\/legendatours.com\/product\/exploring-the-douro-valley-12200g\/#primaryimage"},"image":{"@id":"https:\/\/legendatours.com\/product\/exploring-the-douro-valley-12200g\/#primaryimage"},"thumbnailUrl":"https:\/\/legendatours.com\/wp-content\/uploads\/sites\/12\/2021\/04\/douro_grape_harvest-e1611669557916.jpg","datePublished":"2020-07-14T16:36:08+00:00","dateModified":"2021-09-17T14:53:13+00:00","breadcrumb":{"@id":"https:\/\/legendatours.com\/product\/exploring-the-douro-valley-12200g\/#breadcrumb"},"inLanguage":"sv-SE","potentialAction":[{"@type":"ReadAction","target":["https:\/\/legendatours.com\/product\/exploring-the-douro-valley-12200g\/"]}]},{"@type":"ImageObject","inLanguage":"sv-SE","@id":"https:\/\/legendatours.com\/product\/exploring-the-douro-valley-12200g\/#primaryimage","url":"https:\/\/legendatours.com\/wp-content\/uploads\/sites\/12\/2021\/04\/douro_grape_harvest-e1611669557916.jpg","contentUrl":"https:\/\/legendatours.com\/wp-content\/uploads\/sites\/12\/2021\/04\/douro_grape_harvest-e1611669557916.jpg","width":1024,"height":683,"caption":"Harvest in Douro valley"},{"@type":"BreadcrumbList","@id":"https:\/\/legendatours.com\/product\/exploring-the-douro-valley-12200g\/#breadcrumb","itemListElement":[{"@type":"ListItem","position":1,"name":"Home","item":"https:\/\/legendatours.com\/"},{"@type":"ListItem","position":2,"name":"Shop","item":"https:\/\/legendatours.com\/sv\/?page_id=4"},{"@type":"ListItem","position":3,"name":"Exploring the Douro Valley Walking Holiday"}]},{"@type":"WebSite","@id":"https:\/\/legendatours.com\/#website","url":"https:\/\/legendatours.com\/","name":"Legendariskt \u00e4ventyr DMC Portugal","description":"Ansvarsfulla vandringar och natursemester i Portugal","publisher":{"@id":"https:\/\/legendatours.com\/#organization"},"alternateName":"Legendary Adventure Portugal","potentialAction":[{"@type":"SearchAction","target":{"@type":"EntryPoint","urlTemplate":"https:\/\/legendatours.com\/?s={search_term_string}"},"query-input":{"@type":"PropertyValueSpecification","valueRequired":true,"valueName":"search_term_string"}}],"inLanguage":"sv-SE"},{"@type":"Organization","@id":"https:\/\/legendatours.com\/#organization","name":"legendatours.com","url":"https:\/\/legendatours.com\/","logo":{"@type":"ImageObject","inLanguage":"sv-SE","@id":"https:\/\/legendatours.com\/#\/schema\/logo\/image\/","url":"https:\/\/legendatours.com\/wp-content\/uploads\/sites\/12\/2021\/06\/legendary_adventure_dmc.png","contentUrl":"https:\/\/legendatours.com\/wp-content\/uploads\/sites\/12\/2021\/06\/legendary_adventure_dmc.png","width":250,"height":74,"caption":"legendatours.com"},"image":{"@id":"https:\/\/legendatours.com\/#\/schema\/logo\/image\/"},"sameAs":["https:\/\/www.facebook.com\/legendaryadventuredmc\/","https:\/\/www.linkedin.com\/company\/legendary-adventure-dmc-portugal","https:\/\/www.youtube.com\/channel\/UCOIRDx_KM6ynIcacQkZjb6g"]}]}},"_links":{"self":[{"href":"https:\/\/legendatours.com\/sv\/wp-json\/wp\/v2\/product\/7647","targetHints":{"allow":["GET"]}}],"collection":[{"href":"https:\/\/legendatours.com\/sv\/wp-json\/wp\/v2\/product"}],"about":[{"href":"https:\/\/legendatours.com\/sv\/wp-json\/wp\/v2\/types\/product"}],"replies":[{"embeddable":true,"href":"https:\/\/legendatours.com\/sv\/wp-json\/wp\/v2\/comments?post=7647"}],"wp:featuredmedia":[{"embeddable":true,"href":"https:\/\/legendatours.com\/sv\/wp-json\/wp\/v2\/media\/7643"}],"wp:attachment":[{"href":"https:\/\/legendatours.com\/sv\/wp-json\/wp\/v2\/media?parent=7647"}],"wp:term":[{"taxonomy":"product_brand","embeddable":true,"href":"https:\/\/legendatours.com\/sv\/wp-json\/wp\/v2\/product_brand?post=7647"},{"taxonomy":"product_cat","embeddable":true,"href":"https:\/\/legendatours.com\/sv\/wp-json\/wp\/v2\/product_cat?post=7647"},{"taxonomy":"product_tag","embeddable":true,"href":"https:\/\/legendatours.com\/sv\/wp-json\/wp\/v2\/product_tag?post=7647"}],"curies":[{"name":"wp","href":"https:\/\/api.w.org\/{rel}","templated":true}]}}