{"id":7672,"date":"2020-07-10T15:27:16","date_gmt":"2020-07-10T15:27:16","guid":{"rendered":"https:\/\/legendatours.com\/product\/birding-holidays-in-the-algarve-alentejo\/"},"modified":"2021-08-11T14:18:02","modified_gmt":"2021-08-11T14:18:02","slug":"birding-in-the-algarve-alentejo-3200g","status":"publish","type":"product","link":"https:\/\/legendatours.com\/sv\/produkt\/birding-in-the-algarve-alentejo-3200g\/","title":{"rendered":"F\u00e5gelsk\u00e5dning i Algarve och Alentejo"},"content":{"rendered":"<p><strong>Grupper accepteras med minst 6 personer.<\/strong><\/p>\n<p>&nbsp;<\/p>\n<p>Algarve \u00e4r med r\u00e4tta k\u00e4nt f\u00f6r sina gyllene sandstr\u00e4nder, golfbanor och underbara klimat \u00e5ret runt, men \u00e4r fortfarande en hemlig destination f\u00f6r fantastisk f\u00e5gelsk\u00e5dning. Regionen har ett underbart utbud av f\u00e5glar och m\u00e5nga platser d\u00e4r du kan g\u00e5 och hitta dem och erbjuder f\u00e5gelsk\u00e5dning i toppklass n\u00e4stan n\u00e4r som helst p\u00e5 \u00e5ret.<\/p>\n<div id=\"attachment_2872\" style=\"width: 1034px\" class=\"wp-caption alignnone\"><img loading=\"lazy\" decoding=\"async\" aria-describedby=\"caption-attachment-2872\" class=\"wp-image-2872 size-large\" title=\"F\u00e5gelsk\u00e5dning och Wildlife Holiday\" src=\"https:\/\/legendatours.net\/wp-content\/uploads\/2020\/07\/birdwatching_group_holidays-1024x576.jpg\" alt=\"Birdwatching and Wildlife Holiday\" width=\"1024\" height=\"576\" \/><p id=\"caption-attachment-2872\" class=\"wp-caption-text\"><a href=\"..\/..\/product-tag\/birdwatching\/\">F\u00e5gelsk\u00e5dning<\/a> och Wildlife Holiday<\/p><\/div>\n<p>Dess underbara variation av livsmilj\u00f6er och geografiska l\u00e4ge lockar till sig en m\u00e4ngd h\u00e4ckande och \u00f6vervintrade arter och vid flyttningstider \u00e4r det ett viktigt mellanlandningsomr\u00e5de f\u00f6r otaliga f\u00e5glar p\u00e5 v\u00e4g till eller fr\u00e5n Afrika.<\/p>\n<div id=\"attachment_1733\" style=\"width: 1034px\" class=\"wp-caption alignnone\"><img loading=\"lazy\" decoding=\"async\" aria-describedby=\"caption-attachment-1733\" class=\"size-full wp-image-1733\" src=\"https:\/\/legendatours.net\/wp-content\/uploads\/2020\/03\/Great_bustard_birdwatching-e1611676653444.jpg\" alt=\"Birdwatching - looking for the Great Bustard photo Peter Dedicoat\" width=\"1024\" height=\"672\" \/><p id=\"caption-attachment-1733\" class=\"wp-caption-text\">F\u00e5gelsk\u00e5dning \u2013 letar efter den stora bustard<\/p><\/div>\n<p>Detta \u00e4r 8 dagar <a href=\"..\/..\/?s=birdwatching\" target=\"_blank\" rel=\"noopener noreferrer\">f\u00e5gelsk\u00e5dning<\/a> tur i Algarve och Alentejo med utflykter p\u00e5 jakt efter s\u00f6dra <a href=\"..\/..\/?s=birds\">Portugals bofasta och flyttf\u00e5glar<\/a>. Denna turn\u00e9 har valts specifikt f\u00f6r att ge dig chansen att njuta av det allra b\u00e4sta av f\u00e5gellivet i s\u00f6dra Portugal.<\/p>\n<div class=\"row\" style=\"display: flex;\">\n<div class=\"column\" style=\"flex: 45%;\">\n<p><iframe loading=\"lazy\" title=\"F\u00e5glar i s\u00f6dra Portugal\" width=\"1080\" height=\"608\" src=\"https:\/\/www.youtube.com\/embed\/q4ezd_AIbYM?feature=oembed\" frameborder=\"0\" allow=\"accelerometer; autoplay; clipboard-write; encrypted-media; gyroscope; picture-in-picture\" allowfullscreen><\/iframe><\/p>\n<\/div>\n<div class=\"column\" style=\"flex: 10%;\"><\/div>\n<div class=\"column\" style=\"flex: 45%;\">\n<p><iframe loading=\"lazy\" title=\"Falc\u00e3o Peregrino\" width=\"1080\" height=\"608\" src=\"https:\/\/www.youtube.com\/embed\/FuClZZq-sdM?list=PL_6Umd8jb1qvBUfpmdNirAfZNGPDknjjw\" frameborder=\"0\" allow=\"accelerometer; autoplay; clipboard-write; encrypted-media; gyroscope; picture-in-picture\" allowfullscreen><\/iframe><\/p>\n<\/div>\n<\/div>","protected":false},"excerpt":{"rendered":"<p>Detta \u00e4r en 8-dagars f\u00e5gelsk\u00e5dningstur i Algarve och Alentejo med utflykter p\u00e5 jakt efter s\u00f6dra Portugals bofasta och flyttf\u00e5glar. Denna turn\u00e9 har valts specifikt f\u00f6r att ge dig chansen att njuta av det allra b\u00e4sta av f\u00e5gellivet i s\u00f6dra Portugal.<\/p>","protected":false},"featured_media":7658,"comment_status":"closed","ping_status":"closed","template":"","meta":{"_acf_changed":false,"inline_featured_image":false},"product_brand":[],"product_cat":[423,28,30],"product_tag":[210,147,424,425,426,427,428,429,430,431,432,433,434,435,436,437,438,439,440,441,442,48,160,443,444,445,446,447,448,449,162,397,450,60,451,452,453,454,455,168,169,456,457,173,68,177,458,459],"class_list":{"0":"post-7672","1":"product","2":"type-product","3":"status-publish","4":"has-post-thumbnail","6":"product_cat-portugal-guided-birdwatching-holidays","7":"product_cat-guided-group-tours","8":"product_cat-guided-sightseeing-holidays-portugal","9":"product_tag-alentejo","10":"product_tag-algarve","11":"product_tag-best-birding-spots","12":"product_tag-best-of-the-algarvian-bird-life","13":"product_tag-bird-species","14":"product_tag-bird-watching-tours","15":"product_tag-bird-watching","16":"product_tag-birding","17":"product_tag-birding-algarve","18":"product_tag-birds","19":"product_tag-birdwatchers-paradise","20":"product_tag-birdwatching","21":"product_tag-birdwatching-algarve","22":"product_tag-birdwatching-portugal","23":"product_tag-black-tailed-godwits","24":"product_tag-black-winged-kite","25":"product_tag-blackheaded-weaver","26":"product_tag-booted-eagles","27":"product_tag-collared-pratincole","28":"product_tag-european-bee-eater","29":"product_tag-ferruginous-duck","30":"product_tag-guided-tours","31":"product_tag-holidays","32":"product_tag-kentish-plover","33":"product_tag-little-bittern","34":"product_tag-little-stints","35":"product_tag-little-tern","36":"product_tag-marsh-harriers","37":"product_tag-migratory-birds","38":"product_tag-nature-observation","39":"product_tag-nature-walks","40":"product_tag-observe-birds","41":"product_tag-penduline-tits","42":"product_tag-portugal","43":"product_tag-purple-heron","44":"product_tag-purple-swamp-hen","45":"product_tag-ramsar","46":"product_tag-red-crested-pochard","47":"product_tag-red-necked-nightjar","48":"product_tag-ria-formosa","49":"product_tag-ria-formosa-natural-park","50":"product_tag-ringed-plovers","51":"product_tag-southern-grey-shrikes","52":"product_tag-sunny-winters","53":"product_tag-tours-in-portugal","54":"product_tag-vacations","55":"product_tag-wintering-birds","56":"product_tag-woodchat","58":"first","59":"instock","60":"virtual","61":"product-type-simple"},"acf":[],"yoast_head":"<!-- This site is optimized with the Yoast SEO Premium plugin v26.8 (Yoast SEO v27.5) - https:\/\/yoast.com\/product\/yoast-seo-premium-wordpress\/ -->\n<title>Birding Holidays in the Algarve &amp; Alentejo - Legendary Adventure DMC Portugal<\/title>\n<meta name=\"robots\" content=\"index, follow, max-snippet:-1, max-image-preview:large, max-video-preview:-1\" \/>\n<link rel=\"canonical\" href=\"https:\/\/legendatours.com\/sv\/produkt\/birding-in-the-algarve-alentejo-3200g\/\" \/>\n<meta property=\"og:locale\" content=\"sv_SE\" \/>\n<meta property=\"og:type\" content=\"article\" \/>\n<meta property=\"og:title\" content=\"Birding Holidays in the Algarve &amp; Alentejo\" \/>\n<meta property=\"og:description\" content=\"This is an 8 days birdwatching tour in the Algarve and Alentejo with excursions in search of southern Portugal\u2019s resident and migrant birds. This tour has been specifically chosen to give you the chance of enjoying the very best of the birdlife in the South of Portugal.\" \/>\n<meta property=\"og:url\" content=\"https:\/\/legendatours.com\/sv\/produkt\/birding-in-the-algarve-alentejo-3200g\/\" \/>\n<meta property=\"og:site_name\" content=\"Legendary Adventure DMC Portugal\" \/>\n<meta property=\"article:publisher\" content=\"https:\/\/www.facebook.com\/legendaryadventuredmc\/\" \/>\n<meta property=\"article:modified_time\" content=\"2021-08-11T14:18:02+00:00\" \/>\n<meta property=\"og:image\" content=\"https:\/\/legendatours.com\/wp-content\/uploads\/sites\/12\/2021\/04\/Birdwatching_countryside-e1611669070744.jpg\" \/>\n\t<meta property=\"og:image:width\" content=\"1024\" \/>\n\t<meta property=\"og:image:height\" content=\"576\" \/>\n\t<meta property=\"og:image:type\" content=\"image\/jpeg\" \/>\n<meta name=\"twitter:card\" content=\"summary_large_image\" \/>\n<meta name=\"twitter:label1\" content=\"Ber\u00e4knad l\u00e4stid\" \/>\n\t<meta name=\"twitter:data1\" content=\"1 minut\" \/>\n<script type=\"application\/ld+json\" class=\"yoast-schema-graph\">{\"@context\":\"https:\\\/\\\/schema.org\",\"@graph\":[{\"@type\":\"WebPage\",\"@id\":\"https:\\\/\\\/legendatours.com\\\/product\\\/birding-in-the-algarve-alentejo-3200g\\\/\",\"url\":\"https:\\\/\\\/legendatours.com\\\/product\\\/birding-in-the-algarve-alentejo-3200g\\\/\",\"name\":\"Birding Holidays in the Algarve &amp; Alentejo - Legendary Adventure DMC Portugal\",\"isPartOf\":{\"@id\":\"https:\\\/\\\/legendatours.com\\\/#website\"},\"primaryImageOfPage\":{\"@id\":\"https:\\\/\\\/legendatours.com\\\/product\\\/birding-in-the-algarve-alentejo-3200g\\\/#primaryimage\"},\"image\":{\"@id\":\"https:\\\/\\\/legendatours.com\\\/product\\\/birding-in-the-algarve-alentejo-3200g\\\/#primaryimage\"},\"thumbnailUrl\":\"https:\\\/\\\/legendatours.com\\\/wp-content\\\/uploads\\\/sites\\\/12\\\/2021\\\/04\\\/Birdwatching_countryside-e1611669070744.jpg\",\"datePublished\":\"2020-07-10T15:27:16+00:00\",\"dateModified\":\"2021-08-11T14:18:02+00:00\",\"breadcrumb\":{\"@id\":\"https:\\\/\\\/legendatours.com\\\/product\\\/birding-in-the-algarve-alentejo-3200g\\\/#breadcrumb\"},\"inLanguage\":\"sv-SE\",\"potentialAction\":[{\"@type\":\"ReadAction\",\"target\":[\"https:\\\/\\\/legendatours.com\\\/product\\\/birding-in-the-algarve-alentejo-3200g\\\/\"]}]},{\"@type\":\"ImageObject\",\"inLanguage\":\"sv-SE\",\"@id\":\"https:\\\/\\\/legendatours.com\\\/product\\\/birding-in-the-algarve-alentejo-3200g\\\/#primaryimage\",\"url\":\"https:\\\/\\\/legendatours.com\\\/wp-content\\\/uploads\\\/sites\\\/12\\\/2021\\\/04\\\/Birdwatching_countryside-e1611669070744.jpg\",\"contentUrl\":\"https:\\\/\\\/legendatours.com\\\/wp-content\\\/uploads\\\/sites\\\/12\\\/2021\\\/04\\\/Birdwatching_countryside-e1611669070744.jpg\",\"width\":1024,\"height\":576,\"caption\":\"Birdwatching in the countryside in Ria Formosa\"},{\"@type\":\"BreadcrumbList\",\"@id\":\"https:\\\/\\\/legendatours.com\\\/product\\\/birding-in-the-algarve-alentejo-3200g\\\/#breadcrumb\",\"itemListElement\":[{\"@type\":\"ListItem\",\"position\":1,\"name\":\"Home\",\"item\":\"https:\\\/\\\/legendatours.com\\\/\"},{\"@type\":\"ListItem\",\"position\":2,\"name\":\"Shop\",\"item\":\"https:\\\/\\\/legendatours.com\\\/sv\\\/?page_id=4\"},{\"@type\":\"ListItem\",\"position\":3,\"name\":\"Birding Holidays in the Algarve &amp; Alentejo\"}]},{\"@type\":\"WebSite\",\"@id\":\"https:\\\/\\\/legendatours.com\\\/#website\",\"url\":\"https:\\\/\\\/legendatours.com\\\/\",\"name\":\"Legendary Adventure DMC Portugal\",\"description\":\"Responsible Walking &amp; Nature Holidays in Portugal\",\"publisher\":{\"@id\":\"https:\\\/\\\/legendatours.com\\\/#organization\"},\"alternateName\":\"Legendary Adventure Portugal\",\"potentialAction\":[{\"@type\":\"SearchAction\",\"target\":{\"@type\":\"EntryPoint\",\"urlTemplate\":\"https:\\\/\\\/legendatours.com\\\/?s={search_term_string}\"},\"query-input\":{\"@type\":\"PropertyValueSpecification\",\"valueRequired\":true,\"valueName\":\"search_term_string\"}}],\"inLanguage\":\"sv-SE\"},{\"@type\":\"Organization\",\"@id\":\"https:\\\/\\\/legendatours.com\\\/#organization\",\"name\":\"legendatours.com\",\"url\":\"https:\\\/\\\/legendatours.com\\\/\",\"logo\":{\"@type\":\"ImageObject\",\"inLanguage\":\"sv-SE\",\"@id\":\"https:\\\/\\\/legendatours.com\\\/#\\\/schema\\\/logo\\\/image\\\/\",\"url\":\"https:\\\/\\\/legendatours.com\\\/wp-content\\\/uploads\\\/sites\\\/12\\\/2021\\\/06\\\/legendary_adventure_dmc.png\",\"contentUrl\":\"https:\\\/\\\/legendatours.com\\\/wp-content\\\/uploads\\\/sites\\\/12\\\/2021\\\/06\\\/legendary_adventure_dmc.png\",\"width\":250,\"height\":74,\"caption\":\"legendatours.com\"},\"image\":{\"@id\":\"https:\\\/\\\/legendatours.com\\\/#\\\/schema\\\/logo\\\/image\\\/\"},\"sameAs\":[\"https:\\\/\\\/www.facebook.com\\\/legendaryadventuredmc\\\/\",\"https:\\\/\\\/www.linkedin.com\\\/company\\\/legendary-adventure-dmc-portugal\",\"https:\\\/\\\/www.youtube.com\\\/channel\\\/UCOIRDx_KM6ynIcacQkZjb6g\"]}]}<\/script>\n<!-- \/ Yoast SEO Premium plugin. -->","yoast_head_json":{"title":"F\u00e5gelsk\u00e5dningssemester i Algarve &amp; Alentejo - Legendariskt \u00e4ventyr DMC Portugal","robots":{"index":"index","follow":"follow","max-snippet":"max-snippet:-1","max-image-preview":"max-image-preview:large","max-video-preview":"max-video-preview:-1"},"canonical":"https:\/\/legendatours.com\/sv\/produkt\/birding-in-the-algarve-alentejo-3200g\/","og_locale":"sv_SE","og_type":"article","og_title":"Birding Holidays in the Algarve &amp; Alentejo","og_description":"This is an 8 days birdwatching tour in the Algarve and Alentejo with excursions in search of southern Portugal\u2019s resident and migrant birds. This tour has been specifically chosen to give you the chance of enjoying the very best of the birdlife in the South of Portugal.","og_url":"https:\/\/legendatours.com\/sv\/produkt\/birding-in-the-algarve-alentejo-3200g\/","og_site_name":"Legendary Adventure DMC Portugal","article_publisher":"https:\/\/www.facebook.com\/legendaryadventuredmc\/","article_modified_time":"2021-08-11T14:18:02+00:00","og_image":[{"width":1024,"height":576,"url":"https:\/\/legendatours.com\/wp-content\/uploads\/sites\/12\/2021\/04\/Birdwatching_countryside-e1611669070744.jpg","type":"image\/jpeg"}],"twitter_card":"summary_large_image","twitter_misc":{"Ber\u00e4knad l\u00e4stid":"1 minut"},"schema":{"@context":"https:\/\/schema.org","@graph":[{"@type":"WebPage","@id":"https:\/\/legendatours.com\/product\/birding-in-the-algarve-alentejo-3200g\/","url":"https:\/\/legendatours.com\/product\/birding-in-the-algarve-alentejo-3200g\/","name":"F\u00e5gelsk\u00e5dningssemester i Algarve &amp; Alentejo - Legendariskt \u00e4ventyr DMC Portugal","isPartOf":{"@id":"https:\/\/legendatours.com\/#website"},"primaryImageOfPage":{"@id":"https:\/\/legendatours.com\/product\/birding-in-the-algarve-alentejo-3200g\/#primaryimage"},"image":{"@id":"https:\/\/legendatours.com\/product\/birding-in-the-algarve-alentejo-3200g\/#primaryimage"},"thumbnailUrl":"https:\/\/legendatours.com\/wp-content\/uploads\/sites\/12\/2021\/04\/Birdwatching_countryside-e1611669070744.jpg","datePublished":"2020-07-10T15:27:16+00:00","dateModified":"2021-08-11T14:18:02+00:00","breadcrumb":{"@id":"https:\/\/legendatours.com\/product\/birding-in-the-algarve-alentejo-3200g\/#breadcrumb"},"inLanguage":"sv-SE","potentialAction":[{"@type":"ReadAction","target":["https:\/\/legendatours.com\/product\/birding-in-the-algarve-alentejo-3200g\/"]}]},{"@type":"ImageObject","inLanguage":"sv-SE","@id":"https:\/\/legendatours.com\/product\/birding-in-the-algarve-alentejo-3200g\/#primaryimage","url":"https:\/\/legendatours.com\/wp-content\/uploads\/sites\/12\/2021\/04\/Birdwatching_countryside-e1611669070744.jpg","contentUrl":"https:\/\/legendatours.com\/wp-content\/uploads\/sites\/12\/2021\/04\/Birdwatching_countryside-e1611669070744.jpg","width":1024,"height":576,"caption":"Birdwatching in the countryside in Ria Formosa"},{"@type":"BreadcrumbList","@id":"https:\/\/legendatours.com\/product\/birding-in-the-algarve-alentejo-3200g\/#breadcrumb","itemListElement":[{"@type":"ListItem","position":1,"name":"Home","item":"https:\/\/legendatours.com\/"},{"@type":"ListItem","position":2,"name":"Shop","item":"https:\/\/legendatours.com\/sv\/?page_id=4"},{"@type":"ListItem","position":3,"name":"Birding Holidays in the Algarve &amp; Alentejo"}]},{"@type":"WebSite","@id":"https:\/\/legendatours.com\/#website","url":"https:\/\/legendatours.com\/","name":"Legendariskt \u00e4ventyr DMC Portugal","description":"Ansvarsfulla vandringar och natursemester i Portugal","publisher":{"@id":"https:\/\/legendatours.com\/#organization"},"alternateName":"Legendary Adventure Portugal","potentialAction":[{"@type":"SearchAction","target":{"@type":"EntryPoint","urlTemplate":"https:\/\/legendatours.com\/?s={search_term_string}"},"query-input":{"@type":"PropertyValueSpecification","valueRequired":true,"valueName":"search_term_string"}}],"inLanguage":"sv-SE"},{"@type":"Organization","@id":"https:\/\/legendatours.com\/#organization","name":"legendatours.com","url":"https:\/\/legendatours.com\/","logo":{"@type":"ImageObject","inLanguage":"sv-SE","@id":"https:\/\/legendatours.com\/#\/schema\/logo\/image\/","url":"https:\/\/legendatours.com\/wp-content\/uploads\/sites\/12\/2021\/06\/legendary_adventure_dmc.png","contentUrl":"https:\/\/legendatours.com\/wp-content\/uploads\/sites\/12\/2021\/06\/legendary_adventure_dmc.png","width":250,"height":74,"caption":"legendatours.com"},"image":{"@id":"https:\/\/legendatours.com\/#\/schema\/logo\/image\/"},"sameAs":["https:\/\/www.facebook.com\/legendaryadventuredmc\/","https:\/\/www.linkedin.com\/company\/legendary-adventure-dmc-portugal","https:\/\/www.youtube.com\/channel\/UCOIRDx_KM6ynIcacQkZjb6g"]}]}},"_links":{"self":[{"href":"https:\/\/legendatours.com\/sv\/wp-json\/wp\/v2\/product\/7672","targetHints":{"allow":["GET"]}}],"collection":[{"href":"https:\/\/legendatours.com\/sv\/wp-json\/wp\/v2\/product"}],"about":[{"href":"https:\/\/legendatours.com\/sv\/wp-json\/wp\/v2\/types\/product"}],"replies":[{"embeddable":true,"href":"https:\/\/legendatours.com\/sv\/wp-json\/wp\/v2\/comments?post=7672"}],"wp:featuredmedia":[{"embeddable":true,"href":"https:\/\/legendatours.com\/sv\/wp-json\/wp\/v2\/media\/7658"}],"wp:attachment":[{"href":"https:\/\/legendatours.com\/sv\/wp-json\/wp\/v2\/media?parent=7672"}],"wp:term":[{"taxonomy":"product_brand","embeddable":true,"href":"https:\/\/legendatours.com\/sv\/wp-json\/wp\/v2\/product_brand?post=7672"},{"taxonomy":"product_cat","embeddable":true,"href":"https:\/\/legendatours.com\/sv\/wp-json\/wp\/v2\/product_cat?post=7672"},{"taxonomy":"product_tag","embeddable":true,"href":"https:\/\/legendatours.com\/sv\/wp-json\/wp\/v2\/product_tag?post=7672"}],"curies":[{"name":"wp","href":"https:\/\/api.w.org\/{rel}","templated":true}]}}