{"id":7684,"date":"2020-07-10T14:56:32","date_gmt":"2020-07-10T14:56:32","guid":{"rendered":"https:\/\/legendatours.com\/product\/birding-holidays-in-the-algarve\/"},"modified":"2021-08-11T14:20:07","modified_gmt":"2021-08-11T14:20:07","slug":"birding-in-the-algarve-3100g","status":"publish","type":"product","link":"https:\/\/legendatours.com\/sv\/produkt\/birding-in-the-algarve-3100g\/","title":{"rendered":"F\u00e5gelsk\u00e5dningssemester i Algarve"},"content":{"rendered":"<p><strong>Grupper accepteras med minst 6 personer.<\/strong><\/p>\n<p>&nbsp;<\/p>\n<p>Algarve \u00e4r med r\u00e4tta k\u00e4nt f\u00f6r sina gyllene sandstr\u00e4nder, golfbanor och underbara klimat \u00e5ret runt, men \u00e4r fortfarande en hemlig destination f\u00f6r fantastisk f\u00e5gelsk\u00e5dning. Regionen har en underbar variation av f\u00e5glar och m\u00e5nga platser d\u00e4r du kan g\u00e5 och hitta dem. N\u00e4r som helst p\u00e5 \u00e5ret finns det n\u00e5got av intresse att se.<\/p>\n<p>Detta \u00e4r en f\u00e5gelsk\u00e5dningstur baserad i Ria Formosa Natural Park (RFNP) och \u00e4r utformad f\u00f6r att hj\u00e4lpa dig att se s\u00e5 mycket av f\u00e5gellivet och floran som m\u00f6jligt. Vi tar dig ocks\u00e5 till flera v\u00e5tmarksomr\u00e5den v\u00e4ster om RFNP, Ludo och Quinta do Lago, och till East Castro Marim naturreservat.<\/p>\n<div id=\"attachment_1706\" style=\"width: 1034px\" class=\"wp-caption alignnone\"><img loading=\"lazy\" decoding=\"async\" aria-describedby=\"caption-attachment-1706\" class=\"wp-image-1706 size-large\" title=\"F\u00e5gelsk\u00e5dning Ria Formosa k\u00e4rr\" src=\"https:\/\/legendatours.net\/wp-content\/uploads\/2020\/05\/Birdwatching-Ria-Formosa-marshes-1024x683.jpg\" alt=\"Birdwatching Ria Formosa marshes\" width=\"1024\" height=\"683\" \/><p id=\"caption-attachment-1706\" class=\"wp-caption-text\">F\u00e5gelsk\u00e5dning Ria Formosa myrar, erk\u00e4nda f\u00f6r sin biologiska m\u00e5ngfald och ekologiska betydelse.<\/p><\/div>\n<p>RFNP t\u00e4cker ett omr\u00e5de p\u00e5 cirka 16 000 hektar som str\u00e4cker sig fr\u00e5n Manta Rota i \u00f6ster till Anc\u00e3o-stranden 60 km v\u00e4sterut. Ria best\u00e5r av kustlaguner, vidstr\u00e4ckta omr\u00e5den med tidvattens\u00e4ngar, saltk\u00e4rr och saltk\u00e4rl som omges av ett b\u00e4lte av sanddyner och halv\u00f6ar. Det \u00e4r av s\u00e4rskild betydelse som \u00f6vervintringsomr\u00e5de f\u00f6r m\u00e5nga f\u00e5glar fr\u00e5n norra Europa och som rast- och utfodringsstation f\u00f6r f\u00e5glar som vandrar mellan Afrika och Europa. Klassificerad som naturreservat p\u00e5 70-talet upph\u00f6jdes denna skyddsstatus till en naturpark 1987. Ria Formosa klassificeras ocks\u00e5 enligt Ramsarkonventionen som en v\u00e5tmark av internationell betydelse och som ett s\u00e4rskilt skyddsomr\u00e5de enligt EU:s direktiv om bevarande av Vilda f\u00e5glar.<\/p>\n<div id=\"attachment_1708\" style=\"width: 1034px\" class=\"wp-caption alignnone\"><img loading=\"lazy\" decoding=\"async\" aria-describedby=\"caption-attachment-1708\" class=\"wp-image-1708 size-large\" title=\"F\u00e5gelsk\u00e5dning Kentish Plover\" src=\"https:\/\/legendatours.net\/wp-content\/uploads\/2020\/05\/Birdwatching-Tavira-Kentish-Plover-1024x683.jpg\" alt=\"Birdwatching Kentish Plover\" width=\"1024\" height=\"683\" \/><p id=\"caption-attachment-1708\" class=\"wp-caption-text\">F\u00e5gelsk\u00e5dning Kentish Plover \u00e4r bosatt hela \u00e5ret, men det finns \u00e4ven b\u00e5de sommar- och vinterflyttf\u00e5glar som anl\u00e4nder.<\/p><\/div>\n<p>Bland de som f\u00f6rekommer i anm\u00e4rkningsv\u00e4rt antal \u00e4r svartstj\u00e4rtsn\u00e4va, ringpipare och sm\u00e5sn\u00e4ckor. Det finns ocks\u00e5 en m\u00e5ngsidig population av h\u00e4ckf\u00e5glar som inkluderar liten bitterh\u00f6na, lila tr\u00e4skh\u00f6na, lila h\u00e4ger, r\u00f6dhake, r\u00f6dhake, krage, pl\u00f6ver, europeisk bi\u00e4tare, r\u00f6dhalsad nattsk\u00e4rra, sn\u00e4cka och s\u00f6dra gr\u00e5skaka, och Lilla t\u00e4rna. Marsh Harriers \u00e4r bosatta liksom ett litet antal st\u00f6vlade \u00f6rnar, nu en vanlig syn p\u00e5 vintern. I v\u00e4ster finns det st\u00f6rsta omr\u00e5det av vass\u00e4ngar i Algarve, d\u00e4r man under s\u00e4song kan hitta j\u00e4rnanka, lilah\u00e4ger, svartvingad drake, pendulmesar och svarth\u00e5rig v\u00e4vare.<\/p>\n<p><iframe loading=\"lazy\" title=\"Castro Marim\" width=\"1080\" height=\"608\" src=\"https:\/\/www.youtube.com\/embed\/sbJjXvbNWho?list=PL_6Umd8jb1qvBUfpmdNirAfZNGPDknjjw\" frameborder=\"0\" allow=\"accelerometer; autoplay; clipboard-write; encrypted-media; gyroscope; picture-in-picture\" allowfullscreen><\/iframe><\/p>\n<p>&nbsp;<\/p>","protected":false},"excerpt":{"rendered":"<p>Algarve \u00e4r med r\u00e4tta k\u00e4nt f\u00f6r sina gyllene sandstr\u00e4nder, golfbanor och underbara klimat \u00e5ret runt, men \u00e4r fortfarande en hemlig destination f\u00f6r fantastisk f\u00e5gelsk\u00e5dning. Regionen har en underbar variation av f\u00e5glar och m\u00e5nga platser d\u00e4r du kan g\u00e5 och hitta dem. N\u00e4r som helst p\u00e5 \u00e5ret finns det n\u00e5got av intresse att se.<\/p>\n<p>Detta \u00e4r en f\u00e5gelsk\u00e5dningstur baserad i Ria Formosa Natural Park (RFNP) och \u00e4r utformad f\u00f6r att hj\u00e4lpa dig att se s\u00e5 mycket av f\u00e5gellivet och floran som m\u00f6jligt. Vi tar dig ocks\u00e5 till flera v\u00e5tmarksomr\u00e5den v\u00e4ster om RFNP, Ludo och Quinta do Lago, och till East Castro Marim naturreservat.<\/p>","protected":false},"featured_media":7673,"comment_status":"closed","ping_status":"closed","template":"","meta":{"_acf_changed":false,"inline_featured_image":false},"product_brand":[],"product_cat":[423,28,30],"product_tag":[147,424,428,429,430,433,436,437,438,439,460,461,440,441,442,48,160,443,444,445,446,447,449,162,450,60,451,452,453,454,455,462,168,463,169,456,464,457,173,465,68,177,466,458,459],"class_list":{"0":"post-7684","1":"product","2":"type-product","3":"status-publish","4":"has-post-thumbnail","6":"product_cat-portugal-guided-birdwatching-holidays","7":"product_cat-guided-group-tours","8":"product_cat-guided-sightseeing-holidays-portugal","9":"product_tag-algarve","10":"product_tag-best-birding-spots","11":"product_tag-bird-watching","12":"product_tag-birding","13":"product_tag-birding-algarve","14":"product_tag-birdwatching","15":"product_tag-black-tailed-godwits","16":"product_tag-black-winged-kite","17":"product_tag-blackheaded-weaver","18":"product_tag-booted-eagles","19":"product_tag-castro-marim","20":"product_tag-castro-marim-nature-reserve","21":"product_tag-collared-pratincole","22":"product_tag-european-bee-eater","23":"product_tag-ferruginous-duck","24":"product_tag-guided-tours","25":"product_tag-holidays","26":"product_tag-kentish-plover","27":"product_tag-little-bittern","28":"product_tag-little-stints","29":"product_tag-little-tern","30":"product_tag-marsh-harriers","31":"product_tag-nature-observation","32":"product_tag-nature-walks","33":"product_tag-penduline-tits","34":"product_tag-portugal","35":"product_tag-purple-heron","36":"product_tag-purple-swamp-hen","37":"product_tag-ramsar","38":"product_tag-red-crested-pochard","39":"product_tag-red-necked-nightjar","40":"product_tag-resident-and-migrant-birds","41":"product_tag-ria-formosa","42":"product_tag-ria-formosa-birdwatching","43":"product_tag-ria-formosa-natural-park","44":"product_tag-ringed-plovers","45":"product_tag-see-migratory-birds","46":"product_tag-southern-grey-shrikes","47":"product_tag-sunny-winters","48":"product_tag-top-class-birding","49":"product_tag-tours-in-portugal","50":"product_tag-vacations","51":"product_tag-water-birds","52":"product_tag-wintering-birds","53":"product_tag-woodchat","55":"first","56":"instock","57":"virtual","58":"product-type-simple"},"acf":[],"yoast_head":"<!-- This site is optimized with the Yoast SEO Premium plugin v26.8 (Yoast SEO v27.5) - https:\/\/yoast.com\/product\/yoast-seo-premium-wordpress\/ -->\n<title>Birding Holidays in the Algarve - Legendary Adventure DMC Portugal<\/title>\n<meta name=\"robots\" content=\"index, follow, max-snippet:-1, max-image-preview:large, max-video-preview:-1\" \/>\n<link rel=\"canonical\" href=\"https:\/\/legendatours.com\/sv\/produkt\/birding-in-the-algarve-3100g\/\" \/>\n<meta property=\"og:locale\" content=\"sv_SE\" \/>\n<meta property=\"og:type\" content=\"article\" \/>\n<meta property=\"og:title\" content=\"Birding Holidays in the Algarve\" \/>\n<meta property=\"og:description\" content=\"The Algarve is rightly famed for its golden sandy beaches, golf courses, and wonderful year-round climate but is still a secret destination for great birding. The region has a wonderful variety of birds and many places where you can go and find them. At almost any time of the year, there is something of interest to see.  This is a birding tour based in the Ria Formosa Natural Park (RFNP) and is designed to help you see as much of the avifauna and flora as possible. We\u2019ll also take you to several wetland areas west of the RFNP, Ludo and Quinta do Lago, and to East Castro Marim Natural Reserve.\" \/>\n<meta property=\"og:url\" content=\"https:\/\/legendatours.com\/sv\/produkt\/birding-in-the-algarve-3100g\/\" \/>\n<meta property=\"og:site_name\" content=\"Legendary Adventure DMC Portugal\" \/>\n<meta property=\"article:publisher\" content=\"https:\/\/www.facebook.com\/legendaryadventuredmc\/\" \/>\n<meta property=\"article:modified_time\" content=\"2021-08-11T14:20:07+00:00\" \/>\n<meta property=\"og:image\" content=\"https:\/\/legendatours.com\/wp-content\/uploads\/sites\/12\/2021\/04\/Birdwatching_Ria_formosa-1-e1611676713487.jpg\" \/>\n\t<meta property=\"og:image:width\" content=\"1024\" \/>\n\t<meta property=\"og:image:height\" content=\"699\" \/>\n\t<meta property=\"og:image:type\" content=\"image\/jpeg\" \/>\n<meta name=\"twitter:card\" content=\"summary_large_image\" \/>\n<meta name=\"twitter:label1\" content=\"Ber\u00e4knad l\u00e4stid\" \/>\n\t<meta name=\"twitter:data1\" content=\"2 minuter\" \/>\n<script type=\"application\/ld+json\" class=\"yoast-schema-graph\">{\"@context\":\"https:\\\/\\\/schema.org\",\"@graph\":[{\"@type\":\"WebPage\",\"@id\":\"https:\\\/\\\/legendatours.com\\\/product\\\/birding-in-the-algarve-3100g\\\/\",\"url\":\"https:\\\/\\\/legendatours.com\\\/product\\\/birding-in-the-algarve-3100g\\\/\",\"name\":\"Birding Holidays in the Algarve - Legendary Adventure DMC Portugal\",\"isPartOf\":{\"@id\":\"https:\\\/\\\/legendatours.com\\\/#website\"},\"primaryImageOfPage\":{\"@id\":\"https:\\\/\\\/legendatours.com\\\/product\\\/birding-in-the-algarve-3100g\\\/#primaryimage\"},\"image\":{\"@id\":\"https:\\\/\\\/legendatours.com\\\/product\\\/birding-in-the-algarve-3100g\\\/#primaryimage\"},\"thumbnailUrl\":\"https:\\\/\\\/legendatours.com\\\/wp-content\\\/uploads\\\/sites\\\/12\\\/2021\\\/04\\\/Birdwatching_Ria_formosa-1-e1611676713487.jpg\",\"datePublished\":\"2020-07-10T14:56:32+00:00\",\"dateModified\":\"2021-08-11T14:20:07+00:00\",\"breadcrumb\":{\"@id\":\"https:\\\/\\\/legendatours.com\\\/product\\\/birding-in-the-algarve-3100g\\\/#breadcrumb\"},\"inLanguage\":\"sv-SE\",\"potentialAction\":[{\"@type\":\"ReadAction\",\"target\":[\"https:\\\/\\\/legendatours.com\\\/product\\\/birding-in-the-algarve-3100g\\\/\"]}]},{\"@type\":\"ImageObject\",\"inLanguage\":\"sv-SE\",\"@id\":\"https:\\\/\\\/legendatours.com\\\/product\\\/birding-in-the-algarve-3100g\\\/#primaryimage\",\"url\":\"https:\\\/\\\/legendatours.com\\\/wp-content\\\/uploads\\\/sites\\\/12\\\/2021\\\/04\\\/Birdwatching_Ria_formosa-1-e1611676713487.jpg\",\"contentUrl\":\"https:\\\/\\\/legendatours.com\\\/wp-content\\\/uploads\\\/sites\\\/12\\\/2021\\\/04\\\/Birdwatching_Ria_formosa-1-e1611676713487.jpg\",\"width\":1024,\"height\":699,\"caption\":\"Birdwatching Ria Formosa\"},{\"@type\":\"BreadcrumbList\",\"@id\":\"https:\\\/\\\/legendatours.com\\\/product\\\/birding-in-the-algarve-3100g\\\/#breadcrumb\",\"itemListElement\":[{\"@type\":\"ListItem\",\"position\":1,\"name\":\"Home\",\"item\":\"https:\\\/\\\/legendatours.com\\\/\"},{\"@type\":\"ListItem\",\"position\":2,\"name\":\"Shop\",\"item\":\"https:\\\/\\\/legendatours.com\\\/sv\\\/?page_id=4\"},{\"@type\":\"ListItem\",\"position\":3,\"name\":\"Birding Holidays in the Algarve\"}]},{\"@type\":\"WebSite\",\"@id\":\"https:\\\/\\\/legendatours.com\\\/#website\",\"url\":\"https:\\\/\\\/legendatours.com\\\/\",\"name\":\"Legendary Adventure DMC Portugal\",\"description\":\"Responsible Walking &amp; Nature Holidays in Portugal\",\"publisher\":{\"@id\":\"https:\\\/\\\/legendatours.com\\\/#organization\"},\"alternateName\":\"Legendary Adventure Portugal\",\"potentialAction\":[{\"@type\":\"SearchAction\",\"target\":{\"@type\":\"EntryPoint\",\"urlTemplate\":\"https:\\\/\\\/legendatours.com\\\/?s={search_term_string}\"},\"query-input\":{\"@type\":\"PropertyValueSpecification\",\"valueRequired\":true,\"valueName\":\"search_term_string\"}}],\"inLanguage\":\"sv-SE\"},{\"@type\":\"Organization\",\"@id\":\"https:\\\/\\\/legendatours.com\\\/#organization\",\"name\":\"legendatours.com\",\"url\":\"https:\\\/\\\/legendatours.com\\\/\",\"logo\":{\"@type\":\"ImageObject\",\"inLanguage\":\"sv-SE\",\"@id\":\"https:\\\/\\\/legendatours.com\\\/#\\\/schema\\\/logo\\\/image\\\/\",\"url\":\"https:\\\/\\\/legendatours.com\\\/wp-content\\\/uploads\\\/sites\\\/12\\\/2021\\\/06\\\/legendary_adventure_dmc.png\",\"contentUrl\":\"https:\\\/\\\/legendatours.com\\\/wp-content\\\/uploads\\\/sites\\\/12\\\/2021\\\/06\\\/legendary_adventure_dmc.png\",\"width\":250,\"height\":74,\"caption\":\"legendatours.com\"},\"image\":{\"@id\":\"https:\\\/\\\/legendatours.com\\\/#\\\/schema\\\/logo\\\/image\\\/\"},\"sameAs\":[\"https:\\\/\\\/www.facebook.com\\\/legendaryadventuredmc\\\/\",\"https:\\\/\\\/www.linkedin.com\\\/company\\\/legendary-adventure-dmc-portugal\",\"https:\\\/\\\/www.youtube.com\\\/channel\\\/UCOIRDx_KM6ynIcacQkZjb6g\"]}]}<\/script>\n<!-- \/ Yoast SEO Premium plugin. -->","yoast_head_json":{"title":"F\u00e5gelsk\u00e5dningssemester i Algarve - Legendariskt \u00e4ventyr DMC Portugal","robots":{"index":"index","follow":"follow","max-snippet":"max-snippet:-1","max-image-preview":"max-image-preview:large","max-video-preview":"max-video-preview:-1"},"canonical":"https:\/\/legendatours.com\/sv\/produkt\/birding-in-the-algarve-3100g\/","og_locale":"sv_SE","og_type":"article","og_title":"Birding Holidays in the Algarve","og_description":"The Algarve is rightly famed for its golden sandy beaches, golf courses, and wonderful year-round climate but is still a secret destination for great birding. The region has a wonderful variety of birds and many places where you can go and find them. At almost any time of the year, there is something of interest to see.  This is a birding tour based in the Ria Formosa Natural Park (RFNP) and is designed to help you see as much of the avifauna and flora as possible. We\u2019ll also take you to several wetland areas west of the RFNP, Ludo and Quinta do Lago, and to East Castro Marim Natural Reserve.","og_url":"https:\/\/legendatours.com\/sv\/produkt\/birding-in-the-algarve-3100g\/","og_site_name":"Legendary Adventure DMC Portugal","article_publisher":"https:\/\/www.facebook.com\/legendaryadventuredmc\/","article_modified_time":"2021-08-11T14:20:07+00:00","og_image":[{"width":1024,"height":699,"url":"https:\/\/legendatours.com\/wp-content\/uploads\/sites\/12\/2021\/04\/Birdwatching_Ria_formosa-1-e1611676713487.jpg","type":"image\/jpeg"}],"twitter_card":"summary_large_image","twitter_misc":{"Ber\u00e4knad l\u00e4stid":"2 minuter"},"schema":{"@context":"https:\/\/schema.org","@graph":[{"@type":"WebPage","@id":"https:\/\/legendatours.com\/product\/birding-in-the-algarve-3100g\/","url":"https:\/\/legendatours.com\/product\/birding-in-the-algarve-3100g\/","name":"F\u00e5gelsk\u00e5dningssemester i Algarve - Legendariskt \u00e4ventyr DMC Portugal","isPartOf":{"@id":"https:\/\/legendatours.com\/#website"},"primaryImageOfPage":{"@id":"https:\/\/legendatours.com\/product\/birding-in-the-algarve-3100g\/#primaryimage"},"image":{"@id":"https:\/\/legendatours.com\/product\/birding-in-the-algarve-3100g\/#primaryimage"},"thumbnailUrl":"https:\/\/legendatours.com\/wp-content\/uploads\/sites\/12\/2021\/04\/Birdwatching_Ria_formosa-1-e1611676713487.jpg","datePublished":"2020-07-10T14:56:32+00:00","dateModified":"2021-08-11T14:20:07+00:00","breadcrumb":{"@id":"https:\/\/legendatours.com\/product\/birding-in-the-algarve-3100g\/#breadcrumb"},"inLanguage":"sv-SE","potentialAction":[{"@type":"ReadAction","target":["https:\/\/legendatours.com\/product\/birding-in-the-algarve-3100g\/"]}]},{"@type":"ImageObject","inLanguage":"sv-SE","@id":"https:\/\/legendatours.com\/product\/birding-in-the-algarve-3100g\/#primaryimage","url":"https:\/\/legendatours.com\/wp-content\/uploads\/sites\/12\/2021\/04\/Birdwatching_Ria_formosa-1-e1611676713487.jpg","contentUrl":"https:\/\/legendatours.com\/wp-content\/uploads\/sites\/12\/2021\/04\/Birdwatching_Ria_formosa-1-e1611676713487.jpg","width":1024,"height":699,"caption":"Birdwatching Ria Formosa"},{"@type":"BreadcrumbList","@id":"https:\/\/legendatours.com\/product\/birding-in-the-algarve-3100g\/#breadcrumb","itemListElement":[{"@type":"ListItem","position":1,"name":"Home","item":"https:\/\/legendatours.com\/"},{"@type":"ListItem","position":2,"name":"Shop","item":"https:\/\/legendatours.com\/sv\/?page_id=4"},{"@type":"ListItem","position":3,"name":"Birding Holidays in the Algarve"}]},{"@type":"WebSite","@id":"https:\/\/legendatours.com\/#website","url":"https:\/\/legendatours.com\/","name":"Legendariskt \u00e4ventyr DMC Portugal","description":"Ansvarsfulla vandringar och natursemester i Portugal","publisher":{"@id":"https:\/\/legendatours.com\/#organization"},"alternateName":"Legendary Adventure Portugal","potentialAction":[{"@type":"SearchAction","target":{"@type":"EntryPoint","urlTemplate":"https:\/\/legendatours.com\/?s={search_term_string}"},"query-input":{"@type":"PropertyValueSpecification","valueRequired":true,"valueName":"search_term_string"}}],"inLanguage":"sv-SE"},{"@type":"Organization","@id":"https:\/\/legendatours.com\/#organization","name":"legendatours.com","url":"https:\/\/legendatours.com\/","logo":{"@type":"ImageObject","inLanguage":"sv-SE","@id":"https:\/\/legendatours.com\/#\/schema\/logo\/image\/","url":"https:\/\/legendatours.com\/wp-content\/uploads\/sites\/12\/2021\/06\/legendary_adventure_dmc.png","contentUrl":"https:\/\/legendatours.com\/wp-content\/uploads\/sites\/12\/2021\/06\/legendary_adventure_dmc.png","width":250,"height":74,"caption":"legendatours.com"},"image":{"@id":"https:\/\/legendatours.com\/#\/schema\/logo\/image\/"},"sameAs":["https:\/\/www.facebook.com\/legendaryadventuredmc\/","https:\/\/www.linkedin.com\/company\/legendary-adventure-dmc-portugal","https:\/\/www.youtube.com\/channel\/UCOIRDx_KM6ynIcacQkZjb6g"]}]}},"_links":{"self":[{"href":"https:\/\/legendatours.com\/sv\/wp-json\/wp\/v2\/product\/7684","targetHints":{"allow":["GET"]}}],"collection":[{"href":"https:\/\/legendatours.com\/sv\/wp-json\/wp\/v2\/product"}],"about":[{"href":"https:\/\/legendatours.com\/sv\/wp-json\/wp\/v2\/types\/product"}],"replies":[{"embeddable":true,"href":"https:\/\/legendatours.com\/sv\/wp-json\/wp\/v2\/comments?post=7684"}],"wp:featuredmedia":[{"embeddable":true,"href":"https:\/\/legendatours.com\/sv\/wp-json\/wp\/v2\/media\/7673"}],"wp:attachment":[{"href":"https:\/\/legendatours.com\/sv\/wp-json\/wp\/v2\/media?parent=7684"}],"wp:term":[{"taxonomy":"product_brand","embeddable":true,"href":"https:\/\/legendatours.com\/sv\/wp-json\/wp\/v2\/product_brand?post=7684"},{"taxonomy":"product_cat","embeddable":true,"href":"https:\/\/legendatours.com\/sv\/wp-json\/wp\/v2\/product_cat?post=7684"},{"taxonomy":"product_tag","embeddable":true,"href":"https:\/\/legendatours.com\/sv\/wp-json\/wp\/v2\/product_tag?post=7684"}],"curies":[{"name":"wp","href":"https:\/\/api.w.org\/{rel}","templated":true}]}}