{"id":7710,"date":"2020-07-10T11:17:10","date_gmt":"2020-07-10T11:17:10","guid":{"rendered":"https:\/\/legendatours.com\/product\/holidays-walking-in-west-madeira\/"},"modified":"2025-02-27T15:28:18","modified_gmt":"2025-02-27T15:28:18","slug":"west-madeira-13200g","status":"publish","type":"product","link":"https:\/\/legendatours.com\/sv\/produkt\/west-madeira-13200g\/","title":{"rendered":"Semestervandring p\u00e5 v\u00e4stra Madeira"},"content":{"rendered":"<p><strong>Grupper accepteras med minst 6 personer.<\/strong><\/p>\n<p>&nbsp;<\/p>\n<p>Madeira Island har en m\u00e4ngd promenader att erbjuda i sina mer avl\u00e4gsna delar, liksom de exceptionella promenaderna som \u00e4r tillg\u00e4ngliga fr\u00e5n \u00f6ns huvudstad Funchal. Bland andra promenader kan vi utforska mindre k\u00e4nda levador, de smala bevattningskanalerna som tar vatten fr\u00e5n de norra kullarna till de s\u00f6dra terrasserna.<\/p>\n<div id=\"attachment_2835\" style=\"width: 1034px\" class=\"wp-caption alignnone\"><img loading=\"lazy\" decoding=\"async\" aria-describedby=\"caption-attachment-2835\" class=\"wp-image-2835 size-full\" title=\"Madeira typiska hus\" src=\"https:\/\/legendatours.net\/wp-content\/uploads\/2020\/07\/typical_houses_madeira.jpg\" alt=\"Madeira typical Santana houses\" width=\"1024\" height=\"768\" \/><p id=\"caption-attachment-2835\" class=\"wp-caption-text\">Madeira typiska hus<\/p><\/div>\n<p>Vi b\u00f6rjar i Porto Moniz i \u00f6ns nordv\u00e4stra h\u00f6rn. Det \u00e4r en skyddad hamn d\u00e4r en massa spetsiga rev i lavastenarna ger naturliga badbass\u00e4nger.<\/p>\n<p>Avl\u00e4gsenhet \u00e4r den enda anledningen till att omr\u00e5det ser f\u00e5 bes\u00f6kare.<\/p>\n<p>Vandringen tar oss \u00f6ver branta terrasserade sluttningar, ofta med utsikt \u00f6ver kusten d\u00e4r atlantiska rullar kraschar in. Vi promenerar ocks\u00e5 i den fridfulla Levada do Moinho med flera vattenkvarnar l\u00e4ngs banan.<\/p>\n<div id=\"attachment_2736\" style=\"width: 1034px\" class=\"wp-caption alignnone\"><img loading=\"lazy\" decoding=\"async\" aria-describedby=\"caption-attachment-2736\" class=\"wp-image-2736 size-full\" src=\"https:\/\/legendatours.net\/wp-content\/uploads\/2020\/07\/Walk_madeira_Levada_Castelejo-e1611683538923.jpg\" alt=\"Walk in Madeira\" width=\"1024\" height=\"684\" \/><p id=\"caption-attachment-2736\" class=\"wp-caption-text\">G\u00e5 in p\u00e5 Madeira. Utforska de lite bes\u00f6kta byarna, l\u00e4ngst nordv\u00e4st om Madeira.<\/p><\/div>\n<p>P\u00e5 v\u00e4g till v\u00e5rt n\u00e4sta centrum, Ponta do Sol, p\u00e5 s\u00f6dra kusten, g\u00e5r vi l\u00e4ngs Levada de Lombo de Mouro, en attraktiv och liten promenad Levada som b\u00f6rjar h\u00f6gt upp n\u00e4ra \u00f6ns centrala pass vid Encumeada.<\/p>\n<p>Ponta do Sol \u00e4r en liten by, inb\u00e4ddat mellan terrasserade sluttningar d\u00e4r v\u00e5rt hotell ligger sekunder fr\u00e5n havet. Den har en vacker bergsbakgrund, men den st\u00f6rsta attraktionen \u00e4r dess vulkaniska lavapooler som smakfullt f\u00f6rvandlats till ett lido, med g\u00e5ngv\u00e4gar och broar.<\/p>\n<div class=\"row\">\n<div class=\"column\" style=\"flex: 45%\">\n<p><iframe loading=\"lazy\" title=\"Vandring p\u00e5 Madeira - v\u00e4rldens vackraste sp\u00e5r\" width=\"1080\" height=\"608\" src=\"https:\/\/www.youtube.com\/embed\/e5InoSl1H2o?feature=oembed\" frameborder=\"0\" allow=\"accelerometer; autoplay; clipboard-write; encrypted-media; gyroscope; picture-in-picture\" allowfullscreen><\/iframe><\/p>\n<\/div>\n<div class=\"column\" style=\"flex: 10%\"><\/div>\n<div class=\"column\" style=\"flex: 45%\">\n<p><iframe loading=\"lazy\" title=\"Madeira | V\u00e4gen till Pico Ruivo\" width=\"1080\" height=\"608\" src=\"https:\/\/www.youtube.com\/embed\/IlpBJP0z8Kw?feature=oembed\" frameborder=\"0\" allow=\"accelerometer; autoplay; clipboard-write; encrypted-media; gyroscope; picture-in-picture\" allowfullscreen><\/iframe><\/p>\n<\/div>\n<\/div>","protected":false},"excerpt":{"rendered":"<p>Madeira Island har en m\u00e4ngd promenader att erbjuda i sina mer avl\u00e4gsna delar, liksom de exceptionella promenaderna som \u00e4r tillg\u00e4ngliga fr\u00e5n \u00f6ns huvudstad Funchal. Bland andra promenader kan vi utforska mindre k\u00e4nda levador, de smala bevattningskanalerna som tar vatten fr\u00e5n de norra kullarna till de s\u00f6dra terrasserna.<\/p>","protected":false},"featured_media":7707,"comment_status":"closed","ping_status":"closed","template":"","meta":{"_acf_changed":false,"inline_featured_image":false},"product_brand":[],"product_cat":[32,28,29,30,31],"product_tag":[506,507,78,508,509,510,511,87,512,94,513,514,515,516,492,493,494,95,98,99,517,518,519,520,521,522,208,523,524,525,526,527],"class_list":{"0":"post-7710","1":"product","2":"type-product","3":"status-publish","4":"has-post-thumbnail","6":"product_cat-cultural-tours-and-holidays-in-portugal","7":"product_cat-guided-group-tours","8":"product_cat-portugal-guided-historical-holidays","9":"product_cat-guided-sightseeing-holidays-portugal","10":"product_cat-guided-walking-holidays-in-portugal","11":"product_tag-atlantic-ocean","12":"product_tag-banana-plantations","13":"product_tag-beautiful-landscapes","14":"product_tag-corujeira","15":"product_tag-encumeada","16":"product_tag-fontes-chao-dos-terreiros","17":"product_tag-funchal","18":"product_tag-green-landscape","19":"product_tag-lamaceiras","20":"product_tag-landscape","21":"product_tag-levada-de-lombo-de-mouro","22":"product_tag-levada-do-moinho","23":"product_tag-levada-nova-and-levada-do-moinho","24":"product_tag-levadas","25":"product_tag-madeira","26":"product_tag-madeira-island","27":"product_tag-madeira-walks","28":"product_tag-magnificent-landscape","29":"product_tag-natural-reserves","30":"product_tag-natural-scenery","31":"product_tag-ponta-do-sol","32":"product_tag-porto-moniz","33":"product_tag-rabacal","34":"product_tag-ribeira-da-janela","35":"product_tag-sub-tropical-woodland","36":"product_tag-tiny-levada","37":"product_tag-traditional-villages","38":"product_tag-ush-woodland","39":"product_tag-village-of-santa","40":"product_tag-walkways-and-bridges","41":"product_tag-waterfall-of-risco","42":"product_tag-waterfalls","44":"first","45":"instock","46":"virtual","47":"product-type-simple"},"acf":[],"yoast_head":"<!-- This site is optimized with the Yoast SEO Premium plugin v26.8 (Yoast SEO v27.5) - https:\/\/yoast.com\/product\/yoast-seo-premium-wordpress\/ -->\n<title>Holidays Walking in West Madeira - Legendary Adventure DMC Portugal<\/title>\n<meta name=\"robots\" content=\"index, follow, max-snippet:-1, max-image-preview:large, max-video-preview:-1\" \/>\n<link rel=\"canonical\" href=\"https:\/\/legendatours.com\/sv\/produkt\/west-madeira-13200g\/\" \/>\n<meta property=\"og:locale\" content=\"sv_SE\" \/>\n<meta property=\"og:type\" content=\"article\" \/>\n<meta property=\"og:title\" content=\"Holidays Walking in West Madeira\" \/>\n<meta property=\"og:description\" content=\"Madeira Island has a wealth of walking to offer in its more remote parts, as well as the exceptional walks accessible from the island\u2019s capital Funchal. Amongst other walks, we are able to explore less well-known levadas, the narrow mountain irrigation channels which take water from the northern hills to the southern terraces.\" \/>\n<meta property=\"og:url\" content=\"https:\/\/legendatours.com\/sv\/produkt\/west-madeira-13200g\/\" \/>\n<meta property=\"og:site_name\" content=\"Legendary Adventure DMC Portugal\" \/>\n<meta property=\"article:publisher\" content=\"https:\/\/www.facebook.com\/legendaryadventuredmc\/\" \/>\n<meta property=\"article:modified_time\" content=\"2025-02-27T15:28:18+00:00\" \/>\n<meta property=\"og:image\" content=\"https:\/\/legendatours.com\/wp-content\/uploads\/sites\/12\/2021\/04\/Walk_madeira_Levada_Castelejo-e1611683538923.jpg\" \/>\n\t<meta property=\"og:image:width\" content=\"1024\" \/>\n\t<meta property=\"og:image:height\" content=\"684\" \/>\n\t<meta property=\"og:image:type\" content=\"image\/jpeg\" \/>\n<meta name=\"twitter:card\" content=\"summary_large_image\" \/>\n<meta name=\"twitter:label1\" content=\"Ber\u00e4knad l\u00e4stid\" \/>\n\t<meta name=\"twitter:data1\" content=\"1 minut\" \/>\n<script type=\"application\/ld+json\" class=\"yoast-schema-graph\">{\"@context\":\"https:\\\/\\\/schema.org\",\"@graph\":[{\"@type\":\"WebPage\",\"@id\":\"https:\\\/\\\/legendatours.com\\\/product\\\/west-madeira-13200g\\\/\",\"url\":\"https:\\\/\\\/legendatours.com\\\/product\\\/west-madeira-13200g\\\/\",\"name\":\"Holidays Walking in West Madeira - Legendary Adventure DMC Portugal\",\"isPartOf\":{\"@id\":\"https:\\\/\\\/legendatours.com\\\/#website\"},\"primaryImageOfPage\":{\"@id\":\"https:\\\/\\\/legendatours.com\\\/product\\\/west-madeira-13200g\\\/#primaryimage\"},\"image\":{\"@id\":\"https:\\\/\\\/legendatours.com\\\/product\\\/west-madeira-13200g\\\/#primaryimage\"},\"thumbnailUrl\":\"https:\\\/\\\/legendatours.com\\\/wp-content\\\/uploads\\\/sites\\\/12\\\/2021\\\/04\\\/Walk_madeira_Levada_Castelejo-e1611683538923.jpg\",\"datePublished\":\"2020-07-10T11:17:10+00:00\",\"dateModified\":\"2025-02-27T15:28:18+00:00\",\"breadcrumb\":{\"@id\":\"https:\\\/\\\/legendatours.com\\\/product\\\/west-madeira-13200g\\\/#breadcrumb\"},\"inLanguage\":\"sv-SE\",\"potentialAction\":[{\"@type\":\"ReadAction\",\"target\":[\"https:\\\/\\\/legendatours.com\\\/product\\\/west-madeira-13200g\\\/\"]}]},{\"@type\":\"ImageObject\",\"inLanguage\":\"sv-SE\",\"@id\":\"https:\\\/\\\/legendatours.com\\\/product\\\/west-madeira-13200g\\\/#primaryimage\",\"url\":\"https:\\\/\\\/legendatours.com\\\/wp-content\\\/uploads\\\/sites\\\/12\\\/2021\\\/04\\\/Walk_madeira_Levada_Castelejo-e1611683538923.jpg\",\"contentUrl\":\"https:\\\/\\\/legendatours.com\\\/wp-content\\\/uploads\\\/sites\\\/12\\\/2021\\\/04\\\/Walk_madeira_Levada_Castelejo-e1611683538923.jpg\",\"width\":1024,\"height\":684,\"caption\":\"Walk in Madeira\"},{\"@type\":\"BreadcrumbList\",\"@id\":\"https:\\\/\\\/legendatours.com\\\/product\\\/west-madeira-13200g\\\/#breadcrumb\",\"itemListElement\":[{\"@type\":\"ListItem\",\"position\":1,\"name\":\"Home\",\"item\":\"https:\\\/\\\/legendatours.com\\\/\"},{\"@type\":\"ListItem\",\"position\":2,\"name\":\"Shop\",\"item\":\"https:\\\/\\\/legendatours.com\\\/sv\\\/?page_id=4\"},{\"@type\":\"ListItem\",\"position\":3,\"name\":\"Holidays Walking in West Madeira\"}]},{\"@type\":\"WebSite\",\"@id\":\"https:\\\/\\\/legendatours.com\\\/#website\",\"url\":\"https:\\\/\\\/legendatours.com\\\/\",\"name\":\"Legendary Adventure DMC Portugal\",\"description\":\"Responsible Walking &amp; Nature Holidays in Portugal\",\"publisher\":{\"@id\":\"https:\\\/\\\/legendatours.com\\\/#organization\"},\"alternateName\":\"Legendary Adventure Portugal\",\"potentialAction\":[{\"@type\":\"SearchAction\",\"target\":{\"@type\":\"EntryPoint\",\"urlTemplate\":\"https:\\\/\\\/legendatours.com\\\/?s={search_term_string}\"},\"query-input\":{\"@type\":\"PropertyValueSpecification\",\"valueRequired\":true,\"valueName\":\"search_term_string\"}}],\"inLanguage\":\"sv-SE\"},{\"@type\":\"Organization\",\"@id\":\"https:\\\/\\\/legendatours.com\\\/#organization\",\"name\":\"legendatours.com\",\"url\":\"https:\\\/\\\/legendatours.com\\\/\",\"logo\":{\"@type\":\"ImageObject\",\"inLanguage\":\"sv-SE\",\"@id\":\"https:\\\/\\\/legendatours.com\\\/#\\\/schema\\\/logo\\\/image\\\/\",\"url\":\"https:\\\/\\\/legendatours.com\\\/wp-content\\\/uploads\\\/sites\\\/12\\\/2021\\\/06\\\/legendary_adventure_dmc.png\",\"contentUrl\":\"https:\\\/\\\/legendatours.com\\\/wp-content\\\/uploads\\\/sites\\\/12\\\/2021\\\/06\\\/legendary_adventure_dmc.png\",\"width\":250,\"height\":74,\"caption\":\"legendatours.com\"},\"image\":{\"@id\":\"https:\\\/\\\/legendatours.com\\\/#\\\/schema\\\/logo\\\/image\\\/\"},\"sameAs\":[\"https:\\\/\\\/www.facebook.com\\\/legendaryadventuredmc\\\/\",\"https:\\\/\\\/www.linkedin.com\\\/company\\\/legendary-adventure-dmc-portugal\",\"https:\\\/\\\/www.youtube.com\\\/channel\\\/UCOIRDx_KM6ynIcacQkZjb6g\"]}]}<\/script>\n<!-- \/ Yoast SEO Premium plugin. -->","yoast_head_json":{"title":"Semestervandring i West Madeira - Legendariskt \u00e4ventyr DMC Portugal","robots":{"index":"index","follow":"follow","max-snippet":"max-snippet:-1","max-image-preview":"max-image-preview:large","max-video-preview":"max-video-preview:-1"},"canonical":"https:\/\/legendatours.com\/sv\/produkt\/west-madeira-13200g\/","og_locale":"sv_SE","og_type":"article","og_title":"Holidays Walking in West Madeira","og_description":"Madeira Island has a wealth of walking to offer in its more remote parts, as well as the exceptional walks accessible from the island\u2019s capital Funchal. Amongst other walks, we are able to explore less well-known levadas, the narrow mountain irrigation channels which take water from the northern hills to the southern terraces.","og_url":"https:\/\/legendatours.com\/sv\/produkt\/west-madeira-13200g\/","og_site_name":"Legendary Adventure DMC Portugal","article_publisher":"https:\/\/www.facebook.com\/legendaryadventuredmc\/","article_modified_time":"2025-02-27T15:28:18+00:00","og_image":[{"width":1024,"height":684,"url":"https:\/\/legendatours.com\/wp-content\/uploads\/sites\/12\/2021\/04\/Walk_madeira_Levada_Castelejo-e1611683538923.jpg","type":"image\/jpeg"}],"twitter_card":"summary_large_image","twitter_misc":{"Ber\u00e4knad l\u00e4stid":"1 minut"},"schema":{"@context":"https:\/\/schema.org","@graph":[{"@type":"WebPage","@id":"https:\/\/legendatours.com\/product\/west-madeira-13200g\/","url":"https:\/\/legendatours.com\/product\/west-madeira-13200g\/","name":"Semestervandring i West Madeira - Legendariskt \u00e4ventyr DMC Portugal","isPartOf":{"@id":"https:\/\/legendatours.com\/#website"},"primaryImageOfPage":{"@id":"https:\/\/legendatours.com\/product\/west-madeira-13200g\/#primaryimage"},"image":{"@id":"https:\/\/legendatours.com\/product\/west-madeira-13200g\/#primaryimage"},"thumbnailUrl":"https:\/\/legendatours.com\/wp-content\/uploads\/sites\/12\/2021\/04\/Walk_madeira_Levada_Castelejo-e1611683538923.jpg","datePublished":"2020-07-10T11:17:10+00:00","dateModified":"2025-02-27T15:28:18+00:00","breadcrumb":{"@id":"https:\/\/legendatours.com\/product\/west-madeira-13200g\/#breadcrumb"},"inLanguage":"sv-SE","potentialAction":[{"@type":"ReadAction","target":["https:\/\/legendatours.com\/product\/west-madeira-13200g\/"]}]},{"@type":"ImageObject","inLanguage":"sv-SE","@id":"https:\/\/legendatours.com\/product\/west-madeira-13200g\/#primaryimage","url":"https:\/\/legendatours.com\/wp-content\/uploads\/sites\/12\/2021\/04\/Walk_madeira_Levada_Castelejo-e1611683538923.jpg","contentUrl":"https:\/\/legendatours.com\/wp-content\/uploads\/sites\/12\/2021\/04\/Walk_madeira_Levada_Castelejo-e1611683538923.jpg","width":1024,"height":684,"caption":"Walk in Madeira"},{"@type":"BreadcrumbList","@id":"https:\/\/legendatours.com\/product\/west-madeira-13200g\/#breadcrumb","itemListElement":[{"@type":"ListItem","position":1,"name":"Home","item":"https:\/\/legendatours.com\/"},{"@type":"ListItem","position":2,"name":"Shop","item":"https:\/\/legendatours.com\/sv\/?page_id=4"},{"@type":"ListItem","position":3,"name":"Holidays Walking in West Madeira"}]},{"@type":"WebSite","@id":"https:\/\/legendatours.com\/#website","url":"https:\/\/legendatours.com\/","name":"Legendariskt \u00e4ventyr DMC Portugal","description":"Ansvarsfulla vandringar och natursemester i Portugal","publisher":{"@id":"https:\/\/legendatours.com\/#organization"},"alternateName":"Legendary Adventure Portugal","potentialAction":[{"@type":"SearchAction","target":{"@type":"EntryPoint","urlTemplate":"https:\/\/legendatours.com\/?s={search_term_string}"},"query-input":{"@type":"PropertyValueSpecification","valueRequired":true,"valueName":"search_term_string"}}],"inLanguage":"sv-SE"},{"@type":"Organization","@id":"https:\/\/legendatours.com\/#organization","name":"legendatours.com","url":"https:\/\/legendatours.com\/","logo":{"@type":"ImageObject","inLanguage":"sv-SE","@id":"https:\/\/legendatours.com\/#\/schema\/logo\/image\/","url":"https:\/\/legendatours.com\/wp-content\/uploads\/sites\/12\/2021\/06\/legendary_adventure_dmc.png","contentUrl":"https:\/\/legendatours.com\/wp-content\/uploads\/sites\/12\/2021\/06\/legendary_adventure_dmc.png","width":250,"height":74,"caption":"legendatours.com"},"image":{"@id":"https:\/\/legendatours.com\/#\/schema\/logo\/image\/"},"sameAs":["https:\/\/www.facebook.com\/legendaryadventuredmc\/","https:\/\/www.linkedin.com\/company\/legendary-adventure-dmc-portugal","https:\/\/www.youtube.com\/channel\/UCOIRDx_KM6ynIcacQkZjb6g"]}]}},"_links":{"self":[{"href":"https:\/\/legendatours.com\/sv\/wp-json\/wp\/v2\/product\/7710","targetHints":{"allow":["GET"]}}],"collection":[{"href":"https:\/\/legendatours.com\/sv\/wp-json\/wp\/v2\/product"}],"about":[{"href":"https:\/\/legendatours.com\/sv\/wp-json\/wp\/v2\/types\/product"}],"replies":[{"embeddable":true,"href":"https:\/\/legendatours.com\/sv\/wp-json\/wp\/v2\/comments?post=7710"}],"wp:featuredmedia":[{"embeddable":true,"href":"https:\/\/legendatours.com\/sv\/wp-json\/wp\/v2\/media\/7707"}],"wp:attachment":[{"href":"https:\/\/legendatours.com\/sv\/wp-json\/wp\/v2\/media?parent=7710"}],"wp:term":[{"taxonomy":"product_brand","embeddable":true,"href":"https:\/\/legendatours.com\/sv\/wp-json\/wp\/v2\/product_brand?post=7710"},{"taxonomy":"product_cat","embeddable":true,"href":"https:\/\/legendatours.com\/sv\/wp-json\/wp\/v2\/product_cat?post=7710"},{"taxonomy":"product_tag","embeddable":true,"href":"https:\/\/legendatours.com\/sv\/wp-json\/wp\/v2\/product_tag?post=7710"}],"curies":[{"name":"wp","href":"https:\/\/api.w.org\/{rel}","templated":true}]}}