{"id":7727,"date":"2020-07-09T13:55:26","date_gmt":"2020-07-09T13:55:26","guid":{"rendered":"https:\/\/legendatours.com\/product\/walking-in-the-guadiana-grand-route-gr15\/"},"modified":"2021-08-11T14:31:46","modified_gmt":"2021-08-11T14:31:46","slug":"the-guadiana-grand-route-gr15-12700g","status":"publish","type":"product","link":"https:\/\/legendatours.com\/sv\/produkt\/the-guadiana-grand-route-gr15-12700g\/","title":{"rendered":"Promenad i Guadiana Grand Route (GR15)"},"content":{"rendered":"<p><strong>Grupper accepteras med minst 6 personer.<\/strong><\/p>\n<p>&nbsp;<\/p>\n<p>Guadiana Grand Route (GR 15) str\u00e4cker sig \u00f6ver 65 km och \u00e4r storslagen i l\u00e4ngd och sk\u00f6nhet. Den f\u00f6ljer floden Guadiana n\u00e4r den rinner genom h\u00f6glandet och barrocalen p\u00e5 v\u00e4g mot havet.<\/p>\n<p>Guadiana, som l\u00f6per l\u00e4ngs Portugals syd\u00f6stra gr\u00e4ns mot Spanien, har bes\u00f6kts av k\u00f6pm\u00e4n fr\u00e5n fj\u00e4rran sedan omkring 800 f.Kr., lockade av sina b\u00f6rdiga banker och enorma kommersiella potential, med b\u00f6rjan fr\u00e5n fenicierna, f\u00f6ljt av karthagerna, romarna och Morer.<\/p>\n<div id=\"attachment_2165\" style=\"width: 1034px\" class=\"wp-caption alignnone\"><img loading=\"lazy\" decoding=\"async\" aria-describedby=\"caption-attachment-2165\" class=\"wp-image-2165 size-large\" title=\"Mertola, Museibyn\" src=\"https:\/\/legendatours.net\/wp-content\/uploads\/2020\/05\/Mertola_Guadiana-1024x768.jpg\" alt=\"Mertola, Museum Village\" width=\"1024\" height=\"768\" \/><p id=\"caption-attachment-2165\" class=\"wp-caption-text\">Mertola, Museibyn<\/p><\/div>\n<p>Idag trafikerar floden inte l\u00e4ngre kommersiella rutter, men regionens intressanta och vackra landskap och rika historia och arv \u00e4r en njutning f\u00f6r bes\u00f6karna.<\/p>\n<p>V\u00e5r tur b\u00f6rjar i M\u00e9rtola, k\u00e4nd som &quot;museumsbyn&quot;, en g\u00e5ng huvudstaden i det d\u00e5 m\u00e4ktiga moriska imperiet, och d\u00e4r historien \u00e4r ingraverad i charmiga lager.<\/p>\n<p>H\u00e4rifr\u00e5n g\u00e5r vi till Pomar\u00e3o och Mina de S\u00e3o Domingos, d\u00e4r <a href=\"..\/..\/?s=guadiana\" target=\"_blank\" rel=\"noopener noreferrer\">Guadiana<\/a> v\u00e4nder in\u00e5t landet mot nordv\u00e4st. Det blev en livlig hamn p\u00e5 1800-talet som ett resultat av att ett brittiskt f\u00f6retag slog en gruva 15 km norrut. Malmen transporterades med en j\u00e4rnv\u00e4gslinje fr\u00e5n gruvan till Pomar\u00e3o d\u00e4r den lastades p\u00e5 fartyg och f\u00f6rdes nedf\u00f6r floden. Det som finns kvar av gruvan p\u00e5minner om ett m\u00e5nlandskap som inte skulle vara malplacerat p\u00e5 n\u00e5gon sci-fi-film.<\/p>\n<div id=\"attachment_1872\" style=\"width: 1034px\" class=\"wp-caption alignnone\"><img loading=\"lazy\" decoding=\"async\" aria-describedby=\"caption-attachment-1872\" class=\"wp-image-1872 size-large\" title=\"Alcoutim Smuggler Statue\" src=\"https:\/\/legendatours.net\/wp-content\/uploads\/2020\/03\/Alcoutim_Smuggler_statue-1024x768.jpg\" alt=\"Alcoutim Smuggler Statue\" width=\"1024\" height=\"768\" \/><p id=\"caption-attachment-1872\" class=\"wp-caption-text\">Alcoutim Smuggler Statue<\/p><\/div>\n<p>Alcoutim \u00e4r en annan bas f\u00f6r v\u00e5r turn\u00e9, en pittoresk by som vetter mot San Lucar p\u00e5 den andra kanten av floden, i Spanien. \u00c4ven om den var mindre \u00e4n M\u00e9rtola, var den en stor flodhamn under feniciernas tid.<\/p>\n<p>H\u00e4rifr\u00e5n tar vi h\u00e4rliga naturvandringar, inklusive &quot;Blue Dragon River&quot;, eftersom Odeleite-dammen ocks\u00e5 \u00e4r k\u00e4nd p\u00e5 grund av sin s\u00e4regna form.<\/p>\n<p>Naturparken i Guadiana Valley och de varierande landskapen l\u00e4ngs floden erbjuder ett ganska unikt ekosystem av medelhavsskrubb, klippor och en bakgrund av sm\u00e5 jordbruksmarker, vatten och v\u00e4derkvarnar.<\/p>\n<p>Djurlivet \u00e4r sprudlande och det finns en k\u00e4nsla av tystnad i denna fortfarande of\u00f6rst\u00f6rda del av territoriet, rik p\u00e5 arv, historia och naturliga underverk.<\/p>","protected":false},"excerpt":{"rendered":"<p>Guadiana Grand Route (GR 15) str\u00e4cker sig \u00f6ver 65 km och \u00e4r storslagen i l\u00e4ngd och sk\u00f6nhet. Den f\u00f6ljer floden Guadiana n\u00e4r den rinner genom h\u00f6glandet och barrocalen p\u00e5 v\u00e4g mot havet.<\/p>\n<p>Guadiana, som l\u00f6per l\u00e4ngs Portugals syd\u00f6stra gr\u00e4ns mot Spanien, har bes\u00f6kts av k\u00f6pm\u00e4n fr\u00e5n fj\u00e4rran sedan omkring 800 f.Kr., lockade av sina b\u00f6rdiga banker och enorma kommersiella potential, med b\u00f6rjan fr\u00e5n fenicierna, f\u00f6ljt av karthagerna, romarna och Morer.<\/p>","protected":false},"featured_media":7717,"comment_status":"closed","ping_status":"closed","template":"","meta":{"_acf_changed":false,"inline_featured_image":false},"product_brand":[],"product_cat":[32,28,29,30,31],"product_tag":[547,210,211,73,212,333,548,549,78,550,36,551,87,552,553,554,555,217,195,219,95,556,97,98,99,557,558,559,106,560,561,65,562,563,564,208,232],"class_list":{"0":"post-7727","1":"product","2":"type-product","3":"status-publish","4":"has-post-thumbnail","6":"product_cat-cultural-tours-and-holidays-in-portugal","7":"product_cat-guided-group-tours","8":"product_cat-portugal-guided-historical-holidays","9":"product_cat-guided-sightseeing-holidays-portugal","10":"product_cat-guided-walking-holidays-in-portugal","11":"product_tag-alcoutim","12":"product_tag-alentejo","13":"product_tag-alentejo-landscape","14":"product_tag-alentejo-walking","15":"product_tag-ancient-buildings","16":"product_tag-ancient-churches","17":"product_tag-architectonic-heritage","18":"product_tag-balurcos","19":"product_tag-beautiful-landscapes","20":"product_tag-blue-dragon-river","21":"product_tag-cultural-heritage","22":"product_tag-gr15","23":"product_tag-green-landscape","24":"product_tag-guadiana","25":"product_tag-guadiana-grand-route","26":"product_tag-guadiana-river","27":"product_tag-guadiana-valley","28":"product_tag-heritage","29":"product_tag-history-and-heritage","30":"product_tag-inland-alentejo","31":"product_tag-magnificent-landscape","32":"product_tag-mertola","33":"product_tag-natural-park","34":"product_tag-natural-reserves","35":"product_tag-natural-scenery","36":"product_tag-odeleite","37":"product_tag-olives","38":"product_tag-open-air-museum","39":"product_tag-picturesque-landscapes","40":"product_tag-pomarao","41":"product_tag-river-guadiana","42":"product_tag-roman-vestiges","43":"product_tag-s-domingos-mine","44":"product_tag-small-village","45":"product_tag-the-delights-of-alcoutim","46":"product_tag-traditional-villages","47":"product_tag-wild-flowers-alentejo","49":"first","50":"instock","51":"virtual","52":"product-type-simple"},"acf":[],"yoast_head":"<!-- This site is optimized with the Yoast SEO Premium plugin v26.8 (Yoast SEO v27.5) - https:\/\/yoast.com\/product\/yoast-seo-premium-wordpress\/ -->\n<title>Walking in The Guadiana Grand Route (GR15) - Legendary Adventure DMC Portugal<\/title>\n<meta name=\"robots\" content=\"index, follow, max-snippet:-1, max-image-preview:large, max-video-preview:-1\" \/>\n<link rel=\"canonical\" href=\"https:\/\/legendatours.com\/sv\/produkt\/the-guadiana-grand-route-gr15-12700g\/\" \/>\n<meta property=\"og:locale\" content=\"sv_SE\" \/>\n<meta property=\"og:type\" content=\"article\" \/>\n<meta property=\"og:title\" content=\"Walking in The Guadiana Grand Route (GR15)\" \/>\n<meta property=\"og:description\" content=\"Stretching for 65 km, the Guadiana Grand Route (GR 15) is grand in length and in beauty. It follows the River Guadiana as it flows through the uplands and the barrocal on its way to the sea.  Running along Portugal\u2019s south-eastern border with Spain, the Guadiana has been visited by merchants from far away since around 800 BC, attracted by its fertile banks and vast commercial potential, starting with the Phoenicians, followed by the Carthaginians, the Romans, and the Moors.\" \/>\n<meta property=\"og:url\" content=\"https:\/\/legendatours.com\/sv\/produkt\/the-guadiana-grand-route-gr15-12700g\/\" \/>\n<meta property=\"og:site_name\" content=\"Legendary Adventure DMC Portugal\" \/>\n<meta property=\"article:publisher\" content=\"https:\/\/www.facebook.com\/legendaryadventuredmc\/\" \/>\n<meta property=\"article:modified_time\" content=\"2021-08-11T14:31:46+00:00\" \/>\n<meta property=\"og:image\" content=\"https:\/\/legendatours.com\/wp-content\/uploads\/sites\/12\/2021\/04\/guadiana_grand_route-e1611669338344.jpg\" \/>\n\t<meta property=\"og:image:width\" content=\"1024\" \/>\n\t<meta property=\"og:image:height\" content=\"686\" \/>\n\t<meta property=\"og:image:type\" content=\"image\/jpeg\" \/>\n<meta name=\"twitter:card\" content=\"summary_large_image\" \/>\n<meta name=\"twitter:label1\" content=\"Ber\u00e4knad l\u00e4stid\" \/>\n\t<meta name=\"twitter:data1\" content=\"2 minuter\" \/>\n<script type=\"application\/ld+json\" class=\"yoast-schema-graph\">{\"@context\":\"https:\\\/\\\/schema.org\",\"@graph\":[{\"@type\":\"WebPage\",\"@id\":\"https:\\\/\\\/legendatours.com\\\/product\\\/the-guadiana-grand-route-gr15-12700g\\\/\",\"url\":\"https:\\\/\\\/legendatours.com\\\/product\\\/the-guadiana-grand-route-gr15-12700g\\\/\",\"name\":\"Walking in The Guadiana Grand Route (GR15) - Legendary Adventure DMC Portugal\",\"isPartOf\":{\"@id\":\"https:\\\/\\\/legendatours.com\\\/#website\"},\"primaryImageOfPage\":{\"@id\":\"https:\\\/\\\/legendatours.com\\\/product\\\/the-guadiana-grand-route-gr15-12700g\\\/#primaryimage\"},\"image\":{\"@id\":\"https:\\\/\\\/legendatours.com\\\/product\\\/the-guadiana-grand-route-gr15-12700g\\\/#primaryimage\"},\"thumbnailUrl\":\"https:\\\/\\\/legendatours.com\\\/wp-content\\\/uploads\\\/sites\\\/12\\\/2021\\\/04\\\/guadiana_grand_route-e1611669338344.jpg\",\"datePublished\":\"2020-07-09T13:55:26+00:00\",\"dateModified\":\"2021-08-11T14:31:46+00:00\",\"breadcrumb\":{\"@id\":\"https:\\\/\\\/legendatours.com\\\/product\\\/the-guadiana-grand-route-gr15-12700g\\\/#breadcrumb\"},\"inLanguage\":\"sv-SE\",\"potentialAction\":[{\"@type\":\"ReadAction\",\"target\":[\"https:\\\/\\\/legendatours.com\\\/product\\\/the-guadiana-grand-route-gr15-12700g\\\/\"]}]},{\"@type\":\"ImageObject\",\"inLanguage\":\"sv-SE\",\"@id\":\"https:\\\/\\\/legendatours.com\\\/product\\\/the-guadiana-grand-route-gr15-12700g\\\/#primaryimage\",\"url\":\"https:\\\/\\\/legendatours.com\\\/wp-content\\\/uploads\\\/sites\\\/12\\\/2021\\\/04\\\/guadiana_grand_route-e1611669338344.jpg\",\"contentUrl\":\"https:\\\/\\\/legendatours.com\\\/wp-content\\\/uploads\\\/sites\\\/12\\\/2021\\\/04\\\/guadiana_grand_route-e1611669338344.jpg\",\"width\":1024,\"height\":686,\"caption\":\"The graceful Great Route of Guadiana\"},{\"@type\":\"BreadcrumbList\",\"@id\":\"https:\\\/\\\/legendatours.com\\\/product\\\/the-guadiana-grand-route-gr15-12700g\\\/#breadcrumb\",\"itemListElement\":[{\"@type\":\"ListItem\",\"position\":1,\"name\":\"Home\",\"item\":\"https:\\\/\\\/legendatours.com\\\/\"},{\"@type\":\"ListItem\",\"position\":2,\"name\":\"Shop\",\"item\":\"https:\\\/\\\/legendatours.com\\\/sv\\\/?page_id=4\"},{\"@type\":\"ListItem\",\"position\":3,\"name\":\"Walking in The Guadiana Grand Route (GR15)\"}]},{\"@type\":\"WebSite\",\"@id\":\"https:\\\/\\\/legendatours.com\\\/#website\",\"url\":\"https:\\\/\\\/legendatours.com\\\/\",\"name\":\"Legendary Adventure DMC Portugal\",\"description\":\"Responsible Walking &amp; Nature Holidays in Portugal\",\"publisher\":{\"@id\":\"https:\\\/\\\/legendatours.com\\\/#organization\"},\"alternateName\":\"Legendary Adventure Portugal\",\"potentialAction\":[{\"@type\":\"SearchAction\",\"target\":{\"@type\":\"EntryPoint\",\"urlTemplate\":\"https:\\\/\\\/legendatours.com\\\/?s={search_term_string}\"},\"query-input\":{\"@type\":\"PropertyValueSpecification\",\"valueRequired\":true,\"valueName\":\"search_term_string\"}}],\"inLanguage\":\"sv-SE\"},{\"@type\":\"Organization\",\"@id\":\"https:\\\/\\\/legendatours.com\\\/#organization\",\"name\":\"legendatours.com\",\"url\":\"https:\\\/\\\/legendatours.com\\\/\",\"logo\":{\"@type\":\"ImageObject\",\"inLanguage\":\"sv-SE\",\"@id\":\"https:\\\/\\\/legendatours.com\\\/#\\\/schema\\\/logo\\\/image\\\/\",\"url\":\"https:\\\/\\\/legendatours.com\\\/wp-content\\\/uploads\\\/sites\\\/12\\\/2021\\\/06\\\/legendary_adventure_dmc.png\",\"contentUrl\":\"https:\\\/\\\/legendatours.com\\\/wp-content\\\/uploads\\\/sites\\\/12\\\/2021\\\/06\\\/legendary_adventure_dmc.png\",\"width\":250,\"height\":74,\"caption\":\"legendatours.com\"},\"image\":{\"@id\":\"https:\\\/\\\/legendatours.com\\\/#\\\/schema\\\/logo\\\/image\\\/\"},\"sameAs\":[\"https:\\\/\\\/www.facebook.com\\\/legendaryadventuredmc\\\/\",\"https:\\\/\\\/www.linkedin.com\\\/company\\\/legendary-adventure-dmc-portugal\",\"https:\\\/\\\/www.youtube.com\\\/channel\\\/UCOIRDx_KM6ynIcacQkZjb6g\"]}]}<\/script>\n<!-- \/ Yoast SEO Premium plugin. -->","yoast_head_json":{"title":"Vandring p\u00e5 Guadiana Grand Route (GR15) - Legendary Adventure DMC Portugal","robots":{"index":"index","follow":"follow","max-snippet":"max-snippet:-1","max-image-preview":"max-image-preview:large","max-video-preview":"max-video-preview:-1"},"canonical":"https:\/\/legendatours.com\/sv\/produkt\/the-guadiana-grand-route-gr15-12700g\/","og_locale":"sv_SE","og_type":"article","og_title":"Walking in The Guadiana Grand Route (GR15)","og_description":"Stretching for 65 km, the Guadiana Grand Route (GR 15) is grand in length and in beauty. It follows the River Guadiana as it flows through the uplands and the barrocal on its way to the sea.  Running along Portugal\u2019s south-eastern border with Spain, the Guadiana has been visited by merchants from far away since around 800 BC, attracted by its fertile banks and vast commercial potential, starting with the Phoenicians, followed by the Carthaginians, the Romans, and the Moors.","og_url":"https:\/\/legendatours.com\/sv\/produkt\/the-guadiana-grand-route-gr15-12700g\/","og_site_name":"Legendary Adventure DMC Portugal","article_publisher":"https:\/\/www.facebook.com\/legendaryadventuredmc\/","article_modified_time":"2021-08-11T14:31:46+00:00","og_image":[{"width":1024,"height":686,"url":"https:\/\/legendatours.com\/wp-content\/uploads\/sites\/12\/2021\/04\/guadiana_grand_route-e1611669338344.jpg","type":"image\/jpeg"}],"twitter_card":"summary_large_image","twitter_misc":{"Ber\u00e4knad l\u00e4stid":"2 minuter"},"schema":{"@context":"https:\/\/schema.org","@graph":[{"@type":"WebPage","@id":"https:\/\/legendatours.com\/product\/the-guadiana-grand-route-gr15-12700g\/","url":"https:\/\/legendatours.com\/product\/the-guadiana-grand-route-gr15-12700g\/","name":"Vandring p\u00e5 Guadiana Grand Route (GR15) - Legendary Adventure DMC Portugal","isPartOf":{"@id":"https:\/\/legendatours.com\/#website"},"primaryImageOfPage":{"@id":"https:\/\/legendatours.com\/product\/the-guadiana-grand-route-gr15-12700g\/#primaryimage"},"image":{"@id":"https:\/\/legendatours.com\/product\/the-guadiana-grand-route-gr15-12700g\/#primaryimage"},"thumbnailUrl":"https:\/\/legendatours.com\/wp-content\/uploads\/sites\/12\/2021\/04\/guadiana_grand_route-e1611669338344.jpg","datePublished":"2020-07-09T13:55:26+00:00","dateModified":"2021-08-11T14:31:46+00:00","breadcrumb":{"@id":"https:\/\/legendatours.com\/product\/the-guadiana-grand-route-gr15-12700g\/#breadcrumb"},"inLanguage":"sv-SE","potentialAction":[{"@type":"ReadAction","target":["https:\/\/legendatours.com\/product\/the-guadiana-grand-route-gr15-12700g\/"]}]},{"@type":"ImageObject","inLanguage":"sv-SE","@id":"https:\/\/legendatours.com\/product\/the-guadiana-grand-route-gr15-12700g\/#primaryimage","url":"https:\/\/legendatours.com\/wp-content\/uploads\/sites\/12\/2021\/04\/guadiana_grand_route-e1611669338344.jpg","contentUrl":"https:\/\/legendatours.com\/wp-content\/uploads\/sites\/12\/2021\/04\/guadiana_grand_route-e1611669338344.jpg","width":1024,"height":686,"caption":"The graceful Great Route of Guadiana"},{"@type":"BreadcrumbList","@id":"https:\/\/legendatours.com\/product\/the-guadiana-grand-route-gr15-12700g\/#breadcrumb","itemListElement":[{"@type":"ListItem","position":1,"name":"Home","item":"https:\/\/legendatours.com\/"},{"@type":"ListItem","position":2,"name":"Shop","item":"https:\/\/legendatours.com\/sv\/?page_id=4"},{"@type":"ListItem","position":3,"name":"Walking in The Guadiana Grand Route (GR15)"}]},{"@type":"WebSite","@id":"https:\/\/legendatours.com\/#website","url":"https:\/\/legendatours.com\/","name":"Legendariskt \u00e4ventyr DMC Portugal","description":"Ansvarsfulla vandringar och natursemester i Portugal","publisher":{"@id":"https:\/\/legendatours.com\/#organization"},"alternateName":"Legendary Adventure Portugal","potentialAction":[{"@type":"SearchAction","target":{"@type":"EntryPoint","urlTemplate":"https:\/\/legendatours.com\/?s={search_term_string}"},"query-input":{"@type":"PropertyValueSpecification","valueRequired":true,"valueName":"search_term_string"}}],"inLanguage":"sv-SE"},{"@type":"Organization","@id":"https:\/\/legendatours.com\/#organization","name":"legendatours.com","url":"https:\/\/legendatours.com\/","logo":{"@type":"ImageObject","inLanguage":"sv-SE","@id":"https:\/\/legendatours.com\/#\/schema\/logo\/image\/","url":"https:\/\/legendatours.com\/wp-content\/uploads\/sites\/12\/2021\/06\/legendary_adventure_dmc.png","contentUrl":"https:\/\/legendatours.com\/wp-content\/uploads\/sites\/12\/2021\/06\/legendary_adventure_dmc.png","width":250,"height":74,"caption":"legendatours.com"},"image":{"@id":"https:\/\/legendatours.com\/#\/schema\/logo\/image\/"},"sameAs":["https:\/\/www.facebook.com\/legendaryadventuredmc\/","https:\/\/www.linkedin.com\/company\/legendary-adventure-dmc-portugal","https:\/\/www.youtube.com\/channel\/UCOIRDx_KM6ynIcacQkZjb6g"]}]}},"_links":{"self":[{"href":"https:\/\/legendatours.com\/sv\/wp-json\/wp\/v2\/product\/7727","targetHints":{"allow":["GET"]}}],"collection":[{"href":"https:\/\/legendatours.com\/sv\/wp-json\/wp\/v2\/product"}],"about":[{"href":"https:\/\/legendatours.com\/sv\/wp-json\/wp\/v2\/types\/product"}],"replies":[{"embeddable":true,"href":"https:\/\/legendatours.com\/sv\/wp-json\/wp\/v2\/comments?post=7727"}],"wp:featuredmedia":[{"embeddable":true,"href":"https:\/\/legendatours.com\/sv\/wp-json\/wp\/v2\/media\/7717"}],"wp:attachment":[{"href":"https:\/\/legendatours.com\/sv\/wp-json\/wp\/v2\/media?parent=7727"}],"wp:term":[{"taxonomy":"product_brand","embeddable":true,"href":"https:\/\/legendatours.com\/sv\/wp-json\/wp\/v2\/product_brand?post=7727"},{"taxonomy":"product_cat","embeddable":true,"href":"https:\/\/legendatours.com\/sv\/wp-json\/wp\/v2\/product_cat?post=7727"},{"taxonomy":"product_tag","embeddable":true,"href":"https:\/\/legendatours.com\/sv\/wp-json\/wp\/v2\/product_tag?post=7727"}],"curies":[{"name":"wp","href":"https:\/\/api.w.org\/{rel}","templated":true}]}}