{"id":7734,"date":"2020-07-09T11:54:00","date_gmt":"2020-07-09T11:54:00","guid":{"rendered":"https:\/\/legendatours.com\/product\/evora-portalegre-golden-alentejo-walking-holidays\/"},"modified":"2021-08-11T14:33:54","modified_gmt":"2021-08-11T14:33:54","slug":"evora-and-portalegre-golden-alentejo-12400g","status":"publish","type":"product","link":"https:\/\/legendatours.com\/sv\/produkt\/evora-and-portalegre-golden-alentejo-12400g\/","title":{"rendered":"\u00c9vora &amp; Portalegre: Golden Alentejo Walking Holidays"},"content":{"rendered":"<p><strong>Grupper accepteras med minst 6 personer.<\/strong><\/p>\n<p>&nbsp;<\/p>\n<p>En av de mest typiska sev\u00e4rdheterna i denna region \u00e4r ett stort f\u00e4lt med n\u00e5gra korktr\u00e4d h\u00e4r och d\u00e4r och bes\u00e4ttningarna (ibland f\u00e5r, ibland grisar eller kor) brukar njuta av skuggan av tr\u00e4den. Byarna med sina vitkalkade env\u00e5ningshus \u00e4r ett pittoreskt landskap i Alentejo.<\/p>\n<p>M\u00e4nniskorna h\u00e4r \u00e4r mycket stolta \u00f6ver sitt arv och de bevarar de gamla byggnaderna och \u00e4ven de gamla metoderna. Detta \u00e4r en region som har en mycket rik hantverkstradition-keramik, broderier, handm\u00e5lade m\u00f6bler, smidesj\u00e4rn, etc. Den lokala gastronomin \u00e4r varierad och ganska god och matchar perfekt de ber\u00f6mda lokala vinerna. Detta \u00e4r en turn\u00e9 d\u00e4r tystnaden och tystnaden i de o\u00e4ndliga landskapen inbjuder oss att dela naturen i en landsbygdsmilj\u00f6 och umg\u00e5s med m\u00e4nniskorna som bor och arbetar d\u00e4r. Detta \u00e4r en spektakul\u00e4r turn\u00e9 som k\u00e4nnetecknas av m\u00e5ttliga fysiska och tekniska sv\u00e5righeter och tar oss till de \u00e4ldsta resterna av v\u00e5r historia och arv.<\/p>\n<p>Vi reser till den muromg\u00e4rdade staden \u00c9vora, i hj\u00e4rtat av Alentejo -regionen.<\/p>\n<div id=\"attachment_2819\" style=\"width: 1034px\" class=\"wp-caption alignnone\"><img loading=\"lazy\" decoding=\"async\" aria-describedby=\"caption-attachment-2819\" class=\"wp-image-2819 size-large\" title=\"\u00c9vora, en av Portugals vackraste bevarade medeltida st\u00e4der\" src=\"https:\/\/legendatours.net\/wp-content\/uploads\/2020\/07\/evora-1-1024x683.jpg\" alt=\"\u00c9vora, one of Portugal\u2019s most beautifully preserved medieval towns\" width=\"1024\" height=\"683\" \/><p id=\"caption-attachment-2819\" class=\"wp-caption-text\">\u00c9vora, en av Portugals vackraste bevarade medeltida st\u00e4der<\/p><\/div>\n<p>\u00c9vora, en av Portugals vackraste bevarade medeltida st\u00e4der, \u00e4r en underbar muromg\u00e4rdad stad med m\u00e5nga romerska rester, klassificerade som v\u00e4rldsarv av UNESCO.<\/p>\n<p>H\u00e4r finns en fascinerande blandning av arkitektur och historia att njuta av och vi kommer att ha tid att utforska staden och koppla av i de m\u00e5nga kaf\u00e9erna och attraktiva restaurangerna som serverar lokala r\u00e4tter fr\u00e5n Alentejan. Vi utforskar ocks\u00e5 den vackra omgivande landsbygden, lokala byar och fornmonument i vackra landskap.<\/p>\n<p>Korkar och olivtr\u00e4d, delfiner och Menhirs mer \u00e4n 10.000 \u00e5r gamla.<\/p>\n<div id=\"attachment_2883\" style=\"width: 1034px\" class=\"wp-caption alignnone\"><img loading=\"lazy\" decoding=\"async\" aria-describedby=\"caption-attachment-2883\" class=\"wp-image-2883 size-large\" title=\"En vacker b\u00e5ge i den lysande Castelo de Vide\" src=\"https:\/\/legendatours.net\/wp-content\/uploads\/2020\/07\/castelo_vide-1024x683.jpg\" alt=\"Castelo de Vide Arch Alentejo\" width=\"1024\" height=\"683\" \/><p id=\"caption-attachment-2883\" class=\"wp-caption-text\">En vacker b\u00e5ge i den lysande Castelo de Vide<\/p><\/div>\n<p>Sedan g\u00e5r vi vidare till Portalegre, porten till \u00f6stra Alentejo, en helt underbar region med \u00e4kta sk\u00f6nhet, ett riktigt livligt liv, fantastiska landskap, stolta m\u00e4nniskor och full av den portugisiska identiteten.<\/p>\n<p>Att bes\u00f6ka Portalegre handlar inte s\u00e5 mycket om att bes\u00f6ka en intressant stad, utan om att bes\u00f6ka en hel grupp norra Alentejan -st\u00e4der, var och en med sin egen historia att ber\u00e4tta, och med Portalegre i centrum. Regionen inneh\u00e5ller en m\u00e4ngd historiska monument och anekdoter, h\u00e4pnadsv\u00e4ckande utsikt fr\u00e5n de bef\u00e4sta kullst\u00e4derna och en hel del prehistoriska skatter att starta.<\/p>\n<p>I Portalegre f\u00e5r vi m\u00f6jlighet att bes\u00f6ka bergskedjan Serra de s Mamede och naturparken.<\/p>\n<div class=\"row\" style=\"display: flex;\">\n<div class=\"column\" style=\"flex: 45%;\">\n<p><iframe loading=\"lazy\" title=\"Cidade de Portalegre\" width=\"1080\" height=\"608\" src=\"https:\/\/www.youtube.com\/embed\/P_fqNYqiagQ?feature=oembed\" frameborder=\"0\" allow=\"accelerometer; autoplay; clipboard-write; encrypted-media; gyroscope; picture-in-picture\" allowfullscreen><\/iframe><\/p>\n<\/div>\n<div class=\"column\" style=\"flex: 10%;\"><\/div>\n<div class=\"column\" style=\"flex: 45%;\">\n<p><iframe loading=\"lazy\" title=\"EVORA -upplevelse\" width=\"1080\" height=\"608\" src=\"https:\/\/www.youtube.com\/embed\/99oQN4PO94E?feature=oembed\" frameborder=\"0\" allow=\"accelerometer; autoplay; clipboard-write; encrypted-media; gyroscope; picture-in-picture\" allowfullscreen><\/iframe><\/p>\n<\/div>\n<\/div>","protected":false},"excerpt":{"rendered":"<p>Alentejo \u00e4r en knappt befolkad region med \u00f6ppna horisonter, d\u00e4r livets rytm f\u00f6ljer det regionala s\u00e5ngarnas inaktiva ljud. Det \u00e4r perfekt f\u00f6r promenader och uppleva ett of\u00f6rgl\u00f6mligt \u00e4ventyr. Detta \u00e4r ett land med ofattbart arv.<\/p>\n<p>Denna turn\u00e9 tar dig l\u00e4ngs de anm\u00e4rkningsv\u00e4rda sp\u00e5ren av forntida kulturer: dolmens och cromlechs, romerska och arabiska rester som blandar sig med de senaste tecknen p\u00e5 kristendomen som de m\u00e5nga medeltida slotten bara \u00e4r ett exempel p\u00e5. Du vandrar l\u00e4ngs vidstr\u00e4ckta vetef\u00e4lt och ving\u00e5rdar d\u00e4r intensiva gr\u00f6na och gyllene f\u00e4rger \u00e4r huvuddragen i sl\u00e4tterna i Alentejo, d\u00e4r vackra f\u00e4lt med miljontals vildblommor p\u00e5 v\u00e5ren gl\u00e4djer \u00f6gonen.<\/p>","protected":false},"featured_media":7728,"comment_status":"closed","ping_status":"closed","template":"","meta":{"_acf_changed":false,"inline_featured_image":false},"product_brand":[],"product_cat":[32,28,29,30,31],"product_tag":[210,211,73,212,333,183,548,78,83,36,565,215,216,87,89,47,90,217,195,219,95,220,199,201,566,97,98,99,558,106,225,64,71,345,409,232],"class_list":{"0":"post-7734","1":"product","2":"type-product","3":"status-publish","4":"has-post-thumbnail","6":"product_cat-cultural-tours-and-holidays-in-portugal","7":"product_cat-guided-group-tours","8":"product_cat-portugal-guided-historical-holidays","9":"product_cat-guided-sightseeing-holidays-portugal","10":"product_cat-guided-walking-holidays-in-portugal","11":"product_tag-alentejo","12":"product_tag-alentejo-landscape","13":"product_tag-alentejo-walking","14":"product_tag-ancient-buildings","15":"product_tag-ancient-churches","16":"product_tag-ancient-villages-and-castles","17":"product_tag-architectonic-heritage","18":"product_tag-beautiful-landscapes","19":"product_tag-cork-trees","20":"product_tag-cultural-heritage","21":"product_tag-estremoz-walking","22":"product_tag-evora","23":"product_tag-evora-walking","24":"product_tag-green-landscape","25":"product_tag-guided-group-tour","26":"product_tag-guided-holidays","27":"product_tag-guided-walking-holidays","28":"product_tag-heritage","29":"product_tag-history-and-heritage","30":"product_tag-inland-alentejo","31":"product_tag-magnificent-landscape","32":"product_tag-marvao","33":"product_tag-medieval-castle","34":"product_tag-medieval-streets","35":"product_tag-medieval-villages","36":"product_tag-natural-park","37":"product_tag-natural-reserves","38":"product_tag-natural-scenery","39":"product_tag-olives","40":"product_tag-picturesque-landscapes","41":"product_tag-portalegre-walking","42":"product_tag-roman-and-arab-vestiges","43":"product_tag-unesco-world-heritage-site","44":"product_tag-vineyards","45":"product_tag-vineyards-and-terraces","46":"product_tag-wild-flowers-alentejo","48":"first","49":"instock","50":"virtual","51":"product-type-simple"},"acf":[],"yoast_head":"<!-- This site is optimized with the Yoast SEO Premium plugin v26.8 (Yoast SEO v27.5) - https:\/\/yoast.com\/product\/yoast-seo-premium-wordpress\/ -->\n<title>\u00c9vora &amp; Portalegre: Golden Alentejo Walking Holidays - Legendary Adventure DMC Portugal<\/title>\n<meta name=\"description\" content=\"The villages with their whitewashed one-floor houses are a picturesque landscape in Alentejo.\" \/>\n<meta name=\"robots\" content=\"index, follow, max-snippet:-1, max-image-preview:large, max-video-preview:-1\" \/>\n<link rel=\"canonical\" href=\"https:\/\/legendatours.com\/sv\/produkt\/evora-and-portalegre-golden-alentejo-12400g\/\" \/>\n<meta property=\"og:locale\" content=\"sv_SE\" \/>\n<meta property=\"og:type\" content=\"article\" \/>\n<meta property=\"og:title\" content=\"\u00c9vora &amp; Portalegre: Golden Alentejo Walking Holidays\" \/>\n<meta property=\"og:description\" content=\"The villages with their whitewashed one-floor houses are a picturesque landscape in Alentejo.\" \/>\n<meta property=\"og:url\" content=\"https:\/\/legendatours.com\/sv\/produkt\/evora-and-portalegre-golden-alentejo-12400g\/\" \/>\n<meta property=\"og:site_name\" content=\"Legendary Adventure DMC Portugal\" \/>\n<meta property=\"article:publisher\" content=\"https:\/\/www.facebook.com\/legendaryadventuredmc\/\" \/>\n<meta property=\"article:modified_time\" content=\"2021-08-11T14:33:54+00:00\" \/>\n<meta property=\"og:image\" content=\"https:\/\/legendatours.com\/wp-content\/uploads\/sites\/12\/2021\/04\/castelo_vide-e1611669275485.jpg\" \/>\n\t<meta property=\"og:image:width\" content=\"1024\" \/>\n\t<meta property=\"og:image:height\" content=\"683\" \/>\n\t<meta property=\"og:image:type\" content=\"image\/jpeg\" \/>\n<meta name=\"twitter:card\" content=\"summary_large_image\" \/>\n<meta name=\"twitter:description\" content=\"The villages with their whitewashed one-floor houses are a picturesque landscape in Alentejo.\" \/>\n<meta name=\"twitter:label1\" content=\"Ber\u00e4knad l\u00e4stid\" \/>\n\t<meta name=\"twitter:data1\" content=\"3 minuter\" \/>\n<script type=\"application\/ld+json\" class=\"yoast-schema-graph\">{\"@context\":\"https:\\\/\\\/schema.org\",\"@graph\":[{\"@type\":\"WebPage\",\"@id\":\"https:\\\/\\\/legendatours.com\\\/product\\\/evora-and-portalegre-golden-alentejo-12400g\\\/\",\"url\":\"https:\\\/\\\/legendatours.com\\\/product\\\/evora-and-portalegre-golden-alentejo-12400g\\\/\",\"name\":\"\u00c9vora &amp; Portalegre: Golden Alentejo Walking Holidays - Legendary Adventure DMC Portugal\",\"isPartOf\":{\"@id\":\"https:\\\/\\\/legendatours.com\\\/#website\"},\"primaryImageOfPage\":{\"@id\":\"https:\\\/\\\/legendatours.com\\\/product\\\/evora-and-portalegre-golden-alentejo-12400g\\\/#primaryimage\"},\"image\":{\"@id\":\"https:\\\/\\\/legendatours.com\\\/product\\\/evora-and-portalegre-golden-alentejo-12400g\\\/#primaryimage\"},\"thumbnailUrl\":\"https:\\\/\\\/legendatours.com\\\/wp-content\\\/uploads\\\/sites\\\/12\\\/2021\\\/04\\\/castelo_vide-e1611669275485.jpg\",\"datePublished\":\"2020-07-09T11:54:00+00:00\",\"dateModified\":\"2021-08-11T14:33:54+00:00\",\"description\":\"The villages with their whitewashed one-floor houses are a picturesque landscape in Alentejo.\",\"breadcrumb\":{\"@id\":\"https:\\\/\\\/legendatours.com\\\/product\\\/evora-and-portalegre-golden-alentejo-12400g\\\/#breadcrumb\"},\"inLanguage\":\"sv-SE\",\"potentialAction\":[{\"@type\":\"ReadAction\",\"target\":[\"https:\\\/\\\/legendatours.com\\\/product\\\/evora-and-portalegre-golden-alentejo-12400g\\\/\"]}]},{\"@type\":\"ImageObject\",\"inLanguage\":\"sv-SE\",\"@id\":\"https:\\\/\\\/legendatours.com\\\/product\\\/evora-and-portalegre-golden-alentejo-12400g\\\/#primaryimage\",\"url\":\"https:\\\/\\\/legendatours.com\\\/wp-content\\\/uploads\\\/sites\\\/12\\\/2021\\\/04\\\/castelo_vide-e1611669275485.jpg\",\"contentUrl\":\"https:\\\/\\\/legendatours.com\\\/wp-content\\\/uploads\\\/sites\\\/12\\\/2021\\\/04\\\/castelo_vide-e1611669275485.jpg\",\"width\":1024,\"height\":683,\"caption\":\"A beautiful archway in lustrous Castelo de Vide\"},{\"@type\":\"BreadcrumbList\",\"@id\":\"https:\\\/\\\/legendatours.com\\\/product\\\/evora-and-portalegre-golden-alentejo-12400g\\\/#breadcrumb\",\"itemListElement\":[{\"@type\":\"ListItem\",\"position\":1,\"name\":\"Home\",\"item\":\"https:\\\/\\\/legendatours.com\\\/\"},{\"@type\":\"ListItem\",\"position\":2,\"name\":\"Shop\",\"item\":\"https:\\\/\\\/legendatours.com\\\/sv\\\/?page_id=4\"},{\"@type\":\"ListItem\",\"position\":3,\"name\":\"\u00c9vora &amp; Portalegre: Golden Alentejo Walking Holidays\"}]},{\"@type\":\"WebSite\",\"@id\":\"https:\\\/\\\/legendatours.com\\\/#website\",\"url\":\"https:\\\/\\\/legendatours.com\\\/\",\"name\":\"Legendary Adventure DMC Portugal\",\"description\":\"Responsible Walking &amp; Nature Holidays in Portugal\",\"publisher\":{\"@id\":\"https:\\\/\\\/legendatours.com\\\/#organization\"},\"alternateName\":\"Legendary Adventure Portugal\",\"potentialAction\":[{\"@type\":\"SearchAction\",\"target\":{\"@type\":\"EntryPoint\",\"urlTemplate\":\"https:\\\/\\\/legendatours.com\\\/?s={search_term_string}\"},\"query-input\":{\"@type\":\"PropertyValueSpecification\",\"valueRequired\":true,\"valueName\":\"search_term_string\"}}],\"inLanguage\":\"sv-SE\"},{\"@type\":\"Organization\",\"@id\":\"https:\\\/\\\/legendatours.com\\\/#organization\",\"name\":\"legendatours.com\",\"url\":\"https:\\\/\\\/legendatours.com\\\/\",\"logo\":{\"@type\":\"ImageObject\",\"inLanguage\":\"sv-SE\",\"@id\":\"https:\\\/\\\/legendatours.com\\\/#\\\/schema\\\/logo\\\/image\\\/\",\"url\":\"https:\\\/\\\/legendatours.com\\\/wp-content\\\/uploads\\\/sites\\\/12\\\/2021\\\/06\\\/legendary_adventure_dmc.png\",\"contentUrl\":\"https:\\\/\\\/legendatours.com\\\/wp-content\\\/uploads\\\/sites\\\/12\\\/2021\\\/06\\\/legendary_adventure_dmc.png\",\"width\":250,\"height\":74,\"caption\":\"legendatours.com\"},\"image\":{\"@id\":\"https:\\\/\\\/legendatours.com\\\/#\\\/schema\\\/logo\\\/image\\\/\"},\"sameAs\":[\"https:\\\/\\\/www.facebook.com\\\/legendaryadventuredmc\\\/\",\"https:\\\/\\\/www.linkedin.com\\\/company\\\/legendary-adventure-dmc-portugal\",\"https:\\\/\\\/www.youtube.com\\\/channel\\\/UCOIRDx_KM6ynIcacQkZjb6g\"]}]}<\/script>\n<!-- \/ Yoast SEO Premium plugin. -->","yoast_head_json":{"title":"\u00c9vora &amp; Portalegre: Golden Alentejo Walking Holidays - Legendary Adventure DMC Portugal","description":"Byarna med sina vitkalkade env\u00e5ningshus \u00e4r ett pittoreskt landskap i Alentejo.","robots":{"index":"index","follow":"follow","max-snippet":"max-snippet:-1","max-image-preview":"max-image-preview:large","max-video-preview":"max-video-preview:-1"},"canonical":"https:\/\/legendatours.com\/sv\/produkt\/evora-and-portalegre-golden-alentejo-12400g\/","og_locale":"sv_SE","og_type":"article","og_title":"\u00c9vora &amp; Portalegre: Golden Alentejo Walking Holidays","og_description":"The villages with their whitewashed one-floor houses are a picturesque landscape in Alentejo.","og_url":"https:\/\/legendatours.com\/sv\/produkt\/evora-and-portalegre-golden-alentejo-12400g\/","og_site_name":"Legendary Adventure DMC Portugal","article_publisher":"https:\/\/www.facebook.com\/legendaryadventuredmc\/","article_modified_time":"2021-08-11T14:33:54+00:00","og_image":[{"width":1024,"height":683,"url":"https:\/\/legendatours.com\/wp-content\/uploads\/sites\/12\/2021\/04\/castelo_vide-e1611669275485.jpg","type":"image\/jpeg"}],"twitter_card":"summary_large_image","twitter_description":"The villages with their whitewashed one-floor houses are a picturesque landscape in Alentejo.","twitter_misc":{"Ber\u00e4knad l\u00e4stid":"3 minuter"},"schema":{"@context":"https:\/\/schema.org","@graph":[{"@type":"WebPage","@id":"https:\/\/legendatours.com\/product\/evora-and-portalegre-golden-alentejo-12400g\/","url":"https:\/\/legendatours.com\/product\/evora-and-portalegre-golden-alentejo-12400g\/","name":"\u00c9vora &amp; Portalegre: Golden Alentejo Walking Holidays - Legendary Adventure DMC Portugal","isPartOf":{"@id":"https:\/\/legendatours.com\/#website"},"primaryImageOfPage":{"@id":"https:\/\/legendatours.com\/product\/evora-and-portalegre-golden-alentejo-12400g\/#primaryimage"},"image":{"@id":"https:\/\/legendatours.com\/product\/evora-and-portalegre-golden-alentejo-12400g\/#primaryimage"},"thumbnailUrl":"https:\/\/legendatours.com\/wp-content\/uploads\/sites\/12\/2021\/04\/castelo_vide-e1611669275485.jpg","datePublished":"2020-07-09T11:54:00+00:00","dateModified":"2021-08-11T14:33:54+00:00","description":"Byarna med sina vitkalkade env\u00e5ningshus \u00e4r ett pittoreskt landskap i Alentejo.","breadcrumb":{"@id":"https:\/\/legendatours.com\/product\/evora-and-portalegre-golden-alentejo-12400g\/#breadcrumb"},"inLanguage":"sv-SE","potentialAction":[{"@type":"ReadAction","target":["https:\/\/legendatours.com\/product\/evora-and-portalegre-golden-alentejo-12400g\/"]}]},{"@type":"ImageObject","inLanguage":"sv-SE","@id":"https:\/\/legendatours.com\/product\/evora-and-portalegre-golden-alentejo-12400g\/#primaryimage","url":"https:\/\/legendatours.com\/wp-content\/uploads\/sites\/12\/2021\/04\/castelo_vide-e1611669275485.jpg","contentUrl":"https:\/\/legendatours.com\/wp-content\/uploads\/sites\/12\/2021\/04\/castelo_vide-e1611669275485.jpg","width":1024,"height":683,"caption":"A beautiful archway in lustrous Castelo de Vide"},{"@type":"BreadcrumbList","@id":"https:\/\/legendatours.com\/product\/evora-and-portalegre-golden-alentejo-12400g\/#breadcrumb","itemListElement":[{"@type":"ListItem","position":1,"name":"Home","item":"https:\/\/legendatours.com\/"},{"@type":"ListItem","position":2,"name":"Shop","item":"https:\/\/legendatours.com\/sv\/?page_id=4"},{"@type":"ListItem","position":3,"name":"\u00c9vora &amp; Portalegre: Golden Alentejo Walking Holidays"}]},{"@type":"WebSite","@id":"https:\/\/legendatours.com\/#website","url":"https:\/\/legendatours.com\/","name":"Legendariskt \u00e4ventyr DMC Portugal","description":"Ansvarsfulla vandringar och natursemester i Portugal","publisher":{"@id":"https:\/\/legendatours.com\/#organization"},"alternateName":"Legendary Adventure Portugal","potentialAction":[{"@type":"SearchAction","target":{"@type":"EntryPoint","urlTemplate":"https:\/\/legendatours.com\/?s={search_term_string}"},"query-input":{"@type":"PropertyValueSpecification","valueRequired":true,"valueName":"search_term_string"}}],"inLanguage":"sv-SE"},{"@type":"Organization","@id":"https:\/\/legendatours.com\/#organization","name":"legendatours.com","url":"https:\/\/legendatours.com\/","logo":{"@type":"ImageObject","inLanguage":"sv-SE","@id":"https:\/\/legendatours.com\/#\/schema\/logo\/image\/","url":"https:\/\/legendatours.com\/wp-content\/uploads\/sites\/12\/2021\/06\/legendary_adventure_dmc.png","contentUrl":"https:\/\/legendatours.com\/wp-content\/uploads\/sites\/12\/2021\/06\/legendary_adventure_dmc.png","width":250,"height":74,"caption":"legendatours.com"},"image":{"@id":"https:\/\/legendatours.com\/#\/schema\/logo\/image\/"},"sameAs":["https:\/\/www.facebook.com\/legendaryadventuredmc\/","https:\/\/www.linkedin.com\/company\/legendary-adventure-dmc-portugal","https:\/\/www.youtube.com\/channel\/UCOIRDx_KM6ynIcacQkZjb6g"]}]}},"_links":{"self":[{"href":"https:\/\/legendatours.com\/sv\/wp-json\/wp\/v2\/product\/7734","targetHints":{"allow":["GET"]}}],"collection":[{"href":"https:\/\/legendatours.com\/sv\/wp-json\/wp\/v2\/product"}],"about":[{"href":"https:\/\/legendatours.com\/sv\/wp-json\/wp\/v2\/types\/product"}],"replies":[{"embeddable":true,"href":"https:\/\/legendatours.com\/sv\/wp-json\/wp\/v2\/comments?post=7734"}],"wp:featuredmedia":[{"embeddable":true,"href":"https:\/\/legendatours.com\/sv\/wp-json\/wp\/v2\/media\/7728"}],"wp:attachment":[{"href":"https:\/\/legendatours.com\/sv\/wp-json\/wp\/v2\/media?parent=7734"}],"wp:term":[{"taxonomy":"product_brand","embeddable":true,"href":"https:\/\/legendatours.com\/sv\/wp-json\/wp\/v2\/product_brand?post=7734"},{"taxonomy":"product_cat","embeddable":true,"href":"https:\/\/legendatours.com\/sv\/wp-json\/wp\/v2\/product_cat?post=7734"},{"taxonomy":"product_tag","embeddable":true,"href":"https:\/\/legendatours.com\/sv\/wp-json\/wp\/v2\/product_tag?post=7734"}],"curies":[{"name":"wp","href":"https:\/\/api.w.org\/{rel}","templated":true}]}}