{"id":7756,"date":"2020-07-08T15:42:51","date_gmt":"2020-07-08T15:42:51","guid":{"rendered":"https:\/\/legendatours.com\/product\/the-british-heritage-in-the-alentejo-walking-holidays\/"},"modified":"2021-08-11T14:39:56","modified_gmt":"2021-08-11T14:39:56","slug":"the-british-heritage-in-the-alentejo-12000g","status":"publish","type":"product","link":"https:\/\/legendatours.com\/sv\/produkt\/the-british-heritage-in-the-alentejo-12000g\/","title":{"rendered":"Det brittiska arvet i Alentejo Walking Holidays"},"content":{"rendered":"<p><strong>Grupper accepteras med minst 6 personer.<\/strong><\/p>\n<p>&nbsp;<\/p>\n<p>Gruvan<\/p>\n<p>Den vackra S\u00e3o Domingos-gruvan \u00e4r en \u00f6de dagbrottsgruva i Alentejo som en g\u00e5ng unders\u00f6ktes av Mason och Barry, ett brittiskt f\u00f6retag, som skapade en liten by mitt i detta \u00f6de land.<\/p>\n<p>P\u00e5 grund av mineralerna i jorden visar floderna och grunda sj\u00f6arna upp alla regnb\u00e5gens f\u00e4rger, fr\u00e5n sandiga r\u00f6da och gula till druvor och aubergine lila och salvia gr\u00f6na. Det m\u00f6rksvarta vattnet lyser med en antydan av koppar under den vidstr\u00e4ckta Alentejan-himlen.<\/p>\n<p>Denna plats \u00e4r en av de vulkanogena massiva sulfidmalmsfyndigheterna i det iberiska pyritb\u00e4ltet, som str\u00e4cker sig fr\u00e5n s\u00f6dra Portugal till Spanien.<\/p>\n<div id=\"attachment_2845\" style=\"width: 1034px\" class=\"wp-caption alignnone\"><img loading=\"lazy\" decoding=\"async\" aria-describedby=\"caption-attachment-2845\" class=\"wp-image-2845 size-large\" title=\"Guadiana Vallley Natural Park slingrande floder av guld och silver\" src=\"https:\/\/legendatours.net\/wp-content\/uploads\/2020\/07\/Guadiana_Vallley_Natural_Park-1024x604.jpg\" alt=\"Guadiana Vallley Natural Park Protected Area\" width=\"1024\" height=\"604\" \/><p id=\"caption-attachment-2845\" class=\"wp-caption-text\">Guadiana Valley Natural Park slingrande floder av guld och silver<\/p><\/div>\n<p>\u00c5r 1854 b\u00f6rjade Mason och Barry utvinna koppar, svavel och pyrit och transportera det till England och vidare fram till 1966. Ibland, under de 107 \u00e5r som gruvan i S\u00e3o Domingos var aktiv, var den en av Europas st\u00f6rsta i n\u00e4r det g\u00e4ller produktion och antal anst\u00e4llda, och n\u00e4r den var som mest var 16 000 personer associerade med gruvan.<\/p>\n<p>I gruvbyn byggde f\u00f6retaget en kyrka, en skola, en teater, den f\u00f6rsta elstationen i provinsen och den f\u00f6rsta telefonv\u00e4xeln. Det finns ocks\u00e5 en engelsk kyrkog\u00e5rd, d\u00e4r gruvf\u00f6rvaltare och deras familjer, m\u00e5nga fr\u00e5n Cornwall, ligger begravda.<\/p>\n<p>Sedan st\u00e4ngningen har gruvan lockat turister. Det gamla gruvbolagets huvudkontor har omvandlats till ett lyxhotell, d\u00e4r vi kommer att bo p\u00e5 denna turn\u00e9.<\/p>\n<p>Platsen<\/p>\n<div id=\"attachment_2168\" style=\"width: 1034px\" class=\"wp-caption alignnone\"><img loading=\"lazy\" decoding=\"async\" aria-describedby=\"caption-attachment-2168\" class=\"wp-image-2168 size-large\" title=\"Vallmo Guadiana Valley\" src=\"https:\/\/legendatours.net\/wp-content\/uploads\/2020\/05\/Poppies_Guadiana_Valley-1024x731.jpg\" alt=\"Poppies Guadiana Valley\" width=\"1024\" height=\"731\" \/><p id=\"caption-attachment-2168\" class=\"wp-caption-text\">Vallmo Guadiana Valley<\/p><\/div>\n<p>Mina de S\u00e3o Domingos ligger 180 kilometer sydost om Lissabon, n\u00e4ra den spanska gr\u00e4nsen, d\u00e4r det vidstr\u00e4ckta b\u00f6ljande landskapet har en underbar &quot;vilda v\u00e4stern&quot;-k\u00e4nsla.<br \/>\nBel\u00e4get i utkanten av det skyddade omr\u00e5det &quot;Parque Natural do Vale do Guadiana&quot;, och faktiskt till viss del inom det, forts\u00e4tter landsbygden att \u00f6verraska bes\u00f6kare med sin rikedom av s\u00e4llsynta f\u00e5gelarter (t.ex. kungsfiskare, hoppor, drakar, \u00f6rnar och den mycket sv\u00e5rf\u00e5ngade stora bustern).<\/p>\n<p>Sj\u00f6arna vimlar av fisk och \u00e4r s\u00e5 rena att \u00e4ven sk\u00f6ldpaddor tar till dem. Guadianas dal \u00e4r ett natursk\u00f6nt omr\u00e5de som \u00e4nnu knappt bes\u00f6ks alls, j\u00e4mf\u00f6rbart med Mosel i sitt s\u00e4tt att utvecklas.<\/p>\n<p>Landskapet har en hisnande storhet, dess horisonter verkar alltid vara o\u00e4ndliga och p\u00e5 v\u00e5ren bl\u00e4ndar \u00f6verfl\u00f6det av f\u00e4rgglada vilda blommor \u00f6gonen.<\/p>\n<p>Detta en turn\u00e9 designad f\u00f6r att uppleva n\u00e4stan en tidsresa och f\u00f6r att njuta av fantastiska sev\u00e4rdheter. Inriktade p\u00e5 omr\u00e5den d\u00e4r geologi m\u00f6ter industriell arkeologi, \u00e4r promenaderna olika varje dag och utformade f\u00f6r att visa upp regionens kontrasterande landskap och vilda djur.<\/p>","protected":false},"excerpt":{"rendered":"<p>V\u00e5r rundtur till S. Domingos-gruvan erbjuder oss en bit historia, en technicolor-milj\u00f6 och en m\u00e4ngd olika aktiviteter fr\u00e5n promenader, sp\u00f6kstadsfotografering och stj\u00e4rnsk\u00e5dning i en l\u00e4tt, f\u00f6rorenad milj\u00f6. Den \u00e4r speciellt designad f\u00f6r \u00e4lskare av god mat och vin och amat\u00f6rgeologer.<\/p>\n<p>Detta en turn\u00e9 designad f\u00f6r att uppleva n\u00e4stan en tidsresa och f\u00f6r att njuta av fantastiska sev\u00e4rdheter. Inriktade p\u00e5 omr\u00e5den d\u00e4r geologi m\u00f6ter industriell arkeologi, \u00e4r promenaderna olika varje dag och utformade f\u00f6r att visa upp regionens kontrasterande landskap och vilda djur.<\/p>","protected":false},"featured_media":7719,"comment_status":"closed","ping_status":"closed","template":"","meta":{"_acf_changed":false,"inline_featured_image":false},"product_brand":[],"product_cat":[32,28,29,30,31],"product_tag":[210,211,73,78,592,593,130,46,552,554,555,47,48,90,91,136,94,55,95,556,594,595,596,597,559,560,598,599,600,232,546],"class_list":{"0":"post-7756","1":"product","2":"type-product","3":"status-publish","4":"has-post-thumbnail","6":"product_cat-cultural-tours-and-holidays-in-portugal","7":"product_cat-guided-group-tours","8":"product_cat-portugal-guided-historical-holidays","9":"product_cat-guided-sightseeing-holidays-portugal","10":"product_cat-guided-walking-holidays-in-portugal","11":"product_tag-alentejo","12":"product_tag-alentejo-landscape","13":"product_tag-alentejo-walking","14":"product_tag-beautiful-landscapes","15":"product_tag-chanza-river","16":"product_tag-flora-and-fauna","17":"product_tag-gastronomy","18":"product_tag-gastronomy-and-wines","19":"product_tag-guadiana","20":"product_tag-guadiana-river","21":"product_tag-guadiana-valley","22":"product_tag-guided-holidays","23":"product_tag-guided-tours","24":"product_tag-guided-walking-holidays","25":"product_tag-guided-walking-tours","26":"product_tag-imposing-castle","27":"product_tag-landscape","28":"product_tag-local-gastronomy","29":"product_tag-magnificent-landscape","30":"product_tag-mertola","31":"product_tag-mina-de-sao-domingos","32":"product_tag-mineral-exploration-sites","33":"product_tag-montes-altos","34":"product_tag-moreanes","35":"product_tag-open-air-museum","36":"product_tag-pomarao","37":"product_tag-sci-fi-film-set","38":"product_tag-vale-travessos","39":"product_tag-walking-route","40":"product_tag-wild-flowers-alentejo","41":"product_tag-wildlife","43":"first","44":"instock","45":"virtual","46":"product-type-simple"},"acf":[],"yoast_head":"<!-- This site is optimized with the Yoast SEO Premium plugin v26.8 (Yoast SEO v27.4) - https:\/\/yoast.com\/product\/yoast-seo-premium-wordpress\/ -->\n<title>The British Heritage in the Alentejo Walking Holidays - Legendary Adventure DMC Portugal<\/title>\n<meta name=\"robots\" content=\"index, follow, max-snippet:-1, max-image-preview:large, max-video-preview:-1\" \/>\n<link rel=\"canonical\" href=\"https:\/\/legendatours.com\/sv\/produkt\/the-british-heritage-in-the-alentejo-12000g\/\" \/>\n<meta property=\"og:locale\" content=\"sv_SE\" \/>\n<meta property=\"og:type\" content=\"article\" \/>\n<meta property=\"og:title\" content=\"The British Heritage in the Alentejo Walking Holidays\" \/>\n<meta property=\"og:description\" content=\"Our tour to the S. Domingos Mine offers us a slice of history, a technicolor setting, and a variety of activities from walking, ghost town photography, and stargazing in a light unpolluted environment. It is specially designed for lovers of good food and wine and amateur geologists.  This a tour designed to experience almost a time travel and to enjoy stunning sights. Focused on areas where geology meets industrial archaeology, the walks are different every day and designed to showcase the contrasting landscape and wildlife of the region.\" \/>\n<meta property=\"og:url\" content=\"https:\/\/legendatours.com\/sv\/produkt\/the-british-heritage-in-the-alentejo-12000g\/\" \/>\n<meta property=\"og:site_name\" content=\"Legendary Adventure DMC Portugal\" \/>\n<meta property=\"article:publisher\" content=\"https:\/\/www.facebook.com\/legendaryadventuredmc\/\" \/>\n<meta property=\"article:modified_time\" content=\"2021-08-11T14:39:56+00:00\" \/>\n<meta property=\"og:image\" content=\"https:\/\/legendatours.com\/wp-content\/uploads\/sites\/12\/2021\/04\/walk_guadiana-e1611669605793.jpg\" \/>\n\t<meta property=\"og:image:width\" content=\"1024\" \/>\n\t<meta property=\"og:image:height\" content=\"687\" \/>\n\t<meta property=\"og:image:type\" content=\"image\/jpeg\" \/>\n<meta name=\"twitter:card\" content=\"summary_large_image\" \/>\n<meta name=\"twitter:label1\" content=\"Ber\u00e4knad l\u00e4stid\" \/>\n\t<meta name=\"twitter:data1\" content=\"2 minuter\" \/>\n<script type=\"application\/ld+json\" class=\"yoast-schema-graph\">{\"@context\":\"https:\\\/\\\/schema.org\",\"@graph\":[{\"@type\":\"WebPage\",\"@id\":\"https:\\\/\\\/legendatours.com\\\/product\\\/the-british-heritage-in-the-alentejo-12000g\\\/\",\"url\":\"https:\\\/\\\/legendatours.com\\\/product\\\/the-british-heritage-in-the-alentejo-12000g\\\/\",\"name\":\"The British Heritage in the Alentejo Walking Holidays - Legendary Adventure DMC Portugal\",\"isPartOf\":{\"@id\":\"https:\\\/\\\/legendatours.com\\\/#website\"},\"primaryImageOfPage\":{\"@id\":\"https:\\\/\\\/legendatours.com\\\/product\\\/the-british-heritage-in-the-alentejo-12000g\\\/#primaryimage\"},\"image\":{\"@id\":\"https:\\\/\\\/legendatours.com\\\/product\\\/the-british-heritage-in-the-alentejo-12000g\\\/#primaryimage\"},\"thumbnailUrl\":\"https:\\\/\\\/legendatours.com\\\/wp-content\\\/uploads\\\/sites\\\/12\\\/2021\\\/04\\\/walk_guadiana-e1611669605793.jpg\",\"datePublished\":\"2020-07-08T15:42:51+00:00\",\"dateModified\":\"2021-08-11T14:39:56+00:00\",\"breadcrumb\":{\"@id\":\"https:\\\/\\\/legendatours.com\\\/product\\\/the-british-heritage-in-the-alentejo-12000g\\\/#breadcrumb\"},\"inLanguage\":\"sv-SE\",\"potentialAction\":[{\"@type\":\"ReadAction\",\"target\":[\"https:\\\/\\\/legendatours.com\\\/product\\\/the-british-heritage-in-the-alentejo-12000g\\\/\"]}]},{\"@type\":\"ImageObject\",\"inLanguage\":\"sv-SE\",\"@id\":\"https:\\\/\\\/legendatours.com\\\/product\\\/the-british-heritage-in-the-alentejo-12000g\\\/#primaryimage\",\"url\":\"https:\\\/\\\/legendatours.com\\\/wp-content\\\/uploads\\\/sites\\\/12\\\/2021\\\/04\\\/walk_guadiana-e1611669605793.jpg\",\"contentUrl\":\"https:\\\/\\\/legendatours.com\\\/wp-content\\\/uploads\\\/sites\\\/12\\\/2021\\\/04\\\/walk_guadiana-e1611669605793.jpg\",\"width\":1024,\"height\":687,\"caption\":\"Group Walk Guadiana margins Alcoutim\"},{\"@type\":\"BreadcrumbList\",\"@id\":\"https:\\\/\\\/legendatours.com\\\/product\\\/the-british-heritage-in-the-alentejo-12000g\\\/#breadcrumb\",\"itemListElement\":[{\"@type\":\"ListItem\",\"position\":1,\"name\":\"Home\",\"item\":\"https:\\\/\\\/legendatours.com\\\/\"},{\"@type\":\"ListItem\",\"position\":2,\"name\":\"Shop\",\"item\":\"https:\\\/\\\/legendatours.com\\\/sv\\\/?page_id=4\"},{\"@type\":\"ListItem\",\"position\":3,\"name\":\"The British Heritage in the Alentejo Walking Holidays\"}]},{\"@type\":\"WebSite\",\"@id\":\"https:\\\/\\\/legendatours.com\\\/#website\",\"url\":\"https:\\\/\\\/legendatours.com\\\/\",\"name\":\"Legendary Adventure DMC Portugal\",\"description\":\"Responsible Walking &amp; Nature Holidays in Portugal\",\"publisher\":{\"@id\":\"https:\\\/\\\/legendatours.com\\\/#organization\"},\"alternateName\":\"Legendary Adventure Portugal\",\"potentialAction\":[{\"@type\":\"SearchAction\",\"target\":{\"@type\":\"EntryPoint\",\"urlTemplate\":\"https:\\\/\\\/legendatours.com\\\/?s={search_term_string}\"},\"query-input\":{\"@type\":\"PropertyValueSpecification\",\"valueRequired\":true,\"valueName\":\"search_term_string\"}}],\"inLanguage\":\"sv-SE\"},{\"@type\":\"Organization\",\"@id\":\"https:\\\/\\\/legendatours.com\\\/#organization\",\"name\":\"legendatours.com\",\"url\":\"https:\\\/\\\/legendatours.com\\\/\",\"logo\":{\"@type\":\"ImageObject\",\"inLanguage\":\"sv-SE\",\"@id\":\"https:\\\/\\\/legendatours.com\\\/#\\\/schema\\\/logo\\\/image\\\/\",\"url\":\"https:\\\/\\\/legendatours.com\\\/wp-content\\\/uploads\\\/sites\\\/12\\\/2021\\\/06\\\/legendary_adventure_dmc.png\",\"contentUrl\":\"https:\\\/\\\/legendatours.com\\\/wp-content\\\/uploads\\\/sites\\\/12\\\/2021\\\/06\\\/legendary_adventure_dmc.png\",\"width\":250,\"height\":74,\"caption\":\"legendatours.com\"},\"image\":{\"@id\":\"https:\\\/\\\/legendatours.com\\\/#\\\/schema\\\/logo\\\/image\\\/\"},\"sameAs\":[\"https:\\\/\\\/www.facebook.com\\\/legendaryadventuredmc\\\/\",\"https:\\\/\\\/www.linkedin.com\\\/company\\\/legendary-adventure-dmc-portugal\",\"https:\\\/\\\/www.youtube.com\\\/channel\\\/UCOIRDx_KM6ynIcacQkZjb6g\"]}]}<\/script>\n<!-- \/ Yoast SEO Premium plugin. -->","yoast_head_json":{"title":"Vandring i Alentejo med brittiskt kulturarv - Legendary Adventure DMC Portugal","robots":{"index":"index","follow":"follow","max-snippet":"max-snippet:-1","max-image-preview":"max-image-preview:large","max-video-preview":"max-video-preview:-1"},"canonical":"https:\/\/legendatours.com\/sv\/produkt\/the-british-heritage-in-the-alentejo-12000g\/","og_locale":"sv_SE","og_type":"article","og_title":"The British Heritage in the Alentejo Walking Holidays","og_description":"Our tour to the S. Domingos Mine offers us a slice of history, a technicolor setting, and a variety of activities from walking, ghost town photography, and stargazing in a light unpolluted environment. It is specially designed for lovers of good food and wine and amateur geologists.  This a tour designed to experience almost a time travel and to enjoy stunning sights. Focused on areas where geology meets industrial archaeology, the walks are different every day and designed to showcase the contrasting landscape and wildlife of the region.","og_url":"https:\/\/legendatours.com\/sv\/produkt\/the-british-heritage-in-the-alentejo-12000g\/","og_site_name":"Legendary Adventure DMC Portugal","article_publisher":"https:\/\/www.facebook.com\/legendaryadventuredmc\/","article_modified_time":"2021-08-11T14:39:56+00:00","og_image":[{"width":1024,"height":687,"url":"https:\/\/legendatours.com\/wp-content\/uploads\/sites\/12\/2021\/04\/walk_guadiana-e1611669605793.jpg","type":"image\/jpeg"}],"twitter_card":"summary_large_image","twitter_misc":{"Ber\u00e4knad l\u00e4stid":"2 minuter"},"schema":{"@context":"https:\/\/schema.org","@graph":[{"@type":"WebPage","@id":"https:\/\/legendatours.com\/product\/the-british-heritage-in-the-alentejo-12000g\/","url":"https:\/\/legendatours.com\/product\/the-british-heritage-in-the-alentejo-12000g\/","name":"Vandring i Alentejo med brittiskt kulturarv - Legendary Adventure DMC Portugal","isPartOf":{"@id":"https:\/\/legendatours.com\/#website"},"primaryImageOfPage":{"@id":"https:\/\/legendatours.com\/product\/the-british-heritage-in-the-alentejo-12000g\/#primaryimage"},"image":{"@id":"https:\/\/legendatours.com\/product\/the-british-heritage-in-the-alentejo-12000g\/#primaryimage"},"thumbnailUrl":"https:\/\/legendatours.com\/wp-content\/uploads\/sites\/12\/2021\/04\/walk_guadiana-e1611669605793.jpg","datePublished":"2020-07-08T15:42:51+00:00","dateModified":"2021-08-11T14:39:56+00:00","breadcrumb":{"@id":"https:\/\/legendatours.com\/product\/the-british-heritage-in-the-alentejo-12000g\/#breadcrumb"},"inLanguage":"sv-SE","potentialAction":[{"@type":"ReadAction","target":["https:\/\/legendatours.com\/product\/the-british-heritage-in-the-alentejo-12000g\/"]}]},{"@type":"ImageObject","inLanguage":"sv-SE","@id":"https:\/\/legendatours.com\/product\/the-british-heritage-in-the-alentejo-12000g\/#primaryimage","url":"https:\/\/legendatours.com\/wp-content\/uploads\/sites\/12\/2021\/04\/walk_guadiana-e1611669605793.jpg","contentUrl":"https:\/\/legendatours.com\/wp-content\/uploads\/sites\/12\/2021\/04\/walk_guadiana-e1611669605793.jpg","width":1024,"height":687,"caption":"Group Walk Guadiana margins Alcoutim"},{"@type":"BreadcrumbList","@id":"https:\/\/legendatours.com\/product\/the-british-heritage-in-the-alentejo-12000g\/#breadcrumb","itemListElement":[{"@type":"ListItem","position":1,"name":"Home","item":"https:\/\/legendatours.com\/"},{"@type":"ListItem","position":2,"name":"Shop","item":"https:\/\/legendatours.com\/sv\/?page_id=4"},{"@type":"ListItem","position":3,"name":"The British Heritage in the Alentejo Walking Holidays"}]},{"@type":"WebSite","@id":"https:\/\/legendatours.com\/#website","url":"https:\/\/legendatours.com\/","name":"Legendariskt \u00e4ventyr DMC Portugal","description":"Ansvarsfulla vandringar och natursemester i Portugal","publisher":{"@id":"https:\/\/legendatours.com\/#organization"},"alternateName":"Legendary Adventure Portugal","potentialAction":[{"@type":"SearchAction","target":{"@type":"EntryPoint","urlTemplate":"https:\/\/legendatours.com\/?s={search_term_string}"},"query-input":{"@type":"PropertyValueSpecification","valueRequired":true,"valueName":"search_term_string"}}],"inLanguage":"sv-SE"},{"@type":"Organization","@id":"https:\/\/legendatours.com\/#organization","name":"legendatours.com","url":"https:\/\/legendatours.com\/","logo":{"@type":"ImageObject","inLanguage":"sv-SE","@id":"https:\/\/legendatours.com\/#\/schema\/logo\/image\/","url":"https:\/\/legendatours.com\/wp-content\/uploads\/sites\/12\/2021\/06\/legendary_adventure_dmc.png","contentUrl":"https:\/\/legendatours.com\/wp-content\/uploads\/sites\/12\/2021\/06\/legendary_adventure_dmc.png","width":250,"height":74,"caption":"legendatours.com"},"image":{"@id":"https:\/\/legendatours.com\/#\/schema\/logo\/image\/"},"sameAs":["https:\/\/www.facebook.com\/legendaryadventuredmc\/","https:\/\/www.linkedin.com\/company\/legendary-adventure-dmc-portugal","https:\/\/www.youtube.com\/channel\/UCOIRDx_KM6ynIcacQkZjb6g"]}]}},"_links":{"self":[{"href":"https:\/\/legendatours.com\/sv\/wp-json\/wp\/v2\/product\/7756","targetHints":{"allow":["GET"]}}],"collection":[{"href":"https:\/\/legendatours.com\/sv\/wp-json\/wp\/v2\/product"}],"about":[{"href":"https:\/\/legendatours.com\/sv\/wp-json\/wp\/v2\/types\/product"}],"replies":[{"embeddable":true,"href":"https:\/\/legendatours.com\/sv\/wp-json\/wp\/v2\/comments?post=7756"}],"wp:featuredmedia":[{"embeddable":true,"href":"https:\/\/legendatours.com\/sv\/wp-json\/wp\/v2\/media\/7719"}],"wp:attachment":[{"href":"https:\/\/legendatours.com\/sv\/wp-json\/wp\/v2\/media?parent=7756"}],"wp:term":[{"taxonomy":"product_brand","embeddable":true,"href":"https:\/\/legendatours.com\/sv\/wp-json\/wp\/v2\/product_brand?post=7756"},{"taxonomy":"product_cat","embeddable":true,"href":"https:\/\/legendatours.com\/sv\/wp-json\/wp\/v2\/product_cat?post=7756"},{"taxonomy":"product_tag","embeddable":true,"href":"https:\/\/legendatours.com\/sv\/wp-json\/wp\/v2\/product_tag?post=7756"}],"curies":[{"name":"wp","href":"https:\/\/api.w.org\/{rel}","templated":true}]}}