{"id":7794,"date":"2020-07-08T10:12:48","date_gmt":"2020-07-08T10:12:48","guid":{"rendered":"https:\/\/legendatours.com\/product\/gastronomy-cultural-walking-tour-in-alentejo-portugal\/"},"modified":"2021-08-11T15:38:56","modified_gmt":"2021-08-11T15:38:56","slug":"gastronomy-cultural-tour-in-alentejo-11700g","status":"publish","type":"product","link":"https:\/\/legendatours.com\/sv\/produkt\/gastronomy-cultural-tour-in-alentejo-11700g\/","title":{"rendered":"Gastronomi och kulturell vandringstur i Alentejo Portugal"},"content":{"rendered":"<p><strong>Grupper accepteras med minst 6 personer.<\/strong><\/p>\n<p>&nbsp;<\/p>\n<p>Denna semester \u00e4r baserad i den underbara regionen Alentejo d\u00e4r fantastisk mat och viner \u00e4r kungar. En semester av gastronomi och smaks\u00e4ttning med en skillnad.<\/p>\n<p>Alentejo har l\u00e4nge betraktats som Portugals kulinariska hj\u00e4rta d\u00e4r n\u00e5gra av de traditionella r\u00e4tterna har utvecklats till h\u00f6g kulinarisk konst med anv\u00e4ndning av f\u00e4rska lokala r\u00e5varor och de doftande \u00f6rterna som v\u00e4xer i omr\u00e5det. Regionen \u00e4r ocks\u00e5 k\u00e4nd f\u00f6r n\u00e5gra av de finaste vinerna.<\/p>\n<p>F\u00f6rest\u00e4ll dig att blanda ditt eget vin med n\u00e5gra av de finaste sorterna i landet och sedan njuta av din alldeles egna blandning med n\u00e5gra av de finaste lokala ostarna.<\/p>\n<div id=\"attachment_2814\" style=\"width: 1034px\" class=\"wp-caption alignnone\"><img loading=\"lazy\" decoding=\"async\" aria-describedby=\"caption-attachment-2814\" class=\"wp-image-2814 size-large\" src=\"https:\/\/legendatours.net\/wp-content\/uploads\/2020\/07\/alentejo-1024x683.jpg\" alt=\"Alentejo landscape\" width=\"1024\" height=\"683\" \/><p id=\"caption-attachment-2814\" class=\"wp-caption-text\">Portugal Alentejo landskap<\/p><\/div>\n<p>Senare i veckan har vi chansen att l\u00e4ra oss och vara delaktiga i skapandet av v\u00e5ra egna m\u00e5ltider med hj\u00e4lp av regionala specialiteter under ledning av fantastiska kockar.<\/p>\n<p>V\u00e5ra tv\u00e5 centra, Estremoz och \u00c9vora \u00e4r genomsyrade av historia, de \u00e4r b\u00e5da muromg\u00e4rdade st\u00e4der genom vilka karakt\u00e4rsfulla smala gator slingrar sig som leder oss till fantastiska monument, s\u00e5 mycket att \u00c9vora sj\u00e4lv har erk\u00e4nts som ett v\u00e4rldsarv.<\/p>\n<p>V\u00e5r vistelse tar oss till ikoniska gamla byar, bes\u00f6ker regionens traditionella konst och hantverk, njuter av det skuggiga landskapet som har bebotts och v\u00e5rdats sedan f\u00f6rhistorisk tid.<\/p>\n<div id=\"attachment_2821\" style=\"width: 1034px\" class=\"wp-caption alignnone\"><img loading=\"lazy\" decoding=\"async\" aria-describedby=\"caption-attachment-2821\" class=\"wp-image-2821 size-large\" title=\"Bas\u00edlica S\u00e9 de Nossa Senhora da Assun\u00e7\u00e3o Evora\" src=\"https:\/\/legendatours.net\/wp-content\/uploads\/2020\/07\/evora_cathedral-1024x598.jpg\" alt=\"Evora Cathedral, the biggest Medieval cathedral in Portugal\" width=\"1024\" height=\"598\" \/><p id=\"caption-attachment-2821\" class=\"wp-caption-text\">Bas\u00edlica S\u00e9 de Nossa Senhora da Assun\u00e7\u00e3o Evora<\/p><\/div>\n<p>Vi b\u00f6rjar v\u00e5r rundtur i Estremoz, en historisk stad som domineras av dess medeltida 1200-talsslott inom dess gamla bef\u00e4stningar.<\/p>\n<p>Vi reser sedan till den muromg\u00e4rdade staden \u00c9vora, en av Portugals vackrast bevarade medeltida st\u00e4der, klassad som v\u00e4rldsarv av UNESCO. \u00c9vora \u00e4r en stad med ett str\u00e5lande f\u00f6rflutet och en ung och levande nutid med hj\u00e4lp av en stor studentpopulation som g\u00e5r p\u00e5 ett av v\u00e4rldens \u00e4ldsta universitet.<\/p>\n<p>M\u00e4nniskorna i Alentejo \u00e4r mycket stolta \u00f6ver sitt arv och de bevarar de gamla byggnaderna och \u00e4ven de gamla sederna.<\/p>\n<p>Kom och njut av denna unika gastronomiska upplevelse med oss.<\/p>","protected":false},"excerpt":{"rendered":"<p>Denna semester \u00e4r baserad i den underbara regionen Alentejo d\u00e4r fantastisk mat och viner \u00e4r kungar. En semester av gastronomi och smaks\u00e4ttning med en skillnad.<\/p>\n<p>Alentejo har l\u00e4nge betraktats som Portugals kulinariska hj\u00e4rta d\u00e4r n\u00e5gra av de traditionella r\u00e4tterna har utvecklats till h\u00f6g kulinarisk konst med anv\u00e4ndning av f\u00e4rska lokala r\u00e5varor och de doftande \u00f6rterna som v\u00e4xer i omr\u00e5det. Regionen \u00e4r ocks\u00e5 k\u00e4nd f\u00f6r n\u00e5gra av de finaste vinerna.<\/p>","protected":false},"featured_media":7783,"comment_status":"closed","ping_status":"closed","template":"","meta":{"_acf_changed":false,"inline_featured_image":false},"product_brand":[],"product_cat":[32,611,28,29,30,31],"product_tag":[210,211,73,612,402,78,36,214,41,565,215,216,338,1015,130,46,613,89,219,55,352,566,222,614,407,141,208,420,615,409,360,361,410],"class_list":{"0":"post-7794","1":"product","2":"type-product","3":"status-publish","4":"has-post-thumbnail","6":"product_cat-cultural-tours-and-holidays-in-portugal","7":"product_cat-portugal-gastronomy-and-wines-guided-holidays","8":"product_cat-guided-group-tours","9":"product_cat-portugal-guided-historical-holidays","10":"product_cat-guided-sightseeing-holidays-portugal","11":"product_cat-guided-walking-holidays-in-portugal","12":"product_tag-alentejo","13":"product_tag-alentejo-landscape","14":"product_tag-alentejo-walking","15":"product_tag-alqueva","16":"product_tag-amazing-walking","17":"product_tag-beautiful-landscapes","18":"product_tag-cultural-heritage","19":"product_tag-culture","20":"product_tag-escorted-tour","21":"product_tag-estremoz-walking","22":"product_tag-evora","23":"product_tag-evora-walking","24":"product_tag-food-and-wines-are-tasty","25":"product_tag-food-wine-tours","26":"product_tag-gastronomy","27":"product_tag-gastronomy-and-wines","28":"product_tag-gastronomy-holidays","29":"product_tag-guided-group-tour","30":"product_tag-inland-alentejo","31":"product_tag-local-gastronomy","32":"product_tag-local-wines","33":"product_tag-medieval-villages","34":"product_tag-monsaraz","35":"product_tag-pinturesque-landscape","36":"product_tag-portugal-perfect-walking-holiday","37":"product_tag-portuguese-gastronomy","38":"product_tag-traditional-villages","39":"product_tag-typical-villages","40":"product_tag-village","41":"product_tag-vineyards-and-terraces","42":"product_tag-wine-lovers","43":"product_tag-wine-tasting","44":"product_tag-worlds-best-wines","46":"first","47":"instock","48":"virtual","49":"product-type-simple"},"acf":[],"yoast_head":"<!-- This site is optimized with the Yoast SEO Premium plugin v26.8 (Yoast SEO v27.4) - https:\/\/yoast.com\/product\/yoast-seo-premium-wordpress\/ -->\n<title>Gastronomy &amp; Cultural Walking Tour in Alentejo Portugal - Legendary Adventure DMC Portugal<\/title>\n<meta name=\"robots\" content=\"index, follow, max-snippet:-1, max-image-preview:large, max-video-preview:-1\" \/>\n<link rel=\"canonical\" href=\"https:\/\/legendatours.com\/sv\/produkt\/gastronomy-cultural-tour-in-alentejo-11700g\/\" \/>\n<meta property=\"og:locale\" content=\"sv_SE\" \/>\n<meta property=\"og:type\" content=\"article\" \/>\n<meta property=\"og:title\" content=\"Gastronomy &amp; Cultural Walking Tour in Alentejo Portugal\" \/>\n<meta property=\"og:description\" content=\"This holiday is based in the wonderful region of Alentejo where great food and wines are kings. A holiday of gastronomy and degustation with a difference.  The Alentejo has long been regarded as the culinary heart of Portugal where some of the traditional dishes have evolved into high culinary art with the use of fresh local produce and the fragrant herbs growing in the area. The region is also known for some of the finest wines.\" \/>\n<meta property=\"og:url\" content=\"https:\/\/legendatours.com\/sv\/produkt\/gastronomy-cultural-tour-in-alentejo-11700g\/\" \/>\n<meta property=\"og:site_name\" content=\"Legendary Adventure DMC Portugal\" \/>\n<meta property=\"article:publisher\" content=\"https:\/\/www.facebook.com\/legendaryadventuredmc\/\" \/>\n<meta property=\"article:modified_time\" content=\"2021-08-11T15:38:56+00:00\" \/>\n<meta property=\"og:image\" content=\"https:\/\/legendatours.com\/wp-content\/uploads\/sites\/12\/2021\/04\/gastronomy_wines-e1611671707531.jpg\" \/>\n\t<meta property=\"og:image:width\" content=\"1024\" \/>\n\t<meta property=\"og:image:height\" content=\"709\" \/>\n\t<meta property=\"og:image:type\" content=\"image\/jpeg\" \/>\n<meta name=\"twitter:card\" content=\"summary_large_image\" \/>\n<meta name=\"twitter:label1\" content=\"Ber\u00e4knad l\u00e4stid\" \/>\n\t<meta name=\"twitter:data1\" content=\"2 minuter\" \/>\n<script type=\"application\/ld+json\" class=\"yoast-schema-graph\">{\"@context\":\"https:\\\/\\\/schema.org\",\"@graph\":[{\"@type\":\"WebPage\",\"@id\":\"https:\\\/\\\/legendatours.com\\\/product\\\/gastronomy-cultural-tour-in-alentejo-11700g\\\/\",\"url\":\"https:\\\/\\\/legendatours.com\\\/product\\\/gastronomy-cultural-tour-in-alentejo-11700g\\\/\",\"name\":\"Gastronomy &amp; Cultural Walking Tour in Alentejo Portugal - Legendary Adventure DMC Portugal\",\"isPartOf\":{\"@id\":\"https:\\\/\\\/legendatours.com\\\/#website\"},\"primaryImageOfPage\":{\"@id\":\"https:\\\/\\\/legendatours.com\\\/product\\\/gastronomy-cultural-tour-in-alentejo-11700g\\\/#primaryimage\"},\"image\":{\"@id\":\"https:\\\/\\\/legendatours.com\\\/product\\\/gastronomy-cultural-tour-in-alentejo-11700g\\\/#primaryimage\"},\"thumbnailUrl\":\"https:\\\/\\\/legendatours.com\\\/wp-content\\\/uploads\\\/sites\\\/12\\\/2021\\\/04\\\/gastronomy_wines-e1611671707531.jpg\",\"datePublished\":\"2020-07-08T10:12:48+00:00\",\"dateModified\":\"2021-08-11T15:38:56+00:00\",\"breadcrumb\":{\"@id\":\"https:\\\/\\\/legendatours.com\\\/product\\\/gastronomy-cultural-tour-in-alentejo-11700g\\\/#breadcrumb\"},\"inLanguage\":\"sv-SE\",\"potentialAction\":[{\"@type\":\"ReadAction\",\"target\":[\"https:\\\/\\\/legendatours.com\\\/product\\\/gastronomy-cultural-tour-in-alentejo-11700g\\\/\"]}]},{\"@type\":\"ImageObject\",\"inLanguage\":\"sv-SE\",\"@id\":\"https:\\\/\\\/legendatours.com\\\/product\\\/gastronomy-cultural-tour-in-alentejo-11700g\\\/#primaryimage\",\"url\":\"https:\\\/\\\/legendatours.com\\\/wp-content\\\/uploads\\\/sites\\\/12\\\/2021\\\/04\\\/gastronomy_wines-e1611671707531.jpg\",\"contentUrl\":\"https:\\\/\\\/legendatours.com\\\/wp-content\\\/uploads\\\/sites\\\/12\\\/2021\\\/04\\\/gastronomy_wines-e1611671707531.jpg\",\"width\":1024,\"height\":709,\"caption\":\"Alentejo gastronomy\"},{\"@type\":\"BreadcrumbList\",\"@id\":\"https:\\\/\\\/legendatours.com\\\/product\\\/gastronomy-cultural-tour-in-alentejo-11700g\\\/#breadcrumb\",\"itemListElement\":[{\"@type\":\"ListItem\",\"position\":1,\"name\":\"Home\",\"item\":\"https:\\\/\\\/legendatours.com\\\/\"},{\"@type\":\"ListItem\",\"position\":2,\"name\":\"Shop\",\"item\":\"https:\\\/\\\/legendatours.com\\\/sv\\\/?page_id=4\"},{\"@type\":\"ListItem\",\"position\":3,\"name\":\"Gastronomy &amp; Cultural Walking Tour in Alentejo Portugal\"}]},{\"@type\":\"WebSite\",\"@id\":\"https:\\\/\\\/legendatours.com\\\/#website\",\"url\":\"https:\\\/\\\/legendatours.com\\\/\",\"name\":\"Legendary Adventure DMC Portugal\",\"description\":\"Responsible Walking &amp; Nature Holidays in Portugal\",\"publisher\":{\"@id\":\"https:\\\/\\\/legendatours.com\\\/#organization\"},\"alternateName\":\"Legendary Adventure Portugal\",\"potentialAction\":[{\"@type\":\"SearchAction\",\"target\":{\"@type\":\"EntryPoint\",\"urlTemplate\":\"https:\\\/\\\/legendatours.com\\\/?s={search_term_string}\"},\"query-input\":{\"@type\":\"PropertyValueSpecification\",\"valueRequired\":true,\"valueName\":\"search_term_string\"}}],\"inLanguage\":\"sv-SE\"},{\"@type\":\"Organization\",\"@id\":\"https:\\\/\\\/legendatours.com\\\/#organization\",\"name\":\"legendatours.com\",\"url\":\"https:\\\/\\\/legendatours.com\\\/\",\"logo\":{\"@type\":\"ImageObject\",\"inLanguage\":\"sv-SE\",\"@id\":\"https:\\\/\\\/legendatours.com\\\/#\\\/schema\\\/logo\\\/image\\\/\",\"url\":\"https:\\\/\\\/legendatours.com\\\/wp-content\\\/uploads\\\/sites\\\/12\\\/2021\\\/06\\\/legendary_adventure_dmc.png\",\"contentUrl\":\"https:\\\/\\\/legendatours.com\\\/wp-content\\\/uploads\\\/sites\\\/12\\\/2021\\\/06\\\/legendary_adventure_dmc.png\",\"width\":250,\"height\":74,\"caption\":\"legendatours.com\"},\"image\":{\"@id\":\"https:\\\/\\\/legendatours.com\\\/#\\\/schema\\\/logo\\\/image\\\/\"},\"sameAs\":[\"https:\\\/\\\/www.facebook.com\\\/legendaryadventuredmc\\\/\",\"https:\\\/\\\/www.linkedin.com\\\/company\\\/legendary-adventure-dmc-portugal\",\"https:\\\/\\\/www.youtube.com\\\/channel\\\/UCOIRDx_KM6ynIcacQkZjb6g\"]}]}<\/script>\n<!-- \/ Yoast SEO Premium plugin. -->","yoast_head_json":{"title":"Gastronomi och kulturell vandringstur i Alentejo Portugal - Legendariskt \u00e4ventyr DMC Portugal","robots":{"index":"index","follow":"follow","max-snippet":"max-snippet:-1","max-image-preview":"max-image-preview:large","max-video-preview":"max-video-preview:-1"},"canonical":"https:\/\/legendatours.com\/sv\/produkt\/gastronomy-cultural-tour-in-alentejo-11700g\/","og_locale":"sv_SE","og_type":"article","og_title":"Gastronomy &amp; Cultural Walking Tour in Alentejo Portugal","og_description":"This holiday is based in the wonderful region of Alentejo where great food and wines are kings. A holiday of gastronomy and degustation with a difference.  The Alentejo has long been regarded as the culinary heart of Portugal where some of the traditional dishes have evolved into high culinary art with the use of fresh local produce and the fragrant herbs growing in the area. The region is also known for some of the finest wines.","og_url":"https:\/\/legendatours.com\/sv\/produkt\/gastronomy-cultural-tour-in-alentejo-11700g\/","og_site_name":"Legendary Adventure DMC Portugal","article_publisher":"https:\/\/www.facebook.com\/legendaryadventuredmc\/","article_modified_time":"2021-08-11T15:38:56+00:00","og_image":[{"width":1024,"height":709,"url":"https:\/\/legendatours.com\/wp-content\/uploads\/sites\/12\/2021\/04\/gastronomy_wines-e1611671707531.jpg","type":"image\/jpeg"}],"twitter_card":"summary_large_image","twitter_misc":{"Ber\u00e4knad l\u00e4stid":"2 minuter"},"schema":{"@context":"https:\/\/schema.org","@graph":[{"@type":"WebPage","@id":"https:\/\/legendatours.com\/product\/gastronomy-cultural-tour-in-alentejo-11700g\/","url":"https:\/\/legendatours.com\/product\/gastronomy-cultural-tour-in-alentejo-11700g\/","name":"Gastronomi och kulturell vandringstur i Alentejo Portugal - Legendariskt \u00e4ventyr DMC Portugal","isPartOf":{"@id":"https:\/\/legendatours.com\/#website"},"primaryImageOfPage":{"@id":"https:\/\/legendatours.com\/product\/gastronomy-cultural-tour-in-alentejo-11700g\/#primaryimage"},"image":{"@id":"https:\/\/legendatours.com\/product\/gastronomy-cultural-tour-in-alentejo-11700g\/#primaryimage"},"thumbnailUrl":"https:\/\/legendatours.com\/wp-content\/uploads\/sites\/12\/2021\/04\/gastronomy_wines-e1611671707531.jpg","datePublished":"2020-07-08T10:12:48+00:00","dateModified":"2021-08-11T15:38:56+00:00","breadcrumb":{"@id":"https:\/\/legendatours.com\/product\/gastronomy-cultural-tour-in-alentejo-11700g\/#breadcrumb"},"inLanguage":"sv-SE","potentialAction":[{"@type":"ReadAction","target":["https:\/\/legendatours.com\/product\/gastronomy-cultural-tour-in-alentejo-11700g\/"]}]},{"@type":"ImageObject","inLanguage":"sv-SE","@id":"https:\/\/legendatours.com\/product\/gastronomy-cultural-tour-in-alentejo-11700g\/#primaryimage","url":"https:\/\/legendatours.com\/wp-content\/uploads\/sites\/12\/2021\/04\/gastronomy_wines-e1611671707531.jpg","contentUrl":"https:\/\/legendatours.com\/wp-content\/uploads\/sites\/12\/2021\/04\/gastronomy_wines-e1611671707531.jpg","width":1024,"height":709,"caption":"Alentejo gastronomy"},{"@type":"BreadcrumbList","@id":"https:\/\/legendatours.com\/product\/gastronomy-cultural-tour-in-alentejo-11700g\/#breadcrumb","itemListElement":[{"@type":"ListItem","position":1,"name":"Home","item":"https:\/\/legendatours.com\/"},{"@type":"ListItem","position":2,"name":"Shop","item":"https:\/\/legendatours.com\/sv\/?page_id=4"},{"@type":"ListItem","position":3,"name":"Gastronomy &amp; Cultural Walking Tour in Alentejo Portugal"}]},{"@type":"WebSite","@id":"https:\/\/legendatours.com\/#website","url":"https:\/\/legendatours.com\/","name":"Legendariskt \u00e4ventyr DMC Portugal","description":"Ansvarsfulla vandringar och natursemester i Portugal","publisher":{"@id":"https:\/\/legendatours.com\/#organization"},"alternateName":"Legendary Adventure Portugal","potentialAction":[{"@type":"SearchAction","target":{"@type":"EntryPoint","urlTemplate":"https:\/\/legendatours.com\/?s={search_term_string}"},"query-input":{"@type":"PropertyValueSpecification","valueRequired":true,"valueName":"search_term_string"}}],"inLanguage":"sv-SE"},{"@type":"Organization","@id":"https:\/\/legendatours.com\/#organization","name":"legendatours.com","url":"https:\/\/legendatours.com\/","logo":{"@type":"ImageObject","inLanguage":"sv-SE","@id":"https:\/\/legendatours.com\/#\/schema\/logo\/image\/","url":"https:\/\/legendatours.com\/wp-content\/uploads\/sites\/12\/2021\/06\/legendary_adventure_dmc.png","contentUrl":"https:\/\/legendatours.com\/wp-content\/uploads\/sites\/12\/2021\/06\/legendary_adventure_dmc.png","width":250,"height":74,"caption":"legendatours.com"},"image":{"@id":"https:\/\/legendatours.com\/#\/schema\/logo\/image\/"},"sameAs":["https:\/\/www.facebook.com\/legendaryadventuredmc\/","https:\/\/www.linkedin.com\/company\/legendary-adventure-dmc-portugal","https:\/\/www.youtube.com\/channel\/UCOIRDx_KM6ynIcacQkZjb6g"]}]}},"_links":{"self":[{"href":"https:\/\/legendatours.com\/sv\/wp-json\/wp\/v2\/product\/7794","targetHints":{"allow":["GET"]}}],"collection":[{"href":"https:\/\/legendatours.com\/sv\/wp-json\/wp\/v2\/product"}],"about":[{"href":"https:\/\/legendatours.com\/sv\/wp-json\/wp\/v2\/types\/product"}],"replies":[{"embeddable":true,"href":"https:\/\/legendatours.com\/sv\/wp-json\/wp\/v2\/comments?post=7794"}],"wp:featuredmedia":[{"embeddable":true,"href":"https:\/\/legendatours.com\/sv\/wp-json\/wp\/v2\/media\/7783"}],"wp:attachment":[{"href":"https:\/\/legendatours.com\/sv\/wp-json\/wp\/v2\/media?parent=7794"}],"wp:term":[{"taxonomy":"product_brand","embeddable":true,"href":"https:\/\/legendatours.com\/sv\/wp-json\/wp\/v2\/product_brand?post=7794"},{"taxonomy":"product_cat","embeddable":true,"href":"https:\/\/legendatours.com\/sv\/wp-json\/wp\/v2\/product_cat?post=7794"},{"taxonomy":"product_tag","embeddable":true,"href":"https:\/\/legendatours.com\/sv\/wp-json\/wp\/v2\/product_tag?post=7794"}],"curies":[{"name":"wp","href":"https:\/\/api.w.org\/{rel}","templated":true}]}}