{"id":7829,"date":"2020-07-06T15:58:47","date_gmt":"2020-07-06T15:58:47","guid":{"rendered":"https:\/\/legendatours.com\/product\/walking-the-great-rivers-of-the-vinho-verde-in-portugal\/"},"modified":"2021-08-11T15:47:27","modified_gmt":"2021-08-11T15:47:27","slug":"the-great-rivers-of-the-vinho-verde-11100g","status":"publish","type":"product","link":"https:\/\/legendatours.com\/sv\/produkt\/the-great-rivers-of-the-vinho-verde-11100g\/","title":{"rendered":"Walking The Great Rivers of Vinho Verde i Portugal"},"content":{"rendered":"<p><strong>Grupper accepteras med minst 6 personer.<\/strong><\/p>\n<p>&nbsp;<\/p>\n<p>En gastronomi- och vintur i hj\u00e4rtat av Portugal baserad p\u00e5 de tv\u00e5 stora floderna som rinner genom regionen, i hj\u00e4rtat av Vinho Verde-omr\u00e5det, floden Lima och floden Minho.<\/p>\n<p>Ett frodigt, gr\u00f6nskande omr\u00e5de som producerar det b\u00e4sta av vinhos Verdes (gr\u00f6na viner) inklusive de allt mer s\u00e4llsynta Vinho Verdes rose &amp; red, tillsammans med fantastisk mat och antik kultur.<\/p>\n<div id=\"attachment_2769\" style=\"width: 1034px\" class=\"wp-caption alignnone\"><img loading=\"lazy\" decoding=\"async\" aria-describedby=\"caption-attachment-2769\" class=\"wp-image-2769 size-large\" title=\"Rio Lima genom ett frodigt landskap av ving\u00e5rdar\" src=\"https:\/\/legendatours.net\/wp-content\/uploads\/2020\/07\/ponte_lima-1024x576.jpg\" alt=\"Rio Lima through a lush landscape of vineyards\" width=\"1024\" height=\"576\" \/><p id=\"caption-attachment-2769\" class=\"wp-caption-text\">Rio Lima genom ett frodigt landskap av ving\u00e5rdar<\/p><\/div>\n<p>Vi kommer att vandra l\u00e4ngs med vackra Rio Lima, s\u00e5 vacker att det troddes vara den mytomspunna floden Lethe, floden av gl\u00f6mska av romarna.<\/p>\n<p>Vi kommer att bes\u00f6ka Viana do Castelo, p\u00e4rlan i norr, vid floden Limas mynning, beskriven som &quot;Entre o mar, o Rio ea montanha&quot; (mellan havet, floden och bergen).<\/p>\n<p>Vi kommer att g\u00e5 in i Caminha genom en sval skog f\u00f6r att uppskatta den vackra mynningen av floden Minho.<\/p>\n<p>En av v\u00e5ra vandringar kommer att centreras kring det magnifika Pal\u00e1cio da Brejoeira som vi kommer att kunna bes\u00f6ka.<\/p>\n<div id=\"attachment_2773\" style=\"width: 1034px\" class=\"wp-caption alignnone\"><img loading=\"lazy\" decoding=\"async\" aria-describedby=\"caption-attachment-2773\" class=\"wp-image-2773 size-large\" title=\"Ponte da Barca - g\u00e5 genom fridfulla gr\u00f6nskande jordbruksmarker och skogsomr\u00e5den\" src=\"https:\/\/legendatours.net\/wp-content\/uploads\/2020\/07\/ponte_barca-1024x576.jpg\" alt=\"Ponte da Barca - walk through peaceful verdant farmlands and forested areas\" width=\"1024\" height=\"576\" \/><p id=\"caption-attachment-2773\" class=\"wp-caption-text\">Ponte da Barca \u2013 g\u00e5 genom fridfulla gr\u00f6nskande jordbruksmarker och skogsomr\u00e5den<\/p><\/div>\n<p>Vi kommer att kunna njuta av, som en del av v\u00e5r vistelse, en lyxig spabehandling p\u00e5 det lyxiga Caldas de Mon\u00e7\u00e3o spa, k\u00e4nt f\u00f6r att vara mycket f\u00f6rdelaktigt f\u00f6r andningsv\u00e4gar, reumatism och ledproblem.<\/p>\n<p>Sedan, p\u00e5 v\u00e5r sista dag, bes\u00f6ker vi Tuy &amp; Valen\u00e7a, de portugisiska och spanska grannarna som tittar p\u00e5 varandra \u00f6ver floden.<\/p>\n<p>Det \u00e4r en passande avslutning p\u00e5 v\u00e5r semester.<\/p>\n<p>Ponte de Lima, v\u00e5rt f\u00f6rsta centrum, \u00e4r den \u00e4ldsta staden i Portugal, bel\u00e4gen bredvid floden Limas lugna vatten, i hj\u00e4rtat av Vinho Verde-omr\u00e5det. Landskapet runt omkring \u00e4r klassiskt Minho med ett frodigt landskap, vackra byar och en uppsj\u00f6 av palats och herrg\u00e5rdar utspridda \u00f6verallt.<\/p>\n<p>Mon\u00e7\u00e3o, v\u00e5rt n\u00e4sta centrum, var en g\u00e5ng en viktig portugisisk f\u00e4stning p\u00e5 gr\u00e4nsen till Spanien. Det var d\u00e5 bakgrunden till de m\u00e5nga striderna mellan kungad\u00f6mena Portugal och Kastilien.<\/p>\n<div id=\"attachment_2776\" style=\"width: 1034px\" class=\"wp-caption alignnone\"><img loading=\"lazy\" decoding=\"async\" aria-describedby=\"caption-attachment-2776\" class=\"wp-image-2776 size-large\" title=\"Minhos ving\u00e5rdar - g\u00e5 genom gr\u00f6na frodiga dalar\" src=\"https:\/\/legendatours.net\/wp-content\/uploads\/2020\/07\/vinhas_minho-1024x681.jpg\" alt=\"Minho vineyards - walk through green luxuriant valleys\" width=\"1024\" height=\"681\" \/><p id=\"caption-attachment-2776\" class=\"wp-caption-text\">Minhos ving\u00e5rdar \u2013 g\u00e5 genom gr\u00f6na frodiga dalar<\/p><\/div>\n<p>Denna bef\u00e4sta stad vid floden Minhos strand \u00e4r en gammal kurort med utsikt \u00f6ver floden Minho, med sina tilltalande terrasser och h\u00f6jdpunkter.<\/p>\n<p>Det \u00e4r k\u00e4nt f\u00f6r de botande egenskaperna hos sina spabehandlingar som vi kommer att ha m\u00f6jlighet att njuta av.<\/p>\n<p>Det \u00e4r ocks\u00e5 i hj\u00e4rtat av vinregionen Alvarinho som anses vara den allra finaste av alla Vinho Verde-viner.<\/p>\n<div class=\"row\" style=\"display: flex;\">\n<div class=\"column\" style=\"flex: 45%;\">\n<p><iframe loading=\"lazy\" title=\"Viana do Castelo Tour 1, Portugal\" width=\"1080\" height=\"608\" src=\"https:\/\/www.youtube.com\/embed\/Vb11mgM-4hk?feature=oembed\" frameborder=\"0\" allow=\"accelerometer; autoplay; clipboard-write; encrypted-media; gyroscope; picture-in-picture\" allowfullscreen><\/iframe><\/p>\n<\/div>\n<div class=\"column\" style=\"flex: 10%;\"><\/div>\n<div class=\"column\" style=\"flex: 45%;\">\n<p><iframe loading=\"lazy\" title=\"Algarve Visto do Ar - Concelho de Olh\u00e3o\" width=\"1080\" height=\"608\" src=\"https:\/\/www.youtube.com\/embed\/MP6BCGjhkwQ?feature=oembed\" frameborder=\"0\" allow=\"accelerometer; autoplay; clipboard-write; encrypted-media; gyroscope; picture-in-picture\" allowfullscreen><\/iframe><\/p>\n<\/div>\n<\/div>","protected":false},"excerpt":{"rendered":"<p>En gastronomi- och vintur i hj\u00e4rtat av Portugal baserad p\u00e5 de tv\u00e5 stora floderna som rinner genom regionen, i hj\u00e4rtat av Vinho Verde-omr\u00e5det, floden Lima och floden Minho.<\/p>","protected":false},"featured_media":7818,"comment_status":"closed","ping_status":"closed","template":"","meta":{"_acf_changed":false,"inline_featured_image":false},"product_brand":[],"product_cat":[32,611,28,29,30,31],"product_tag":[402,78,403,36,603,338,130,46,613,87,1143,90,160,93,627,1126,55,352,95,221,97,162,104,614,341,628,629,68,208,230,231,121,630,610,112,122,145,410],"class_list":{"0":"post-7829","1":"product","2":"type-product","3":"status-publish","4":"has-post-thumbnail","6":"product_cat-cultural-tours-and-holidays-in-portugal","7":"product_cat-portugal-gastronomy-and-wines-guided-holidays","8":"product_cat-guided-group-tours","9":"product_cat-portugal-guided-historical-holidays","10":"product_cat-guided-sightseeing-holidays-portugal","11":"product_cat-guided-walking-holidays-in-portugal","12":"product_tag-amazing-walking","13":"product_tag-beautiful-landscapes","14":"product_tag-beautiful-walk","15":"product_tag-cultural-heritage","16":"product_tag-fantastic-itinerary-of-walks","17":"product_tag-food-and-wines-are-tasty","18":"product_tag-gastronomy","19":"product_tag-gastronomy-and-wines","20":"product_tag-gastronomy-holidays","21":"product_tag-green-landscape","22":"product_tag-green-sparkling-wine","23":"product_tag-guided-walking-holidays","24":"product_tag-holidays","25":"product_tag-inland-walks","26":"product_tag-itinerary-of-walks","27":"product_tag-lima-estuary","28":"product_tag-local-gastronomy","29":"product_tag-local-wines","30":"product_tag-magnificent-landscape","31":"product_tag-minho-region-portugal","32":"product_tag-natural-park","33":"product_tag-nature-walks","34":"product_tag-offered-flexible-walking","35":"product_tag-pinturesque-landscape","36":"product_tag-portugal-great-food-and-wine","37":"product_tag-rio-lima","38":"product_tag-rio-minho","39":"product_tag-tours-in-portugal","40":"product_tag-traditional-villages","41":"product_tag-viana-do-castelo","42":"product_tag-vinho-verde","43":"product_tag-walking","44":"product_tag-walking-and-exploring","45":"product_tag-walking-experiences","46":"product_tag-walking-holidays","47":"product_tag-walking-tours","48":"product_tag-wines","49":"product_tag-worlds-best-wines","51":"first","52":"instock","53":"virtual","54":"product-type-simple"},"acf":[],"yoast_head":"<!-- This site is optimized with the Yoast SEO Premium plugin v26.8 (Yoast SEO v27.3) - https:\/\/yoast.com\/product\/yoast-seo-premium-wordpress\/ -->\n<title>Walking The Great Rivers of the Vinho Verde in Portugal - Legendary Adventure DMC Portugal<\/title>\n<meta name=\"robots\" content=\"index, follow, max-snippet:-1, max-image-preview:large, max-video-preview:-1\" \/>\n<link rel=\"canonical\" href=\"https:\/\/legendatours.com\/sv\/produkt\/the-great-rivers-of-the-vinho-verde-11100g\/\" \/>\n<meta property=\"og:locale\" content=\"sv_SE\" \/>\n<meta property=\"og:type\" content=\"article\" \/>\n<meta property=\"og:title\" content=\"Walking The Great Rivers of the Vinho Verde in Portugal\" \/>\n<meta property=\"og:description\" content=\"A gastronomy &amp; wine tour in the very heart of Portugal based on the two great rivers that flow through the region, in the heart of the Vinho Verde area, the river Lima &amp; the River Minho.\" \/>\n<meta property=\"og:url\" content=\"https:\/\/legendatours.com\/sv\/produkt\/the-great-rivers-of-the-vinho-verde-11100g\/\" \/>\n<meta property=\"og:site_name\" content=\"Legendary Adventure DMC Portugal\" \/>\n<meta property=\"article:publisher\" content=\"https:\/\/www.facebook.com\/legendaryadventuredmc\/\" \/>\n<meta property=\"article:modified_time\" content=\"2021-08-11T15:47:27+00:00\" \/>\n<meta property=\"og:image\" content=\"https:\/\/legendatours.com\/wp-content\/uploads\/sites\/12\/2021\/04\/walk_minho-e1611683299139.jpg\" \/>\n\t<meta property=\"og:image:width\" content=\"1024\" \/>\n\t<meta property=\"og:image:height\" content=\"768\" \/>\n\t<meta property=\"og:image:type\" content=\"image\/jpeg\" \/>\n<meta name=\"twitter:card\" content=\"summary_large_image\" \/>\n<meta name=\"twitter:label1\" content=\"Ber\u00e4knad l\u00e4stid\" \/>\n\t<meta name=\"twitter:data1\" content=\"2 minuter\" \/>\n<script type=\"application\/ld+json\" class=\"yoast-schema-graph\">{\"@context\":\"https:\\\/\\\/schema.org\",\"@graph\":[{\"@type\":\"WebPage\",\"@id\":\"https:\\\/\\\/legendatours.com\\\/product\\\/the-great-rivers-of-the-vinho-verde-11100g\\\/\",\"url\":\"https:\\\/\\\/legendatours.com\\\/product\\\/the-great-rivers-of-the-vinho-verde-11100g\\\/\",\"name\":\"Walking The Great Rivers of the Vinho Verde in Portugal - Legendary Adventure DMC Portugal\",\"isPartOf\":{\"@id\":\"https:\\\/\\\/legendatours.com\\\/#website\"},\"primaryImageOfPage\":{\"@id\":\"https:\\\/\\\/legendatours.com\\\/product\\\/the-great-rivers-of-the-vinho-verde-11100g\\\/#primaryimage\"},\"image\":{\"@id\":\"https:\\\/\\\/legendatours.com\\\/product\\\/the-great-rivers-of-the-vinho-verde-11100g\\\/#primaryimage\"},\"thumbnailUrl\":\"https:\\\/\\\/legendatours.com\\\/wp-content\\\/uploads\\\/sites\\\/12\\\/2021\\\/04\\\/walk_minho-e1611683299139.jpg\",\"datePublished\":\"2020-07-06T15:58:47+00:00\",\"dateModified\":\"2021-08-11T15:47:27+00:00\",\"breadcrumb\":{\"@id\":\"https:\\\/\\\/legendatours.com\\\/product\\\/the-great-rivers-of-the-vinho-verde-11100g\\\/#breadcrumb\"},\"inLanguage\":\"sv-SE\",\"potentialAction\":[{\"@type\":\"ReadAction\",\"target\":[\"https:\\\/\\\/legendatours.com\\\/product\\\/the-great-rivers-of-the-vinho-verde-11100g\\\/\"]}]},{\"@type\":\"ImageObject\",\"inLanguage\":\"sv-SE\",\"@id\":\"https:\\\/\\\/legendatours.com\\\/product\\\/the-great-rivers-of-the-vinho-verde-11100g\\\/#primaryimage\",\"url\":\"https:\\\/\\\/legendatours.com\\\/wp-content\\\/uploads\\\/sites\\\/12\\\/2021\\\/04\\\/walk_minho-e1611683299139.jpg\",\"contentUrl\":\"https:\\\/\\\/legendatours.com\\\/wp-content\\\/uploads\\\/sites\\\/12\\\/2021\\\/04\\\/walk_minho-e1611683299139.jpg\",\"width\":1024,\"height\":768,\"caption\":\"Walking in Minho, wine region\"},{\"@type\":\"BreadcrumbList\",\"@id\":\"https:\\\/\\\/legendatours.com\\\/product\\\/the-great-rivers-of-the-vinho-verde-11100g\\\/#breadcrumb\",\"itemListElement\":[{\"@type\":\"ListItem\",\"position\":1,\"name\":\"Home\",\"item\":\"https:\\\/\\\/legendatours.com\\\/\"},{\"@type\":\"ListItem\",\"position\":2,\"name\":\"Shop\",\"item\":\"https:\\\/\\\/legendatours.com\\\/sv\\\/?page_id=4\"},{\"@type\":\"ListItem\",\"position\":3,\"name\":\"Walking The Great Rivers of the Vinho Verde in Portugal\"}]},{\"@type\":\"WebSite\",\"@id\":\"https:\\\/\\\/legendatours.com\\\/#website\",\"url\":\"https:\\\/\\\/legendatours.com\\\/\",\"name\":\"Legendary Adventure DMC Portugal\",\"description\":\"Responsible Walking &amp; Nature Holidays in Portugal\",\"publisher\":{\"@id\":\"https:\\\/\\\/legendatours.com\\\/#organization\"},\"alternateName\":\"Legendary Adventure Portugal\",\"potentialAction\":[{\"@type\":\"SearchAction\",\"target\":{\"@type\":\"EntryPoint\",\"urlTemplate\":\"https:\\\/\\\/legendatours.com\\\/?s={search_term_string}\"},\"query-input\":{\"@type\":\"PropertyValueSpecification\",\"valueRequired\":true,\"valueName\":\"search_term_string\"}}],\"inLanguage\":\"sv-SE\"},{\"@type\":\"Organization\",\"@id\":\"https:\\\/\\\/legendatours.com\\\/#organization\",\"name\":\"legendatours.com\",\"url\":\"https:\\\/\\\/legendatours.com\\\/\",\"logo\":{\"@type\":\"ImageObject\",\"inLanguage\":\"sv-SE\",\"@id\":\"https:\\\/\\\/legendatours.com\\\/#\\\/schema\\\/logo\\\/image\\\/\",\"url\":\"https:\\\/\\\/legendatours.com\\\/wp-content\\\/uploads\\\/sites\\\/12\\\/2021\\\/06\\\/legendary_adventure_dmc.png\",\"contentUrl\":\"https:\\\/\\\/legendatours.com\\\/wp-content\\\/uploads\\\/sites\\\/12\\\/2021\\\/06\\\/legendary_adventure_dmc.png\",\"width\":250,\"height\":74,\"caption\":\"legendatours.com\"},\"image\":{\"@id\":\"https:\\\/\\\/legendatours.com\\\/#\\\/schema\\\/logo\\\/image\\\/\"},\"sameAs\":[\"https:\\\/\\\/www.facebook.com\\\/legendaryadventuredmc\\\/\",\"https:\\\/\\\/www.linkedin.com\\\/company\\\/legendary-adventure-dmc-portugal\",\"https:\\\/\\\/www.youtube.com\\\/channel\\\/UCOIRDx_KM6ynIcacQkZjb6g\"]}]}<\/script>\n<!-- \/ Yoast SEO Premium plugin. -->","yoast_head_json":{"title":"Promenera de stora floderna i Vinho Verde i Portugal - Legendariskt \u00e4ventyr DMC Portugal","robots":{"index":"index","follow":"follow","max-snippet":"max-snippet:-1","max-image-preview":"max-image-preview:large","max-video-preview":"max-video-preview:-1"},"canonical":"https:\/\/legendatours.com\/sv\/produkt\/the-great-rivers-of-the-vinho-verde-11100g\/","og_locale":"sv_SE","og_type":"article","og_title":"Walking The Great Rivers of the Vinho Verde in Portugal","og_description":"A gastronomy &amp; wine tour in the very heart of Portugal based on the two great rivers that flow through the region, in the heart of the Vinho Verde area, the river Lima &amp; the River Minho.","og_url":"https:\/\/legendatours.com\/sv\/produkt\/the-great-rivers-of-the-vinho-verde-11100g\/","og_site_name":"Legendary Adventure DMC Portugal","article_publisher":"https:\/\/www.facebook.com\/legendaryadventuredmc\/","article_modified_time":"2021-08-11T15:47:27+00:00","og_image":[{"width":1024,"height":768,"url":"https:\/\/legendatours.com\/wp-content\/uploads\/sites\/12\/2021\/04\/walk_minho-e1611683299139.jpg","type":"image\/jpeg"}],"twitter_card":"summary_large_image","twitter_misc":{"Ber\u00e4knad l\u00e4stid":"2 minuter"},"schema":{"@context":"https:\/\/schema.org","@graph":[{"@type":"WebPage","@id":"https:\/\/legendatours.com\/product\/the-great-rivers-of-the-vinho-verde-11100g\/","url":"https:\/\/legendatours.com\/product\/the-great-rivers-of-the-vinho-verde-11100g\/","name":"Promenera de stora floderna i Vinho Verde i Portugal - Legendariskt \u00e4ventyr DMC Portugal","isPartOf":{"@id":"https:\/\/legendatours.com\/#website"},"primaryImageOfPage":{"@id":"https:\/\/legendatours.com\/product\/the-great-rivers-of-the-vinho-verde-11100g\/#primaryimage"},"image":{"@id":"https:\/\/legendatours.com\/product\/the-great-rivers-of-the-vinho-verde-11100g\/#primaryimage"},"thumbnailUrl":"https:\/\/legendatours.com\/wp-content\/uploads\/sites\/12\/2021\/04\/walk_minho-e1611683299139.jpg","datePublished":"2020-07-06T15:58:47+00:00","dateModified":"2021-08-11T15:47:27+00:00","breadcrumb":{"@id":"https:\/\/legendatours.com\/product\/the-great-rivers-of-the-vinho-verde-11100g\/#breadcrumb"},"inLanguage":"sv-SE","potentialAction":[{"@type":"ReadAction","target":["https:\/\/legendatours.com\/product\/the-great-rivers-of-the-vinho-verde-11100g\/"]}]},{"@type":"ImageObject","inLanguage":"sv-SE","@id":"https:\/\/legendatours.com\/product\/the-great-rivers-of-the-vinho-verde-11100g\/#primaryimage","url":"https:\/\/legendatours.com\/wp-content\/uploads\/sites\/12\/2021\/04\/walk_minho-e1611683299139.jpg","contentUrl":"https:\/\/legendatours.com\/wp-content\/uploads\/sites\/12\/2021\/04\/walk_minho-e1611683299139.jpg","width":1024,"height":768,"caption":"Walking in Minho, wine region"},{"@type":"BreadcrumbList","@id":"https:\/\/legendatours.com\/product\/the-great-rivers-of-the-vinho-verde-11100g\/#breadcrumb","itemListElement":[{"@type":"ListItem","position":1,"name":"Home","item":"https:\/\/legendatours.com\/"},{"@type":"ListItem","position":2,"name":"Shop","item":"https:\/\/legendatours.com\/sv\/?page_id=4"},{"@type":"ListItem","position":3,"name":"Walking The Great Rivers of the Vinho Verde in Portugal"}]},{"@type":"WebSite","@id":"https:\/\/legendatours.com\/#website","url":"https:\/\/legendatours.com\/","name":"Legendariskt \u00e4ventyr DMC Portugal","description":"Ansvarsfulla vandringar och natursemester i Portugal","publisher":{"@id":"https:\/\/legendatours.com\/#organization"},"alternateName":"Legendary Adventure Portugal","potentialAction":[{"@type":"SearchAction","target":{"@type":"EntryPoint","urlTemplate":"https:\/\/legendatours.com\/?s={search_term_string}"},"query-input":{"@type":"PropertyValueSpecification","valueRequired":true,"valueName":"search_term_string"}}],"inLanguage":"sv-SE"},{"@type":"Organization","@id":"https:\/\/legendatours.com\/#organization","name":"legendatours.com","url":"https:\/\/legendatours.com\/","logo":{"@type":"ImageObject","inLanguage":"sv-SE","@id":"https:\/\/legendatours.com\/#\/schema\/logo\/image\/","url":"https:\/\/legendatours.com\/wp-content\/uploads\/sites\/12\/2021\/06\/legendary_adventure_dmc.png","contentUrl":"https:\/\/legendatours.com\/wp-content\/uploads\/sites\/12\/2021\/06\/legendary_adventure_dmc.png","width":250,"height":74,"caption":"legendatours.com"},"image":{"@id":"https:\/\/legendatours.com\/#\/schema\/logo\/image\/"},"sameAs":["https:\/\/www.facebook.com\/legendaryadventuredmc\/","https:\/\/www.linkedin.com\/company\/legendary-adventure-dmc-portugal","https:\/\/www.youtube.com\/channel\/UCOIRDx_KM6ynIcacQkZjb6g"]}]}},"_links":{"self":[{"href":"https:\/\/legendatours.com\/sv\/wp-json\/wp\/v2\/product\/7829","targetHints":{"allow":["GET"]}}],"collection":[{"href":"https:\/\/legendatours.com\/sv\/wp-json\/wp\/v2\/product"}],"about":[{"href":"https:\/\/legendatours.com\/sv\/wp-json\/wp\/v2\/types\/product"}],"replies":[{"embeddable":true,"href":"https:\/\/legendatours.com\/sv\/wp-json\/wp\/v2\/comments?post=7829"}],"wp:featuredmedia":[{"embeddable":true,"href":"https:\/\/legendatours.com\/sv\/wp-json\/wp\/v2\/media\/7818"}],"wp:attachment":[{"href":"https:\/\/legendatours.com\/sv\/wp-json\/wp\/v2\/media?parent=7829"}],"wp:term":[{"taxonomy":"product_brand","embeddable":true,"href":"https:\/\/legendatours.com\/sv\/wp-json\/wp\/v2\/product_brand?post=7829"},{"taxonomy":"product_cat","embeddable":true,"href":"https:\/\/legendatours.com\/sv\/wp-json\/wp\/v2\/product_cat?post=7829"},{"taxonomy":"product_tag","embeddable":true,"href":"https:\/\/legendatours.com\/sv\/wp-json\/wp\/v2\/product_tag?post=7829"}],"curies":[{"name":"wp","href":"https:\/\/api.w.org\/{rel}","templated":true}]}}