{"id":7855,"date":"2020-07-06T11:02:59","date_gmt":"2020-07-06T11:02:59","guid":{"rendered":"https:\/\/legendatours.com\/product\/santiagos-way-walking-in-the-atlantic-coast-from-portugal\/"},"modified":"2021-08-11T15:58:32","modified_gmt":"2021-08-11T15:58:32","slug":"santiagos-way-in-the-atlantic-coast-1900g","status":"publish","type":"product","link":"https:\/\/legendatours.com\/sv\/produkt\/santiagos-way-in-the-atlantic-coast-1900g\/","title":{"rendered":"Santiago&#039;s Way Walking in the Atlantic Coast from Portugal"},"content":{"rendered":"<p><strong>Grupper accepteras med minst 6 personer.<\/strong><\/p>\n<p>&nbsp;<\/p>\n<p>Det finns ett antal v\u00e4gar till Santiago de Compostela som pilgrimer har f\u00f6ljt i \u00e5rhundraden. Vissa \u00e4r mindre k\u00e4nda \u00e4n andra och den portugisiska Atlantic Way, \u00e4ven om den inte \u00e4r den mest k\u00e4nda, \u00e4r k\u00e4nd f\u00f6r sin sk\u00f6nhet och lugn och blir allt mer popul\u00e4r.<\/p>\n<p>Den portugisiska kustv\u00e4gen eller Caminho da Costa \u00e4r en fantastisk, l\u00e4tt till m\u00e5ttlig, alternativ v\u00e4g till Santiago de Compostela.<\/p>\n<div id=\"attachment_2764\" style=\"width: 1034px\" class=\"wp-caption alignnone\"><img loading=\"lazy\" decoding=\"async\" aria-describedby=\"caption-attachment-2764\" class=\"wp-image-2764 size-large\" title=\"Santiago_Compostela - legenden om St James och v\u00e4rdet av &quot;pilgrimsf\u00e4rden&quot;\" src=\"https:\/\/legendatours.net\/wp-content\/uploads\/2020\/07\/Santiago_Compostela-1024x683.jpg\" alt=\"Santiago_Compostela - the legend of St. James and the value of the \u201cpilgrimage\u201d\" width=\"1024\" height=\"683\" \/><p id=\"caption-attachment-2764\" class=\"wp-caption-text\">Santiago_Compostela - legenden om St James och v\u00e4rdet av &quot;pilgrimsf\u00e4rden&quot;<\/p><\/div>\n<p>N\u00e5gra av st\u00e4derna och byarna \u00e4r hem f\u00f6r magnifika barock- och romanska kyrkor och dessa, tillsammans med monumenten och korsen l\u00e4ngs v\u00e4gen, hj\u00e4lper till att ber\u00e4tta historien om denna mindre upptrampade v\u00e4g, samtidigt som de f\u00f6rbereder oss f\u00f6r v\u00e5r slutdestination Santiago de Compostela \u2013 d\u00e4r vi vid ankomsten kommer att f\u00f6rst\u00e5 varf\u00f6r s\u00e5 m\u00e5nga har f\u00f6ljt dessa rutter under de m\u00e5nga \u00e5rhundradena f\u00f6re oss.<\/p>\n<p>Legenden s\u00e4ger att St. James reste till Spanien f\u00f6r att sprida de goda nyheterna och sedan \u00e5terv\u00e4nde till Jerusalem d\u00e4r han blev martyrd\u00f6d. Hans anh\u00e4ngare bar sedan hans kropp till kusten, d\u00e4r ett fartyg mirakul\u00f6st v\u00e4ntade p\u00e5 att b\u00e4ra kvarlevorna till nordv\u00e4stra Spanien. Den exakta platsen f\u00f6r graven gick f\u00f6rlorad i historien. Genom en vision, hundratals \u00e5r senare, kunde en spansk eremit visa v\u00e4gen till romartidens grav och en kyrka byggdes p\u00e5 plats. Sj\u00e4lva staden v\u00e4xte upp runt kyrkan.<\/p>\n<div id=\"attachment_2767\" style=\"width: 1034px\" class=\"wp-caption alignnone\"><img loading=\"lazy\" decoding=\"async\" aria-describedby=\"caption-attachment-2767\" class=\"wp-image-2767 size-large\" title=\"Karta Coastal Santiago&#039;s Way\" src=\"https:\/\/legendatours.net\/wp-content\/uploads\/2020\/07\/caminho_costa-1024x574.jpg\" alt=\"Map Coastal Santiago's Way\" width=\"1024\" height=\"574\" \/><p id=\"caption-attachment-2767\" class=\"wp-caption-text\">Karta Coastal Santiago&#039;s Way<\/p><\/div>\n<p>V\u00e5r vandringstur b\u00f6rjar i den f\u00e4rgstarka staden Porto i Portugal och tar oss till charmiga kustst\u00e4der och byar i norra Portugal och Galicien. Rutten g\u00e5r genom Viana do Castelo, Caminha, Baiona, Pontevedra, Caldas Dos Reis och Padron, f\u00f6r att sluta p\u00e5 torget i Obradoiro och den kolossala barockkatedralen d\u00e4r kvarlevorna av aposteln Santiago ligger.<\/p>\n<p>Den portugisiska Atlantic Way \u00e4r cirka 241 km. Vi kommer att plocka ut de b\u00e4sta sektionerna f\u00f6r din njutning.<\/p>\n<p>Vissa m\u00e4nniskor anv\u00e4nder denna vecka som en introduktion till Caminho. Om du inspireras av din semester och vill komma tillbaka vid ett senare tillf\u00e4lle f\u00f6r att g\u00f6ra hela pilgrimsf\u00e4rden kommer dessa promenader att vara en fr\u00f6jd att upprepa.<\/p>\n<p>De flesta promenader kommer att ha en opt-out tillg\u00e4nglig f\u00f6r dem som inte vill g\u00f6ra hela str\u00e4ckan eller f\u00f6redrar att spendera mer tid p\u00e5 sightseeing.<\/p>\n<div class=\"row\" style=\"display: flex;\">\n<div class=\"column\" style=\"flex: 45%;\">\n<p><iframe loading=\"lazy\" title=\"Caminhos de Santiago - Caminho Portugu\u00eas da Costa\" width=\"1080\" height=\"608\" src=\"https:\/\/www.youtube.com\/embed\/2xszS0FYP00?feature=oembed\" frameborder=\"0\" allow=\"accelerometer; autoplay; clipboard-write; encrypted-media; gyroscope; picture-in-picture\" allowfullscreen><\/iframe><\/p>\n<\/div>\n<div class=\"column\" style=\"flex: 10%;\"><\/div>\n<div class=\"column\" style=\"flex: 45%;\">\n<p><iframe loading=\"lazy\" title=\"Caminhos de Santiago - Caminho Portugu\u00eas da Costa\" width=\"1080\" height=\"608\" src=\"https:\/\/www.youtube.com\/embed\/2xszS0FYP00?feature=oembed\" frameborder=\"0\" allow=\"accelerometer; autoplay; clipboard-write; encrypted-media; gyroscope; picture-in-picture\" allowfullscreen><\/iframe><\/p>\n<\/div>\n<\/div>","protected":false},"excerpt":{"rendered":"<p>Det finns ett antal v\u00e4gar till Santiago de Compostela som pilgrimer har f\u00f6ljt i \u00e5rhundraden. Vissa \u00e4r mindre k\u00e4nda \u00e4n andra och den portugisiska Atlantic Way, \u00e4ven om den inte \u00e4r den mest k\u00e4nda, \u00e4r k\u00e4nd f\u00f6r sin sk\u00f6nhet och lugn och blir allt mer popul\u00e4r.<\/p>\n<p>Den portugisiska Atlantic Way \u00e4r cirka 241 km, men vi har plockat ut de b\u00e4sta delarna f\u00f6r din njutning!<\/p>","protected":false},"featured_media":7851,"comment_status":"closed","ping_status":"closed","template":"","meta":{"_acf_changed":false,"inline_featured_image":false},"product_brand":[],"product_cat":[32,28,29,30,31],"product_tag":[333,548,506,654,608,603,46,47,48,156,157,158,159,52,195,246,617,56,165,655,57,364,620,656,208,657,230,610,658,359],"class_list":{"0":"post-7855","1":"product","2":"type-product","3":"status-publish","4":"has-post-thumbnail","6":"product_cat-cultural-tours-and-holidays-in-portugal","7":"product_cat-guided-group-tours","8":"product_cat-portugal-guided-historical-holidays","9":"product_cat-guided-sightseeing-holidays-portugal","10":"product_cat-guided-walking-holidays-in-portugal","11":"product_tag-ancient-churches","12":"product_tag-architectonic-heritage","13":"product_tag-atlantic-ocean","14":"product_tag-caminho-da-costa","15":"product_tag-cherry-picked-walks","16":"product_tag-fantastic-itinerary-of-walks","17":"product_tag-gastronomy-and-wines","18":"product_tag-guided-holidays","19":"product_tag-guided-tours","20":"product_tag-hiking","21":"product_tag-hiking-holidays","22":"product_tag-hiking-routes","23":"product_tag-hiking-trails","24":"product_tag-historic-town","25":"product_tag-history-and-heritage","26":"product_tag-northern-portugal","27":"product_tag-northern-portugal-and-galicia","28":"product_tag-oporto","29":"product_tag-perfect-for-hiking","30":"product_tag-pilgrimage","31":"product_tag-porto","32":"product_tag-queen-isabel-of-portugal","33":"product_tag-santiago-de-compostela","34":"product_tag-the-way-of-st-james","35":"product_tag-traditional-villages","36":"product_tag-trekking","37":"product_tag-viana-do-castelo","38":"product_tag-walking-experiences","39":"product_tag-walking-program","40":"product_tag-walks-porto","42":"first","43":"instock","44":"virtual","45":"product-type-simple"},"acf":[],"yoast_head":"<!-- This site is optimized with the Yoast SEO Premium plugin v26.8 (Yoast SEO v27.5) - https:\/\/yoast.com\/product\/yoast-seo-premium-wordpress\/ -->\n<title>Santiago&#039;s Way Walking in the Atlantic Coast from Portugal - Legendary Adventure DMC Portugal<\/title>\n<meta name=\"robots\" content=\"index, follow, max-snippet:-1, max-image-preview:large, max-video-preview:-1\" \/>\n<link rel=\"canonical\" href=\"https:\/\/legendatours.com\/sv\/produkt\/santiagos-way-in-the-atlantic-coast-1900g\/\" \/>\n<meta property=\"og:locale\" content=\"sv_SE\" \/>\n<meta property=\"og:type\" content=\"article\" \/>\n<meta property=\"og:title\" content=\"Santiago&#039;s Way Walking in the Atlantic Coast from Portugal\" \/>\n<meta property=\"og:description\" content=\"There are a number of routes to Santiago de Compostela that pilgrims have followed for centuries. Some are less famous than others and the Portuguese Atlantic Way, while not the best known, is renowned for its beauty and tranquillity and becoming increasingly popular.  The Portuguese Atlantic Way is approximately 241km but we cherry-picked the best sections for your enjoyment!\" \/>\n<meta property=\"og:url\" content=\"https:\/\/legendatours.com\/sv\/produkt\/santiagos-way-in-the-atlantic-coast-1900g\/\" \/>\n<meta property=\"og:site_name\" content=\"Legendary Adventure DMC Portugal\" \/>\n<meta property=\"article:publisher\" content=\"https:\/\/www.facebook.com\/legendaryadventuredmc\/\" \/>\n<meta property=\"article:modified_time\" content=\"2021-08-11T15:58:32+00:00\" \/>\n<meta property=\"og:image\" content=\"https:\/\/legendatours.com\/wp-content\/uploads\/sites\/12\/2021\/04\/santiago_costal_way-e1611683335957.jpg\" \/>\n\t<meta property=\"og:image:width\" content=\"1024\" \/>\n\t<meta property=\"og:image:height\" content=\"683\" \/>\n\t<meta property=\"og:image:type\" content=\"image\/jpeg\" \/>\n<meta name=\"twitter:card\" content=\"summary_large_image\" \/>\n<meta name=\"twitter:label1\" content=\"Ber\u00e4knad l\u00e4stid\" \/>\n\t<meta name=\"twitter:data1\" content=\"2 minuter\" \/>\n<script type=\"application\/ld+json\" class=\"yoast-schema-graph\">{\"@context\":\"https:\\\/\\\/schema.org\",\"@graph\":[{\"@type\":\"WebPage\",\"@id\":\"https:\\\/\\\/legendatours.com\\\/product\\\/santiagos-way-in-the-atlantic-coast-1900g\\\/\",\"url\":\"https:\\\/\\\/legendatours.com\\\/product\\\/santiagos-way-in-the-atlantic-coast-1900g\\\/\",\"name\":\"Santiago's Way Walking in the Atlantic Coast from Portugal - Legendary Adventure DMC Portugal\",\"isPartOf\":{\"@id\":\"https:\\\/\\\/legendatours.com\\\/#website\"},\"primaryImageOfPage\":{\"@id\":\"https:\\\/\\\/legendatours.com\\\/product\\\/santiagos-way-in-the-atlantic-coast-1900g\\\/#primaryimage\"},\"image\":{\"@id\":\"https:\\\/\\\/legendatours.com\\\/product\\\/santiagos-way-in-the-atlantic-coast-1900g\\\/#primaryimage\"},\"thumbnailUrl\":\"https:\\\/\\\/legendatours.com\\\/wp-content\\\/uploads\\\/sites\\\/12\\\/2021\\\/04\\\/santiago_costal_way-e1611683335957.jpg\",\"datePublished\":\"2020-07-06T11:02:59+00:00\",\"dateModified\":\"2021-08-11T15:58:32+00:00\",\"breadcrumb\":{\"@id\":\"https:\\\/\\\/legendatours.com\\\/product\\\/santiagos-way-in-the-atlantic-coast-1900g\\\/#breadcrumb\"},\"inLanguage\":\"sv-SE\",\"potentialAction\":[{\"@type\":\"ReadAction\",\"target\":[\"https:\\\/\\\/legendatours.com\\\/product\\\/santiagos-way-in-the-atlantic-coast-1900g\\\/\"]}]},{\"@type\":\"ImageObject\",\"inLanguage\":\"sv-SE\",\"@id\":\"https:\\\/\\\/legendatours.com\\\/product\\\/santiagos-way-in-the-atlantic-coast-1900g\\\/#primaryimage\",\"url\":\"https:\\\/\\\/legendatours.com\\\/wp-content\\\/uploads\\\/sites\\\/12\\\/2021\\\/04\\\/santiago_costal_way-e1611683335957.jpg\",\"contentUrl\":\"https:\\\/\\\/legendatours.com\\\/wp-content\\\/uploads\\\/sites\\\/12\\\/2021\\\/04\\\/santiago_costal_way-e1611683335957.jpg\",\"width\":1024,\"height\":683,\"caption\":\"Coastal Santiago Way\"},{\"@type\":\"BreadcrumbList\",\"@id\":\"https:\\\/\\\/legendatours.com\\\/product\\\/santiagos-way-in-the-atlantic-coast-1900g\\\/#breadcrumb\",\"itemListElement\":[{\"@type\":\"ListItem\",\"position\":1,\"name\":\"Home\",\"item\":\"https:\\\/\\\/legendatours.com\\\/\"},{\"@type\":\"ListItem\",\"position\":2,\"name\":\"Shop\",\"item\":\"https:\\\/\\\/legendatours.com\\\/sv\\\/?page_id=4\"},{\"@type\":\"ListItem\",\"position\":3,\"name\":\"Santiago&#8217;s Way Walking in the Atlantic Coast from Portugal\"}]},{\"@type\":\"WebSite\",\"@id\":\"https:\\\/\\\/legendatours.com\\\/#website\",\"url\":\"https:\\\/\\\/legendatours.com\\\/\",\"name\":\"Legendary Adventure DMC Portugal\",\"description\":\"Responsible Walking &amp; Nature Holidays in Portugal\",\"publisher\":{\"@id\":\"https:\\\/\\\/legendatours.com\\\/#organization\"},\"alternateName\":\"Legendary Adventure Portugal\",\"potentialAction\":[{\"@type\":\"SearchAction\",\"target\":{\"@type\":\"EntryPoint\",\"urlTemplate\":\"https:\\\/\\\/legendatours.com\\\/?s={search_term_string}\"},\"query-input\":{\"@type\":\"PropertyValueSpecification\",\"valueRequired\":true,\"valueName\":\"search_term_string\"}}],\"inLanguage\":\"sv-SE\"},{\"@type\":\"Organization\",\"@id\":\"https:\\\/\\\/legendatours.com\\\/#organization\",\"name\":\"legendatours.com\",\"url\":\"https:\\\/\\\/legendatours.com\\\/\",\"logo\":{\"@type\":\"ImageObject\",\"inLanguage\":\"sv-SE\",\"@id\":\"https:\\\/\\\/legendatours.com\\\/#\\\/schema\\\/logo\\\/image\\\/\",\"url\":\"https:\\\/\\\/legendatours.com\\\/wp-content\\\/uploads\\\/sites\\\/12\\\/2021\\\/06\\\/legendary_adventure_dmc.png\",\"contentUrl\":\"https:\\\/\\\/legendatours.com\\\/wp-content\\\/uploads\\\/sites\\\/12\\\/2021\\\/06\\\/legendary_adventure_dmc.png\",\"width\":250,\"height\":74,\"caption\":\"legendatours.com\"},\"image\":{\"@id\":\"https:\\\/\\\/legendatours.com\\\/#\\\/schema\\\/logo\\\/image\\\/\"},\"sameAs\":[\"https:\\\/\\\/www.facebook.com\\\/legendaryadventuredmc\\\/\",\"https:\\\/\\\/www.linkedin.com\\\/company\\\/legendary-adventure-dmc-portugal\",\"https:\\\/\\\/www.youtube.com\\\/channel\\\/UCOIRDx_KM6ynIcacQkZjb6g\"]}]}<\/script>\n<!-- \/ Yoast SEO Premium plugin. -->","yoast_head_json":{"title":"Santiago&#039;s Way Walking i Atlantkusten fr\u00e5n Portugal - Legendariskt \u00e4ventyr DMC Portugal","robots":{"index":"index","follow":"follow","max-snippet":"max-snippet:-1","max-image-preview":"max-image-preview:large","max-video-preview":"max-video-preview:-1"},"canonical":"https:\/\/legendatours.com\/sv\/produkt\/santiagos-way-in-the-atlantic-coast-1900g\/","og_locale":"sv_SE","og_type":"article","og_title":"Santiago's Way Walking in the Atlantic Coast from Portugal","og_description":"There are a number of routes to Santiago de Compostela that pilgrims have followed for centuries. Some are less famous than others and the Portuguese Atlantic Way, while not the best known, is renowned for its beauty and tranquillity and becoming increasingly popular.  The Portuguese Atlantic Way is approximately 241km but we cherry-picked the best sections for your enjoyment!","og_url":"https:\/\/legendatours.com\/sv\/produkt\/santiagos-way-in-the-atlantic-coast-1900g\/","og_site_name":"Legendary Adventure DMC Portugal","article_publisher":"https:\/\/www.facebook.com\/legendaryadventuredmc\/","article_modified_time":"2021-08-11T15:58:32+00:00","og_image":[{"width":1024,"height":683,"url":"https:\/\/legendatours.com\/wp-content\/uploads\/sites\/12\/2021\/04\/santiago_costal_way-e1611683335957.jpg","type":"image\/jpeg"}],"twitter_card":"summary_large_image","twitter_misc":{"Ber\u00e4knad l\u00e4stid":"2 minuter"},"schema":{"@context":"https:\/\/schema.org","@graph":[{"@type":"WebPage","@id":"https:\/\/legendatours.com\/product\/santiagos-way-in-the-atlantic-coast-1900g\/","url":"https:\/\/legendatours.com\/product\/santiagos-way-in-the-atlantic-coast-1900g\/","name":"Santiago&#039;s Way Walking i Atlantkusten fr\u00e5n Portugal - Legendariskt \u00e4ventyr DMC Portugal","isPartOf":{"@id":"https:\/\/legendatours.com\/#website"},"primaryImageOfPage":{"@id":"https:\/\/legendatours.com\/product\/santiagos-way-in-the-atlantic-coast-1900g\/#primaryimage"},"image":{"@id":"https:\/\/legendatours.com\/product\/santiagos-way-in-the-atlantic-coast-1900g\/#primaryimage"},"thumbnailUrl":"https:\/\/legendatours.com\/wp-content\/uploads\/sites\/12\/2021\/04\/santiago_costal_way-e1611683335957.jpg","datePublished":"2020-07-06T11:02:59+00:00","dateModified":"2021-08-11T15:58:32+00:00","breadcrumb":{"@id":"https:\/\/legendatours.com\/product\/santiagos-way-in-the-atlantic-coast-1900g\/#breadcrumb"},"inLanguage":"sv-SE","potentialAction":[{"@type":"ReadAction","target":["https:\/\/legendatours.com\/product\/santiagos-way-in-the-atlantic-coast-1900g\/"]}]},{"@type":"ImageObject","inLanguage":"sv-SE","@id":"https:\/\/legendatours.com\/product\/santiagos-way-in-the-atlantic-coast-1900g\/#primaryimage","url":"https:\/\/legendatours.com\/wp-content\/uploads\/sites\/12\/2021\/04\/santiago_costal_way-e1611683335957.jpg","contentUrl":"https:\/\/legendatours.com\/wp-content\/uploads\/sites\/12\/2021\/04\/santiago_costal_way-e1611683335957.jpg","width":1024,"height":683,"caption":"Coastal Santiago Way"},{"@type":"BreadcrumbList","@id":"https:\/\/legendatours.com\/product\/santiagos-way-in-the-atlantic-coast-1900g\/#breadcrumb","itemListElement":[{"@type":"ListItem","position":1,"name":"Home","item":"https:\/\/legendatours.com\/"},{"@type":"ListItem","position":2,"name":"Shop","item":"https:\/\/legendatours.com\/sv\/?page_id=4"},{"@type":"ListItem","position":3,"name":"Santiago&#8217;s Way Walking in the Atlantic Coast from Portugal"}]},{"@type":"WebSite","@id":"https:\/\/legendatours.com\/#website","url":"https:\/\/legendatours.com\/","name":"Legendariskt \u00e4ventyr DMC Portugal","description":"Ansvarsfulla vandringar och natursemester i Portugal","publisher":{"@id":"https:\/\/legendatours.com\/#organization"},"alternateName":"Legendary Adventure Portugal","potentialAction":[{"@type":"SearchAction","target":{"@type":"EntryPoint","urlTemplate":"https:\/\/legendatours.com\/?s={search_term_string}"},"query-input":{"@type":"PropertyValueSpecification","valueRequired":true,"valueName":"search_term_string"}}],"inLanguage":"sv-SE"},{"@type":"Organization","@id":"https:\/\/legendatours.com\/#organization","name":"legendatours.com","url":"https:\/\/legendatours.com\/","logo":{"@type":"ImageObject","inLanguage":"sv-SE","@id":"https:\/\/legendatours.com\/#\/schema\/logo\/image\/","url":"https:\/\/legendatours.com\/wp-content\/uploads\/sites\/12\/2021\/06\/legendary_adventure_dmc.png","contentUrl":"https:\/\/legendatours.com\/wp-content\/uploads\/sites\/12\/2021\/06\/legendary_adventure_dmc.png","width":250,"height":74,"caption":"legendatours.com"},"image":{"@id":"https:\/\/legendatours.com\/#\/schema\/logo\/image\/"},"sameAs":["https:\/\/www.facebook.com\/legendaryadventuredmc\/","https:\/\/www.linkedin.com\/company\/legendary-adventure-dmc-portugal","https:\/\/www.youtube.com\/channel\/UCOIRDx_KM6ynIcacQkZjb6g"]}]}},"_links":{"self":[{"href":"https:\/\/legendatours.com\/sv\/wp-json\/wp\/v2\/product\/7855","targetHints":{"allow":["GET"]}}],"collection":[{"href":"https:\/\/legendatours.com\/sv\/wp-json\/wp\/v2\/product"}],"about":[{"href":"https:\/\/legendatours.com\/sv\/wp-json\/wp\/v2\/types\/product"}],"replies":[{"embeddable":true,"href":"https:\/\/legendatours.com\/sv\/wp-json\/wp\/v2\/comments?post=7855"}],"wp:featuredmedia":[{"embeddable":true,"href":"https:\/\/legendatours.com\/sv\/wp-json\/wp\/v2\/media\/7851"}],"wp:attachment":[{"href":"https:\/\/legendatours.com\/sv\/wp-json\/wp\/v2\/media?parent=7855"}],"wp:term":[{"taxonomy":"product_brand","embeddable":true,"href":"https:\/\/legendatours.com\/sv\/wp-json\/wp\/v2\/product_brand?post=7855"},{"taxonomy":"product_cat","embeddable":true,"href":"https:\/\/legendatours.com\/sv\/wp-json\/wp\/v2\/product_cat?post=7855"},{"taxonomy":"product_tag","embeddable":true,"href":"https:\/\/legendatours.com\/sv\/wp-json\/wp\/v2\/product_tag?post=7855"}],"curies":[{"name":"wp","href":"https:\/\/api.w.org\/{rel}","templated":true}]}}