{"id":7889,"date":"2020-07-02T13:54:13","date_gmt":"2020-07-02T13:54:13","guid":{"rendered":"https:\/\/legendatours.com\/product\/aspects-of-the-alentejo-walking-holiday\/"},"modified":"2021-08-11T17:54:19","modified_gmt":"2021-08-11T17:54:19","slug":"aspects-of-the-alentejo-1100g","status":"publish","type":"product","link":"https:\/\/legendatours.com\/sv\/produkt\/aspects-of-the-alentejo-1100g\/","title":{"rendered":"Aspekter av Alentejo Walking Holiday"},"content":{"rendered":"<p><strong>Grupper accepteras med minst 6 personer.<\/strong><\/p>\n<p>&nbsp;<\/p>\n<p>Alentejo (bokstavligen &quot;land bortom Tejo&quot;) \u00e4r en varm, torr, mestadels mild region norr om Algarve som har ignorerats av alla utom ett f\u00e5tal.<\/p>\n<p>Alentejo \u00e4r en glest befolkad region med \u00f6ppna horisonter, d\u00e4r livets rytm f\u00f6ljer det tomma ljudet av regionala s\u00e5nger.<\/p>\n<p>Det \u00e4r perfekt f\u00f6r promenader och uppleva ett of\u00f6rgl\u00f6mligt \u00e4ventyr: ett land av tradition och arv.<\/p>\n<div id=\"attachment_2705\" style=\"width: 1034px\" class=\"wp-caption alignnone\"><img loading=\"lazy\" decoding=\"async\" aria-describedby=\"caption-attachment-2705\" class=\"wp-image-2705 size-large\" title=\"Alc\u00e1cer do Sal, utsikt \u00f6ver slottet\" src=\"https:\/\/legendatours.net\/wp-content\/uploads\/2020\/07\/alcacer_sal_castle_view-1024x681.jpg\" alt=\"Alc\u00e1cer do Sal, Castle view\" width=\"1024\" height=\"681\" \/><p id=\"caption-attachment-2705\" class=\"wp-caption-text\">Alc\u00e1cer do Sal, slott man kan\u00a0<em>se<\/em>\u00a0floden Sado och Alentejo-regionens flygplan. Perfekt f\u00f6r att ta fantastiska fotografier.<\/p><\/div>\n<p>Denna turn\u00e9 tar oss l\u00e4ngs de anm\u00e4rkningsv\u00e4rda sp\u00e5ren av antika kulturer: dolmens och cromlechs. Romerska och arabiska l\u00e4mningar som blandas med de senaste tecknen p\u00e5 kristendomen, varav de m\u00e5nga medeltida slotten bara \u00e4r ett exempel.<\/p>\n<p>Vi kommer att g\u00e5 l\u00e4ngs vidstr\u00e4ckta vetef\u00e4lt och ving\u00e5rdar d\u00e4r intensiva gr\u00f6na och gyllene f\u00e4rger pr\u00e4glar sl\u00e4tterna och d\u00e4r f\u00e4lten p\u00e5 v\u00e5ren \u00e4r t\u00e4ckta med miljontals vilda blommor f\u00f6r att gl\u00e4dja \u00f6gonen.<\/p>\n<p>Vi ser vidstr\u00e4ckta f\u00e4lt prickade med kork- eller olivtr\u00e4d med hjordar av betande djur, kor, f\u00e5r eller ibland grisar som vanligtvis njuter av skuggan av tr\u00e4den.<\/p>\n<p>Byarna med sina vitkalkade hus bl\u00e4ndar \u00f6gonen.<\/p>\n<p>M\u00e4nniskorna h\u00e4r \u00e4r mycket stolta \u00f6ver sitt arv och de bevarar de gamla byggnaderna och \u00e4ven de gamla sederna. Detta \u00e4r en region som har en mycket rik hantverkstradition \u2013 keramik, broderier, handm\u00e5lade m\u00f6bler, smidesarbeten etc.<\/p>\n<p>Den lokala gastronomin \u00e4r varierad och uts\u00f6kt och matchar perfekt de ber\u00f6mda lokala vinerna.<\/p>\n<div id=\"attachment_2708\" style=\"width: 1034px\" class=\"wp-caption alignnone\"><img loading=\"lazy\" decoding=\"async\" aria-describedby=\"caption-attachment-2708\" class=\"wp-image-2708 size-large\" title=\"Marv\u00e3o \u00e4r en liten medeltida stad p\u00e5 toppen av kullen\" src=\"https:\/\/legendatours.net\/wp-content\/uploads\/2020\/07\/marvao_village-1024x690.jpg\" alt=\"Marv\u00e3o is a small medieval town on the top of the hill\" width=\"1024\" height=\"690\" \/><p id=\"caption-attachment-2708\" class=\"wp-caption-text\">Marv\u00e3o \u00e4r en liten medeltida stad p\u00e5 toppen av kullen<\/p><\/div>\n<p>Detta \u00e4r en tur d\u00e4r tystnaden och tystnaden i de o\u00e4ndliga landskapen inbjuder oss att dela naturen i en lantlig milj\u00f6 och umg\u00e5s med m\u00e4nniskorna som bor och arbetar d\u00e4r.<\/p>\n<p>Detta \u00e4r en spektakul\u00e4r rundtur som visar oss tre mycket olika aspekter av denna anm\u00e4rkningsv\u00e4rda region och den tar oss till de \u00e4ldsta l\u00e4mningarna av v\u00e5r historia och v\u00e5rt arv.<\/p>\n<p>Vi b\u00f6rjar v\u00e5r uppt\u00e4ckt i Alc\u00e1cer do Sal. Alc\u00e1cer kombinerar en vacker milj\u00f6 i utkanten av Rio Sado med sl\u00e5ende landskap och en m\u00e4ngd historiska l\u00e4mningar.<\/p>\n<p>Stadens namn kommer fr\u00e5n det moriska al qasr som betyder &quot;slottet&quot;, och &quot;sal&quot; syftar p\u00e5 den urgamla produktionen av salt i detta omr\u00e5de.<\/p>\n<p>En annan industri, typisk f\u00f6r kustregionen Alentejo i Portugal, \u00e4r produktionen av &quot;det vita guldet fr\u00e5n Alc\u00e1cer&quot;, pinjen\u00f6tter, vilket framg\u00e5r av de stora odlingarna av tallar.<\/p>\n<div id=\"attachment_2706\" style=\"width: 1034px\" class=\"wp-caption alignnone\"><img loading=\"lazy\" decoding=\"async\" aria-describedby=\"caption-attachment-2706\" class=\"wp-image-2706 size-large\" title=\"\u00c9vora \u00e4r en av de b\u00e4sta turistm\u00e5len i centrala Portugal\" src=\"https:\/\/legendatours.net\/wp-content\/uploads\/2020\/07\/evora-1024x576.jpg\" alt=\"\u00c9vora is one of the best tourist destinations of central Portugal\" width=\"1024\" height=\"576\" \/><p id=\"caption-attachment-2706\" class=\"wp-caption-text\">\u00c9vora \u00e4r en av de b\u00e4sta turistm\u00e5len i centrala Portugal<\/p><\/div>\n<p>N\u00e4r vi flyttar in\u00e5t landet reser vi till hj\u00e4rtat av Alentejo, till den pittoreska muromg\u00e4rdade staden \u00c9vora, en UNESCO: s v\u00e4rldsarvslista.<\/p>\n<p>H\u00e4r hittar vi en sp\u00e4nnande blandning av arkitektur fr\u00e5n olika epoker som g\u00e5r tillbaka till f\u00f6re romartiden och charmiga gator fulla av m\u00e5nga kaf\u00e9er och attraktiva restauranger som serverar lokal Alentejansk mat.<\/p>\n<p>P\u00e5 den omgivande landsbygden \u00e4r vilda v\u00e5rblommor ett bra komplement till v\u00e5ra utm\u00e4rkta promenader.<\/p>\n<p>V\u00e5rt sista centrum \u00e4r i Portalegre, porten till \u00f6stra Alentejo.<\/p>\n<p>En helt fantastisk region med \u00e4kta sk\u00f6nhet, verkligt livligt liv, fantastiska landskap och m\u00e4nniskor som \u00e4r mycket stolta \u00f6ver sitt arv.<\/p>\n<p>Regionen ligger vid foten av bergskedjan S\u00e3o Mamede och naturparken och inneh\u00e5ller en m\u00e4ngd historiska monument och imponerande vyer.<\/p>\n<p>H\u00e4r hittar vi fantastisk mat och viner, ur\u00e5ldriga traditioner, vackert hantverk samt enast\u00e5ende promenader i sl\u00e5ende natur.<\/p>","protected":false},"excerpt":{"rendered":"<p>Alentejo (bokstavligen &quot;land bortom Tejo&quot;) \u00e4r en varm, torr, mestadels mild region norr om Algarve som har ignorerats av alla utom ett f\u00e5tal.<\/p>\n<p>Alentejo \u00e4r en glest befolkad region med \u00f6ppna horisonter, d\u00e4r livets rytm f\u00f6ljer det tomma ljudet av regionala s\u00e5nger.<\/p>\n<p>Det \u00e4r perfekt f\u00f6r promenader och uppleva ett of\u00f6rgl\u00f6mligt \u00e4ventyr: ett land av tradition och arv.<\/p>","protected":false},"featured_media":7593,"comment_status":"closed","ping_status":"closed","template":"","meta":{"_acf_changed":false,"inline_featured_image":false},"product_brand":[],"product_cat":[32,28,29,30,31],"product_tag":[330,332,210,211,73,212,333,183,213,186,673,565,215,216,46,674,675,192,52,195,219,55,220,199,225,64,676,677,678,208,70,71,232],"class_list":{"0":"post-7889","1":"product","2":"type-product","3":"status-publish","4":"has-post-thumbnail","6":"product_cat-cultural-tours-and-holidays-in-portugal","7":"product_cat-guided-group-tours","8":"product_cat-portugal-guided-historical-holidays","9":"product_cat-guided-sightseeing-holidays-portugal","10":"product_cat-guided-walking-holidays-in-portugal","11":"product_tag-alcacer-do-sal","12":"product_tag-alenteho","13":"product_tag-alentejo","14":"product_tag-alentejo-landscape","15":"product_tag-alentejo-walking","16":"product_tag-ancient-buildings","17":"product_tag-ancient-churches","18":"product_tag-ancient-villages-and-castles","19":"product_tag-castelo-de-vide","20":"product_tag-charming-historical-towns","21":"product_tag-cork-woods","22":"product_tag-estremoz-walking","23":"product_tag-evora","24":"product_tag-evora-walking","25":"product_tag-gastronomy-and-wines","26":"product_tag-golden-wheat-fields","27":"product_tag-handicraft-tradition","28":"product_tag-historic-buildings","29":"product_tag-historic-town","30":"product_tag-history-and-heritage","31":"product_tag-inland-alentejo","32":"product_tag-local-gastronomy","33":"product_tag-marvao","34":"product_tag-medieval-castle","35":"product_tag-portalegre-walking","36":"product_tag-roman-and-arab-vestiges","37":"product_tag-sao-mamede-mountains","38":"product_tag-spring","39":"product_tag-the-alentejo","40":"product_tag-traditional-villages","41":"product_tag-traditions","42":"product_tag-unesco-world-heritage-site","43":"product_tag-wild-flowers-alentejo","45":"first","46":"instock","47":"virtual","48":"product-type-simple"},"acf":[],"yoast_head":"<!-- This site is optimized with the Yoast SEO Premium plugin v26.8 (Yoast SEO v27.3) - https:\/\/yoast.com\/product\/yoast-seo-premium-wordpress\/ -->\n<title>Aspects of The Alentejo Walking Holiday - Legendary Adventure DMC Portugal<\/title>\n<meta name=\"robots\" content=\"index, follow, max-snippet:-1, max-image-preview:large, max-video-preview:-1\" \/>\n<link rel=\"canonical\" href=\"https:\/\/legendatours.com\/sv\/produkt\/aspects-of-the-alentejo-1100g\/\" \/>\n<meta property=\"og:locale\" content=\"sv_SE\" \/>\n<meta property=\"og:type\" content=\"article\" \/>\n<meta property=\"og:title\" content=\"Aspects of The Alentejo Walking Holiday\" \/>\n<meta property=\"og:description\" content=\"The Alentejo (literally &quot;land beyond the Tagus&quot;) is a warm, dry, mostly gentle region north of the Algarve that has been ignored by all but a few.  Alentejo is a sparsely populated region with open horizons, where the rhythm of life follows the idle sound of regional songs.  It is perfect for walking and experiencing an unforgettable adventure: a land of tradition and heritage.\" \/>\n<meta property=\"og:url\" content=\"https:\/\/legendatours.com\/sv\/produkt\/aspects-of-the-alentejo-1100g\/\" \/>\n<meta property=\"og:site_name\" content=\"Legendary Adventure DMC Portugal\" \/>\n<meta property=\"article:publisher\" content=\"https:\/\/www.facebook.com\/legendaryadventuredmc\/\" \/>\n<meta property=\"article:modified_time\" content=\"2021-08-11T17:54:19+00:00\" \/>\n<meta property=\"og:image\" content=\"https:\/\/legendatours.com\/wp-content\/uploads\/sites\/12\/2021\/04\/marvao-e1611683554156.jpg\" \/>\n\t<meta property=\"og:image:width\" content=\"1023\" \/>\n\t<meta property=\"og:image:height\" content=\"768\" \/>\n\t<meta property=\"og:image:type\" content=\"image\/jpeg\" \/>\n<meta name=\"twitter:card\" content=\"summary_large_image\" \/>\n<meta name=\"twitter:label1\" content=\"Ber\u00e4knad l\u00e4stid\" \/>\n\t<meta name=\"twitter:data1\" content=\"3 minuter\" \/>\n<script type=\"application\/ld+json\" class=\"yoast-schema-graph\">{\"@context\":\"https:\\\/\\\/schema.org\",\"@graph\":[{\"@type\":\"WebPage\",\"@id\":\"https:\\\/\\\/legendatours.com\\\/product\\\/aspects-of-the-alentejo-1100g\\\/\",\"url\":\"https:\\\/\\\/legendatours.com\\\/product\\\/aspects-of-the-alentejo-1100g\\\/\",\"name\":\"Aspects of The Alentejo Walking Holiday - Legendary Adventure DMC Portugal\",\"isPartOf\":{\"@id\":\"https:\\\/\\\/legendatours.com\\\/#website\"},\"primaryImageOfPage\":{\"@id\":\"https:\\\/\\\/legendatours.com\\\/product\\\/aspects-of-the-alentejo-1100g\\\/#primaryimage\"},\"image\":{\"@id\":\"https:\\\/\\\/legendatours.com\\\/product\\\/aspects-of-the-alentejo-1100g\\\/#primaryimage\"},\"thumbnailUrl\":\"https:\\\/\\\/legendatours.com\\\/wp-content\\\/uploads\\\/sites\\\/12\\\/2021\\\/04\\\/marvao-e1611683554156.jpg\",\"datePublished\":\"2020-07-02T13:54:13+00:00\",\"dateModified\":\"2021-08-11T17:54:19+00:00\",\"breadcrumb\":{\"@id\":\"https:\\\/\\\/legendatours.com\\\/product\\\/aspects-of-the-alentejo-1100g\\\/#breadcrumb\"},\"inLanguage\":\"sv-SE\",\"potentialAction\":[{\"@type\":\"ReadAction\",\"target\":[\"https:\\\/\\\/legendatours.com\\\/product\\\/aspects-of-the-alentejo-1100g\\\/\"]}]},{\"@type\":\"ImageObject\",\"inLanguage\":\"sv-SE\",\"@id\":\"https:\\\/\\\/legendatours.com\\\/product\\\/aspects-of-the-alentejo-1100g\\\/#primaryimage\",\"url\":\"https:\\\/\\\/legendatours.com\\\/wp-content\\\/uploads\\\/sites\\\/12\\\/2021\\\/04\\\/marvao-e1611683554156.jpg\",\"contentUrl\":\"https:\\\/\\\/legendatours.com\\\/wp-content\\\/uploads\\\/sites\\\/12\\\/2021\\\/04\\\/marvao-e1611683554156.jpg\",\"width\":1023,\"height\":768,\"caption\":\"Marvao\"},{\"@type\":\"BreadcrumbList\",\"@id\":\"https:\\\/\\\/legendatours.com\\\/product\\\/aspects-of-the-alentejo-1100g\\\/#breadcrumb\",\"itemListElement\":[{\"@type\":\"ListItem\",\"position\":1,\"name\":\"Home\",\"item\":\"https:\\\/\\\/legendatours.com\\\/\"},{\"@type\":\"ListItem\",\"position\":2,\"name\":\"Shop\",\"item\":\"https:\\\/\\\/legendatours.com\\\/sv\\\/?page_id=4\"},{\"@type\":\"ListItem\",\"position\":3,\"name\":\"Aspects of The Alentejo Walking Holiday\"}]},{\"@type\":\"WebSite\",\"@id\":\"https:\\\/\\\/legendatours.com\\\/#website\",\"url\":\"https:\\\/\\\/legendatours.com\\\/\",\"name\":\"Legendary Adventure DMC Portugal\",\"description\":\"Responsible Walking &amp; Nature Holidays in Portugal\",\"publisher\":{\"@id\":\"https:\\\/\\\/legendatours.com\\\/#organization\"},\"alternateName\":\"Legendary Adventure Portugal\",\"potentialAction\":[{\"@type\":\"SearchAction\",\"target\":{\"@type\":\"EntryPoint\",\"urlTemplate\":\"https:\\\/\\\/legendatours.com\\\/?s={search_term_string}\"},\"query-input\":{\"@type\":\"PropertyValueSpecification\",\"valueRequired\":true,\"valueName\":\"search_term_string\"}}],\"inLanguage\":\"sv-SE\"},{\"@type\":\"Organization\",\"@id\":\"https:\\\/\\\/legendatours.com\\\/#organization\",\"name\":\"legendatours.com\",\"url\":\"https:\\\/\\\/legendatours.com\\\/\",\"logo\":{\"@type\":\"ImageObject\",\"inLanguage\":\"sv-SE\",\"@id\":\"https:\\\/\\\/legendatours.com\\\/#\\\/schema\\\/logo\\\/image\\\/\",\"url\":\"https:\\\/\\\/legendatours.com\\\/wp-content\\\/uploads\\\/sites\\\/12\\\/2021\\\/06\\\/legendary_adventure_dmc.png\",\"contentUrl\":\"https:\\\/\\\/legendatours.com\\\/wp-content\\\/uploads\\\/sites\\\/12\\\/2021\\\/06\\\/legendary_adventure_dmc.png\",\"width\":250,\"height\":74,\"caption\":\"legendatours.com\"},\"image\":{\"@id\":\"https:\\\/\\\/legendatours.com\\\/#\\\/schema\\\/logo\\\/image\\\/\"},\"sameAs\":[\"https:\\\/\\\/www.facebook.com\\\/legendaryadventuredmc\\\/\",\"https:\\\/\\\/www.linkedin.com\\\/company\\\/legendary-adventure-dmc-portugal\",\"https:\\\/\\\/www.youtube.com\\\/channel\\\/UCOIRDx_KM6ynIcacQkZjb6g\"]}]}<\/script>\n<!-- \/ Yoast SEO Premium plugin. -->","yoast_head_json":{"title":"Aspekter av vandringssemestern i Alentejo - Legendary Adventure DMC Portugal","robots":{"index":"index","follow":"follow","max-snippet":"max-snippet:-1","max-image-preview":"max-image-preview:large","max-video-preview":"max-video-preview:-1"},"canonical":"https:\/\/legendatours.com\/sv\/produkt\/aspects-of-the-alentejo-1100g\/","og_locale":"sv_SE","og_type":"article","og_title":"Aspects of The Alentejo Walking Holiday","og_description":"The Alentejo (literally \"land beyond the Tagus\") is a warm, dry, mostly gentle region north of the Algarve that has been ignored by all but a few.  Alentejo is a sparsely populated region with open horizons, where the rhythm of life follows the idle sound of regional songs.  It is perfect for walking and experiencing an unforgettable adventure: a land of tradition and heritage.","og_url":"https:\/\/legendatours.com\/sv\/produkt\/aspects-of-the-alentejo-1100g\/","og_site_name":"Legendary Adventure DMC Portugal","article_publisher":"https:\/\/www.facebook.com\/legendaryadventuredmc\/","article_modified_time":"2021-08-11T17:54:19+00:00","og_image":[{"width":1023,"height":768,"url":"https:\/\/legendatours.com\/wp-content\/uploads\/sites\/12\/2021\/04\/marvao-e1611683554156.jpg","type":"image\/jpeg"}],"twitter_card":"summary_large_image","twitter_misc":{"Ber\u00e4knad l\u00e4stid":"3 minuter"},"schema":{"@context":"https:\/\/schema.org","@graph":[{"@type":"WebPage","@id":"https:\/\/legendatours.com\/product\/aspects-of-the-alentejo-1100g\/","url":"https:\/\/legendatours.com\/product\/aspects-of-the-alentejo-1100g\/","name":"Aspekter av vandringssemestern i Alentejo - Legendary Adventure DMC Portugal","isPartOf":{"@id":"https:\/\/legendatours.com\/#website"},"primaryImageOfPage":{"@id":"https:\/\/legendatours.com\/product\/aspects-of-the-alentejo-1100g\/#primaryimage"},"image":{"@id":"https:\/\/legendatours.com\/product\/aspects-of-the-alentejo-1100g\/#primaryimage"},"thumbnailUrl":"https:\/\/legendatours.com\/wp-content\/uploads\/sites\/12\/2021\/04\/marvao-e1611683554156.jpg","datePublished":"2020-07-02T13:54:13+00:00","dateModified":"2021-08-11T17:54:19+00:00","breadcrumb":{"@id":"https:\/\/legendatours.com\/product\/aspects-of-the-alentejo-1100g\/#breadcrumb"},"inLanguage":"sv-SE","potentialAction":[{"@type":"ReadAction","target":["https:\/\/legendatours.com\/product\/aspects-of-the-alentejo-1100g\/"]}]},{"@type":"ImageObject","inLanguage":"sv-SE","@id":"https:\/\/legendatours.com\/product\/aspects-of-the-alentejo-1100g\/#primaryimage","url":"https:\/\/legendatours.com\/wp-content\/uploads\/sites\/12\/2021\/04\/marvao-e1611683554156.jpg","contentUrl":"https:\/\/legendatours.com\/wp-content\/uploads\/sites\/12\/2021\/04\/marvao-e1611683554156.jpg","width":1023,"height":768,"caption":"Marvao"},{"@type":"BreadcrumbList","@id":"https:\/\/legendatours.com\/product\/aspects-of-the-alentejo-1100g\/#breadcrumb","itemListElement":[{"@type":"ListItem","position":1,"name":"Home","item":"https:\/\/legendatours.com\/"},{"@type":"ListItem","position":2,"name":"Shop","item":"https:\/\/legendatours.com\/sv\/?page_id=4"},{"@type":"ListItem","position":3,"name":"Aspects of The Alentejo Walking Holiday"}]},{"@type":"WebSite","@id":"https:\/\/legendatours.com\/#website","url":"https:\/\/legendatours.com\/","name":"Legendariskt \u00e4ventyr DMC Portugal","description":"Ansvarsfulla vandringar och natursemester i Portugal","publisher":{"@id":"https:\/\/legendatours.com\/#organization"},"alternateName":"Legendary Adventure Portugal","potentialAction":[{"@type":"SearchAction","target":{"@type":"EntryPoint","urlTemplate":"https:\/\/legendatours.com\/?s={search_term_string}"},"query-input":{"@type":"PropertyValueSpecification","valueRequired":true,"valueName":"search_term_string"}}],"inLanguage":"sv-SE"},{"@type":"Organization","@id":"https:\/\/legendatours.com\/#organization","name":"legendatours.com","url":"https:\/\/legendatours.com\/","logo":{"@type":"ImageObject","inLanguage":"sv-SE","@id":"https:\/\/legendatours.com\/#\/schema\/logo\/image\/","url":"https:\/\/legendatours.com\/wp-content\/uploads\/sites\/12\/2021\/06\/legendary_adventure_dmc.png","contentUrl":"https:\/\/legendatours.com\/wp-content\/uploads\/sites\/12\/2021\/06\/legendary_adventure_dmc.png","width":250,"height":74,"caption":"legendatours.com"},"image":{"@id":"https:\/\/legendatours.com\/#\/schema\/logo\/image\/"},"sameAs":["https:\/\/www.facebook.com\/legendaryadventuredmc\/","https:\/\/www.linkedin.com\/company\/legendary-adventure-dmc-portugal","https:\/\/www.youtube.com\/channel\/UCOIRDx_KM6ynIcacQkZjb6g"]}]}},"_links":{"self":[{"href":"https:\/\/legendatours.com\/sv\/wp-json\/wp\/v2\/product\/7889","targetHints":{"allow":["GET"]}}],"collection":[{"href":"https:\/\/legendatours.com\/sv\/wp-json\/wp\/v2\/product"}],"about":[{"href":"https:\/\/legendatours.com\/sv\/wp-json\/wp\/v2\/types\/product"}],"replies":[{"embeddable":true,"href":"https:\/\/legendatours.com\/sv\/wp-json\/wp\/v2\/comments?post=7889"}],"wp:featuredmedia":[{"embeddable":true,"href":"https:\/\/legendatours.com\/sv\/wp-json\/wp\/v2\/media\/7593"}],"wp:attachment":[{"href":"https:\/\/legendatours.com\/sv\/wp-json\/wp\/v2\/media?parent=7889"}],"wp:term":[{"taxonomy":"product_brand","embeddable":true,"href":"https:\/\/legendatours.com\/sv\/wp-json\/wp\/v2\/product_brand?post=7889"},{"taxonomy":"product_cat","embeddable":true,"href":"https:\/\/legendatours.com\/sv\/wp-json\/wp\/v2\/product_cat?post=7889"},{"taxonomy":"product_tag","embeddable":true,"href":"https:\/\/legendatours.com\/sv\/wp-json\/wp\/v2\/product_tag?post=7889"}],"curies":[{"name":"wp","href":"https:\/\/api.w.org\/{rel}","templated":true}]}}