{"id":7999,"date":"2020-06-18T15:48:30","date_gmt":"2020-06-18T15:48:30","guid":{"rendered":"https:\/\/legendatours.com\/product\/independent-rail-holidays-to-explore-the-northern-portugal-by-train\/"},"modified":"2022-02-23T13:24:36","modified_gmt":"2022-02-23T13:24:36","slug":"explore-the-northern-portugal-by-train-7300st","status":"publish","type":"product","link":"https:\/\/legendatours.com\/sv\/produkt\/explore-the-northern-portugal-by-train-7300st\/","title":{"rendered":"Oberoende j\u00e4rnv\u00e4gshelger f\u00f6r att utforska norra Portugal med t\u00e5g"},"content":{"rendered":"<p>Norra Portugal \u00e4r en lockande kombination av historiska st\u00e4der, frodig landsbygd och en vidstr\u00e4ckt och vild kustlinje.<\/p>\n<p>Detta <a href=\"..\/..\/product-tag\/walking-tour\/\">Rundtur<\/a> med t\u00e5g \u00e4r ett individuellt \u00e4ventyr baserat i tv\u00e5 vackra st\u00e4der: Viana do Castelo, k\u00e4nd som &quot;Nordens p\u00e4rla&quot;, och Guimar\u00e3es, Portugals f\u00f6delseplats.<\/p>\n<p>Ta t\u00e5get och njut av din promenadsemester p\u00e5 denna tidl\u00f6sa och magiska plats!<\/p>\n<div id=\"attachment_2947\" style=\"width: 1034px\" class=\"wp-caption alignnone\"><img loading=\"lazy\" decoding=\"async\" aria-describedby=\"caption-attachment-2947\" class=\"wp-image-2947 size-large\" title=\"Vackra Viana do Castelos slott med utsikt \u00f6ver staden\" src=\"https:\/\/legendatours.net\/wp-content\/uploads\/2020\/08\/viana-do-castelo-1024x733.jpg\" alt=\"Viana do Castelo Castle Portugal\" width=\"1024\" height=\"733\" \/><p id=\"caption-attachment-2947\" class=\"wp-caption-text\">Vackra Viana do Castelo med utsikt \u00f6ver staden.<\/p><\/div>\n<p>Den f\u00f6rsta basen f\u00f6r denna sj\u00e4lvguidade vandringstur \u00e4r <a href=\"..\/..\/product-tag\/viana-do-castelo\/\">Viana do Castelo<\/a>, vid mynningen av floden Lima, p\u00e5 Atlantkusten. Det \u00e4r en attraktiv stad, kr\u00f6nt av basilikan Santa Luzia, varifr\u00e5n du f\u00e5r fantastiska vyer. Den l\u00e4ngsta bergbanan i Portugal tar dig dit.<\/p>\n<p>Den charmiga medeltida stadsk\u00e4rnan med smala slingrande gator har kyrkor och imponerande byggnader. Stadens karismatiska traditioner och kultur finns i f\u00e4rgglad konst och hantverk, och i guldfiligransmycken.<\/p>\n<div id=\"attachment_2568\" style=\"width: 1034px\" class=\"wp-caption alignnone\"><img loading=\"lazy\" decoding=\"async\" aria-describedby=\"caption-attachment-2568\" class=\"wp-image-2568 size-large\" title=\"Klippstrand - Vila Praia \u00e2ncora\" src=\"https:\/\/legendatours.net\/wp-content\/uploads\/2020\/06\/vila_praia_ancora-1024x576.jpg\" alt=\"Rock beach - Vila Praia \u00e2ncora\" width=\"1024\" height=\"576\" \/><p id=\"caption-attachment-2568\" class=\"wp-caption-text\">Klippstrand \u2013 Vila Praia \u00e2ncora, en attraktiv naturmilj\u00f6 med bra promenader.<\/p><\/div>\n<p>H\u00e4rifr\u00e5n, ta Canos d&#039;\u00c0gua-leden, f\u00f6lj de gamla vattenledningarna byggda i granit. Den har vackra stigar som slingrar sig genom skogen och erbjuder magnifik utsikt \u00f6ver Viana och floden Lima.<\/p>\n<p>En t\u00e5gresa kommer att leda dig till <a href=\"..\/..\/product-tag\/vila-praia-de-ancora\/\">Vila Praia de \u00c2ncora<\/a>, till ett landskap av vilda str\u00e4nder, med o\u00e4ndliga sandstr\u00e4ckor uppbackade av sanddyner och tallskogar.<\/p>\n<p>Caminha ligger ett steg bort fr\u00e5n den spanska kusten, synlig p\u00e5 andra sidan floden Minho med sin Santa Tecla-kulle bak\u00e5tblickande. Caminhas traditionella stenv\u00e4ggar och blomdekorerade torg kommer att vara en njutning i slutet av din promenad!<\/p>\n<p>Ta t\u00e5get till <a href=\"..\/..\/product-tag\/guimaraes\/\">Guimar\u00e3es<\/a>, k\u00e4nd som Portugals f\u00f6delseplats. Staden har ett v\u00e4lbevarat medeltida centrum, v\u00e4rvat som ett <a href=\"..\/..\/product-tag\/unesco-world-heritage-site\/\">Unescos kulturarv<\/a>. Det \u00e4r en natursk\u00f6n f\u00f6rvirring av gr\u00e4nder och torg, med kapell, kyrkor, ett 1400-talspalats och ett slott med 1000 \u00e5r.<\/p>\n<div id=\"attachment_2557\" style=\"width: 1034px\" class=\"wp-caption alignnone\"><img loading=\"lazy\" decoding=\"async\" aria-describedby=\"caption-attachment-2557\" class=\"wp-image-2557 size-large\" title=\"Guimar\u00e3es centrum\" src=\"https:\/\/legendatours.net\/wp-content\/uploads\/2020\/06\/guimaraes-1024x681.jpg\" alt=\"Guimar\u00e3es city center\" width=\"1024\" height=\"681\" \/><p id=\"caption-attachment-2557\" class=\"wp-caption-text\">Guimar\u00e3es centrum, exceptionellt v\u00e4lbevarat historiskt centrum i Guimar\u00e3es.<\/p><\/div>\n<p>H\u00e4rifr\u00e5n f\u00e5r du uppleva en promenad till Senhora da Penha, en pilgrimsplats som \u00e4r tillg\u00e4nglig via smala stigar, uppflugen mellan stora granitblock.<br \/>\nFafe blir ytterligare ett stopp, en stad v\u00e4lsignad av n\u00e4rheten till floderna Vizela och Ferro.<\/p>\n<p>En gammal t\u00e5glinje fr\u00e5n slutet av 1800-talet f\u00f6rvandlades till ett ekologiskt sp\u00e5r som korsade gr\u00f6nskande landskap med fantastisk utsikt.<\/p>\n<p>Gl\u00f6m inte att ta ett bra prov p\u00e5 den fantastiska maten och vinerna i regionen!<\/p>\n<div class=\"row\" style=\"display: flex;\">\n<div class=\"column\" style=\"flex: 45%;\">\n<p><iframe loading=\"lazy\" title=\"Porto och norr som aldrig sett f\u00f6rut\" width=\"1080\" height=\"608\" src=\"https:\/\/www.youtube.com\/embed\/47k8DRF7_-M?feature=oembed\" frameborder=\"0\" allow=\"accelerometer; autoplay; clipboard-write; encrypted-media; gyroscope; picture-in-picture\" allowfullscreen><\/iframe><\/p>\n<\/div>\n<div class=\"column\" style=\"flex: 10%;\"><\/div>\n<div class=\"column\" style=\"flex: 45%;\">\n<p><iframe loading=\"lazy\" title=\"En smak av Portugal | Ett bergs land\" width=\"1080\" height=\"608\" src=\"https:\/\/www.youtube.com\/embed\/7bV-DSL7cEc?feature=oembed\" frameborder=\"0\" allow=\"accelerometer; autoplay; clipboard-write; encrypted-media; gyroscope; picture-in-picture\" allowfullscreen><\/iframe><\/p>\n<\/div>\n<\/div>","protected":false},"excerpt":{"rendered":"<p>Norra Portugal \u00e4r en lockande kombination av historiska st\u00e4der, frodig landsbygd och en vidstr\u00e4ckt och vild kustlinje.<\/p>\n<p>Denna vandringstur med t\u00e5g \u00e4r ett individuellt \u00e4ventyr baserat i tv\u00e5 vackra st\u00e4der: Viana do Castelo, k\u00e4nd som &quot;Nordens p\u00e4rla&quot;, och Guimar\u00e3es, Portugals f\u00f6delseplats.<\/p>\n<p>Ta t\u00e5get och njut av din promenadsemester p\u00e5 denna tidl\u00f6sa och magiska plats!<\/p>","protected":false},"featured_media":7820,"comment_status":"closed","ping_status":"closed","template":"","meta":{"_acf_changed":false,"inline_featured_image":false},"product_brand":[],"product_cat":[734,301,735],"product_tag":[306,428,659,153,214,240,88,117,156,535,218,758,313,759,760,761,762,271,744,97,745,102,162,272,246,747,247,106,763,749,764,765,766,767,768,629,769,319,752,728,753,228,322,770,324,280,281,283,285,771,684,685,230,252,325,772,326,121,756,180,421,757,145],"class_list":{"0":"post-7999","1":"product","2":"type-product","3":"status-publish","4":"has-post-thumbnail","6":"product_cat-self-guided-sightseeing-holidays-in-portugal","7":"product_cat-self-guided-tours-portugal","8":"product_cat-self-guided-train-holidays-portugal","9":"product_tag-alleine-reisen","10":"product_tag-bird-watching","11":"product_tag-costa-verde","12":"product_tag-countryside","13":"product_tag-culture","14":"product_tag-green-coast","15":"product_tag-green-valleys","16":"product_tag-guimaraes","17":"product_tag-hiking","18":"product_tag-historic-centre","19":"product_tag-history","20":"product_tag-individual-hiking","21":"product_tag-individuelle-touren","22":"product_tag-individuelle-trekkingreisen","23":"product_tag-individuelle-wandern","24":"product_tag-individuelle-wanderreisen","25":"product_tag-individuelle-wandertouren","26":"product_tag-lush-green-hills","27":"product_tag-monument","28":"product_tag-natural-park","29":"product_tag-nature-hikes","30":"product_tag-nature-trails","31":"product_tag-nature-walks","32":"product_tag-north-of-portugal","33":"product_tag-northern-portugal","34":"product_tag-paths","35":"product_tag-pearl-of-the-north","36":"product_tag-picturesque-landscapes","37":"product_tag-portuguese-food","38":"product_tag-protected-area","39":"product_tag-rando-autoguidee","40":"product_tag-rando-liberte","41":"product_tag-randonnee-autoguidee","42":"product_tag-randonnee-en-liberte","43":"product_tag-randonnee-liberte","44":"product_tag-rio-minho","45":"product_tag-santuario-santa-luzia","46":"product_tag-sejour-en-liberte","47":"product_tag-self-guided-train","48":"product_tag-self-guided-walking-holiday","49":"product_tag-self-guided-walking-tour","50":"product_tag-sightseeing","51":"product_tag-solo-reisen","52":"product_tag-solo-wandern","53":"product_tag-tours-autoguidees","54":"product_tag-train","55":"product_tag-train-holidays","56":"product_tag-train-tour","57":"product_tag-travel-train-tour-in-portugal","58":"product_tag-trek-en-liberte","59":"product_tag-trek-solo","60":"product_tag-trekking-solo","61":"product_tag-viana-do-castelo","62":"product_tag-vila-praia-de-ancora","63":"product_tag-voyage-en-liberte","64":"product_tag-voyages-a-pied-en-liberte","65":"product_tag-voyages-en-autonomie","66":"product_tag-walking","67":"product_tag-walking-holiday","68":"product_tag-walking-tour","69":"product_tag-walking-trails","70":"product_tag-walks","71":"product_tag-wines","73":"first","74":"instock","75":"virtual","76":"product-type-simple"},"acf":[],"yoast_head":"<!-- This site is optimized with the Yoast SEO Premium plugin v26.8 (Yoast SEO v27.5) - https:\/\/yoast.com\/product\/yoast-seo-premium-wordpress\/ -->\n<title>Independent Rail Holidays to Explore the Northern Portugal by train - Legendary Adventure DMC Portugal<\/title>\n<meta name=\"robots\" content=\"index, follow, max-snippet:-1, max-image-preview:large, max-video-preview:-1\" \/>\n<link rel=\"canonical\" href=\"https:\/\/legendatours.com\/sv\/produkt\/explore-the-northern-portugal-by-train-7300st\/\" \/>\n<meta property=\"og:locale\" content=\"sv_SE\" \/>\n<meta property=\"og:type\" content=\"article\" \/>\n<meta property=\"og:title\" content=\"Independent Rail Holidays to Explore the Northern Portugal by train\" \/>\n<meta property=\"og:description\" content=\"The North of Portugal is an enticing combination of historic cities, lush countryside, and an extensive and wild coastline.  This walking tour by train is an individual adventure based in two lovely cities: Viana do Castelo, known as the &quot;Pearl of the North&quot;, and Guimar\u00e3es, the birthplace of Portugal.  Take the train, and enjoy your walking holidays in this timeless and magical place!\" \/>\n<meta property=\"og:url\" content=\"https:\/\/legendatours.com\/sv\/produkt\/explore-the-northern-portugal-by-train-7300st\/\" \/>\n<meta property=\"og:site_name\" content=\"Legendary Adventure DMC Portugal\" \/>\n<meta property=\"article:publisher\" content=\"https:\/\/www.facebook.com\/legendaryadventuredmc\/\" \/>\n<meta property=\"article:modified_time\" content=\"2022-02-23T13:24:36+00:00\" \/>\n<meta property=\"og:image\" content=\"https:\/\/legendatours.com\/wp-content\/uploads\/sites\/12\/2021\/04\/caminha.jpeg\" \/>\n\t<meta property=\"og:image:width\" content=\"1067\" \/>\n\t<meta property=\"og:image:height\" content=\"800\" \/>\n\t<meta property=\"og:image:type\" content=\"image\/jpeg\" \/>\n<meta name=\"twitter:card\" content=\"summary_large_image\" \/>\n<meta name=\"twitter:label1\" content=\"Ber\u00e4knad l\u00e4stid\" \/>\n\t<meta name=\"twitter:data1\" content=\"2 minuter\" \/>\n<script type=\"application\/ld+json\" class=\"yoast-schema-graph\">{\"@context\":\"https:\\\/\\\/schema.org\",\"@graph\":[{\"@type\":\"WebPage\",\"@id\":\"https:\\\/\\\/legendatours.com\\\/product\\\/explore-the-northern-portugal-by-train-7300st\\\/\",\"url\":\"https:\\\/\\\/legendatours.com\\\/product\\\/explore-the-northern-portugal-by-train-7300st\\\/\",\"name\":\"Independent Rail Holidays to Explore the Northern Portugal by train - Legendary Adventure DMC Portugal\",\"isPartOf\":{\"@id\":\"https:\\\/\\\/legendatours.com\\\/#website\"},\"primaryImageOfPage\":{\"@id\":\"https:\\\/\\\/legendatours.com\\\/product\\\/explore-the-northern-portugal-by-train-7300st\\\/#primaryimage\"},\"image\":{\"@id\":\"https:\\\/\\\/legendatours.com\\\/product\\\/explore-the-northern-portugal-by-train-7300st\\\/#primaryimage\"},\"thumbnailUrl\":\"https:\\\/\\\/legendatours.com\\\/wp-content\\\/uploads\\\/sites\\\/12\\\/2021\\\/04\\\/caminha.jpeg\",\"datePublished\":\"2020-06-18T15:48:30+00:00\",\"dateModified\":\"2022-02-23T13:24:36+00:00\",\"breadcrumb\":{\"@id\":\"https:\\\/\\\/legendatours.com\\\/product\\\/explore-the-northern-portugal-by-train-7300st\\\/#breadcrumb\"},\"inLanguage\":\"sv-SE\",\"potentialAction\":[{\"@type\":\"ReadAction\",\"target\":[\"https:\\\/\\\/legendatours.com\\\/product\\\/explore-the-northern-portugal-by-train-7300st\\\/\"]}]},{\"@type\":\"ImageObject\",\"inLanguage\":\"sv-SE\",\"@id\":\"https:\\\/\\\/legendatours.com\\\/product\\\/explore-the-northern-portugal-by-train-7300st\\\/#primaryimage\",\"url\":\"https:\\\/\\\/legendatours.com\\\/wp-content\\\/uploads\\\/sites\\\/12\\\/2021\\\/04\\\/caminha.jpeg\",\"contentUrl\":\"https:\\\/\\\/legendatours.com\\\/wp-content\\\/uploads\\\/sites\\\/12\\\/2021\\\/04\\\/caminha.jpeg\",\"width\":1067,\"height\":800,\"caption\":\"From Vila Praia de \u00c2ncora to Caminha\"},{\"@type\":\"BreadcrumbList\",\"@id\":\"https:\\\/\\\/legendatours.com\\\/product\\\/explore-the-northern-portugal-by-train-7300st\\\/#breadcrumb\",\"itemListElement\":[{\"@type\":\"ListItem\",\"position\":1,\"name\":\"Home\",\"item\":\"https:\\\/\\\/legendatours.com\\\/\"},{\"@type\":\"ListItem\",\"position\":2,\"name\":\"Shop\",\"item\":\"https:\\\/\\\/legendatours.com\\\/sv\\\/?page_id=4\"},{\"@type\":\"ListItem\",\"position\":3,\"name\":\"Independent Rail Holidays to Explore the Northern Portugal by train\"}]},{\"@type\":\"WebSite\",\"@id\":\"https:\\\/\\\/legendatours.com\\\/#website\",\"url\":\"https:\\\/\\\/legendatours.com\\\/\",\"name\":\"Legendary Adventure DMC Portugal\",\"description\":\"Responsible Walking &amp; Nature Holidays in Portugal\",\"publisher\":{\"@id\":\"https:\\\/\\\/legendatours.com\\\/#organization\"},\"alternateName\":\"Legendary Adventure Portugal\",\"potentialAction\":[{\"@type\":\"SearchAction\",\"target\":{\"@type\":\"EntryPoint\",\"urlTemplate\":\"https:\\\/\\\/legendatours.com\\\/?s={search_term_string}\"},\"query-input\":{\"@type\":\"PropertyValueSpecification\",\"valueRequired\":true,\"valueName\":\"search_term_string\"}}],\"inLanguage\":\"sv-SE\"},{\"@type\":\"Organization\",\"@id\":\"https:\\\/\\\/legendatours.com\\\/#organization\",\"name\":\"legendatours.com\",\"url\":\"https:\\\/\\\/legendatours.com\\\/\",\"logo\":{\"@type\":\"ImageObject\",\"inLanguage\":\"sv-SE\",\"@id\":\"https:\\\/\\\/legendatours.com\\\/#\\\/schema\\\/logo\\\/image\\\/\",\"url\":\"https:\\\/\\\/legendatours.com\\\/wp-content\\\/uploads\\\/sites\\\/12\\\/2021\\\/06\\\/legendary_adventure_dmc.png\",\"contentUrl\":\"https:\\\/\\\/legendatours.com\\\/wp-content\\\/uploads\\\/sites\\\/12\\\/2021\\\/06\\\/legendary_adventure_dmc.png\",\"width\":250,\"height\":74,\"caption\":\"legendatours.com\"},\"image\":{\"@id\":\"https:\\\/\\\/legendatours.com\\\/#\\\/schema\\\/logo\\\/image\\\/\"},\"sameAs\":[\"https:\\\/\\\/www.facebook.com\\\/legendaryadventuredmc\\\/\",\"https:\\\/\\\/www.linkedin.com\\\/company\\\/legendary-adventure-dmc-portugal\",\"https:\\\/\\\/www.youtube.com\\\/channel\\\/UCOIRDx_KM6ynIcacQkZjb6g\"]}]}<\/script>\n<!-- \/ Yoast SEO Premium plugin. -->","yoast_head_json":{"title":"Oberoende t\u00e5gresor f\u00f6r att utforska norra Portugal med t\u00e5g - Legendary Adventure DMC Portugal","robots":{"index":"index","follow":"follow","max-snippet":"max-snippet:-1","max-image-preview":"max-image-preview:large","max-video-preview":"max-video-preview:-1"},"canonical":"https:\/\/legendatours.com\/sv\/produkt\/explore-the-northern-portugal-by-train-7300st\/","og_locale":"sv_SE","og_type":"article","og_title":"Independent Rail Holidays to Explore the Northern Portugal by train","og_description":"The North of Portugal is an enticing combination of historic cities, lush countryside, and an extensive and wild coastline.  This walking tour by train is an individual adventure based in two lovely cities: Viana do Castelo, known as the \"Pearl of the North\", and Guimar\u00e3es, the birthplace of Portugal.  Take the train, and enjoy your walking holidays in this timeless and magical place!","og_url":"https:\/\/legendatours.com\/sv\/produkt\/explore-the-northern-portugal-by-train-7300st\/","og_site_name":"Legendary Adventure DMC Portugal","article_publisher":"https:\/\/www.facebook.com\/legendaryadventuredmc\/","article_modified_time":"2022-02-23T13:24:36+00:00","og_image":[{"width":1067,"height":800,"url":"https:\/\/legendatours.com\/wp-content\/uploads\/sites\/12\/2021\/04\/caminha.jpeg","type":"image\/jpeg"}],"twitter_card":"summary_large_image","twitter_misc":{"Ber\u00e4knad l\u00e4stid":"2 minuter"},"schema":{"@context":"https:\/\/schema.org","@graph":[{"@type":"WebPage","@id":"https:\/\/legendatours.com\/product\/explore-the-northern-portugal-by-train-7300st\/","url":"https:\/\/legendatours.com\/product\/explore-the-northern-portugal-by-train-7300st\/","name":"Oberoende t\u00e5gresor f\u00f6r att utforska norra Portugal med t\u00e5g - Legendary Adventure DMC Portugal","isPartOf":{"@id":"https:\/\/legendatours.com\/#website"},"primaryImageOfPage":{"@id":"https:\/\/legendatours.com\/product\/explore-the-northern-portugal-by-train-7300st\/#primaryimage"},"image":{"@id":"https:\/\/legendatours.com\/product\/explore-the-northern-portugal-by-train-7300st\/#primaryimage"},"thumbnailUrl":"https:\/\/legendatours.com\/wp-content\/uploads\/sites\/12\/2021\/04\/caminha.jpeg","datePublished":"2020-06-18T15:48:30+00:00","dateModified":"2022-02-23T13:24:36+00:00","breadcrumb":{"@id":"https:\/\/legendatours.com\/product\/explore-the-northern-portugal-by-train-7300st\/#breadcrumb"},"inLanguage":"sv-SE","potentialAction":[{"@type":"ReadAction","target":["https:\/\/legendatours.com\/product\/explore-the-northern-portugal-by-train-7300st\/"]}]},{"@type":"ImageObject","inLanguage":"sv-SE","@id":"https:\/\/legendatours.com\/product\/explore-the-northern-portugal-by-train-7300st\/#primaryimage","url":"https:\/\/legendatours.com\/wp-content\/uploads\/sites\/12\/2021\/04\/caminha.jpeg","contentUrl":"https:\/\/legendatours.com\/wp-content\/uploads\/sites\/12\/2021\/04\/caminha.jpeg","width":1067,"height":800,"caption":"From Vila Praia de \u00c2ncora to Caminha"},{"@type":"BreadcrumbList","@id":"https:\/\/legendatours.com\/product\/explore-the-northern-portugal-by-train-7300st\/#breadcrumb","itemListElement":[{"@type":"ListItem","position":1,"name":"Home","item":"https:\/\/legendatours.com\/"},{"@type":"ListItem","position":2,"name":"Shop","item":"https:\/\/legendatours.com\/sv\/?page_id=4"},{"@type":"ListItem","position":3,"name":"Independent Rail Holidays to Explore the Northern Portugal by train"}]},{"@type":"WebSite","@id":"https:\/\/legendatours.com\/#website","url":"https:\/\/legendatours.com\/","name":"Legendariskt \u00e4ventyr DMC Portugal","description":"Ansvarsfulla vandringar och natursemester i Portugal","publisher":{"@id":"https:\/\/legendatours.com\/#organization"},"alternateName":"Legendary Adventure Portugal","potentialAction":[{"@type":"SearchAction","target":{"@type":"EntryPoint","urlTemplate":"https:\/\/legendatours.com\/?s={search_term_string}"},"query-input":{"@type":"PropertyValueSpecification","valueRequired":true,"valueName":"search_term_string"}}],"inLanguage":"sv-SE"},{"@type":"Organization","@id":"https:\/\/legendatours.com\/#organization","name":"legendatours.com","url":"https:\/\/legendatours.com\/","logo":{"@type":"ImageObject","inLanguage":"sv-SE","@id":"https:\/\/legendatours.com\/#\/schema\/logo\/image\/","url":"https:\/\/legendatours.com\/wp-content\/uploads\/sites\/12\/2021\/06\/legendary_adventure_dmc.png","contentUrl":"https:\/\/legendatours.com\/wp-content\/uploads\/sites\/12\/2021\/06\/legendary_adventure_dmc.png","width":250,"height":74,"caption":"legendatours.com"},"image":{"@id":"https:\/\/legendatours.com\/#\/schema\/logo\/image\/"},"sameAs":["https:\/\/www.facebook.com\/legendaryadventuredmc\/","https:\/\/www.linkedin.com\/company\/legendary-adventure-dmc-portugal","https:\/\/www.youtube.com\/channel\/UCOIRDx_KM6ynIcacQkZjb6g"]}]}},"_links":{"self":[{"href":"https:\/\/legendatours.com\/sv\/wp-json\/wp\/v2\/product\/7999","targetHints":{"allow":["GET"]}}],"collection":[{"href":"https:\/\/legendatours.com\/sv\/wp-json\/wp\/v2\/product"}],"about":[{"href":"https:\/\/legendatours.com\/sv\/wp-json\/wp\/v2\/types\/product"}],"replies":[{"embeddable":true,"href":"https:\/\/legendatours.com\/sv\/wp-json\/wp\/v2\/comments?post=7999"}],"wp:featuredmedia":[{"embeddable":true,"href":"https:\/\/legendatours.com\/sv\/wp-json\/wp\/v2\/media\/7820"}],"wp:attachment":[{"href":"https:\/\/legendatours.com\/sv\/wp-json\/wp\/v2\/media?parent=7999"}],"wp:term":[{"taxonomy":"product_brand","embeddable":true,"href":"https:\/\/legendatours.com\/sv\/wp-json\/wp\/v2\/product_brand?post=7999"},{"taxonomy":"product_cat","embeddable":true,"href":"https:\/\/legendatours.com\/sv\/wp-json\/wp\/v2\/product_cat?post=7999"},{"taxonomy":"product_tag","embeddable":true,"href":"https:\/\/legendatours.com\/sv\/wp-json\/wp\/v2\/product_tag?post=7999"}],"curies":[{"name":"wp","href":"https:\/\/api.w.org\/{rel}","templated":true}]}}