{"id":8013,"date":"2020-06-18T14:34:18","date_gmt":"2020-06-18T14:34:18","guid":{"rendered":"https:\/\/legendatours.com\/product\/lisbon-south-portugal-by-train-independent-rail-holidays\/"},"modified":"2021-09-17T16:39:29","modified_gmt":"2021-09-17T16:39:29","slug":"lisbon-south-portugal-by-train-7100st","status":"publish","type":"product","link":"https:\/\/legendatours.com\/sv\/produkt\/lisbon-south-portugal-by-train-7100st\/","title":{"rendered":"Lissabon och s\u00f6dra Portugal med t\u00e5g - Oberoende j\u00e4rnv\u00e4gshelger"},"content":{"rendered":"<p>L\u00e4gg ditt bagage p\u00e5 hyllan, ta en plats vid f\u00f6nstret och l\u00e5t Portugal komma till dig med denna oberoende t\u00e5gresa fr\u00e5n Lissabon till Faro!<\/p>\n<p>Du kommer att bes\u00f6ka ett brett utbud av natursk\u00f6na destinationer, fr\u00e5n den charmiga huvudstaden Lissabon till det f\u00f6rtrollade Sintra och Algarve, fr\u00e5n \u00f6st till v\u00e4st.<\/p>\n<p>En kombination av upplevelser, b\u00e5de avkopplande och sp\u00e4nnande!<\/p>\n<p>Din t\u00e5gtur b\u00f6rjar i Lissabon, en stad omgiven av tradition och v\u00e4lsignad med modernitet.<\/p>\n<div id=\"attachment_2506\" style=\"width: 1034px\" class=\"wp-caption alignnone\"><img loading=\"lazy\" decoding=\"async\" aria-describedby=\"caption-attachment-2506\" class=\"wp-image-2506 size-large\" title=\"Jeronimos kloster Lisboa\" src=\"https:\/\/legendatours.net\/wp-content\/uploads\/2020\/03\/jeronimos_monastery_lisbon-1024x640.jpg\" alt=\"Jeronimos Monastery Lisboa\" width=\"1024\" height=\"640\" \/><p id=\"caption-attachment-2506\" class=\"wp-caption-text\">Jeronimos-klostret Lisboa \u00e4r tillsammans med Belem-tornet den viktigaste turistattraktionen i Lissabon.<\/p><\/div>\n<p>Stadens sju kullar, t\u00e4ckta med lager av historia och arv, har blivit en popul\u00e4r europeisk destination f\u00f6r sin m\u00e5ngfald, gamla sp\u00e5rvagnar, kullerstensgator, fados\u00e5nger, majest\u00e4tisk azulejo-utsmyckad arkitektur och ett avundsv\u00e4rt klimat.<\/p>\n<p>H\u00e4rifr\u00e5n, avg\u00e5ng till Sintra, med avg\u00e5ng fr\u00e5n centralstationen Rossio, en neo-manuelinisk byggnad fr\u00e5n slutet av 1800-talet, sl\u00e5ende prydd. Du kommer att \u00e5ka mot stadens utkanter genom en 1,8 mil l\u00e5ng tunnel, ett tekniskt underverk n\u00e4r den \u00f6ppnade f\u00f6rsta g\u00e5ngen 1890!<\/p>\n<p>Sintra \u00e4r en natursk\u00f6n prakt, ett rike av romantik d\u00e4r majest\u00e4tiska sagoliknande palats, ett grandiost slott, kungliga egendomar och charmiga r\u00f6da kakelhus st\u00e5r mitt i ett landskap av frodiga, halvtropiska skogar och kullar.<\/p>\n<div id=\"attachment_2546\" style=\"width: 1034px\" class=\"wp-caption alignnone\"><img loading=\"lazy\" decoding=\"async\" aria-describedby=\"caption-attachment-2546\" class=\"wp-image-2546 size-large\" title=\"Sintra sagolandskap\" src=\"https:\/\/legendatours.net\/wp-content\/uploads\/2020\/06\/sintra-1024x683.jpg\" alt=\"Sintra fairytale scenery\" width=\"1024\" height=\"683\" \/><p id=\"caption-attachment-2546\" class=\"wp-caption-text\">Sintra sagolandskap. Fantastiska Pena Palace i Sintra bara 30 minuter fr\u00e5n Lisboa. Anses vara Europas b\u00e4sta slott.<\/p><\/div>\n<p>Din resa till s\u00f6dra Portugal b\u00f6rjar p\u00e5 den moderna t\u00e5gstationen Oriente, designad av den spanska arkitekten Santiago Calatrava f\u00f6r v\u00e4rldsutst\u00e4llningen Expo&#039;98.<\/p>\n<p>L\u00e4ngs den tre timmar l\u00e5nga resan till Faro, Algarves huvudstad, passerar du genom Alentejos gr\u00f6ngula f\u00e4lt med en distinkt landskapsf\u00f6r\u00e4ndring.<\/p>\n<p>Algarve \u00e4r en v\u00e4rldsk\u00e4nd sommarsemesterdestination, med str\u00e4nder som myllrar av turister under h\u00f6gs\u00e4song. Faro \u00e4r dock en lugn stad, hem till ett stort moriskt arv som finns kvar i n\u00e5gra av de mest hemliga h\u00f6rnen av staden.<\/p>\n<p>Du kommer till en station som vetter mot den vackra Ria Formosa, n\u00e4ra gamla stan och den vackra sm\u00e5b\u00e5tshamnen.<\/p>\n<p>Detta kommer att vara din bas f\u00f6r att utforska b\u00e5da \u00e4ndarna av regionen, med mycket olika sev\u00e4rdheter.<\/p>\n<p>Vila Real de Santo Ant\u00f3nio, i \u00f6stra Algarve, \u00e4r en historiskt viktig stad. Det byggdes som en kopia av centrala Lissabons gatulayout efter den f\u00f6r\u00f6dande jordb\u00e4vningen 1755.<\/p>\n<div id=\"attachment_2511\" style=\"width: 1034px\" class=\"wp-caption alignnone\"><img loading=\"lazy\" decoding=\"async\" aria-describedby=\"caption-attachment-2511\" class=\"wp-image-2511 size-large\" title=\"Lissabon, monumentet f\u00f6r uppt\u00e4ckterna\" src=\"https:\/\/legendatours.net\/wp-content\/uploads\/2020\/03\/lisbon_monument_discoveries-1024x768.jpg\" alt=\"Lisbon, Monument to the Discoveries\" width=\"1024\" height=\"768\" \/><p id=\"caption-attachment-2511\" class=\"wp-caption-text\">Lissabon, Monument till uppt\u00e4ckterna, frammanar den portugisiska utlandsexpansionen.<\/p><\/div>\n<p>Stadens centrum \u00e4r idag ett shoppingparadis, med traditionella sm\u00e5 butiker och terrasser. Regionen var alltid f\u00f6rknippad med fiske och \u00e4r mycket stolt \u00f6ver sin rika gastronomi, med ber\u00f6mda r\u00e4tter gjorda av tonfisk, en l\u00e5ng tradition. F\u00e4rjor korsar den lugna floden Guadiana till Ayamonte, i Spanien, p\u00e5 motsatta stranden.<\/p>\n<p>P\u00e5 v\u00e4g mot v\u00e4stra Algarve tar du t\u00e5get till den kosmopolitiska staden Lagos, en g\u00e5ng ett landm\u00e4rke f\u00f6r de portugisiska uppt\u00e4ckterna och tillflyktsort f\u00f6r pirater.<\/p>\n<p>P\u00e5 grund av sin unika bukt och hamn, mittemot Afrika, blev Lagos en viktig utg\u00e5ngspunkt och ankomst f\u00f6r fartygen som satte segel i uppt\u00e4ckten av nya v\u00e4rldar. H\u00e4rifr\u00e5n dr\u00f6mde Henrik Sj\u00f6fararen om ok\u00e4nda l\u00e4nder och stor rikedom.<\/p>\n<p>Idag \u00e4r Lagos en kosmopolitisk stad med en avslappnad atmosf\u00e4r, vilket g\u00f6r den till en av de mest tilltalande platserna i Algarve. Det \u00e4r v\u00e4l v\u00e4rt att bes\u00f6ka stadens kyrkor, museer, slottet och v\u00e4ggarna.<\/p>\n<p>Denna t\u00e5gsemester ger det b\u00e4sta av tv\u00e5 v\u00e4rldar - du kan resa sj\u00e4lvst\u00e4ndigt medan du luta dig tillbaka och njuter av utsikten!<\/p>\n<div class=\"row\" style=\"display: flex;\">\n<div class=\"column\" style=\"flex: 45%;\">\n<p><iframe loading=\"lazy\" title=\"Kan inte hoppa \u00f6ver inspiration\" width=\"1080\" height=\"608\" src=\"https:\/\/www.youtube.com\/embed\/Vbo9a9D2dlk?feature=oembed\" frameborder=\"0\" allow=\"accelerometer; autoplay; clipboard-write; encrypted-media; gyroscope; picture-in-picture\" allowfullscreen><\/iframe><\/p>\n<\/div>\n<div class=\"column\" style=\"flex: 10%;\"><\/div>\n<div class=\"column\" style=\"flex: 45%;\">\n<p><iframe loading=\"lazy\" title=\"En smak av Portugal | Ett land med skyddade omr\u00e5den\" width=\"1080\" height=\"608\" src=\"https:\/\/www.youtube.com\/embed\/tKP9MFoLfTw?feature=oembed\" frameborder=\"0\" allow=\"accelerometer; autoplay; clipboard-write; encrypted-media; gyroscope; picture-in-picture\" allowfullscreen><\/iframe><\/p>\n<\/div>\n<\/div>","protected":false},"excerpt":{"rendered":"<p>L\u00e4gg ditt bagage p\u00e5 hyllan, ta en plats vid f\u00f6nstret och l\u00e5t Portugal komma till dig med denna oberoende t\u00e5gresa fr\u00e5n Lissabon till Faro!<\/p>\n<p>Du kommer att bes\u00f6ka ett brett utbud av natursk\u00f6na destinationer, fr\u00e5n den charmiga huvudstaden Lissabon till det f\u00f6rtrollade Sintra och Algarve, fr\u00e5n \u00f6st till v\u00e4st.<\/p>\n<p>En kombination av upplevelser, b\u00e5de avkopplande och sp\u00e4nnande!<\/p>","protected":false},"featured_media":7992,"comment_status":"closed","ping_status":"closed","template":"","meta":{"_acf_changed":false,"inline_featured_image":false},"product_brand":[],"product_cat":[734,301,735],"product_tag":[306,402,412,153,214,337,268,218,255,758,313,256,137,138,271,744,378,106,273,274,275,276,319,320,328,805,777,773,774,752,1023,862,753,143,66,322,279,324,280,281,283,285,325,326,145],"class_list":{"0":"post-8013","1":"product","2":"type-product","3":"status-publish","4":"has-post-thumbnail","6":"product_cat-self-guided-sightseeing-holidays-in-portugal","7":"product_cat-self-guided-tours-portugal","8":"product_cat-self-guided-train-holidays-portugal","9":"product_tag-alleine-reisen","10":"product_tag-amazing-walking","11":"product_tag-ancient-trails","12":"product_tag-countryside","13":"product_tag-culture","14":"product_tag-delicious-food","15":"product_tag-faro","16":"product_tag-history","17":"product_tag-holidays-in-portugal","18":"product_tag-individual-hiking","19":"product_tag-individuelle-touren","20":"product_tag-jeronimos-monastery","21":"product_tag-lisboa","22":"product_tag-lisbon","23":"product_tag-lush-green-hills","24":"product_tag-monument","25":"product_tag-perfect-holiday","26":"product_tag-picturesque-landscapes","27":"product_tag-rail-holiday","28":"product_tag-rail-holidays","29":"product_tag-rail-routes-in-portugal","30":"product_tag-railroad","31":"product_tag-sejour-en-liberte","32":"product_tag-self-guide-tour","33":"product_tag-self-guided","34":"product_tag-self-guided-holiday","35":"product_tag-self-guided-holidays","36":"product_tag-self-guided-sightseeing","37":"product_tag-self-guided-tour","38":"product_tag-self-guided-train","39":"product_tag-self-guided-walking","40":"product_tag-self-guided-walking-holidays","41":"product_tag-self-guided-walking-tour","42":"product_tag-sightseeing-lisbon","43":"product_tag-sightseeing-tour","44":"product_tag-solo-reisen","45":"product_tag-south-portugal","46":"product_tag-tours-autoguidees","47":"product_tag-train","48":"product_tag-train-holidays","49":"product_tag-train-tour","50":"product_tag-travel-train-tour-in-portugal","51":"product_tag-voyage-en-liberte","52":"product_tag-voyages-en-autonomie","53":"product_tag-wines","55":"first","56":"instock","57":"virtual","58":"product-type-simple"},"acf":[],"yoast_head":"<!-- This site is optimized with the Yoast SEO Premium plugin v26.8 (Yoast SEO v27.5) - https:\/\/yoast.com\/product\/yoast-seo-premium-wordpress\/ -->\n<title>Lisbon &amp; South Portugal by Train - Independent Rail Holidays - Legendary Adventure DMC Portugal<\/title>\n<meta name=\"robots\" content=\"index, follow, max-snippet:-1, max-image-preview:large, max-video-preview:-1\" \/>\n<link rel=\"canonical\" href=\"https:\/\/legendatours.com\/sv\/produkt\/lisbon-south-portugal-by-train-7100st\/\" \/>\n<meta property=\"og:locale\" content=\"sv_SE\" \/>\n<meta property=\"og:type\" content=\"article\" \/>\n<meta property=\"og:title\" content=\"Lisbon &amp; South Portugal by Train - Independent Rail Holidays\" \/>\n<meta property=\"og:description\" content=\"Put your luggage on the rack, grab a seat by the window and let Portugal come to you with this independent rail tour from Lisbon to Faro!  You&#039;ll visit a wide variety of scenic destinations, from the charming capital, Lisbon, to the enchanted Sintra, and the Algarve, from East to West.  A combination of experiences, both relaxing and exciting!\" \/>\n<meta property=\"og:url\" content=\"https:\/\/legendatours.com\/sv\/produkt\/lisbon-south-portugal-by-train-7100st\/\" \/>\n<meta property=\"og:site_name\" content=\"Legendary Adventure DMC Portugal\" \/>\n<meta property=\"article:publisher\" content=\"https:\/\/www.facebook.com\/legendaryadventuredmc\/\" \/>\n<meta property=\"article:modified_time\" content=\"2021-09-17T16:39:29+00:00\" \/>\n<meta property=\"og:image\" content=\"https:\/\/legendatours.com\/wp-content\/uploads\/sites\/12\/2021\/04\/faro_train.jpeg\" \/>\n\t<meta property=\"og:image:width\" content=\"1200\" \/>\n\t<meta property=\"og:image:height\" content=\"762\" \/>\n\t<meta property=\"og:image:type\" content=\"image\/jpeg\" \/>\n<meta name=\"twitter:card\" content=\"summary_large_image\" \/>\n<meta name=\"twitter:label1\" content=\"Ber\u00e4knad l\u00e4stid\" \/>\n\t<meta name=\"twitter:data1\" content=\"3 minuter\" \/>\n<script type=\"application\/ld+json\" class=\"yoast-schema-graph\">{\"@context\":\"https:\\\/\\\/schema.org\",\"@graph\":[{\"@type\":\"WebPage\",\"@id\":\"https:\\\/\\\/legendatours.com\\\/product\\\/lisbon-south-portugal-by-train-7100st\\\/\",\"url\":\"https:\\\/\\\/legendatours.com\\\/product\\\/lisbon-south-portugal-by-train-7100st\\\/\",\"name\":\"Lisbon &amp; South Portugal by Train - Independent Rail Holidays - Legendary Adventure DMC Portugal\",\"isPartOf\":{\"@id\":\"https:\\\/\\\/legendatours.com\\\/#website\"},\"primaryImageOfPage\":{\"@id\":\"https:\\\/\\\/legendatours.com\\\/product\\\/lisbon-south-portugal-by-train-7100st\\\/#primaryimage\"},\"image\":{\"@id\":\"https:\\\/\\\/legendatours.com\\\/product\\\/lisbon-south-portugal-by-train-7100st\\\/#primaryimage\"},\"thumbnailUrl\":\"https:\\\/\\\/legendatours.com\\\/wp-content\\\/uploads\\\/sites\\\/12\\\/2021\\\/04\\\/faro_train.jpeg\",\"datePublished\":\"2020-06-18T14:34:18+00:00\",\"dateModified\":\"2021-09-17T16:39:29+00:00\",\"breadcrumb\":{\"@id\":\"https:\\\/\\\/legendatours.com\\\/product\\\/lisbon-south-portugal-by-train-7100st\\\/#breadcrumb\"},\"inLanguage\":\"sv-SE\",\"potentialAction\":[{\"@type\":\"ReadAction\",\"target\":[\"https:\\\/\\\/legendatours.com\\\/product\\\/lisbon-south-portugal-by-train-7100st\\\/\"]}]},{\"@type\":\"ImageObject\",\"inLanguage\":\"sv-SE\",\"@id\":\"https:\\\/\\\/legendatours.com\\\/product\\\/lisbon-south-portugal-by-train-7100st\\\/#primaryimage\",\"url\":\"https:\\\/\\\/legendatours.com\\\/wp-content\\\/uploads\\\/sites\\\/12\\\/2021\\\/04\\\/faro_train.jpeg\",\"contentUrl\":\"https:\\\/\\\/legendatours.com\\\/wp-content\\\/uploads\\\/sites\\\/12\\\/2021\\\/04\\\/faro_train.jpeg\",\"width\":1200,\"height\":762,\"caption\":\"Faro train holidays\"},{\"@type\":\"BreadcrumbList\",\"@id\":\"https:\\\/\\\/legendatours.com\\\/product\\\/lisbon-south-portugal-by-train-7100st\\\/#breadcrumb\",\"itemListElement\":[{\"@type\":\"ListItem\",\"position\":1,\"name\":\"Home\",\"item\":\"https:\\\/\\\/legendatours.com\\\/\"},{\"@type\":\"ListItem\",\"position\":2,\"name\":\"Shop\",\"item\":\"https:\\\/\\\/legendatours.com\\\/sv\\\/?page_id=4\"},{\"@type\":\"ListItem\",\"position\":3,\"name\":\"Lisbon &amp; South Portugal by Train &#8211; Independent Rail Holidays\"}]},{\"@type\":\"WebSite\",\"@id\":\"https:\\\/\\\/legendatours.com\\\/#website\",\"url\":\"https:\\\/\\\/legendatours.com\\\/\",\"name\":\"Legendary Adventure DMC Portugal\",\"description\":\"Responsible Walking &amp; Nature Holidays in Portugal\",\"publisher\":{\"@id\":\"https:\\\/\\\/legendatours.com\\\/#organization\"},\"alternateName\":\"Legendary Adventure Portugal\",\"potentialAction\":[{\"@type\":\"SearchAction\",\"target\":{\"@type\":\"EntryPoint\",\"urlTemplate\":\"https:\\\/\\\/legendatours.com\\\/?s={search_term_string}\"},\"query-input\":{\"@type\":\"PropertyValueSpecification\",\"valueRequired\":true,\"valueName\":\"search_term_string\"}}],\"inLanguage\":\"sv-SE\"},{\"@type\":\"Organization\",\"@id\":\"https:\\\/\\\/legendatours.com\\\/#organization\",\"name\":\"legendatours.com\",\"url\":\"https:\\\/\\\/legendatours.com\\\/\",\"logo\":{\"@type\":\"ImageObject\",\"inLanguage\":\"sv-SE\",\"@id\":\"https:\\\/\\\/legendatours.com\\\/#\\\/schema\\\/logo\\\/image\\\/\",\"url\":\"https:\\\/\\\/legendatours.com\\\/wp-content\\\/uploads\\\/sites\\\/12\\\/2021\\\/06\\\/legendary_adventure_dmc.png\",\"contentUrl\":\"https:\\\/\\\/legendatours.com\\\/wp-content\\\/uploads\\\/sites\\\/12\\\/2021\\\/06\\\/legendary_adventure_dmc.png\",\"width\":250,\"height\":74,\"caption\":\"legendatours.com\"},\"image\":{\"@id\":\"https:\\\/\\\/legendatours.com\\\/#\\\/schema\\\/logo\\\/image\\\/\"},\"sameAs\":[\"https:\\\/\\\/www.facebook.com\\\/legendaryadventuredmc\\\/\",\"https:\\\/\\\/www.linkedin.com\\\/company\\\/legendary-adventure-dmc-portugal\",\"https:\\\/\\\/www.youtube.com\\\/channel\\\/UCOIRDx_KM6ynIcacQkZjb6g\"]}]}<\/script>\n<!-- \/ Yoast SEO Premium plugin. -->","yoast_head_json":{"title":"Lissabon och s\u00f6dra Portugal med t\u00e5g - Oberoende t\u00e5gresor - Legendariskt \u00e4ventyr DMC Portugal","robots":{"index":"index","follow":"follow","max-snippet":"max-snippet:-1","max-image-preview":"max-image-preview:large","max-video-preview":"max-video-preview:-1"},"canonical":"https:\/\/legendatours.com\/sv\/produkt\/lisbon-south-portugal-by-train-7100st\/","og_locale":"sv_SE","og_type":"article","og_title":"Lisbon &amp; South Portugal by Train - Independent Rail Holidays","og_description":"Put your luggage on the rack, grab a seat by the window and let Portugal come to you with this independent rail tour from Lisbon to Faro!  You'll visit a wide variety of scenic destinations, from the charming capital, Lisbon, to the enchanted Sintra, and the Algarve, from East to West.  A combination of experiences, both relaxing and exciting!","og_url":"https:\/\/legendatours.com\/sv\/produkt\/lisbon-south-portugal-by-train-7100st\/","og_site_name":"Legendary Adventure DMC Portugal","article_publisher":"https:\/\/www.facebook.com\/legendaryadventuredmc\/","article_modified_time":"2021-09-17T16:39:29+00:00","og_image":[{"width":1200,"height":762,"url":"https:\/\/legendatours.com\/wp-content\/uploads\/sites\/12\/2021\/04\/faro_train.jpeg","type":"image\/jpeg"}],"twitter_card":"summary_large_image","twitter_misc":{"Ber\u00e4knad l\u00e4stid":"3 minuter"},"schema":{"@context":"https:\/\/schema.org","@graph":[{"@type":"WebPage","@id":"https:\/\/legendatours.com\/product\/lisbon-south-portugal-by-train-7100st\/","url":"https:\/\/legendatours.com\/product\/lisbon-south-portugal-by-train-7100st\/","name":"Lissabon och s\u00f6dra Portugal med t\u00e5g - Oberoende t\u00e5gresor - Legendariskt \u00e4ventyr DMC Portugal","isPartOf":{"@id":"https:\/\/legendatours.com\/#website"},"primaryImageOfPage":{"@id":"https:\/\/legendatours.com\/product\/lisbon-south-portugal-by-train-7100st\/#primaryimage"},"image":{"@id":"https:\/\/legendatours.com\/product\/lisbon-south-portugal-by-train-7100st\/#primaryimage"},"thumbnailUrl":"https:\/\/legendatours.com\/wp-content\/uploads\/sites\/12\/2021\/04\/faro_train.jpeg","datePublished":"2020-06-18T14:34:18+00:00","dateModified":"2021-09-17T16:39:29+00:00","breadcrumb":{"@id":"https:\/\/legendatours.com\/product\/lisbon-south-portugal-by-train-7100st\/#breadcrumb"},"inLanguage":"sv-SE","potentialAction":[{"@type":"ReadAction","target":["https:\/\/legendatours.com\/product\/lisbon-south-portugal-by-train-7100st\/"]}]},{"@type":"ImageObject","inLanguage":"sv-SE","@id":"https:\/\/legendatours.com\/product\/lisbon-south-portugal-by-train-7100st\/#primaryimage","url":"https:\/\/legendatours.com\/wp-content\/uploads\/sites\/12\/2021\/04\/faro_train.jpeg","contentUrl":"https:\/\/legendatours.com\/wp-content\/uploads\/sites\/12\/2021\/04\/faro_train.jpeg","width":1200,"height":762,"caption":"Faro train holidays"},{"@type":"BreadcrumbList","@id":"https:\/\/legendatours.com\/product\/lisbon-south-portugal-by-train-7100st\/#breadcrumb","itemListElement":[{"@type":"ListItem","position":1,"name":"Home","item":"https:\/\/legendatours.com\/"},{"@type":"ListItem","position":2,"name":"Shop","item":"https:\/\/legendatours.com\/sv\/?page_id=4"},{"@type":"ListItem","position":3,"name":"Lisbon &amp; South Portugal by Train &#8211; Independent Rail Holidays"}]},{"@type":"WebSite","@id":"https:\/\/legendatours.com\/#website","url":"https:\/\/legendatours.com\/","name":"Legendariskt \u00e4ventyr DMC Portugal","description":"Ansvarsfulla vandringar och natursemester i Portugal","publisher":{"@id":"https:\/\/legendatours.com\/#organization"},"alternateName":"Legendary Adventure Portugal","potentialAction":[{"@type":"SearchAction","target":{"@type":"EntryPoint","urlTemplate":"https:\/\/legendatours.com\/?s={search_term_string}"},"query-input":{"@type":"PropertyValueSpecification","valueRequired":true,"valueName":"search_term_string"}}],"inLanguage":"sv-SE"},{"@type":"Organization","@id":"https:\/\/legendatours.com\/#organization","name":"legendatours.com","url":"https:\/\/legendatours.com\/","logo":{"@type":"ImageObject","inLanguage":"sv-SE","@id":"https:\/\/legendatours.com\/#\/schema\/logo\/image\/","url":"https:\/\/legendatours.com\/wp-content\/uploads\/sites\/12\/2021\/06\/legendary_adventure_dmc.png","contentUrl":"https:\/\/legendatours.com\/wp-content\/uploads\/sites\/12\/2021\/06\/legendary_adventure_dmc.png","width":250,"height":74,"caption":"legendatours.com"},"image":{"@id":"https:\/\/legendatours.com\/#\/schema\/logo\/image\/"},"sameAs":["https:\/\/www.facebook.com\/legendaryadventuredmc\/","https:\/\/www.linkedin.com\/company\/legendary-adventure-dmc-portugal","https:\/\/www.youtube.com\/channel\/UCOIRDx_KM6ynIcacQkZjb6g"]}]}},"_links":{"self":[{"href":"https:\/\/legendatours.com\/sv\/wp-json\/wp\/v2\/product\/8013","targetHints":{"allow":["GET"]}}],"collection":[{"href":"https:\/\/legendatours.com\/sv\/wp-json\/wp\/v2\/product"}],"about":[{"href":"https:\/\/legendatours.com\/sv\/wp-json\/wp\/v2\/types\/product"}],"replies":[{"embeddable":true,"href":"https:\/\/legendatours.com\/sv\/wp-json\/wp\/v2\/comments?post=8013"}],"wp:featuredmedia":[{"embeddable":true,"href":"https:\/\/legendatours.com\/sv\/wp-json\/wp\/v2\/media\/7992"}],"wp:attachment":[{"href":"https:\/\/legendatours.com\/sv\/wp-json\/wp\/v2\/media?parent=8013"}],"wp:term":[{"taxonomy":"product_brand","embeddable":true,"href":"https:\/\/legendatours.com\/sv\/wp-json\/wp\/v2\/product_brand?post=8013"},{"taxonomy":"product_cat","embeddable":true,"href":"https:\/\/legendatours.com\/sv\/wp-json\/wp\/v2\/product_cat?post=8013"},{"taxonomy":"product_tag","embeddable":true,"href":"https:\/\/legendatours.com\/sv\/wp-json\/wp\/v2\/product_tag?post=8013"}],"curies":[{"name":"wp","href":"https:\/\/api.w.org\/{rel}","templated":true}]}}