{"id":8033,"date":"2020-06-15T10:06:10","date_gmt":"2020-06-15T10:06:10","guid":{"rendered":"https:\/\/legendatours.com\/product\/birding-holiday-in-coastal-west-algarve\/"},"modified":"2025-03-03T17:15:50","modified_gmt":"2025-03-03T17:15:50","slug":"birding-in-coastal-west-algarve-3400s","status":"publish","type":"product","link":"https:\/\/legendatours.com\/sv\/produkt\/birding-in-coastal-west-algarve-3400s\/","title":{"rendered":"F\u00e5gelsk\u00e5dning i kustv\u00e4stra Algarve"},"content":{"rendered":"<p>\u00c4ven om den \u00e4r k\u00e4nd f\u00f6r att vara en badort med ett underbart klimat \u00e5ret runt, \u00e4r Algarve ocks\u00e5 en fristad och en fristad f\u00f6r f\u00e5gelliv.<\/p>\n<p>V\u00e4stalgarven har mycket olika livsmilj\u00f6er-fr\u00e5n klippor till kustn\u00e4ra v\u00e5tmarker och fr\u00e5n sm\u00e5 skogsomr\u00e5den till buskbekl\u00e4dda kullar. N\u00e4r som helst p\u00e5 \u00e5ret finns det n\u00e5got av intresse att se!<\/p>\n<p>I denna personliga sj\u00e4lvk\u00f6rande f\u00e5gelsk\u00e5dningstur presenterar vi en samling resv\u00e4gar till f\u00e5gelsk\u00e5dningspunkter, som syftar till att hj\u00e4lpa dig att f\u00e5 de b\u00e4sta f\u00e5gelsk\u00e5dningsm\u00f6jligheterna! I Vilamoura kommer du att kunna utforska det troligen det mest omfattande omr\u00e5det med vassb\u00e4ddar och laguner i Algarve, vid Lagoa dos Salgados.<\/p>\n<div id=\"attachment_1823\" style=\"width: 1034px\" class=\"wp-caption alignnone\"><img loading=\"lazy\" decoding=\"async\" aria-describedby=\"caption-attachment-1823\" class=\"wp-image-1823 size-large\" src=\"https:\/\/legendatours.net\/wp-content\/uploads\/2020\/03\/Spoonbills-1024x683.jpg\" alt=\"Spoonbills Castro Marim\" width=\"1024\" height=\"683\" \/><p id=\"caption-attachment-1823\" class=\"wp-caption-text\"><a href=\"..\/..\/?s=Spoonbills\" target=\"_blank\" rel=\"noopener noreferrer\">Skedr\u00e4kningar Castro Marim<\/a>, Vid floden Guadiana mellan Castro Marim och Vila Real de Santo Ant\u00f3nio, som t\u00e4cker ett omr\u00e5de p\u00e5 mer \u00e4n 2000 hektar.<\/p><\/div>\n<p>Detta \u00e4r en av de viktigaste platserna i Algarve f\u00f6r migrerande passeriner, och ocks\u00e5 ett jaktomr\u00e5de f\u00f6r olika rovf\u00e5glar.<\/p>\n<p>I den fridfulla Alvor -mynningen hittar du en skyddad naturparadis med en m\u00e4ngd olika vattenf\u00e5glar, sj\u00f6f\u00e5glar och f\u00e5glar. Turen tar dig till den vackra Rocha Delicada, ett ockra udde som bildades under Miocene -perioden.<\/p>\n<p>I de v\u00e5ta zonerna vid floden Arade, n\u00e4ra den tidigare arabiska huvudstaden i Algarve, Silves, kommer du att uppskatta ett viktigt ekosystem, representativt f\u00f6r Medelhavslandskapet.<\/p>\n<div id=\"attachment_1761\" style=\"width: 1034px\" class=\"wp-caption alignnone\"><img loading=\"lazy\" decoding=\"async\" aria-describedby=\"caption-attachment-1761\" class=\"wp-image-1761 size-large\" title=\"Great Crested Grebe\" src=\"https:\/\/legendatours.net\/wp-content\/uploads\/2020\/03\/Great-Crested-Grebe-1024x683.jpg\" alt=\"Great Crested Grebe\" width=\"1024\" height=\"683\" \/><p id=\"caption-attachment-1761\" class=\"wp-caption-text\"><a href=\"..\/..\/?s=Great+Crested+Grebe\" target=\"_blank\" rel=\"noopener noreferrer\">Great Crested Grebe<\/a>, Great Crested Grebe, Podiceps cristatus, i Ria Formosa. foto Peter Dedicoat.<\/p><\/div>\n<p>Detta omr\u00e5de samlar ett stort antal vadare, s\u00e5som Redshank, Greenshank och Common Sandpiper. Det finns ocks\u00e5 n\u00e5gra f\u00e5ngstf\u00e5glar, som gul svipstj\u00e4rt och kr\u00f6nl\u00e4rka.<\/p>\n<p>Lagoa de S\u00e3o Louren\u00e7o \u00e4r en annan intressant plats f\u00f6r f\u00e5gelfotografering som vi planerade f\u00f6r dig. Denna vattensamling \u00e4r rik p\u00e5 vattenv\u00e4xter, kantad av vass och buskar, och \u00e4r d\u00e4rf\u00f6r rik p\u00e5 avifauna.<\/p>\n<div id=\"attachment_2482\" style=\"width: 1034px\" class=\"wp-caption alignnone\"><img loading=\"lazy\" decoding=\"async\" aria-describedby=\"caption-attachment-2482\" class=\"wp-image-2482 size-large\" src=\"https:\/\/legendatours.net\/wp-content\/uploads\/2020\/06\/Marsh_Harrier-1024x683.jpg\" alt=\"Marsh Harrier, photo Peter Dedicoat\" width=\"1024\" height=\"683\" \/><p id=\"caption-attachment-2482\" class=\"wp-caption-text\">Marsh Harrier, foto Peter Dedicoat<\/p><\/div>\n<p>P\u00e5 vintern samlas ett stort antal \u00e4nder h\u00e4r, inklusive Northern Shoveler, Eurasian Teal, Common Pochard, Eurasian Wigeon och Tufted Duck.<\/p>\n<p>\u00c5ret runt hittar du R\u00f6dkammad Pochard, Little Bittern, Lila tr\u00e4skh\u00f6na, Svarthovad v\u00e4ver och Great Crested Grebe.<\/p>\n<p>I den s\u00f6dra \u00e4nden av sj\u00f6n ligger kanalerna, saltmarkerna, lagunerna och sandiga barri\u00e4r\u00f6arna i naturparken Ria Formosa som, beroende p\u00e5 tidvattnet och s\u00e4songen, kan vrimla av vadare, m\u00e5sar, h\u00e4grar och h\u00e4grar.<\/p>\n<div id=\"attachment_1723\" style=\"width: 1034px\" class=\"wp-caption alignnone\"><img loading=\"lazy\" decoding=\"async\" aria-describedby=\"caption-attachment-1723\" class=\"wp-image-1723 size-large\" title=\"Glansigt Ibis\" src=\"https:\/\/legendatours.net\/wp-content\/uploads\/2020\/03\/Glossy-Ibis-1024x683.jpg\" alt=\"Glossy Ibis\" width=\"1024\" height=\"683\" \/><p id=\"caption-attachment-1723\" class=\"wp-caption-text\"><a href=\"..\/..\/?s=Glossy+Ibis\" target=\"_blank\" rel=\"noopener noreferrer\">Glansigt Ibis<\/a>, F\u00f6r ungef\u00e4r 15 \u00e5r sedan s\u00e5gs endast singelblanka Ibis i Algarve och sp\u00e4nnande f\u00e4ltornitologer varje g\u00e5ng. Sedan dess \u00e4r de mycket skyddade.<\/p><\/div>\n<p>I Ludo, i de livliga saltproducerande g\u00e5rdarna, \u00e4r det m\u00f6jligt att se Greater Flamingo, Eurasian Spoonbill, Booted Eagles och m\u00e5nga h\u00e4ckande vita storkar.<\/p>\n<p>Du beger dig sedan till det avl\u00e4gsna sydv\u00e4stra h\u00f6rnet av Europa, till Sagres, i Sudoeste Alentejano e Costa Vicentina Natural Park.<\/p>\n<div id=\"attachment_1760\" style=\"width: 1034px\" class=\"wp-caption alignnone\"><img loading=\"lazy\" decoding=\"async\" aria-describedby=\"caption-attachment-1760\" class=\"size-full wp-image-1760\" src=\"https:\/\/legendatours.net\/wp-content\/uploads\/2020\/03\/Eurasian-Teal-e1611676784238.jpg\" alt=\"Eurasian Teal photo Peter Dedicoat\" width=\"1024\" height=\"683\" \/><p id=\"caption-attachment-1760\" class=\"wp-caption-text\">Eurasian Teal, (Anas crecca) foto Peter Dedicoat<\/p><\/div>\n<p>Detta \u00e4r ett omr\u00e5de av s\u00e4rskild vikt f\u00f6r flyttf\u00e5glar, och det \u00e4r alltid l\u00e4mpligt att h\u00e5lla utkik efter s\u00e4llsyntheten.<\/p>\n<p>Fr\u00e5n ditt centrala och privilegierade l\u00e4ge i Albufeira kommer du att kunna njuta av en m\u00e4ngd olika f\u00e5gelsk\u00e5dningspunkter inom olika livsmilj\u00f6er i denna fantastiska f\u00e5gelsk\u00e5dningsupplevelse!<\/p>\n<p>Denna sj\u00e4lvk\u00f6rande f\u00e5gelsk\u00e5dningsturn\u00e9 r\u00e4knas med en ledig dag. Du kan utforska andra delar av Algarve p\u00e5 fritiden och l\u00e4ra dig lite mer om regionens kultur, arv och naturhistoria.<\/p>\n<div class=\"row\">\n<div class=\"column\" style=\"flex: 45%\">\n<p><iframe loading=\"lazy\" title=\"Castro Marim\" width=\"1080\" height=\"608\" src=\"https:\/\/www.youtube.com\/embed\/sbJjXvbNWho?list=PL_6Umd8jb1qvBUfpmdNirAfZNGPDknjjw\" frameborder=\"0\" allow=\"accelerometer; autoplay; clipboard-write; encrypted-media; gyroscope; picture-in-picture\" allowfullscreen><\/iframe><\/p>\n<\/div>\n<div class=\"column\" style=\"flex: 10%\"><\/div>\n<div class=\"column\" style=\"flex: 45%\">\n<p><iframe loading=\"lazy\" title=\"F\u00e5glar i s\u00f6dra Portugal\" width=\"1080\" height=\"608\" src=\"https:\/\/www.youtube.com\/embed\/q4ezd_AIbYM?feature=oembed\" frameborder=\"0\" allow=\"accelerometer; autoplay; clipboard-write; encrypted-media; gyroscope; picture-in-picture\" allowfullscreen><\/iframe><\/p>\n<\/div>\n<\/div>","protected":false},"excerpt":{"rendered":"<p>\u00c4ven om den \u00e4r k\u00e4nd f\u00f6r att vara en badort med ett underbart klimat \u00e5ret runt, \u00e4r Algarve ocks\u00e5 en fristad och en fristad f\u00f6r f\u00e5gelliv.<\/p>\n<p>V\u00e4stalgarven har mycket olika livsmilj\u00f6er-fr\u00e5n klippor till kustn\u00e4ra v\u00e5tmarker och fr\u00e5n sm\u00e5 skogsomr\u00e5den till buskbekl\u00e4dda kullar. N\u00e4r som helst p\u00e5 \u00e5ret finns det n\u00e5got av intresse att se!<\/p>\n<p>I denna personliga sj\u00e4lvk\u00f6rande f\u00e5gelsk\u00e5dningstur presenterar vi en samling resv\u00e4gar till f\u00e5gelsk\u00e5dningspunkter, som syftar till att hj\u00e4lpa dig att f\u00e5 de b\u00e4sta f\u00e5gelsk\u00e5dningsm\u00f6jligheterna!<\/p>","protected":false},"featured_media":8019,"comment_status":"closed","ping_status":"closed","template":"","meta":{"_acf_changed":false,"inline_featured_image":false},"product_brand":[],"product_cat":[327,778,301],"product_tag":[147,306,424,425,997,428,429,430,431,432,433,436,437,438,439,440,441,442,779,160,313,443,444,445,446,447,448,449,162,397,450,60,451,452,453,454,455,168,463,169,456,319,320,328,780,777,781,322,457,173,324,68,177,325,326,785,458,459],"class_list":{"0":"post-8033","1":"product","2":"type-product","3":"status-publish","4":"has-post-thumbnail","6":"product_cat-self-drive-holidays-portugal","7":"product_cat-portugal-self-guided-birdwatching-holidays","8":"product_cat-self-guided-tours-portugal","9":"product_tag-algarve","10":"product_tag-alleine-reisen","11":"product_tag-best-birding-spots","12":"product_tag-best-of-the-algarvian-bird-life","13":"product_tag-bird-watching-holidays","14":"product_tag-bird-watching","15":"product_tag-birding","16":"product_tag-birding-algarve","17":"product_tag-birds","18":"product_tag-birdwatchers-paradise","19":"product_tag-birdwatching","20":"product_tag-black-tailed-godwits","21":"product_tag-black-winged-kite","22":"product_tag-blackheaded-weaver","23":"product_tag-booted-eagles","24":"product_tag-collared-pratincole","25":"product_tag-european-bee-eater","26":"product_tag-ferruginous-duck","27":"product_tag-fly-drive","28":"product_tag-holidays","29":"product_tag-individuelle-touren","30":"product_tag-kentish-plover","31":"product_tag-little-bittern","32":"product_tag-little-stints","33":"product_tag-little-tern","34":"product_tag-marsh-harriers","35":"product_tag-migratory-birds","36":"product_tag-nature-observation","37":"product_tag-nature-walks","38":"product_tag-observe-birds","39":"product_tag-penduline-tits","40":"product_tag-portugal","41":"product_tag-purple-heron","42":"product_tag-purple-swamp-hen","43":"product_tag-ramsar","44":"product_tag-red-crested-pochard","45":"product_tag-red-necked-nightjar","46":"product_tag-ria-formosa","47":"product_tag-ria-formosa-birdwatching","48":"product_tag-ria-formosa-natural-park","49":"product_tag-ringed-plovers","50":"product_tag-sejour-en-liberte","51":"product_tag-self-guide-tour","52":"product_tag-self-guided","53":"product_tag-self-guided-birdwatching","54":"product_tag-self-guided-holidays","55":"product_tag-self-guided-tours","56":"product_tag-solo-reisen","57":"product_tag-southern-grey-shrikes","58":"product_tag-sunny-winters","59":"product_tag-tours-autoguidees","60":"product_tag-tours-in-portugal","61":"product_tag-vacations","62":"product_tag-voyage-en-liberte","63":"product_tag-voyages-en-autonomie","64":"product_tag-wildlife-algarve","65":"product_tag-wintering-birds","66":"product_tag-woodchat","68":"first","69":"instock","70":"virtual","71":"product-type-simple"},"acf":[],"yoast_head":"<!-- This site is optimized with the Yoast SEO Premium plugin v26.8 (Yoast SEO v27.4) - https:\/\/yoast.com\/product\/yoast-seo-premium-wordpress\/ -->\n<title>Birding Holiday in Coastal West Algarve - Legendary Adventure DMC Portugal<\/title>\n<meta name=\"description\" content=\"An enjoyable Birdwatching Tour, no matter your level of birding ability and expertise. Focus on the Ria Formosa Park and in the Castro Marim Nature Reserve.\" \/>\n<meta name=\"robots\" content=\"index, follow, max-snippet:-1, max-image-preview:large, max-video-preview:-1\" \/>\n<link rel=\"canonical\" href=\"https:\/\/legendatours.com\/sv\/produkt\/birding-in-coastal-west-algarve-3400s\/\" \/>\n<meta property=\"og:locale\" content=\"sv_SE\" \/>\n<meta property=\"og:type\" content=\"article\" \/>\n<meta property=\"og:title\" content=\"Birding Holiday in Coastal West Algarve\" \/>\n<meta property=\"og:description\" content=\"An enjoyable Birdwatching Tour, no matter your level of birding ability and expertise. Focus on the Ria Formosa Park and in the Castro Marim Nature Reserve.\" \/>\n<meta property=\"og:url\" content=\"https:\/\/legendatours.com\/sv\/produkt\/birding-in-coastal-west-algarve-3400s\/\" \/>\n<meta property=\"og:site_name\" content=\"Legendary Adventure DMC Portugal\" \/>\n<meta property=\"article:publisher\" content=\"https:\/\/www.facebook.com\/legendaryadventuredmc\/\" \/>\n<meta property=\"article:modified_time\" content=\"2025-03-03T17:15:50+00:00\" \/>\n<meta property=\"og:image\" content=\"https:\/\/legendatours.com\/wp-content\/uploads\/sites\/12\/2021\/04\/LittleBustard.jpg\" \/>\n\t<meta property=\"og:image:width\" content=\"1200\" \/>\n\t<meta property=\"og:image:height\" content=\"800\" \/>\n\t<meta property=\"og:image:type\" content=\"image\/jpeg\" \/>\n<meta name=\"twitter:card\" content=\"summary_large_image\" \/>\n<meta name=\"twitter:label1\" content=\"Ber\u00e4knad l\u00e4stid\" \/>\n\t<meta name=\"twitter:data1\" content=\"3 minuter\" \/>\n<script type=\"application\/ld+json\" class=\"yoast-schema-graph\">{\"@context\":\"https:\\\/\\\/schema.org\",\"@graph\":[{\"@type\":\"WebPage\",\"@id\":\"https:\\\/\\\/legendatours.com\\\/product\\\/birding-in-coastal-west-algarve-3400s\\\/\",\"url\":\"https:\\\/\\\/legendatours.com\\\/product\\\/birding-in-coastal-west-algarve-3400s\\\/\",\"name\":\"Birding Holiday in Coastal West Algarve - Legendary Adventure DMC Portugal\",\"isPartOf\":{\"@id\":\"https:\\\/\\\/legendatours.com\\\/#website\"},\"primaryImageOfPage\":{\"@id\":\"https:\\\/\\\/legendatours.com\\\/product\\\/birding-in-coastal-west-algarve-3400s\\\/#primaryimage\"},\"image\":{\"@id\":\"https:\\\/\\\/legendatours.com\\\/product\\\/birding-in-coastal-west-algarve-3400s\\\/#primaryimage\"},\"thumbnailUrl\":\"https:\\\/\\\/legendatours.com\\\/wp-content\\\/uploads\\\/sites\\\/12\\\/2021\\\/04\\\/LittleBustard.jpg\",\"datePublished\":\"2020-06-15T10:06:10+00:00\",\"dateModified\":\"2025-03-03T17:15:50+00:00\",\"description\":\"An enjoyable Birdwatching Tour, no matter your level of birding ability and expertise. Focus on the Ria Formosa Park and in the Castro Marim Nature Reserve.\",\"breadcrumb\":{\"@id\":\"https:\\\/\\\/legendatours.com\\\/product\\\/birding-in-coastal-west-algarve-3400s\\\/#breadcrumb\"},\"inLanguage\":\"sv-SE\",\"potentialAction\":[{\"@type\":\"ReadAction\",\"target\":[\"https:\\\/\\\/legendatours.com\\\/product\\\/birding-in-coastal-west-algarve-3400s\\\/\"]}]},{\"@type\":\"ImageObject\",\"inLanguage\":\"sv-SE\",\"@id\":\"https:\\\/\\\/legendatours.com\\\/product\\\/birding-in-coastal-west-algarve-3400s\\\/#primaryimage\",\"url\":\"https:\\\/\\\/legendatours.com\\\/wp-content\\\/uploads\\\/sites\\\/12\\\/2021\\\/04\\\/LittleBustard.jpg\",\"contentUrl\":\"https:\\\/\\\/legendatours.com\\\/wp-content\\\/uploads\\\/sites\\\/12\\\/2021\\\/04\\\/LittleBustard.jpg\",\"width\":1200,\"height\":800,\"caption\":\"Little Bustard, photo Peter Dedicoat\"},{\"@type\":\"BreadcrumbList\",\"@id\":\"https:\\\/\\\/legendatours.com\\\/product\\\/birding-in-coastal-west-algarve-3400s\\\/#breadcrumb\",\"itemListElement\":[{\"@type\":\"ListItem\",\"position\":1,\"name\":\"Home\",\"item\":\"https:\\\/\\\/legendatours.com\\\/\"},{\"@type\":\"ListItem\",\"position\":2,\"name\":\"Shop\",\"item\":\"https:\\\/\\\/legendatours.com\\\/sv\\\/?page_id=4\"},{\"@type\":\"ListItem\",\"position\":3,\"name\":\"Birdwatching and Wildlife Tour in the Ria Formosa is a Self-Guided Tour with Car designed by keen local birders. Rightly famed for its golden beaches, golf courses, and wonderful year-round climate, the Algarve is also a secret destination for great birding. At almost any time of the year, there is something of interest to see!\"}]},{\"@type\":\"WebSite\",\"@id\":\"https:\\\/\\\/legendatours.com\\\/#website\",\"url\":\"https:\\\/\\\/legendatours.com\\\/\",\"name\":\"Legendary Adventure DMC Portugal\",\"description\":\"Responsible Walking &amp; Nature Holidays in Portugal\",\"publisher\":{\"@id\":\"https:\\\/\\\/legendatours.com\\\/#organization\"},\"alternateName\":\"Legendary Adventure Portugal\",\"potentialAction\":[{\"@type\":\"SearchAction\",\"target\":{\"@type\":\"EntryPoint\",\"urlTemplate\":\"https:\\\/\\\/legendatours.com\\\/?s={search_term_string}\"},\"query-input\":{\"@type\":\"PropertyValueSpecification\",\"valueRequired\":true,\"valueName\":\"search_term_string\"}}],\"inLanguage\":\"sv-SE\"},{\"@type\":\"Organization\",\"@id\":\"https:\\\/\\\/legendatours.com\\\/#organization\",\"name\":\"legendatours.com\",\"url\":\"https:\\\/\\\/legendatours.com\\\/\",\"logo\":{\"@type\":\"ImageObject\",\"inLanguage\":\"sv-SE\",\"@id\":\"https:\\\/\\\/legendatours.com\\\/#\\\/schema\\\/logo\\\/image\\\/\",\"url\":\"https:\\\/\\\/legendatours.com\\\/wp-content\\\/uploads\\\/sites\\\/12\\\/2021\\\/06\\\/legendary_adventure_dmc.png\",\"contentUrl\":\"https:\\\/\\\/legendatours.com\\\/wp-content\\\/uploads\\\/sites\\\/12\\\/2021\\\/06\\\/legendary_adventure_dmc.png\",\"width\":250,\"height\":74,\"caption\":\"legendatours.com\"},\"image\":{\"@id\":\"https:\\\/\\\/legendatours.com\\\/#\\\/schema\\\/logo\\\/image\\\/\"},\"sameAs\":[\"https:\\\/\\\/www.facebook.com\\\/legendaryadventuredmc\\\/\",\"https:\\\/\\\/www.linkedin.com\\\/company\\\/legendary-adventure-dmc-portugal\",\"https:\\\/\\\/www.youtube.com\\\/channel\\\/UCOIRDx_KM6ynIcacQkZjb6g\"]}]}<\/script>\n<!-- \/ Yoast SEO Premium plugin. -->","yoast_head_json":{"title":"F\u00e5gelsk\u00e5dning i kustv\u00e4stra Algarve - Legendariskt \u00e4ventyr DMC Portugal","description":"En trevlig f\u00e5gelsk\u00e5dningstur, oavsett din niv\u00e5 av f\u00e5gelsk\u00e5dningsf\u00f6rm\u00e5ga och expertis. Fokusera p\u00e5 Ria Formosa-parken och i naturreservatet Castro Marim.","robots":{"index":"index","follow":"follow","max-snippet":"max-snippet:-1","max-image-preview":"max-image-preview:large","max-video-preview":"max-video-preview:-1"},"canonical":"https:\/\/legendatours.com\/sv\/produkt\/birding-in-coastal-west-algarve-3400s\/","og_locale":"sv_SE","og_type":"article","og_title":"Birding Holiday in Coastal West Algarve","og_description":"An enjoyable Birdwatching Tour, no matter your level of birding ability and expertise. Focus on the Ria Formosa Park and in the Castro Marim Nature Reserve.","og_url":"https:\/\/legendatours.com\/sv\/produkt\/birding-in-coastal-west-algarve-3400s\/","og_site_name":"Legendary Adventure DMC Portugal","article_publisher":"https:\/\/www.facebook.com\/legendaryadventuredmc\/","article_modified_time":"2025-03-03T17:15:50+00:00","og_image":[{"width":1200,"height":800,"url":"https:\/\/legendatours.com\/wp-content\/uploads\/sites\/12\/2021\/04\/LittleBustard.jpg","type":"image\/jpeg"}],"twitter_card":"summary_large_image","twitter_misc":{"Ber\u00e4knad l\u00e4stid":"3 minuter"},"schema":{"@context":"https:\/\/schema.org","@graph":[{"@type":"WebPage","@id":"https:\/\/legendatours.com\/product\/birding-in-coastal-west-algarve-3400s\/","url":"https:\/\/legendatours.com\/product\/birding-in-coastal-west-algarve-3400s\/","name":"F\u00e5gelsk\u00e5dning i kustv\u00e4stra Algarve - Legendariskt \u00e4ventyr DMC Portugal","isPartOf":{"@id":"https:\/\/legendatours.com\/#website"},"primaryImageOfPage":{"@id":"https:\/\/legendatours.com\/product\/birding-in-coastal-west-algarve-3400s\/#primaryimage"},"image":{"@id":"https:\/\/legendatours.com\/product\/birding-in-coastal-west-algarve-3400s\/#primaryimage"},"thumbnailUrl":"https:\/\/legendatours.com\/wp-content\/uploads\/sites\/12\/2021\/04\/LittleBustard.jpg","datePublished":"2020-06-15T10:06:10+00:00","dateModified":"2025-03-03T17:15:50+00:00","description":"En trevlig f\u00e5gelsk\u00e5dningstur, oavsett din niv\u00e5 av f\u00e5gelsk\u00e5dningsf\u00f6rm\u00e5ga och expertis. Fokusera p\u00e5 Ria Formosa-parken och i naturreservatet Castro Marim.","breadcrumb":{"@id":"https:\/\/legendatours.com\/product\/birding-in-coastal-west-algarve-3400s\/#breadcrumb"},"inLanguage":"sv-SE","potentialAction":[{"@type":"ReadAction","target":["https:\/\/legendatours.com\/product\/birding-in-coastal-west-algarve-3400s\/"]}]},{"@type":"ImageObject","inLanguage":"sv-SE","@id":"https:\/\/legendatours.com\/product\/birding-in-coastal-west-algarve-3400s\/#primaryimage","url":"https:\/\/legendatours.com\/wp-content\/uploads\/sites\/12\/2021\/04\/LittleBustard.jpg","contentUrl":"https:\/\/legendatours.com\/wp-content\/uploads\/sites\/12\/2021\/04\/LittleBustard.jpg","width":1200,"height":800,"caption":"Little Bustard, photo Peter Dedicoat"},{"@type":"BreadcrumbList","@id":"https:\/\/legendatours.com\/product\/birding-in-coastal-west-algarve-3400s\/#breadcrumb","itemListElement":[{"@type":"ListItem","position":1,"name":"Home","item":"https:\/\/legendatours.com\/"},{"@type":"ListItem","position":2,"name":"Shop","item":"https:\/\/legendatours.com\/sv\/?page_id=4"},{"@type":"ListItem","position":3,"name":"Birdwatching and Wildlife Tour in the Ria Formosa is a Self-Guided Tour with Car designed by keen local birders. Rightly famed for its golden beaches, golf courses, and wonderful year-round climate, the Algarve is also a secret destination for great birding. At almost any time of the year, there is something of interest to see!"}]},{"@type":"WebSite","@id":"https:\/\/legendatours.com\/#website","url":"https:\/\/legendatours.com\/","name":"Legendariskt \u00e4ventyr DMC Portugal","description":"Ansvarsfulla vandringar och natursemester i Portugal","publisher":{"@id":"https:\/\/legendatours.com\/#organization"},"alternateName":"Legendary Adventure Portugal","potentialAction":[{"@type":"SearchAction","target":{"@type":"EntryPoint","urlTemplate":"https:\/\/legendatours.com\/?s={search_term_string}"},"query-input":{"@type":"PropertyValueSpecification","valueRequired":true,"valueName":"search_term_string"}}],"inLanguage":"sv-SE"},{"@type":"Organization","@id":"https:\/\/legendatours.com\/#organization","name":"legendatours.com","url":"https:\/\/legendatours.com\/","logo":{"@type":"ImageObject","inLanguage":"sv-SE","@id":"https:\/\/legendatours.com\/#\/schema\/logo\/image\/","url":"https:\/\/legendatours.com\/wp-content\/uploads\/sites\/12\/2021\/06\/legendary_adventure_dmc.png","contentUrl":"https:\/\/legendatours.com\/wp-content\/uploads\/sites\/12\/2021\/06\/legendary_adventure_dmc.png","width":250,"height":74,"caption":"legendatours.com"},"image":{"@id":"https:\/\/legendatours.com\/#\/schema\/logo\/image\/"},"sameAs":["https:\/\/www.facebook.com\/legendaryadventuredmc\/","https:\/\/www.linkedin.com\/company\/legendary-adventure-dmc-portugal","https:\/\/www.youtube.com\/channel\/UCOIRDx_KM6ynIcacQkZjb6g"]}]}},"_links":{"self":[{"href":"https:\/\/legendatours.com\/sv\/wp-json\/wp\/v2\/product\/8033","targetHints":{"allow":["GET"]}}],"collection":[{"href":"https:\/\/legendatours.com\/sv\/wp-json\/wp\/v2\/product"}],"about":[{"href":"https:\/\/legendatours.com\/sv\/wp-json\/wp\/v2\/types\/product"}],"replies":[{"embeddable":true,"href":"https:\/\/legendatours.com\/sv\/wp-json\/wp\/v2\/comments?post=8033"}],"wp:featuredmedia":[{"embeddable":true,"href":"https:\/\/legendatours.com\/sv\/wp-json\/wp\/v2\/media\/8019"}],"wp:attachment":[{"href":"https:\/\/legendatours.com\/sv\/wp-json\/wp\/v2\/media?parent=8033"}],"wp:term":[{"taxonomy":"product_brand","embeddable":true,"href":"https:\/\/legendatours.com\/sv\/wp-json\/wp\/v2\/product_brand?post=8033"},{"taxonomy":"product_cat","embeddable":true,"href":"https:\/\/legendatours.com\/sv\/wp-json\/wp\/v2\/product_cat?post=8033"},{"taxonomy":"product_tag","embeddable":true,"href":"https:\/\/legendatours.com\/sv\/wp-json\/wp\/v2\/product_tag?post=8033"}],"curies":[{"name":"wp","href":"https:\/\/api.w.org\/{rel}","templated":true}]}}