{"id":8050,"date":"2020-06-12T14:18:42","date_gmt":"2020-06-12T14:18:42","guid":{"rendered":"https:\/\/legendatours.com\/product\/explore-vilamoura\/"},"modified":"2021-08-13T09:25:54","modified_gmt":"2021-08-13T09:25:54","slug":"explore-vilamoura-11700pk","status":"publish","type":"product","link":"https:\/\/legendatours.com\/sv\/produkt\/explore-vilamoura-11700pk\/","title":{"rendered":"Utforska Vilamoura"},"content":{"rendered":"<p>Vilamoura \u00e4r en glamor\u00f6s badort byggd fr\u00e5n grunden med en sak i \u00e5tanke: semester!<\/p>\n<p>Livet i Vilamoura snurrar runt den exklusiva sm\u00e5b\u00e5tshamnen, kantad av eleganta yachter och naturligtvis str\u00e4nderna, d\u00e4r du kommer att bli bortsk\u00e4md med fler fritids- och avkopplingsm\u00f6jligheter du kan beg\u00e4ra!<\/p>\n<p>I n\u00e4rheten finns kulturella, historiska och naturliga attraktioner att uppleva.<\/p>\n<div id=\"attachment_2461\" style=\"width: 1034px\" class=\"wp-caption alignnone\"><img loading=\"lazy\" decoding=\"async\" aria-describedby=\"caption-attachment-2461\" class=\"wp-image-2461 size-large\" title=\"Vilamoura marina b\u00e5tar\" src=\"https:\/\/legendatours.net\/wp-content\/uploads\/2020\/06\/vilamoura_marina_boats-1024x683.jpg\" alt=\"Vilamoura marina boats\" width=\"1024\" height=\"683\" \/><p id=\"caption-attachment-2461\" class=\"wp-caption-text\">Vilamoura marina b\u00e5tar<\/p><\/div>\n<p>Vilamoura Marina \u00e4r fylld med eleganta barer, butiker och restauranger f\u00f6r alla smaker och \u00e4r k\u00e4rnan i resortens optimistiska sociala liv.<\/p>\n<p>N\u00e4r det g\u00e4ller str\u00e4nderna, i b\u00e5da riktningarna du v\u00e4nder, finns det stora str\u00e4ckor av gyllene sand med varmt vatten att v\u00e4lja mellan, som erbjuder massor av aktiviteter, in och ut ur vattnet.<\/p>\n<p>Alla med enkel \u00e5tkomst, vilket inneb\u00e4r ett bra alternativ f\u00f6r personer med begr\u00e4nsad r\u00f6rlighet, str\u00e4nderna har de vanliga barerna med solnedg\u00e5ngsfester, kaf\u00e9er f\u00f6r m\u00e5ltider och f\u00f6rfriskningar och solstolar och parasoll att hyra.<\/p>\n<p>Som v\u00e4ntat blir str\u00e4nderna inom g\u00e5ngavst\u00e5nd mycket sommar under sommaren. Men du m\u00e5ste bara g\u00e5 lite mer f\u00f6r att hitta en bekv\u00e4m plats!<\/p>\n<p>Du kommer inte bli besviken att l\u00e4gga din handduk i Quarteira, Vale do Lobo, Falesia eller en annan livlig strand i n\u00e4rheten, alla bel\u00f6nade med en bl\u00e5 flagga.<\/p>\n<p>I n\u00e4romr\u00e5dena har du de romerska ruinerna av en fiskeby med v\u00e4ggm\u00e5lningar och ett badkomplex.<\/p>\n<div id=\"attachment_2457\" style=\"width: 1034px\" class=\"wp-caption alignnone\"><img loading=\"lazy\" decoding=\"async\" aria-describedby=\"caption-attachment-2457\" class=\"wp-image-2457 size-large\" title=\"Vilamoura -stranden\" src=\"https:\/\/legendatours.net\/wp-content\/uploads\/2020\/06\/vilamoura_beach-1024x592.jpg\" alt=\"Vilamoura beach\" width=\"1024\" height=\"592\" \/><p id=\"caption-attachment-2457\" class=\"wp-caption-text\">Vilamoura -stranden<\/p><\/div>\n<p>I norr finns ett skyddat omr\u00e5de med v\u00e5tmarker, perfekt f\u00f6r naturaktiviteter och f\u00e5gelsk\u00e5dning.<\/p>\n<p>Vilamoura \u00e4r en v\u00e4lutrustad resort med alla m\u00f6jliga sportaktiviteter, fr\u00e5n ber\u00f6mda golfbanor till utomhustennisbanor.<\/p>\n<p>En halvtimmes bilresa tar dig till Faro, huvudstaden i Algarve, d\u00e4r du hittar en liten men ganska gammal stad, med storkbon p\u00e5 de spikade taken. Fr\u00e5n katedralens torn f\u00e5r du en fantastisk utsikt \u00f6ver staden och Ria Formosa.<\/p>\n<p>Ungef\u00e4r samtidigt tar du dig till Loul\u00e9, i bergen, f\u00f6r ett helt annat perspektiv p\u00e5 Algarve. Bes\u00f6k slottet fr\u00e5n 1200-talet och den livliga bondemarknaden.<\/p>\n<p>Oavsett vilken tid p\u00e5 \u00e5ret du v\u00e4ljer att bes\u00f6ka Vilamoura hittar du en trevlig och intressant upplevelse med str\u00e4nder i v\u00e4rldsklass och mycket roligt!<\/p>","protected":false},"excerpt":{"rendered":"<p>Vilamoura \u00e4r en glamor\u00f6s badort byggd fr\u00e5n grunden med en sak i \u00e5tanke: semester!<\/p>\n<p>Livet i Vilamoura snurrar runt den exklusiva sm\u00e5b\u00e5tshamnen, kantad av eleganta yachter och naturligtvis str\u00e4nderna, d\u00e4r du kommer att bli bortsk\u00e4md med fler fritids- och avkopplingsm\u00f6jligheter du kan beg\u00e4ra!<\/p>\n<p>I n\u00e4rheten finns kulturella, historiska och naturliga attraktioner att uppleva.<\/p>","protected":false},"featured_media":8034,"comment_status":"closed","ping_status":"closed","template":"","meta":{"_acf_changed":false,"inline_featured_image":false},"product_brand":[],"product_cat":[687,686],"product_tag":[147,367,36,130,46,50,195,160,270,782,783,692,228,677,693,694,695,784,546,785],"class_list":{"0":"post-8050","1":"product","2":"type-product","3":"status-publish","4":"has-post-thumbnail","6":"product_cat-explore-11-days-tour-portugal","7":"product_cat-holiday-packs-tours-portugal","8":"product_tag-algarve","9":"product_tag-algarve-city","10":"product_tag-cultural-heritage","11":"product_tag-gastronomy","12":"product_tag-gastronomy-and-wines","13":"product_tag-historic","14":"product_tag-history-and-heritage","15":"product_tag-holidays","16":"product_tag-lagos","17":"product_tag-night","18":"product_tag-praia-da-falesia","19":"product_tag-sandy-beach","20":"product_tag-sightseeing","21":"product_tag-spring","22":"product_tag-summer","23":"product_tag-sun-beach","24":"product_tag-sunny-days","25":"product_tag-vilamoura","26":"product_tag-wildlife","27":"product_tag-wildlife-algarve","29":"first","30":"instock","31":"virtual","32":"product-type-simple"},"acf":[],"yoast_head":"<!-- This site is optimized with the Yoast SEO Premium plugin v26.8 (Yoast SEO v27.4) - https:\/\/yoast.com\/product\/yoast-seo-premium-wordpress\/ -->\n<title>Explore Vilamoura - Legendary Adventure DMC Portugal<\/title>\n<meta name=\"description\" content=\"The Island of Tavira has a long sandy beach and salinas that attract flamingos, spoonbills and other wading birds. In the centre, the medieval castle of Tavira offers views of the city. The Church of Santa Maria do Castelo houses the tombs of 7 knights killed by the Moors.\" \/>\n<meta name=\"robots\" content=\"index, follow, max-snippet:-1, max-image-preview:large, max-video-preview:-1\" \/>\n<link rel=\"canonical\" href=\"https:\/\/legendatours.com\/sv\/produkt\/explore-vilamoura-11700pk\/\" \/>\n<meta property=\"og:locale\" content=\"sv_SE\" \/>\n<meta property=\"og:type\" content=\"article\" \/>\n<meta property=\"og:title\" content=\"Explore Vilamoura\" \/>\n<meta property=\"og:description\" content=\"The Island of Tavira has a long sandy beach and salinas that attract flamingos, spoonbills and other wading birds. In the centre, the medieval castle of Tavira offers views of the city. The Church of Santa Maria do Castelo houses the tombs of 7 knights killed by the Moors.\" \/>\n<meta property=\"og:url\" content=\"https:\/\/legendatours.com\/sv\/produkt\/explore-vilamoura-11700pk\/\" \/>\n<meta property=\"og:site_name\" content=\"Legendary Adventure DMC Portugal\" \/>\n<meta property=\"article:publisher\" content=\"https:\/\/www.facebook.com\/legendaryadventuredmc\/\" \/>\n<meta property=\"article:modified_time\" content=\"2021-08-13T09:25:54+00:00\" \/>\n<meta property=\"og:image\" content=\"https:\/\/legendatours.com\/wp-content\/uploads\/sites\/12\/2021\/04\/vilamoura_marina_boats.jpg\" \/>\n\t<meta property=\"og:image:width\" content=\"1200\" \/>\n\t<meta property=\"og:image:height\" content=\"800\" \/>\n\t<meta property=\"og:image:type\" content=\"image\/jpeg\" \/>\n<meta name=\"twitter:card\" content=\"summary_large_image\" \/>\n<meta name=\"twitter:label1\" content=\"Ber\u00e4knad l\u00e4stid\" \/>\n\t<meta name=\"twitter:data1\" content=\"2 minuter\" \/>\n<script type=\"application\/ld+json\" class=\"yoast-schema-graph\">{\"@context\":\"https:\\\/\\\/schema.org\",\"@graph\":[{\"@type\":\"WebPage\",\"@id\":\"https:\\\/\\\/legendatours.com\\\/product\\\/explore-vilamoura-11700pk\\\/\",\"url\":\"https:\\\/\\\/legendatours.com\\\/product\\\/explore-vilamoura-11700pk\\\/\",\"name\":\"Explore Vilamoura - Legendary Adventure DMC Portugal\",\"isPartOf\":{\"@id\":\"https:\\\/\\\/legendatours.com\\\/#website\"},\"primaryImageOfPage\":{\"@id\":\"https:\\\/\\\/legendatours.com\\\/product\\\/explore-vilamoura-11700pk\\\/#primaryimage\"},\"image\":{\"@id\":\"https:\\\/\\\/legendatours.com\\\/product\\\/explore-vilamoura-11700pk\\\/#primaryimage\"},\"thumbnailUrl\":\"https:\\\/\\\/legendatours.com\\\/wp-content\\\/uploads\\\/sites\\\/12\\\/2021\\\/04\\\/vilamoura_marina_boats.jpg\",\"datePublished\":\"2020-06-12T14:18:42+00:00\",\"dateModified\":\"2021-08-13T09:25:54+00:00\",\"description\":\"The Island of Tavira has a long sandy beach and salinas that attract flamingos, spoonbills and other wading birds. In the centre, the medieval castle of Tavira offers views of the city. The Church of Santa Maria do Castelo houses the tombs of 7 knights killed by the Moors.\",\"breadcrumb\":{\"@id\":\"https:\\\/\\\/legendatours.com\\\/product\\\/explore-vilamoura-11700pk\\\/#breadcrumb\"},\"inLanguage\":\"sv-SE\",\"potentialAction\":[{\"@type\":\"ReadAction\",\"target\":[\"https:\\\/\\\/legendatours.com\\\/product\\\/explore-vilamoura-11700pk\\\/\"]}]},{\"@type\":\"ImageObject\",\"inLanguage\":\"sv-SE\",\"@id\":\"https:\\\/\\\/legendatours.com\\\/product\\\/explore-vilamoura-11700pk\\\/#primaryimage\",\"url\":\"https:\\\/\\\/legendatours.com\\\/wp-content\\\/uploads\\\/sites\\\/12\\\/2021\\\/04\\\/vilamoura_marina_boats.jpg\",\"contentUrl\":\"https:\\\/\\\/legendatours.com\\\/wp-content\\\/uploads\\\/sites\\\/12\\\/2021\\\/04\\\/vilamoura_marina_boats.jpg\",\"width\":1200,\"height\":800,\"caption\":\"Vilamoura marina boats\"},{\"@type\":\"BreadcrumbList\",\"@id\":\"https:\\\/\\\/legendatours.com\\\/product\\\/explore-vilamoura-11700pk\\\/#breadcrumb\",\"itemListElement\":[{\"@type\":\"ListItem\",\"position\":1,\"name\":\"Home\",\"item\":\"https:\\\/\\\/legendatours.com\\\/\"},{\"@type\":\"ListItem\",\"position\":2,\"name\":\"Shop\",\"item\":\"https:\\\/\\\/legendatours.com\\\/sv\\\/?page_id=4\"},{\"@type\":\"ListItem\",\"position\":3,\"name\":\"The Island of Tavira has a long sandy beach and salinas that attract flamingos, spoonbills and other wading birds. In the centre, the medieval castle of Tavira offers views of the city. The Church of Santa Maria do Castelo houses the tombs of 7 knights killed by the Moors.\"}]},{\"@type\":\"WebSite\",\"@id\":\"https:\\\/\\\/legendatours.com\\\/#website\",\"url\":\"https:\\\/\\\/legendatours.com\\\/\",\"name\":\"Legendary Adventure DMC Portugal\",\"description\":\"Responsible Walking &amp; Nature Holidays in Portugal\",\"publisher\":{\"@id\":\"https:\\\/\\\/legendatours.com\\\/#organization\"},\"alternateName\":\"Legendary Adventure Portugal\",\"potentialAction\":[{\"@type\":\"SearchAction\",\"target\":{\"@type\":\"EntryPoint\",\"urlTemplate\":\"https:\\\/\\\/legendatours.com\\\/?s={search_term_string}\"},\"query-input\":{\"@type\":\"PropertyValueSpecification\",\"valueRequired\":true,\"valueName\":\"search_term_string\"}}],\"inLanguage\":\"sv-SE\"},{\"@type\":\"Organization\",\"@id\":\"https:\\\/\\\/legendatours.com\\\/#organization\",\"name\":\"legendatours.com\",\"url\":\"https:\\\/\\\/legendatours.com\\\/\",\"logo\":{\"@type\":\"ImageObject\",\"inLanguage\":\"sv-SE\",\"@id\":\"https:\\\/\\\/legendatours.com\\\/#\\\/schema\\\/logo\\\/image\\\/\",\"url\":\"https:\\\/\\\/legendatours.com\\\/wp-content\\\/uploads\\\/sites\\\/12\\\/2021\\\/06\\\/legendary_adventure_dmc.png\",\"contentUrl\":\"https:\\\/\\\/legendatours.com\\\/wp-content\\\/uploads\\\/sites\\\/12\\\/2021\\\/06\\\/legendary_adventure_dmc.png\",\"width\":250,\"height\":74,\"caption\":\"legendatours.com\"},\"image\":{\"@id\":\"https:\\\/\\\/legendatours.com\\\/#\\\/schema\\\/logo\\\/image\\\/\"},\"sameAs\":[\"https:\\\/\\\/www.facebook.com\\\/legendaryadventuredmc\\\/\",\"https:\\\/\\\/www.linkedin.com\\\/company\\\/legendary-adventure-dmc-portugal\",\"https:\\\/\\\/www.youtube.com\\\/channel\\\/UCOIRDx_KM6ynIcacQkZjb6g\"]}]}<\/script>\n<!-- \/ Yoast SEO Premium plugin. -->","yoast_head_json":{"title":"Utforska Vilamoura - Legendary Adventure DMC Portugal","description":"\u00d6n Tavira har en l\u00e5ng sandstrand och salina som lockar till sig flamingos, skedstorkar och andra vadarf\u00e5glar. I centrum erbjuder det medeltida slottet Tavira utsikt \u00f6ver staden. Kyrkan Santa Maria do Castelo hyser gravarna f\u00f6r 7 riddare som d\u00f6dats av morerna.","robots":{"index":"index","follow":"follow","max-snippet":"max-snippet:-1","max-image-preview":"max-image-preview:large","max-video-preview":"max-video-preview:-1"},"canonical":"https:\/\/legendatours.com\/sv\/produkt\/explore-vilamoura-11700pk\/","og_locale":"sv_SE","og_type":"article","og_title":"Explore Vilamoura","og_description":"The Island of Tavira has a long sandy beach and salinas that attract flamingos, spoonbills and other wading birds. In the centre, the medieval castle of Tavira offers views of the city. The Church of Santa Maria do Castelo houses the tombs of 7 knights killed by the Moors.","og_url":"https:\/\/legendatours.com\/sv\/produkt\/explore-vilamoura-11700pk\/","og_site_name":"Legendary Adventure DMC Portugal","article_publisher":"https:\/\/www.facebook.com\/legendaryadventuredmc\/","article_modified_time":"2021-08-13T09:25:54+00:00","og_image":[{"width":1200,"height":800,"url":"https:\/\/legendatours.com\/wp-content\/uploads\/sites\/12\/2021\/04\/vilamoura_marina_boats.jpg","type":"image\/jpeg"}],"twitter_card":"summary_large_image","twitter_misc":{"Ber\u00e4knad l\u00e4stid":"2 minuter"},"schema":{"@context":"https:\/\/schema.org","@graph":[{"@type":"WebPage","@id":"https:\/\/legendatours.com\/product\/explore-vilamoura-11700pk\/","url":"https:\/\/legendatours.com\/product\/explore-vilamoura-11700pk\/","name":"Utforska Vilamoura - Legendary Adventure DMC Portugal","isPartOf":{"@id":"https:\/\/legendatours.com\/#website"},"primaryImageOfPage":{"@id":"https:\/\/legendatours.com\/product\/explore-vilamoura-11700pk\/#primaryimage"},"image":{"@id":"https:\/\/legendatours.com\/product\/explore-vilamoura-11700pk\/#primaryimage"},"thumbnailUrl":"https:\/\/legendatours.com\/wp-content\/uploads\/sites\/12\/2021\/04\/vilamoura_marina_boats.jpg","datePublished":"2020-06-12T14:18:42+00:00","dateModified":"2021-08-13T09:25:54+00:00","description":"\u00d6n Tavira har en l\u00e5ng sandstrand och salina som lockar till sig flamingos, skedstorkar och andra vadarf\u00e5glar. I centrum erbjuder det medeltida slottet Tavira utsikt \u00f6ver staden. Kyrkan Santa Maria do Castelo hyser gravarna f\u00f6r 7 riddare som d\u00f6dats av morerna.","breadcrumb":{"@id":"https:\/\/legendatours.com\/product\/explore-vilamoura-11700pk\/#breadcrumb"},"inLanguage":"sv-SE","potentialAction":[{"@type":"ReadAction","target":["https:\/\/legendatours.com\/product\/explore-vilamoura-11700pk\/"]}]},{"@type":"ImageObject","inLanguage":"sv-SE","@id":"https:\/\/legendatours.com\/product\/explore-vilamoura-11700pk\/#primaryimage","url":"https:\/\/legendatours.com\/wp-content\/uploads\/sites\/12\/2021\/04\/vilamoura_marina_boats.jpg","contentUrl":"https:\/\/legendatours.com\/wp-content\/uploads\/sites\/12\/2021\/04\/vilamoura_marina_boats.jpg","width":1200,"height":800,"caption":"Vilamoura marina boats"},{"@type":"BreadcrumbList","@id":"https:\/\/legendatours.com\/product\/explore-vilamoura-11700pk\/#breadcrumb","itemListElement":[{"@type":"ListItem","position":1,"name":"Home","item":"https:\/\/legendatours.com\/"},{"@type":"ListItem","position":2,"name":"Shop","item":"https:\/\/legendatours.com\/sv\/?page_id=4"},{"@type":"ListItem","position":3,"name":"The Island of Tavira has a long sandy beach and salinas that attract flamingos, spoonbills and other wading birds. In the centre, the medieval castle of Tavira offers views of the city. The Church of Santa Maria do Castelo houses the tombs of 7 knights killed by the Moors."}]},{"@type":"WebSite","@id":"https:\/\/legendatours.com\/#website","url":"https:\/\/legendatours.com\/","name":"Legendariskt \u00e4ventyr DMC Portugal","description":"Ansvarsfulla vandringar och natursemester i Portugal","publisher":{"@id":"https:\/\/legendatours.com\/#organization"},"alternateName":"Legendary Adventure Portugal","potentialAction":[{"@type":"SearchAction","target":{"@type":"EntryPoint","urlTemplate":"https:\/\/legendatours.com\/?s={search_term_string}"},"query-input":{"@type":"PropertyValueSpecification","valueRequired":true,"valueName":"search_term_string"}}],"inLanguage":"sv-SE"},{"@type":"Organization","@id":"https:\/\/legendatours.com\/#organization","name":"legendatours.com","url":"https:\/\/legendatours.com\/","logo":{"@type":"ImageObject","inLanguage":"sv-SE","@id":"https:\/\/legendatours.com\/#\/schema\/logo\/image\/","url":"https:\/\/legendatours.com\/wp-content\/uploads\/sites\/12\/2021\/06\/legendary_adventure_dmc.png","contentUrl":"https:\/\/legendatours.com\/wp-content\/uploads\/sites\/12\/2021\/06\/legendary_adventure_dmc.png","width":250,"height":74,"caption":"legendatours.com"},"image":{"@id":"https:\/\/legendatours.com\/#\/schema\/logo\/image\/"},"sameAs":["https:\/\/www.facebook.com\/legendaryadventuredmc\/","https:\/\/www.linkedin.com\/company\/legendary-adventure-dmc-portugal","https:\/\/www.youtube.com\/channel\/UCOIRDx_KM6ynIcacQkZjb6g"]}]}},"_links":{"self":[{"href":"https:\/\/legendatours.com\/sv\/wp-json\/wp\/v2\/product\/8050","targetHints":{"allow":["GET"]}}],"collection":[{"href":"https:\/\/legendatours.com\/sv\/wp-json\/wp\/v2\/product"}],"about":[{"href":"https:\/\/legendatours.com\/sv\/wp-json\/wp\/v2\/types\/product"}],"replies":[{"embeddable":true,"href":"https:\/\/legendatours.com\/sv\/wp-json\/wp\/v2\/comments?post=8050"}],"wp:featuredmedia":[{"embeddable":true,"href":"https:\/\/legendatours.com\/sv\/wp-json\/wp\/v2\/media\/8034"}],"wp:attachment":[{"href":"https:\/\/legendatours.com\/sv\/wp-json\/wp\/v2\/media?parent=8050"}],"wp:term":[{"taxonomy":"product_brand","embeddable":true,"href":"https:\/\/legendatours.com\/sv\/wp-json\/wp\/v2\/product_brand?post=8050"},{"taxonomy":"product_cat","embeddable":true,"href":"https:\/\/legendatours.com\/sv\/wp-json\/wp\/v2\/product_cat?post=8050"},{"taxonomy":"product_tag","embeddable":true,"href":"https:\/\/legendatours.com\/sv\/wp-json\/wp\/v2\/product_tag?post=8050"}],"curies":[{"name":"wp","href":"https:\/\/api.w.org\/{rel}","templated":true}]}}