{"id":8069,"date":"2020-06-09T17:06:02","date_gmt":"2020-06-09T17:06:02","guid":{"rendered":"https:\/\/legendatours.com\/product\/explore-praia-da-rocha\/"},"modified":"2021-08-13T09:43:08","modified_gmt":"2021-08-13T09:43:08","slug":"explore-praia-da-rocha-11600pk","status":"publish","type":"product","link":"https:\/\/legendatours.com\/sv\/produkt\/explore-praia-da-rocha-11600pk\/","title":{"rendered":"Utforska Praia Da Rocha"},"content":{"rendered":"<p>Praia da Rochas stora sandremsa, omgiven av ockra och br\u00e4nda siennaklippor, \u00e4r en av Algarves mest ikoniska sev\u00e4rdheter.<\/p>\n<p>Det \u00e4r en idealisk plats att koppla av p\u00e5 stranden under dagen, njuta av god mat och vin och senare omfamna natten!<\/p>\n<p>Boka din vistelse f\u00f6r att uppleva en avkopplande semester p\u00e5 denna underbara stranddestination, n\u00e4ra en m\u00e4ngd olika sev\u00e4rdheter.<\/p>\n<div id=\"attachment_2428\" style=\"width: 1034px\" class=\"wp-caption alignnone\"><img loading=\"lazy\" decoding=\"async\" aria-describedby=\"caption-attachment-2428\" class=\"wp-image-2428 size-large\" src=\"https:\/\/legendatours.net\/wp-content\/uploads\/2020\/06\/Praia_rocha_low_season-1024x654.jpg\" alt=\"Praia da Rocha\" width=\"1024\" height=\"654\" \/><p id=\"caption-attachment-2428\" class=\"wp-caption-text\">Praia da Rocha<\/p><\/div>\n<p>Praia da Rocha ligger i v\u00e4stra Algarve, n\u00e4ra Portim\u00e3o. Det \u00e4r en klassisk semesterort med en exceptionell strand och en livlig atmosf\u00e4r. Beroende p\u00e5 s\u00e4song lockar staden olika bes\u00f6kare.<\/p>\n<p>Under sommaren \u00e4r Praia da Rocha i huvudsak ett familjesemester, med barn som \u00e4r v\u00e4lkomna n\u00e4stan \u00f6verallt, och en allm\u00e4n sp\u00e4nningsk\u00e4nsla, bra \u00e4ven f\u00f6r unga par.<\/p>\n<p>Utanf\u00f6r turists\u00e4songens h\u00f6jdpunkt hittar du en lugnare atmosf\u00e4r, som tilltalar mer mogna g\u00e4ster och letar efter en avkopplande semester.<\/p>\n<p>Alla slags underh\u00e5llning finns i Praia da Rocha, med n\u00e5got f\u00f6r alla, inklusive b\u00e5tturer, dagsutflykter, vattenparker, n\u00f6jesparker och sport p\u00e5 stranden.<\/p>\n<p>Det finns restauranger och barer f\u00f6r alla smaker, och nattlivet \u00e4r varierat och intressant. Medan huvudgatan \u00e4r fylld med livliga temabarer, terrasser och ett kasino, n\u00e4ra marinan hittar du en mer exklusiv och fashionabel atmosf\u00e4r.<\/p>\n<div id=\"attachment_1916\" style=\"width: 1034px\" class=\"wp-caption alignnone\"><img loading=\"lazy\" decoding=\"async\" aria-describedby=\"caption-attachment-1916\" class=\"wp-image-1916 size-large\" src=\"https:\/\/legendatours.net\/wp-content\/uploads\/2020\/03\/The-tranquil-beaches-of-Algarve-during-winter-1024x672.jpg\" alt=\"The tranquil beaches of Algarve\" width=\"1024\" height=\"672\" \/><p id=\"caption-attachment-1916\" class=\"wp-caption-text\">De lugna str\u00e4nderna i Algarve under vintern<\/p><\/div>\n<p>Och \u00e4ven om Praia da Rocha fr\u00e4mst \u00e4r en sommarsemesterort, byggd med turistfaciliteter och attraktioner, finns det arv och kultur i n\u00e4rheten!<\/p>\n<p>Du kan bes\u00f6ka charmiga historiska st\u00e4der i v\u00e4stra Algarve, som Lagos, staden varifr\u00e5n uppt\u00e4ckterna b\u00f6rjade, eller Silves, den en g\u00e5ng arabiska huvudstaden i Algarve, p\u00e5 landsbygden.<\/p>\n<p>Lite l\u00e4ngre bort, missa inte Monchique -bergen, f\u00f6r ett lugnare, gr\u00f6nare landskap.<br \/>\nOm du vill utforska kusten \u00e4r ett f\u00f6rslag det vindpinade kapellet i Senhora da Rocha, i en udde med utsikt \u00f6ver en vacker strand, 30 minuters bilresa bort.<\/p>\n<p>En annan h\u00f6jdpunkt \u00e4r den vackra Ria de Alvor, vid mynningen av floden Arade. Du kan ha en lugn dag, bort fr\u00e5n v\u00e4sen, i denna rika naturparadis!<\/p>\n<p><iframe loading=\"lazy\" title=\"Algarve Visto do Ar - Concelho de Portim\u00e3o\" width=\"1080\" height=\"608\" src=\"https:\/\/www.youtube.com\/embed\/3oQNarcw8qo?feature=oembed\" frameborder=\"0\" allow=\"accelerometer; autoplay; clipboard-write; encrypted-media; gyroscope; picture-in-picture\" allowfullscreen><\/iframe><\/p>","protected":false},"excerpt":{"rendered":"<p>Praia da Rochas stora sandremsa, omgiven av ockra och br\u00e4nda siennaklippor, \u00e4r en av Algarves mest ikoniska sev\u00e4rdheter.<\/p>\n<p>Det \u00e4r en idealisk plats att koppla av p\u00e5 stranden under dagen, njuta av god mat och vin och senare omfamna natten!<\/p>\n<p>Boka din vistelse f\u00f6r att uppleva en avkopplande semester p\u00e5 denna underbara stranddestination, n\u00e4ra en m\u00e4ngd olika sev\u00e4rdheter.<\/p>","protected":false},"featured_media":8055,"comment_status":"closed","ping_status":"closed","template":"","meta":{"_acf_changed":false,"inline_featured_image":false},"product_brand":[],"product_cat":[687,686],"product_tag":[468,147,646,786,1141,36,787,130,46,50,195,160,270,638,782,640,641,788,692,228,343,677,693,694,695],"class_list":{"0":"post-8069","1":"product","2":"type-product","3":"status-publish","4":"has-post-thumbnail","6":"product_cat-explore-11-days-tour-portugal","7":"product_cat-holiday-packs-tours-portugal","8":"product_tag-activities-algarve","9":"product_tag-algarve","10":"product_tag-algarve-coast","11":"product_tag-algarve-private-tour","12":"product_tag-alvor-estuary","13":"product_tag-cultural-heritage","14":"product_tag-exp","15":"product_tag-gastronomy","16":"product_tag-gastronomy-and-wines","17":"product_tag-historic","18":"product_tag-history-and-heritage","19":"product_tag-holidays","20":"product_tag-lagos","21":"product_tag-monchique","22":"product_tag-night","23":"product_tag-portimao","24":"product_tag-praia-da-rocha","25":"product_tag-ria-de-alvor","26":"product_tag-sandy-beach","27":"product_tag-sightseeing","28":"product_tag-silves","29":"product_tag-spring","30":"product_tag-summer","31":"product_tag-sun-beach","32":"product_tag-sunny-days","34":"first","35":"instock","36":"virtual","37":"product-type-simple"},"acf":[],"yoast_head":"<!-- This site is optimized with the Yoast SEO Premium plugin v26.8 (Yoast SEO v27.5) - https:\/\/yoast.com\/product\/yoast-seo-premium-wordpress\/ -->\n<title>Explore Praia Da Rocha - Legendary Adventure DMC Portugal<\/title>\n<meta name=\"description\" content=\"The Island of Tavira has a long sandy beach and salinas that attract flamingos, spoonbills and other wading birds. In the centre, the medieval castle of Tavira offers views of the city. The Church of Santa Maria do Castelo houses the tombs of 7 knights killed by the Moors.\" \/>\n<meta name=\"robots\" content=\"index, follow, max-snippet:-1, max-image-preview:large, max-video-preview:-1\" \/>\n<link rel=\"canonical\" href=\"https:\/\/legendatours.com\/sv\/produkt\/explore-praia-da-rocha-11600pk\/\" \/>\n<meta property=\"og:locale\" content=\"sv_SE\" \/>\n<meta property=\"og:type\" content=\"article\" \/>\n<meta property=\"og:title\" content=\"Explore Praia Da Rocha\" \/>\n<meta property=\"og:description\" content=\"The Island of Tavira has a long sandy beach and salinas that attract flamingos, spoonbills and other wading birds. In the centre, the medieval castle of Tavira offers views of the city. The Church of Santa Maria do Castelo houses the tombs of 7 knights killed by the Moors.\" \/>\n<meta property=\"og:url\" content=\"https:\/\/legendatours.com\/sv\/produkt\/explore-praia-da-rocha-11600pk\/\" \/>\n<meta property=\"og:site_name\" content=\"Legendary Adventure DMC Portugal\" \/>\n<meta property=\"article:publisher\" content=\"https:\/\/www.facebook.com\/legendaryadventuredmc\/\" \/>\n<meta property=\"article:modified_time\" content=\"2021-08-13T09:43:08+00:00\" \/>\n<meta property=\"og:image\" content=\"https:\/\/legendatours.com\/wp-content\/uploads\/sites\/12\/2021\/04\/Praia_rocha_low_season.jpg\" \/>\n\t<meta property=\"og:image:width\" content=\"1200\" \/>\n\t<meta property=\"og:image:height\" content=\"766\" \/>\n\t<meta property=\"og:image:type\" content=\"image\/jpeg\" \/>\n<meta name=\"twitter:card\" content=\"summary_large_image\" \/>\n<meta name=\"twitter:label1\" content=\"Ber\u00e4knad l\u00e4stid\" \/>\n\t<meta name=\"twitter:data1\" content=\"2 minuter\" \/>\n<script type=\"application\/ld+json\" class=\"yoast-schema-graph\">{\"@context\":\"https:\\\/\\\/schema.org\",\"@graph\":[{\"@type\":\"WebPage\",\"@id\":\"https:\\\/\\\/legendatours.com\\\/product\\\/explore-praia-da-rocha-11600pk\\\/\",\"url\":\"https:\\\/\\\/legendatours.com\\\/product\\\/explore-praia-da-rocha-11600pk\\\/\",\"name\":\"Explore Praia Da Rocha - Legendary Adventure DMC Portugal\",\"isPartOf\":{\"@id\":\"https:\\\/\\\/legendatours.com\\\/#website\"},\"primaryImageOfPage\":{\"@id\":\"https:\\\/\\\/legendatours.com\\\/product\\\/explore-praia-da-rocha-11600pk\\\/#primaryimage\"},\"image\":{\"@id\":\"https:\\\/\\\/legendatours.com\\\/product\\\/explore-praia-da-rocha-11600pk\\\/#primaryimage\"},\"thumbnailUrl\":\"https:\\\/\\\/legendatours.com\\\/wp-content\\\/uploads\\\/sites\\\/12\\\/2021\\\/04\\\/Praia_rocha_low_season.jpg\",\"datePublished\":\"2020-06-09T17:06:02+00:00\",\"dateModified\":\"2021-08-13T09:43:08+00:00\",\"description\":\"The Island of Tavira has a long sandy beach and salinas that attract flamingos, spoonbills and other wading birds. In the centre, the medieval castle of Tavira offers views of the city. The Church of Santa Maria do Castelo houses the tombs of 7 knights killed by the Moors.\",\"breadcrumb\":{\"@id\":\"https:\\\/\\\/legendatours.com\\\/product\\\/explore-praia-da-rocha-11600pk\\\/#breadcrumb\"},\"inLanguage\":\"sv-SE\",\"potentialAction\":[{\"@type\":\"ReadAction\",\"target\":[\"https:\\\/\\\/legendatours.com\\\/product\\\/explore-praia-da-rocha-11600pk\\\/\"]}]},{\"@type\":\"ImageObject\",\"inLanguage\":\"sv-SE\",\"@id\":\"https:\\\/\\\/legendatours.com\\\/product\\\/explore-praia-da-rocha-11600pk\\\/#primaryimage\",\"url\":\"https:\\\/\\\/legendatours.com\\\/wp-content\\\/uploads\\\/sites\\\/12\\\/2021\\\/04\\\/Praia_rocha_low_season.jpg\",\"contentUrl\":\"https:\\\/\\\/legendatours.com\\\/wp-content\\\/uploads\\\/sites\\\/12\\\/2021\\\/04\\\/Praia_rocha_low_season.jpg\",\"width\":1200,\"height\":766,\"caption\":\"Praia da Rocha\"},{\"@type\":\"BreadcrumbList\",\"@id\":\"https:\\\/\\\/legendatours.com\\\/product\\\/explore-praia-da-rocha-11600pk\\\/#breadcrumb\",\"itemListElement\":[{\"@type\":\"ListItem\",\"position\":1,\"name\":\"Home\",\"item\":\"https:\\\/\\\/legendatours.com\\\/\"},{\"@type\":\"ListItem\",\"position\":2,\"name\":\"Shop\",\"item\":\"https:\\\/\\\/legendatours.com\\\/sv\\\/?page_id=4\"},{\"@type\":\"ListItem\",\"position\":3,\"name\":\"The Island of Tavira has a long sandy beach and salinas that attract flamingos, spoonbills and other wading birds. In the centre, the medieval castle of Tavira offers views of the city. The Church of Santa Maria do Castelo houses the tombs of 7 knights killed by the Moors.\"}]},{\"@type\":\"WebSite\",\"@id\":\"https:\\\/\\\/legendatours.com\\\/#website\",\"url\":\"https:\\\/\\\/legendatours.com\\\/\",\"name\":\"Legendary Adventure DMC Portugal\",\"description\":\"Responsible Walking &amp; Nature Holidays in Portugal\",\"publisher\":{\"@id\":\"https:\\\/\\\/legendatours.com\\\/#organization\"},\"alternateName\":\"Legendary Adventure Portugal\",\"potentialAction\":[{\"@type\":\"SearchAction\",\"target\":{\"@type\":\"EntryPoint\",\"urlTemplate\":\"https:\\\/\\\/legendatours.com\\\/?s={search_term_string}\"},\"query-input\":{\"@type\":\"PropertyValueSpecification\",\"valueRequired\":true,\"valueName\":\"search_term_string\"}}],\"inLanguage\":\"sv-SE\"},{\"@type\":\"Organization\",\"@id\":\"https:\\\/\\\/legendatours.com\\\/#organization\",\"name\":\"legendatours.com\",\"url\":\"https:\\\/\\\/legendatours.com\\\/\",\"logo\":{\"@type\":\"ImageObject\",\"inLanguage\":\"sv-SE\",\"@id\":\"https:\\\/\\\/legendatours.com\\\/#\\\/schema\\\/logo\\\/image\\\/\",\"url\":\"https:\\\/\\\/legendatours.com\\\/wp-content\\\/uploads\\\/sites\\\/12\\\/2021\\\/06\\\/legendary_adventure_dmc.png\",\"contentUrl\":\"https:\\\/\\\/legendatours.com\\\/wp-content\\\/uploads\\\/sites\\\/12\\\/2021\\\/06\\\/legendary_adventure_dmc.png\",\"width\":250,\"height\":74,\"caption\":\"legendatours.com\"},\"image\":{\"@id\":\"https:\\\/\\\/legendatours.com\\\/#\\\/schema\\\/logo\\\/image\\\/\"},\"sameAs\":[\"https:\\\/\\\/www.facebook.com\\\/legendaryadventuredmc\\\/\",\"https:\\\/\\\/www.linkedin.com\\\/company\\\/legendary-adventure-dmc-portugal\",\"https:\\\/\\\/www.youtube.com\\\/channel\\\/UCOIRDx_KM6ynIcacQkZjb6g\"]}]}<\/script>\n<!-- \/ Yoast SEO Premium plugin. -->","yoast_head_json":{"title":"Utforska Praia Da Rocha - Legendary Adventure DMC Portugal","description":"\u00d6n Tavira har en l\u00e5ng sandstrand och salina som lockar till sig flamingos, skedstorkar och andra vadarf\u00e5glar. I centrum erbjuder det medeltida slottet Tavira utsikt \u00f6ver staden. Kyrkan Santa Maria do Castelo hyser gravarna f\u00f6r 7 riddare som d\u00f6dats av morerna.","robots":{"index":"index","follow":"follow","max-snippet":"max-snippet:-1","max-image-preview":"max-image-preview:large","max-video-preview":"max-video-preview:-1"},"canonical":"https:\/\/legendatours.com\/sv\/produkt\/explore-praia-da-rocha-11600pk\/","og_locale":"sv_SE","og_type":"article","og_title":"Explore Praia Da Rocha","og_description":"The Island of Tavira has a long sandy beach and salinas that attract flamingos, spoonbills and other wading birds. In the centre, the medieval castle of Tavira offers views of the city. The Church of Santa Maria do Castelo houses the tombs of 7 knights killed by the Moors.","og_url":"https:\/\/legendatours.com\/sv\/produkt\/explore-praia-da-rocha-11600pk\/","og_site_name":"Legendary Adventure DMC Portugal","article_publisher":"https:\/\/www.facebook.com\/legendaryadventuredmc\/","article_modified_time":"2021-08-13T09:43:08+00:00","og_image":[{"width":1200,"height":766,"url":"https:\/\/legendatours.com\/wp-content\/uploads\/sites\/12\/2021\/04\/Praia_rocha_low_season.jpg","type":"image\/jpeg"}],"twitter_card":"summary_large_image","twitter_misc":{"Ber\u00e4knad l\u00e4stid":"2 minuter"},"schema":{"@context":"https:\/\/schema.org","@graph":[{"@type":"WebPage","@id":"https:\/\/legendatours.com\/product\/explore-praia-da-rocha-11600pk\/","url":"https:\/\/legendatours.com\/product\/explore-praia-da-rocha-11600pk\/","name":"Utforska Praia Da Rocha - Legendary Adventure DMC Portugal","isPartOf":{"@id":"https:\/\/legendatours.com\/#website"},"primaryImageOfPage":{"@id":"https:\/\/legendatours.com\/product\/explore-praia-da-rocha-11600pk\/#primaryimage"},"image":{"@id":"https:\/\/legendatours.com\/product\/explore-praia-da-rocha-11600pk\/#primaryimage"},"thumbnailUrl":"https:\/\/legendatours.com\/wp-content\/uploads\/sites\/12\/2021\/04\/Praia_rocha_low_season.jpg","datePublished":"2020-06-09T17:06:02+00:00","dateModified":"2021-08-13T09:43:08+00:00","description":"\u00d6n Tavira har en l\u00e5ng sandstrand och salina som lockar till sig flamingos, skedstorkar och andra vadarf\u00e5glar. I centrum erbjuder det medeltida slottet Tavira utsikt \u00f6ver staden. Kyrkan Santa Maria do Castelo hyser gravarna f\u00f6r 7 riddare som d\u00f6dats av morerna.","breadcrumb":{"@id":"https:\/\/legendatours.com\/product\/explore-praia-da-rocha-11600pk\/#breadcrumb"},"inLanguage":"sv-SE","potentialAction":[{"@type":"ReadAction","target":["https:\/\/legendatours.com\/product\/explore-praia-da-rocha-11600pk\/"]}]},{"@type":"ImageObject","inLanguage":"sv-SE","@id":"https:\/\/legendatours.com\/product\/explore-praia-da-rocha-11600pk\/#primaryimage","url":"https:\/\/legendatours.com\/wp-content\/uploads\/sites\/12\/2021\/04\/Praia_rocha_low_season.jpg","contentUrl":"https:\/\/legendatours.com\/wp-content\/uploads\/sites\/12\/2021\/04\/Praia_rocha_low_season.jpg","width":1200,"height":766,"caption":"Praia da Rocha"},{"@type":"BreadcrumbList","@id":"https:\/\/legendatours.com\/product\/explore-praia-da-rocha-11600pk\/#breadcrumb","itemListElement":[{"@type":"ListItem","position":1,"name":"Home","item":"https:\/\/legendatours.com\/"},{"@type":"ListItem","position":2,"name":"Shop","item":"https:\/\/legendatours.com\/sv\/?page_id=4"},{"@type":"ListItem","position":3,"name":"The Island of Tavira has a long sandy beach and salinas that attract flamingos, spoonbills and other wading birds. In the centre, the medieval castle of Tavira offers views of the city. The Church of Santa Maria do Castelo houses the tombs of 7 knights killed by the Moors."}]},{"@type":"WebSite","@id":"https:\/\/legendatours.com\/#website","url":"https:\/\/legendatours.com\/","name":"Legendariskt \u00e4ventyr DMC Portugal","description":"Ansvarsfulla vandringar och natursemester i Portugal","publisher":{"@id":"https:\/\/legendatours.com\/#organization"},"alternateName":"Legendary Adventure Portugal","potentialAction":[{"@type":"SearchAction","target":{"@type":"EntryPoint","urlTemplate":"https:\/\/legendatours.com\/?s={search_term_string}"},"query-input":{"@type":"PropertyValueSpecification","valueRequired":true,"valueName":"search_term_string"}}],"inLanguage":"sv-SE"},{"@type":"Organization","@id":"https:\/\/legendatours.com\/#organization","name":"legendatours.com","url":"https:\/\/legendatours.com\/","logo":{"@type":"ImageObject","inLanguage":"sv-SE","@id":"https:\/\/legendatours.com\/#\/schema\/logo\/image\/","url":"https:\/\/legendatours.com\/wp-content\/uploads\/sites\/12\/2021\/06\/legendary_adventure_dmc.png","contentUrl":"https:\/\/legendatours.com\/wp-content\/uploads\/sites\/12\/2021\/06\/legendary_adventure_dmc.png","width":250,"height":74,"caption":"legendatours.com"},"image":{"@id":"https:\/\/legendatours.com\/#\/schema\/logo\/image\/"},"sameAs":["https:\/\/www.facebook.com\/legendaryadventuredmc\/","https:\/\/www.linkedin.com\/company\/legendary-adventure-dmc-portugal","https:\/\/www.youtube.com\/channel\/UCOIRDx_KM6ynIcacQkZjb6g"]}]}},"_links":{"self":[{"href":"https:\/\/legendatours.com\/sv\/wp-json\/wp\/v2\/product\/8069","targetHints":{"allow":["GET"]}}],"collection":[{"href":"https:\/\/legendatours.com\/sv\/wp-json\/wp\/v2\/product"}],"about":[{"href":"https:\/\/legendatours.com\/sv\/wp-json\/wp\/v2\/types\/product"}],"replies":[{"embeddable":true,"href":"https:\/\/legendatours.com\/sv\/wp-json\/wp\/v2\/comments?post=8069"}],"wp:featuredmedia":[{"embeddable":true,"href":"https:\/\/legendatours.com\/sv\/wp-json\/wp\/v2\/media\/8055"}],"wp:attachment":[{"href":"https:\/\/legendatours.com\/sv\/wp-json\/wp\/v2\/media?parent=8069"}],"wp:term":[{"taxonomy":"product_brand","embeddable":true,"href":"https:\/\/legendatours.com\/sv\/wp-json\/wp\/v2\/product_brand?post=8069"},{"taxonomy":"product_cat","embeddable":true,"href":"https:\/\/legendatours.com\/sv\/wp-json\/wp\/v2\/product_cat?post=8069"},{"taxonomy":"product_tag","embeddable":true,"href":"https:\/\/legendatours.com\/sv\/wp-json\/wp\/v2\/product_tag?post=8069"}],"curies":[{"name":"wp","href":"https:\/\/api.w.org\/{rel}","templated":true}]}}