{"id":8094,"date":"2020-06-02T16:47:03","date_gmt":"2020-06-02T16:47:03","guid":{"rendered":"https:\/\/legendatours.com\/product\/self-drive-holiday-in-albufeira-the-charming-central-algarve\/"},"modified":"2026-03-18T11:12:03","modified_gmt":"2026-03-18T11:12:03","slug":"albufeira-the-charming-central-algarve-55001sc","status":"publish","type":"product","link":"https:\/\/legendatours.com\/sv\/produkt\/albufeira-the-charming-central-algarve-55001sc\/","title":{"rendered":"Sj\u00e4lvk\u00f6rningssemester i Albufeira centrala Algarve"},"content":{"rendered":"<p>Med denna Self-Drive sightseeingtur kommer du att utforska de olika landskapen i centrala Algarve p\u00e5 egen hand.<\/p>\n<p>Baserat i hj\u00e4rtat av den mest ber\u00f6mda semesterorten i Portugal, Albufeira, kommer du l\u00e5ngt bortom de vackra str\u00e4nderna och det livliga nattlivet.<\/p>\n<p>Din roadtrip kommer att introducera dig till vackra byar l\u00e4ngs havet och genom den mindre k\u00e4nda landsbygden.<\/p>\n<div id=\"attachment_1826\" style=\"width: 1034px\" class=\"wp-caption alignnone\"><img loading=\"lazy\" decoding=\"async\" aria-describedby=\"caption-attachment-1826\" class=\"wp-image-1826 size-large\" src=\"https:\/\/legendatours.net\/wp-content\/uploads\/2020\/03\/ria_formosa_east_algarve-1024x685.jpg\" alt=\"Walking The beauty of the Ria Formosa\" width=\"1024\" height=\"685\" \/><p id=\"caption-attachment-1826\" class=\"wp-caption-text\">Sk\u00f6nheten i Ria Formosa, ett naturligt system p\u00e5 Algarvekusten, \u00e4r en av Europas rikaste floror och fauna.<\/p><\/div>\n<p>F\u00f6r att avsluta din resa har du en resplan till \u00f6stra Algarve f\u00f6r att m\u00f6ta Ria Formosas imponerande landskap!<\/p>\n<p>\u00d6verallt i Algarve finns kontraster \u00f6verallt, fr\u00e5n st\u00e4derna som fortfarande \u00e4r hem f\u00f6r fiskare till internationella centra med kosmopolitiska butiker och kv\u00e4llar fulla av musik och vackra m\u00e4nniskor.<\/p>\n<p>Fr\u00e5n de stora villorna vid havet till de blygsamma vitkalkade husen, stenlagda i hundra \u00e5r gamla stenar, bredvid kullerstensbelagda v\u00e4gar som slingrar sig genom o\u00e4ndliga f\u00e4lt.<\/p>\n<p>Fr\u00e5n det kosmopolitiska Albufeira som byggdes av araberna, kommer du att resa till Ferreiras, bara n\u00e5gra mil bort. Skillnaden \u00e4r sl\u00e5ende. H\u00e4r har husen fortfarande de typiska skorstenarna, r\u00e4cken som d\u00f6ljer terrasser d\u00e4r fikon torkas, och du hittar v\u00e4derkvarnar och vattenhjul.<\/p>\n<p>I Vilamoura, f\u00f6rbi golfbanorna och eleganta husen, finns en milj\u00f6park som representerar, v\u00e5rdar och skyddar den lokala faunan och floran.<br \/>\nVi tar dig till Rocha da Pena, en oas av liv f\u00f6r f\u00e5glar och v\u00e4xter, med fantastisk utsikt \u00f6ver havet. Vi visar dig Queren\u00e7a, s\u00e5 som vi k\u00e4nner det. Dess namn betyder tillgivenhet, k\u00e4rlek, v\u00e4lvilja.<\/p>\n<div id=\"attachment_2368\" style=\"width: 1034px\" class=\"wp-caption alignnone\"><img loading=\"lazy\" decoding=\"async\" aria-describedby=\"caption-attachment-2368\" class=\"wp-image-2368 size-large\" src=\"https:\/\/legendatours.net\/wp-content\/uploads\/2020\/06\/Albufeira_lovely_beaches-1024x683.jpg\" alt=\"Albufeira lovely beaches\" width=\"1024\" height=\"683\" \/><p id=\"caption-attachment-2368\" class=\"wp-caption-text\">Albufeira vackra str\u00e4nder. Albufeira har n\u00e4stan 30 km kust och det \u00e4r det portugisiska r\u00e5det med fler str\u00e4nder med bl\u00e5 flagg<\/p><\/div>\n<p>Vi ska ber\u00e4tta var n\u00e5gra av de b\u00e4sta korken i v\u00e4rlden kommer ifr\u00e5n, i ett \u00f6verraskande museum mitt i S\u00e3o Br\u00e1s de Alportel, uppe i bergen.<\/p>\n<p>Vi kommer att dela med oss av kunskapen och sk\u00f6nheten i Ria Formosa, ex-libris i \u00f6stra Algarve, hem f\u00f6r uts\u00f6kt och unikt djurliv, skyddat av ett naturreservat.<\/p>\n<p>Bes\u00f6k Moncarapacho och uppt\u00e4ck de traditionella handgjorda souvenirerna fr\u00e5n den lokala keramik.<\/p>\n<p>F\u00f6rlora inte m\u00f6jligheten att uppleva utsikten fr\u00e5n Cerro de S\u00e3o Miguel, och uppt\u00e4ck den underbara faunan och floran i denna del av Algarvekusten i Quinta de Marim.<\/p>\n<p>Missa inte de uts\u00f6kta regionala r\u00e4tterna, fr\u00e5n havet och fr\u00e5n land, tillsammans med utm\u00e4rkta portugisiska viner.<br \/>\nL\u00e5t oss visa dig de b\u00e4sta delarna av centrala Algarve och ta med dig hem en annan sida av detta v\u00e4lkomnande land!<\/p>\n<div class=\"row\">\n<div class=\"column\" style=\"flex: 45%\"><\/div>\n<div class=\"column\" style=\"flex: 10%\"><\/div>\n<div class=\"column\" style=\"flex: 45%\"><\/div>\n<\/div>","protected":false},"excerpt":{"rendered":"<p>Med denna Self-Drive sightseeingtur kommer du att utforska de olika landskapen i centrala Algarve p\u00e5 egen hand.<\/p>\n<p>Baserat i hj\u00e4rtat av den mest ber\u00f6mda semesterorten i Portugal, Albufeira, kommer du l\u00e5ngt bortom de vackra str\u00e4nderna och det livliga nattlivet.<\/p>\n<p>Din roadtrip kommer att introducera dig till vackra byar l\u00e4ngs havet och genom den mindre k\u00e4nda landsbygden.<\/p>\n<p>F\u00f6r att avsluta din resa har du en resplan till \u00f6stra Algarve f\u00f6r att m\u00f6ta Ria Formosas imponerande landskap!<\/p>","protected":false},"featured_media":7627,"comment_status":"closed","ping_status":"closed","template":"","meta":{"_acf_changed":false,"inline_featured_image":false},"product_brand":[],"product_cat":[327,734,301],"product_tag":[812,813,646,306,814,883,815,816,791,792,153,811,214,337,817,779,793,535,218,313,94,271,794,818,97,797,106,749,819,820,821,822,802,319,804,328,805,777,773,781,228,322,324,70,806,807,784,615,325,326,809,145],"class_list":{"0":"post-8094","1":"product","2":"type-product","3":"status-publish","4":"has-post-thumbnail","6":"product_cat-self-drive-holidays-portugal","7":"product_cat-self-guided-sightseeing-holidays-in-portugal","8":"product_cat-self-guided-tours-portugal","9":"product_tag-albufeira","10":"product_tag-albufeira-beautiful-historic-centre","11":"product_tag-algarve-coast","12":"product_tag-alleine-reisen","13":"product_tag-beaches-of-albufeira","14":"product_tag-beautiful-landscapes-albufeira","15":"product_tag-central-algarve","16":"product_tag-cerro-de-sao-miguel","17":"product_tag-coastal","18":"product_tag-colours","19":"product_tag-countryside","20":"product_tag-crafted-self-guided-tour","21":"product_tag-culture","22":"product_tag-delicious-food","23":"product_tag-ferreiras","24":"product_tag-fly-drive","25":"product_tag-hills","26":"product_tag-historic-centre","27":"product_tag-history","28":"product_tag-individuelle-touren","29":"product_tag-landscape","30":"product_tag-lush-green-hills","31":"product_tag-market","32":"product_tag-moncarapacho","33":"product_tag-natural-park","34":"product_tag-parapets","35":"product_tag-picturesque-landscapes","36":"product_tag-protected-area","37":"product_tag-quartzite-elevations","38":"product_tag-quinta-de-marim","39":"product_tag-relaxation-albufeira","40":"product_tag-rocha-da-pena-querenca","41":"product_tag-secluded-beaches","42":"product_tag-sejour-en-liberte","43":"product_tag-self-drive-holiday","44":"product_tag-self-guided","45":"product_tag-self-guided-holiday","46":"product_tag-self-guided-holidays","47":"product_tag-self-guided-sightseeing","48":"product_tag-self-guided-tours","49":"product_tag-sightseeing","50":"product_tag-solo-reisen","51":"product_tag-tours-autoguidees","52":"product_tag-traditions","53":"product_tag-undulating-plains","54":"product_tag-valleys","55":"product_tag-vilamoura","56":"product_tag-village","57":"product_tag-voyage-en-liberte","58":"product_tag-voyages-en-autonomie","59":"product_tag-white-washed-houses","60":"product_tag-wines","62":"first","63":"instock","64":"virtual","65":"product-type-simple"},"acf":[],"yoast_head":"<!-- This site is optimized with the Yoast SEO Premium plugin v26.8 (Yoast SEO v27.5) - https:\/\/yoast.com\/product\/yoast-seo-premium-wordpress\/ -->\n<title>Self-Drive Holiday in Albufeira Central Algarve - Legendary Adventure DMC Portugal<\/title>\n<meta name=\"description\" content=\"Self-guided Walking Tour based in Tavira, East Algarve, designed to explore the natural wonders of the Ria Formosa Nature Park and the peaceful countryside.\" \/>\n<meta name=\"robots\" content=\"index, follow, max-snippet:-1, max-image-preview:large, max-video-preview:-1\" \/>\n<link rel=\"canonical\" href=\"https:\/\/legendatours.com\/sv\/produkt\/albufeira-the-charming-central-algarve-55001sc\/\" \/>\n<meta property=\"og:locale\" content=\"sv_SE\" \/>\n<meta property=\"og:type\" content=\"article\" \/>\n<meta property=\"og:title\" content=\"Self-Drive Holiday in Albufeira Central Algarve\" \/>\n<meta property=\"og:description\" content=\"Self-guided Walking Tour based in Tavira, East Algarve, designed to explore the natural wonders of the Ria Formosa Nature Park and the peaceful countryside.\" \/>\n<meta property=\"og:url\" content=\"https:\/\/legendatours.com\/sv\/produkt\/albufeira-the-charming-central-algarve-55001sc\/\" \/>\n<meta property=\"og:site_name\" content=\"Legendary Adventure DMC Portugal\" \/>\n<meta property=\"article:publisher\" content=\"https:\/\/www.facebook.com\/legendaryadventuredmc\/\" \/>\n<meta property=\"article:modified_time\" content=\"2026-03-18T11:12:03+00:00\" \/>\n<meta property=\"og:image\" content=\"https:\/\/legendatours.com\/wp-content\/uploads\/sites\/12\/2021\/04\/Albufeira_lovely_beaches.jpg\" \/>\n\t<meta property=\"og:image:width\" content=\"1600\" \/>\n\t<meta property=\"og:image:height\" content=\"1067\" \/>\n\t<meta property=\"og:image:type\" content=\"image\/jpeg\" \/>\n<meta name=\"twitter:card\" content=\"summary_large_image\" \/>\n<meta name=\"twitter:label1\" content=\"Ber\u00e4knad l\u00e4stid\" \/>\n\t<meta name=\"twitter:data1\" content=\"2 minuter\" \/>\n<script type=\"application\/ld+json\" class=\"yoast-schema-graph\">{\"@context\":\"https:\\\/\\\/schema.org\",\"@graph\":[{\"@type\":\"WebPage\",\"@id\":\"https:\\\/\\\/legendatours.com\\\/product\\\/albufeira-the-charming-central-algarve-55001sc\\\/\",\"url\":\"https:\\\/\\\/legendatours.com\\\/product\\\/albufeira-the-charming-central-algarve-55001sc\\\/\",\"name\":\"Self-Drive Holiday in Albufeira Central Algarve - Legendary Adventure DMC Portugal\",\"isPartOf\":{\"@id\":\"https:\\\/\\\/legendatours.com\\\/#website\"},\"primaryImageOfPage\":{\"@id\":\"https:\\\/\\\/legendatours.com\\\/product\\\/albufeira-the-charming-central-algarve-55001sc\\\/#primaryimage\"},\"image\":{\"@id\":\"https:\\\/\\\/legendatours.com\\\/product\\\/albufeira-the-charming-central-algarve-55001sc\\\/#primaryimage\"},\"thumbnailUrl\":\"https:\\\/\\\/legendatours.com\\\/wp-content\\\/uploads\\\/sites\\\/12\\\/2021\\\/04\\\/Albufeira_lovely_beaches.jpg\",\"datePublished\":\"2020-06-02T16:47:03+00:00\",\"dateModified\":\"2026-03-18T11:12:03+00:00\",\"description\":\"Self-guided Walking Tour based in Tavira, East Algarve, designed to explore the natural wonders of the Ria Formosa Nature Park and the peaceful countryside.\",\"breadcrumb\":{\"@id\":\"https:\\\/\\\/legendatours.com\\\/product\\\/albufeira-the-charming-central-algarve-55001sc\\\/#breadcrumb\"},\"inLanguage\":\"sv-SE\",\"potentialAction\":[{\"@type\":\"ReadAction\",\"target\":[\"https:\\\/\\\/legendatours.com\\\/product\\\/albufeira-the-charming-central-algarve-55001sc\\\/\"]}]},{\"@type\":\"ImageObject\",\"inLanguage\":\"sv-SE\",\"@id\":\"https:\\\/\\\/legendatours.com\\\/product\\\/albufeira-the-charming-central-algarve-55001sc\\\/#primaryimage\",\"url\":\"https:\\\/\\\/legendatours.com\\\/wp-content\\\/uploads\\\/sites\\\/12\\\/2021\\\/04\\\/Albufeira_lovely_beaches.jpg\",\"contentUrl\":\"https:\\\/\\\/legendatours.com\\\/wp-content\\\/uploads\\\/sites\\\/12\\\/2021\\\/04\\\/Albufeira_lovely_beaches.jpg\",\"width\":1600,\"height\":1067,\"caption\":\"Albufeira lovely beaches\"},{\"@type\":\"BreadcrumbList\",\"@id\":\"https:\\\/\\\/legendatours.com\\\/product\\\/albufeira-the-charming-central-algarve-55001sc\\\/#breadcrumb\",\"itemListElement\":[{\"@type\":\"ListItem\",\"position\":1,\"name\":\"Home\",\"item\":\"https:\\\/\\\/legendatours.com\\\/\"},{\"@type\":\"ListItem\",\"position\":2,\"name\":\"Shop\",\"item\":\"https:\\\/\\\/legendatours.com\\\/sv\\\/?page_id=4\"},{\"@type\":\"ListItem\",\"position\":3,\"name\":\"The Algarve is so much more than sun and sea. In the little-visited East Algarve, it looks like time has stood still, and you\u2019ll feel how good it is to slow down and live the good life with this carefully crafted Self-Guided Walking Tour. Each day\u2019s walk highlights the contrasting landscape and wildlife of the region. This tour was put together for the enjoyment of those who have a special interest in rambling and nature.\"}]},{\"@type\":\"WebSite\",\"@id\":\"https:\\\/\\\/legendatours.com\\\/#website\",\"url\":\"https:\\\/\\\/legendatours.com\\\/\",\"name\":\"Legendary Adventure DMC Portugal\",\"description\":\"Responsible Walking &amp; Nature Holidays in Portugal\",\"publisher\":{\"@id\":\"https:\\\/\\\/legendatours.com\\\/#organization\"},\"alternateName\":\"Legendary Adventure Portugal\",\"potentialAction\":[{\"@type\":\"SearchAction\",\"target\":{\"@type\":\"EntryPoint\",\"urlTemplate\":\"https:\\\/\\\/legendatours.com\\\/?s={search_term_string}\"},\"query-input\":{\"@type\":\"PropertyValueSpecification\",\"valueRequired\":true,\"valueName\":\"search_term_string\"}}],\"inLanguage\":\"sv-SE\"},{\"@type\":\"Organization\",\"@id\":\"https:\\\/\\\/legendatours.com\\\/#organization\",\"name\":\"legendatours.com\",\"url\":\"https:\\\/\\\/legendatours.com\\\/\",\"logo\":{\"@type\":\"ImageObject\",\"inLanguage\":\"sv-SE\",\"@id\":\"https:\\\/\\\/legendatours.com\\\/#\\\/schema\\\/logo\\\/image\\\/\",\"url\":\"https:\\\/\\\/legendatours.com\\\/wp-content\\\/uploads\\\/sites\\\/12\\\/2021\\\/06\\\/legendary_adventure_dmc.png\",\"contentUrl\":\"https:\\\/\\\/legendatours.com\\\/wp-content\\\/uploads\\\/sites\\\/12\\\/2021\\\/06\\\/legendary_adventure_dmc.png\",\"width\":250,\"height\":74,\"caption\":\"legendatours.com\"},\"image\":{\"@id\":\"https:\\\/\\\/legendatours.com\\\/#\\\/schema\\\/logo\\\/image\\\/\"},\"sameAs\":[\"https:\\\/\\\/www.facebook.com\\\/legendaryadventuredmc\\\/\",\"https:\\\/\\\/www.linkedin.com\\\/company\\\/legendary-adventure-dmc-portugal\",\"https:\\\/\\\/www.youtube.com\\\/channel\\\/UCOIRDx_KM6ynIcacQkZjb6g\"]}]}<\/script>\n<!-- \/ Yoast SEO Premium plugin. -->","yoast_head_json":{"title":"K\u00f6r-sj\u00e4lv-semester i Albufeira, centrala Algarve - Legendary Adventure DMC Portugal","description":"Sj\u00e4lvguidad vandringstur baserad i Tavira, \u00f6stra Algarve, designad f\u00f6r att utforska de naturliga underverken i naturparken Ria Formosa och den fridfulla landsbygden.","robots":{"index":"index","follow":"follow","max-snippet":"max-snippet:-1","max-image-preview":"max-image-preview:large","max-video-preview":"max-video-preview:-1"},"canonical":"https:\/\/legendatours.com\/sv\/produkt\/albufeira-the-charming-central-algarve-55001sc\/","og_locale":"sv_SE","og_type":"article","og_title":"Self-Drive Holiday in Albufeira Central Algarve","og_description":"Self-guided Walking Tour based in Tavira, East Algarve, designed to explore the natural wonders of the Ria Formosa Nature Park and the peaceful countryside.","og_url":"https:\/\/legendatours.com\/sv\/produkt\/albufeira-the-charming-central-algarve-55001sc\/","og_site_name":"Legendary Adventure DMC Portugal","article_publisher":"https:\/\/www.facebook.com\/legendaryadventuredmc\/","article_modified_time":"2026-03-18T11:12:03+00:00","og_image":[{"width":1600,"height":1067,"url":"https:\/\/legendatours.com\/wp-content\/uploads\/sites\/12\/2021\/04\/Albufeira_lovely_beaches.jpg","type":"image\/jpeg"}],"twitter_card":"summary_large_image","twitter_misc":{"Ber\u00e4knad l\u00e4stid":"2 minuter"},"schema":{"@context":"https:\/\/schema.org","@graph":[{"@type":"WebPage","@id":"https:\/\/legendatours.com\/product\/albufeira-the-charming-central-algarve-55001sc\/","url":"https:\/\/legendatours.com\/product\/albufeira-the-charming-central-algarve-55001sc\/","name":"K\u00f6r-sj\u00e4lv-semester i Albufeira, centrala Algarve - Legendary Adventure DMC Portugal","isPartOf":{"@id":"https:\/\/legendatours.com\/#website"},"primaryImageOfPage":{"@id":"https:\/\/legendatours.com\/product\/albufeira-the-charming-central-algarve-55001sc\/#primaryimage"},"image":{"@id":"https:\/\/legendatours.com\/product\/albufeira-the-charming-central-algarve-55001sc\/#primaryimage"},"thumbnailUrl":"https:\/\/legendatours.com\/wp-content\/uploads\/sites\/12\/2021\/04\/Albufeira_lovely_beaches.jpg","datePublished":"2020-06-02T16:47:03+00:00","dateModified":"2026-03-18T11:12:03+00:00","description":"Sj\u00e4lvguidad vandringstur baserad i Tavira, \u00f6stra Algarve, designad f\u00f6r att utforska de naturliga underverken i naturparken Ria Formosa och den fridfulla landsbygden.","breadcrumb":{"@id":"https:\/\/legendatours.com\/product\/albufeira-the-charming-central-algarve-55001sc\/#breadcrumb"},"inLanguage":"sv-SE","potentialAction":[{"@type":"ReadAction","target":["https:\/\/legendatours.com\/product\/albufeira-the-charming-central-algarve-55001sc\/"]}]},{"@type":"ImageObject","inLanguage":"sv-SE","@id":"https:\/\/legendatours.com\/product\/albufeira-the-charming-central-algarve-55001sc\/#primaryimage","url":"https:\/\/legendatours.com\/wp-content\/uploads\/sites\/12\/2021\/04\/Albufeira_lovely_beaches.jpg","contentUrl":"https:\/\/legendatours.com\/wp-content\/uploads\/sites\/12\/2021\/04\/Albufeira_lovely_beaches.jpg","width":1600,"height":1067,"caption":"Albufeira lovely beaches"},{"@type":"BreadcrumbList","@id":"https:\/\/legendatours.com\/product\/albufeira-the-charming-central-algarve-55001sc\/#breadcrumb","itemListElement":[{"@type":"ListItem","position":1,"name":"Home","item":"https:\/\/legendatours.com\/"},{"@type":"ListItem","position":2,"name":"Shop","item":"https:\/\/legendatours.com\/sv\/?page_id=4"},{"@type":"ListItem","position":3,"name":"The Algarve is so much more than sun and sea. In the little-visited East Algarve, it looks like time has stood still, and you\u2019ll feel how good it is to slow down and live the good life with this carefully crafted Self-Guided Walking Tour. Each day\u2019s walk highlights the contrasting landscape and wildlife of the region. This tour was put together for the enjoyment of those who have a special interest in rambling and nature."}]},{"@type":"WebSite","@id":"https:\/\/legendatours.com\/#website","url":"https:\/\/legendatours.com\/","name":"Legendariskt \u00e4ventyr DMC Portugal","description":"Ansvarsfulla vandringar och natursemester i Portugal","publisher":{"@id":"https:\/\/legendatours.com\/#organization"},"alternateName":"Legendary Adventure Portugal","potentialAction":[{"@type":"SearchAction","target":{"@type":"EntryPoint","urlTemplate":"https:\/\/legendatours.com\/?s={search_term_string}"},"query-input":{"@type":"PropertyValueSpecification","valueRequired":true,"valueName":"search_term_string"}}],"inLanguage":"sv-SE"},{"@type":"Organization","@id":"https:\/\/legendatours.com\/#organization","name":"legendatours.com","url":"https:\/\/legendatours.com\/","logo":{"@type":"ImageObject","inLanguage":"sv-SE","@id":"https:\/\/legendatours.com\/#\/schema\/logo\/image\/","url":"https:\/\/legendatours.com\/wp-content\/uploads\/sites\/12\/2021\/06\/legendary_adventure_dmc.png","contentUrl":"https:\/\/legendatours.com\/wp-content\/uploads\/sites\/12\/2021\/06\/legendary_adventure_dmc.png","width":250,"height":74,"caption":"legendatours.com"},"image":{"@id":"https:\/\/legendatours.com\/#\/schema\/logo\/image\/"},"sameAs":["https:\/\/www.facebook.com\/legendaryadventuredmc\/","https:\/\/www.linkedin.com\/company\/legendary-adventure-dmc-portugal","https:\/\/www.youtube.com\/channel\/UCOIRDx_KM6ynIcacQkZjb6g"]}]}},"_links":{"self":[{"href":"https:\/\/legendatours.com\/sv\/wp-json\/wp\/v2\/product\/8094","targetHints":{"allow":["GET"]}}],"collection":[{"href":"https:\/\/legendatours.com\/sv\/wp-json\/wp\/v2\/product"}],"about":[{"href":"https:\/\/legendatours.com\/sv\/wp-json\/wp\/v2\/types\/product"}],"replies":[{"embeddable":true,"href":"https:\/\/legendatours.com\/sv\/wp-json\/wp\/v2\/comments?post=8094"}],"wp:featuredmedia":[{"embeddable":true,"href":"https:\/\/legendatours.com\/sv\/wp-json\/wp\/v2\/media\/7627"}],"wp:attachment":[{"href":"https:\/\/legendatours.com\/sv\/wp-json\/wp\/v2\/media?parent=8094"}],"wp:term":[{"taxonomy":"product_brand","embeddable":true,"href":"https:\/\/legendatours.com\/sv\/wp-json\/wp\/v2\/product_brand?post=8094"},{"taxonomy":"product_cat","embeddable":true,"href":"https:\/\/legendatours.com\/sv\/wp-json\/wp\/v2\/product_cat?post=8094"},{"taxonomy":"product_tag","embeddable":true,"href":"https:\/\/legendatours.com\/sv\/wp-json\/wp\/v2\/product_tag?post=8094"}],"curies":[{"name":"wp","href":"https:\/\/api.w.org\/{rel}","templated":true}]}}