{"id":8096,"date":"2020-06-02T14:53:39","date_gmt":"2020-06-02T14:53:39","guid":{"rendered":"https:\/\/legendatours.com\/product\/self-drive-independent-holidays-in-albufeira-uncover-the-central-algarve\/"},"modified":"2022-01-02T23:01:55","modified_gmt":"2022-01-02T23:01:55","slug":"albufeira-uncover-the-central-algarve-55000sc","status":"publish","type":"product","link":"https:\/\/legendatours.com\/sv\/produkt\/albufeira-uncover-the-central-algarve-55000sc\/","title":{"rendered":"Sj\u00e4lvk\u00f6rande oberoende semester i Albufeira centrala Algarve"},"content":{"rendered":"<p>Centrala Algarve \u00e4r en blandning av traditioner, landskap, dofter och f\u00e4rger. Med denna skr\u00e4ddarsydda Self-Drive roadtrip kommer du att kunna utforska sj\u00e4lvst\u00e4ndigt rutter l\u00e4ngs stranden och genom bergskullarna.<\/p>\n<p>Fr\u00e5n k\u00e4rnan av Algarves mest k\u00e4nda semesterort, Albufeira, bjuder vi in dig p\u00e5 en underbar resa in i kontrasterna i denna region, rik p\u00e5 kultur och arv.<\/p>\n<div id=\"attachment_1986\" style=\"width: 1034px\" class=\"wp-caption alignnone\"><img loading=\"lazy\" decoding=\"async\" aria-describedby=\"caption-attachment-1986\" class=\"wp-image-1986 size-large\" src=\"https:\/\/legendatours.net\/wp-content\/uploads\/2020\/03\/Albufeira_bluocean-1024x576.jpg\" alt=\"Holidays in Albufeira\" width=\"1024\" height=\"576\" \/><p id=\"caption-attachment-1986\" class=\"wp-caption-text\">Semester i Albufeira<\/p><\/div>\n<p>Vi visar dig hur du n\u00e5r hemliga kustplatser d\u00e4r du kan dyka i klart vatten, str\u00f6va mellan kanalerna i Ria Formosa eller paddla l\u00e4ngs str\u00e4nderna i Albufeira.<\/p>\n<p>Fr\u00e5n Paderne, med de pittoreska vita husen och dekorerade 1700-talsskorstenar, till Alte och det svala uppfriskande vattnet i Fonte Grande och Fonte Pequena.<\/p>\n<p>Vi tar dig till Boliqueime, p\u00e5 sluttningarna av en kulle, i b\u00f6rjan av Barrocal \u2013 omr\u00e5det mellan kusten och bergen. Det var centrum f\u00f6r handeln med fikon, mandel och johannesbr\u00f6d, och, naturligtvis, de ber\u00f6mda s\u00f6ta och saftiga apelsinerna fr\u00e5n Algarve!<\/p>\n<p>Upplev kontrasterna i Loul\u00e9 med det traditionella hantverket och den arabiskinspirerade designade kommunala marknadsbyggnaden som vissa s\u00e4ger att det \u00e4r en av de vackraste marknaderna i v\u00e4rlden!<\/p>\n<p>K\u00f6r till Salir, en by i utkanten av Serra do Caldeir\u00e3o, vars ursprung \u00e4r f\u00f6rlorat i tiden och Santa Catarina da Fonte do Bispo, p\u00e5 jakt efter kakelmakarna som har varit d\u00e4r i \u00e5rhundraden.<\/p>\n<div id=\"attachment_1996\" style=\"width: 1034px\" class=\"wp-caption alignnone\"><img loading=\"lazy\" decoding=\"async\" aria-describedby=\"caption-attachment-1996\" class=\"wp-image-1996 size-large\" src=\"https:\/\/legendatours.net\/wp-content\/uploads\/2020\/03\/FalesiaBeachBoardwalk-1024x683.jpg\" alt=\"Holidays in Albufeira\" width=\"1024\" height=\"683\" \/><p id=\"caption-attachment-1996\" class=\"wp-caption-text\">Semester i Albufeira<\/p><\/div>\n<p>Uppt\u00e4ck en ok\u00e4nd sida av Albufeira n\u00e4r du vandrar genom de smala gr\u00e4nderna och letar efter de traditionella platserna d\u00e4r det lokala k\u00f6ket \u00e4r rikt och originellt.<\/p>\n<p>Ta med dig utsikten \u00f6ver Senhora da Rocha, klippan \u00f6ver strandpromenaden i Carvoeiro och ett minne av vad Porchess keramikdesign ber\u00e4ttar om portugisisk historia.<\/p>\n<p>Prova xar\u00e9m (majsgr\u00f6t) med sprakande fl\u00e4sk eller bergssoppa. Upplev get- och f\u00e5rostar eller hemgjorda korvar som passar perfekt som f\u00f6rr\u00e4tt. Prova det lokala medronho-br\u00e4nnvinet som \u00e4r det perfekta tillbeh\u00f6ret f\u00f6r s\u00f6tsaker, som \u00e4r gjorda av lokala r\u00e5varor som speglar byns arv \u2013 honung, fikon och mandel.<\/p>\n<p>T\u00e4nk p\u00e5 att m\u00e5nga innan du har kommit hit, blivit f\u00f6r\u00e4lskade i landet, och stannat. Vissa kommer tillbaka varje \u00e5r. Andra har aldrig varit h\u00e4r.<\/p>\n<p>Men var s\u00e4ker p\u00e5 att du kommer att se Central Algarve som m\u00e5nga inte har. Genom v\u00e5r kunskap och dina \u00f6gon kommer minnen som du kommer att skapa att vara unika och dina egna att ber\u00e4tta...<\/p>\n<div class=\"row\" style=\"display: flex;\">\n<div class=\"column\" style=\"flex: 45%;\"><\/div>\n<div class=\"column\" style=\"flex: 10%;\"><\/div>\n<div class=\"column\" style=\"flex: 45%;\">\n<p><iframe loading=\"lazy\" title=\"Algarve som aldrig sett f\u00f6rut\" width=\"1080\" height=\"608\" src=\"https:\/\/www.youtube.com\/embed\/9dQqiVTNTj4?feature=oembed\" frameborder=\"0\" allow=\"accelerometer; autoplay; clipboard-write; encrypted-media; gyroscope; picture-in-picture\" allowfullscreen><\/iframe><\/p>\n<\/div>\n<\/div>","protected":false},"excerpt":{"rendered":"<p>Centrala Algarve \u00e4r en blandning av traditioner, landskap, dofter och f\u00e4rger. Med denna skr\u00e4ddarsydda Self-Drive roadtrip kommer du att kunna utforska sj\u00e4lvst\u00e4ndigt rutter l\u00e4ngs stranden och genom bergskullarna.<\/p>\n<p>Fr\u00e5n k\u00e4rnan av Algarves mest k\u00e4nda semesterort, Albufeira, bjuder vi in dig p\u00e5 en underbar resa in i kontrasterna i denna region, rik p\u00e5 kultur och arv.<\/p>","protected":false},"featured_media":7762,"comment_status":"closed","ping_status":"closed","template":"","meta":{"_acf_changed":false,"inline_featured_image":false},"product_brand":[],"product_cat":[327,734,301],"product_tag":[812,147,306,823,649,815,791,792,153,811,214,337,779,793,535,218,160,313,94,824,271,794,97,825,797,106,749,826,802,319,804,328,805,652,228,322,324,70,806,807,615,325,326,809,145],"class_list":{"0":"post-8096","1":"product","2":"type-product","3":"status-publish","4":"has-post-thumbnail","6":"product_cat-self-drive-holidays-portugal","7":"product_cat-self-guided-sightseeing-holidays-in-portugal","8":"product_cat-self-guided-tours-portugal","9":"product_tag-albufeira","10":"product_tag-algarve","11":"product_tag-alleine-reisen","12":"product_tag-alte","13":"product_tag-carvoeiro","14":"product_tag-central-algarve","15":"product_tag-coastal","16":"product_tag-colours","17":"product_tag-countryside","18":"product_tag-crafted-self-guided-tour","19":"product_tag-culture","20":"product_tag-delicious-food","21":"product_tag-fly-drive","22":"product_tag-hills","23":"product_tag-historic-centre","24":"product_tag-history","25":"product_tag-holidays","26":"product_tag-individuelle-touren","27":"product_tag-landscape","28":"product_tag-loule","29":"product_tag-lush-green-hills","30":"product_tag-market","31":"product_tag-natural-park","32":"product_tag-paderne","33":"product_tag-parapets","34":"product_tag-picturesque-landscapes","35":"product_tag-protected-area","36":"product_tag-salir","37":"product_tag-secluded-beaches","38":"product_tag-sejour-en-liberte","39":"product_tag-self-drive-holiday","40":"product_tag-self-guided","41":"product_tag-self-guided-holiday","42":"product_tag-senhora-da-rocha","43":"product_tag-sightseeing","44":"product_tag-solo-reisen","45":"product_tag-tours-autoguidees","46":"product_tag-traditions","47":"product_tag-undulating-plains","48":"product_tag-valleys","49":"product_tag-village","50":"product_tag-voyage-en-liberte","51":"product_tag-voyages-en-autonomie","52":"product_tag-white-washed-houses","53":"product_tag-wines","55":"first","56":"instock","57":"virtual","58":"product-type-simple"},"acf":[],"yoast_head":"<!-- This site is optimized with the Yoast SEO Premium plugin v26.8 (Yoast SEO v27.5) - https:\/\/yoast.com\/product\/yoast-seo-premium-wordpress\/ -->\n<title>Self-Drive Independent Holidays in Albufeira Central Algarve - Legendary Adventure DMC Portugal<\/title>\n<meta name=\"description\" content=\"Self-guided Walking Tour based in Tavira, East Algarve, designed to explore the natural wonders of the Ria Formosa Nature Park and the peaceful countryside.\" \/>\n<meta name=\"robots\" content=\"index, follow, max-snippet:-1, max-image-preview:large, max-video-preview:-1\" \/>\n<link rel=\"canonical\" href=\"https:\/\/legendatours.com\/sv\/produkt\/albufeira-uncover-the-central-algarve-55000sc\/\" \/>\n<meta property=\"og:locale\" content=\"sv_SE\" \/>\n<meta property=\"og:type\" content=\"article\" \/>\n<meta property=\"og:title\" content=\"Self-Drive Independent Holidays in Albufeira Central Algarve\" \/>\n<meta property=\"og:description\" content=\"Self-guided Walking Tour based in Tavira, East Algarve, designed to explore the natural wonders of the Ria Formosa Nature Park and the peaceful countryside.\" \/>\n<meta property=\"og:url\" content=\"https:\/\/legendatours.com\/sv\/produkt\/albufeira-uncover-the-central-algarve-55000sc\/\" \/>\n<meta property=\"og:site_name\" content=\"Legendary Adventure DMC Portugal\" \/>\n<meta property=\"article:publisher\" content=\"https:\/\/www.facebook.com\/legendaryadventuredmc\/\" \/>\n<meta property=\"article:modified_time\" content=\"2022-01-02T23:01:55+00:00\" \/>\n<meta property=\"og:image\" content=\"https:\/\/legendatours.com\/wp-content\/uploads\/sites\/12\/2021\/04\/Typical_chimney-e1611677671486.jpg\" \/>\n\t<meta property=\"og:image:width\" content=\"1024\" \/>\n\t<meta property=\"og:image:height\" content=\"664\" \/>\n\t<meta property=\"og:image:type\" content=\"image\/jpeg\" \/>\n<meta name=\"twitter:card\" content=\"summary_large_image\" \/>\n<meta name=\"twitter:label1\" content=\"Ber\u00e4knad l\u00e4stid\" \/>\n\t<meta name=\"twitter:data1\" content=\"2 minuter\" \/>\n<script type=\"application\/ld+json\" class=\"yoast-schema-graph\">{\"@context\":\"https:\\\/\\\/schema.org\",\"@graph\":[{\"@type\":\"WebPage\",\"@id\":\"https:\\\/\\\/legendatours.com\\\/product\\\/albufeira-uncover-the-central-algarve-55000sc\\\/\",\"url\":\"https:\\\/\\\/legendatours.com\\\/product\\\/albufeira-uncover-the-central-algarve-55000sc\\\/\",\"name\":\"Self-Drive Independent Holidays in Albufeira Central Algarve - Legendary Adventure DMC Portugal\",\"isPartOf\":{\"@id\":\"https:\\\/\\\/legendatours.com\\\/#website\"},\"primaryImageOfPage\":{\"@id\":\"https:\\\/\\\/legendatours.com\\\/product\\\/albufeira-uncover-the-central-algarve-55000sc\\\/#primaryimage\"},\"image\":{\"@id\":\"https:\\\/\\\/legendatours.com\\\/product\\\/albufeira-uncover-the-central-algarve-55000sc\\\/#primaryimage\"},\"thumbnailUrl\":\"https:\\\/\\\/legendatours.com\\\/wp-content\\\/uploads\\\/sites\\\/12\\\/2021\\\/04\\\/Typical_chimney-e1611677671486.jpg\",\"datePublished\":\"2020-06-02T14:53:39+00:00\",\"dateModified\":\"2022-01-02T23:01:55+00:00\",\"description\":\"Self-guided Walking Tour based in Tavira, East Algarve, designed to explore the natural wonders of the Ria Formosa Nature Park and the peaceful countryside.\",\"breadcrumb\":{\"@id\":\"https:\\\/\\\/legendatours.com\\\/product\\\/albufeira-uncover-the-central-algarve-55000sc\\\/#breadcrumb\"},\"inLanguage\":\"sv-SE\",\"potentialAction\":[{\"@type\":\"ReadAction\",\"target\":[\"https:\\\/\\\/legendatours.com\\\/product\\\/albufeira-uncover-the-central-algarve-55000sc\\\/\"]}]},{\"@type\":\"ImageObject\",\"inLanguage\":\"sv-SE\",\"@id\":\"https:\\\/\\\/legendatours.com\\\/product\\\/albufeira-uncover-the-central-algarve-55000sc\\\/#primaryimage\",\"url\":\"https:\\\/\\\/legendatours.com\\\/wp-content\\\/uploads\\\/sites\\\/12\\\/2021\\\/04\\\/Typical_chimney-e1611677671486.jpg\",\"contentUrl\":\"https:\\\/\\\/legendatours.com\\\/wp-content\\\/uploads\\\/sites\\\/12\\\/2021\\\/04\\\/Typical_chimney-e1611677671486.jpg\",\"width\":1024,\"height\":664,\"caption\":\"Typical Algarvian chimney\"},{\"@type\":\"BreadcrumbList\",\"@id\":\"https:\\\/\\\/legendatours.com\\\/product\\\/albufeira-uncover-the-central-algarve-55000sc\\\/#breadcrumb\",\"itemListElement\":[{\"@type\":\"ListItem\",\"position\":1,\"name\":\"Home\",\"item\":\"https:\\\/\\\/legendatours.com\\\/\"},{\"@type\":\"ListItem\",\"position\":2,\"name\":\"Shop\",\"item\":\"https:\\\/\\\/legendatours.com\\\/sv\\\/?page_id=4\"},{\"@type\":\"ListItem\",\"position\":3,\"name\":\"The Algarve is so much more than sun and sea. In the little-visited East Algarve, it looks like time has stood still, and you\u2019ll feel how good it is to slow down and live the good life with this carefully crafted Self-Guided Walking Tour. Each day\u2019s walk highlights the contrasting landscape and wildlife of the region. This tour was put together for the enjoyment of those who have a special interest in rambling and nature.\"}]},{\"@type\":\"WebSite\",\"@id\":\"https:\\\/\\\/legendatours.com\\\/#website\",\"url\":\"https:\\\/\\\/legendatours.com\\\/\",\"name\":\"Legendary Adventure DMC Portugal\",\"description\":\"Responsible Walking &amp; Nature Holidays in Portugal\",\"publisher\":{\"@id\":\"https:\\\/\\\/legendatours.com\\\/#organization\"},\"alternateName\":\"Legendary Adventure Portugal\",\"potentialAction\":[{\"@type\":\"SearchAction\",\"target\":{\"@type\":\"EntryPoint\",\"urlTemplate\":\"https:\\\/\\\/legendatours.com\\\/?s={search_term_string}\"},\"query-input\":{\"@type\":\"PropertyValueSpecification\",\"valueRequired\":true,\"valueName\":\"search_term_string\"}}],\"inLanguage\":\"sv-SE\"},{\"@type\":\"Organization\",\"@id\":\"https:\\\/\\\/legendatours.com\\\/#organization\",\"name\":\"legendatours.com\",\"url\":\"https:\\\/\\\/legendatours.com\\\/\",\"logo\":{\"@type\":\"ImageObject\",\"inLanguage\":\"sv-SE\",\"@id\":\"https:\\\/\\\/legendatours.com\\\/#\\\/schema\\\/logo\\\/image\\\/\",\"url\":\"https:\\\/\\\/legendatours.com\\\/wp-content\\\/uploads\\\/sites\\\/12\\\/2021\\\/06\\\/legendary_adventure_dmc.png\",\"contentUrl\":\"https:\\\/\\\/legendatours.com\\\/wp-content\\\/uploads\\\/sites\\\/12\\\/2021\\\/06\\\/legendary_adventure_dmc.png\",\"width\":250,\"height\":74,\"caption\":\"legendatours.com\"},\"image\":{\"@id\":\"https:\\\/\\\/legendatours.com\\\/#\\\/schema\\\/logo\\\/image\\\/\"},\"sameAs\":[\"https:\\\/\\\/www.facebook.com\\\/legendaryadventuredmc\\\/\",\"https:\\\/\\\/www.linkedin.com\\\/company\\\/legendary-adventure-dmc-portugal\",\"https:\\\/\\\/www.youtube.com\\\/channel\\\/UCOIRDx_KM6ynIcacQkZjb6g\"]}]}<\/script>\n<!-- \/ Yoast SEO Premium plugin. -->","yoast_head_json":{"title":"Bilsemester i Albufeira, centrala Algarve - Legendary Adventure DMC Portugal","description":"Sj\u00e4lvguidad vandringstur baserad i Tavira, \u00f6stra Algarve, designad f\u00f6r att utforska de naturliga underverken i naturparken Ria Formosa och den fridfulla landsbygden.","robots":{"index":"index","follow":"follow","max-snippet":"max-snippet:-1","max-image-preview":"max-image-preview:large","max-video-preview":"max-video-preview:-1"},"canonical":"https:\/\/legendatours.com\/sv\/produkt\/albufeira-uncover-the-central-algarve-55000sc\/","og_locale":"sv_SE","og_type":"article","og_title":"Self-Drive Independent Holidays in Albufeira Central Algarve","og_description":"Self-guided Walking Tour based in Tavira, East Algarve, designed to explore the natural wonders of the Ria Formosa Nature Park and the peaceful countryside.","og_url":"https:\/\/legendatours.com\/sv\/produkt\/albufeira-uncover-the-central-algarve-55000sc\/","og_site_name":"Legendary Adventure DMC Portugal","article_publisher":"https:\/\/www.facebook.com\/legendaryadventuredmc\/","article_modified_time":"2022-01-02T23:01:55+00:00","og_image":[{"width":1024,"height":664,"url":"https:\/\/legendatours.com\/wp-content\/uploads\/sites\/12\/2021\/04\/Typical_chimney-e1611677671486.jpg","type":"image\/jpeg"}],"twitter_card":"summary_large_image","twitter_misc":{"Ber\u00e4knad l\u00e4stid":"2 minuter"},"schema":{"@context":"https:\/\/schema.org","@graph":[{"@type":"WebPage","@id":"https:\/\/legendatours.com\/product\/albufeira-uncover-the-central-algarve-55000sc\/","url":"https:\/\/legendatours.com\/product\/albufeira-uncover-the-central-algarve-55000sc\/","name":"Bilsemester i Albufeira, centrala Algarve - Legendary Adventure DMC Portugal","isPartOf":{"@id":"https:\/\/legendatours.com\/#website"},"primaryImageOfPage":{"@id":"https:\/\/legendatours.com\/product\/albufeira-uncover-the-central-algarve-55000sc\/#primaryimage"},"image":{"@id":"https:\/\/legendatours.com\/product\/albufeira-uncover-the-central-algarve-55000sc\/#primaryimage"},"thumbnailUrl":"https:\/\/legendatours.com\/wp-content\/uploads\/sites\/12\/2021\/04\/Typical_chimney-e1611677671486.jpg","datePublished":"2020-06-02T14:53:39+00:00","dateModified":"2022-01-02T23:01:55+00:00","description":"Sj\u00e4lvguidad vandringstur baserad i Tavira, \u00f6stra Algarve, designad f\u00f6r att utforska de naturliga underverken i naturparken Ria Formosa och den fridfulla landsbygden.","breadcrumb":{"@id":"https:\/\/legendatours.com\/product\/albufeira-uncover-the-central-algarve-55000sc\/#breadcrumb"},"inLanguage":"sv-SE","potentialAction":[{"@type":"ReadAction","target":["https:\/\/legendatours.com\/product\/albufeira-uncover-the-central-algarve-55000sc\/"]}]},{"@type":"ImageObject","inLanguage":"sv-SE","@id":"https:\/\/legendatours.com\/product\/albufeira-uncover-the-central-algarve-55000sc\/#primaryimage","url":"https:\/\/legendatours.com\/wp-content\/uploads\/sites\/12\/2021\/04\/Typical_chimney-e1611677671486.jpg","contentUrl":"https:\/\/legendatours.com\/wp-content\/uploads\/sites\/12\/2021\/04\/Typical_chimney-e1611677671486.jpg","width":1024,"height":664,"caption":"Typical Algarvian chimney"},{"@type":"BreadcrumbList","@id":"https:\/\/legendatours.com\/product\/albufeira-uncover-the-central-algarve-55000sc\/#breadcrumb","itemListElement":[{"@type":"ListItem","position":1,"name":"Home","item":"https:\/\/legendatours.com\/"},{"@type":"ListItem","position":2,"name":"Shop","item":"https:\/\/legendatours.com\/sv\/?page_id=4"},{"@type":"ListItem","position":3,"name":"The Algarve is so much more than sun and sea. In the little-visited East Algarve, it looks like time has stood still, and you\u2019ll feel how good it is to slow down and live the good life with this carefully crafted Self-Guided Walking Tour. Each day\u2019s walk highlights the contrasting landscape and wildlife of the region. This tour was put together for the enjoyment of those who have a special interest in rambling and nature."}]},{"@type":"WebSite","@id":"https:\/\/legendatours.com\/#website","url":"https:\/\/legendatours.com\/","name":"Legendariskt \u00e4ventyr DMC Portugal","description":"Ansvarsfulla vandringar och natursemester i Portugal","publisher":{"@id":"https:\/\/legendatours.com\/#organization"},"alternateName":"Legendary Adventure Portugal","potentialAction":[{"@type":"SearchAction","target":{"@type":"EntryPoint","urlTemplate":"https:\/\/legendatours.com\/?s={search_term_string}"},"query-input":{"@type":"PropertyValueSpecification","valueRequired":true,"valueName":"search_term_string"}}],"inLanguage":"sv-SE"},{"@type":"Organization","@id":"https:\/\/legendatours.com\/#organization","name":"legendatours.com","url":"https:\/\/legendatours.com\/","logo":{"@type":"ImageObject","inLanguage":"sv-SE","@id":"https:\/\/legendatours.com\/#\/schema\/logo\/image\/","url":"https:\/\/legendatours.com\/wp-content\/uploads\/sites\/12\/2021\/06\/legendary_adventure_dmc.png","contentUrl":"https:\/\/legendatours.com\/wp-content\/uploads\/sites\/12\/2021\/06\/legendary_adventure_dmc.png","width":250,"height":74,"caption":"legendatours.com"},"image":{"@id":"https:\/\/legendatours.com\/#\/schema\/logo\/image\/"},"sameAs":["https:\/\/www.facebook.com\/legendaryadventuredmc\/","https:\/\/www.linkedin.com\/company\/legendary-adventure-dmc-portugal","https:\/\/www.youtube.com\/channel\/UCOIRDx_KM6ynIcacQkZjb6g"]}]}},"_links":{"self":[{"href":"https:\/\/legendatours.com\/sv\/wp-json\/wp\/v2\/product\/8096","targetHints":{"allow":["GET"]}}],"collection":[{"href":"https:\/\/legendatours.com\/sv\/wp-json\/wp\/v2\/product"}],"about":[{"href":"https:\/\/legendatours.com\/sv\/wp-json\/wp\/v2\/types\/product"}],"replies":[{"embeddable":true,"href":"https:\/\/legendatours.com\/sv\/wp-json\/wp\/v2\/comments?post=8096"}],"wp:featuredmedia":[{"embeddable":true,"href":"https:\/\/legendatours.com\/sv\/wp-json\/wp\/v2\/media\/7762"}],"wp:attachment":[{"href":"https:\/\/legendatours.com\/sv\/wp-json\/wp\/v2\/media?parent=8096"}],"wp:term":[{"taxonomy":"product_brand","embeddable":true,"href":"https:\/\/legendatours.com\/sv\/wp-json\/wp\/v2\/product_brand?post=8096"},{"taxonomy":"product_cat","embeddable":true,"href":"https:\/\/legendatours.com\/sv\/wp-json\/wp\/v2\/product_cat?post=8096"},{"taxonomy":"product_tag","embeddable":true,"href":"https:\/\/legendatours.com\/sv\/wp-json\/wp\/v2\/product_tag?post=8096"}],"curies":[{"name":"wp","href":"https:\/\/api.w.org\/{rel}","templated":true}]}}