{"id":8102,"date":"2020-06-02T14:30:26","date_gmt":"2020-06-02T14:30:26","guid":{"rendered":"https:\/\/legendatours.com\/product\/tavira-self-drive-road-trip-experience-the-east-algarve\/"},"modified":"2022-01-02T23:03:53","modified_gmt":"2022-01-02T23:03:53","slug":"tavira-experience-the-east-algarve-54001sc","status":"publish","type":"product","link":"https:\/\/legendatours.com\/sv\/produkt\/tavira-experience-the-east-algarve-54001sc\/","title":{"rendered":"Tavira Self-Drive Road Trip: Upplev \u00f6stra Algarve"},"content":{"rendered":"<p>Tavira, basen f\u00f6r denna bilresa med sj\u00e4lvk\u00f6rning, \u00e4r en fridfull kuststad p\u00e5 \u00f6stra Algarve.<\/p>\n<p>H\u00e4rifr\u00e5n kommer du att uppt\u00e4cka magnifika kustlandskap, ov\u00e4ntade inlandslandskap och livsstilar och charmiga historiska st\u00e4der.<\/p>\n<p>Designad av lokala inv\u00e5nare, erbjuder denna skr\u00e4ddarsydda turn\u00e9 en unik upplevelse av denna regions naturliga, m\u00e4nskliga och kulturella arv.<\/p>\n<div id=\"attachment_1776\" style=\"width: 1034px\" class=\"wp-caption alignnone\"><img loading=\"lazy\" decoding=\"async\" aria-describedby=\"caption-attachment-1776\" class=\"wp-image-1776 size-large\" src=\"https:\/\/legendatours.net\/wp-content\/uploads\/2020\/03\/Anchor-cemetery-in-Barril-Beach-1024x687.jpg\" alt=\"Anchor cemetery in Barril Beach Tavira\" width=\"1024\" height=\"687\" \/><p id=\"caption-attachment-1776\" class=\"wp-caption-text\">Ankarkyrkog\u00e5rd i Barril Beach Tavira. Detta m\u00e4rkliga arrangemang av ankare \u00e4r i sj\u00e4lva verket ett slags minnesm\u00e4rke \u00f6ver den f\u00f6rlorade tonfiskeindustrin som en g\u00e5ng frodades h\u00e4r.<\/p><\/div>\n<p>Atlantens bl\u00e5a vatten, de gyllene sandstr\u00e4nderna, Ria Formosa, den uts\u00f6kta gastronomin, de v\u00e4nliga m\u00e4nniskorna, alla dessa egenskaper i Algarve \u00e4r allm\u00e4nt k\u00e4nda.<\/p>\n<p>Men det finns fortfarande hemliga platser, landskap som ska avsl\u00f6jas och s\u00e4tt och traditioner som \u00e4r ok\u00e4nda f\u00f6r m\u00e5nga.<\/p>\n<p>Tavira, p\u00e5 s\u00f6dra sluttningarna av Serra do Caldeir\u00e3o, \u00e4r en pittoresk och pittoresk stad, omgiven av ett landskap prickat med oliv-, mandel-, fikon-, johannesbr\u00f6d- och palmtr\u00e4d.<\/p>\n<p>Tavira har formats av sitt historiska f\u00f6rflutna och har en attraktiv flodstrand och en lugn atmosf\u00e4r. Floden Gil\u00e3o \u00f6ppnar sig mot Ria Formosa, ett system av laguner med stor naturlig sk\u00f6nhet.<\/p>\n<p>Denna oberoende turn\u00e9 ger dig en inblick i vikten av traditionellt fiske i Ria Formosa, och en m\u00f6jlighet att smaka p\u00e5 havets delikatesser tillagade med expertis och enkelhet.<\/p>\n<p>Du kommer inte att gl\u00f6mma de f\u00e4rska ostronen, bl\u00e4ckfiskgrytorna, rakmusslorna, tonfiskr\u00e4tterna, med variationer exklusiva f\u00f6r denna region, d\u00e4r f\u00e5nga och tillaga havets frukter \u00e4r en sann konst.<\/p>\n<div id=\"attachment_928\" style=\"width: 1034px\" class=\"wp-caption alignnone\"><img loading=\"lazy\" decoding=\"async\" aria-describedby=\"caption-attachment-928\" class=\"wp-image-928 size-large\" src=\"https:\/\/legendatours.net\/wp-content\/uploads\/2020\/03\/Azure-lagoons-of-the-Ria-Formosa-Natural-Park-1-1024x685.jpg\" alt=\"Walking Ria Formosa Natural Park\" width=\"1024\" height=\"685\" \/><p id=\"caption-attachment-928\" class=\"wp-caption-text\">Azurbl\u00e5 laguner i naturparken Ria Formosa. Detta \u00e4r en unik kustlagun som st\u00e4ndigt f\u00f6r\u00e4ndras p\u00e5 grund av den kontinuerliga r\u00f6relsen av vindar, str\u00f6mmar och tidvatten.<\/p><\/div>\n<p>N\u00e4r du r\u00f6r dig \u00f6sterut kommer du att bes\u00f6ka Cacela Velha, en charmig vit och bl\u00e5 kustby, med den enda klippan i \u00f6stra Algarve, och utan tvekan den mest fantastiska utsikten du kommer att se p\u00e5 denna turn\u00e9.<\/p>\n<p>Du kommer att ta en n\u00e4rmare titt p\u00e5 Vila Real de Santo Ant\u00f3nio, en stad som grundades 1774, under upplysningstidens principer. Det byggdes som en kopia av centrala Lissabons gatulayout efter den f\u00f6r\u00f6dande jordb\u00e4vningen 1755.<\/p>\n<p>Utflykterna i inlandet, till kullarna ovanf\u00f6r Tavira, kommer att avsl\u00f6ja attraktionskraften hos s\u00f6mniga byar som Cachopo, med vitkalkade hus med distinkt dekorerade br\u00f6stv\u00e4rn i fasaderna. Vissa g\u00f6mmer terrasser (a\u00e7oteias) som anv\u00e4nds f\u00f6r att torka fikon och andra produkter, med f\u00f6rf\u00e4ders bevarandetekniker. Andra \u00e4r rent dekorativa och ett tecken p\u00e5 hus\u00e4garens rikedom och prestige.<\/p>\n<p>S. Bras de Alportel, ett annat stopp p\u00e5 v\u00e5r resplan, \u00e4r k\u00e4nt f\u00f6r korkproduktion, d\u00e4r tr\u00e4dbarken f\u00f6rvandlas till en h\u00e5llbar och ekologisk produkt. Kvaliteten p\u00e5 korken fr\u00e5n denna region \u00e4r k\u00e4nd \u00f6ver hela v\u00e4rlden med otaliga anv\u00e4ndningsomr\u00e5den.<\/p>\n<div id=\"attachment_1872\" style=\"width: 1034px\" class=\"wp-caption alignnone\"><img loading=\"lazy\" decoding=\"async\" aria-describedby=\"caption-attachment-1872\" class=\"wp-image-1872 size-large\" src=\"https:\/\/legendatours.net\/wp-content\/uploads\/2020\/03\/Alcoutim_Smuggler_statue-1024x768.jpg\" alt=\"Alcoutim Smuggler Statue\" width=\"1024\" height=\"768\" \/><p id=\"caption-attachment-1872\" class=\"wp-caption-text\">Alcoutim smugglarstaty, som framkallar det kollektiva minnet av historien om detta land och denna flod: fiskaren, skattevakten och smugglaren.<\/p><\/div>\n<p>Du f\u00f6ljer sedan de gr\u00f6nskande kullarna som gr\u00e4nsar till Guadianafloden f\u00f6r att n\u00e5 Alcoutim. San Lucar del Guadiana \u00e4r den spanska staden p\u00e5 motsatta stranden.<br \/>\nSlottet Alcoutim byggdes p\u00e5 1500-talet, och fr\u00e5n tr\u00e4dg\u00e5rdarna, som \u00e4r perfekt omh\u00e4ndertagna, har du en utm\u00e4rkt utsiktsplats. Det finns en myriad av legender som involverar slottet, som ber\u00e4ttar om modiga riddare och vackra moriska prinsessor, frustrerade i sin k\u00e4rlek, som blir f\u00f6rtrollade.<\/p>\n<p>Detta \u00e4r en sj\u00e4lvk\u00f6rningstur som \u00e4r noggrant utformad, d\u00e4r det f\u00f6rflutna sm\u00e4lter samman med nuet, vilket g\u00f6r varje \u00f6gonblick till ett best\u00e5ende minne: kom som bes\u00f6kare men l\u00e4mna som en lokal!<\/p>\n<div class=\"row\" style=\"display: flex;\">\n<div class=\"column\" style=\"flex: 45%;\"><\/div>\n<div class=\"column\" style=\"flex: 10%;\"><\/div>\n<div class=\"column\" style=\"flex: 45%;\"><\/div>\n<\/div>","protected":false},"excerpt":{"rendered":"<p>Tavira, basen f\u00f6r denna bilresa med sj\u00e4lvk\u00f6rning, \u00e4r en fridfull kuststad p\u00e5 \u00f6stra Algarve.<\/p>\n<p>H\u00e4rifr\u00e5n kommer du att uppt\u00e4cka magnifika kustlandskap, ov\u00e4ntade inlandslandskap och livsstilar och charmiga historiska st\u00e4der.<\/p>\n<p>Designad av lokala inv\u00e5nare, erbjuder denna skr\u00e4ddarsydda turn\u00e9 en unik upplevelse av denna regions naturliga, m\u00e4nskliga och kulturella arv.<\/p>","protected":false},"featured_media":1717,"comment_status":"closed","ping_status":"closed","template":"","meta":{"_acf_changed":false,"inline_featured_image":false},"product_brand":[],"product_cat":[327,734,301],"product_tag":[547,367,306,827,828,727,829,152,830,831,460,738,83,153,214,337,389,832,833,834,835,836,837,554,838,218,313,271,478,97,558,839,106,749,819,169,480,1021,642,840,841,319,804,328,805,842,228,322,174,324,806,807,843,286,325,326,179,145],"class_list":{"0":"post-8102","1":"product","2":"type-product","3":"status-publish","4":"has-post-thumbnail","6":"product_cat-self-drive-holidays-portugal","7":"product_cat-self-guided-sightseeing-holidays-in-portugal","8":"product_cat-self-guided-tours-portugal","9":"product_tag-alcoutim","10":"product_tag-algarve-city","11":"product_tag-alleine-reisen","12":"product_tag-almonds","13":"product_tag-barranco-do-velho","14":"product_tag-barril-beach","15":"product_tag-blue-waters","16":"product_tag-cacela-velha","17":"product_tag-cachopo","18":"product_tag-carob-trees","19":"product_tag-castro-marim","20":"product_tag-central-portugal","21":"product_tag-cork-trees","22":"product_tag-countryside","23":"product_tag-culture","24":"product_tag-delicious-food","25":"product_tag-eastern-algarve","26":"product_tag-ferragudo","27":"product_tag-figs","28":"product_tag-fishing-heritage","29":"product_tag-foz-de-odeleite","30":"product_tag-golden-sandy-beaches","31":"product_tag-gorges","32":"product_tag-guadiana-river","33":"product_tag-guerreiros-do-rio","34":"product_tag-history","35":"product_tag-individuelle-touren","36":"product_tag-lush-green-hills","37":"product_tag-monte-gordo","38":"product_tag-natural-park","39":"product_tag-olives","40":"product_tag-palm-trees","41":"product_tag-picturesque-landscapes","42":"product_tag-protected-area","43":"product_tag-quartzite-elevations","44":"product_tag-ria-formosa-natural-park","45":"product_tag-ria-formosa-natural-reserve","46":"product_tag-ria-formosa-nature-reserve","47":"product_tag-sagres","48":"product_tag-santa-rita","49":"product_tag-sao-bras-de-alportel","50":"product_tag-sejour-en-liberte","51":"product_tag-self-drive-holiday","52":"product_tag-self-guided","53":"product_tag-self-guided-holiday","54":"product_tag-serra-do-caldeirao","55":"product_tag-sightseeing","56":"product_tag-solo-reisen","57":"product_tag-tavira","58":"product_tag-tours-autoguidees","59":"product_tag-undulating-plains","60":"product_tag-valleys","61":"product_tag-vila-do-vispo","62":"product_tag-vila-real-de-santo-antonio","63":"product_tag-voyage-en-liberte","64":"product_tag-voyages-en-autonomie","65":"product_tag-walking-in-tavira","66":"product_tag-wines","68":"first","69":"instock","70":"virtual","71":"product-type-simple"},"acf":[],"yoast_head":"<!-- This site is optimized with the Yoast SEO Premium plugin v26.8 (Yoast SEO v27.5) - https:\/\/yoast.com\/product\/yoast-seo-premium-wordpress\/ -->\n<title>Tavira Self-Drive Road Trip: Experience the East Algarve - Legendary Adventure DMC Portugal<\/title>\n<meta name=\"description\" content=\"Self-guided Walking Tour based in Tavira, East Algarve, designed to explore the natural wonders of the Ria Formosa Nature Park and the peaceful countryside.\" \/>\n<meta name=\"robots\" content=\"index, follow, max-snippet:-1, max-image-preview:large, max-video-preview:-1\" \/>\n<link rel=\"canonical\" href=\"https:\/\/legendatours.com\/sv\/produkt\/tavira-experience-the-east-algarve-54001sc\/\" \/>\n<meta property=\"og:locale\" content=\"sv_SE\" \/>\n<meta property=\"og:type\" content=\"article\" \/>\n<meta property=\"og:title\" content=\"Tavira Self-Drive Road Trip: Experience the East Algarve\" \/>\n<meta property=\"og:description\" content=\"Self-guided Walking Tour based in Tavira, East Algarve, designed to explore the natural wonders of the Ria Formosa Nature Park and the peaceful countryside.\" \/>\n<meta property=\"og:url\" content=\"https:\/\/legendatours.com\/sv\/produkt\/tavira-experience-the-east-algarve-54001sc\/\" \/>\n<meta property=\"og:site_name\" content=\"Legendary Adventure DMC Portugal\" \/>\n<meta property=\"article:publisher\" content=\"https:\/\/www.facebook.com\/legendaryadventuredmc\/\" \/>\n<meta property=\"article:modified_time\" content=\"2022-01-02T23:03:53+00:00\" \/>\n<meta property=\"og:image\" content=\"https:\/\/legendatours.com\/wp-content\/uploads\/sites\/12\/2021\/04\/Roman-bridge-in-Tavira-Venice-of-Algarve-2-e1611676865827.jpg\" \/>\n\t<meta property=\"og:image:width\" content=\"1024\" \/>\n\t<meta property=\"og:image:height\" content=\"685\" \/>\n\t<meta property=\"og:image:type\" content=\"image\/jpeg\" \/>\n<meta name=\"twitter:card\" content=\"summary_large_image\" \/>\n<meta name=\"twitter:label1\" content=\"Ber\u00e4knad l\u00e4stid\" \/>\n\t<meta name=\"twitter:data1\" content=\"3 minuter\" \/>\n<script type=\"application\/ld+json\" class=\"yoast-schema-graph\">{\"@context\":\"https:\\\/\\\/schema.org\",\"@graph\":[{\"@type\":\"WebPage\",\"@id\":\"https:\\\/\\\/legendatours.com\\\/product\\\/tavira-experience-the-east-algarve-54001sc\\\/\",\"url\":\"https:\\\/\\\/legendatours.com\\\/product\\\/tavira-experience-the-east-algarve-54001sc\\\/\",\"name\":\"Tavira Self-Drive Road Trip: Experience the East Algarve - Legendary Adventure DMC Portugal\",\"isPartOf\":{\"@id\":\"https:\\\/\\\/legendatours.com\\\/#website\"},\"primaryImageOfPage\":{\"@id\":\"https:\\\/\\\/legendatours.com\\\/product\\\/tavira-experience-the-east-algarve-54001sc\\\/#primaryimage\"},\"image\":{\"@id\":\"https:\\\/\\\/legendatours.com\\\/product\\\/tavira-experience-the-east-algarve-54001sc\\\/#primaryimage\"},\"thumbnailUrl\":\"https:\\\/\\\/legendatours.com\\\/wp-content\\\/uploads\\\/sites\\\/12\\\/2021\\\/04\\\/Roman-bridge-in-Tavira-Venice-of-Algarve-2-e1611676865827.jpg\",\"datePublished\":\"2020-06-02T14:30:26+00:00\",\"dateModified\":\"2022-01-02T23:03:53+00:00\",\"description\":\"Self-guided Walking Tour based in Tavira, East Algarve, designed to explore the natural wonders of the Ria Formosa Nature Park and the peaceful countryside.\",\"breadcrumb\":{\"@id\":\"https:\\\/\\\/legendatours.com\\\/product\\\/tavira-experience-the-east-algarve-54001sc\\\/#breadcrumb\"},\"inLanguage\":\"sv-SE\",\"potentialAction\":[{\"@type\":\"ReadAction\",\"target\":[\"https:\\\/\\\/legendatours.com\\\/product\\\/tavira-experience-the-east-algarve-54001sc\\\/\"]}]},{\"@type\":\"ImageObject\",\"inLanguage\":\"sv-SE\",\"@id\":\"https:\\\/\\\/legendatours.com\\\/product\\\/tavira-experience-the-east-algarve-54001sc\\\/#primaryimage\",\"url\":\"https:\\\/\\\/legendatours.com\\\/wp-content\\\/uploads\\\/sites\\\/12\\\/2021\\\/04\\\/Roman-bridge-in-Tavira-Venice-of-Algarve-2-e1611676865827.jpg\",\"contentUrl\":\"https:\\\/\\\/legendatours.com\\\/wp-content\\\/uploads\\\/sites\\\/12\\\/2021\\\/04\\\/Roman-bridge-in-Tavira-Venice-of-Algarve-2-e1611676865827.jpg\",\"width\":1024,\"height\":685,\"caption\":\"Roman bridge in Tavira Venice of Algarve\"},{\"@type\":\"BreadcrumbList\",\"@id\":\"https:\\\/\\\/legendatours.com\\\/product\\\/tavira-experience-the-east-algarve-54001sc\\\/#breadcrumb\",\"itemListElement\":[{\"@type\":\"ListItem\",\"position\":1,\"name\":\"Home\",\"item\":\"https:\\\/\\\/legendatours.com\\\/\"},{\"@type\":\"ListItem\",\"position\":2,\"name\":\"Shop\",\"item\":\"https:\\\/\\\/legendatours.com\\\/sv\\\/?page_id=4\"},{\"@type\":\"ListItem\",\"position\":3,\"name\":\"The Algarve is so much more than sun and sea. In the little-visited East Algarve, it looks like time has stood still, and you\u2019ll feel how good it is to slow down and live the good life with this carefully crafted Self-Guided Walking Tour. Each day\u2019s walk highlights the contrasting landscape and wildlife of the region. This tour was put together for the enjoyment of those who have a special interest in rambling and nature.\"}]},{\"@type\":\"WebSite\",\"@id\":\"https:\\\/\\\/legendatours.com\\\/#website\",\"url\":\"https:\\\/\\\/legendatours.com\\\/\",\"name\":\"Legendary Adventure DMC Portugal\",\"description\":\"Responsible Walking &amp; Nature Holidays in Portugal\",\"publisher\":{\"@id\":\"https:\\\/\\\/legendatours.com\\\/#organization\"},\"alternateName\":\"Legendary Adventure Portugal\",\"potentialAction\":[{\"@type\":\"SearchAction\",\"target\":{\"@type\":\"EntryPoint\",\"urlTemplate\":\"https:\\\/\\\/legendatours.com\\\/?s={search_term_string}\"},\"query-input\":{\"@type\":\"PropertyValueSpecification\",\"valueRequired\":true,\"valueName\":\"search_term_string\"}}],\"inLanguage\":\"sv-SE\"},{\"@type\":\"Organization\",\"@id\":\"https:\\\/\\\/legendatours.com\\\/#organization\",\"name\":\"legendatours.com\",\"url\":\"https:\\\/\\\/legendatours.com\\\/\",\"logo\":{\"@type\":\"ImageObject\",\"inLanguage\":\"sv-SE\",\"@id\":\"https:\\\/\\\/legendatours.com\\\/#\\\/schema\\\/logo\\\/image\\\/\",\"url\":\"https:\\\/\\\/legendatours.com\\\/wp-content\\\/uploads\\\/sites\\\/12\\\/2021\\\/06\\\/legendary_adventure_dmc.png\",\"contentUrl\":\"https:\\\/\\\/legendatours.com\\\/wp-content\\\/uploads\\\/sites\\\/12\\\/2021\\\/06\\\/legendary_adventure_dmc.png\",\"width\":250,\"height\":74,\"caption\":\"legendatours.com\"},\"image\":{\"@id\":\"https:\\\/\\\/legendatours.com\\\/#\\\/schema\\\/logo\\\/image\\\/\"},\"sameAs\":[\"https:\\\/\\\/www.facebook.com\\\/legendaryadventuredmc\\\/\",\"https:\\\/\\\/www.linkedin.com\\\/company\\\/legendary-adventure-dmc-portugal\",\"https:\\\/\\\/www.youtube.com\\\/channel\\\/UCOIRDx_KM6ynIcacQkZjb6g\"]}]}<\/script>\n<!-- \/ Yoast SEO Premium plugin. -->","yoast_head_json":{"title":"Tavira Self-Drive Road Trip: Upplev \u00f6stra Algarve - Legendary Adventure DMC Portugal","description":"Sj\u00e4lvguidad vandringstur baserad i Tavira, \u00f6stra Algarve, designad f\u00f6r att utforska de naturliga underverken i naturparken Ria Formosa och den fridfulla landsbygden.","robots":{"index":"index","follow":"follow","max-snippet":"max-snippet:-1","max-image-preview":"max-image-preview:large","max-video-preview":"max-video-preview:-1"},"canonical":"https:\/\/legendatours.com\/sv\/produkt\/tavira-experience-the-east-algarve-54001sc\/","og_locale":"sv_SE","og_type":"article","og_title":"Tavira Self-Drive Road Trip: Experience the East Algarve","og_description":"Self-guided Walking Tour based in Tavira, East Algarve, designed to explore the natural wonders of the Ria Formosa Nature Park and the peaceful countryside.","og_url":"https:\/\/legendatours.com\/sv\/produkt\/tavira-experience-the-east-algarve-54001sc\/","og_site_name":"Legendary Adventure DMC Portugal","article_publisher":"https:\/\/www.facebook.com\/legendaryadventuredmc\/","article_modified_time":"2022-01-02T23:03:53+00:00","og_image":[{"width":1024,"height":685,"url":"https:\/\/legendatours.com\/wp-content\/uploads\/sites\/12\/2021\/04\/Roman-bridge-in-Tavira-Venice-of-Algarve-2-e1611676865827.jpg","type":"image\/jpeg"}],"twitter_card":"summary_large_image","twitter_misc":{"Ber\u00e4knad l\u00e4stid":"3 minuter"},"schema":{"@context":"https:\/\/schema.org","@graph":[{"@type":"WebPage","@id":"https:\/\/legendatours.com\/product\/tavira-experience-the-east-algarve-54001sc\/","url":"https:\/\/legendatours.com\/product\/tavira-experience-the-east-algarve-54001sc\/","name":"Tavira Self-Drive Road Trip: Upplev \u00f6stra Algarve - Legendary Adventure DMC Portugal","isPartOf":{"@id":"https:\/\/legendatours.com\/#website"},"primaryImageOfPage":{"@id":"https:\/\/legendatours.com\/product\/tavira-experience-the-east-algarve-54001sc\/#primaryimage"},"image":{"@id":"https:\/\/legendatours.com\/product\/tavira-experience-the-east-algarve-54001sc\/#primaryimage"},"thumbnailUrl":"https:\/\/legendatours.com\/wp-content\/uploads\/sites\/12\/2021\/04\/Roman-bridge-in-Tavira-Venice-of-Algarve-2-e1611676865827.jpg","datePublished":"2020-06-02T14:30:26+00:00","dateModified":"2022-01-02T23:03:53+00:00","description":"Sj\u00e4lvguidad vandringstur baserad i Tavira, \u00f6stra Algarve, designad f\u00f6r att utforska de naturliga underverken i naturparken Ria Formosa och den fridfulla landsbygden.","breadcrumb":{"@id":"https:\/\/legendatours.com\/product\/tavira-experience-the-east-algarve-54001sc\/#breadcrumb"},"inLanguage":"sv-SE","potentialAction":[{"@type":"ReadAction","target":["https:\/\/legendatours.com\/product\/tavira-experience-the-east-algarve-54001sc\/"]}]},{"@type":"ImageObject","inLanguage":"sv-SE","@id":"https:\/\/legendatours.com\/product\/tavira-experience-the-east-algarve-54001sc\/#primaryimage","url":"https:\/\/legendatours.com\/wp-content\/uploads\/sites\/12\/2021\/04\/Roman-bridge-in-Tavira-Venice-of-Algarve-2-e1611676865827.jpg","contentUrl":"https:\/\/legendatours.com\/wp-content\/uploads\/sites\/12\/2021\/04\/Roman-bridge-in-Tavira-Venice-of-Algarve-2-e1611676865827.jpg","width":1024,"height":685,"caption":"Roman bridge in Tavira Venice of Algarve"},{"@type":"BreadcrumbList","@id":"https:\/\/legendatours.com\/product\/tavira-experience-the-east-algarve-54001sc\/#breadcrumb","itemListElement":[{"@type":"ListItem","position":1,"name":"Home","item":"https:\/\/legendatours.com\/"},{"@type":"ListItem","position":2,"name":"Shop","item":"https:\/\/legendatours.com\/sv\/?page_id=4"},{"@type":"ListItem","position":3,"name":"The Algarve is so much more than sun and sea. In the little-visited East Algarve, it looks like time has stood still, and you\u2019ll feel how good it is to slow down and live the good life with this carefully crafted Self-Guided Walking Tour. Each day\u2019s walk highlights the contrasting landscape and wildlife of the region. This tour was put together for the enjoyment of those who have a special interest in rambling and nature."}]},{"@type":"WebSite","@id":"https:\/\/legendatours.com\/#website","url":"https:\/\/legendatours.com\/","name":"Legendariskt \u00e4ventyr DMC Portugal","description":"Ansvarsfulla vandringar och natursemester i Portugal","publisher":{"@id":"https:\/\/legendatours.com\/#organization"},"alternateName":"Legendary Adventure Portugal","potentialAction":[{"@type":"SearchAction","target":{"@type":"EntryPoint","urlTemplate":"https:\/\/legendatours.com\/?s={search_term_string}"},"query-input":{"@type":"PropertyValueSpecification","valueRequired":true,"valueName":"search_term_string"}}],"inLanguage":"sv-SE"},{"@type":"Organization","@id":"https:\/\/legendatours.com\/#organization","name":"legendatours.com","url":"https:\/\/legendatours.com\/","logo":{"@type":"ImageObject","inLanguage":"sv-SE","@id":"https:\/\/legendatours.com\/#\/schema\/logo\/image\/","url":"https:\/\/legendatours.com\/wp-content\/uploads\/sites\/12\/2021\/06\/legendary_adventure_dmc.png","contentUrl":"https:\/\/legendatours.com\/wp-content\/uploads\/sites\/12\/2021\/06\/legendary_adventure_dmc.png","width":250,"height":74,"caption":"legendatours.com"},"image":{"@id":"https:\/\/legendatours.com\/#\/schema\/logo\/image\/"},"sameAs":["https:\/\/www.facebook.com\/legendaryadventuredmc\/","https:\/\/www.linkedin.com\/company\/legendary-adventure-dmc-portugal","https:\/\/www.youtube.com\/channel\/UCOIRDx_KM6ynIcacQkZjb6g"]}]}},"_links":{"self":[{"href":"https:\/\/legendatours.com\/sv\/wp-json\/wp\/v2\/product\/8102","targetHints":{"allow":["GET"]}}],"collection":[{"href":"https:\/\/legendatours.com\/sv\/wp-json\/wp\/v2\/product"}],"about":[{"href":"https:\/\/legendatours.com\/sv\/wp-json\/wp\/v2\/types\/product"}],"replies":[{"embeddable":true,"href":"https:\/\/legendatours.com\/sv\/wp-json\/wp\/v2\/comments?post=8102"}],"wp:featuredmedia":[{"embeddable":true,"href":"https:\/\/legendatours.com\/sv\/wp-json\/wp\/v2\/media\/1717"}],"wp:attachment":[{"href":"https:\/\/legendatours.com\/sv\/wp-json\/wp\/v2\/media?parent=8102"}],"wp:term":[{"taxonomy":"product_brand","embeddable":true,"href":"https:\/\/legendatours.com\/sv\/wp-json\/wp\/v2\/product_brand?post=8102"},{"taxonomy":"product_cat","embeddable":true,"href":"https:\/\/legendatours.com\/sv\/wp-json\/wp\/v2\/product_cat?post=8102"},{"taxonomy":"product_tag","embeddable":true,"href":"https:\/\/legendatours.com\/sv\/wp-json\/wp\/v2\/product_tag?post=8102"}],"curies":[{"name":"wp","href":"https:\/\/api.w.org\/{rel}","templated":true}]}}