{"id":8135,"date":"2020-05-29T15:29:07","date_gmt":"2020-05-29T15:29:07","guid":{"rendered":"https:\/\/legendatours.com\/product\/long-stay-holidays-in-castro-marim-portugal\/"},"modified":"2021-08-13T10:34:57","modified_gmt":"2021-08-13T10:34:57","slug":"long-stay-castro-marim-ls300pk","status":"publish","type":"product","link":"https:\/\/legendatours.com\/sv\/produkt\/long-stay-castro-marim-ls300pk\/","title":{"rendered":"L\u00e5ngtids semester i Castro Marim Portugal"},"content":{"rendered":"<p>Castro Marim \u00e4r en dold p\u00e4rla p\u00e5 spetsen av \u00f6stra Algarve, p\u00e5 gr\u00e4nsen till Spanien. En privilegierad destination som str\u00e4cker sig fr\u00e5n havet till inlandet, med floden Guadiana som gr\u00e4ns.<\/p>\n<p>Om du vill fly fr\u00e5n de kalla och regniga dagarna, ta en titt p\u00e5 denna l\u00e5ngtidssemester.<\/p>\n<p>Du kommer att ha m\u00f6jlighet att leva som en lokal och resa p\u00e5 din fritid f\u00f6r att njuta av Algarves \u00f6ver 300 soldagar per \u00e5r!<\/p>\n<div id=\"attachment_1818\" style=\"width: 1034px\" class=\"wp-caption alignnone\"><img loading=\"lazy\" decoding=\"async\" aria-describedby=\"caption-attachment-1818\" class=\"wp-image-1818 size-large\" src=\"https:\/\/legendatours.net\/wp-content\/uploads\/2020\/03\/Castro_Marim_nature_reserve-1024x681.jpg\" alt=\"Castro Marim Nature Reserve\" width=\"1024\" height=\"681\" \/><p id=\"caption-attachment-1818\" class=\"wp-caption-text\">Castro Marim naturreservat<\/p><\/div>\n<p>Castro Marim \u00e4r ett av de \u00e4ldsta samh\u00e4llena i Algarve och var ett viktigt centrum f\u00f6r arabisk makt fram till 1242.<\/p>\n<p>Den strategiska positionen p\u00e5 gr\u00e4nsen och behovet av att sl\u00e5 tillbaka de moriska attackerna fr\u00e5n Nordafrika var sk\u00e4len till att bygga slottet, fortet och murarna, mycket v\u00e4lbevarade och v\u00e4rda en rundtur.<\/p>\n<p>Fr\u00e5n stridsf\u00e4ltskommandot finns en fantastisk utsikt \u00f6ver det omgivande omr\u00e5det, som str\u00e4cker sig till de magnifika saltpannor som reflekterar solljuset i deras vita vidd, d\u00e4r traditionellt salt produceras. P\u00e5 l\u00e5ngt h\u00e5ll slingrar sig Guadianafloden.<\/p>\n<p>Flamingos eleganta kontur \u00e4r en vanlig syn. Dessa underbara f\u00e5glar finns i \u00f6verfl\u00f6d p\u00e5 de b\u00f6rdiga sl\u00e4tterna l\u00e4ngs floden Guadiana, hem f\u00f6r en m\u00e4ngd andra arter, som trivs i naturreservatet Castro Marim.<\/p>\n<div id=\"attachment_1830\" style=\"width: 1034px\" class=\"wp-caption alignnone\"><img loading=\"lazy\" decoding=\"async\" aria-describedby=\"caption-attachment-1830\" class=\"wp-image-1830 size-large\" src=\"https:\/\/legendatours.net\/wp-content\/uploads\/2020\/03\/Castro_Marim-1024x680.jpg\" alt=\"Castro Marim\" width=\"1024\" height=\"680\" \/><p id=\"caption-attachment-1830\" class=\"wp-caption-text\">Castro Marim<\/p><\/div>\n<p>Landskapet str\u00e4cker sig in i en frodig tallskog och i b\u00f6ljande kullar, t\u00e4ckta av en ljus matta av vilda blommor.<\/p>\n<p>I n\u00e4rheten kan du hitta fantastiska str\u00e4nder som str\u00e4cker sig \u00f6ver miles av gyllene mjuk sand, n\u00e4stan \u00f6ken n\u00e4r sommaren \u00e4r slut.<\/p>\n<p>Det \u00e4r inte sv\u00e5rt att hitta \u00e4kta hantverk som kommer att gl\u00e4dja m\u00e4nniskor som uppskattar popul\u00e4r konst.<\/p>\n<p>Detta \u00e4r bara n\u00e5gra aspekter av denna fridfulla och intressanta destination.<\/p>\n<p>Ta en paus och njut av din pension eller tillf\u00e4lliga ledighet utan att k\u00e4nna dig stressad. Och dra nytta av l\u00e5gs\u00e4songens priser \u2013 du f\u00e5r mer f\u00f6r mindre pengar!<\/p>","protected":false},"excerpt":{"rendered":"<p>Castro Marim \u00e4r en dold p\u00e4rla p\u00e5 spetsen av \u00f6stra Algarve, p\u00e5 gr\u00e4nsen till Spanien. En privilegierad destination som str\u00e4cker sig fr\u00e5n havet till inlandet, med floden Guadiana som gr\u00e4ns.<\/p>\n<p>Om du vill fly fr\u00e5n de kalla och regniga dagarna, ta en titt p\u00e5 denna l\u00e5ngtidssemester.<\/p>\n<p>Du kommer att ha m\u00f6jlighet att leva som en lokal och resa p\u00e5 din fritid f\u00f6r att njuta av Algarves \u00f6ver 300 soldagar per \u00e5r!<\/p>","protected":false},"featured_media":8129,"comment_status":"closed","ping_status":"closed","template":"","meta":{"_acf_changed":false,"inline_featured_image":false},"product_brand":[],"product_cat":[686,844],"product_tag":[147,76,845,851,460,474,36,130,46,554,50,160,689,95,97,98,846,60,847,848,694,173,208,177,286],"class_list":{"0":"post-8135","1":"product","2":"type-product","3":"status-publish","4":"has-post-thumbnail","6":"product_cat-holiday-packs-tours-portugal","7":"product_cat-long-stays-portugal","8":"product_tag-algarve","9":"product_tag-beaches","10":"product_tag-beautiful-beaches-algarve","11":"product_tag-castle-of-alcoutim","12":"product_tag-castro-marim","13":"product_tag-castro-marim-natural-reserve","14":"product_tag-cultural-heritage","15":"product_tag-gastronomy","16":"product_tag-gastronomy-and-wines","17":"product_tag-guadiana-river","18":"product_tag-historic","19":"product_tag-holidays","20":"product_tag-longstay","21":"product_tag-magnificent-landscape","22":"product_tag-natural-park","23":"product_tag-natural-reserves","24":"product_tag-packages","25":"product_tag-portugal","26":"product_tag-retirement","27":"product_tag-seniors","28":"product_tag-sun-beach","29":"product_tag-sunny-winters","30":"product_tag-traditional-villages","31":"product_tag-vacations","32":"product_tag-vila-real-de-santo-antonio","34":"first","35":"instock","36":"virtual","37":"product-type-simple"},"acf":[],"yoast_head":"<!-- This site is optimized with the Yoast SEO Premium plugin v26.8 (Yoast SEO v27.5) - https:\/\/yoast.com\/product\/yoast-seo-premium-wordpress\/ -->\n<title>Long-Stay Holidays in Castro Marim Portugal - Legendary Adventure DMC Portugal<\/title>\n<meta name=\"robots\" content=\"index, follow, max-snippet:-1, max-image-preview:large, max-video-preview:-1\" \/>\n<link rel=\"canonical\" href=\"https:\/\/legendatours.com\/sv\/produkt\/long-stay-castro-marim-ls300pk\/\" \/>\n<meta property=\"og:locale\" content=\"sv_SE\" \/>\n<meta property=\"og:type\" content=\"article\" \/>\n<meta property=\"og:title\" content=\"Long-Stay Holidays in Castro Marim Portugal\" \/>\n<meta property=\"og:description\" content=\"Castro Marim is a hidden gem on the tip of the East Algarve, on the border with Spain. A privileged destination that stretches from the sea to the hinterland, with the Guadiana River as its boundary.  If you are looking to escape from the cold and rainy days, take a look at this long-stay holiday.  You&#039;ll have the opportunity to live like a local, and travel at your leisure, to enjoy Algarve&#039;s over 300 days of sun per year!\" \/>\n<meta property=\"og:url\" content=\"https:\/\/legendatours.com\/sv\/produkt\/long-stay-castro-marim-ls300pk\/\" \/>\n<meta property=\"og:site_name\" content=\"Legendary Adventure DMC Portugal\" \/>\n<meta property=\"article:publisher\" content=\"https:\/\/www.facebook.com\/legendaryadventuredmc\/\" \/>\n<meta property=\"article:modified_time\" content=\"2021-08-13T10:34:57+00:00\" \/>\n<meta property=\"og:image\" content=\"https:\/\/legendatours.com\/wp-content\/uploads\/sites\/12\/2021\/04\/long-stay-winter-algarve.jpg\" \/>\n\t<meta property=\"og:image:width\" content=\"1200\" \/>\n\t<meta property=\"og:image:height\" content=\"800\" \/>\n\t<meta property=\"og:image:type\" content=\"image\/jpeg\" \/>\n<meta name=\"twitter:card\" content=\"summary_large_image\" \/>\n<meta name=\"twitter:label1\" content=\"Ber\u00e4knad l\u00e4stid\" \/>\n\t<meta name=\"twitter:data1\" content=\"2 minuter\" \/>\n<script type=\"application\/ld+json\" class=\"yoast-schema-graph\">{\"@context\":\"https:\\\/\\\/schema.org\",\"@graph\":[{\"@type\":\"WebPage\",\"@id\":\"https:\\\/\\\/legendatours.com\\\/product\\\/long-stay-castro-marim-ls300pk\\\/\",\"url\":\"https:\\\/\\\/legendatours.com\\\/product\\\/long-stay-castro-marim-ls300pk\\\/\",\"name\":\"Long-Stay Holidays in Castro Marim Portugal - Legendary Adventure DMC Portugal\",\"isPartOf\":{\"@id\":\"https:\\\/\\\/legendatours.com\\\/#website\"},\"primaryImageOfPage\":{\"@id\":\"https:\\\/\\\/legendatours.com\\\/product\\\/long-stay-castro-marim-ls300pk\\\/#primaryimage\"},\"image\":{\"@id\":\"https:\\\/\\\/legendatours.com\\\/product\\\/long-stay-castro-marim-ls300pk\\\/#primaryimage\"},\"thumbnailUrl\":\"https:\\\/\\\/legendatours.com\\\/wp-content\\\/uploads\\\/sites\\\/12\\\/2021\\\/04\\\/long-stay-winter-algarve.jpg\",\"datePublished\":\"2020-05-29T15:29:07+00:00\",\"dateModified\":\"2021-08-13T10:34:57+00:00\",\"breadcrumb\":{\"@id\":\"https:\\\/\\\/legendatours.com\\\/product\\\/long-stay-castro-marim-ls300pk\\\/#breadcrumb\"},\"inLanguage\":\"sv-SE\",\"potentialAction\":[{\"@type\":\"ReadAction\",\"target\":[\"https:\\\/\\\/legendatours.com\\\/product\\\/long-stay-castro-marim-ls300pk\\\/\"]}]},{\"@type\":\"ImageObject\",\"inLanguage\":\"sv-SE\",\"@id\":\"https:\\\/\\\/legendatours.com\\\/product\\\/long-stay-castro-marim-ls300pk\\\/#primaryimage\",\"url\":\"https:\\\/\\\/legendatours.com\\\/wp-content\\\/uploads\\\/sites\\\/12\\\/2021\\\/04\\\/long-stay-winter-algarve.jpg\",\"contentUrl\":\"https:\\\/\\\/legendatours.com\\\/wp-content\\\/uploads\\\/sites\\\/12\\\/2021\\\/04\\\/long-stay-winter-algarve.jpg\",\"width\":1200,\"height\":800,\"caption\":\"Algarve Long Stay\"},{\"@type\":\"BreadcrumbList\",\"@id\":\"https:\\\/\\\/legendatours.com\\\/product\\\/long-stay-castro-marim-ls300pk\\\/#breadcrumb\",\"itemListElement\":[{\"@type\":\"ListItem\",\"position\":1,\"name\":\"Home\",\"item\":\"https:\\\/\\\/legendatours.com\\\/\"},{\"@type\":\"ListItem\",\"position\":2,\"name\":\"Shop\",\"item\":\"https:\\\/\\\/legendatours.com\\\/sv\\\/?page_id=4\"},{\"@type\":\"ListItem\",\"position\":3,\"name\":\"Long-Stay Holidays in Castro Marim Portugal\"}]},{\"@type\":\"WebSite\",\"@id\":\"https:\\\/\\\/legendatours.com\\\/#website\",\"url\":\"https:\\\/\\\/legendatours.com\\\/\",\"name\":\"Legendary Adventure DMC Portugal\",\"description\":\"Responsible Walking &amp; Nature Holidays in Portugal\",\"publisher\":{\"@id\":\"https:\\\/\\\/legendatours.com\\\/#organization\"},\"alternateName\":\"Legendary Adventure Portugal\",\"potentialAction\":[{\"@type\":\"SearchAction\",\"target\":{\"@type\":\"EntryPoint\",\"urlTemplate\":\"https:\\\/\\\/legendatours.com\\\/?s={search_term_string}\"},\"query-input\":{\"@type\":\"PropertyValueSpecification\",\"valueRequired\":true,\"valueName\":\"search_term_string\"}}],\"inLanguage\":\"sv-SE\"},{\"@type\":\"Organization\",\"@id\":\"https:\\\/\\\/legendatours.com\\\/#organization\",\"name\":\"legendatours.com\",\"url\":\"https:\\\/\\\/legendatours.com\\\/\",\"logo\":{\"@type\":\"ImageObject\",\"inLanguage\":\"sv-SE\",\"@id\":\"https:\\\/\\\/legendatours.com\\\/#\\\/schema\\\/logo\\\/image\\\/\",\"url\":\"https:\\\/\\\/legendatours.com\\\/wp-content\\\/uploads\\\/sites\\\/12\\\/2021\\\/06\\\/legendary_adventure_dmc.png\",\"contentUrl\":\"https:\\\/\\\/legendatours.com\\\/wp-content\\\/uploads\\\/sites\\\/12\\\/2021\\\/06\\\/legendary_adventure_dmc.png\",\"width\":250,\"height\":74,\"caption\":\"legendatours.com\"},\"image\":{\"@id\":\"https:\\\/\\\/legendatours.com\\\/#\\\/schema\\\/logo\\\/image\\\/\"},\"sameAs\":[\"https:\\\/\\\/www.facebook.com\\\/legendaryadventuredmc\\\/\",\"https:\\\/\\\/www.linkedin.com\\\/company\\\/legendary-adventure-dmc-portugal\",\"https:\\\/\\\/www.youtube.com\\\/channel\\\/UCOIRDx_KM6ynIcacQkZjb6g\"]}]}<\/script>\n<!-- \/ Yoast SEO Premium plugin. -->","yoast_head_json":{"title":"L\u00e5ngtidssemester i Castro Marim Portugal - Legendariskt \u00e4ventyr DMC Portugal","robots":{"index":"index","follow":"follow","max-snippet":"max-snippet:-1","max-image-preview":"max-image-preview:large","max-video-preview":"max-video-preview:-1"},"canonical":"https:\/\/legendatours.com\/sv\/produkt\/long-stay-castro-marim-ls300pk\/","og_locale":"sv_SE","og_type":"article","og_title":"Long-Stay Holidays in Castro Marim Portugal","og_description":"Castro Marim is a hidden gem on the tip of the East Algarve, on the border with Spain. A privileged destination that stretches from the sea to the hinterland, with the Guadiana River as its boundary.  If you are looking to escape from the cold and rainy days, take a look at this long-stay holiday.  You'll have the opportunity to live like a local, and travel at your leisure, to enjoy Algarve's over 300 days of sun per year!","og_url":"https:\/\/legendatours.com\/sv\/produkt\/long-stay-castro-marim-ls300pk\/","og_site_name":"Legendary Adventure DMC Portugal","article_publisher":"https:\/\/www.facebook.com\/legendaryadventuredmc\/","article_modified_time":"2021-08-13T10:34:57+00:00","og_image":[{"width":1200,"height":800,"url":"https:\/\/legendatours.com\/wp-content\/uploads\/sites\/12\/2021\/04\/long-stay-winter-algarve.jpg","type":"image\/jpeg"}],"twitter_card":"summary_large_image","twitter_misc":{"Ber\u00e4knad l\u00e4stid":"2 minuter"},"schema":{"@context":"https:\/\/schema.org","@graph":[{"@type":"WebPage","@id":"https:\/\/legendatours.com\/product\/long-stay-castro-marim-ls300pk\/","url":"https:\/\/legendatours.com\/product\/long-stay-castro-marim-ls300pk\/","name":"L\u00e5ngtidssemester i Castro Marim Portugal - Legendariskt \u00e4ventyr DMC Portugal","isPartOf":{"@id":"https:\/\/legendatours.com\/#website"},"primaryImageOfPage":{"@id":"https:\/\/legendatours.com\/product\/long-stay-castro-marim-ls300pk\/#primaryimage"},"image":{"@id":"https:\/\/legendatours.com\/product\/long-stay-castro-marim-ls300pk\/#primaryimage"},"thumbnailUrl":"https:\/\/legendatours.com\/wp-content\/uploads\/sites\/12\/2021\/04\/long-stay-winter-algarve.jpg","datePublished":"2020-05-29T15:29:07+00:00","dateModified":"2021-08-13T10:34:57+00:00","breadcrumb":{"@id":"https:\/\/legendatours.com\/product\/long-stay-castro-marim-ls300pk\/#breadcrumb"},"inLanguage":"sv-SE","potentialAction":[{"@type":"ReadAction","target":["https:\/\/legendatours.com\/product\/long-stay-castro-marim-ls300pk\/"]}]},{"@type":"ImageObject","inLanguage":"sv-SE","@id":"https:\/\/legendatours.com\/product\/long-stay-castro-marim-ls300pk\/#primaryimage","url":"https:\/\/legendatours.com\/wp-content\/uploads\/sites\/12\/2021\/04\/long-stay-winter-algarve.jpg","contentUrl":"https:\/\/legendatours.com\/wp-content\/uploads\/sites\/12\/2021\/04\/long-stay-winter-algarve.jpg","width":1200,"height":800,"caption":"Algarve Long Stay"},{"@type":"BreadcrumbList","@id":"https:\/\/legendatours.com\/product\/long-stay-castro-marim-ls300pk\/#breadcrumb","itemListElement":[{"@type":"ListItem","position":1,"name":"Home","item":"https:\/\/legendatours.com\/"},{"@type":"ListItem","position":2,"name":"Shop","item":"https:\/\/legendatours.com\/sv\/?page_id=4"},{"@type":"ListItem","position":3,"name":"Long-Stay Holidays in Castro Marim Portugal"}]},{"@type":"WebSite","@id":"https:\/\/legendatours.com\/#website","url":"https:\/\/legendatours.com\/","name":"Legendariskt \u00e4ventyr DMC Portugal","description":"Ansvarsfulla vandringar och natursemester i Portugal","publisher":{"@id":"https:\/\/legendatours.com\/#organization"},"alternateName":"Legendary Adventure Portugal","potentialAction":[{"@type":"SearchAction","target":{"@type":"EntryPoint","urlTemplate":"https:\/\/legendatours.com\/?s={search_term_string}"},"query-input":{"@type":"PropertyValueSpecification","valueRequired":true,"valueName":"search_term_string"}}],"inLanguage":"sv-SE"},{"@type":"Organization","@id":"https:\/\/legendatours.com\/#organization","name":"legendatours.com","url":"https:\/\/legendatours.com\/","logo":{"@type":"ImageObject","inLanguage":"sv-SE","@id":"https:\/\/legendatours.com\/#\/schema\/logo\/image\/","url":"https:\/\/legendatours.com\/wp-content\/uploads\/sites\/12\/2021\/06\/legendary_adventure_dmc.png","contentUrl":"https:\/\/legendatours.com\/wp-content\/uploads\/sites\/12\/2021\/06\/legendary_adventure_dmc.png","width":250,"height":74,"caption":"legendatours.com"},"image":{"@id":"https:\/\/legendatours.com\/#\/schema\/logo\/image\/"},"sameAs":["https:\/\/www.facebook.com\/legendaryadventuredmc\/","https:\/\/www.linkedin.com\/company\/legendary-adventure-dmc-portugal","https:\/\/www.youtube.com\/channel\/UCOIRDx_KM6ynIcacQkZjb6g"]}]}},"_links":{"self":[{"href":"https:\/\/legendatours.com\/sv\/wp-json\/wp\/v2\/product\/8135","targetHints":{"allow":["GET"]}}],"collection":[{"href":"https:\/\/legendatours.com\/sv\/wp-json\/wp\/v2\/product"}],"about":[{"href":"https:\/\/legendatours.com\/sv\/wp-json\/wp\/v2\/types\/product"}],"replies":[{"embeddable":true,"href":"https:\/\/legendatours.com\/sv\/wp-json\/wp\/v2\/comments?post=8135"}],"wp:featuredmedia":[{"embeddable":true,"href":"https:\/\/legendatours.com\/sv\/wp-json\/wp\/v2\/media\/8129"}],"wp:attachment":[{"href":"https:\/\/legendatours.com\/sv\/wp-json\/wp\/v2\/media?parent=8135"}],"wp:term":[{"taxonomy":"product_brand","embeddable":true,"href":"https:\/\/legendatours.com\/sv\/wp-json\/wp\/v2\/product_brand?post=8135"},{"taxonomy":"product_cat","embeddable":true,"href":"https:\/\/legendatours.com\/sv\/wp-json\/wp\/v2\/product_cat?post=8135"},{"taxonomy":"product_tag","embeddable":true,"href":"https:\/\/legendatours.com\/sv\/wp-json\/wp\/v2\/product_tag?post=8135"}],"curies":[{"name":"wp","href":"https:\/\/api.w.org\/{rel}","templated":true}]}}