{"id":8193,"date":"2020-05-28T17:39:38","date_gmt":"2020-05-28T17:39:38","guid":{"rendered":"https:\/\/legendatours.com\/product\/long-stay-albufeira-portugal-at-aparthotel-clube-maria-luisa\/"},"modified":"2026-03-18T11:19:32","modified_gmt":"2026-03-18T11:19:32","slug":"long-stay-albufeira-ls103pk","status":"publish","type":"product","link":"https:\/\/legendatours.com\/sv\/produkt\/long-stay-albufeira-ls103pk\/","title":{"rendered":"Long-Stay Albufeira Portugal, p\u00e5 Aparthotel Clube Maria Luisa"},"content":{"rendered":"<p>Albufeira \u00e4r internationellt k\u00e4nt f\u00f6r sina guldsandstr\u00e4nder och turkosbl\u00e5tt vatten, skyddat av steniga ockra klippor.<\/p>\n<p>Fly fr\u00e5n fuktiga, kalla dagar och njut av Algarves \u00f6ver 300 soldagar per \u00e5r!<\/p>\n<p>En l\u00e5ngtidssemester inneb\u00e4r att du har m\u00f6jlighet att tillbringa tid med att verkligen ansluta till en plats, som en lokal, och uppleva den fantastiska maten, kulturen, sev\u00e4rdheterna och m\u00e4nniskorna.<\/p>\n<div id=\"attachment_1986\" style=\"width: 1034px\" class=\"wp-caption alignnone\"><img loading=\"lazy\" decoding=\"async\" aria-describedby=\"caption-attachment-1986\" class=\"wp-image-1986 size-large\" src=\"https:\/\/legendatours.net\/wp-content\/uploads\/2020\/03\/Albufeira_bluocean-1024x576.jpg\" alt=\"Holidays in Albufeira\" width=\"1024\" height=\"576\" \/><p id=\"caption-attachment-1986\" class=\"wp-caption-text\">Semester i Albufeira<\/p><\/div>\n<p>Ta en paus och njut av din pension eller tillf\u00e4lliga ledighet utan att k\u00e4nna dig stressad. Och dra nytta av l\u00e5gs\u00e4songens priser \u2013 du f\u00e5r mer f\u00f6r mindre pengar!<\/p>\n<p>Strandlinjen i Albufeira \u00e4r mycket inbjudande f\u00f6r vattensporter, fr\u00e5n vindsurfing, dykning eller segling. En b\u00e5ttur runt grottorna \u00e4r ett underbart tillf\u00e4lle f\u00f6r en annorlunda dag, med bes\u00f6k p\u00e5 avskilda str\u00e4nder som endast kan n\u00e5s via havet.<\/p>\n<p>Albufeira \u00e4r perfekt inte bara f\u00f6r m\u00e4nniskor som l\u00e4ngtar efter sol och vila. M\u00e5nga golfbanor str\u00e4cker sig n\u00e4stan till havet, och alla m\u00f6jliga roliga aktiviteter finns tillg\u00e4ngliga, som ridning i skuggan av pinjetr\u00e4d.<\/p>\n<p>Eftersom Albufeira \u00e4r en popul\u00e4r semesterort, vimlar det av urbana butiker och konst- och hantverksbutiker, d\u00e4r du fortfarande kan hitta autenticitet i lokala hantverkares verk. Dessa f\u00f6rem\u00e5l gjorda av lera, palmblad, koppar och spets f\u00f6ljer \u00e5rhundradens gamla traditioner.<\/p>\n<div id=\"attachment_1989\" style=\"width: 1034px\" class=\"wp-caption alignnone\"><img loading=\"lazy\" decoding=\"async\" aria-describedby=\"caption-attachment-1989\" class=\"wp-image-1989 size-large\" src=\"https:\/\/legendatours.net\/wp-content\/uploads\/2020\/03\/Albufeira_downtown-1024x683.jpg\" alt=\"Holidays in Albufeira\" width=\"1024\" height=\"683\" \/><p id=\"caption-attachment-1989\" class=\"wp-caption-text\">Semester i Albufeira<\/p><\/div>\n<p>Charmen med Albufeira slutar inte h\u00e4r. I den b\u00f6rdiga gr\u00f6na landsbygden ligger ett doftande landskap prickat av mandel-, fikon-, apelsin- och tallar.<\/p>\n<p>De spetsiga typiska skorstenarna, ett arv fr\u00e5n morisk arkitektur, sticker ut mot det r\u00f6da av tegeltak och den bl\u00e5 himlen.<\/p>\n<p>S\u00f6mniga vitkalkade byar inbjuder dig att uppleva ett s\u00e4tt att leva kopplat till naturen, vilket ger ytterligare en dimension till din semester i Algarve.<\/p>\n<p>Sist, men absolut inte minst, \u00f6verl\u00e4mna dig till den utm\u00e4rkta portugisiska maten och vinerna. Fr\u00e5n f\u00e4rsk fisk och skaldjur till s\u00f6ta lokala delikatesser som mandel, honung och fikon, du kommer att bli bortsk\u00e4md med valm\u00f6jligheter!<\/p>","protected":false},"excerpt":{"rendered":"<p>Albufeira \u00e4r internationellt k\u00e4nt f\u00f6r sina guldsandstr\u00e4nder och turkosbl\u00e5tt vatten, skyddat av steniga ockra klippor.<\/p>\n<p>Fly fr\u00e5n fuktiga, kalla dagar och njut av Algarves \u00f6ver 300 soldagar per \u00e5r!<\/p>\n<p>En l\u00e5ngtidssemester inneb\u00e4r att du har m\u00f6jlighet att tillbringa tid med att verkligen ansluta till en plats, som en lokal, och uppleva den fantastiska maten, kulturen, sev\u00e4rdheterna och m\u00e4nniskorna.<\/p>\n<p>Ta en paus och njut av din pension eller tillf\u00e4lliga ledighet utan att k\u00e4nna dig stressad. Och dra nytta av l\u00e5gs\u00e4songens priser \u2013 du f\u00e5r mer f\u00f6r mindre pengar!<\/p>","protected":false},"featured_media":8187,"comment_status":"closed","ping_status":"closed","template":"","meta":{"_acf_changed":false,"inline_featured_image":false},"product_brand":[],"product_cat":[686,844],"product_tag":[812,147,305,648,76,814,845,337,391,46,789,160,313,689,846,847,848,694,173,68,177],"class_list":{"0":"post-8193","1":"product","2":"type-product","3":"status-publish","4":"has-post-thumbnail","6":"product_cat-holiday-packs-tours-portugal","7":"product_cat-long-stays-portugal","8":"product_tag-albufeira","9":"product_tag-algarve","10":"product_tag-algarve-coastline","11":"product_tag-algarve-spectacular-coastline","12":"product_tag-beaches","13":"product_tag-beaches-of-albufeira","14":"product_tag-beautiful-beaches-algarve","15":"product_tag-delicious-food","16":"product_tag-family-holidays","17":"product_tag-gastronomy-and-wines","18":"product_tag-holiday","19":"product_tag-holidays","20":"product_tag-individuelle-touren","21":"product_tag-longstay","22":"product_tag-packages","23":"product_tag-retirement","24":"product_tag-seniors","25":"product_tag-sun-beach","26":"product_tag-sunny-winters","27":"product_tag-tours-in-portugal","28":"product_tag-vacations","30":"first","31":"instock","32":"virtual","33":"product-type-simple"},"acf":[],"yoast_head":"<!-- This site is optimized with the Yoast SEO Premium plugin v26.8 (Yoast SEO v27.4) - https:\/\/yoast.com\/product\/yoast-seo-premium-wordpress\/ -->\n<title>Long-Stay Albufeira Portugal, at Aparthotel Clube Maria Luisa - Legendary Adventure DMC Portugal<\/title>\n<meta name=\"robots\" content=\"index, follow, max-snippet:-1, max-image-preview:large, max-video-preview:-1\" \/>\n<link rel=\"canonical\" href=\"https:\/\/legendatours.com\/sv\/produkt\/long-stay-albufeira-ls103pk\/\" \/>\n<meta property=\"og:locale\" content=\"sv_SE\" \/>\n<meta property=\"og:type\" content=\"article\" \/>\n<meta property=\"og:title\" content=\"Long-Stay Albufeira Portugal, at Aparthotel Clube Maria Luisa\" \/>\n<meta property=\"og:description\" content=\"Albufeira is internationally renowned for its gold sandy beaches and turquoise blue waters, sheltered by rocky ochre cliffs.  Escape from damp, cold days, and enjoy Algarve&#039;s over 300 days of sun per year!  A Long-Stay Holiday means that you have the opportunity to spend time really connecting with a place, like a local, experiencing the amazing food, the culture, the sights, and the people.  Take a breather, and enjoy your retirement or temporary leave without feeling rushed. And take advantage of the low season&#039;s rates - you get more for less money!\" \/>\n<meta property=\"og:url\" content=\"https:\/\/legendatours.com\/sv\/produkt\/long-stay-albufeira-ls103pk\/\" \/>\n<meta property=\"og:site_name\" content=\"Legendary Adventure DMC Portugal\" \/>\n<meta property=\"article:publisher\" content=\"https:\/\/www.facebook.com\/legendaryadventuredmc\/\" \/>\n<meta property=\"article:modified_time\" content=\"2026-03-18T11:19:32+00:00\" \/>\n<meta property=\"og:image\" content=\"https:\/\/legendatours.com\/wp-content\/uploads\/sites\/12\/2021\/04\/low-season-holiday-algarve.jpg\" \/>\n\t<meta property=\"og:image:width\" content=\"1199\" \/>\n\t<meta property=\"og:image:height\" content=\"800\" \/>\n\t<meta property=\"og:image:type\" content=\"image\/jpeg\" \/>\n<meta name=\"twitter:card\" content=\"summary_large_image\" \/>\n<meta name=\"twitter:label1\" content=\"Ber\u00e4knad l\u00e4stid\" \/>\n\t<meta name=\"twitter:data1\" content=\"2 minuter\" \/>\n<script type=\"application\/ld+json\" class=\"yoast-schema-graph\">{\"@context\":\"https:\\\/\\\/schema.org\",\"@graph\":[{\"@type\":\"WebPage\",\"@id\":\"https:\\\/\\\/legendatours.com\\\/product\\\/long-stay-albufeira-ls103pk\\\/\",\"url\":\"https:\\\/\\\/legendatours.com\\\/product\\\/long-stay-albufeira-ls103pk\\\/\",\"name\":\"Long-Stay Albufeira Portugal, at Aparthotel Clube Maria Luisa - Legendary Adventure DMC Portugal\",\"isPartOf\":{\"@id\":\"https:\\\/\\\/legendatours.com\\\/#website\"},\"primaryImageOfPage\":{\"@id\":\"https:\\\/\\\/legendatours.com\\\/product\\\/long-stay-albufeira-ls103pk\\\/#primaryimage\"},\"image\":{\"@id\":\"https:\\\/\\\/legendatours.com\\\/product\\\/long-stay-albufeira-ls103pk\\\/#primaryimage\"},\"thumbnailUrl\":\"https:\\\/\\\/legendatours.com\\\/wp-content\\\/uploads\\\/sites\\\/12\\\/2021\\\/04\\\/low-season-holiday-algarve.jpg\",\"datePublished\":\"2020-05-28T17:39:38+00:00\",\"dateModified\":\"2026-03-18T11:19:32+00:00\",\"breadcrumb\":{\"@id\":\"https:\\\/\\\/legendatours.com\\\/product\\\/long-stay-albufeira-ls103pk\\\/#breadcrumb\"},\"inLanguage\":\"sv-SE\",\"potentialAction\":[{\"@type\":\"ReadAction\",\"target\":[\"https:\\\/\\\/legendatours.com\\\/product\\\/long-stay-albufeira-ls103pk\\\/\"]}]},{\"@type\":\"ImageObject\",\"inLanguage\":\"sv-SE\",\"@id\":\"https:\\\/\\\/legendatours.com\\\/product\\\/long-stay-albufeira-ls103pk\\\/#primaryimage\",\"url\":\"https:\\\/\\\/legendatours.com\\\/wp-content\\\/uploads\\\/sites\\\/12\\\/2021\\\/04\\\/low-season-holiday-algarve.jpg\",\"contentUrl\":\"https:\\\/\\\/legendatours.com\\\/wp-content\\\/uploads\\\/sites\\\/12\\\/2021\\\/04\\\/low-season-holiday-algarve.jpg\",\"width\":1199,\"height\":800,\"caption\":\"Low season long-stay holidays\"},{\"@type\":\"BreadcrumbList\",\"@id\":\"https:\\\/\\\/legendatours.com\\\/product\\\/long-stay-albufeira-ls103pk\\\/#breadcrumb\",\"itemListElement\":[{\"@type\":\"ListItem\",\"position\":1,\"name\":\"Home\",\"item\":\"https:\\\/\\\/legendatours.com\\\/\"},{\"@type\":\"ListItem\",\"position\":2,\"name\":\"Shop\",\"item\":\"https:\\\/\\\/legendatours.com\\\/sv\\\/?page_id=4\"},{\"@type\":\"ListItem\",\"position\":3,\"name\":\"Long-Stay Albufeira Portugal, at Aparthotel Clube Maria Luisa\"}]},{\"@type\":\"WebSite\",\"@id\":\"https:\\\/\\\/legendatours.com\\\/#website\",\"url\":\"https:\\\/\\\/legendatours.com\\\/\",\"name\":\"Legendary Adventure DMC Portugal\",\"description\":\"Responsible Walking &amp; Nature Holidays in Portugal\",\"publisher\":{\"@id\":\"https:\\\/\\\/legendatours.com\\\/#organization\"},\"alternateName\":\"Legendary Adventure Portugal\",\"potentialAction\":[{\"@type\":\"SearchAction\",\"target\":{\"@type\":\"EntryPoint\",\"urlTemplate\":\"https:\\\/\\\/legendatours.com\\\/?s={search_term_string}\"},\"query-input\":{\"@type\":\"PropertyValueSpecification\",\"valueRequired\":true,\"valueName\":\"search_term_string\"}}],\"inLanguage\":\"sv-SE\"},{\"@type\":\"Organization\",\"@id\":\"https:\\\/\\\/legendatours.com\\\/#organization\",\"name\":\"legendatours.com\",\"url\":\"https:\\\/\\\/legendatours.com\\\/\",\"logo\":{\"@type\":\"ImageObject\",\"inLanguage\":\"sv-SE\",\"@id\":\"https:\\\/\\\/legendatours.com\\\/#\\\/schema\\\/logo\\\/image\\\/\",\"url\":\"https:\\\/\\\/legendatours.com\\\/wp-content\\\/uploads\\\/sites\\\/12\\\/2021\\\/06\\\/legendary_adventure_dmc.png\",\"contentUrl\":\"https:\\\/\\\/legendatours.com\\\/wp-content\\\/uploads\\\/sites\\\/12\\\/2021\\\/06\\\/legendary_adventure_dmc.png\",\"width\":250,\"height\":74,\"caption\":\"legendatours.com\"},\"image\":{\"@id\":\"https:\\\/\\\/legendatours.com\\\/#\\\/schema\\\/logo\\\/image\\\/\"},\"sameAs\":[\"https:\\\/\\\/www.facebook.com\\\/legendaryadventuredmc\\\/\",\"https:\\\/\\\/www.linkedin.com\\\/company\\\/legendary-adventure-dmc-portugal\",\"https:\\\/\\\/www.youtube.com\\\/channel\\\/UCOIRDx_KM6ynIcacQkZjb6g\"]}]}<\/script>\n<!-- \/ Yoast SEO Premium plugin. -->","yoast_head_json":{"title":"Long-stay Albufeira Portugal, p\u00e5 Aparthotel Clube Maria Luisa - Legendary Adventure DMC Portugal","robots":{"index":"index","follow":"follow","max-snippet":"max-snippet:-1","max-image-preview":"max-image-preview:large","max-video-preview":"max-video-preview:-1"},"canonical":"https:\/\/legendatours.com\/sv\/produkt\/long-stay-albufeira-ls103pk\/","og_locale":"sv_SE","og_type":"article","og_title":"Long-Stay Albufeira Portugal, at Aparthotel Clube Maria Luisa","og_description":"Albufeira is internationally renowned for its gold sandy beaches and turquoise blue waters, sheltered by rocky ochre cliffs.  Escape from damp, cold days, and enjoy Algarve's over 300 days of sun per year!  A Long-Stay Holiday means that you have the opportunity to spend time really connecting with a place, like a local, experiencing the amazing food, the culture, the sights, and the people.  Take a breather, and enjoy your retirement or temporary leave without feeling rushed. And take advantage of the low season's rates - you get more for less money!","og_url":"https:\/\/legendatours.com\/sv\/produkt\/long-stay-albufeira-ls103pk\/","og_site_name":"Legendary Adventure DMC Portugal","article_publisher":"https:\/\/www.facebook.com\/legendaryadventuredmc\/","article_modified_time":"2026-03-18T11:19:32+00:00","og_image":[{"width":1199,"height":800,"url":"https:\/\/legendatours.com\/wp-content\/uploads\/sites\/12\/2021\/04\/low-season-holiday-algarve.jpg","type":"image\/jpeg"}],"twitter_card":"summary_large_image","twitter_misc":{"Ber\u00e4knad l\u00e4stid":"2 minuter"},"schema":{"@context":"https:\/\/schema.org","@graph":[{"@type":"WebPage","@id":"https:\/\/legendatours.com\/product\/long-stay-albufeira-ls103pk\/","url":"https:\/\/legendatours.com\/product\/long-stay-albufeira-ls103pk\/","name":"Long-stay Albufeira Portugal, p\u00e5 Aparthotel Clube Maria Luisa - Legendary Adventure DMC Portugal","isPartOf":{"@id":"https:\/\/legendatours.com\/#website"},"primaryImageOfPage":{"@id":"https:\/\/legendatours.com\/product\/long-stay-albufeira-ls103pk\/#primaryimage"},"image":{"@id":"https:\/\/legendatours.com\/product\/long-stay-albufeira-ls103pk\/#primaryimage"},"thumbnailUrl":"https:\/\/legendatours.com\/wp-content\/uploads\/sites\/12\/2021\/04\/low-season-holiday-algarve.jpg","datePublished":"2020-05-28T17:39:38+00:00","dateModified":"2026-03-18T11:19:32+00:00","breadcrumb":{"@id":"https:\/\/legendatours.com\/product\/long-stay-albufeira-ls103pk\/#breadcrumb"},"inLanguage":"sv-SE","potentialAction":[{"@type":"ReadAction","target":["https:\/\/legendatours.com\/product\/long-stay-albufeira-ls103pk\/"]}]},{"@type":"ImageObject","inLanguage":"sv-SE","@id":"https:\/\/legendatours.com\/product\/long-stay-albufeira-ls103pk\/#primaryimage","url":"https:\/\/legendatours.com\/wp-content\/uploads\/sites\/12\/2021\/04\/low-season-holiday-algarve.jpg","contentUrl":"https:\/\/legendatours.com\/wp-content\/uploads\/sites\/12\/2021\/04\/low-season-holiday-algarve.jpg","width":1199,"height":800,"caption":"Low season long-stay holidays"},{"@type":"BreadcrumbList","@id":"https:\/\/legendatours.com\/product\/long-stay-albufeira-ls103pk\/#breadcrumb","itemListElement":[{"@type":"ListItem","position":1,"name":"Home","item":"https:\/\/legendatours.com\/"},{"@type":"ListItem","position":2,"name":"Shop","item":"https:\/\/legendatours.com\/sv\/?page_id=4"},{"@type":"ListItem","position":3,"name":"Long-Stay Albufeira Portugal, at Aparthotel Clube Maria Luisa"}]},{"@type":"WebSite","@id":"https:\/\/legendatours.com\/#website","url":"https:\/\/legendatours.com\/","name":"Legendariskt \u00e4ventyr DMC Portugal","description":"Ansvarsfulla vandringar och natursemester i Portugal","publisher":{"@id":"https:\/\/legendatours.com\/#organization"},"alternateName":"Legendary Adventure Portugal","potentialAction":[{"@type":"SearchAction","target":{"@type":"EntryPoint","urlTemplate":"https:\/\/legendatours.com\/?s={search_term_string}"},"query-input":{"@type":"PropertyValueSpecification","valueRequired":true,"valueName":"search_term_string"}}],"inLanguage":"sv-SE"},{"@type":"Organization","@id":"https:\/\/legendatours.com\/#organization","name":"legendatours.com","url":"https:\/\/legendatours.com\/","logo":{"@type":"ImageObject","inLanguage":"sv-SE","@id":"https:\/\/legendatours.com\/#\/schema\/logo\/image\/","url":"https:\/\/legendatours.com\/wp-content\/uploads\/sites\/12\/2021\/06\/legendary_adventure_dmc.png","contentUrl":"https:\/\/legendatours.com\/wp-content\/uploads\/sites\/12\/2021\/06\/legendary_adventure_dmc.png","width":250,"height":74,"caption":"legendatours.com"},"image":{"@id":"https:\/\/legendatours.com\/#\/schema\/logo\/image\/"},"sameAs":["https:\/\/www.facebook.com\/legendaryadventuredmc\/","https:\/\/www.linkedin.com\/company\/legendary-adventure-dmc-portugal","https:\/\/www.youtube.com\/channel\/UCOIRDx_KM6ynIcacQkZjb6g"]}]}},"_links":{"self":[{"href":"https:\/\/legendatours.com\/sv\/wp-json\/wp\/v2\/product\/8193","targetHints":{"allow":["GET"]}}],"collection":[{"href":"https:\/\/legendatours.com\/sv\/wp-json\/wp\/v2\/product"}],"about":[{"href":"https:\/\/legendatours.com\/sv\/wp-json\/wp\/v2\/types\/product"}],"replies":[{"embeddable":true,"href":"https:\/\/legendatours.com\/sv\/wp-json\/wp\/v2\/comments?post=8193"}],"wp:featuredmedia":[{"embeddable":true,"href":"https:\/\/legendatours.com\/sv\/wp-json\/wp\/v2\/media\/8187"}],"wp:attachment":[{"href":"https:\/\/legendatours.com\/sv\/wp-json\/wp\/v2\/media?parent=8193"}],"wp:term":[{"taxonomy":"product_brand","embeddable":true,"href":"https:\/\/legendatours.com\/sv\/wp-json\/wp\/v2\/product_brand?post=8193"},{"taxonomy":"product_cat","embeddable":true,"href":"https:\/\/legendatours.com\/sv\/wp-json\/wp\/v2\/product_cat?post=8193"},{"taxonomy":"product_tag","embeddable":true,"href":"https:\/\/legendatours.com\/sv\/wp-json\/wp\/v2\/product_tag?post=8193"}],"curies":[{"name":"wp","href":"https:\/\/api.w.org\/{rel}","templated":true}]}}