{"id":8212,"date":"2020-05-27T15:01:53","date_gmt":"2020-05-27T15:01:53","guid":{"rendered":"https:\/\/legendatours.com\/product\/self-drive-walking-independent-in-the-vicentina-route-and-the-untamed-atlantic\/"},"modified":"2022-01-02T23:07:33","modified_gmt":"2022-01-02T23:07:33","slug":"the-vicentina-route-and-the-untamed-atlantic-5200sc","status":"publish","type":"product","link":"https:\/\/legendatours.com\/sv\/produkt\/the-vicentina-route-and-the-untamed-atlantic-5200sc\/","title":{"rendered":"Self-Drive Walking Independent i Vicentina Route"},"content":{"rendered":"<p>Vicentina Route and the Untamed Atlantic \u00e4r en Self-Drive Walking-tur designad f\u00f6r angel\u00e4gna vandrare, intresserade av att uppleva en annan sida av Portugal.<\/p>\n<p>Efter ett av de vackraste och b\u00e4st bevarade kustomr\u00e5dena i Europa, vandrar du bland taggiga klippor, avskilda str\u00e4nder, o\u00e4ndliga f\u00e4lt av vilda blommor, skogsstigar och historiska byar.<\/p>\n<p>Det l\u00e4ckra regionala k\u00f6ket och vinerna sticker ut, med en h\u00f6jdpunkt f\u00f6r skaldjur och f\u00e4rsk fisk.<\/p>\n<p>Vicentina Route \u00e4r en del av det europeiska vandringsn\u00e4tverket och kombinerar inlandet (Historical Way) och kustn\u00e4ra promenader (Fishermen&#039;s Trail), som t\u00e4cker 340 km sp\u00e5r mellan staden Santiago do Cac\u00e9m och Cape of St. Vincent.<\/p>\n<div id=\"attachment_2209\" style=\"width: 1034px\" class=\"wp-caption alignnone\"><img loading=\"lazy\" decoding=\"async\" aria-describedby=\"caption-attachment-2209\" class=\"wp-image-2209 size-large\" title=\"Vicentina Route, en av de finaste str\u00e4ckorna av bevarade europeiska kustlinjer, omr\u00e5det \u00e4r hem f\u00f6r den ber\u00f6mda Rota Vicentina - en 340 km l\u00e5ng v\u00e4g.\" src=\"https:\/\/legendatours.net\/wp-content\/uploads\/2020\/05\/Vicentina_Coast04-1024x678.jpg\" alt=\"Vicentina Route, one of the finest stretches of preserved European coastlines, the area is home to the famous Rota Vicentina \u2013 a 340km long-distance path .\" width=\"1024\" height=\"678\" \/><p id=\"caption-attachment-2209\" class=\"wp-caption-text\">Vicentina Route, en av de finaste str\u00e4ckorna av bevarade europeiska kustlinjer, omr\u00e5det \u00e4r hem f\u00f6r den ber\u00f6mda Rota Vicentina \u2013 en 340 km l\u00e5ng v\u00e4g.<\/p><\/div>\n<p>De cirkul\u00e4ra promenaderna i den historiska v\u00e4gen \u00e4r of\u00f6rgl\u00f6mliga rutter fulla av tradition. De har anv\u00e4nts i \u00e5rhundraden f\u00f6r att enkelt komma \u00e5t de n\u00e4rliggande byarna och jordbruksmarken, och de \u00e4r ett f\u00f6rtjusande s\u00e4tt att utforska den verkliga Alentejo och en mestadels ok\u00e4nd Algarve.<\/p>\n<p>Du hittar ett gr\u00f6nt landskap med str\u00e4ckor av korkskogar, mjuka sluttningar, dalar och slingrande floder och b\u00e4ckar. En sann resa genom tid, lokal kultur och natur.<\/p>\n<p>Fiskarnas stig, uteslutande fotg\u00e4ngare, anv\u00e4ndes traditionellt av fiskare f\u00f6r att komma \u00e5t hemliga fiskeplatser. Du kan fortfarande se dem idag, om\u00f6jligt uppflugna p\u00e5 toppen av de klippiga klipporna.<\/p>\n<p>Resebasen \u00e4r en liten och centralt bel\u00e4gen by, varifr\u00e5n det \u00e4r l\u00e4tt att utforska regionen och sp\u00e5ren av denna resplan.<\/p>\n<p>Det inkluderar skr\u00e4ddarsydda promenader f\u00f6r att visa dig de b\u00e4sta delarna av Vicentina och alla underverk i denna region.<\/p>\n<div id=\"attachment_2205\" style=\"width: 1034px\" class=\"wp-caption alignnone\"><img loading=\"lazy\" decoding=\"async\" aria-describedby=\"caption-attachment-2205\" class=\"wp-image-2205 size-large\" title=\"Vicentina Route - Landsbygd, l\u00e4ngs det pastorala landskapet och jordbruksterr\u00e4ngen som f\u00f6rbinder de sm\u00e5 husklustren som \u00e4r utspridda i detta stora omr\u00e5de.\" src=\"https:\/\/legendatours.net\/wp-content\/uploads\/2020\/05\/Odemira_countryside-1024x768.jpg\" alt=\"Vicentina Route - countryside, along the pastoral landscape and farming terrains that connect the small house clusters scattered in this vast area.\" width=\"1024\" height=\"768\" \/><p id=\"caption-attachment-2205\" class=\"wp-caption-text\">Vicentina Route \u2013 landsbygd, l\u00e4ngs det pastorala landskapet och jordbruksterr\u00e4ng som f\u00f6rbinder de sm\u00e5 husklustren som \u00e4r utspridda i detta vidstr\u00e4ckta omr\u00e5de.<\/p><\/div>\n<p>Fr\u00e5n det vilda och genomskinliga bl\u00e5 vattnet i Porto Covo, den fantastiska utsikten \u00f6ver stranden i Odeceixe, till de \u00f6de plat\u00e5erna runt Carrapateira.<\/p>\n<p>De \u00f6verraskningar naturen har att erbjuda, som de f\u00e4rgglada blommattorna, doften av \u00f6rter n\u00e4ra b\u00e4ckarna och storkbon p\u00e5 kustklipporna, som ingen annanstans i v\u00e4rlden!<\/p>\n<p>Hitta fridfulla str\u00e4nder, n\u00e5gra \u00f6vergivna, d\u00e4r du kan koppla av fr\u00e5n dina vandringsanstr\u00e4ngningar. P\u00e5 landsbygden kan du njuta av b\u00e4ckar och floder, en mycket v\u00e4lkommen l\u00e4ttnad fr\u00e5n v\u00e4rmen under varmare dagar.<\/p>\n<p>Du har ocks\u00e5 m\u00f6jlighet att uppleva \u00e4ktheten, kulturen, arvet och m\u00e4nniskornas s\u00e4tt att leva i sm\u00e5 byar och st\u00e4der som Aljezur, Vila do Bispo och Sagres.<\/p>\n<p>Det milda v\u00e4dret \u00e5ret runt och den underbara traditionella maten och vinerna kommer att avsluta detta fantastiska semester\u00e4ventyr, perfekt f\u00f6r oberoende resen\u00e4rer.<\/p>\n<div class=\"row\" style=\"display: flex;\">\n<div class=\"column\" style=\"flex: 45%;\">\n<p><iframe loading=\"lazy\" title=\"Bli k\u00e4r i detta land \/\/ Amor a esta Terra - Rota Vicentina\" width=\"1080\" height=\"608\" src=\"https:\/\/www.youtube.com\/embed\/xnabsip_w88?feature=oembed\" frameborder=\"0\" allow=\"accelerometer; autoplay; clipboard-write; encrypted-media; gyroscope; picture-in-picture\" allowfullscreen><\/iframe><\/p>\n<\/div>\n<div class=\"column\" style=\"flex: 10%;\"><\/div>\n<div class=\"column\" style=\"flex: 45%;\">\n<p><iframe loading=\"lazy\" title=\"Alentejo som aldrig sett f\u00f6rut\" width=\"1080\" height=\"608\" src=\"https:\/\/www.youtube.com\/embed\/sK3NutFlvQ4?feature=oembed\" frameborder=\"0\" allow=\"accelerometer; autoplay; clipboard-write; encrypted-media; gyroscope; picture-in-picture\" allowfullscreen><\/iframe><\/p>\n<\/div>\n<\/div>","protected":false},"excerpt":{"rendered":"<p>Vicentina Route and the Untamed Atlantic \u00e4r en Self-Drive Walking-tur designad f\u00f6r angel\u00e4gna vandrare, intresserade av att uppleva en annan sida av Portugal.<\/p>\n<p>Efter ett av de vackraste och b\u00e4st bevarade kustomr\u00e5dena i Europa, vandrar du bland taggiga klippor, avskilda str\u00e4nder, o\u00e4ndliga f\u00e4lt av vilda blommor, skogsstigar och historiska byar.<\/p>\n<p>Det l\u00e4ckra regionala k\u00f6ket och vinerna sticker ut, med en h\u00f6jdpunkt f\u00f6r skaldjur och f\u00e4rsk fisk.<\/p>","protected":false},"featured_media":1663,"comment_status":"closed","ping_status":"closed","template":"","meta":{"_acf_changed":false,"inline_featured_image":false},"product_brand":[],"product_cat":[327,301,856],"product_tag":[647,306,857,428,79,34,850,681,636,153,214,337,85,858,732,682,156,218,758,313,759,760,761,762,219,271,859,745,162,103,558,860,861,105,747,106,107,764,765,766,767,768,109,319,716,804,328,805,728,862,753,228,322,770,863,173,324,864,771,684,685,111,325,772,326,121,756,180,421,757,145,865],"class_list":{"0":"post-8212","1":"product","2":"type-product","3":"status-publish","4":"has-post-thumbnail","6":"product_cat-self-drive-holidays-portugal","7":"product_cat-self-guided-tours-portugal","8":"product_cat-self-guided-walking-holidays","9":"product_tag-algarve-secluded-beaches","10":"product_tag-alleine-reisen","11":"product_tag-alzejur","12":"product_tag-bird-watching","13":"product_tag-carrapateira","14":"product_tag-caves","15":"product_tag-cliff-top","16":"product_tag-cliffs","17":"product_tag-costa-vicentina","18":"product_tag-countryside","19":"product_tag-culture","20":"product_tag-delicious-food","21":"product_tag-dramatic-cliffs","22":"product_tag-fishermans-trail","23":"product_tag-golden-beaches","24":"product_tag-grottoes","25":"product_tag-hiking","26":"product_tag-history","27":"product_tag-individual-hiking","28":"product_tag-individuelle-touren","29":"product_tag-individuelle-trekkingreisen","30":"product_tag-individuelle-wandern","31":"product_tag-individuelle-wanderreisen","32":"product_tag-individuelle-wandertouren","33":"product_tag-inland-alentejo","34":"product_tag-lush-green-hills","35":"product_tag-markets","36":"product_tag-nature-hikes","37":"product_tag-nature-walks","38":"product_tag-odemira","39":"product_tag-olives","40":"product_tag-oranges","41":"product_tag-orchards","42":"product_tag-parque-natural-de-costa-vicentina","43":"product_tag-paths","44":"product_tag-picturesque-landscapes","45":"product_tag-porto-covo","46":"product_tag-rando-autoguidee","47":"product_tag-rando-liberte","48":"product_tag-randonnee-autoguidee","49":"product_tag-randonnee-en-liberte","50":"product_tag-randonnee-liberte","51":"product_tag-rota-vicentina","52":"product_tag-sejour-en-liberte","53":"product_tag-selected-walks","54":"product_tag-self-drive-holiday","55":"product_tag-self-guided","56":"product_tag-self-guided-holiday","57":"product_tag-self-guided-walking-holiday","58":"product_tag-self-guided-walking-holidays","59":"product_tag-self-guided-walking-tour","60":"product_tag-sightseeing","61":"product_tag-solo-reisen","62":"product_tag-solo-wandern","63":"product_tag-southwestern-portugal","64":"product_tag-sunny-winters","65":"product_tag-tours-autoguidees","66":"product_tag-trails","67":"product_tag-trek-en-liberte","68":"product_tag-trek-solo","69":"product_tag-trekking-solo","70":"product_tag-vicentina-route","71":"product_tag-voyage-en-liberte","72":"product_tag-voyages-a-pied-en-liberte","73":"product_tag-voyages-en-autonomie","74":"product_tag-walking","75":"product_tag-walking-holiday","76":"product_tag-walking-tour","77":"product_tag-walking-trails","78":"product_tag-walks","79":"product_tag-wines","80":"product_tag-zambujeira-do-mar","82":"first","83":"instock","84":"virtual","85":"product-type-simple"},"acf":[],"yoast_head":"<!-- This site is optimized with the Yoast SEO Premium plugin v26.8 (Yoast SEO v27.4) - https:\/\/yoast.com\/product\/yoast-seo-premium-wordpress\/ -->\n<title>Self-Drive Walking Independent in The Vicentina Route - Legendary Adventure DMC Portugal<\/title>\n<meta name=\"description\" content=\"An enjoyable Birdwatching Tour, no matter your level of birding ability and expertise. Focus on the Ria Formosa Park and in the Castro Marim Nature Reserve.\" \/>\n<meta name=\"robots\" content=\"index, follow, max-snippet:-1, max-image-preview:large, max-video-preview:-1\" \/>\n<link rel=\"canonical\" href=\"https:\/\/legendatours.com\/sv\/produkt\/the-vicentina-route-and-the-untamed-atlantic-5200sc\/\" \/>\n<meta property=\"og:locale\" content=\"sv_SE\" \/>\n<meta property=\"og:type\" content=\"article\" \/>\n<meta property=\"og:title\" content=\"Self-Drive Walking Independent in The Vicentina Route\" \/>\n<meta property=\"og:description\" content=\"An enjoyable Birdwatching Tour, no matter your level of birding ability and expertise. Focus on the Ria Formosa Park and in the Castro Marim Nature Reserve.\" \/>\n<meta property=\"og:url\" content=\"https:\/\/legendatours.com\/sv\/produkt\/the-vicentina-route-and-the-untamed-atlantic-5200sc\/\" \/>\n<meta property=\"og:site_name\" content=\"Legendary Adventure DMC Portugal\" \/>\n<meta property=\"article:publisher\" content=\"https:\/\/www.facebook.com\/legendaryadventuredmc\/\" \/>\n<meta property=\"article:modified_time\" content=\"2022-01-02T23:07:33+00:00\" \/>\n<meta property=\"og:image\" content=\"https:\/\/legendatours.com\/wp-content\/uploads\/sites\/12\/2021\/04\/costavicentina.jpg\" \/>\n\t<meta property=\"og:image:width\" content=\"1200\" \/>\n\t<meta property=\"og:image:height\" content=\"781\" \/>\n\t<meta property=\"og:image:type\" content=\"image\/jpeg\" \/>\n<meta name=\"twitter:card\" content=\"summary_large_image\" \/>\n<meta name=\"twitter:label1\" content=\"Ber\u00e4knad l\u00e4stid\" \/>\n\t<meta name=\"twitter:data1\" content=\"2 minuter\" \/>\n<script type=\"application\/ld+json\" class=\"yoast-schema-graph\">{\"@context\":\"https:\\\/\\\/schema.org\",\"@graph\":[{\"@type\":\"WebPage\",\"@id\":\"https:\\\/\\\/legendatours.com\\\/product\\\/the-vicentina-route-and-the-untamed-atlantic-5200sc\\\/\",\"url\":\"https:\\\/\\\/legendatours.com\\\/product\\\/the-vicentina-route-and-the-untamed-atlantic-5200sc\\\/\",\"name\":\"Self-Drive Walking Independent in The Vicentina Route - Legendary Adventure DMC Portugal\",\"isPartOf\":{\"@id\":\"https:\\\/\\\/legendatours.com\\\/#website\"},\"primaryImageOfPage\":{\"@id\":\"https:\\\/\\\/legendatours.com\\\/product\\\/the-vicentina-route-and-the-untamed-atlantic-5200sc\\\/#primaryimage\"},\"image\":{\"@id\":\"https:\\\/\\\/legendatours.com\\\/product\\\/the-vicentina-route-and-the-untamed-atlantic-5200sc\\\/#primaryimage\"},\"thumbnailUrl\":\"https:\\\/\\\/legendatours.com\\\/wp-content\\\/uploads\\\/sites\\\/12\\\/2021\\\/04\\\/costavicentina.jpg\",\"datePublished\":\"2020-05-27T15:01:53+00:00\",\"dateModified\":\"2022-01-02T23:07:33+00:00\",\"description\":\"An enjoyable Birdwatching Tour, no matter your level of birding ability and expertise. Focus on the Ria Formosa Park and in the Castro Marim Nature Reserve.\",\"breadcrumb\":{\"@id\":\"https:\\\/\\\/legendatours.com\\\/product\\\/the-vicentina-route-and-the-untamed-atlantic-5200sc\\\/#breadcrumb\"},\"inLanguage\":\"sv-SE\",\"potentialAction\":[{\"@type\":\"ReadAction\",\"target\":[\"https:\\\/\\\/legendatours.com\\\/product\\\/the-vicentina-route-and-the-untamed-atlantic-5200sc\\\/\"]}]},{\"@type\":\"ImageObject\",\"inLanguage\":\"sv-SE\",\"@id\":\"https:\\\/\\\/legendatours.com\\\/product\\\/the-vicentina-route-and-the-untamed-atlantic-5200sc\\\/#primaryimage\",\"url\":\"https:\\\/\\\/legendatours.com\\\/wp-content\\\/uploads\\\/sites\\\/12\\\/2021\\\/04\\\/costavicentina.jpg\",\"contentUrl\":\"https:\\\/\\\/legendatours.com\\\/wp-content\\\/uploads\\\/sites\\\/12\\\/2021\\\/04\\\/costavicentina.jpg\",\"width\":1200,\"height\":781,\"caption\":\"Stork nest - Vicentina Coast\"},{\"@type\":\"BreadcrumbList\",\"@id\":\"https:\\\/\\\/legendatours.com\\\/product\\\/the-vicentina-route-and-the-untamed-atlantic-5200sc\\\/#breadcrumb\",\"itemListElement\":[{\"@type\":\"ListItem\",\"position\":1,\"name\":\"Home\",\"item\":\"https:\\\/\\\/legendatours.com\\\/\"},{\"@type\":\"ListItem\",\"position\":2,\"name\":\"Shop\",\"item\":\"https:\\\/\\\/legendatours.com\\\/sv\\\/?page_id=4\"},{\"@type\":\"ListItem\",\"position\":3,\"name\":\"Birdwatching and Wildlife Tour in the Ria Formosa is a Self-Guided Tour with Car designed by keen local birders. Rightly famed for its golden beaches, golf courses, and wonderful year-round climate, the Algarve is also a secret destination for great birding. At almost any time of the year, there is something of interest to see!\"}]},{\"@type\":\"WebSite\",\"@id\":\"https:\\\/\\\/legendatours.com\\\/#website\",\"url\":\"https:\\\/\\\/legendatours.com\\\/\",\"name\":\"Legendary Adventure DMC Portugal\",\"description\":\"Responsible Walking &amp; Nature Holidays in Portugal\",\"publisher\":{\"@id\":\"https:\\\/\\\/legendatours.com\\\/#organization\"},\"alternateName\":\"Legendary Adventure Portugal\",\"potentialAction\":[{\"@type\":\"SearchAction\",\"target\":{\"@type\":\"EntryPoint\",\"urlTemplate\":\"https:\\\/\\\/legendatours.com\\\/?s={search_term_string}\"},\"query-input\":{\"@type\":\"PropertyValueSpecification\",\"valueRequired\":true,\"valueName\":\"search_term_string\"}}],\"inLanguage\":\"sv-SE\"},{\"@type\":\"Organization\",\"@id\":\"https:\\\/\\\/legendatours.com\\\/#organization\",\"name\":\"legendatours.com\",\"url\":\"https:\\\/\\\/legendatours.com\\\/\",\"logo\":{\"@type\":\"ImageObject\",\"inLanguage\":\"sv-SE\",\"@id\":\"https:\\\/\\\/legendatours.com\\\/#\\\/schema\\\/logo\\\/image\\\/\",\"url\":\"https:\\\/\\\/legendatours.com\\\/wp-content\\\/uploads\\\/sites\\\/12\\\/2021\\\/06\\\/legendary_adventure_dmc.png\",\"contentUrl\":\"https:\\\/\\\/legendatours.com\\\/wp-content\\\/uploads\\\/sites\\\/12\\\/2021\\\/06\\\/legendary_adventure_dmc.png\",\"width\":250,\"height\":74,\"caption\":\"legendatours.com\"},\"image\":{\"@id\":\"https:\\\/\\\/legendatours.com\\\/#\\\/schema\\\/logo\\\/image\\\/\"},\"sameAs\":[\"https:\\\/\\\/www.facebook.com\\\/legendaryadventuredmc\\\/\",\"https:\\\/\\\/www.linkedin.com\\\/company\\\/legendary-adventure-dmc-portugal\",\"https:\\\/\\\/www.youtube.com\\\/channel\\\/UCOIRDx_KM6ynIcacQkZjb6g\"]}]}<\/script>\n<!-- \/ Yoast SEO Premium plugin. -->","yoast_head_json":{"title":"Sj\u00e4lvk\u00f6rande promenad p\u00e5 Vicentina-rutten - Legendary Adventure DMC Portugal","description":"En trevlig f\u00e5gelsk\u00e5dningstur, oavsett din niv\u00e5 av f\u00e5gelsk\u00e5dningsf\u00f6rm\u00e5ga och expertis. Fokusera p\u00e5 Ria Formosa-parken och i naturreservatet Castro Marim.","robots":{"index":"index","follow":"follow","max-snippet":"max-snippet:-1","max-image-preview":"max-image-preview:large","max-video-preview":"max-video-preview:-1"},"canonical":"https:\/\/legendatours.com\/sv\/produkt\/the-vicentina-route-and-the-untamed-atlantic-5200sc\/","og_locale":"sv_SE","og_type":"article","og_title":"Self-Drive Walking Independent in The Vicentina Route","og_description":"An enjoyable Birdwatching Tour, no matter your level of birding ability and expertise. Focus on the Ria Formosa Park and in the Castro Marim Nature Reserve.","og_url":"https:\/\/legendatours.com\/sv\/produkt\/the-vicentina-route-and-the-untamed-atlantic-5200sc\/","og_site_name":"Legendary Adventure DMC Portugal","article_publisher":"https:\/\/www.facebook.com\/legendaryadventuredmc\/","article_modified_time":"2022-01-02T23:07:33+00:00","og_image":[{"width":1200,"height":781,"url":"https:\/\/legendatours.com\/wp-content\/uploads\/sites\/12\/2021\/04\/costavicentina.jpg","type":"image\/jpeg"}],"twitter_card":"summary_large_image","twitter_misc":{"Ber\u00e4knad l\u00e4stid":"2 minuter"},"schema":{"@context":"https:\/\/schema.org","@graph":[{"@type":"WebPage","@id":"https:\/\/legendatours.com\/product\/the-vicentina-route-and-the-untamed-atlantic-5200sc\/","url":"https:\/\/legendatours.com\/product\/the-vicentina-route-and-the-untamed-atlantic-5200sc\/","name":"Sj\u00e4lvk\u00f6rande promenad p\u00e5 Vicentina-rutten - Legendary Adventure DMC Portugal","isPartOf":{"@id":"https:\/\/legendatours.com\/#website"},"primaryImageOfPage":{"@id":"https:\/\/legendatours.com\/product\/the-vicentina-route-and-the-untamed-atlantic-5200sc\/#primaryimage"},"image":{"@id":"https:\/\/legendatours.com\/product\/the-vicentina-route-and-the-untamed-atlantic-5200sc\/#primaryimage"},"thumbnailUrl":"https:\/\/legendatours.com\/wp-content\/uploads\/sites\/12\/2021\/04\/costavicentina.jpg","datePublished":"2020-05-27T15:01:53+00:00","dateModified":"2022-01-02T23:07:33+00:00","description":"En trevlig f\u00e5gelsk\u00e5dningstur, oavsett din niv\u00e5 av f\u00e5gelsk\u00e5dningsf\u00f6rm\u00e5ga och expertis. Fokusera p\u00e5 Ria Formosa-parken och i naturreservatet Castro Marim.","breadcrumb":{"@id":"https:\/\/legendatours.com\/product\/the-vicentina-route-and-the-untamed-atlantic-5200sc\/#breadcrumb"},"inLanguage":"sv-SE","potentialAction":[{"@type":"ReadAction","target":["https:\/\/legendatours.com\/product\/the-vicentina-route-and-the-untamed-atlantic-5200sc\/"]}]},{"@type":"ImageObject","inLanguage":"sv-SE","@id":"https:\/\/legendatours.com\/product\/the-vicentina-route-and-the-untamed-atlantic-5200sc\/#primaryimage","url":"https:\/\/legendatours.com\/wp-content\/uploads\/sites\/12\/2021\/04\/costavicentina.jpg","contentUrl":"https:\/\/legendatours.com\/wp-content\/uploads\/sites\/12\/2021\/04\/costavicentina.jpg","width":1200,"height":781,"caption":"Stork nest - Vicentina Coast"},{"@type":"BreadcrumbList","@id":"https:\/\/legendatours.com\/product\/the-vicentina-route-and-the-untamed-atlantic-5200sc\/#breadcrumb","itemListElement":[{"@type":"ListItem","position":1,"name":"Home","item":"https:\/\/legendatours.com\/"},{"@type":"ListItem","position":2,"name":"Shop","item":"https:\/\/legendatours.com\/sv\/?page_id=4"},{"@type":"ListItem","position":3,"name":"Birdwatching and Wildlife Tour in the Ria Formosa is a Self-Guided Tour with Car designed by keen local birders. Rightly famed for its golden beaches, golf courses, and wonderful year-round climate, the Algarve is also a secret destination for great birding. At almost any time of the year, there is something of interest to see!"}]},{"@type":"WebSite","@id":"https:\/\/legendatours.com\/#website","url":"https:\/\/legendatours.com\/","name":"Legendariskt \u00e4ventyr DMC Portugal","description":"Ansvarsfulla vandringar och natursemester i Portugal","publisher":{"@id":"https:\/\/legendatours.com\/#organization"},"alternateName":"Legendary Adventure Portugal","potentialAction":[{"@type":"SearchAction","target":{"@type":"EntryPoint","urlTemplate":"https:\/\/legendatours.com\/?s={search_term_string}"},"query-input":{"@type":"PropertyValueSpecification","valueRequired":true,"valueName":"search_term_string"}}],"inLanguage":"sv-SE"},{"@type":"Organization","@id":"https:\/\/legendatours.com\/#organization","name":"legendatours.com","url":"https:\/\/legendatours.com\/","logo":{"@type":"ImageObject","inLanguage":"sv-SE","@id":"https:\/\/legendatours.com\/#\/schema\/logo\/image\/","url":"https:\/\/legendatours.com\/wp-content\/uploads\/sites\/12\/2021\/06\/legendary_adventure_dmc.png","contentUrl":"https:\/\/legendatours.com\/wp-content\/uploads\/sites\/12\/2021\/06\/legendary_adventure_dmc.png","width":250,"height":74,"caption":"legendatours.com"},"image":{"@id":"https:\/\/legendatours.com\/#\/schema\/logo\/image\/"},"sameAs":["https:\/\/www.facebook.com\/legendaryadventuredmc\/","https:\/\/www.linkedin.com\/company\/legendary-adventure-dmc-portugal","https:\/\/www.youtube.com\/channel\/UCOIRDx_KM6ynIcacQkZjb6g"]}]}},"_links":{"self":[{"href":"https:\/\/legendatours.com\/sv\/wp-json\/wp\/v2\/product\/8212","targetHints":{"allow":["GET"]}}],"collection":[{"href":"https:\/\/legendatours.com\/sv\/wp-json\/wp\/v2\/product"}],"about":[{"href":"https:\/\/legendatours.com\/sv\/wp-json\/wp\/v2\/types\/product"}],"replies":[{"embeddable":true,"href":"https:\/\/legendatours.com\/sv\/wp-json\/wp\/v2\/comments?post=8212"}],"wp:featuredmedia":[{"embeddable":true,"href":"https:\/\/legendatours.com\/sv\/wp-json\/wp\/v2\/media\/1663"}],"wp:attachment":[{"href":"https:\/\/legendatours.com\/sv\/wp-json\/wp\/v2\/media?parent=8212"}],"wp:term":[{"taxonomy":"product_brand","embeddable":true,"href":"https:\/\/legendatours.com\/sv\/wp-json\/wp\/v2\/product_brand?post=8212"},{"taxonomy":"product_cat","embeddable":true,"href":"https:\/\/legendatours.com\/sv\/wp-json\/wp\/v2\/product_cat?post=8212"},{"taxonomy":"product_tag","embeddable":true,"href":"https:\/\/legendatours.com\/sv\/wp-json\/wp\/v2\/product_tag?post=8212"}],"curies":[{"name":"wp","href":"https:\/\/api.w.org\/{rel}","templated":true}]}}