{"id":8221,"date":"2020-05-27T10:27:50","date_gmt":"2020-05-27T10:27:50","guid":{"rendered":"https:\/\/legendatours.com\/product\/self-drive-walking-holidays-in-lagos-the-wonderful-west-algarve\/"},"modified":"2022-01-02T22:36:33","modified_gmt":"2022-01-02T22:36:33","slug":"walking-in-the-wonderful-west-algarve-5300sc","status":"publish","type":"product","link":"https:\/\/legendatours.com\/sv\/produkt\/walking-in-the-wonderful-west-algarve-5300sc\/","title":{"rendered":"Self-Drive Walking Holidays i Lagos, Wonderful West Algarve"},"content":{"rendered":"<p>Sk\u00f6nheten i Algarves v\u00e4stkust \u00e4r ingen hemlighet. Det finns dock unika platser och upplevelser som mest \u00e4r ok\u00e4nda, som du f\u00e5r m\u00f6jlighet att uppt\u00e4cka med denna sp\u00e4nnande sj\u00e4lvk\u00f6rande vandring.<\/p>\n<p>V\u00e5r bas \u00e4r den kosmopolitiska staden Lagos, en bit bort fr\u00e5n en m\u00e4ngd avskilda str\u00e4nder och or\u00f6rda grusv\u00e4gar, perfekt f\u00f6r ivriga uppt\u00e4cktsresande.<\/p>\n<p>Resplanerna visar olika landskap, vid kusten och in\u00e5t landet, och \u00e4r resultatet av stor lokal kunskap.<\/p>\n<div id=\"attachment_1855\" style=\"width: 1034px\" class=\"wp-caption alignnone\"><img loading=\"lazy\" decoding=\"async\" aria-describedby=\"caption-attachment-1855\" class=\"wp-image-1855 size-large\" src=\"https:\/\/legendatours.net\/wp-content\/uploads\/2020\/03\/Lagos-waterfront-2-1024x686.jpg\" alt=\"Lagos waterfront attractive town that was an important Roman settlement\" width=\"1024\" height=\"686\" \/><p id=\"caption-attachment-1855\" class=\"wp-caption-text\">Lagos strandn\u00e4ra attraktiva stad som var en viktig romersk bos\u00e4ttning<\/p><\/div>\n<p>Du kan resa sj\u00e4lvst\u00e4ndigt f\u00f6r att uppt\u00e4cka de varierande landskapen i v\u00e4stra Algarve, fr\u00e5n vulkaniska kullar till dramatiska kalksten, fr\u00e5n s\u00f6mniga landsbygdsbyar till livliga kustst\u00e4der, fr\u00e5n fiskarsamh\u00e4llen till gr\u00f6na sluttningar utan n\u00e5gon i sikte.<\/p>\n<p>Staden Lagos vetter mot en stor vik och Meia Praia -stranden fina sandstr\u00e4nder. H\u00e4rifr\u00e5n avgick uppt\u00e4ckternas galeoner, och det var ocks\u00e5 ett g\u00f6mst\u00e4lle f\u00f6r privatpersoner som Sir Francis Drake.<\/p>\n<p>En vacker mur gr\u00e4nsar till vattnet, och gamla stan \u00e4r fylld med sm\u00e5 butiker, restauranger och en m\u00e4ngd arv och kulturella platser.<br \/>\n\u00c4ven under vinterm\u00e5naderna \u00e4r v\u00e4dret milt, vilket g\u00f6r detta till en h\u00e4rlig region f\u00f6r promenader och andra naturaktiviteter.<\/p>\n<div id=\"attachment_1906\" style=\"width: 1034px\" class=\"wp-caption alignnone\"><img loading=\"lazy\" decoding=\"async\" aria-describedby=\"caption-attachment-1906\" class=\"wp-image-1906 size-large\" src=\"https:\/\/legendatours.net\/wp-content\/uploads\/2020\/03\/Oranges-in-West-Algarve-orchard-1024x685.jpg\" alt=\"Oranges in West Algarve orchard\" width=\"1024\" height=\"685\" \/><p id=\"caption-attachment-1906\" class=\"wp-caption-text\">Apelsiner i v\u00e4stra Algarve frukttr\u00e4dg\u00e5rd. Det finns inget trevligare \u00e4n en nyplockad apelsin n\u00e4stan direkt fr\u00e5n tr\u00e4det.<\/p><\/div>\n<p>In\u00e5t landet, uppe i de gr\u00f6nskande kullarna, kommer du att se ett s\u00e4tt att leva som har f\u00f6rsvunnit fr\u00e5n m\u00e5nga europeiska l\u00e4nder och kretsar kring \u00e5rstiderna. P\u00e5 de smala kullerstensgatorna i charmiga bergsbyar med vitkalkade hus hittar du s\u00f6mniga kaf\u00e9er och ett lugnt s\u00e4tt att leva.<\/p>\n<div id=\"attachment_1853\" style=\"width: 1034px\" class=\"wp-caption alignnone\"><img loading=\"lazy\" decoding=\"async\" aria-describedby=\"caption-attachment-1853\" class=\"wp-image-1853 size-full\" src=\"https:\/\/legendatours.net\/wp-content\/uploads\/2020\/03\/Lagos-fortress-2-e1611677706222.jpg\" alt=\"Lagos Fortress\" width=\"1024\" height=\"683\" \/><p id=\"caption-attachment-1853\" class=\"wp-caption-text\">Lagos f\u00e4stning \u00e4r ett charmigt gammalt fort med sm\u00e5 vakttorn och en gammal tr\u00e4bron. Det ligger vid stadens strand.<\/p><\/div>\n<p>Kusten \u00e4r vild, \u00f6verl\u00e4mnad till kraften i Atlanten, men med en historia ocks\u00e5 mycket n\u00e4ra bunden till naturen.<\/p>\n<p>I Alvor mynning, vid l\u00e5gvatten, kan du se lokalbefolkningen sj\u00f6fart, tillsammans med h\u00e4grar, skedr\u00e4p och andra f\u00e5gelarter.<\/p>\n<p>Oavsett vilken del av v\u00e4stra Algarve dina vandringsleder leder dig, hittar du v\u00e4nliga m\u00e4nniskor, utm\u00e4rkta lokala viner och uts\u00f6kt mat, fr\u00e5n dagens f\u00e4rska f\u00e5ngst till rej\u00e4la r\u00e4tter smaksatta med \u00f6rter.<\/p>\n<p>Njut av v\u00e5ra k\u00f6rsb\u00e4rsplockade promenader i v\u00e4stra Algarve, eftersom de kombinerar alla ingredienser f\u00f6r en perfekt vandringssemester samtidigt som de ger en verklig k\u00e4nsla av plats.<\/p>\n<div class=\"row\" style=\"display: flex;\">\n<div class=\"column\" style=\"flex: 45%;\"><\/div>\n<div class=\"column\" style=\"flex: 10%;\"><\/div>\n<div class=\"column\" style=\"flex: 45%;\"><\/div>\n<\/div>","protected":false},"excerpt":{"rendered":"<p>Sk\u00f6nheten i Algarves v\u00e4stkust \u00e4r ingen hemlighet. Det finns dock unika platser och upplevelser som mest \u00e4r ok\u00e4nda, som du f\u00e5r m\u00f6jlighet att uppt\u00e4cka med denna sp\u00e4nnande sj\u00e4lvk\u00f6rande vandring.<\/p>\n<p>V\u00e5r bas \u00e4r den kosmopolitiska staden Lagos, en bit bort fr\u00e5n en m\u00e4ngd avskilda str\u00e4nder och or\u00f6rda grusv\u00e4gar, perfekt f\u00f6r ivriga uppt\u00e4cktsresande.<\/p>","protected":false},"featured_media":8213,"comment_status":"closed","ping_status":"closed","template":"","meta":{"_acf_changed":false,"inline_featured_image":false},"product_brand":[],"product_cat":[327,301,856],"product_tag":[147,647,306,866,433,867,608,850,81,153,214,337,779,156,535,218,160,255,758,313,759,760,761,762,868,270,271,869,745,162,558,860,861,747,614,639,60,764,765,766,767,768,319,328,777,781,228,653,322,770,173,324,68,864,771,684,685,177,325,772,326,122,421,757,645,145],"class_list":{"0":"post-8221","1":"product","2":"type-product","3":"status-publish","4":"has-post-thumbnail","6":"product_cat-self-drive-holidays-portugal","7":"product_cat-self-guided-tours-portugal","8":"product_cat-self-guided-walking-holidays","9":"product_tag-algarve","10":"product_tag-algarve-secluded-beaches","11":"product_tag-alleine-reisen","12":"product_tag-almond-tree","13":"product_tag-birdwatching","14":"product_tag-carobs","15":"product_tag-cherry-picked-walks","16":"product_tag-cliff-top","17":"product_tag-coastal-walks","18":"product_tag-countryside","19":"product_tag-culture","20":"product_tag-delicious-food","21":"product_tag-fly-drive","22":"product_tag-hiking","23":"product_tag-historic-centre","24":"product_tag-history","25":"product_tag-holidays","26":"product_tag-holidays-in-portugal","27":"product_tag-individual-hiking","28":"product_tag-individuelle-touren","29":"product_tag-individuelle-trekkingreisen","30":"product_tag-individuelle-wandern","31":"product_tag-individuelle-wanderreisen","32":"product_tag-individuelle-wandertouren","33":"product_tag-inland-algarve","34":"product_tag-lagos","35":"product_tag-lush-green-hills","36":"product_tag-mining","37":"product_tag-nature-hikes","38":"product_tag-nature-walks","39":"product_tag-olives","40":"product_tag-oranges","41":"product_tag-orchards","42":"product_tag-paths","43":"product_tag-pinturesque-landscape","44":"product_tag-ponta-da-piedade","45":"product_tag-portugal","46":"product_tag-rando-autoguidee","47":"product_tag-rando-liberte","48":"product_tag-randonnee-autoguidee","49":"product_tag-randonnee-en-liberte","50":"product_tag-randonnee-liberte","51":"product_tag-sejour-en-liberte","52":"product_tag-self-guided","53":"product_tag-self-guided-holidays","54":"product_tag-self-guided-tours","55":"product_tag-sightseeing","56":"product_tag-slave-market-lagos","57":"product_tag-solo-reisen","58":"product_tag-solo-wandern","59":"product_tag-sunny-winters","60":"product_tag-tours-autoguidees","61":"product_tag-tours-in-portugal","62":"product_tag-trails","63":"product_tag-trek-en-liberte","64":"product_tag-trek-solo","65":"product_tag-trekking-solo","66":"product_tag-vacations","67":"product_tag-voyage-en-liberte","68":"product_tag-voyages-a-pied-en-liberte","69":"product_tag-voyages-en-autonomie","70":"product_tag-walking-tours","71":"product_tag-walking-trails","72":"product_tag-walks","73":"product_tag-west-algarve","74":"product_tag-wines","76":"first","77":"instock","78":"virtual","79":"product-type-simple"},"acf":[],"yoast_head":"<!-- This site is optimized with the Yoast SEO Premium plugin v26.8 (Yoast SEO v27.5) - https:\/\/yoast.com\/product\/yoast-seo-premium-wordpress\/ -->\n<title>Self-Drive Walking Holidays in Lagos the Wonderful West Algarve - Legendary Adventure DMC Portugal<\/title>\n<meta name=\"description\" content=\"An enjoyable Birdwatching Tour, no matter your level of birding ability and expertise. Focus on the Ria Formosa Park and in the Castro Marim Nature Reserve.\" \/>\n<meta name=\"robots\" content=\"index, follow, max-snippet:-1, max-image-preview:large, max-video-preview:-1\" \/>\n<link rel=\"canonical\" href=\"https:\/\/legendatours.com\/sv\/produkt\/walking-in-the-wonderful-west-algarve-5300sc\/\" \/>\n<meta property=\"og:locale\" content=\"sv_SE\" \/>\n<meta property=\"og:type\" content=\"article\" \/>\n<meta property=\"og:title\" content=\"Self-Drive Walking Holidays in Lagos the Wonderful West Algarve\" \/>\n<meta property=\"og:description\" content=\"An enjoyable Birdwatching Tour, no matter your level of birding ability and expertise. Focus on the Ria Formosa Park and in the Castro Marim Nature Reserve.\" \/>\n<meta property=\"og:url\" content=\"https:\/\/legendatours.com\/sv\/produkt\/walking-in-the-wonderful-west-algarve-5300sc\/\" \/>\n<meta property=\"og:site_name\" content=\"Legendary Adventure DMC Portugal\" \/>\n<meta property=\"article:publisher\" content=\"https:\/\/www.facebook.com\/legendaryadventuredmc\/\" \/>\n<meta property=\"article:modified_time\" content=\"2022-01-02T22:36:33+00:00\" \/>\n<meta property=\"og:image\" content=\"https:\/\/legendatours.com\/wp-content\/uploads\/sites\/12\/2021\/04\/Walk_west_algarve-e1611687545330.jpg\" \/>\n\t<meta property=\"og:image:width\" content=\"1024\" \/>\n\t<meta property=\"og:image:height\" content=\"728\" \/>\n\t<meta property=\"og:image:type\" content=\"image\/jpeg\" \/>\n<meta name=\"twitter:card\" content=\"summary_large_image\" \/>\n<meta name=\"twitter:label1\" content=\"Ber\u00e4knad l\u00e4stid\" \/>\n\t<meta name=\"twitter:data1\" content=\"2 minuter\" \/>\n<script type=\"application\/ld+json\" class=\"yoast-schema-graph\">{\"@context\":\"https:\\\/\\\/schema.org\",\"@graph\":[{\"@type\":\"WebPage\",\"@id\":\"https:\\\/\\\/legendatours.com\\\/product\\\/walking-in-the-wonderful-west-algarve-5300sc\\\/\",\"url\":\"https:\\\/\\\/legendatours.com\\\/product\\\/walking-in-the-wonderful-west-algarve-5300sc\\\/\",\"name\":\"Self-Drive Walking Holidays in Lagos the Wonderful West Algarve - Legendary Adventure DMC Portugal\",\"isPartOf\":{\"@id\":\"https:\\\/\\\/legendatours.com\\\/#website\"},\"primaryImageOfPage\":{\"@id\":\"https:\\\/\\\/legendatours.com\\\/product\\\/walking-in-the-wonderful-west-algarve-5300sc\\\/#primaryimage\"},\"image\":{\"@id\":\"https:\\\/\\\/legendatours.com\\\/product\\\/walking-in-the-wonderful-west-algarve-5300sc\\\/#primaryimage\"},\"thumbnailUrl\":\"https:\\\/\\\/legendatours.com\\\/wp-content\\\/uploads\\\/sites\\\/12\\\/2021\\\/04\\\/Walk_west_algarve-e1611687545330.jpg\",\"datePublished\":\"2020-05-27T10:27:50+00:00\",\"dateModified\":\"2022-01-02T22:36:33+00:00\",\"description\":\"An enjoyable Birdwatching Tour, no matter your level of birding ability and expertise. Focus on the Ria Formosa Park and in the Castro Marim Nature Reserve.\",\"breadcrumb\":{\"@id\":\"https:\\\/\\\/legendatours.com\\\/product\\\/walking-in-the-wonderful-west-algarve-5300sc\\\/#breadcrumb\"},\"inLanguage\":\"sv-SE\",\"potentialAction\":[{\"@type\":\"ReadAction\",\"target\":[\"https:\\\/\\\/legendatours.com\\\/product\\\/walking-in-the-wonderful-west-algarve-5300sc\\\/\"]}]},{\"@type\":\"ImageObject\",\"inLanguage\":\"sv-SE\",\"@id\":\"https:\\\/\\\/legendatours.com\\\/product\\\/walking-in-the-wonderful-west-algarve-5300sc\\\/#primaryimage\",\"url\":\"https:\\\/\\\/legendatours.com\\\/wp-content\\\/uploads\\\/sites\\\/12\\\/2021\\\/04\\\/Walk_west_algarve-e1611687545330.jpg\",\"contentUrl\":\"https:\\\/\\\/legendatours.com\\\/wp-content\\\/uploads\\\/sites\\\/12\\\/2021\\\/04\\\/Walk_west_algarve-e1611687545330.jpg\",\"width\":1024,\"height\":728,\"caption\":\"Walk West Algarve\"},{\"@type\":\"BreadcrumbList\",\"@id\":\"https:\\\/\\\/legendatours.com\\\/product\\\/walking-in-the-wonderful-west-algarve-5300sc\\\/#breadcrumb\",\"itemListElement\":[{\"@type\":\"ListItem\",\"position\":1,\"name\":\"Home\",\"item\":\"https:\\\/\\\/legendatours.com\\\/\"},{\"@type\":\"ListItem\",\"position\":2,\"name\":\"Shop\",\"item\":\"https:\\\/\\\/legendatours.com\\\/sv\\\/?page_id=4\"},{\"@type\":\"ListItem\",\"position\":3,\"name\":\"Birdwatching and Wildlife Tour in the Ria Formosa is a Self-Guided Tour with Car designed by keen local birders. Rightly famed for its golden beaches, golf courses, and wonderful year-round climate, the Algarve is also a secret destination for great birding. At almost any time of the year, there is something of interest to see!\"}]},{\"@type\":\"WebSite\",\"@id\":\"https:\\\/\\\/legendatours.com\\\/#website\",\"url\":\"https:\\\/\\\/legendatours.com\\\/\",\"name\":\"Legendary Adventure DMC Portugal\",\"description\":\"Responsible Walking &amp; Nature Holidays in Portugal\",\"publisher\":{\"@id\":\"https:\\\/\\\/legendatours.com\\\/#organization\"},\"alternateName\":\"Legendary Adventure Portugal\",\"potentialAction\":[{\"@type\":\"SearchAction\",\"target\":{\"@type\":\"EntryPoint\",\"urlTemplate\":\"https:\\\/\\\/legendatours.com\\\/?s={search_term_string}\"},\"query-input\":{\"@type\":\"PropertyValueSpecification\",\"valueRequired\":true,\"valueName\":\"search_term_string\"}}],\"inLanguage\":\"sv-SE\"},{\"@type\":\"Organization\",\"@id\":\"https:\\\/\\\/legendatours.com\\\/#organization\",\"name\":\"legendatours.com\",\"url\":\"https:\\\/\\\/legendatours.com\\\/\",\"logo\":{\"@type\":\"ImageObject\",\"inLanguage\":\"sv-SE\",\"@id\":\"https:\\\/\\\/legendatours.com\\\/#\\\/schema\\\/logo\\\/image\\\/\",\"url\":\"https:\\\/\\\/legendatours.com\\\/wp-content\\\/uploads\\\/sites\\\/12\\\/2021\\\/06\\\/legendary_adventure_dmc.png\",\"contentUrl\":\"https:\\\/\\\/legendatours.com\\\/wp-content\\\/uploads\\\/sites\\\/12\\\/2021\\\/06\\\/legendary_adventure_dmc.png\",\"width\":250,\"height\":74,\"caption\":\"legendatours.com\"},\"image\":{\"@id\":\"https:\\\/\\\/legendatours.com\\\/#\\\/schema\\\/logo\\\/image\\\/\"},\"sameAs\":[\"https:\\\/\\\/www.facebook.com\\\/legendaryadventuredmc\\\/\",\"https:\\\/\\\/www.linkedin.com\\\/company\\\/legendary-adventure-dmc-portugal\",\"https:\\\/\\\/www.youtube.com\\\/channel\\\/UCOIRDx_KM6ynIcacQkZjb6g\"]}]}<\/script>\n<!-- \/ Yoast SEO Premium plugin. -->","yoast_head_json":{"title":"Self -Drive Walking Holidays i Lagos the Wonderful West Algarve - Legendary Adventure DMC Portugal","description":"En trevlig f\u00e5gelsk\u00e5dningstur, oavsett din niv\u00e5 av f\u00e5gelsk\u00e5dningsf\u00f6rm\u00e5ga och expertis. Fokusera p\u00e5 Ria Formosa-parken och i naturreservatet Castro Marim.","robots":{"index":"index","follow":"follow","max-snippet":"max-snippet:-1","max-image-preview":"max-image-preview:large","max-video-preview":"max-video-preview:-1"},"canonical":"https:\/\/legendatours.com\/sv\/produkt\/walking-in-the-wonderful-west-algarve-5300sc\/","og_locale":"sv_SE","og_type":"article","og_title":"Self-Drive Walking Holidays in Lagos the Wonderful West Algarve","og_description":"An enjoyable Birdwatching Tour, no matter your level of birding ability and expertise. Focus on the Ria Formosa Park and in the Castro Marim Nature Reserve.","og_url":"https:\/\/legendatours.com\/sv\/produkt\/walking-in-the-wonderful-west-algarve-5300sc\/","og_site_name":"Legendary Adventure DMC Portugal","article_publisher":"https:\/\/www.facebook.com\/legendaryadventuredmc\/","article_modified_time":"2022-01-02T22:36:33+00:00","og_image":[{"width":1024,"height":728,"url":"https:\/\/legendatours.com\/wp-content\/uploads\/sites\/12\/2021\/04\/Walk_west_algarve-e1611687545330.jpg","type":"image\/jpeg"}],"twitter_card":"summary_large_image","twitter_misc":{"Ber\u00e4knad l\u00e4stid":"2 minuter"},"schema":{"@context":"https:\/\/schema.org","@graph":[{"@type":"WebPage","@id":"https:\/\/legendatours.com\/product\/walking-in-the-wonderful-west-algarve-5300sc\/","url":"https:\/\/legendatours.com\/product\/walking-in-the-wonderful-west-algarve-5300sc\/","name":"Self -Drive Walking Holidays i Lagos the Wonderful West Algarve - Legendary Adventure DMC Portugal","isPartOf":{"@id":"https:\/\/legendatours.com\/#website"},"primaryImageOfPage":{"@id":"https:\/\/legendatours.com\/product\/walking-in-the-wonderful-west-algarve-5300sc\/#primaryimage"},"image":{"@id":"https:\/\/legendatours.com\/product\/walking-in-the-wonderful-west-algarve-5300sc\/#primaryimage"},"thumbnailUrl":"https:\/\/legendatours.com\/wp-content\/uploads\/sites\/12\/2021\/04\/Walk_west_algarve-e1611687545330.jpg","datePublished":"2020-05-27T10:27:50+00:00","dateModified":"2022-01-02T22:36:33+00:00","description":"En trevlig f\u00e5gelsk\u00e5dningstur, oavsett din niv\u00e5 av f\u00e5gelsk\u00e5dningsf\u00f6rm\u00e5ga och expertis. Fokusera p\u00e5 Ria Formosa-parken och i naturreservatet Castro Marim.","breadcrumb":{"@id":"https:\/\/legendatours.com\/product\/walking-in-the-wonderful-west-algarve-5300sc\/#breadcrumb"},"inLanguage":"sv-SE","potentialAction":[{"@type":"ReadAction","target":["https:\/\/legendatours.com\/product\/walking-in-the-wonderful-west-algarve-5300sc\/"]}]},{"@type":"ImageObject","inLanguage":"sv-SE","@id":"https:\/\/legendatours.com\/product\/walking-in-the-wonderful-west-algarve-5300sc\/#primaryimage","url":"https:\/\/legendatours.com\/wp-content\/uploads\/sites\/12\/2021\/04\/Walk_west_algarve-e1611687545330.jpg","contentUrl":"https:\/\/legendatours.com\/wp-content\/uploads\/sites\/12\/2021\/04\/Walk_west_algarve-e1611687545330.jpg","width":1024,"height":728,"caption":"Walk West Algarve"},{"@type":"BreadcrumbList","@id":"https:\/\/legendatours.com\/product\/walking-in-the-wonderful-west-algarve-5300sc\/#breadcrumb","itemListElement":[{"@type":"ListItem","position":1,"name":"Home","item":"https:\/\/legendatours.com\/"},{"@type":"ListItem","position":2,"name":"Shop","item":"https:\/\/legendatours.com\/sv\/?page_id=4"},{"@type":"ListItem","position":3,"name":"Birdwatching and Wildlife Tour in the Ria Formosa is a Self-Guided Tour with Car designed by keen local birders. Rightly famed for its golden beaches, golf courses, and wonderful year-round climate, the Algarve is also a secret destination for great birding. At almost any time of the year, there is something of interest to see!"}]},{"@type":"WebSite","@id":"https:\/\/legendatours.com\/#website","url":"https:\/\/legendatours.com\/","name":"Legendariskt \u00e4ventyr DMC Portugal","description":"Ansvarsfulla vandringar och natursemester i Portugal","publisher":{"@id":"https:\/\/legendatours.com\/#organization"},"alternateName":"Legendary Adventure Portugal","potentialAction":[{"@type":"SearchAction","target":{"@type":"EntryPoint","urlTemplate":"https:\/\/legendatours.com\/?s={search_term_string}"},"query-input":{"@type":"PropertyValueSpecification","valueRequired":true,"valueName":"search_term_string"}}],"inLanguage":"sv-SE"},{"@type":"Organization","@id":"https:\/\/legendatours.com\/#organization","name":"legendatours.com","url":"https:\/\/legendatours.com\/","logo":{"@type":"ImageObject","inLanguage":"sv-SE","@id":"https:\/\/legendatours.com\/#\/schema\/logo\/image\/","url":"https:\/\/legendatours.com\/wp-content\/uploads\/sites\/12\/2021\/06\/legendary_adventure_dmc.png","contentUrl":"https:\/\/legendatours.com\/wp-content\/uploads\/sites\/12\/2021\/06\/legendary_adventure_dmc.png","width":250,"height":74,"caption":"legendatours.com"},"image":{"@id":"https:\/\/legendatours.com\/#\/schema\/logo\/image\/"},"sameAs":["https:\/\/www.facebook.com\/legendaryadventuredmc\/","https:\/\/www.linkedin.com\/company\/legendary-adventure-dmc-portugal","https:\/\/www.youtube.com\/channel\/UCOIRDx_KM6ynIcacQkZjb6g"]}]}},"_links":{"self":[{"href":"https:\/\/legendatours.com\/sv\/wp-json\/wp\/v2\/product\/8221","targetHints":{"allow":["GET"]}}],"collection":[{"href":"https:\/\/legendatours.com\/sv\/wp-json\/wp\/v2\/product"}],"about":[{"href":"https:\/\/legendatours.com\/sv\/wp-json\/wp\/v2\/types\/product"}],"replies":[{"embeddable":true,"href":"https:\/\/legendatours.com\/sv\/wp-json\/wp\/v2\/comments?post=8221"}],"wp:featuredmedia":[{"embeddable":true,"href":"https:\/\/legendatours.com\/sv\/wp-json\/wp\/v2\/media\/8213"}],"wp:attachment":[{"href":"https:\/\/legendatours.com\/sv\/wp-json\/wp\/v2\/media?parent=8221"}],"wp:term":[{"taxonomy":"product_brand","embeddable":true,"href":"https:\/\/legendatours.com\/sv\/wp-json\/wp\/v2\/product_brand?post=8221"},{"taxonomy":"product_cat","embeddable":true,"href":"https:\/\/legendatours.com\/sv\/wp-json\/wp\/v2\/product_cat?post=8221"},{"taxonomy":"product_tag","embeddable":true,"href":"https:\/\/legendatours.com\/sv\/wp-json\/wp\/v2\/product_tag?post=8221"}],"curies":[{"name":"wp","href":"https:\/\/api.w.org\/{rel}","templated":true}]}}