{"id":8233,"date":"2020-05-27T09:08:32","date_gmt":"2020-05-27T09:08:32","guid":{"rendered":"https:\/\/legendatours.com\/product\/self-drive-holidays-walking-the-tranquil-guadiana-grand-route\/"},"modified":"2025-10-07T11:43:40","modified_gmt":"2025-10-07T11:43:40","slug":"the-tranquil-guadiana-grand-route-5900sc","status":"publish","type":"product","link":"https:\/\/legendatours.com\/sv\/produkt\/the-tranquil-guadiana-grand-route-5900sc\/","title":{"rendered":"Sj\u00e4lvk\u00f6rningssemester G\u00e5 p\u00e5 den fridfulla Guadiana Grand Route"},"content":{"rendered":"<p>En Self-Drive Walking Tour i Guadiana Grand Route (GR15), d\u00e4r du hittar tysta och imponerande landskap i en knappt befolkad region. Njut av oberoende naturvandringar och uppt\u00e4ck sp\u00e5ren av dem som bott h\u00e4r i \u00e5rhundraden.<\/p>\n<p>De historiska byarna M\u00e9rtola och Alcoutim kommer att vara v\u00e5r bas, n\u00e4r vi f\u00f6ljer floden Guadiana som slingrar sig genom kullarna och l\u00e5glandet.<\/p>\n<p>Turen b\u00f6rjar i M\u00e9rtola, varifr\u00e5n floden Guadiana inte l\u00e4ngre \u00e4r farbar. Denna charmiga by, uppflugen p\u00e5 en kulle ovanf\u00f6r floden Guadiana, i Alentejo, var en g\u00e5ng huvudstaden i det d\u00e5 m\u00e4ktiga moriska imperiet. Idag \u00e4r M\u00e9rtola en &quot;museumsby&quot;, d\u00e4r skikt av historia kan avsl\u00f6jas.<\/p>\n<div id=\"attachment_2162\" style=\"width: 1034px\" class=\"wp-caption alignnone\"><img loading=\"lazy\" decoding=\"async\" aria-describedby=\"caption-attachment-2162\" class=\"wp-image-2162 size-large\" src=\"https:\/\/legendatours.net\/wp-content\/uploads\/2020\/05\/Guadiana_Vallley_Natural_Park-1024x604.jpg\" alt=\"Guadiana Vallley Natural Park\" width=\"1024\" height=\"604\" \/><p id=\"caption-attachment-2162\" class=\"wp-caption-text\">Guadiana Vallley naturpark. Landskapet har en hisnande storhet, dess horisonter verkar alltid vara o\u00e4ndliga och p\u00e5 v\u00e5ren bl\u00e4ndar \u00f6verfl\u00f6det av f\u00e4rgglada vilda blommor \u00f6gonen.<\/p><\/div>\n<p>Du kommer att utforska byns smala gator, g\u00e5 l\u00e4ngs kullarna f\u00f6r att betrakta de b\u00f6ljande sl\u00e4tterna, kvartsith\u00f6jderna och dalarna. Vid flodstranden hittar du en strand, en mycket v\u00e4lkommen l\u00e4ttnad under varmare dagar.<\/p>\n<p>Turn\u00e9n inkluderar en resa till den \u00f6vergivna gruvan i S\u00e3o Domingos. Kuslig och g\u00e5tfull, platsen \u00e4r idag l\u00e4mnad f\u00f6r nyfikenhet hos slumpm\u00e4ssiga ensamma resen\u00e4rer och storkar.<\/p>\n<p>F\u00f6ljer du floden s\u00f6derut n\u00e5r du den andra basen av v\u00e5r tur, Alcoutim, i det inre \u00f6stra Algarve. \u00c4ven om den var mindre \u00e4n M\u00e9rtola, var denna pittoreska by en viktig fenicisk hamn p\u00e5 den tiden.<\/p>\n<p>Tv\u00e4rs \u00f6ver marginalen kan vi se den n\u00e4rliggande spanska byn San Lucar, som Alcoutim delar en l\u00e5ng historia av handel och smuggling med. Dessa minnen hedras av smugglarens staty, som kan ses vid kajen i Alcoutim.<\/p>\n<div id=\"attachment_2165\" style=\"width: 1034px\" class=\"wp-caption alignnone\"><img loading=\"lazy\" decoding=\"async\" aria-describedby=\"caption-attachment-2165\" class=\"wp-image-2165 size-large\" src=\"https:\/\/legendatours.net\/wp-content\/uploads\/2020\/05\/Mertola_Guadiana-1024x768.jpg\" alt=\"Mertola, Museum Village\" width=\"1024\" height=\"768\" \/><p id=\"caption-attachment-2165\" class=\"wp-caption-text\">Mertola, Museibyn. Denna charmiga by, uppflugen p\u00e5 en kulle ovanf\u00f6r floden Guadiana, i Alentejo.<\/p><\/div>\n<p>Guadiana Valley Natural Park \u00e4r ett rikt ekosystem. Habitat f\u00f6r m\u00e5nga rovf\u00e5glar och olika passerinearter, det \u00e4r rikligt i korktr\u00e4dskogar, vissa ekskogar, omfattande cistusomr\u00e5den och regnmatade plantager. Floden \u00e4r ocks\u00e5 hem f\u00f6r mer \u00e4n tjugo arter av s\u00f6tvattensfiskar.<\/p>\n<p>L\u00e4ngs dagarna kommer du att uppt\u00e4cka intressanta m\u00e4nskliga landskap med sm\u00e5 jordbruksmarker och v\u00e4derkvarnar, i harmoni med den naturliga milj\u00f6n. Djurlivet h\u00e4r \u00e4r sprudlande, men det finns en k\u00e4nsla av stillhet i denna of\u00f6rst\u00f6rda del av territoriet, rik p\u00e5 arv, historia och r\u00e5a naturliga underverk.<\/p>\n<p>F\u00f6r att f\u00e5 ut det mesta av din sj\u00e4lvk\u00f6rningssemester p\u00e5 den vackra Guadiana Grand Route, prova den uts\u00f6kta lokala maten, baserad p\u00e5 enkla och \u00f6dmjuka ingredienser.<\/p>\n<div id=\"attachment_1882\" style=\"width: 1034px\" class=\"wp-caption alignnone\"><img loading=\"lazy\" decoding=\"async\" aria-describedby=\"caption-attachment-1882\" class=\"wp-image-1882 size-full\" src=\"https:\/\/legendatours.net\/wp-content\/uploads\/2020\/03\/Guadiana_River-1-e1611677940729.jpg\" alt=\"The Guadiana River separates Portugal from Spain\" width=\"1024\" height=\"666\" \/><p id=\"caption-attachment-1882\" class=\"wp-caption-text\">Guadiana -floden skiljer Portugal fr\u00e5n Spanien<\/p><\/div>\n<p>Br\u00f6d bakat i en vedeldad ugn, fin olivolja, aromatiska \u00f6rter och delikatesser fr\u00e5n floden och landet, som den vilda sparrisen, svamparna och &quot;t\u00faberas&quot; (tryffel).<\/p>\n<p>Vinerna \u00e4r ocks\u00e5 fantastiska. Guadianaflodens sluttningar var i \u00e5rhundraden ett utm\u00e4rkt omr\u00e5de f\u00f6r lokal vinproduktion.<\/p>\n<p>Av alla dessa sk\u00e4l \u00e4r detta en turn\u00e9 som inte f\u00e5r missas f\u00f6r \u00e4lskare av oberoende naturvandringar och \u00e4kthet!<\/p>\n<div class=\"row\">\n<div class=\"column\" style=\"flex: 45%\">\n<p><iframe loading=\"lazy\" title=\"Parque Natural do Vale do Guadiana - O Patrim\u00f3nio Cultural\" width=\"1080\" height=\"608\" src=\"https:\/\/www.youtube.com\/embed\/WZ7jxnZHGOc?feature=oembed\" frameborder=\"0\" allow=\"accelerometer; autoplay; clipboard-write; encrypted-media; gyroscope; picture-in-picture\" allowfullscreen><\/iframe><\/p>\n<\/div>\n<div class=\"column\" style=\"flex: 10%\"><\/div>\n<div class=\"column\" style=\"flex: 45%\"><\/div>\n<\/div>","protected":false},"excerpt":{"rendered":"<p>En Self-Drive Walking Tour i Guadiana Grand Route (GR15), d\u00e4r du hittar tysta och imponerande landskap i en knappt befolkad region. Njut av oberoende naturvandringar och uppt\u00e4ck sp\u00e5ren av dem som bott h\u00e4r i \u00e5rhundraden.<\/p>\n<p>De historiska byarna M\u00e9rtola och Alcoutim kommer att vara v\u00e5r bas, n\u00e4r vi f\u00f6ljer floden Guadiana som slingrar sig genom kullarna och l\u00e5glandet.<\/p>","protected":false},"featured_media":8131,"comment_status":"closed","ping_status":"closed","template":"","meta":{"_acf_changed":false,"inline_featured_image":false},"product_brand":[],"product_cat":[327,301,856],"product_tag":[547,147,306,866,433,867,870,153,214,337,779,552,553,554,156,535,218,160,871,758,313,759,760,761,762,868,271,556,594,869,745,449,162,558,860,861,872,747,873,60,749,819,764,765,766,767,768,874,875,561,319,328,777,781,228,322,770,324,68,864,771,684,685,806,177,325,772,326,122,421,757,145],"class_list":{"0":"post-8233","1":"product","2":"type-product","3":"status-publish","4":"has-post-thumbnail","6":"product_cat-self-drive-holidays-portugal","7":"product_cat-self-guided-tours-portugal","8":"product_cat-self-guided-walking-holidays","9":"product_tag-alcoutim","10":"product_tag-algarve","11":"product_tag-alleine-reisen","12":"product_tag-almond-tree","13":"product_tag-birdwatching","14":"product_tag-carobs","15":"product_tag-circular-walks","16":"product_tag-countryside","17":"product_tag-culture","18":"product_tag-delicious-food","19":"product_tag-fly-drive","20":"product_tag-guadiana","21":"product_tag-guadiana-grand-route","22":"product_tag-guadiana-river","23":"product_tag-hiking","24":"product_tag-historic-centre","25":"product_tag-history","26":"product_tag-holidays","27":"product_tag-hotel-museu","28":"product_tag-individual-hiking","29":"product_tag-individuelle-touren","30":"product_tag-individuelle-trekkingreisen","31":"product_tag-individuelle-wandern","32":"product_tag-individuelle-wanderreisen","33":"product_tag-individuelle-wandertouren","34":"product_tag-inland-algarve","35":"product_tag-lush-green-hills","36":"product_tag-mertola","37":"product_tag-mina-de-sao-domingos","38":"product_tag-mining","39":"product_tag-nature-hikes","40":"product_tag-nature-observation","41":"product_tag-nature-walks","42":"product_tag-olives","43":"product_tag-oranges","44":"product_tag-orchards","45":"product_tag-ore","46":"product_tag-paths","47":"product_tag-pituresque-landscapes","48":"product_tag-portugal","49":"product_tag-protected-area","50":"product_tag-quartzite-elevations","51":"product_tag-rando-autoguidee","52":"product_tag-rando-liberte","53":"product_tag-randonnee-autoguidee","54":"product_tag-randonnee-en-liberte","55":"product_tag-randonnee-liberte","56":"product_tag-rent-a-car","57":"product_tag-river-beach","58":"product_tag-river-guadiana","59":"product_tag-sejour-en-liberte","60":"product_tag-self-guided","61":"product_tag-self-guided-holidays","62":"product_tag-self-guided-tours","63":"product_tag-sightseeing","64":"product_tag-solo-reisen","65":"product_tag-solo-wandern","66":"product_tag-tours-autoguidees","67":"product_tag-tours-in-portugal","68":"product_tag-trails","69":"product_tag-trek-en-liberte","70":"product_tag-trek-solo","71":"product_tag-trekking-solo","72":"product_tag-undulating-plains","73":"product_tag-vacations","74":"product_tag-voyage-en-liberte","75":"product_tag-voyages-a-pied-en-liberte","76":"product_tag-voyages-en-autonomie","77":"product_tag-walking-tours","78":"product_tag-walking-trails","79":"product_tag-walks","80":"product_tag-wines","82":"first","83":"instock","84":"virtual","85":"product-type-simple"},"acf":[],"yoast_head":"<!-- This site is optimized with the Yoast SEO Premium plugin v26.8 (Yoast SEO v27.5) - https:\/\/yoast.com\/product\/yoast-seo-premium-wordpress\/ -->\n<title>Self-Drive Holidays Walking The Tranquil Guadiana Grand Route - Legendary Adventure DMC Portugal<\/title>\n<meta name=\"description\" content=\"An enjoyable Birdwatching Tour, no matter your level of birding ability and expertise. Focus on the Ria Formosa Park and in the Castro Marim Nature Reserve.\" \/>\n<meta name=\"robots\" content=\"index, follow, max-snippet:-1, max-image-preview:large, max-video-preview:-1\" \/>\n<link rel=\"canonical\" href=\"https:\/\/legendatours.com\/sv\/produkt\/the-tranquil-guadiana-grand-route-5900sc\/\" \/>\n<meta property=\"og:locale\" content=\"sv_SE\" \/>\n<meta property=\"og:type\" content=\"article\" \/>\n<meta property=\"og:title\" content=\"Self-Drive Holidays Walking The Tranquil Guadiana Grand Route\" \/>\n<meta property=\"og:description\" content=\"An enjoyable Birdwatching Tour, no matter your level of birding ability and expertise. Focus on the Ria Formosa Park and in the Castro Marim Nature Reserve.\" \/>\n<meta property=\"og:url\" content=\"https:\/\/legendatours.com\/sv\/produkt\/the-tranquil-guadiana-grand-route-5900sc\/\" \/>\n<meta property=\"og:site_name\" content=\"Legendary Adventure DMC Portugal\" \/>\n<meta property=\"article:publisher\" content=\"https:\/\/www.facebook.com\/legendaryadventuredmc\/\" \/>\n<meta property=\"article:modified_time\" content=\"2025-10-07T11:43:40+00:00\" \/>\n<meta property=\"og:image\" content=\"https:\/\/legendatours.com\/wp-content\/uploads\/sites\/12\/2021\/04\/Guadiana_Alcoutim.jpg\" \/>\n\t<meta property=\"og:image:width\" content=\"1195\" \/>\n\t<meta property=\"og:image:height\" content=\"800\" \/>\n\t<meta property=\"og:image:type\" content=\"image\/jpeg\" \/>\n<meta name=\"twitter:card\" content=\"summary_large_image\" \/>\n<meta name=\"twitter:label1\" content=\"Ber\u00e4knad l\u00e4stid\" \/>\n\t<meta name=\"twitter:data1\" content=\"3 minuter\" \/>\n<script type=\"application\/ld+json\" class=\"yoast-schema-graph\">{\"@context\":\"https:\\\/\\\/schema.org\",\"@graph\":[{\"@type\":\"WebPage\",\"@id\":\"https:\\\/\\\/legendatours.com\\\/product\\\/the-tranquil-guadiana-grand-route-5900sc\\\/\",\"url\":\"https:\\\/\\\/legendatours.com\\\/product\\\/the-tranquil-guadiana-grand-route-5900sc\\\/\",\"name\":\"Self-Drive Holidays Walking The Tranquil Guadiana Grand Route - Legendary Adventure DMC Portugal\",\"isPartOf\":{\"@id\":\"https:\\\/\\\/legendatours.com\\\/#website\"},\"primaryImageOfPage\":{\"@id\":\"https:\\\/\\\/legendatours.com\\\/product\\\/the-tranquil-guadiana-grand-route-5900sc\\\/#primaryimage\"},\"image\":{\"@id\":\"https:\\\/\\\/legendatours.com\\\/product\\\/the-tranquil-guadiana-grand-route-5900sc\\\/#primaryimage\"},\"thumbnailUrl\":\"https:\\\/\\\/legendatours.com\\\/wp-content\\\/uploads\\\/sites\\\/12\\\/2021\\\/04\\\/Guadiana_Alcoutim.jpg\",\"datePublished\":\"2020-05-27T09:08:32+00:00\",\"dateModified\":\"2025-10-07T11:43:40+00:00\",\"description\":\"An enjoyable Birdwatching Tour, no matter your level of birding ability and expertise. Focus on the Ria Formosa Park and in the Castro Marim Nature Reserve.\",\"breadcrumb\":{\"@id\":\"https:\\\/\\\/legendatours.com\\\/product\\\/the-tranquil-guadiana-grand-route-5900sc\\\/#breadcrumb\"},\"inLanguage\":\"sv-SE\",\"potentialAction\":[{\"@type\":\"ReadAction\",\"target\":[\"https:\\\/\\\/legendatours.com\\\/product\\\/the-tranquil-guadiana-grand-route-5900sc\\\/\"]}]},{\"@type\":\"ImageObject\",\"inLanguage\":\"sv-SE\",\"@id\":\"https:\\\/\\\/legendatours.com\\\/product\\\/the-tranquil-guadiana-grand-route-5900sc\\\/#primaryimage\",\"url\":\"https:\\\/\\\/legendatours.com\\\/wp-content\\\/uploads\\\/sites\\\/12\\\/2021\\\/04\\\/Guadiana_Alcoutim.jpg\",\"contentUrl\":\"https:\\\/\\\/legendatours.com\\\/wp-content\\\/uploads\\\/sites\\\/12\\\/2021\\\/04\\\/Guadiana_Alcoutim.jpg\",\"width\":1195,\"height\":800,\"caption\":\"Walking in the Guadiana Alcoutim\"},{\"@type\":\"BreadcrumbList\",\"@id\":\"https:\\\/\\\/legendatours.com\\\/product\\\/the-tranquil-guadiana-grand-route-5900sc\\\/#breadcrumb\",\"itemListElement\":[{\"@type\":\"ListItem\",\"position\":1,\"name\":\"Home\",\"item\":\"https:\\\/\\\/legendatours.com\\\/\"},{\"@type\":\"ListItem\",\"position\":2,\"name\":\"Shop\",\"item\":\"https:\\\/\\\/legendatours.com\\\/sv\\\/?page_id=4\"},{\"@type\":\"ListItem\",\"position\":3,\"name\":\"Birdwatching and Wildlife Tour in the Ria Formosa is a Self-Guided Tour with Car designed by keen local birders. Rightly famed for its golden beaches, golf courses, and wonderful year-round climate, the Algarve is also a secret destination for great birding. At almost any time of the year, there is something of interest to see!\"}]},{\"@type\":\"WebSite\",\"@id\":\"https:\\\/\\\/legendatours.com\\\/#website\",\"url\":\"https:\\\/\\\/legendatours.com\\\/\",\"name\":\"Legendary Adventure DMC Portugal\",\"description\":\"Responsible Walking &amp; Nature Holidays in Portugal\",\"publisher\":{\"@id\":\"https:\\\/\\\/legendatours.com\\\/#organization\"},\"alternateName\":\"Legendary Adventure Portugal\",\"potentialAction\":[{\"@type\":\"SearchAction\",\"target\":{\"@type\":\"EntryPoint\",\"urlTemplate\":\"https:\\\/\\\/legendatours.com\\\/?s={search_term_string}\"},\"query-input\":{\"@type\":\"PropertyValueSpecification\",\"valueRequired\":true,\"valueName\":\"search_term_string\"}}],\"inLanguage\":\"sv-SE\"},{\"@type\":\"Organization\",\"@id\":\"https:\\\/\\\/legendatours.com\\\/#organization\",\"name\":\"legendatours.com\",\"url\":\"https:\\\/\\\/legendatours.com\\\/\",\"logo\":{\"@type\":\"ImageObject\",\"inLanguage\":\"sv-SE\",\"@id\":\"https:\\\/\\\/legendatours.com\\\/#\\\/schema\\\/logo\\\/image\\\/\",\"url\":\"https:\\\/\\\/legendatours.com\\\/wp-content\\\/uploads\\\/sites\\\/12\\\/2021\\\/06\\\/legendary_adventure_dmc.png\",\"contentUrl\":\"https:\\\/\\\/legendatours.com\\\/wp-content\\\/uploads\\\/sites\\\/12\\\/2021\\\/06\\\/legendary_adventure_dmc.png\",\"width\":250,\"height\":74,\"caption\":\"legendatours.com\"},\"image\":{\"@id\":\"https:\\\/\\\/legendatours.com\\\/#\\\/schema\\\/logo\\\/image\\\/\"},\"sameAs\":[\"https:\\\/\\\/www.facebook.com\\\/legendaryadventuredmc\\\/\",\"https:\\\/\\\/www.linkedin.com\\\/company\\\/legendary-adventure-dmc-portugal\",\"https:\\\/\\\/www.youtube.com\\\/channel\\\/UCOIRDx_KM6ynIcacQkZjb6g\"]}]}<\/script>\n<!-- \/ Yoast SEO Premium plugin. -->","yoast_head_json":{"title":"K\u00f6r sj\u00e4lv-semester Promenad p\u00e5 den lugna Guadiana Grand Route - Legendariskt \u00e4ventyr DMC Portugal","description":"En trevlig f\u00e5gelsk\u00e5dningstur, oavsett din niv\u00e5 av f\u00e5gelsk\u00e5dningsf\u00f6rm\u00e5ga och expertis. Fokusera p\u00e5 Ria Formosa-parken och i naturreservatet Castro Marim.","robots":{"index":"index","follow":"follow","max-snippet":"max-snippet:-1","max-image-preview":"max-image-preview:large","max-video-preview":"max-video-preview:-1"},"canonical":"https:\/\/legendatours.com\/sv\/produkt\/the-tranquil-guadiana-grand-route-5900sc\/","og_locale":"sv_SE","og_type":"article","og_title":"Self-Drive Holidays Walking The Tranquil Guadiana Grand Route","og_description":"An enjoyable Birdwatching Tour, no matter your level of birding ability and expertise. Focus on the Ria Formosa Park and in the Castro Marim Nature Reserve.","og_url":"https:\/\/legendatours.com\/sv\/produkt\/the-tranquil-guadiana-grand-route-5900sc\/","og_site_name":"Legendary Adventure DMC Portugal","article_publisher":"https:\/\/www.facebook.com\/legendaryadventuredmc\/","article_modified_time":"2025-10-07T11:43:40+00:00","og_image":[{"width":1195,"height":800,"url":"https:\/\/legendatours.com\/wp-content\/uploads\/sites\/12\/2021\/04\/Guadiana_Alcoutim.jpg","type":"image\/jpeg"}],"twitter_card":"summary_large_image","twitter_misc":{"Ber\u00e4knad l\u00e4stid":"3 minuter"},"schema":{"@context":"https:\/\/schema.org","@graph":[{"@type":"WebPage","@id":"https:\/\/legendatours.com\/product\/the-tranquil-guadiana-grand-route-5900sc\/","url":"https:\/\/legendatours.com\/product\/the-tranquil-guadiana-grand-route-5900sc\/","name":"K\u00f6r sj\u00e4lv-semester Promenad p\u00e5 den lugna Guadiana Grand Route - Legendariskt \u00e4ventyr DMC Portugal","isPartOf":{"@id":"https:\/\/legendatours.com\/#website"},"primaryImageOfPage":{"@id":"https:\/\/legendatours.com\/product\/the-tranquil-guadiana-grand-route-5900sc\/#primaryimage"},"image":{"@id":"https:\/\/legendatours.com\/product\/the-tranquil-guadiana-grand-route-5900sc\/#primaryimage"},"thumbnailUrl":"https:\/\/legendatours.com\/wp-content\/uploads\/sites\/12\/2021\/04\/Guadiana_Alcoutim.jpg","datePublished":"2020-05-27T09:08:32+00:00","dateModified":"2025-10-07T11:43:40+00:00","description":"En trevlig f\u00e5gelsk\u00e5dningstur, oavsett din niv\u00e5 av f\u00e5gelsk\u00e5dningsf\u00f6rm\u00e5ga och expertis. Fokusera p\u00e5 Ria Formosa-parken och i naturreservatet Castro Marim.","breadcrumb":{"@id":"https:\/\/legendatours.com\/product\/the-tranquil-guadiana-grand-route-5900sc\/#breadcrumb"},"inLanguage":"sv-SE","potentialAction":[{"@type":"ReadAction","target":["https:\/\/legendatours.com\/product\/the-tranquil-guadiana-grand-route-5900sc\/"]}]},{"@type":"ImageObject","inLanguage":"sv-SE","@id":"https:\/\/legendatours.com\/product\/the-tranquil-guadiana-grand-route-5900sc\/#primaryimage","url":"https:\/\/legendatours.com\/wp-content\/uploads\/sites\/12\/2021\/04\/Guadiana_Alcoutim.jpg","contentUrl":"https:\/\/legendatours.com\/wp-content\/uploads\/sites\/12\/2021\/04\/Guadiana_Alcoutim.jpg","width":1195,"height":800,"caption":"Walking in the Guadiana Alcoutim"},{"@type":"BreadcrumbList","@id":"https:\/\/legendatours.com\/product\/the-tranquil-guadiana-grand-route-5900sc\/#breadcrumb","itemListElement":[{"@type":"ListItem","position":1,"name":"Home","item":"https:\/\/legendatours.com\/"},{"@type":"ListItem","position":2,"name":"Shop","item":"https:\/\/legendatours.com\/sv\/?page_id=4"},{"@type":"ListItem","position":3,"name":"Birdwatching and Wildlife Tour in the Ria Formosa is a Self-Guided Tour with Car designed by keen local birders. Rightly famed for its golden beaches, golf courses, and wonderful year-round climate, the Algarve is also a secret destination for great birding. At almost any time of the year, there is something of interest to see!"}]},{"@type":"WebSite","@id":"https:\/\/legendatours.com\/#website","url":"https:\/\/legendatours.com\/","name":"Legendariskt \u00e4ventyr DMC Portugal","description":"Ansvarsfulla vandringar och natursemester i Portugal","publisher":{"@id":"https:\/\/legendatours.com\/#organization"},"alternateName":"Legendary Adventure Portugal","potentialAction":[{"@type":"SearchAction","target":{"@type":"EntryPoint","urlTemplate":"https:\/\/legendatours.com\/?s={search_term_string}"},"query-input":{"@type":"PropertyValueSpecification","valueRequired":true,"valueName":"search_term_string"}}],"inLanguage":"sv-SE"},{"@type":"Organization","@id":"https:\/\/legendatours.com\/#organization","name":"legendatours.com","url":"https:\/\/legendatours.com\/","logo":{"@type":"ImageObject","inLanguage":"sv-SE","@id":"https:\/\/legendatours.com\/#\/schema\/logo\/image\/","url":"https:\/\/legendatours.com\/wp-content\/uploads\/sites\/12\/2021\/06\/legendary_adventure_dmc.png","contentUrl":"https:\/\/legendatours.com\/wp-content\/uploads\/sites\/12\/2021\/06\/legendary_adventure_dmc.png","width":250,"height":74,"caption":"legendatours.com"},"image":{"@id":"https:\/\/legendatours.com\/#\/schema\/logo\/image\/"},"sameAs":["https:\/\/www.facebook.com\/legendaryadventuredmc\/","https:\/\/www.linkedin.com\/company\/legendary-adventure-dmc-portugal","https:\/\/www.youtube.com\/channel\/UCOIRDx_KM6ynIcacQkZjb6g"]}]}},"_links":{"self":[{"href":"https:\/\/legendatours.com\/sv\/wp-json\/wp\/v2\/product\/8233","targetHints":{"allow":["GET"]}}],"collection":[{"href":"https:\/\/legendatours.com\/sv\/wp-json\/wp\/v2\/product"}],"about":[{"href":"https:\/\/legendatours.com\/sv\/wp-json\/wp\/v2\/types\/product"}],"replies":[{"embeddable":true,"href":"https:\/\/legendatours.com\/sv\/wp-json\/wp\/v2\/comments?post=8233"}],"wp:featuredmedia":[{"embeddable":true,"href":"https:\/\/legendatours.com\/sv\/wp-json\/wp\/v2\/media\/8131"}],"wp:attachment":[{"href":"https:\/\/legendatours.com\/sv\/wp-json\/wp\/v2\/media?parent=8233"}],"wp:term":[{"taxonomy":"product_brand","embeddable":true,"href":"https:\/\/legendatours.com\/sv\/wp-json\/wp\/v2\/product_brand?post=8233"},{"taxonomy":"product_cat","embeddable":true,"href":"https:\/\/legendatours.com\/sv\/wp-json\/wp\/v2\/product_cat?post=8233"},{"taxonomy":"product_tag","embeddable":true,"href":"https:\/\/legendatours.com\/sv\/wp-json\/wp\/v2\/product_tag?post=8233"}],"curies":[{"name":"wp","href":"https:\/\/api.w.org\/{rel}","templated":true}]}}