{"id":8254,"date":"2020-04-24T12:05:32","date_gmt":"2020-04-24T12:05:32","guid":{"rendered":"https:\/\/legendatours.com\/product\/explore-albufeira-11102pk\/"},"modified":"2021-08-13T11:15:56","modified_gmt":"2021-08-13T11:15:56","slug":"explore-albufeira-sun-beach-11-days-11102pk","status":"publish","type":"product","link":"https:\/\/legendatours.com\/sv\/produkt\/explore-albufeira-sun-beach-11-days-11102pk\/","title":{"rendered":"Utforska Albufeira"},"content":{"rendered":"<p>Albufeira \u00e4r internationellt k\u00e4nt f\u00f6r sina guldsandstr\u00e4nder och turkosbl\u00e5tt vatten, skyddat av steniga ockra klippor.<\/p>\n<p>Landskapet lockar en m\u00e4ngd bes\u00f6kare som \u00e4lskar att sola under dagen. N\u00e4r solen g\u00e5r ner b\u00f6rjar festen med vackra m\u00e4nniskor som flockas f\u00f6r att njuta av restaurangerna, barerna, terrasserna och det episka Albufeiras nattliv.<\/p>\n<p>Avrunda dina dagar av fritid och avkoppling p\u00e5 en terrass med utsikt \u00f6ver havet, med en fr\u00e4sch drink p\u00e5 handen, f\u00f6r att fira det goda livet!<\/p>\n<p>Strandlinjen i Albufeira \u00e4r mycket inbjudande f\u00f6r vattensporter, fr\u00e5n vindsurfing, dykning eller segling. En b\u00e5ttur runt grottorna \u00e4r ett underbart tillf\u00e4lle f\u00f6r en annorlunda dag, med bes\u00f6k p\u00e5 avskilda str\u00e4nder som endast kan n\u00e5s via havet.<\/p>\n<p>Albufeira \u00e4r perfekt inte bara f\u00f6r m\u00e4nniskor som l\u00e4ngtar efter sol och vila. M\u00e5nga golfbanor str\u00e4cker sig n\u00e4stan till havet, och alla m\u00f6jliga roliga aktiviteter finns tillg\u00e4ngliga, som ridning i skuggan av pinjetr\u00e4d.<\/p>\n<p>Eftersom Albufeira \u00e4r en popul\u00e4r semesterort, vimlar det av urbana butiker och konst- och hantverksbutiker, d\u00e4r du fortfarande kan hitta autenticitet i lokala hantverkares verk. Dessa f\u00f6rem\u00e5l gjorda av lera, palmblad, koppar och spets f\u00f6ljer \u00e5rhundradens gamla traditioner.<\/p>\n<p>Charmen med Albufeira slutar inte h\u00e4r. I den b\u00f6rdiga gr\u00f6na landsbygden ligger ett doftande landskap prickat av mandel-, fikon-, apelsin- och tallar.<\/p>\n<p>De spetsiga typiska skorstenarna, ett arv fr\u00e5n morisk arkitektur, sticker ut mot det r\u00f6da av tegeltak och den bl\u00e5 himlen.<\/p>\n<p>S\u00f6mniga vitkalkade byar inbjuder dig att uppleva ett s\u00e4tt att leva kopplat till naturen, vilket ger ytterligare en dimension till din semester i Algarve.<\/p>\n<p>Sist, men absolut inte minst, \u00f6verl\u00e4mna dig till den utm\u00e4rkta portugisiska maten och vinerna. Fr\u00e5n f\u00e4rsk fisk och skaldjur till s\u00f6ta lokala delikatesser som mandel, honung och fikon, du kommer att bli bortsk\u00e4md med valm\u00f6jligheter!<\/p>","protected":false},"excerpt":{"rendered":"<p>Albufeira \u00e4r internationellt k\u00e4nt f\u00f6r sina guldsandstr\u00e4nder och turkosbl\u00e5tt vatten, skyddat av steniga ockra klippor.<\/p>\n<p>Landskapet lockar en m\u00e4ngd bes\u00f6kare som \u00e4lskar att sola under dagen. N\u00e4r solen g\u00e5r ner b\u00f6rjar festen med vackra m\u00e4nniskor som flockas f\u00f6r att njuta av restaurangerna, barerna, terrasserna och det episka Albufeiras nattliv.<\/p>\n<p>Avrunda dina dagar av fritid och avkoppling p\u00e5 en terrass med utsikt \u00f6ver havet, med en fr\u00e4sch drink p\u00e5 handen, f\u00f6r att fira det goda livet!<\/p>","protected":false},"featured_media":8175,"comment_status":"closed","ping_status":"closed","template":"","meta":{"_acf_changed":false,"inline_featured_image":false},"product_brand":[],"product_cat":[687,686],"product_tag":[147,882,76,883,884,876,154,155,885,391,130,886,887,99,495,888,889,692,879,695,890,123,891],"class_list":{"0":"post-8254","1":"product","2":"type-product","3":"status-publish","4":"has-post-thumbnail","6":"product_cat-explore-11-days-tour-portugal","7":"product_cat-holiday-packs-tours-portugal","8":"product_tag-algarve","9":"product_tag-algarve-jeep-safari","10":"product_tag-beaches","11":"product_tag-beautiful-landscapes-albufeira","12":"product_tag-beautiful-local-beaches","13":"product_tag-coastal-algarve","14":"product_tag-east-algarve","15":"product_tag-europe","16":"product_tag-falesia-beach","17":"product_tag-family-holidays","18":"product_tag-gastronomy","19":"product_tag-half-board-hotel-albufeira","20":"product_tag-lagoon-nature-reserve","21":"product_tag-natural-scenery","22":"product_tag-nature-paradise","23":"product_tag-pure-relaxation","24":"product_tag-romantic-break-algarve","25":"product_tag-sandy-beach","26":"product_tag-sun-and-beach","27":"product_tag-sunny-days","28":"product_tag-west-of-albufeira","29":"product_tag-western-europe","30":"product_tag-winery-algarve","32":"first","33":"instock","34":"shipping-taxable","35":"product-type-simple"},"acf":[],"yoast_head":"<!-- This site is optimized with the Yoast SEO Premium plugin v26.8 (Yoast SEO v27.5) - https:\/\/yoast.com\/product\/yoast-seo-premium-wordpress\/ -->\n<title>Explore Albufeira - Legendary Adventure DMC Portugal<\/title>\n<meta name=\"description\" content=\"Albufeira is known for its turquoise blue beaches and beautiful landscapes where the rocks stand out. They are beaches with a lot of charm and personality.\u00a0The town centre is a pedestrian-only square adorned with tropical trees. There are numerous companies that offer boat trips all over the coast, organize fishing and all kinds of amusements.\" \/>\n<meta name=\"robots\" content=\"index, follow, max-snippet:-1, max-image-preview:large, max-video-preview:-1\" \/>\n<link rel=\"canonical\" href=\"https:\/\/legendatours.com\/sv\/produkt\/explore-albufeira-sun-beach-11-days-11102pk\/\" \/>\n<meta property=\"og:locale\" content=\"sv_SE\" \/>\n<meta property=\"og:type\" content=\"article\" \/>\n<meta property=\"og:title\" content=\"Explore Albufeira\" \/>\n<meta property=\"og:description\" content=\"Albufeira is known for its turquoise blue beaches and beautiful landscapes where the rocks stand out. They are beaches with a lot of charm and personality.\u00a0The town centre is a pedestrian-only square adorned with tropical trees. There are numerous companies that offer boat trips all over the coast, organize fishing and all kinds of amusements.\" \/>\n<meta property=\"og:url\" content=\"https:\/\/legendatours.com\/sv\/produkt\/explore-albufeira-sun-beach-11-days-11102pk\/\" \/>\n<meta property=\"og:site_name\" content=\"Legendary Adventure DMC Portugal\" \/>\n<meta property=\"article:publisher\" content=\"https:\/\/www.facebook.com\/legendaryadventuredmc\/\" \/>\n<meta property=\"article:modified_time\" content=\"2021-08-13T11:15:56+00:00\" \/>\n<meta property=\"og:image\" content=\"https:\/\/legendatours.com\/wp-content\/uploads\/sites\/12\/2021\/04\/Albufeira_beach-e1611681074787.jpg\" \/>\n\t<meta property=\"og:image:width\" content=\"1022\" \/>\n\t<meta property=\"og:image:height\" content=\"800\" \/>\n\t<meta property=\"og:image:type\" content=\"image\/jpeg\" \/>\n<meta name=\"twitter:card\" content=\"summary_large_image\" \/>\n<meta name=\"twitter:label1\" content=\"Ber\u00e4knad l\u00e4stid\" \/>\n\t<meta name=\"twitter:data1\" content=\"1 minut\" \/>\n<script type=\"application\/ld+json\" class=\"yoast-schema-graph\">{\"@context\":\"https:\\\/\\\/schema.org\",\"@graph\":[{\"@type\":\"WebPage\",\"@id\":\"https:\\\/\\\/legendatours.com\\\/product\\\/explore-albufeira-sun-beach-11-days-11102pk\\\/\",\"url\":\"https:\\\/\\\/legendatours.com\\\/product\\\/explore-albufeira-sun-beach-11-days-11102pk\\\/\",\"name\":\"Explore Albufeira - Legendary Adventure DMC Portugal\",\"isPartOf\":{\"@id\":\"https:\\\/\\\/legendatours.com\\\/#website\"},\"primaryImageOfPage\":{\"@id\":\"https:\\\/\\\/legendatours.com\\\/product\\\/explore-albufeira-sun-beach-11-days-11102pk\\\/#primaryimage\"},\"image\":{\"@id\":\"https:\\\/\\\/legendatours.com\\\/product\\\/explore-albufeira-sun-beach-11-days-11102pk\\\/#primaryimage\"},\"thumbnailUrl\":\"https:\\\/\\\/legendatours.com\\\/wp-content\\\/uploads\\\/sites\\\/12\\\/2021\\\/04\\\/Albufeira_beach-e1611681074787.jpg\",\"datePublished\":\"2020-04-24T12:05:32+00:00\",\"dateModified\":\"2021-08-13T11:15:56+00:00\",\"description\":\"Albufeira is known for its turquoise blue beaches and beautiful landscapes where the rocks stand out. They are beaches with a lot of charm and personality.\u00a0The town centre is a pedestrian-only square adorned with tropical trees. There are numerous companies that offer boat trips all over the coast, organize fishing and all kinds of amusements.\",\"breadcrumb\":{\"@id\":\"https:\\\/\\\/legendatours.com\\\/product\\\/explore-albufeira-sun-beach-11-days-11102pk\\\/#breadcrumb\"},\"inLanguage\":\"sv-SE\",\"potentialAction\":[{\"@type\":\"ReadAction\",\"target\":[\"https:\\\/\\\/legendatours.com\\\/product\\\/explore-albufeira-sun-beach-11-days-11102pk\\\/\"]}]},{\"@type\":\"ImageObject\",\"inLanguage\":\"sv-SE\",\"@id\":\"https:\\\/\\\/legendatours.com\\\/product\\\/explore-albufeira-sun-beach-11-days-11102pk\\\/#primaryimage\",\"url\":\"https:\\\/\\\/legendatours.com\\\/wp-content\\\/uploads\\\/sites\\\/12\\\/2021\\\/04\\\/Albufeira_beach-e1611681074787.jpg\",\"contentUrl\":\"https:\\\/\\\/legendatours.com\\\/wp-content\\\/uploads\\\/sites\\\/12\\\/2021\\\/04\\\/Albufeira_beach-e1611681074787.jpg\",\"width\":1022,\"height\":800,\"caption\":\"Holidays in Albufeira\"},{\"@type\":\"BreadcrumbList\",\"@id\":\"https:\\\/\\\/legendatours.com\\\/product\\\/explore-albufeira-sun-beach-11-days-11102pk\\\/#breadcrumb\",\"itemListElement\":[{\"@type\":\"ListItem\",\"position\":1,\"name\":\"Home\",\"item\":\"https:\\\/\\\/legendatours.com\\\/\"},{\"@type\":\"ListItem\",\"position\":2,\"name\":\"Shop\",\"item\":\"https:\\\/\\\/legendatours.com\\\/sv\\\/?page_id=4\"},{\"@type\":\"ListItem\",\"position\":3,\"name\":\"The beaches of Albufeira are the number one tourist destination in the Algarve. This is a developed city with a beautiful historic centre of narrow streets, surrounded by apartments and white houses, next to the beautiful local beaches. Nearby is the marina of Albufeira, heavily frequented by hundreds of recreational craft.\"}]},{\"@type\":\"WebSite\",\"@id\":\"https:\\\/\\\/legendatours.com\\\/#website\",\"url\":\"https:\\\/\\\/legendatours.com\\\/\",\"name\":\"Legendary Adventure DMC Portugal\",\"description\":\"Responsible Walking &amp; Nature Holidays in Portugal\",\"publisher\":{\"@id\":\"https:\\\/\\\/legendatours.com\\\/#organization\"},\"alternateName\":\"Legendary Adventure Portugal\",\"potentialAction\":[{\"@type\":\"SearchAction\",\"target\":{\"@type\":\"EntryPoint\",\"urlTemplate\":\"https:\\\/\\\/legendatours.com\\\/?s={search_term_string}\"},\"query-input\":{\"@type\":\"PropertyValueSpecification\",\"valueRequired\":true,\"valueName\":\"search_term_string\"}}],\"inLanguage\":\"sv-SE\"},{\"@type\":\"Organization\",\"@id\":\"https:\\\/\\\/legendatours.com\\\/#organization\",\"name\":\"legendatours.com\",\"url\":\"https:\\\/\\\/legendatours.com\\\/\",\"logo\":{\"@type\":\"ImageObject\",\"inLanguage\":\"sv-SE\",\"@id\":\"https:\\\/\\\/legendatours.com\\\/#\\\/schema\\\/logo\\\/image\\\/\",\"url\":\"https:\\\/\\\/legendatours.com\\\/wp-content\\\/uploads\\\/sites\\\/12\\\/2021\\\/06\\\/legendary_adventure_dmc.png\",\"contentUrl\":\"https:\\\/\\\/legendatours.com\\\/wp-content\\\/uploads\\\/sites\\\/12\\\/2021\\\/06\\\/legendary_adventure_dmc.png\",\"width\":250,\"height\":74,\"caption\":\"legendatours.com\"},\"image\":{\"@id\":\"https:\\\/\\\/legendatours.com\\\/#\\\/schema\\\/logo\\\/image\\\/\"},\"sameAs\":[\"https:\\\/\\\/www.facebook.com\\\/legendaryadventuredmc\\\/\",\"https:\\\/\\\/www.linkedin.com\\\/company\\\/legendary-adventure-dmc-portugal\",\"https:\\\/\\\/www.youtube.com\\\/channel\\\/UCOIRDx_KM6ynIcacQkZjb6g\"]}]}<\/script>\n<!-- \/ Yoast SEO Premium plugin. -->","yoast_head_json":{"title":"Utforska Albufeira - Legendary Adventure DMC Portugal","description":"Albufeira \u00e4r k\u00e4nt f\u00f6r sina turkosbl\u00e5 str\u00e4nder och vackra landskap d\u00e4r klipporna sticker ut. De \u00e4r str\u00e4nder med mycket charm och personlighet. Stadens centrum \u00e4r ett torg f\u00f6r fotg\u00e4ngare prydd med tropiska tr\u00e4d. Det finns m\u00e5nga f\u00f6retag som erbjuder b\u00e5tturer \u00f6ver hela kusten, organiserar fiske och alla typer av n\u00f6jen.","robots":{"index":"index","follow":"follow","max-snippet":"max-snippet:-1","max-image-preview":"max-image-preview:large","max-video-preview":"max-video-preview:-1"},"canonical":"https:\/\/legendatours.com\/sv\/produkt\/explore-albufeira-sun-beach-11-days-11102pk\/","og_locale":"sv_SE","og_type":"article","og_title":"Explore Albufeira","og_description":"Albufeira is known for its turquoise blue beaches and beautiful landscapes where the rocks stand out. They are beaches with a lot of charm and personality.\u00a0The town centre is a pedestrian-only square adorned with tropical trees. There are numerous companies that offer boat trips all over the coast, organize fishing and all kinds of amusements.","og_url":"https:\/\/legendatours.com\/sv\/produkt\/explore-albufeira-sun-beach-11-days-11102pk\/","og_site_name":"Legendary Adventure DMC Portugal","article_publisher":"https:\/\/www.facebook.com\/legendaryadventuredmc\/","article_modified_time":"2021-08-13T11:15:56+00:00","og_image":[{"width":1022,"height":800,"url":"https:\/\/legendatours.com\/wp-content\/uploads\/sites\/12\/2021\/04\/Albufeira_beach-e1611681074787.jpg","type":"image\/jpeg"}],"twitter_card":"summary_large_image","twitter_misc":{"Ber\u00e4knad l\u00e4stid":"1 minut"},"schema":{"@context":"https:\/\/schema.org","@graph":[{"@type":"WebPage","@id":"https:\/\/legendatours.com\/product\/explore-albufeira-sun-beach-11-days-11102pk\/","url":"https:\/\/legendatours.com\/product\/explore-albufeira-sun-beach-11-days-11102pk\/","name":"Utforska Albufeira - Legendary Adventure DMC Portugal","isPartOf":{"@id":"https:\/\/legendatours.com\/#website"},"primaryImageOfPage":{"@id":"https:\/\/legendatours.com\/product\/explore-albufeira-sun-beach-11-days-11102pk\/#primaryimage"},"image":{"@id":"https:\/\/legendatours.com\/product\/explore-albufeira-sun-beach-11-days-11102pk\/#primaryimage"},"thumbnailUrl":"https:\/\/legendatours.com\/wp-content\/uploads\/sites\/12\/2021\/04\/Albufeira_beach-e1611681074787.jpg","datePublished":"2020-04-24T12:05:32+00:00","dateModified":"2021-08-13T11:15:56+00:00","description":"Albufeira \u00e4r k\u00e4nt f\u00f6r sina turkosbl\u00e5 str\u00e4nder och vackra landskap d\u00e4r klipporna sticker ut. De \u00e4r str\u00e4nder med mycket charm och personlighet. Stadens centrum \u00e4r ett torg f\u00f6r fotg\u00e4ngare prydd med tropiska tr\u00e4d. Det finns m\u00e5nga f\u00f6retag som erbjuder b\u00e5tturer \u00f6ver hela kusten, organiserar fiske och alla typer av n\u00f6jen.","breadcrumb":{"@id":"https:\/\/legendatours.com\/product\/explore-albufeira-sun-beach-11-days-11102pk\/#breadcrumb"},"inLanguage":"sv-SE","potentialAction":[{"@type":"ReadAction","target":["https:\/\/legendatours.com\/product\/explore-albufeira-sun-beach-11-days-11102pk\/"]}]},{"@type":"ImageObject","inLanguage":"sv-SE","@id":"https:\/\/legendatours.com\/product\/explore-albufeira-sun-beach-11-days-11102pk\/#primaryimage","url":"https:\/\/legendatours.com\/wp-content\/uploads\/sites\/12\/2021\/04\/Albufeira_beach-e1611681074787.jpg","contentUrl":"https:\/\/legendatours.com\/wp-content\/uploads\/sites\/12\/2021\/04\/Albufeira_beach-e1611681074787.jpg","width":1022,"height":800,"caption":"Holidays in Albufeira"},{"@type":"BreadcrumbList","@id":"https:\/\/legendatours.com\/product\/explore-albufeira-sun-beach-11-days-11102pk\/#breadcrumb","itemListElement":[{"@type":"ListItem","position":1,"name":"Home","item":"https:\/\/legendatours.com\/"},{"@type":"ListItem","position":2,"name":"Shop","item":"https:\/\/legendatours.com\/sv\/?page_id=4"},{"@type":"ListItem","position":3,"name":"The beaches of Albufeira are the number one tourist destination in the Algarve. This is a developed city with a beautiful historic centre of narrow streets, surrounded by apartments and white houses, next to the beautiful local beaches. Nearby is the marina of Albufeira, heavily frequented by hundreds of recreational craft."}]},{"@type":"WebSite","@id":"https:\/\/legendatours.com\/#website","url":"https:\/\/legendatours.com\/","name":"Legendariskt \u00e4ventyr DMC Portugal","description":"Ansvarsfulla vandringar och natursemester i Portugal","publisher":{"@id":"https:\/\/legendatours.com\/#organization"},"alternateName":"Legendary Adventure Portugal","potentialAction":[{"@type":"SearchAction","target":{"@type":"EntryPoint","urlTemplate":"https:\/\/legendatours.com\/?s={search_term_string}"},"query-input":{"@type":"PropertyValueSpecification","valueRequired":true,"valueName":"search_term_string"}}],"inLanguage":"sv-SE"},{"@type":"Organization","@id":"https:\/\/legendatours.com\/#organization","name":"legendatours.com","url":"https:\/\/legendatours.com\/","logo":{"@type":"ImageObject","inLanguage":"sv-SE","@id":"https:\/\/legendatours.com\/#\/schema\/logo\/image\/","url":"https:\/\/legendatours.com\/wp-content\/uploads\/sites\/12\/2021\/06\/legendary_adventure_dmc.png","contentUrl":"https:\/\/legendatours.com\/wp-content\/uploads\/sites\/12\/2021\/06\/legendary_adventure_dmc.png","width":250,"height":74,"caption":"legendatours.com"},"image":{"@id":"https:\/\/legendatours.com\/#\/schema\/logo\/image\/"},"sameAs":["https:\/\/www.facebook.com\/legendaryadventuredmc\/","https:\/\/www.linkedin.com\/company\/legendary-adventure-dmc-portugal","https:\/\/www.youtube.com\/channel\/UCOIRDx_KM6ynIcacQkZjb6g"]}]}},"_links":{"self":[{"href":"https:\/\/legendatours.com\/sv\/wp-json\/wp\/v2\/product\/8254","targetHints":{"allow":["GET"]}}],"collection":[{"href":"https:\/\/legendatours.com\/sv\/wp-json\/wp\/v2\/product"}],"about":[{"href":"https:\/\/legendatours.com\/sv\/wp-json\/wp\/v2\/types\/product"}],"replies":[{"embeddable":true,"href":"https:\/\/legendatours.com\/sv\/wp-json\/wp\/v2\/comments?post=8254"}],"wp:featuredmedia":[{"embeddable":true,"href":"https:\/\/legendatours.com\/sv\/wp-json\/wp\/v2\/media\/8175"}],"wp:attachment":[{"href":"https:\/\/legendatours.com\/sv\/wp-json\/wp\/v2\/media?parent=8254"}],"wp:term":[{"taxonomy":"product_brand","embeddable":true,"href":"https:\/\/legendatours.com\/sv\/wp-json\/wp\/v2\/product_brand?post=8254"},{"taxonomy":"product_cat","embeddable":true,"href":"https:\/\/legendatours.com\/sv\/wp-json\/wp\/v2\/product_cat?post=8254"},{"taxonomy":"product_tag","embeddable":true,"href":"https:\/\/legendatours.com\/sv\/wp-json\/wp\/v2\/product_tag?post=8254"}],"curies":[{"name":"wp","href":"https:\/\/api.w.org\/{rel}","templated":true}]}}