{"id":8281,"date":"2020-03-06T18:55:31","date_gmt":"2020-03-06T18:55:31","guid":{"rendered":"https:\/\/legendatours.com\/product\/explore-albufeira\/"},"modified":"2021-08-13T12:08:20","modified_gmt":"2021-08-13T12:08:20","slug":"relax-in-tavira-8-days-8300pk-2","status":"publish","type":"product","link":"https:\/\/legendatours.com\/sv\/produkt\/relax-in-tavira-8-days-8300pk-2\/","title":{"rendered":"Utforska Albufeira"},"content":{"rendered":"<p>Albufeira \u00e4r internationellt k\u00e4nt f\u00f6r sina guldsandstr\u00e4nder och turkosbl\u00e5tt vatten, skyddat av steniga ockra klippor.<\/p>\n<p>Landskapet lockar en m\u00e4ngd bes\u00f6kare som \u00e4lskar att sola under dagen. N\u00e4r solen g\u00e5r ner b\u00f6rjar festen med vackra m\u00e4nniskor som flockas f\u00f6r att njuta av restaurangerna, barerna, terrasserna och det episka Albufeiras nattliv.<\/p>\n<div id=\"attachment_1984\" style=\"width: 1032px\" class=\"wp-caption alignnone\"><img loading=\"lazy\" decoding=\"async\" aria-describedby=\"caption-attachment-1984\" class=\"wp-image-1984 size-full\" src=\"https:\/\/legendatours.net\/wp-content\/uploads\/2020\/03\/Albufeira_beach.jpg\" alt=\"Holidays in Albufeira\" width=\"1022\" height=\"800\" \/><p id=\"caption-attachment-1984\" class=\"wp-caption-text\">Semester i Albufeira<\/p><\/div>\n<p>Avrunda dina dagar av fritid och avkoppling p\u00e5 en terrass med utsikt \u00f6ver havet, med en fr\u00e4sch drink p\u00e5 handen, f\u00f6r att fira det goda livet!<\/p>\n<p>Strandlinjen i Albufeira \u00e4r mycket inbjudande f\u00f6r vattensporter, fr\u00e5n vindsurfing, dykning eller segling. En b\u00e5ttur runt grottorna \u00e4r ett underbart tillf\u00e4lle f\u00f6r en annorlunda dag, med bes\u00f6k p\u00e5 avskilda str\u00e4nder som endast kan n\u00e5s via havet.<\/p>\n<p>Albufeira \u00e4r perfekt inte bara f\u00f6r m\u00e4nniskor som l\u00e4ngtar efter sol och vila. M\u00e5nga golfbanor str\u00e4cker sig n\u00e4stan till havet, och alla m\u00f6jliga roliga aktiviteter finns tillg\u00e4ngliga, som ridning i skuggan av pinjetr\u00e4den.<\/p>\n<div id=\"attachment_1989\" style=\"width: 1034px\" class=\"wp-caption alignnone\"><img loading=\"lazy\" decoding=\"async\" aria-describedby=\"caption-attachment-1989\" class=\"wp-image-1989 size-large\" src=\"https:\/\/legendatours.net\/wp-content\/uploads\/2020\/03\/Albufeira_downtown-1024x683.jpg\" alt=\"Holidays in Albufeira\" width=\"1024\" height=\"683\" \/><p id=\"caption-attachment-1989\" class=\"wp-caption-text\">Semester i Albufeira<\/p><\/div>\n<p>Eftersom Albufeira \u00e4r en popul\u00e4r semesterort, vimlar det av urbana butiker och konst- och hantverksbutiker, d\u00e4r du fortfarande kan hitta autenticitet i lokala hantverkares verk. Dessa f\u00f6rem\u00e5l gjorda av lera, palmblad, koppar och spets f\u00f6ljer \u00e5rhundradens gamla traditioner.<\/p>\n<p>Charmen med Albufeira slutar inte h\u00e4r. I den b\u00f6rdiga gr\u00f6na landsbygden ligger ett doftande landskap prickat av mandel-, fikon-, apelsin- och tallar.<\/p>\n<div id=\"attachment_1991\" style=\"width: 1034px\" class=\"wp-caption alignnone\"><img loading=\"lazy\" decoding=\"async\" aria-describedby=\"caption-attachment-1991\" class=\"wp-image-1991 size-large\" src=\"https:\/\/legendatours.net\/wp-content\/uploads\/2020\/03\/Albufeira_heritage-1024x686.jpg\" alt=\"Holidays in Albufeira\" width=\"1024\" height=\"686\" \/><p id=\"caption-attachment-1991\" class=\"wp-caption-text\">Semester i Albufeira<\/p><\/div>\n<p>De spetsiga typiska skorstenarna, ett arv fr\u00e5n morisk arkitektur, sticker ut mot det r\u00f6da av tegeltak och den bl\u00e5 himlen.<\/p>\n<p>S\u00f6mniga vitkalkade byar inbjuder dig att uppleva ett s\u00e4tt att leva kopplat till naturen, vilket ger ytterligare en dimension till din semester i Algarve.<\/p>\n<p>Sist, men absolut inte minst, \u00f6verl\u00e4mna dig till den utm\u00e4rkta portugisiska maten och vinerna. Fr\u00e5n f\u00e4rsk fisk och skaldjur till s\u00f6ta lokala delikatesser som mandel, honung och fikon, du kommer att bli bortsk\u00e4md med valm\u00f6jligheter!<\/p>","protected":false},"excerpt":{"rendered":"<p>Albufeira \u00e4r internationellt k\u00e4nt f\u00f6r sina guldsandstr\u00e4nder och turkosbl\u00e5tt vatten, skyddat av steniga ockra klippor.<\/p>\n<p>Landskapet lockar en m\u00e4ngd bes\u00f6kare som \u00e4lskar att sola under dagen. N\u00e4r solen g\u00e5r ner b\u00f6rjar festen med vackra m\u00e4nniskor som flockas f\u00f6r att njuta av restaurangerna, barerna, terrasserna och det episka Albufeiras nattliv.<\/p>\n<p>Avrunda dina dagar av fritid och avkoppling p\u00e5 en terrass med utsikt \u00f6ver havet, med en fr\u00e4sch drink p\u00e5 handen, f\u00f6r att fira det goda livet!<\/p>","protected":false},"featured_media":8088,"comment_status":"closed","ping_status":"closed","template":"","meta":{"_acf_changed":false,"inline_featured_image":false},"product_brand":[],"product_cat":[687,686],"product_tag":[813,147,814,845,34,876,154,160,99,782,912,60,341,821,878,879,913,881,123],"class_list":{"0":"post-8281","1":"product","2":"type-product","3":"status-publish","4":"has-post-thumbnail","6":"product_cat-explore-11-days-tour-portugal","7":"product_cat-holiday-packs-tours-portugal","8":"product_tag-albufeira-beautiful-historic-centre","9":"product_tag-algarve","10":"product_tag-beaches-of-albufeira","11":"product_tag-beautiful-beaches-algarve","12":"product_tag-caves","13":"product_tag-coastal-algarve","14":"product_tag-east-algarve","15":"product_tag-holidays","16":"product_tag-natural-scenery","17":"product_tag-night","18":"product_tag-number-one-tourist-destination-in-the-algarve","19":"product_tag-portugal","20":"product_tag-portugal-great-food-and-wine","21":"product_tag-relaxation-albufeira","22":"product_tag-self-catering-hotel-albufeira","23":"product_tag-sun-and-beach","24":"product_tag-the-number-one-tourist-destination","25":"product_tag-victoria-sports-beach-hotel","26":"product_tag-western-europe","28":"first","29":"instock","30":"virtual","31":"product-type-simple"},"acf":[],"yoast_head":"<!-- This site is optimized with the Yoast SEO Premium plugin v26.8 (Yoast SEO v27.4) - https:\/\/yoast.com\/product\/yoast-seo-premium-wordpress\/ -->\n<title>Explore Albufeira - Legendary Adventure DMC Portugal<\/title>\n<meta name=\"description\" content=\"The beaches of Albufeira are the number one tourist destination in the Algarve. This is a developed city with a beautiful historic centre of narrow streets, surrounded by apartments and white houses, next to the beautiful local beaches. Nearby is the marina of Albufeira, heavily frequented by hundreds of recreational craft.\" \/>\n<meta name=\"robots\" content=\"index, follow, max-snippet:-1, max-image-preview:large, max-video-preview:-1\" \/>\n<link rel=\"canonical\" href=\"https:\/\/legendatours.com\/sv\/produkt\/relax-in-tavira-8-days-8300pk-2\/\" \/>\n<meta property=\"og:locale\" content=\"sv_SE\" \/>\n<meta property=\"og:type\" content=\"article\" \/>\n<meta property=\"og:title\" content=\"Explore Albufeira\" \/>\n<meta property=\"og:description\" content=\"The beaches of Albufeira are the number one tourist destination in the Algarve. This is a developed city with a beautiful historic centre of narrow streets, surrounded by apartments and white houses, next to the beautiful local beaches. Nearby is the marina of Albufeira, heavily frequented by hundreds of recreational craft.\" \/>\n<meta property=\"og:url\" content=\"https:\/\/legendatours.com\/sv\/produkt\/relax-in-tavira-8-days-8300pk-2\/\" \/>\n<meta property=\"og:site_name\" content=\"Legendary Adventure DMC Portugal\" \/>\n<meta property=\"article:publisher\" content=\"https:\/\/www.facebook.com\/legendaryadventuredmc\/\" \/>\n<meta property=\"article:modified_time\" content=\"2021-08-13T12:08:20+00:00\" \/>\n<meta property=\"og:image\" content=\"https:\/\/legendatours.com\/wp-content\/uploads\/sites\/12\/2021\/04\/Albufeira_bluocean-e1611681102452.jpg\" \/>\n\t<meta property=\"og:image:width\" content=\"1024\" \/>\n\t<meta property=\"og:image:height\" content=\"576\" \/>\n\t<meta property=\"og:image:type\" content=\"image\/jpeg\" \/>\n<meta name=\"twitter:card\" content=\"summary_large_image\" \/>\n<meta name=\"twitter:label1\" content=\"Ber\u00e4knad l\u00e4stid\" \/>\n\t<meta name=\"twitter:data1\" content=\"2 minuter\" \/>\n<script type=\"application\/ld+json\" class=\"yoast-schema-graph\">{\"@context\":\"https:\\\/\\\/schema.org\",\"@graph\":[{\"@type\":\"WebPage\",\"@id\":\"https:\\\/\\\/legendatours.com\\\/product\\\/relax-in-tavira-8-days-8300pk-2\\\/\",\"url\":\"https:\\\/\\\/legendatours.com\\\/product\\\/relax-in-tavira-8-days-8300pk-2\\\/\",\"name\":\"Explore Albufeira - Legendary Adventure DMC Portugal\",\"isPartOf\":{\"@id\":\"https:\\\/\\\/legendatours.com\\\/#website\"},\"primaryImageOfPage\":{\"@id\":\"https:\\\/\\\/legendatours.com\\\/product\\\/relax-in-tavira-8-days-8300pk-2\\\/#primaryimage\"},\"image\":{\"@id\":\"https:\\\/\\\/legendatours.com\\\/product\\\/relax-in-tavira-8-days-8300pk-2\\\/#primaryimage\"},\"thumbnailUrl\":\"https:\\\/\\\/legendatours.com\\\/wp-content\\\/uploads\\\/sites\\\/12\\\/2021\\\/04\\\/Albufeira_bluocean-e1611681102452.jpg\",\"datePublished\":\"2020-03-06T18:55:31+00:00\",\"dateModified\":\"2021-08-13T12:08:20+00:00\",\"description\":\"The beaches of Albufeira are the number one tourist destination in the Algarve. This is a developed city with a beautiful historic centre of narrow streets, surrounded by apartments and white houses, next to the beautiful local beaches. Nearby is the marina of Albufeira, heavily frequented by hundreds of recreational craft.\",\"breadcrumb\":{\"@id\":\"https:\\\/\\\/legendatours.com\\\/product\\\/relax-in-tavira-8-days-8300pk-2\\\/#breadcrumb\"},\"inLanguage\":\"sv-SE\",\"potentialAction\":[{\"@type\":\"ReadAction\",\"target\":[\"https:\\\/\\\/legendatours.com\\\/product\\\/relax-in-tavira-8-days-8300pk-2\\\/\"]}]},{\"@type\":\"ImageObject\",\"inLanguage\":\"sv-SE\",\"@id\":\"https:\\\/\\\/legendatours.com\\\/product\\\/relax-in-tavira-8-days-8300pk-2\\\/#primaryimage\",\"url\":\"https:\\\/\\\/legendatours.com\\\/wp-content\\\/uploads\\\/sites\\\/12\\\/2021\\\/04\\\/Albufeira_bluocean-e1611681102452.jpg\",\"contentUrl\":\"https:\\\/\\\/legendatours.com\\\/wp-content\\\/uploads\\\/sites\\\/12\\\/2021\\\/04\\\/Albufeira_bluocean-e1611681102452.jpg\",\"width\":1024,\"height\":576,\"caption\":\"Holidays in Albufeira\"},{\"@type\":\"BreadcrumbList\",\"@id\":\"https:\\\/\\\/legendatours.com\\\/product\\\/relax-in-tavira-8-days-8300pk-2\\\/#breadcrumb\",\"itemListElement\":[{\"@type\":\"ListItem\",\"position\":1,\"name\":\"Home\",\"item\":\"https:\\\/\\\/legendatours.com\\\/\"},{\"@type\":\"ListItem\",\"position\":2,\"name\":\"Shop\",\"item\":\"https:\\\/\\\/legendatours.com\\\/sv\\\/?page_id=4\"},{\"@type\":\"ListItem\",\"position\":3,\"name\":\"The beaches of Albufeira are the number one tourist destination in the Algarve. This is a developed city with a beautiful historic centre of narrow streets, surrounded by apartments and white houses, next to the beautiful local beaches. Nearby is the marina of Albufeira, heavily frequented by hundreds of recreational craft.\"}]},{\"@type\":\"WebSite\",\"@id\":\"https:\\\/\\\/legendatours.com\\\/#website\",\"url\":\"https:\\\/\\\/legendatours.com\\\/\",\"name\":\"Legendary Adventure DMC Portugal\",\"description\":\"Responsible Walking &amp; Nature Holidays in Portugal\",\"publisher\":{\"@id\":\"https:\\\/\\\/legendatours.com\\\/#organization\"},\"alternateName\":\"Legendary Adventure Portugal\",\"potentialAction\":[{\"@type\":\"SearchAction\",\"target\":{\"@type\":\"EntryPoint\",\"urlTemplate\":\"https:\\\/\\\/legendatours.com\\\/?s={search_term_string}\"},\"query-input\":{\"@type\":\"PropertyValueSpecification\",\"valueRequired\":true,\"valueName\":\"search_term_string\"}}],\"inLanguage\":\"sv-SE\"},{\"@type\":\"Organization\",\"@id\":\"https:\\\/\\\/legendatours.com\\\/#organization\",\"name\":\"legendatours.com\",\"url\":\"https:\\\/\\\/legendatours.com\\\/\",\"logo\":{\"@type\":\"ImageObject\",\"inLanguage\":\"sv-SE\",\"@id\":\"https:\\\/\\\/legendatours.com\\\/#\\\/schema\\\/logo\\\/image\\\/\",\"url\":\"https:\\\/\\\/legendatours.com\\\/wp-content\\\/uploads\\\/sites\\\/12\\\/2021\\\/06\\\/legendary_adventure_dmc.png\",\"contentUrl\":\"https:\\\/\\\/legendatours.com\\\/wp-content\\\/uploads\\\/sites\\\/12\\\/2021\\\/06\\\/legendary_adventure_dmc.png\",\"width\":250,\"height\":74,\"caption\":\"legendatours.com\"},\"image\":{\"@id\":\"https:\\\/\\\/legendatours.com\\\/#\\\/schema\\\/logo\\\/image\\\/\"},\"sameAs\":[\"https:\\\/\\\/www.facebook.com\\\/legendaryadventuredmc\\\/\",\"https:\\\/\\\/www.linkedin.com\\\/company\\\/legendary-adventure-dmc-portugal\",\"https:\\\/\\\/www.youtube.com\\\/channel\\\/UCOIRDx_KM6ynIcacQkZjb6g\"]}]}<\/script>\n<!-- \/ Yoast SEO Premium plugin. -->","yoast_head_json":{"title":"Utforska Albufeira - Legendary Adventure DMC Portugal","description":"Str\u00e4nderna i Albufeira \u00e4r det fr\u00e4msta turistm\u00e5let i Algarve. Detta \u00e4r en utvecklad stad med ett vackert historiskt centrum av smala gator, omgiven av l\u00e4genheter och vita hus, bredvid de vackra lokala str\u00e4nderna. I n\u00e4rheten ligger Albufeiras sm\u00e5b\u00e5tshamn, som ofta bes\u00f6ks av hundratals fritidsb\u00e5tar.","robots":{"index":"index","follow":"follow","max-snippet":"max-snippet:-1","max-image-preview":"max-image-preview:large","max-video-preview":"max-video-preview:-1"},"canonical":"https:\/\/legendatours.com\/sv\/produkt\/relax-in-tavira-8-days-8300pk-2\/","og_locale":"sv_SE","og_type":"article","og_title":"Explore Albufeira","og_description":"The beaches of Albufeira are the number one tourist destination in the Algarve. This is a developed city with a beautiful historic centre of narrow streets, surrounded by apartments and white houses, next to the beautiful local beaches. Nearby is the marina of Albufeira, heavily frequented by hundreds of recreational craft.","og_url":"https:\/\/legendatours.com\/sv\/produkt\/relax-in-tavira-8-days-8300pk-2\/","og_site_name":"Legendary Adventure DMC Portugal","article_publisher":"https:\/\/www.facebook.com\/legendaryadventuredmc\/","article_modified_time":"2021-08-13T12:08:20+00:00","og_image":[{"width":1024,"height":576,"url":"https:\/\/legendatours.com\/wp-content\/uploads\/sites\/12\/2021\/04\/Albufeira_bluocean-e1611681102452.jpg","type":"image\/jpeg"}],"twitter_card":"summary_large_image","twitter_misc":{"Ber\u00e4knad l\u00e4stid":"2 minuter"},"schema":{"@context":"https:\/\/schema.org","@graph":[{"@type":"WebPage","@id":"https:\/\/legendatours.com\/product\/relax-in-tavira-8-days-8300pk-2\/","url":"https:\/\/legendatours.com\/product\/relax-in-tavira-8-days-8300pk-2\/","name":"Utforska Albufeira - Legendary Adventure DMC Portugal","isPartOf":{"@id":"https:\/\/legendatours.com\/#website"},"primaryImageOfPage":{"@id":"https:\/\/legendatours.com\/product\/relax-in-tavira-8-days-8300pk-2\/#primaryimage"},"image":{"@id":"https:\/\/legendatours.com\/product\/relax-in-tavira-8-days-8300pk-2\/#primaryimage"},"thumbnailUrl":"https:\/\/legendatours.com\/wp-content\/uploads\/sites\/12\/2021\/04\/Albufeira_bluocean-e1611681102452.jpg","datePublished":"2020-03-06T18:55:31+00:00","dateModified":"2021-08-13T12:08:20+00:00","description":"Str\u00e4nderna i Albufeira \u00e4r det fr\u00e4msta turistm\u00e5let i Algarve. Detta \u00e4r en utvecklad stad med ett vackert historiskt centrum av smala gator, omgiven av l\u00e4genheter och vita hus, bredvid de vackra lokala str\u00e4nderna. I n\u00e4rheten ligger Albufeiras sm\u00e5b\u00e5tshamn, som ofta bes\u00f6ks av hundratals fritidsb\u00e5tar.","breadcrumb":{"@id":"https:\/\/legendatours.com\/product\/relax-in-tavira-8-days-8300pk-2\/#breadcrumb"},"inLanguage":"sv-SE","potentialAction":[{"@type":"ReadAction","target":["https:\/\/legendatours.com\/product\/relax-in-tavira-8-days-8300pk-2\/"]}]},{"@type":"ImageObject","inLanguage":"sv-SE","@id":"https:\/\/legendatours.com\/product\/relax-in-tavira-8-days-8300pk-2\/#primaryimage","url":"https:\/\/legendatours.com\/wp-content\/uploads\/sites\/12\/2021\/04\/Albufeira_bluocean-e1611681102452.jpg","contentUrl":"https:\/\/legendatours.com\/wp-content\/uploads\/sites\/12\/2021\/04\/Albufeira_bluocean-e1611681102452.jpg","width":1024,"height":576,"caption":"Holidays in Albufeira"},{"@type":"BreadcrumbList","@id":"https:\/\/legendatours.com\/product\/relax-in-tavira-8-days-8300pk-2\/#breadcrumb","itemListElement":[{"@type":"ListItem","position":1,"name":"Home","item":"https:\/\/legendatours.com\/"},{"@type":"ListItem","position":2,"name":"Shop","item":"https:\/\/legendatours.com\/sv\/?page_id=4"},{"@type":"ListItem","position":3,"name":"The beaches of Albufeira are the number one tourist destination in the Algarve. This is a developed city with a beautiful historic centre of narrow streets, surrounded by apartments and white houses, next to the beautiful local beaches. Nearby is the marina of Albufeira, heavily frequented by hundreds of recreational craft."}]},{"@type":"WebSite","@id":"https:\/\/legendatours.com\/#website","url":"https:\/\/legendatours.com\/","name":"Legendariskt \u00e4ventyr DMC Portugal","description":"Ansvarsfulla vandringar och natursemester i Portugal","publisher":{"@id":"https:\/\/legendatours.com\/#organization"},"alternateName":"Legendary Adventure Portugal","potentialAction":[{"@type":"SearchAction","target":{"@type":"EntryPoint","urlTemplate":"https:\/\/legendatours.com\/?s={search_term_string}"},"query-input":{"@type":"PropertyValueSpecification","valueRequired":true,"valueName":"search_term_string"}}],"inLanguage":"sv-SE"},{"@type":"Organization","@id":"https:\/\/legendatours.com\/#organization","name":"legendatours.com","url":"https:\/\/legendatours.com\/","logo":{"@type":"ImageObject","inLanguage":"sv-SE","@id":"https:\/\/legendatours.com\/#\/schema\/logo\/image\/","url":"https:\/\/legendatours.com\/wp-content\/uploads\/sites\/12\/2021\/06\/legendary_adventure_dmc.png","contentUrl":"https:\/\/legendatours.com\/wp-content\/uploads\/sites\/12\/2021\/06\/legendary_adventure_dmc.png","width":250,"height":74,"caption":"legendatours.com"},"image":{"@id":"https:\/\/legendatours.com\/#\/schema\/logo\/image\/"},"sameAs":["https:\/\/www.facebook.com\/legendaryadventuredmc\/","https:\/\/www.linkedin.com\/company\/legendary-adventure-dmc-portugal","https:\/\/www.youtube.com\/channel\/UCOIRDx_KM6ynIcacQkZjb6g"]}]}},"_links":{"self":[{"href":"https:\/\/legendatours.com\/sv\/wp-json\/wp\/v2\/product\/8281","targetHints":{"allow":["GET"]}}],"collection":[{"href":"https:\/\/legendatours.com\/sv\/wp-json\/wp\/v2\/product"}],"about":[{"href":"https:\/\/legendatours.com\/sv\/wp-json\/wp\/v2\/types\/product"}],"replies":[{"embeddable":true,"href":"https:\/\/legendatours.com\/sv\/wp-json\/wp\/v2\/comments?post=8281"}],"wp:featuredmedia":[{"embeddable":true,"href":"https:\/\/legendatours.com\/sv\/wp-json\/wp\/v2\/media\/8088"}],"wp:attachment":[{"href":"https:\/\/legendatours.com\/sv\/wp-json\/wp\/v2\/media?parent=8281"}],"wp:term":[{"taxonomy":"product_brand","embeddable":true,"href":"https:\/\/legendatours.com\/sv\/wp-json\/wp\/v2\/product_brand?post=8281"},{"taxonomy":"product_cat","embeddable":true,"href":"https:\/\/legendatours.com\/sv\/wp-json\/wp\/v2\/product_cat?post=8281"},{"taxonomy":"product_tag","embeddable":true,"href":"https:\/\/legendatours.com\/sv\/wp-json\/wp\/v2\/product_tag?post=8281"}],"curies":[{"name":"wp","href":"https:\/\/api.w.org\/{rel}","templated":true}]}}