{"id":8282,"date":"2020-03-06T18:54:55","date_gmt":"2020-03-06T18:54:55","guid":{"rendered":"https:\/\/legendatours.com\/product\/relax-in-tavira\/"},"modified":"2021-08-13T12:10:42","modified_gmt":"2021-08-13T12:10:42","slug":"relax-in-tavira-8-days-8300pk","status":"publish","type":"product","link":"https:\/\/legendatours.com\/sv\/produkt\/relax-in-tavira-8-days-8300pk\/","title":{"rendered":"Koppla av i Tavira"},"content":{"rendered":"<p>Tavira \u00e4r en charmig stad i \u00f6stra Algarve, inte l\u00e5ngt fr\u00e5n gr\u00e4nsen till Spanien.<\/p>\n<p>Tavira ligger i utkanten av floden Gil\u00e3o, bredvid Ria Formosa och en \u00e5tta mil l\u00e5ng strand, och \u00e4r en avkopplande oas!<\/p>\n<p>Staden visar ett lockande portugisiskt tilltal, med skarpa vita v\u00e4ggar, fina azulejo-plattor och v\u00e5gor av triangul\u00e4ra tak.<\/p>\n<div id=\"attachment_2496\" style=\"width: 1034px\" class=\"wp-caption alignnone\"><img loading=\"lazy\" decoding=\"async\" aria-describedby=\"caption-attachment-2496\" class=\"wp-image-2496 size-large\" src=\"https:\/\/legendatours.net\/wp-content\/uploads\/2020\/03\/Tavira_river_Gilao-1024x683.jpg\" alt=\"Tavira, river Gilao\" width=\"1024\" height=\"683\" \/><p id=\"caption-attachment-2496\" class=\"wp-caption-text\">Tavira, floden Gilao<\/p><\/div>\n<p>L\u00e4ngs de lugna gatorna kan man bevittna lager av historia, fr\u00e5n d\u00f6rr\u00f6ppningar dekorerade med islamiska motiv till barockblomster.<\/p>\n<p>Fr\u00e5n ruinerna av slottet, omgivet av oleander, jakaranda och bougainvillea, f\u00e5r du en privilegierad utsikt \u00f6ver stadens typiska tak och dess \u00f6ver 30 kyrkor.<\/p>\n<p>Med en b\u00e5t fr\u00e5n den livliga fiskehamnen l\u00e4mnar du floden f\u00f6r att korsa huvudkanalen i Ria Formosa-lagunen, ett rikt naturreservat av exceptionell sk\u00f6nhet, perfekt f\u00f6r f\u00e5gelsk\u00e5dning och naturobservationer.<\/p>\n<p>F\u00e4rjan avslutar sin korta resa p\u00e5 en av de b\u00e4sta str\u00e4nderna i v\u00e4rlden, Tavira&#039;s Island. Var beredd p\u00e5 miles av gyllene sand och turkost vatten, bel\u00f6nad med en bl\u00e5 flagga.<\/p>\n<div id=\"attachment_2024\" style=\"width: 1034px\" class=\"wp-caption alignnone\"><img loading=\"lazy\" decoding=\"async\" aria-describedby=\"caption-attachment-2024\" class=\"wp-image-2024 size-large\" src=\"https:\/\/legendatours.net\/wp-content\/uploads\/2020\/03\/Fishing-boats-Tavira-1024x720.jpg\" alt=\"Fishing boats in Tavira\" width=\"1024\" height=\"720\" \/><p id=\"caption-attachment-2024\" class=\"wp-caption-text\">Fiskeb\u00e5tar i Tavira<\/p><\/div>\n<p>Med bara n\u00e5gra restauranger och barer \u00e4r det en lugn och s\u00e4ker strand, utm\u00e4rkt f\u00f6r barn.<\/p>\n<p>I omgivningarna, inom kort avst\u00e5nd, kan du njuta av ett helt annat landskap och levnadss\u00e4tt, pr\u00e4glade av f\u00e4lt av apelsintr\u00e4d, tunga av blomdoft.<\/p>\n<p>Spridda vita hus med spetsiga skorstenar visar en off-beat Algarve, d\u00e4r \u00f6rnar sv\u00e4var.<\/p>\n<p>N\u00e4r du \u00e4r i Portugal vet du att du kommer att bjudas p\u00e5 utm\u00e4rkt mat och vin.<\/p>\n<div id=\"attachment_1780\" style=\"width: 1034px\" class=\"wp-caption alignnone\"><img loading=\"lazy\" decoding=\"async\" aria-describedby=\"caption-attachment-1780\" class=\"wp-image-1780 size-large\" src=\"https:\/\/legendatours.net\/wp-content\/uploads\/2020\/03\/Colorful-tipical-houses-in-Tavira-1024x768.jpg\" alt=\"Colorful tipical houses in Tavira\" width=\"1024\" height=\"768\" \/><p id=\"caption-attachment-1780\" class=\"wp-caption-text\">F\u00e4rgglada typiska hus i Tavira<\/p><\/div>\n<p>I Tavira finns en kombination av ingredienser fr\u00e5n kusten och landsbygden. Fr\u00e5n havet kommer den f\u00e4rskaste fisken och skaldjuren, tillagad med enkelhet och respekt, tillsammans med sallader kryddade med en av de b\u00e4sta olivoljorna i v\u00e4rlden.<\/p>\n<p>Om du \u00e4r en k\u00f6tt\u00e4lskare blir du inte besviken, med grytor och grillade r\u00e4tter.<\/p>\n<p>Och s\u00f6tsakerna \u00e4r en uts\u00f6kt blandning av mandel, fikon, honung och johannesbr\u00f6d, rikligt i omr\u00e5det.<\/p>\n<p>I Tavira kommer du s\u00e4kert att ha en avkopplande tid, med arv, natur, fantastiska str\u00e4nder och roliga aktiviteter!<\/p>","protected":false},"excerpt":{"rendered":"<p>Tavira \u00e4r en charmig stad i \u00f6stra Algarve, inte l\u00e5ngt fr\u00e5n gr\u00e4nsen till Spanien.<\/p>\n<p>Tavira ligger i utkanten av floden Gil\u00e3o, bredvid Ria Formosa och en \u00e5tta mil l\u00e5ng strand, och \u00e4r en avkopplande oas!<\/p>\n<p>Staden visar ett lockande portugisiskt tilltal, med skarpa vita v\u00e4ggar, fina azulejo-plattor och v\u00e5gor av triangul\u00e4ra tak.<\/p>","protected":false},"featured_media":7894,"comment_status":"closed","ping_status":"closed","template":"","meta":{"_acf_changed":false,"inline_featured_image":false},"product_brand":[],"product_cat":[686,696],"product_tag":[147,431,433,36,154,914,130,195,394,915,60,894,903,64,693,694,695,173,174],"class_list":{"0":"post-8282","1":"product","2":"type-product","3":"status-publish","4":"has-post-thumbnail","6":"product_cat-holiday-packs-tours-portugal","7":"product_cat-relax-8-days-holidays-portugal","8":"product_tag-algarve","9":"product_tag-birds","10":"product_tag-birdwatching","11":"product_tag-cultural-heritage","12":"product_tag-east-algarve","13":"product_tag-fresh-fish-and-seafood","14":"product_tag-gastronomy","15":"product_tag-history-and-heritage","16":"product_tag-island-of-tavira","17":"product_tag-medieval-castle-of-tavira","18":"product_tag-portugal","19":"product_tag-relax","20":"product_tag-river-gilao","21":"product_tag-roman-and-arab-vestiges","22":"product_tag-summer","23":"product_tag-sun-beach","24":"product_tag-sunny-days","25":"product_tag-sunny-winters","26":"product_tag-tavira","28":"first","29":"instock","30":"virtual","31":"product-type-simple"},"acf":[],"yoast_head":"<!-- This site is optimized with the Yoast SEO Premium plugin v26.8 (Yoast SEO v27.4) - https:\/\/yoast.com\/product\/yoast-seo-premium-wordpress\/ -->\n<title>Relax in Tavira - Legendary Adventure DMC Portugal<\/title>\n<meta name=\"robots\" content=\"index, follow, max-snippet:-1, max-image-preview:large, max-video-preview:-1\" \/>\n<link rel=\"canonical\" href=\"https:\/\/legendatours.com\/sv\/produkt\/relax-in-tavira-8-days-8300pk\/\" \/>\n<meta property=\"og:locale\" content=\"sv_SE\" \/>\n<meta property=\"og:type\" content=\"article\" \/>\n<meta property=\"og:title\" content=\"Relax in Tavira\" \/>\n<meta property=\"og:description\" content=\"Tavira is a charming town in the East Algarve, not far from the border with Spain.  Set in the margins of the River Gil\u00e3o, next to the Ria Formosa and an eight-mile-long beach, Tavira is a relaxing retreat!  The town shows an alluring Portuguese appeal, with crisp white walls, fine azulejo tiles, and waves of triangular roofs.\" \/>\n<meta property=\"og:url\" content=\"https:\/\/legendatours.com\/sv\/produkt\/relax-in-tavira-8-days-8300pk\/\" \/>\n<meta property=\"og:site_name\" content=\"Legendary Adventure DMC Portugal\" \/>\n<meta property=\"article:publisher\" content=\"https:\/\/www.facebook.com\/legendaryadventuredmc\/\" \/>\n<meta property=\"article:modified_time\" content=\"2021-08-13T12:10:42+00:00\" \/>\n<meta property=\"og:image\" content=\"https:\/\/legendatours.com\/wp-content\/uploads\/sites\/12\/2021\/04\/Colorful-tipical-houses-in-Tavira-e1611676933129.jpg\" \/>\n\t<meta property=\"og:image:width\" content=\"1024\" \/>\n\t<meta property=\"og:image:height\" content=\"768\" \/>\n\t<meta property=\"og:image:type\" content=\"image\/jpeg\" \/>\n<meta name=\"twitter:card\" content=\"summary_large_image\" \/>\n<meta name=\"twitter:label1\" content=\"Ber\u00e4knad l\u00e4stid\" \/>\n\t<meta name=\"twitter:data1\" content=\"2 minuter\" \/>\n<script type=\"application\/ld+json\" class=\"yoast-schema-graph\">{\"@context\":\"https:\\\/\\\/schema.org\",\"@graph\":[{\"@type\":\"WebPage\",\"@id\":\"https:\\\/\\\/legendatours.com\\\/product\\\/relax-in-tavira-8-days-8300pk\\\/\",\"url\":\"https:\\\/\\\/legendatours.com\\\/product\\\/relax-in-tavira-8-days-8300pk\\\/\",\"name\":\"Relax in Tavira - Legendary Adventure DMC Portugal\",\"isPartOf\":{\"@id\":\"https:\\\/\\\/legendatours.com\\\/#website\"},\"primaryImageOfPage\":{\"@id\":\"https:\\\/\\\/legendatours.com\\\/product\\\/relax-in-tavira-8-days-8300pk\\\/#primaryimage\"},\"image\":{\"@id\":\"https:\\\/\\\/legendatours.com\\\/product\\\/relax-in-tavira-8-days-8300pk\\\/#primaryimage\"},\"thumbnailUrl\":\"https:\\\/\\\/legendatours.com\\\/wp-content\\\/uploads\\\/sites\\\/12\\\/2021\\\/04\\\/Colorful-tipical-houses-in-Tavira-e1611676933129.jpg\",\"datePublished\":\"2020-03-06T18:54:55+00:00\",\"dateModified\":\"2021-08-13T12:10:42+00:00\",\"breadcrumb\":{\"@id\":\"https:\\\/\\\/legendatours.com\\\/product\\\/relax-in-tavira-8-days-8300pk\\\/#breadcrumb\"},\"inLanguage\":\"sv-SE\",\"potentialAction\":[{\"@type\":\"ReadAction\",\"target\":[\"https:\\\/\\\/legendatours.com\\\/product\\\/relax-in-tavira-8-days-8300pk\\\/\"]}]},{\"@type\":\"ImageObject\",\"inLanguage\":\"sv-SE\",\"@id\":\"https:\\\/\\\/legendatours.com\\\/product\\\/relax-in-tavira-8-days-8300pk\\\/#primaryimage\",\"url\":\"https:\\\/\\\/legendatours.com\\\/wp-content\\\/uploads\\\/sites\\\/12\\\/2021\\\/04\\\/Colorful-tipical-houses-in-Tavira-e1611676933129.jpg\",\"contentUrl\":\"https:\\\/\\\/legendatours.com\\\/wp-content\\\/uploads\\\/sites\\\/12\\\/2021\\\/04\\\/Colorful-tipical-houses-in-Tavira-e1611676933129.jpg\",\"width\":1024,\"height\":768,\"caption\":\"Colorful tipical houses in Tavira\"},{\"@type\":\"BreadcrumbList\",\"@id\":\"https:\\\/\\\/legendatours.com\\\/product\\\/relax-in-tavira-8-days-8300pk\\\/#breadcrumb\",\"itemListElement\":[{\"@type\":\"ListItem\",\"position\":1,\"name\":\"Home\",\"item\":\"https:\\\/\\\/legendatours.com\\\/\"},{\"@type\":\"ListItem\",\"position\":2,\"name\":\"Shop\",\"item\":\"https:\\\/\\\/legendatours.com\\\/sv\\\/?page_id=4\"},{\"@type\":\"ListItem\",\"position\":3,\"name\":\"Relax in Tavira\"}]},{\"@type\":\"WebSite\",\"@id\":\"https:\\\/\\\/legendatours.com\\\/#website\",\"url\":\"https:\\\/\\\/legendatours.com\\\/\",\"name\":\"Legendary Adventure DMC Portugal\",\"description\":\"Responsible Walking &amp; Nature Holidays in Portugal\",\"publisher\":{\"@id\":\"https:\\\/\\\/legendatours.com\\\/#organization\"},\"alternateName\":\"Legendary Adventure Portugal\",\"potentialAction\":[{\"@type\":\"SearchAction\",\"target\":{\"@type\":\"EntryPoint\",\"urlTemplate\":\"https:\\\/\\\/legendatours.com\\\/?s={search_term_string}\"},\"query-input\":{\"@type\":\"PropertyValueSpecification\",\"valueRequired\":true,\"valueName\":\"search_term_string\"}}],\"inLanguage\":\"sv-SE\"},{\"@type\":\"Organization\",\"@id\":\"https:\\\/\\\/legendatours.com\\\/#organization\",\"name\":\"legendatours.com\",\"url\":\"https:\\\/\\\/legendatours.com\\\/\",\"logo\":{\"@type\":\"ImageObject\",\"inLanguage\":\"sv-SE\",\"@id\":\"https:\\\/\\\/legendatours.com\\\/#\\\/schema\\\/logo\\\/image\\\/\",\"url\":\"https:\\\/\\\/legendatours.com\\\/wp-content\\\/uploads\\\/sites\\\/12\\\/2021\\\/06\\\/legendary_adventure_dmc.png\",\"contentUrl\":\"https:\\\/\\\/legendatours.com\\\/wp-content\\\/uploads\\\/sites\\\/12\\\/2021\\\/06\\\/legendary_adventure_dmc.png\",\"width\":250,\"height\":74,\"caption\":\"legendatours.com\"},\"image\":{\"@id\":\"https:\\\/\\\/legendatours.com\\\/#\\\/schema\\\/logo\\\/image\\\/\"},\"sameAs\":[\"https:\\\/\\\/www.facebook.com\\\/legendaryadventuredmc\\\/\",\"https:\\\/\\\/www.linkedin.com\\\/company\\\/legendary-adventure-dmc-portugal\",\"https:\\\/\\\/www.youtube.com\\\/channel\\\/UCOIRDx_KM6ynIcacQkZjb6g\"]}]}<\/script>\n<!-- \/ Yoast SEO Premium plugin. -->","yoast_head_json":{"title":"Koppla av i Tavira - Legendary Adventure DMC Portugal","robots":{"index":"index","follow":"follow","max-snippet":"max-snippet:-1","max-image-preview":"max-image-preview:large","max-video-preview":"max-video-preview:-1"},"canonical":"https:\/\/legendatours.com\/sv\/produkt\/relax-in-tavira-8-days-8300pk\/","og_locale":"sv_SE","og_type":"article","og_title":"Relax in Tavira","og_description":"Tavira is a charming town in the East Algarve, not far from the border with Spain.  Set in the margins of the River Gil\u00e3o, next to the Ria Formosa and an eight-mile-long beach, Tavira is a relaxing retreat!  The town shows an alluring Portuguese appeal, with crisp white walls, fine azulejo tiles, and waves of triangular roofs.","og_url":"https:\/\/legendatours.com\/sv\/produkt\/relax-in-tavira-8-days-8300pk\/","og_site_name":"Legendary Adventure DMC Portugal","article_publisher":"https:\/\/www.facebook.com\/legendaryadventuredmc\/","article_modified_time":"2021-08-13T12:10:42+00:00","og_image":[{"width":1024,"height":768,"url":"https:\/\/legendatours.com\/wp-content\/uploads\/sites\/12\/2021\/04\/Colorful-tipical-houses-in-Tavira-e1611676933129.jpg","type":"image\/jpeg"}],"twitter_card":"summary_large_image","twitter_misc":{"Ber\u00e4knad l\u00e4stid":"2 minuter"},"schema":{"@context":"https:\/\/schema.org","@graph":[{"@type":"WebPage","@id":"https:\/\/legendatours.com\/product\/relax-in-tavira-8-days-8300pk\/","url":"https:\/\/legendatours.com\/product\/relax-in-tavira-8-days-8300pk\/","name":"Koppla av i Tavira - Legendary Adventure DMC Portugal","isPartOf":{"@id":"https:\/\/legendatours.com\/#website"},"primaryImageOfPage":{"@id":"https:\/\/legendatours.com\/product\/relax-in-tavira-8-days-8300pk\/#primaryimage"},"image":{"@id":"https:\/\/legendatours.com\/product\/relax-in-tavira-8-days-8300pk\/#primaryimage"},"thumbnailUrl":"https:\/\/legendatours.com\/wp-content\/uploads\/sites\/12\/2021\/04\/Colorful-tipical-houses-in-Tavira-e1611676933129.jpg","datePublished":"2020-03-06T18:54:55+00:00","dateModified":"2021-08-13T12:10:42+00:00","breadcrumb":{"@id":"https:\/\/legendatours.com\/product\/relax-in-tavira-8-days-8300pk\/#breadcrumb"},"inLanguage":"sv-SE","potentialAction":[{"@type":"ReadAction","target":["https:\/\/legendatours.com\/product\/relax-in-tavira-8-days-8300pk\/"]}]},{"@type":"ImageObject","inLanguage":"sv-SE","@id":"https:\/\/legendatours.com\/product\/relax-in-tavira-8-days-8300pk\/#primaryimage","url":"https:\/\/legendatours.com\/wp-content\/uploads\/sites\/12\/2021\/04\/Colorful-tipical-houses-in-Tavira-e1611676933129.jpg","contentUrl":"https:\/\/legendatours.com\/wp-content\/uploads\/sites\/12\/2021\/04\/Colorful-tipical-houses-in-Tavira-e1611676933129.jpg","width":1024,"height":768,"caption":"Colorful tipical houses in Tavira"},{"@type":"BreadcrumbList","@id":"https:\/\/legendatours.com\/product\/relax-in-tavira-8-days-8300pk\/#breadcrumb","itemListElement":[{"@type":"ListItem","position":1,"name":"Home","item":"https:\/\/legendatours.com\/"},{"@type":"ListItem","position":2,"name":"Shop","item":"https:\/\/legendatours.com\/sv\/?page_id=4"},{"@type":"ListItem","position":3,"name":"Relax in Tavira"}]},{"@type":"WebSite","@id":"https:\/\/legendatours.com\/#website","url":"https:\/\/legendatours.com\/","name":"Legendariskt \u00e4ventyr DMC Portugal","description":"Ansvarsfulla vandringar och natursemester i Portugal","publisher":{"@id":"https:\/\/legendatours.com\/#organization"},"alternateName":"Legendary Adventure Portugal","potentialAction":[{"@type":"SearchAction","target":{"@type":"EntryPoint","urlTemplate":"https:\/\/legendatours.com\/?s={search_term_string}"},"query-input":{"@type":"PropertyValueSpecification","valueRequired":true,"valueName":"search_term_string"}}],"inLanguage":"sv-SE"},{"@type":"Organization","@id":"https:\/\/legendatours.com\/#organization","name":"legendatours.com","url":"https:\/\/legendatours.com\/","logo":{"@type":"ImageObject","inLanguage":"sv-SE","@id":"https:\/\/legendatours.com\/#\/schema\/logo\/image\/","url":"https:\/\/legendatours.com\/wp-content\/uploads\/sites\/12\/2021\/06\/legendary_adventure_dmc.png","contentUrl":"https:\/\/legendatours.com\/wp-content\/uploads\/sites\/12\/2021\/06\/legendary_adventure_dmc.png","width":250,"height":74,"caption":"legendatours.com"},"image":{"@id":"https:\/\/legendatours.com\/#\/schema\/logo\/image\/"},"sameAs":["https:\/\/www.facebook.com\/legendaryadventuredmc\/","https:\/\/www.linkedin.com\/company\/legendary-adventure-dmc-portugal","https:\/\/www.youtube.com\/channel\/UCOIRDx_KM6ynIcacQkZjb6g"]}]}},"_links":{"self":[{"href":"https:\/\/legendatours.com\/sv\/wp-json\/wp\/v2\/product\/8282","targetHints":{"allow":["GET"]}}],"collection":[{"href":"https:\/\/legendatours.com\/sv\/wp-json\/wp\/v2\/product"}],"about":[{"href":"https:\/\/legendatours.com\/sv\/wp-json\/wp\/v2\/types\/product"}],"replies":[{"embeddable":true,"href":"https:\/\/legendatours.com\/sv\/wp-json\/wp\/v2\/comments?post=8282"}],"wp:featuredmedia":[{"embeddable":true,"href":"https:\/\/legendatours.com\/sv\/wp-json\/wp\/v2\/media\/7894"}],"wp:attachment":[{"href":"https:\/\/legendatours.com\/sv\/wp-json\/wp\/v2\/media?parent=8282"}],"wp:term":[{"taxonomy":"product_brand","embeddable":true,"href":"https:\/\/legendatours.com\/sv\/wp-json\/wp\/v2\/product_brand?post=8282"},{"taxonomy":"product_cat","embeddable":true,"href":"https:\/\/legendatours.com\/sv\/wp-json\/wp\/v2\/product_cat?post=8282"},{"taxonomy":"product_tag","embeddable":true,"href":"https:\/\/legendatours.com\/sv\/wp-json\/wp\/v2\/product_tag?post=8282"}],"curies":[{"name":"wp","href":"https:\/\/api.w.org\/{rel}","templated":true}]}}