{"id":8362,"date":"2020-03-06T15:03:11","date_gmt":"2020-03-06T15:03:11","guid":{"rendered":"https:\/\/legendatours.com\/product\/birding-holidays-under-blue-skyes-the-great-bustard-adventure\/"},"modified":"2025-03-03T17:18:22","modified_gmt":"2025-03-03T17:18:22","slug":"birding-under-blue-skyes-the-great-bustard-adventure-fly-drive-3201s","status":"publish","type":"product","link":"https:\/\/legendatours.com\/sv\/produkt\/birding-under-blue-skyes-the-great-bustard-adventure-fly-drive-3201s\/","title":{"rendered":"Birding Holidays Under Blue Skyes: The Great Bustard Adventure"},"content":{"rendered":"<p>F\u00e5gelsk\u00e5dning under bl\u00e5 himmel: The Great Bustard Adventure \u00e4r en sj\u00e4lvk\u00f6rande f\u00e5gelsk\u00e5dningstur, designad av professionella lokala f\u00e5gelsk\u00e5dare f\u00f6r att hj\u00e4lpa dig att se s\u00e5 mycket av f\u00e5gellivet och floran som m\u00f6jligt, inklusive den g\u00e5tfulla Storsn\u00e4ppen! F\u00f6r att till fullo njuta av denna personliga rundtur, kommer du att bo i hj\u00e4rtat av Monte Gordo, med enkel tillg\u00e5ng till en m\u00e4ngd f\u00e5gelobservationsinst\u00e4llningar, bortom n\u00e5gon f\u00e5gelsk\u00e5dares livslista!<\/p>\n<p>Mellan \u00f6stkustens sandstr\u00e4nder och floden Guadiana ligger en liten fiskarby. Monte Gordo med sitt varma v\u00e4der, traditionella v\u00e4gar och butiker, sanddyner, pinjeskogar och ber\u00f6mda f\u00e4rska skaldjur \u00e4r en utm\u00e4rkt bas f\u00f6r v\u00e5r f\u00e5gelsk\u00e5dningssemester.<\/p>\n<div id=\"attachment_1748\" style=\"width: 1034px\" class=\"wp-caption alignnone\"><img loading=\"lazy\" decoding=\"async\" aria-describedby=\"caption-attachment-1748\" class=\"wp-image-1748 size-large\" title=\"Stora bustards\" src=\"https:\/\/legendatours.net\/wp-content\/uploads\/2020\/03\/Great_Bustards-1024x683.jpg\" alt=\"Great Bustards\" width=\"1024\" height=\"683\" \/><p id=\"caption-attachment-1748\" class=\"wp-caption-text\">Stora bustards, en av v\u00e4rldens tyngsta flygande f\u00e5glar, bor i ett enormt omr\u00e5de med enhetlig landsbygd i Baixo Alentejo \u2013 Foto Peter Dedicoat<\/p><\/div>\n<p>Dess privilegierade l\u00e4ge n\u00e4ra Guadianas mynning \u00e4r v\u00e4lsignat med speciella och m\u00e5ngsidiga naturliga ekosystem, som \u00e4r hem f\u00f6r hundratals f\u00e5gelarter, n\u00e5gra av dem endemiska och typiska f\u00f6r Medelhavets livsmilj\u00f6er.<\/p>\n<p>Baserad i n\u00e5gra viktiga v\u00e5tmarksomr\u00e5den i Algarve, inklusive naturparken Ria Formosa, Guadianas mynning och naturreservatet Castro Marim, r\u00e4knas denna f\u00e5gelsk\u00e5dningstur med en utflykt till Alentejo, f\u00f6r att observera den sv\u00e5rf\u00e5ngade stora bustarden, en av v\u00e4rldens tyngsta f\u00e5glarna, och \u00e4ven en ledig dag, f\u00f6r att ge dig m\u00f6jlighet att utforska.<\/p>\n<p>Naturparken Ria Formosa \u00e4r av s\u00e4rskild betydelse som \u00f6vervintringsomr\u00e5de f\u00f6r m\u00e5nga f\u00e5glar fr\u00e5n norra Europa och som rast- och utfodringsstation f\u00f6r f\u00e5glar som vandrar mellan Afrika och Europa. Omr\u00e5det klassificeras enligt Ramsarkonventionen som en v\u00e5tmark av internationell betydelse och som ett s\u00e4rskilt skyddsomr\u00e5de enligt EU:s direktiv om bevarande av vilda f\u00e5glar.<\/p>\n<div id=\"attachment_1723\" style=\"width: 1034px\" class=\"wp-caption alignnone\"><img loading=\"lazy\" decoding=\"async\" aria-describedby=\"caption-attachment-1723\" class=\"wp-image-1723 size-large\" title=\"Glansigt Ibis\" src=\"https:\/\/legendatours.net\/wp-content\/uploads\/2020\/03\/Glossy-Ibis-1024x683.jpg\" alt=\"Glossy Ibis\" width=\"1024\" height=\"683\" \/><p id=\"caption-attachment-1723\" class=\"wp-caption-text\">Glossy Ibis \u2013 Foto Peter Dedicoat<\/p><\/div>\n<p>Bland andra arter kan du st\u00f6ta p\u00e5 svartstj\u00e4rtsn\u00e4va, r\u00f6dpipare, sn\u00e4rta, sn\u00e4rta, lila tr\u00e4skh\u00f6na, lila h\u00e4ger, r\u00f6dhake, krage, r\u00f6dpipare, bi\u00e4tare, r\u00f6dhalsad nattsk\u00e4rra, Tr\u00e4sn\u00e4cka, och s\u00f6dra gr\u00e5torn och lilla t\u00e4rna. Marsh Harriers \u00e4r bosatta liksom ett litet antal st\u00f6vlade \u00f6rnar, nu en vanlig syn p\u00e5 vintern. Var i s\u00e4song kan j\u00e4rnanka, lila h\u00e4ger, svartvingad drake, pendulmejsar och blackheaded Weaver hittas.<\/p>\n<p>F\u00f6dd i de spanska kullarna, markerar floden Guadiana gr\u00e4nsen mellan Portugal och Spanien och slingrar sig genom kullar som \u00e4r svepande med stenrosa, olivtr\u00e4d, johannesbr\u00f6d och mandeltr\u00e4d, och de traditionella skifferhusen. Omr\u00e5det ger skydd \u00e5t otaliga arter av fauna och flora.<\/p>\n<div id=\"attachment_1695\" style=\"width: 1034px\" class=\"wp-caption alignnone\"><img loading=\"lazy\" decoding=\"async\" aria-describedby=\"caption-attachment-1695\" class=\"wp-image-1695 size-large\" title=\"F\u00e5gelsk\u00e5dning Algarve European Bee-eater\" src=\"https:\/\/legendatours.net\/wp-content\/uploads\/2020\/05\/Birdwatching-Algarve-European-Bee-eater-1024x683.jpg\" alt=\"Birdwatching Algarve European Bee-eater\" width=\"1024\" height=\"683\" \/><p id=\"caption-attachment-1695\" class=\"wp-caption-text\">F\u00e5gelsk\u00e5dning Algarve Europeisk bi\u00e4tare \u2013 Foto Peter Dedicoat<\/p><\/div>\n<p>\u00d6ster om Monte Gordo presenterar naturreservatet Castro Marim bes\u00f6karna glimtar av europeiska guldfinkar, kortt\u00e5iga tr\u00e4drankor och sardiska s\u00e5ngare, bara f\u00f6r att n\u00e4mna n\u00e5gra. Vid saltpanna \u00e4r det m\u00f6jligt att titta p\u00e5 flera arter av vattenf\u00e5glar, inklusive Audouin&#039;s Gull, Lilla t\u00e4rna, Collared Pratincole och Gul vipstj\u00e4rt (v\u00e5r\/sommar); Shelduck, Shoveler, Svarthalsad dopping och Kaspisk t\u00e4rna.<\/p>\n<p>\u00c5ret runt \u00e4r det m\u00f6jligt att hitta flamingos, svartvingade styltor, skedstorkar, gr\u00f6nben och avoketter. Kungsfiskare \u00e4r regelbunden p\u00e5 denna plats och under flytttider dyker svartt\u00e4rna ofta upp.<\/p>\n<p>Denna sj\u00e4lvguidade f\u00e5gelsk\u00e5dningstur l\u00e5ter dig ta dig tid och engagera dig i de aktiviteter du f\u00f6redrar, fr\u00e5n det enkla n\u00f6jet att observera f\u00e5glar i deras naturliga livsmilj\u00f6er; naturfotografering i allm\u00e4nhet och f\u00e5gelfotografering i synnerhet; m\u00e5lning och illustration; vetenskaplig forskning; jakten p\u00e5 rariteter (ryckningar) osv.<\/p>\n<div id=\"attachment_1961\" style=\"width: 1034px\" class=\"wp-caption alignnone\"><img loading=\"lazy\" decoding=\"async\" aria-describedby=\"caption-attachment-1961\" class=\"wp-image-1961 size-large\" title=\"Vanlig r\u00f6dbena\" src=\"https:\/\/legendatours.net\/wp-content\/uploads\/2020\/03\/Common-Redshank-1024x683.jpg\" alt=\"Common Redshank\" width=\"1024\" height=\"683\" \/><p id=\"caption-attachment-1961\" class=\"wp-caption-text\">Common Redshank \u2013 Foto Peter Dedicoat<\/p><\/div>\n<p>Observationen av och kontakten med naturen \u00e4r en sann balsam med otaliga f\u00f6rdelar!<\/p>\n<p>Rutanteckningarna \u00e4r utformade f\u00f6r att vara en enkel, l\u00e4ttanv\u00e4nd f\u00e4ltguide f\u00f6r alla som tycker om att titta p\u00e5 f\u00e5glar i deras naturliga livsmilj\u00f6. Varje resplan \u00e5tf\u00f6ljs av en karta och en beskrivning om hur man tar sig dit, de mest intressanta arterna som finns d\u00e4r och olika tips om det b\u00e4sta s\u00e4ttet att bes\u00f6ka.<\/p>\n<p>Vi ser till att du f\u00e5r en of\u00f6rgl\u00f6mlig upplevelse, utan tidskr\u00e4vande s\u00f6kning efter platser att bo p\u00e5, ingen forskning om de b\u00e4sta f\u00e5gelsk\u00e5dningsplatserna \u2013 v\u00e5ra turer \u00e4r kompletta och framf\u00f6r allt perfekt genomt\u00e4nkta och organiserade! Turn\u00e9n \u00e4r designad f\u00f6r att avnjutas oavsett din niv\u00e5 av f\u00e5gelsk\u00e5dningsf\u00f6rm\u00e5ga och expertis.<\/p>\n<div class=\"row\">\n<div class=\"column\" style=\"flex: 45%\">\n<p><iframe loading=\"lazy\" title=\"Castro Marim\" width=\"1080\" height=\"608\" src=\"https:\/\/www.youtube.com\/embed\/sbJjXvbNWho?list=PL_6Umd8jb1qvBUfpmdNirAfZNGPDknjjw\" frameborder=\"0\" allow=\"accelerometer; autoplay; clipboard-write; encrypted-media; gyroscope; picture-in-picture\" allowfullscreen><\/iframe><\/p>\n<\/div>\n<div class=\"column\" style=\"flex: 10%\"><\/div>\n<div class=\"column\" style=\"flex: 45%\">\n<p><iframe loading=\"lazy\" title=\"LPN | Centro de Educa\u00e7\u00e3o Ambiental do Vale Gon\u00e7alinho ea estepe cereal\u00edfera de Castro Verde\" width=\"1080\" height=\"608\" src=\"https:\/\/www.youtube.com\/embed\/FW0VbEbC0cw?feature=oembed\" frameborder=\"0\" allow=\"accelerometer; autoplay; clipboard-write; encrypted-media; gyroscope; picture-in-picture\" allowfullscreen><\/iframe><\/p>\n<\/div>\n<\/div>\n<p><iframe loading=\"lazy\" title=\"LPN | CEAVG - Centro de Educa\u00e7\u00e3o Ambiental do Vale Gon\u00e7alinho_Video Institucional PT\" width=\"1080\" height=\"608\" src=\"https:\/\/www.youtube.com\/embed\/EkOB_oYZ5wQ?feature=oembed\" frameborder=\"0\" allow=\"accelerometer; autoplay; clipboard-write; encrypted-media; gyroscope; picture-in-picture\" allowfullscreen><\/iframe><\/p>","protected":false},"excerpt":{"rendered":"<p>F\u00e5gelsk\u00e5dning under bl\u00e5 himmel: The Great Bustard Adventure \u00e4r en sj\u00e4lvk\u00f6rande f\u00e5gelsk\u00e5dningstur, designad av professionella lokala f\u00e5gelsk\u00e5dare f\u00f6r att hj\u00e4lpa dig att se s\u00e5 mycket av f\u00e5gellivet och floran som m\u00f6jligt, inklusive den g\u00e5tfulla Storsn\u00e4ppen! F\u00f6r att till fullo kunna njuta av denna personliga rundtur, kommer du att bo i hj\u00e4rtat av Monte Gordo, med enkel tillg\u00e5ng till en m\u00e4ngd f\u00e5gelobservationsinst\u00e4llningar, bortom n\u00e5gon f\u00e5gelsk\u00e5dares livslista!<\/p>","protected":false},"featured_media":7661,"comment_status":"closed","ping_status":"closed","template":"","meta":{"_acf_changed":false,"inline_featured_image":false},"product_brand":[],"product_cat":[327,778,301],"product_tag":[147,306,424,425,427,428,429,433,434,436,437,438,439,440,441,442,779,1000,160,313,443,444,445,446,447,449,162,397,450,60,451,452,453,454,455,168,169,456,319,328,780,777,781,322,457,173,465,324,68,177,325,326,458,459],"class_list":{"0":"post-8362","1":"product","2":"type-product","3":"status-publish","4":"has-post-thumbnail","6":"product_cat-self-drive-holidays-portugal","7":"product_cat-portugal-self-guided-birdwatching-holidays","8":"product_cat-self-guided-tours-portugal","9":"product_tag-algarve","10":"product_tag-alleine-reisen","11":"product_tag-best-birding-spots","12":"product_tag-best-of-the-algarvian-bird-life","13":"product_tag-bird-watching-tours","14":"product_tag-bird-watching","15":"product_tag-birding","16":"product_tag-birdwatching","17":"product_tag-birdwatching-algarve","18":"product_tag-black-tailed-godwits","19":"product_tag-black-winged-kite","20":"product_tag-blackheaded-weaver","21":"product_tag-booted-eagles","22":"product_tag-collared-pratincole","23":"product_tag-european-bee-eater","24":"product_tag-ferruginous-duck","25":"product_tag-fly-drive","26":"product_tag-great-bustard","27":"product_tag-holidays","28":"product_tag-individuelle-touren","29":"product_tag-kentish-plover","30":"product_tag-little-bittern","31":"product_tag-little-stints","32":"product_tag-little-tern","33":"product_tag-marsh-harriers","34":"product_tag-nature-observation","35":"product_tag-nature-walks","36":"product_tag-observe-birds","37":"product_tag-penduline-tits","38":"product_tag-portugal","39":"product_tag-purple-heron","40":"product_tag-purple-swamp-hen","41":"product_tag-ramsar","42":"product_tag-red-crested-pochard","43":"product_tag-red-necked-nightjar","44":"product_tag-ria-formosa","45":"product_tag-ria-formosa-natural-park","46":"product_tag-ringed-plovers","47":"product_tag-sejour-en-liberte","48":"product_tag-self-guided","49":"product_tag-self-guided-birdwatching","50":"product_tag-self-guided-holidays","51":"product_tag-self-guided-tours","52":"product_tag-solo-reisen","53":"product_tag-southern-grey-shrikes","54":"product_tag-sunny-winters","55":"product_tag-top-class-birding","56":"product_tag-tours-autoguidees","57":"product_tag-tours-in-portugal","58":"product_tag-vacations","59":"product_tag-voyage-en-liberte","60":"product_tag-voyages-en-autonomie","61":"product_tag-wintering-birds","62":"product_tag-woodchat","64":"first","65":"instock","66":"virtual","67":"product-type-simple"},"acf":[],"yoast_head":"<!-- This site is optimized with the Yoast SEO Premium plugin v26.8 (Yoast SEO v27.5) - https:\/\/yoast.com\/product\/yoast-seo-premium-wordpress\/ -->\n<title>Birding Holidays Under Blue Skyes: The Great Bustard Adventure - Legendary Adventure DMC Portugal<\/title>\n<meta name=\"description\" content=\"A personalised Self-Drive Birdwatching tour with easy access to the region&#039;s best birding spots. Includes a trip to see the enigmatic Great Bustard!\" \/>\n<meta name=\"robots\" content=\"index, follow, max-snippet:-1, max-image-preview:large, max-video-preview:-1\" \/>\n<link rel=\"canonical\" href=\"https:\/\/legendatours.com\/sv\/produkt\/birding-under-blue-skyes-the-great-bustard-adventure-fly-drive-3201s\/\" \/>\n<meta property=\"og:locale\" content=\"sv_SE\" \/>\n<meta property=\"og:type\" content=\"article\" \/>\n<meta property=\"og:title\" content=\"Birding Holidays Under Blue Skyes: The Great Bustard Adventure\" \/>\n<meta property=\"og:description\" content=\"A personalised Self-Drive Birdwatching tour with easy access to the region&#039;s best birding spots. Includes a trip to see the enigmatic Great Bustard!\" \/>\n<meta property=\"og:url\" content=\"https:\/\/legendatours.com\/sv\/produkt\/birding-under-blue-skyes-the-great-bustard-adventure-fly-drive-3201s\/\" \/>\n<meta property=\"og:site_name\" content=\"Legendary Adventure DMC Portugal\" \/>\n<meta property=\"article:publisher\" content=\"https:\/\/www.facebook.com\/legendaryadventuredmc\/\" \/>\n<meta property=\"article:modified_time\" content=\"2025-03-03T17:18:22+00:00\" \/>\n<meta property=\"og:image\" content=\"https:\/\/legendatours.com\/wp-content\/uploads\/sites\/12\/2021\/04\/Great_bustard_birdwatching-e1611676653444.jpg\" \/>\n\t<meta property=\"og:image:width\" content=\"1024\" \/>\n\t<meta property=\"og:image:height\" content=\"672\" \/>\n\t<meta property=\"og:image:type\" content=\"image\/jpeg\" \/>\n<meta name=\"twitter:card\" content=\"summary_large_image\" \/>\n<meta name=\"twitter:label1\" content=\"Ber\u00e4knad l\u00e4stid\" \/>\n\t<meta name=\"twitter:data1\" content=\"4 minuter\" \/>\n<script type=\"application\/ld+json\" class=\"yoast-schema-graph\">{\"@context\":\"https:\\\/\\\/schema.org\",\"@graph\":[{\"@type\":\"WebPage\",\"@id\":\"https:\\\/\\\/legendatours.com\\\/product\\\/birding-under-blue-skyes-the-great-bustard-adventure-fly-drive-3201s\\\/\",\"url\":\"https:\\\/\\\/legendatours.com\\\/product\\\/birding-under-blue-skyes-the-great-bustard-adventure-fly-drive-3201s\\\/\",\"name\":\"Birding Holidays Under Blue Skyes: The Great Bustard Adventure - Legendary Adventure DMC Portugal\",\"isPartOf\":{\"@id\":\"https:\\\/\\\/legendatours.com\\\/#website\"},\"primaryImageOfPage\":{\"@id\":\"https:\\\/\\\/legendatours.com\\\/product\\\/birding-under-blue-skyes-the-great-bustard-adventure-fly-drive-3201s\\\/#primaryimage\"},\"image\":{\"@id\":\"https:\\\/\\\/legendatours.com\\\/product\\\/birding-under-blue-skyes-the-great-bustard-adventure-fly-drive-3201s\\\/#primaryimage\"},\"thumbnailUrl\":\"https:\\\/\\\/legendatours.com\\\/wp-content\\\/uploads\\\/sites\\\/12\\\/2021\\\/04\\\/Great_bustard_birdwatching-e1611676653444.jpg\",\"datePublished\":\"2020-03-06T15:03:11+00:00\",\"dateModified\":\"2025-03-03T17:18:22+00:00\",\"description\":\"A personalised Self-Drive Birdwatching tour with easy access to the region's best birding spots. Includes a trip to see the enigmatic Great Bustard!\",\"breadcrumb\":{\"@id\":\"https:\\\/\\\/legendatours.com\\\/product\\\/birding-under-blue-skyes-the-great-bustard-adventure-fly-drive-3201s\\\/#breadcrumb\"},\"inLanguage\":\"sv-SE\",\"potentialAction\":[{\"@type\":\"ReadAction\",\"target\":[\"https:\\\/\\\/legendatours.com\\\/product\\\/birding-under-blue-skyes-the-great-bustard-adventure-fly-drive-3201s\\\/\"]}]},{\"@type\":\"ImageObject\",\"inLanguage\":\"sv-SE\",\"@id\":\"https:\\\/\\\/legendatours.com\\\/product\\\/birding-under-blue-skyes-the-great-bustard-adventure-fly-drive-3201s\\\/#primaryimage\",\"url\":\"https:\\\/\\\/legendatours.com\\\/wp-content\\\/uploads\\\/sites\\\/12\\\/2021\\\/04\\\/Great_bustard_birdwatching-e1611676653444.jpg\",\"contentUrl\":\"https:\\\/\\\/legendatours.com\\\/wp-content\\\/uploads\\\/sites\\\/12\\\/2021\\\/04\\\/Great_bustard_birdwatching-e1611676653444.jpg\",\"width\":1024,\"height\":672,\"caption\":\"Birdwatching - looking for the Great Bustard\"},{\"@type\":\"BreadcrumbList\",\"@id\":\"https:\\\/\\\/legendatours.com\\\/product\\\/birding-under-blue-skyes-the-great-bustard-adventure-fly-drive-3201s\\\/#breadcrumb\",\"itemListElement\":[{\"@type\":\"ListItem\",\"position\":1,\"name\":\"Home\",\"item\":\"https:\\\/\\\/legendatours.com\\\/\"},{\"@type\":\"ListItem\",\"position\":2,\"name\":\"Shop\",\"item\":\"https:\\\/\\\/legendatours.com\\\/sv\\\/?page_id=4\"},{\"@type\":\"ListItem\",\"position\":3,\"name\":\"Birding Under Blue Skies: The Great Bustard Adventure is a Self-Guided Tour with Car, designed by professional local birders to help you see as much of the avifauna and flora as possible, including the enigmatic Great Bustard! In order to fully enjoy this personalised tour, you\u2019ll be lodged in the heart of Monte Gordo, with easy access to a wealth of bird observation settings, beyond any birder\u2019s life list!\"}]},{\"@type\":\"WebSite\",\"@id\":\"https:\\\/\\\/legendatours.com\\\/#website\",\"url\":\"https:\\\/\\\/legendatours.com\\\/\",\"name\":\"Legendary Adventure DMC Portugal\",\"description\":\"Responsible Walking &amp; Nature Holidays in Portugal\",\"publisher\":{\"@id\":\"https:\\\/\\\/legendatours.com\\\/#organization\"},\"alternateName\":\"Legendary Adventure Portugal\",\"potentialAction\":[{\"@type\":\"SearchAction\",\"target\":{\"@type\":\"EntryPoint\",\"urlTemplate\":\"https:\\\/\\\/legendatours.com\\\/?s={search_term_string}\"},\"query-input\":{\"@type\":\"PropertyValueSpecification\",\"valueRequired\":true,\"valueName\":\"search_term_string\"}}],\"inLanguage\":\"sv-SE\"},{\"@type\":\"Organization\",\"@id\":\"https:\\\/\\\/legendatours.com\\\/#organization\",\"name\":\"legendatours.com\",\"url\":\"https:\\\/\\\/legendatours.com\\\/\",\"logo\":{\"@type\":\"ImageObject\",\"inLanguage\":\"sv-SE\",\"@id\":\"https:\\\/\\\/legendatours.com\\\/#\\\/schema\\\/logo\\\/image\\\/\",\"url\":\"https:\\\/\\\/legendatours.com\\\/wp-content\\\/uploads\\\/sites\\\/12\\\/2021\\\/06\\\/legendary_adventure_dmc.png\",\"contentUrl\":\"https:\\\/\\\/legendatours.com\\\/wp-content\\\/uploads\\\/sites\\\/12\\\/2021\\\/06\\\/legendary_adventure_dmc.png\",\"width\":250,\"height\":74,\"caption\":\"legendatours.com\"},\"image\":{\"@id\":\"https:\\\/\\\/legendatours.com\\\/#\\\/schema\\\/logo\\\/image\\\/\"},\"sameAs\":[\"https:\\\/\\\/www.facebook.com\\\/legendaryadventuredmc\\\/\",\"https:\\\/\\\/www.linkedin.com\\\/company\\\/legendary-adventure-dmc-portugal\",\"https:\\\/\\\/www.youtube.com\\\/channel\\\/UCOIRDx_KM6ynIcacQkZjb6g\"]}]}<\/script>\n<!-- \/ Yoast SEO Premium plugin. -->","yoast_head_json":{"title":"Birding Holidays Under Blue Skyes: The Great Bustard Adventure - Legendariskt \u00e4ventyr DMC Portugal","description":"En personlig sj\u00e4lvk\u00f6rande f\u00e5gelsk\u00e5dningstur med enkel tillg\u00e5ng till regionens b\u00e4sta f\u00e5gelsk\u00e5dningsplatser. Inkluderar en resa f\u00f6r att se den g\u00e5tfulla stora bustard!","robots":{"index":"index","follow":"follow","max-snippet":"max-snippet:-1","max-image-preview":"max-image-preview:large","max-video-preview":"max-video-preview:-1"},"canonical":"https:\/\/legendatours.com\/sv\/produkt\/birding-under-blue-skyes-the-great-bustard-adventure-fly-drive-3201s\/","og_locale":"sv_SE","og_type":"article","og_title":"Birding Holidays Under Blue Skyes: The Great Bustard Adventure","og_description":"A personalised Self-Drive Birdwatching tour with easy access to the region's best birding spots. Includes a trip to see the enigmatic Great Bustard!","og_url":"https:\/\/legendatours.com\/sv\/produkt\/birding-under-blue-skyes-the-great-bustard-adventure-fly-drive-3201s\/","og_site_name":"Legendary Adventure DMC Portugal","article_publisher":"https:\/\/www.facebook.com\/legendaryadventuredmc\/","article_modified_time":"2025-03-03T17:18:22+00:00","og_image":[{"width":1024,"height":672,"url":"https:\/\/legendatours.com\/wp-content\/uploads\/sites\/12\/2021\/04\/Great_bustard_birdwatching-e1611676653444.jpg","type":"image\/jpeg"}],"twitter_card":"summary_large_image","twitter_misc":{"Ber\u00e4knad l\u00e4stid":"4 minuter"},"schema":{"@context":"https:\/\/schema.org","@graph":[{"@type":"WebPage","@id":"https:\/\/legendatours.com\/product\/birding-under-blue-skyes-the-great-bustard-adventure-fly-drive-3201s\/","url":"https:\/\/legendatours.com\/product\/birding-under-blue-skyes-the-great-bustard-adventure-fly-drive-3201s\/","name":"Birding Holidays Under Blue Skyes: The Great Bustard Adventure - Legendariskt \u00e4ventyr DMC Portugal","isPartOf":{"@id":"https:\/\/legendatours.com\/#website"},"primaryImageOfPage":{"@id":"https:\/\/legendatours.com\/product\/birding-under-blue-skyes-the-great-bustard-adventure-fly-drive-3201s\/#primaryimage"},"image":{"@id":"https:\/\/legendatours.com\/product\/birding-under-blue-skyes-the-great-bustard-adventure-fly-drive-3201s\/#primaryimage"},"thumbnailUrl":"https:\/\/legendatours.com\/wp-content\/uploads\/sites\/12\/2021\/04\/Great_bustard_birdwatching-e1611676653444.jpg","datePublished":"2020-03-06T15:03:11+00:00","dateModified":"2025-03-03T17:18:22+00:00","description":"En personlig sj\u00e4lvk\u00f6rande f\u00e5gelsk\u00e5dningstur med enkel tillg\u00e5ng till regionens b\u00e4sta f\u00e5gelsk\u00e5dningsplatser. Inkluderar en resa f\u00f6r att se den g\u00e5tfulla stora bustard!","breadcrumb":{"@id":"https:\/\/legendatours.com\/product\/birding-under-blue-skyes-the-great-bustard-adventure-fly-drive-3201s\/#breadcrumb"},"inLanguage":"sv-SE","potentialAction":[{"@type":"ReadAction","target":["https:\/\/legendatours.com\/product\/birding-under-blue-skyes-the-great-bustard-adventure-fly-drive-3201s\/"]}]},{"@type":"ImageObject","inLanguage":"sv-SE","@id":"https:\/\/legendatours.com\/product\/birding-under-blue-skyes-the-great-bustard-adventure-fly-drive-3201s\/#primaryimage","url":"https:\/\/legendatours.com\/wp-content\/uploads\/sites\/12\/2021\/04\/Great_bustard_birdwatching-e1611676653444.jpg","contentUrl":"https:\/\/legendatours.com\/wp-content\/uploads\/sites\/12\/2021\/04\/Great_bustard_birdwatching-e1611676653444.jpg","width":1024,"height":672,"caption":"Birdwatching - looking for the Great Bustard"},{"@type":"BreadcrumbList","@id":"https:\/\/legendatours.com\/product\/birding-under-blue-skyes-the-great-bustard-adventure-fly-drive-3201s\/#breadcrumb","itemListElement":[{"@type":"ListItem","position":1,"name":"Home","item":"https:\/\/legendatours.com\/"},{"@type":"ListItem","position":2,"name":"Shop","item":"https:\/\/legendatours.com\/sv\/?page_id=4"},{"@type":"ListItem","position":3,"name":"Birding Under Blue Skies: The Great Bustard Adventure is a Self-Guided Tour with Car, designed by professional local birders to help you see as much of the avifauna and flora as possible, including the enigmatic Great Bustard! In order to fully enjoy this personalised tour, you\u2019ll be lodged in the heart of Monte Gordo, with easy access to a wealth of bird observation settings, beyond any birder\u2019s life list!"}]},{"@type":"WebSite","@id":"https:\/\/legendatours.com\/#website","url":"https:\/\/legendatours.com\/","name":"Legendariskt \u00e4ventyr DMC Portugal","description":"Ansvarsfulla vandringar och natursemester i Portugal","publisher":{"@id":"https:\/\/legendatours.com\/#organization"},"alternateName":"Legendary Adventure Portugal","potentialAction":[{"@type":"SearchAction","target":{"@type":"EntryPoint","urlTemplate":"https:\/\/legendatours.com\/?s={search_term_string}"},"query-input":{"@type":"PropertyValueSpecification","valueRequired":true,"valueName":"search_term_string"}}],"inLanguage":"sv-SE"},{"@type":"Organization","@id":"https:\/\/legendatours.com\/#organization","name":"legendatours.com","url":"https:\/\/legendatours.com\/","logo":{"@type":"ImageObject","inLanguage":"sv-SE","@id":"https:\/\/legendatours.com\/#\/schema\/logo\/image\/","url":"https:\/\/legendatours.com\/wp-content\/uploads\/sites\/12\/2021\/06\/legendary_adventure_dmc.png","contentUrl":"https:\/\/legendatours.com\/wp-content\/uploads\/sites\/12\/2021\/06\/legendary_adventure_dmc.png","width":250,"height":74,"caption":"legendatours.com"},"image":{"@id":"https:\/\/legendatours.com\/#\/schema\/logo\/image\/"},"sameAs":["https:\/\/www.facebook.com\/legendaryadventuredmc\/","https:\/\/www.linkedin.com\/company\/legendary-adventure-dmc-portugal","https:\/\/www.youtube.com\/channel\/UCOIRDx_KM6ynIcacQkZjb6g"]}]}},"_links":{"self":[{"href":"https:\/\/legendatours.com\/sv\/wp-json\/wp\/v2\/product\/8362","targetHints":{"allow":["GET"]}}],"collection":[{"href":"https:\/\/legendatours.com\/sv\/wp-json\/wp\/v2\/product"}],"about":[{"href":"https:\/\/legendatours.com\/sv\/wp-json\/wp\/v2\/types\/product"}],"replies":[{"embeddable":true,"href":"https:\/\/legendatours.com\/sv\/wp-json\/wp\/v2\/comments?post=8362"}],"wp:featuredmedia":[{"embeddable":true,"href":"https:\/\/legendatours.com\/sv\/wp-json\/wp\/v2\/media\/7661"}],"wp:attachment":[{"href":"https:\/\/legendatours.com\/sv\/wp-json\/wp\/v2\/media?parent=8362"}],"wp:term":[{"taxonomy":"product_brand","embeddable":true,"href":"https:\/\/legendatours.com\/sv\/wp-json\/wp\/v2\/product_brand?post=8362"},{"taxonomy":"product_cat","embeddable":true,"href":"https:\/\/legendatours.com\/sv\/wp-json\/wp\/v2\/product_cat?post=8362"},{"taxonomy":"product_tag","embeddable":true,"href":"https:\/\/legendatours.com\/sv\/wp-json\/wp\/v2\/product_tag?post=8362"}],"curies":[{"name":"wp","href":"https:\/\/api.w.org\/{rel}","templated":true}]}}