{"id":8368,"date":"2020-03-06T15:02:14","date_gmt":"2020-03-06T15:02:14","guid":{"rendered":"https:\/\/legendatours.com\/product\/watching-the-blue-skies-of-monte-gordo-birdwatching-holiday\/"},"modified":"2025-03-03T17:18:50","modified_gmt":"2025-03-03T17:18:50","slug":"watching-the-blue-skies-of-monte-gordo-fly-drive-3200s","status":"publish","type":"product","link":"https:\/\/legendatours.com\/sv\/produkt\/watching-the-blue-skies-of-monte-gordo-fly-drive-3200s\/","title":{"rendered":"Tittar p\u00e5 Blue Gordies of Monte Gordo Birdwatching Holiday"},"content":{"rendered":"<p>Att titta p\u00e5 Blue Skies Of Monte Gordo \u00e4r en 5 dagars Self-Drive Birdwatching Tour, designad av professionella lokala f\u00e5gelsk\u00e5dare. Algarve \u00e4r s\u00e5 mycket mer \u00e4n miles av gyllene str\u00e4nder, golfbanor och ett underbart klimat \u00e5ret runt! Det \u00e4r fortfarande en i stort sett ok\u00e4nd destination f\u00f6r fantastisk f\u00e5gelsk\u00e5dning, och n\u00e4stan n\u00e4r som helst p\u00e5 \u00e5ret finns det n\u00e5got av intresse att se!<\/p>\n<p>Detta \u00e4r en f\u00e5gelsk\u00e5dningstur baserad i n\u00e5gra viktiga v\u00e5tmarksomr\u00e5den i Algarve, inklusive naturparken Ria Formosa, Guadianas mynning och naturreservatet Castro Marim, och r\u00e4knas med en utflykt till Alentejo, f\u00f6r att observera den sv\u00e5rf\u00e5ngade stora bustard, en av v\u00e4rldens tyngsta f\u00e5glar.<\/p>\n<div id=\"attachment_1961\" style=\"width: 1034px\" class=\"wp-caption alignnone\"><img loading=\"lazy\" decoding=\"async\" aria-describedby=\"caption-attachment-1961\" class=\"wp-image-1961 size-large\" title=\"Vanlig r\u00f6dbena\" src=\"https:\/\/legendatours.net\/wp-content\/uploads\/2020\/03\/Common-Redshank-1024x683.jpg\" alt=\"Common Redshank\" width=\"1024\" height=\"683\" \/><p id=\"caption-attachment-1961\" class=\"wp-caption-text\">Common Redshank \u2013 Foto Peter Dedicoat<\/p><\/div>\n<p>Turn\u00e9n \u00e4r utformad f\u00f6r att hj\u00e4lpa dig att se s\u00e5 mycket av f\u00e5gelfaunan och floran som m\u00f6jligt, med noggrant detaljerade instruktioner och v\u00e4ganteckningar.<\/p>\n<p>Naturparken Ria Formosa \u00e4r av s\u00e4rskild betydelse som \u00f6vervintringsomr\u00e5de f\u00f6r m\u00e5nga f\u00e5glar fr\u00e5n norra Europa och som rast- och utfodringsstation f\u00f6r f\u00e5glar som vandrar mellan Afrika och Europa. Ria best\u00e5r av kustlaguner, vidstr\u00e4ckta omr\u00e5den med tidvattens\u00e4ngar, saltk\u00e4rr och saltk\u00e4rl som \u00e4r omgivna av ett b\u00e4lte av sanddyner och halv\u00f6ar.<\/p>\n<div id=\"attachment_1708\" style=\"width: 1034px\" class=\"wp-caption alignnone\"><img loading=\"lazy\" decoding=\"async\" aria-describedby=\"caption-attachment-1708\" class=\"wp-image-1708 size-large\" title=\"F\u00e5gelsk\u00e5dning Kentish Plover\" src=\"https:\/\/legendatours.net\/wp-content\/uploads\/2020\/05\/Birdwatching-Tavira-Kentish-Plover-1024x683.jpg\" alt=\"Birdwatching Kentish Plover\" width=\"1024\" height=\"683\" \/><p id=\"caption-attachment-1708\" class=\"wp-caption-text\">F\u00e5gelsk\u00e5dning Kentish Plover \u2013 Foto Peter Dedicoat<\/p><\/div>\n<p>Omr\u00e5det \u00e4r \u00e4ven klassificerat enligt Ramsarkonventionen som ett v\u00e5tmark av internationell betydelse och som ett s\u00e4rskilt skyddsomr\u00e5de enligt EU:s direktiv om skydd av vilda f\u00e5glar.<\/p>\n<p>Bland andra arter kan du st\u00f6ta p\u00e5 svartstj\u00e4rtsn\u00e4va, r\u00f6dpipare, sn\u00e4rta, sn\u00e4rta, lila tr\u00e4skh\u00f6na, lila h\u00e4ger, r\u00f6dhake, krage, r\u00f6dpipare, bi\u00e4tare, r\u00f6dhalsad nattsk\u00e4rra, Tr\u00e4sn\u00e4cka, och s\u00f6dra gr\u00e5torn och lilla t\u00e4rna. Marsh Harriers \u00e4r bosatta liksom ett litet antal st\u00f6vlade \u00f6rnar, nu en vanlig syn p\u00e5 vintern. Var i s\u00e4song kan j\u00e4rnanka, lila h\u00e4ger, svartvingad drake, pendulmejsar och blackheaded Weaver hittas.<\/p>\n<p>F\u00f6dd i de spanska kullarna, markerar floden Guadiana gr\u00e4nsen mellan Portugal och Spanien och slingrar sig fram genom kullar som \u00e4r t\u00e4ckta av stenrosa, olivtr\u00e4d, johannesbr\u00f6d och mandeltr\u00e4d, och de traditionella skifferhusen. Omr\u00e5det ger skydd \u00e5t otaliga arter av fauna och flora.<\/p>\n<div id=\"attachment_1730\" style=\"width: 1034px\" class=\"wp-caption alignnone\"><img loading=\"lazy\" decoding=\"async\" aria-describedby=\"caption-attachment-1730\" class=\"wp-image-1730 size-large\" title=\"Skedn\u00e4bb\" src=\"https:\/\/legendatours.net\/wp-content\/uploads\/2020\/03\/Spoonbill-1-1024x683.jpg\" alt=\"Spoonbill\" width=\"1024\" height=\"683\" \/><p id=\"caption-attachment-1730\" class=\"wp-caption-text\">Skedn\u00e4bb \u2013 Foto Peter Dedicoat<\/p><\/div>\n<p>\u00d6ster om Monte Gordo ger naturreservatet Castro Marim bes\u00f6karna glimtar av europeiska guldfinkar, kortt\u00e5iga tr\u00e4drankor och sardiska s\u00e5ngare, bara f\u00f6r att n\u00e4mna n\u00e5gra.<\/p>\n<p>Vid saltpanna \u00e4r det m\u00f6jligt att titta p\u00e5 flera arter av vattenf\u00e5glar, inklusive Audouin&#039;s Gull, Little t\u00e4rna, Collared Pratincole och Yellow wagtail (v\u00e5r\/sommar); Shelduck, Shoveler, Svarthalsad dopping och Kaspisk t\u00e4rna.<\/p>\n<p>\u00c5ret runt \u00e4r det m\u00f6jligt att hitta flamingos, svartvingade styltor, skedstorkar, gr\u00f6nben och avoketter. Kungsfiskare \u00e4r regelbunden p\u00e5 denna plats och under flytttider dyker svartt\u00e4rna ofta upp.<\/p>\n<div id=\"attachment_1731\" style=\"width: 1034px\" class=\"wp-caption alignnone\"><img loading=\"lazy\" decoding=\"async\" aria-describedby=\"caption-attachment-1731\" class=\"wp-image-1731 size-large\" title=\"Tuftade ankor\" src=\"https:\/\/legendatours.net\/wp-content\/uploads\/2020\/03\/Tufted-Ducks-1024x683.jpg\" alt=\"Tufted Ducks\" width=\"1024\" height=\"683\" \/><p id=\"caption-attachment-1731\" class=\"wp-caption-text\">Tufted Ducks \u2013 Foto Peter Dedicoat<\/p><\/div>\n<p>Denna sj\u00e4lvguidade f\u00e5gelsk\u00e5dningstur l\u00e5ter dig ta dig tid och engagera dig i de aktiviteter du f\u00f6redrar, fr\u00e5n det enkla n\u00f6jet att observera f\u00e5glar i deras naturliga livsmilj\u00f6er; naturfotografering i allm\u00e4nhet och f\u00e5gelfotografering i synnerhet; m\u00e5lning och illustration; vetenskaplig forskning; jakten p\u00e5 rariteter (ryckningar) osv.<\/p>\n<p>Observationen av och kontakten med naturen \u00e4r en sann balsam med otaliga f\u00f6rdelar!<\/p>\n<p>Rutanteckningarna \u00e4r utformade f\u00f6r att vara en enkel, l\u00e4ttanv\u00e4nd f\u00e4ltguide f\u00f6r alla som tycker om att titta p\u00e5 f\u00e5glar i deras naturliga livsmilj\u00f6. Varje resplan \u00e5tf\u00f6ljs av en karta och en beskrivning av hur man tar sig dit, de mest intressanta arterna som finns d\u00e4r och olika tips om det b\u00e4sta s\u00e4ttet att bes\u00f6ka.<\/p>\n<p>Vi ser till att du f\u00e5r en of\u00f6rgl\u00f6mlig upplevelse, utan tidskr\u00e4vande s\u00f6kning efter platser att bo p\u00e5, ingen forskning om de b\u00e4sta f\u00e5gelsk\u00e5dningsplatserna \u2013 v\u00e5ra turer \u00e4r kompletta och framf\u00f6r allt perfekt genomt\u00e4nkta och organiserade! Turn\u00e9n \u00e4r designad f\u00f6r att avnjutas oavsett din niv\u00e5 av f\u00e5gelsk\u00e5dningsf\u00f6rm\u00e5ga och expertis.<\/p>\n<div class=\"row\">\n<div class=\"column\" style=\"flex: 45%\"><\/div>\n<div class=\"column\" style=\"flex: 10%\"><\/div>\n<div class=\"column\" style=\"flex: 45%\">\n<p><iframe loading=\"lazy\" title=\"Castro Marim\" width=\"1080\" height=\"608\" src=\"https:\/\/www.youtube.com\/embed\/sbJjXvbNWho?list=PL_6Umd8jb1qvBUfpmdNirAfZNGPDknjjw\" frameborder=\"0\" allow=\"accelerometer; autoplay; clipboard-write; encrypted-media; gyroscope; picture-in-picture\" allowfullscreen><\/iframe><\/p>\n<\/div>\n<\/div>","protected":false},"excerpt":{"rendered":"<p>Att titta p\u00e5 Blue Skies Of Monte Gordo \u00e4r en 5 dagars Self-Drive Birdwatching Tour, designad av professionella lokala f\u00e5gelsk\u00e5dare. Algarve \u00e4r s\u00e5 mycket mer \u00e4n miles av gyllene str\u00e4nder, golfbanor och ett underbart klimat \u00e5ret runt! Det \u00e4r fortfarande en i stort sett ok\u00e4nd destination f\u00f6r fantastisk f\u00e5gelsk\u00e5dning, och n\u00e4stan n\u00e4r som helst p\u00e5 \u00e5ret finns det n\u00e5got av intresse att se!<\/p>","protected":false},"featured_media":7679,"comment_status":"closed","ping_status":"closed","template":"","meta":{"_acf_changed":false,"inline_featured_image":false},"product_brand":[],"product_cat":[327,778,301],"product_tag":[147,306,1001,424,428,429,431,432,433,1002,1003,436,437,1004,438,439,461,1005,440,441,442,877,779,1000,1006,160,313,443,1007,1008,444,445,446,447,1009,449,162,925,450,60,451,452,453,454,455,168,169,480,456,904,1010,170,319,804,328,780,777,781,322,457,910,173,174,324,68,177,325,326,458,459],"class_list":{"0":"post-8368","1":"product","2":"type-product","3":"status-publish","4":"has-post-thumbnail","6":"product_cat-self-drive-holidays-portugal","7":"product_cat-portugal-self-guided-birdwatching-holidays","8":"product_cat-self-guided-tours-portugal","9":"product_tag-algarve","10":"product_tag-alleine-reisen","11":"product_tag-avocets","12":"product_tag-best-birding-spots","13":"product_tag-bird-watching","14":"product_tag-birding","15":"product_tag-birds","16":"product_tag-birdwatchers-paradise","17":"product_tag-birdwatching","18":"product_tag-black-kite","19":"product_tag-black-tern","20":"product_tag-black-tailed-godwits","21":"product_tag-black-winged-kite","22":"product_tag-black-winged-stilts","23":"product_tag-blackheaded-weaver","24":"product_tag-booted-eagles","25":"product_tag-castro-marim-nature-reserve","26":"product_tag-castro-verde","27":"product_tag-collared-pratincole","28":"product_tag-european-bee-eater","29":"product_tag-ferruginous-duck","30":"product_tag-flamingos","31":"product_tag-fly-drive","32":"product_tag-great-bustard","33":"product_tag-greenshanks","34":"product_tag-holidays","35":"product_tag-individuelle-touren","36":"product_tag-kentish-plover","37":"product_tag-kingfisher","38":"product_tag-lesser-black-backs","39":"product_tag-little-bittern","40":"product_tag-little-stints","41":"product_tag-little-tern","42":"product_tag-marsh-harriers","43":"product_tag-migration-times","44":"product_tag-nature-observation","45":"product_tag-nature-walks","46":"product_tag-olhao","47":"product_tag-penduline-tits","48":"product_tag-portugal","49":"product_tag-purple-heron","50":"product_tag-purple-swamp-hen","51":"product_tag-ramsar","52":"product_tag-red-crested-pochard","53":"product_tag-red-necked-nightjar","54":"product_tag-ria-formosa","55":"product_tag-ria-formosa-natural-park","56":"product_tag-ria-formosa-natural-reserve","57":"product_tag-ringed-plovers","58":"product_tag-salt-pans","59":"product_tag-saltmarsh","60":"product_tag-santa-luzia","61":"product_tag-sejour-en-liberte","62":"product_tag-self-drive-holiday","63":"product_tag-self-guided","64":"product_tag-self-guided-birdwatching","65":"product_tag-self-guided-holidays","66":"product_tag-self-guided-tours","67":"product_tag-solo-reisen","68":"product_tag-southern-grey-shrikes","69":"product_tag-spoonbills","70":"product_tag-sunny-winters","71":"product_tag-tavira","72":"product_tag-tours-autoguidees","73":"product_tag-tours-in-portugal","74":"product_tag-vacations","75":"product_tag-voyage-en-liberte","76":"product_tag-voyages-en-autonomie","77":"product_tag-wintering-birds","78":"product_tag-woodchat","80":"first","81":"instock","82":"virtual","83":"product-type-simple"},"acf":[],"yoast_head":"<!-- This site is optimized with the Yoast SEO Premium plugin v26.8 (Yoast SEO v27.5) - https:\/\/yoast.com\/product\/yoast-seo-premium-wordpress\/ -->\n<title>Watching The Blue Skies Of Monte Gordo Birdwatching Holiday - Legendary Adventure DMC Portugal<\/title>\n<meta name=\"description\" content=\"A self-drive birdwtaching adventure in important wetlands areas of the Algarve, like the Ria Formosa. Includes a trip to observe the elusive Great Bustard.\" \/>\n<meta name=\"robots\" content=\"index, follow, max-snippet:-1, max-image-preview:large, max-video-preview:-1\" \/>\n<link rel=\"canonical\" href=\"https:\/\/legendatours.com\/sv\/produkt\/watching-the-blue-skies-of-monte-gordo-fly-drive-3200s\/\" \/>\n<meta property=\"og:locale\" content=\"sv_SE\" \/>\n<meta property=\"og:type\" content=\"article\" \/>\n<meta property=\"og:title\" content=\"Watching The Blue Skies Of Monte Gordo Birdwatching Holiday\" \/>\n<meta property=\"og:description\" content=\"A self-drive birdwtaching adventure in important wetlands areas of the Algarve, like the Ria Formosa. Includes a trip to observe the elusive Great Bustard.\" \/>\n<meta property=\"og:url\" content=\"https:\/\/legendatours.com\/sv\/produkt\/watching-the-blue-skies-of-monte-gordo-fly-drive-3200s\/\" \/>\n<meta property=\"og:site_name\" content=\"Legendary Adventure DMC Portugal\" \/>\n<meta property=\"article:publisher\" content=\"https:\/\/www.facebook.com\/legendaryadventuredmc\/\" \/>\n<meta property=\"article:modified_time\" content=\"2025-03-03T17:18:50+00:00\" \/>\n<meta property=\"og:image\" content=\"https:\/\/legendatours.com\/wp-content\/uploads\/sites\/12\/2021\/04\/Birdwatching-Ria-Formosa-marshes-e1611672346399.jpg\" \/>\n\t<meta property=\"og:image:width\" content=\"1024\" \/>\n\t<meta property=\"og:image:height\" content=\"683\" \/>\n\t<meta property=\"og:image:type\" content=\"image\/jpeg\" \/>\n<meta name=\"twitter:card\" content=\"summary_large_image\" \/>\n<meta name=\"twitter:label1\" content=\"Ber\u00e4knad l\u00e4stid\" \/>\n\t<meta name=\"twitter:data1\" content=\"3 minuter\" \/>\n<script type=\"application\/ld+json\" class=\"yoast-schema-graph\">{\"@context\":\"https:\\\/\\\/schema.org\",\"@graph\":[{\"@type\":\"WebPage\",\"@id\":\"https:\\\/\\\/legendatours.com\\\/product\\\/watching-the-blue-skies-of-monte-gordo-fly-drive-3200s\\\/\",\"url\":\"https:\\\/\\\/legendatours.com\\\/product\\\/watching-the-blue-skies-of-monte-gordo-fly-drive-3200s\\\/\",\"name\":\"Watching The Blue Skies Of Monte Gordo Birdwatching Holiday - Legendary Adventure DMC Portugal\",\"isPartOf\":{\"@id\":\"https:\\\/\\\/legendatours.com\\\/#website\"},\"primaryImageOfPage\":{\"@id\":\"https:\\\/\\\/legendatours.com\\\/product\\\/watching-the-blue-skies-of-monte-gordo-fly-drive-3200s\\\/#primaryimage\"},\"image\":{\"@id\":\"https:\\\/\\\/legendatours.com\\\/product\\\/watching-the-blue-skies-of-monte-gordo-fly-drive-3200s\\\/#primaryimage\"},\"thumbnailUrl\":\"https:\\\/\\\/legendatours.com\\\/wp-content\\\/uploads\\\/sites\\\/12\\\/2021\\\/04\\\/Birdwatching-Ria-Formosa-marshes-e1611672346399.jpg\",\"datePublished\":\"2020-03-06T15:02:14+00:00\",\"dateModified\":\"2025-03-03T17:18:50+00:00\",\"description\":\"A self-drive birdwtaching adventure in important wetlands areas of the Algarve, like the Ria Formosa. Includes a trip to observe the elusive Great Bustard.\",\"breadcrumb\":{\"@id\":\"https:\\\/\\\/legendatours.com\\\/product\\\/watching-the-blue-skies-of-monte-gordo-fly-drive-3200s\\\/#breadcrumb\"},\"inLanguage\":\"sv-SE\",\"potentialAction\":[{\"@type\":\"ReadAction\",\"target\":[\"https:\\\/\\\/legendatours.com\\\/product\\\/watching-the-blue-skies-of-monte-gordo-fly-drive-3200s\\\/\"]}]},{\"@type\":\"ImageObject\",\"inLanguage\":\"sv-SE\",\"@id\":\"https:\\\/\\\/legendatours.com\\\/product\\\/watching-the-blue-skies-of-monte-gordo-fly-drive-3200s\\\/#primaryimage\",\"url\":\"https:\\\/\\\/legendatours.com\\\/wp-content\\\/uploads\\\/sites\\\/12\\\/2021\\\/04\\\/Birdwatching-Ria-Formosa-marshes-e1611672346399.jpg\",\"contentUrl\":\"https:\\\/\\\/legendatours.com\\\/wp-content\\\/uploads\\\/sites\\\/12\\\/2021\\\/04\\\/Birdwatching-Ria-Formosa-marshes-e1611672346399.jpg\",\"width\":1024,\"height\":683,\"caption\":\"Birdwatching Ria Formosa marshes\"},{\"@type\":\"BreadcrumbList\",\"@id\":\"https:\\\/\\\/legendatours.com\\\/product\\\/watching-the-blue-skies-of-monte-gordo-fly-drive-3200s\\\/#breadcrumb\",\"itemListElement\":[{\"@type\":\"ListItem\",\"position\":1,\"name\":\"Home\",\"item\":\"https:\\\/\\\/legendatours.com\\\/\"},{\"@type\":\"ListItem\",\"position\":2,\"name\":\"Shop\",\"item\":\"https:\\\/\\\/legendatours.com\\\/sv\\\/?page_id=4\"},{\"@type\":\"ListItem\",\"position\":3,\"name\":\"Amongst these areas, the richness of bird observations is beyond any birder\u2019s life list\u00b4s dream and prepare your checklist to tick off the enigmatic Great Bustard, a Nemesis Bird for most birders! From Oystercatchers, Avocets, Dunlins, Little Stint and Black-winged Stilts, to Curlew Sandpiper, Red Knot or Ruff, our ponds and pools are shared by common species like Wigeon, Sholever, Pintail and Pochard or Greater Flamingo, Glossy\"}]},{\"@type\":\"WebSite\",\"@id\":\"https:\\\/\\\/legendatours.com\\\/#website\",\"url\":\"https:\\\/\\\/legendatours.com\\\/\",\"name\":\"Legendary Adventure DMC Portugal\",\"description\":\"Responsible Walking &amp; Nature Holidays in Portugal\",\"publisher\":{\"@id\":\"https:\\\/\\\/legendatours.com\\\/#organization\"},\"alternateName\":\"Legendary Adventure Portugal\",\"potentialAction\":[{\"@type\":\"SearchAction\",\"target\":{\"@type\":\"EntryPoint\",\"urlTemplate\":\"https:\\\/\\\/legendatours.com\\\/?s={search_term_string}\"},\"query-input\":{\"@type\":\"PropertyValueSpecification\",\"valueRequired\":true,\"valueName\":\"search_term_string\"}}],\"inLanguage\":\"sv-SE\"},{\"@type\":\"Organization\",\"@id\":\"https:\\\/\\\/legendatours.com\\\/#organization\",\"name\":\"legendatours.com\",\"url\":\"https:\\\/\\\/legendatours.com\\\/\",\"logo\":{\"@type\":\"ImageObject\",\"inLanguage\":\"sv-SE\",\"@id\":\"https:\\\/\\\/legendatours.com\\\/#\\\/schema\\\/logo\\\/image\\\/\",\"url\":\"https:\\\/\\\/legendatours.com\\\/wp-content\\\/uploads\\\/sites\\\/12\\\/2021\\\/06\\\/legendary_adventure_dmc.png\",\"contentUrl\":\"https:\\\/\\\/legendatours.com\\\/wp-content\\\/uploads\\\/sites\\\/12\\\/2021\\\/06\\\/legendary_adventure_dmc.png\",\"width\":250,\"height\":74,\"caption\":\"legendatours.com\"},\"image\":{\"@id\":\"https:\\\/\\\/legendatours.com\\\/#\\\/schema\\\/logo\\\/image\\\/\"},\"sameAs\":[\"https:\\\/\\\/www.facebook.com\\\/legendaryadventuredmc\\\/\",\"https:\\\/\\\/www.linkedin.com\\\/company\\\/legendary-adventure-dmc-portugal\",\"https:\\\/\\\/www.youtube.com\\\/channel\\\/UCOIRDx_KM6ynIcacQkZjb6g\"]}]}<\/script>\n<!-- \/ Yoast SEO Premium plugin. -->","yoast_head_json":{"title":"Titta p\u00e5 Monte Gordos bl\u00e5 himmel F\u00e5gelsk\u00e5dningssemester - Legendariskt \u00e4ventyr DMC Portugal","description":"Ett f\u00e5gelsk\u00e5dnings\u00e4ventyr med sj\u00e4lvk\u00f6rning i viktiga v\u00e5tmarksomr\u00e5den i Algarve, som Ria Formosa. Inkluderar en resa f\u00f6r att observera den sv\u00e5rf\u00e5ngade storsn\u00e4ppen.","robots":{"index":"index","follow":"follow","max-snippet":"max-snippet:-1","max-image-preview":"max-image-preview:large","max-video-preview":"max-video-preview:-1"},"canonical":"https:\/\/legendatours.com\/sv\/produkt\/watching-the-blue-skies-of-monte-gordo-fly-drive-3200s\/","og_locale":"sv_SE","og_type":"article","og_title":"Watching The Blue Skies Of Monte Gordo Birdwatching Holiday","og_description":"A self-drive birdwtaching adventure in important wetlands areas of the Algarve, like the Ria Formosa. Includes a trip to observe the elusive Great Bustard.","og_url":"https:\/\/legendatours.com\/sv\/produkt\/watching-the-blue-skies-of-monte-gordo-fly-drive-3200s\/","og_site_name":"Legendary Adventure DMC Portugal","article_publisher":"https:\/\/www.facebook.com\/legendaryadventuredmc\/","article_modified_time":"2025-03-03T17:18:50+00:00","og_image":[{"width":1024,"height":683,"url":"https:\/\/legendatours.com\/wp-content\/uploads\/sites\/12\/2021\/04\/Birdwatching-Ria-Formosa-marshes-e1611672346399.jpg","type":"image\/jpeg"}],"twitter_card":"summary_large_image","twitter_misc":{"Ber\u00e4knad l\u00e4stid":"3 minuter"},"schema":{"@context":"https:\/\/schema.org","@graph":[{"@type":"WebPage","@id":"https:\/\/legendatours.com\/product\/watching-the-blue-skies-of-monte-gordo-fly-drive-3200s\/","url":"https:\/\/legendatours.com\/product\/watching-the-blue-skies-of-monte-gordo-fly-drive-3200s\/","name":"Titta p\u00e5 Monte Gordos bl\u00e5 himmel F\u00e5gelsk\u00e5dningssemester - Legendariskt \u00e4ventyr DMC Portugal","isPartOf":{"@id":"https:\/\/legendatours.com\/#website"},"primaryImageOfPage":{"@id":"https:\/\/legendatours.com\/product\/watching-the-blue-skies-of-monte-gordo-fly-drive-3200s\/#primaryimage"},"image":{"@id":"https:\/\/legendatours.com\/product\/watching-the-blue-skies-of-monte-gordo-fly-drive-3200s\/#primaryimage"},"thumbnailUrl":"https:\/\/legendatours.com\/wp-content\/uploads\/sites\/12\/2021\/04\/Birdwatching-Ria-Formosa-marshes-e1611672346399.jpg","datePublished":"2020-03-06T15:02:14+00:00","dateModified":"2025-03-03T17:18:50+00:00","description":"Ett f\u00e5gelsk\u00e5dnings\u00e4ventyr med sj\u00e4lvk\u00f6rning i viktiga v\u00e5tmarksomr\u00e5den i Algarve, som Ria Formosa. Inkluderar en resa f\u00f6r att observera den sv\u00e5rf\u00e5ngade storsn\u00e4ppen.","breadcrumb":{"@id":"https:\/\/legendatours.com\/product\/watching-the-blue-skies-of-monte-gordo-fly-drive-3200s\/#breadcrumb"},"inLanguage":"sv-SE","potentialAction":[{"@type":"ReadAction","target":["https:\/\/legendatours.com\/product\/watching-the-blue-skies-of-monte-gordo-fly-drive-3200s\/"]}]},{"@type":"ImageObject","inLanguage":"sv-SE","@id":"https:\/\/legendatours.com\/product\/watching-the-blue-skies-of-monte-gordo-fly-drive-3200s\/#primaryimage","url":"https:\/\/legendatours.com\/wp-content\/uploads\/sites\/12\/2021\/04\/Birdwatching-Ria-Formosa-marshes-e1611672346399.jpg","contentUrl":"https:\/\/legendatours.com\/wp-content\/uploads\/sites\/12\/2021\/04\/Birdwatching-Ria-Formosa-marshes-e1611672346399.jpg","width":1024,"height":683,"caption":"Birdwatching Ria Formosa marshes"},{"@type":"BreadcrumbList","@id":"https:\/\/legendatours.com\/product\/watching-the-blue-skies-of-monte-gordo-fly-drive-3200s\/#breadcrumb","itemListElement":[{"@type":"ListItem","position":1,"name":"Home","item":"https:\/\/legendatours.com\/"},{"@type":"ListItem","position":2,"name":"Shop","item":"https:\/\/legendatours.com\/sv\/?page_id=4"},{"@type":"ListItem","position":3,"name":"Amongst these areas, the richness of bird observations is beyond any birder\u2019s life list\u00b4s dream and prepare your checklist to tick off the enigmatic Great Bustard, a Nemesis Bird for most birders! From Oystercatchers, Avocets, Dunlins, Little Stint and Black-winged Stilts, to Curlew Sandpiper, Red Knot or Ruff, our ponds and pools are shared by common species like Wigeon, Sholever, Pintail and Pochard or Greater Flamingo, Glossy"}]},{"@type":"WebSite","@id":"https:\/\/legendatours.com\/#website","url":"https:\/\/legendatours.com\/","name":"Legendariskt \u00e4ventyr DMC Portugal","description":"Ansvarsfulla vandringar och natursemester i Portugal","publisher":{"@id":"https:\/\/legendatours.com\/#organization"},"alternateName":"Legendary Adventure Portugal","potentialAction":[{"@type":"SearchAction","target":{"@type":"EntryPoint","urlTemplate":"https:\/\/legendatours.com\/?s={search_term_string}"},"query-input":{"@type":"PropertyValueSpecification","valueRequired":true,"valueName":"search_term_string"}}],"inLanguage":"sv-SE"},{"@type":"Organization","@id":"https:\/\/legendatours.com\/#organization","name":"legendatours.com","url":"https:\/\/legendatours.com\/","logo":{"@type":"ImageObject","inLanguage":"sv-SE","@id":"https:\/\/legendatours.com\/#\/schema\/logo\/image\/","url":"https:\/\/legendatours.com\/wp-content\/uploads\/sites\/12\/2021\/06\/legendary_adventure_dmc.png","contentUrl":"https:\/\/legendatours.com\/wp-content\/uploads\/sites\/12\/2021\/06\/legendary_adventure_dmc.png","width":250,"height":74,"caption":"legendatours.com"},"image":{"@id":"https:\/\/legendatours.com\/#\/schema\/logo\/image\/"},"sameAs":["https:\/\/www.facebook.com\/legendaryadventuredmc\/","https:\/\/www.linkedin.com\/company\/legendary-adventure-dmc-portugal","https:\/\/www.youtube.com\/channel\/UCOIRDx_KM6ynIcacQkZjb6g"]}]}},"_links":{"self":[{"href":"https:\/\/legendatours.com\/sv\/wp-json\/wp\/v2\/product\/8368","targetHints":{"allow":["GET"]}}],"collection":[{"href":"https:\/\/legendatours.com\/sv\/wp-json\/wp\/v2\/product"}],"about":[{"href":"https:\/\/legendatours.com\/sv\/wp-json\/wp\/v2\/types\/product"}],"replies":[{"embeddable":true,"href":"https:\/\/legendatours.com\/sv\/wp-json\/wp\/v2\/comments?post=8368"}],"wp:featuredmedia":[{"embeddable":true,"href":"https:\/\/legendatours.com\/sv\/wp-json\/wp\/v2\/media\/7679"}],"wp:attachment":[{"href":"https:\/\/legendatours.com\/sv\/wp-json\/wp\/v2\/media?parent=8368"}],"wp:term":[{"taxonomy":"product_brand","embeddable":true,"href":"https:\/\/legendatours.com\/sv\/wp-json\/wp\/v2\/product_brand?post=8368"},{"taxonomy":"product_cat","embeddable":true,"href":"https:\/\/legendatours.com\/sv\/wp-json\/wp\/v2\/product_cat?post=8368"},{"taxonomy":"product_tag","embeddable":true,"href":"https:\/\/legendatours.com\/sv\/wp-json\/wp\/v2\/product_tag?post=8368"}],"curies":[{"name":"wp","href":"https:\/\/api.w.org\/{rel}","templated":true}]}}