{"id":8374,"date":"2020-03-06T15:01:29","date_gmt":"2020-03-06T15:01:29","guid":{"rendered":"https:\/\/legendatours.com\/product\/birdwatching-and-wildlife-holidays-in-the-ria-formosa\/"},"modified":"2025-03-03T17:18:40","modified_gmt":"2025-03-03T17:18:40","slug":"birdwatching-and-wildlife-tour-in-the-ria-formosa-fly-drive-3100s","status":"publish","type":"product","link":"https:\/\/legendatours.com\/sv\/produkt\/birdwatching-and-wildlife-tour-in-the-ria-formosa-fly-drive-3100s\/","title":{"rendered":"F\u00e5gelsk\u00e5dning och viltresor i Ria Formosa"},"content":{"rendered":"<p>F\u00e5gelsk\u00e5dnings- och djurlivstur i Ria Formosa \u00e4r en sj\u00e4lvk\u00f6rande f\u00e5gelsk\u00e5dningstur designad av angel\u00e4gna lokala f\u00e5gelsk\u00e5dare.<\/p>\n<p>Med r\u00e4tta ber\u00f6md f\u00f6r sina gyllene str\u00e4nder, golfbanor och underbara klimat \u00e5ret runt, \u00e4r Algarve ocks\u00e5 en hemlig destination f\u00f6r fantastisk f\u00e5gelsk\u00e5dning. N\u00e4r som helst p\u00e5 \u00e5ret finns det n\u00e5got intressant att se!<\/p>\n<div id=\"attachment_1692\" style=\"width: 1034px\" class=\"wp-caption alignnone\"><img loading=\"lazy\" decoding=\"async\" aria-describedby=\"caption-attachment-1692\" class=\"wp-image-1692 size-large\" title=\"F\u00e5gelsk\u00e5dning Algarve Black-headed Weaver\" src=\"https:\/\/legendatours.net\/wp-content\/uploads\/2020\/05\/Birdwatching-Algarve-Black-headed-Weaver-1024x683.jpg\" alt=\"Birdwatching Algarve Black-headed Weaver\" width=\"1024\" height=\"683\" \/><p id=\"caption-attachment-1692\" class=\"wp-caption-text\">F\u00e5gelsk\u00e5dning Algarve Black-headed Weaver \u2013 Foto Peter Dedicoat<\/p><\/div>\n<p>Oavsett om du \u00e4r en erfaren f\u00e5gelsk\u00e5dare eller nyb\u00f6rjare \u00e4r f\u00e5gelsk\u00e5dning alltid ett n\u00f6je. De \u00e4r s\u00e5 fascinerande varelser, och det finns alltid n\u00e5got nytt att uppt\u00e4cka eller att le \u00e5t! Denna turn\u00e9 \u00e4r designad f\u00f6r att vara njutbar, oavsett din niv\u00e5 av f\u00e5gelsk\u00e5dningsf\u00f6rm\u00e5ga och expertis.<\/p>\n<p>Centrerat i Ria Formosa Natural Park, ett komplex av saltvattenlaguner och barri\u00e4r\u00f6ar, med lera, sandbankar, dynsystem och saltmarker, str\u00e4cker sig turen till ett annat v\u00e5tmarksomr\u00e5de, i naturreservatet Castro Marim.<\/p>\n<p>Ria \u00e4r ett s\u00e4rskilt skyddsomr\u00e5de enligt Ramsarkonventionen, som \u00e4r av stor betydelse f\u00f6r m\u00e5nga arter av h\u00e4ckande, \u00f6vervintrande och rastst\u00e4llande vattenf\u00e5glar.<\/p>\n<div id=\"attachment_1694\" style=\"width: 1034px\" class=\"wp-caption alignnone\"><img loading=\"lazy\" decoding=\"async\" aria-describedby=\"caption-attachment-1694\" class=\"wp-image-1694 size-large\" title=\"F\u00e5gelsk\u00e5dning Algarve Collared Pratincole\" src=\"https:\/\/legendatours.net\/wp-content\/uploads\/2020\/05\/Birdwatching-Algarve-Collared-Pratincole-1024x683.jpg\" alt=\"Birdwatching Algarve Collared Pratincole\" width=\"1024\" height=\"683\" \/><p id=\"caption-attachment-1694\" class=\"wp-caption-text\"><a href=\"..\/..\/?s=Collared+Pratincole\" target=\"_blank\" rel=\"noopener noreferrer\">F\u00e5gelsk\u00e5dning Algarve Collared Pratincole<\/a> \u2013 Foto Peter Dedicoat<\/p><\/div>\n<p>Det \u00e4r en plats av h\u00e4pnadsv\u00e4ckande sk\u00f6nhet och naturligt intresse, d\u00e4r det inte \u00e4r ovanligt att uppt\u00e4cka 40 eller fler f\u00e5gelarter p\u00e5 bara n\u00e5gra timmar. Vid r\u00e4tt tid p\u00e5 \u00e5ret f\u00e5r du se hundratals av dem! V\u00e5ra lokala f\u00e5gelsk\u00e5dare vet var de h\u00e4ckar och matar, vilket ger dig v\u00e4rdefulla tips f\u00f6r att g\u00f6ra det b\u00e4sta av din f\u00e5gelsk\u00e5dningssemester.<\/p>\n<p>Mellan \u00e5retruntboende och \u00f6vervintrande arter kan vi hitta svartstj\u00e4rtsn\u00e4va, r\u00f6dpipare, sm\u00e5sn\u00e4ppa, sm\u00e5bitter, lila tr\u00e4skh\u00f6na, lila h\u00e4ger, r\u00f6dhake, halsband, r\u00f6dpipare, europeisk bi\u00e4tare, R\u00f6dhalsad nattsk\u00e4rra, skogstjavla, s\u00f6dra gr\u00e5h\u00f6k, liten t\u00e4rna och k\u00e4rrh\u00f6k. Booted Eagles \u00e4r en vanlig syn under vintern.<\/p>\n<div id=\"attachment_1698\" style=\"width: 1034px\" class=\"wp-caption alignnone\"><img loading=\"lazy\" decoding=\"async\" aria-describedby=\"caption-attachment-1698\" class=\"wp-image-1698 size-large\" title=\"F\u00e5gelsk\u00e5dning Algarve Ria Formosa Greater Flamingo\" src=\"https:\/\/legendatours.net\/wp-content\/uploads\/2020\/05\/Birdwatching-Algarve-Ria-Formosa-Greater-Flamingo-1024x683.jpg\" alt=\"Birdwatching Algarve Ria Formosa Greater Flamingo\" width=\"1024\" height=\"683\" \/><p id=\"caption-attachment-1698\" class=\"wp-caption-text\">F\u00e5gelsk\u00e5dning Algarve Ria Formosa Greater Flamingo \u2013 Foto Peter Dedicoat<\/p><\/div>\n<p>I det st\u00f6rsta omr\u00e5det av vassvallar i Algarve kan du se j\u00e4rn\u00e4nder, lila h\u00e4grar, svartvingade drakar, pendulmesar och svarth\u00e5riga v\u00e4vare n\u00e4r det \u00e4r s\u00e4song.<\/p>\n<p>Denna sj\u00e4lvguidade tur inkluderar enkla och l\u00e4ttanv\u00e4nda ruttnoteringar, och du kan b\u00e4ra den i din egen takt och vilja. Varje resplan har kartor, beskrivningar och tips om de mest intressanta arterna som finns, med v\u00e4rdefulla tips.<\/p>\n<p>Vi ser till att du f\u00e5r en of\u00f6rgl\u00f6mlig upplevelse: sl\u00f6sa inte tid p\u00e5 att leta efter st\u00e4llen att bo p\u00e5, ordna transporter eller utforska de b\u00e4sta f\u00e5gelsk\u00e5dningsplatserna!<\/p>\n<p>V\u00e5r turn\u00e9 \u00e4r komplett, inneh\u00e5ller alla tj\u00e4nster du beh\u00f6ver, och framf\u00f6r allt \u00e4r den perfekt genomt\u00e4nkt och organiserad!<\/p>\n<div class=\"row\">\n<div class=\"column\" style=\"flex: 45%\">\n<p><iframe loading=\"lazy\" title=\"F\u00e5glar i s\u00f6dra Portugal\" width=\"1080\" height=\"608\" src=\"https:\/\/www.youtube.com\/embed\/q4ezd_AIbYM?feature=oembed\" frameborder=\"0\" allow=\"accelerometer; autoplay; clipboard-write; encrypted-media; gyroscope; picture-in-picture\" allowfullscreen><\/iframe><\/p>\n<\/div>\n<div class=\"column\" style=\"flex: 10%\"><\/div>\n<div class=\"column\" style=\"flex: 45%\">\n<p><iframe loading=\"lazy\" title=\"Castro Marim\" width=\"1080\" height=\"608\" src=\"https:\/\/www.youtube.com\/embed\/sbJjXvbNWho?list=PL_6Umd8jb1qvBUfpmdNirAfZNGPDknjjw\" frameborder=\"0\" allow=\"accelerometer; autoplay; clipboard-write; encrypted-media; gyroscope; picture-in-picture\" allowfullscreen><\/iframe><\/p>\n<\/div>\n<\/div>","protected":false},"excerpt":{"rendered":"<p>F\u00e5gelsk\u00e5dnings- och djurlivstur i Ria Formosa \u00e4r en sj\u00e4lvk\u00f6rande f\u00e5gelsk\u00e5dningstur designad av angel\u00e4gna lokala f\u00e5gelsk\u00e5dare. Med r\u00e4tta k\u00e4nd f\u00f6r sina gyllene str\u00e4nder, golfbanor och underbara klimat \u00e5ret runt, \u00e4r Algarve ocks\u00e5 en hemlig destination f\u00f6r fantastisk f\u00e5gelsk\u00e5dning. N\u00e4r som helst p\u00e5 \u00e5ret finns det n\u00e5got intressant att se!<\/p>","protected":false},"featured_media":8365,"comment_status":"closed","ping_status":"closed","template":"","meta":{"_acf_changed":false,"inline_featured_image":false},"product_brand":[],"product_cat":[327,778,301],"product_tag":[147,306,424,425,428,429,430,432,433,436,437,438,439,440,441,442,779,160,313,443,444,445,446,447,449,162,450,60,451,452,453,454,455,462,168,169,456,319,328,780,777,781,322,457,173,465,324,68,177,325,326,458,459],"class_list":{"0":"post-8374","1":"product","2":"type-product","3":"status-publish","4":"has-post-thumbnail","6":"product_cat-self-drive-holidays-portugal","7":"product_cat-portugal-self-guided-birdwatching-holidays","8":"product_cat-self-guided-tours-portugal","9":"product_tag-algarve","10":"product_tag-alleine-reisen","11":"product_tag-best-birding-spots","12":"product_tag-best-of-the-algarvian-bird-life","13":"product_tag-bird-watching","14":"product_tag-birding","15":"product_tag-birding-algarve","16":"product_tag-birdwatchers-paradise","17":"product_tag-birdwatching","18":"product_tag-black-tailed-godwits","19":"product_tag-black-winged-kite","20":"product_tag-blackheaded-weaver","21":"product_tag-booted-eagles","22":"product_tag-collared-pratincole","23":"product_tag-european-bee-eater","24":"product_tag-ferruginous-duck","25":"product_tag-fly-drive","26":"product_tag-holidays","27":"product_tag-individuelle-touren","28":"product_tag-kentish-plover","29":"product_tag-little-bittern","30":"product_tag-little-stints","31":"product_tag-little-tern","32":"product_tag-marsh-harriers","33":"product_tag-nature-observation","34":"product_tag-nature-walks","35":"product_tag-penduline-tits","36":"product_tag-portugal","37":"product_tag-purple-heron","38":"product_tag-purple-swamp-hen","39":"product_tag-ramsar","40":"product_tag-red-crested-pochard","41":"product_tag-red-necked-nightjar","42":"product_tag-resident-and-migrant-birds","43":"product_tag-ria-formosa","44":"product_tag-ria-formosa-natural-park","45":"product_tag-ringed-plovers","46":"product_tag-sejour-en-liberte","47":"product_tag-self-guided","48":"product_tag-self-guided-birdwatching","49":"product_tag-self-guided-holidays","50":"product_tag-self-guided-tours","51":"product_tag-solo-reisen","52":"product_tag-southern-grey-shrikes","53":"product_tag-sunny-winters","54":"product_tag-top-class-birding","55":"product_tag-tours-autoguidees","56":"product_tag-tours-in-portugal","57":"product_tag-vacations","58":"product_tag-voyage-en-liberte","59":"product_tag-voyages-en-autonomie","60":"product_tag-wintering-birds","61":"product_tag-woodchat","63":"first","64":"instock","65":"virtual","66":"product-type-simple"},"acf":[],"yoast_head":"<!-- This site is optimized with the Yoast SEO Premium plugin v26.8 (Yoast SEO v27.4) - https:\/\/yoast.com\/product\/yoast-seo-premium-wordpress\/ -->\n<title>Birdwatching and Wildlife Holidays in the Ria Formosa - Legendary Adventure DMC Portugal<\/title>\n<meta name=\"description\" content=\"An enjoyable Birdwatching Tour, no matter your level of birding ability and expertise. Focus on the Ria Formosa Park and in the Castro Marim Nature Reserve.\" \/>\n<meta name=\"robots\" content=\"index, follow, max-snippet:-1, max-image-preview:large, max-video-preview:-1\" \/>\n<link rel=\"canonical\" href=\"https:\/\/legendatours.com\/sv\/produkt\/birdwatching-and-wildlife-tour-in-the-ria-formosa-fly-drive-3100s\/\" \/>\n<meta property=\"og:locale\" content=\"sv_SE\" \/>\n<meta property=\"og:type\" content=\"article\" \/>\n<meta property=\"og:title\" content=\"Birdwatching and Wildlife Holidays in the Ria Formosa\" \/>\n<meta property=\"og:description\" content=\"An enjoyable Birdwatching Tour, no matter your level of birding ability and expertise. Focus on the Ria Formosa Park and in the Castro Marim Nature Reserve.\" \/>\n<meta property=\"og:url\" content=\"https:\/\/legendatours.com\/sv\/produkt\/birdwatching-and-wildlife-tour-in-the-ria-formosa-fly-drive-3100s\/\" \/>\n<meta property=\"og:site_name\" content=\"Legendary Adventure DMC Portugal\" \/>\n<meta property=\"article:publisher\" content=\"https:\/\/www.facebook.com\/legendaryadventuredmc\/\" \/>\n<meta property=\"article:modified_time\" content=\"2025-03-03T17:18:40+00:00\" \/>\n<meta property=\"og:image\" content=\"https:\/\/legendatours.com\/wp-content\/uploads\/sites\/12\/2021\/04\/Birdwatching-Ria-Formosa-e1611672355742.jpg\" \/>\n\t<meta property=\"og:image:width\" content=\"1024\" \/>\n\t<meta property=\"og:image:height\" content=\"683\" \/>\n\t<meta property=\"og:image:type\" content=\"image\/jpeg\" \/>\n<meta name=\"twitter:card\" content=\"summary_large_image\" \/>\n<meta name=\"twitter:label1\" content=\"Ber\u00e4knad l\u00e4stid\" \/>\n\t<meta name=\"twitter:data1\" content=\"2 minuter\" \/>\n<script type=\"application\/ld+json\" class=\"yoast-schema-graph\">{\"@context\":\"https:\\\/\\\/schema.org\",\"@graph\":[{\"@type\":\"WebPage\",\"@id\":\"https:\\\/\\\/legendatours.com\\\/product\\\/birdwatching-and-wildlife-tour-in-the-ria-formosa-fly-drive-3100s\\\/\",\"url\":\"https:\\\/\\\/legendatours.com\\\/product\\\/birdwatching-and-wildlife-tour-in-the-ria-formosa-fly-drive-3100s\\\/\",\"name\":\"Birdwatching and Wildlife Holidays in the Ria Formosa - Legendary Adventure DMC Portugal\",\"isPartOf\":{\"@id\":\"https:\\\/\\\/legendatours.com\\\/#website\"},\"primaryImageOfPage\":{\"@id\":\"https:\\\/\\\/legendatours.com\\\/product\\\/birdwatching-and-wildlife-tour-in-the-ria-formosa-fly-drive-3100s\\\/#primaryimage\"},\"image\":{\"@id\":\"https:\\\/\\\/legendatours.com\\\/product\\\/birdwatching-and-wildlife-tour-in-the-ria-formosa-fly-drive-3100s\\\/#primaryimage\"},\"thumbnailUrl\":\"https:\\\/\\\/legendatours.com\\\/wp-content\\\/uploads\\\/sites\\\/12\\\/2021\\\/04\\\/Birdwatching-Ria-Formosa-e1611672355742.jpg\",\"datePublished\":\"2020-03-06T15:01:29+00:00\",\"dateModified\":\"2025-03-03T17:18:40+00:00\",\"description\":\"An enjoyable Birdwatching Tour, no matter your level of birding ability and expertise. Focus on the Ria Formosa Park and in the Castro Marim Nature Reserve.\",\"breadcrumb\":{\"@id\":\"https:\\\/\\\/legendatours.com\\\/product\\\/birdwatching-and-wildlife-tour-in-the-ria-formosa-fly-drive-3100s\\\/#breadcrumb\"},\"inLanguage\":\"sv-SE\",\"potentialAction\":[{\"@type\":\"ReadAction\",\"target\":[\"https:\\\/\\\/legendatours.com\\\/product\\\/birdwatching-and-wildlife-tour-in-the-ria-formosa-fly-drive-3100s\\\/\"]}]},{\"@type\":\"ImageObject\",\"inLanguage\":\"sv-SE\",\"@id\":\"https:\\\/\\\/legendatours.com\\\/product\\\/birdwatching-and-wildlife-tour-in-the-ria-formosa-fly-drive-3100s\\\/#primaryimage\",\"url\":\"https:\\\/\\\/legendatours.com\\\/wp-content\\\/uploads\\\/sites\\\/12\\\/2021\\\/04\\\/Birdwatching-Ria-Formosa-e1611672355742.jpg\",\"contentUrl\":\"https:\\\/\\\/legendatours.com\\\/wp-content\\\/uploads\\\/sites\\\/12\\\/2021\\\/04\\\/Birdwatching-Ria-Formosa-e1611672355742.jpg\",\"width\":1024,\"height\":683,\"caption\":\"Birdwatching Ria Formosa\"},{\"@type\":\"BreadcrumbList\",\"@id\":\"https:\\\/\\\/legendatours.com\\\/product\\\/birdwatching-and-wildlife-tour-in-the-ria-formosa-fly-drive-3100s\\\/#breadcrumb\",\"itemListElement\":[{\"@type\":\"ListItem\",\"position\":1,\"name\":\"Home\",\"item\":\"https:\\\/\\\/legendatours.com\\\/\"},{\"@type\":\"ListItem\",\"position\":2,\"name\":\"Shop\",\"item\":\"https:\\\/\\\/legendatours.com\\\/sv\\\/?page_id=4\"},{\"@type\":\"ListItem\",\"position\":3,\"name\":\"Birdwatching and Wildlife Tour in the Ria Formosa is a Self-Guided Tour with Car designed by keen local birders. Rightly famed for its golden beaches, golf courses, and wonderful year-round climate, the Algarve is also a secret destination for great birding. At almost any time of the year, there is something of interest to see!\"}]},{\"@type\":\"WebSite\",\"@id\":\"https:\\\/\\\/legendatours.com\\\/#website\",\"url\":\"https:\\\/\\\/legendatours.com\\\/\",\"name\":\"Legendary Adventure DMC Portugal\",\"description\":\"Responsible Walking &amp; Nature Holidays in Portugal\",\"publisher\":{\"@id\":\"https:\\\/\\\/legendatours.com\\\/#organization\"},\"alternateName\":\"Legendary Adventure Portugal\",\"potentialAction\":[{\"@type\":\"SearchAction\",\"target\":{\"@type\":\"EntryPoint\",\"urlTemplate\":\"https:\\\/\\\/legendatours.com\\\/?s={search_term_string}\"},\"query-input\":{\"@type\":\"PropertyValueSpecification\",\"valueRequired\":true,\"valueName\":\"search_term_string\"}}],\"inLanguage\":\"sv-SE\"},{\"@type\":\"Organization\",\"@id\":\"https:\\\/\\\/legendatours.com\\\/#organization\",\"name\":\"legendatours.com\",\"url\":\"https:\\\/\\\/legendatours.com\\\/\",\"logo\":{\"@type\":\"ImageObject\",\"inLanguage\":\"sv-SE\",\"@id\":\"https:\\\/\\\/legendatours.com\\\/#\\\/schema\\\/logo\\\/image\\\/\",\"url\":\"https:\\\/\\\/legendatours.com\\\/wp-content\\\/uploads\\\/sites\\\/12\\\/2021\\\/06\\\/legendary_adventure_dmc.png\",\"contentUrl\":\"https:\\\/\\\/legendatours.com\\\/wp-content\\\/uploads\\\/sites\\\/12\\\/2021\\\/06\\\/legendary_adventure_dmc.png\",\"width\":250,\"height\":74,\"caption\":\"legendatours.com\"},\"image\":{\"@id\":\"https:\\\/\\\/legendatours.com\\\/#\\\/schema\\\/logo\\\/image\\\/\"},\"sameAs\":[\"https:\\\/\\\/www.facebook.com\\\/legendaryadventuredmc\\\/\",\"https:\\\/\\\/www.linkedin.com\\\/company\\\/legendary-adventure-dmc-portugal\",\"https:\\\/\\\/www.youtube.com\\\/channel\\\/UCOIRDx_KM6ynIcacQkZjb6g\"]}]}<\/script>\n<!-- \/ Yoast SEO Premium plugin. -->","yoast_head_json":{"title":"F\u00e5gelsk\u00e5dning och djurlivssemester i Ria Formosa - Legendariskt \u00e4ventyr DMC Portugal","description":"En trevlig f\u00e5gelsk\u00e5dningstur, oavsett din niv\u00e5 av f\u00e5gelsk\u00e5dningsf\u00f6rm\u00e5ga och expertis. Fokusera p\u00e5 Ria Formosa-parken och i naturreservatet Castro Marim.","robots":{"index":"index","follow":"follow","max-snippet":"max-snippet:-1","max-image-preview":"max-image-preview:large","max-video-preview":"max-video-preview:-1"},"canonical":"https:\/\/legendatours.com\/sv\/produkt\/birdwatching-and-wildlife-tour-in-the-ria-formosa-fly-drive-3100s\/","og_locale":"sv_SE","og_type":"article","og_title":"Birdwatching and Wildlife Holidays in the Ria Formosa","og_description":"An enjoyable Birdwatching Tour, no matter your level of birding ability and expertise. Focus on the Ria Formosa Park and in the Castro Marim Nature Reserve.","og_url":"https:\/\/legendatours.com\/sv\/produkt\/birdwatching-and-wildlife-tour-in-the-ria-formosa-fly-drive-3100s\/","og_site_name":"Legendary Adventure DMC Portugal","article_publisher":"https:\/\/www.facebook.com\/legendaryadventuredmc\/","article_modified_time":"2025-03-03T17:18:40+00:00","og_image":[{"width":1024,"height":683,"url":"https:\/\/legendatours.com\/wp-content\/uploads\/sites\/12\/2021\/04\/Birdwatching-Ria-Formosa-e1611672355742.jpg","type":"image\/jpeg"}],"twitter_card":"summary_large_image","twitter_misc":{"Ber\u00e4knad l\u00e4stid":"2 minuter"},"schema":{"@context":"https:\/\/schema.org","@graph":[{"@type":"WebPage","@id":"https:\/\/legendatours.com\/product\/birdwatching-and-wildlife-tour-in-the-ria-formosa-fly-drive-3100s\/","url":"https:\/\/legendatours.com\/product\/birdwatching-and-wildlife-tour-in-the-ria-formosa-fly-drive-3100s\/","name":"F\u00e5gelsk\u00e5dning och djurlivssemester i Ria Formosa - Legendariskt \u00e4ventyr DMC Portugal","isPartOf":{"@id":"https:\/\/legendatours.com\/#website"},"primaryImageOfPage":{"@id":"https:\/\/legendatours.com\/product\/birdwatching-and-wildlife-tour-in-the-ria-formosa-fly-drive-3100s\/#primaryimage"},"image":{"@id":"https:\/\/legendatours.com\/product\/birdwatching-and-wildlife-tour-in-the-ria-formosa-fly-drive-3100s\/#primaryimage"},"thumbnailUrl":"https:\/\/legendatours.com\/wp-content\/uploads\/sites\/12\/2021\/04\/Birdwatching-Ria-Formosa-e1611672355742.jpg","datePublished":"2020-03-06T15:01:29+00:00","dateModified":"2025-03-03T17:18:40+00:00","description":"En trevlig f\u00e5gelsk\u00e5dningstur, oavsett din niv\u00e5 av f\u00e5gelsk\u00e5dningsf\u00f6rm\u00e5ga och expertis. Fokusera p\u00e5 Ria Formosa-parken och i naturreservatet Castro Marim.","breadcrumb":{"@id":"https:\/\/legendatours.com\/product\/birdwatching-and-wildlife-tour-in-the-ria-formosa-fly-drive-3100s\/#breadcrumb"},"inLanguage":"sv-SE","potentialAction":[{"@type":"ReadAction","target":["https:\/\/legendatours.com\/product\/birdwatching-and-wildlife-tour-in-the-ria-formosa-fly-drive-3100s\/"]}]},{"@type":"ImageObject","inLanguage":"sv-SE","@id":"https:\/\/legendatours.com\/product\/birdwatching-and-wildlife-tour-in-the-ria-formosa-fly-drive-3100s\/#primaryimage","url":"https:\/\/legendatours.com\/wp-content\/uploads\/sites\/12\/2021\/04\/Birdwatching-Ria-Formosa-e1611672355742.jpg","contentUrl":"https:\/\/legendatours.com\/wp-content\/uploads\/sites\/12\/2021\/04\/Birdwatching-Ria-Formosa-e1611672355742.jpg","width":1024,"height":683,"caption":"Birdwatching Ria Formosa"},{"@type":"BreadcrumbList","@id":"https:\/\/legendatours.com\/product\/birdwatching-and-wildlife-tour-in-the-ria-formosa-fly-drive-3100s\/#breadcrumb","itemListElement":[{"@type":"ListItem","position":1,"name":"Home","item":"https:\/\/legendatours.com\/"},{"@type":"ListItem","position":2,"name":"Shop","item":"https:\/\/legendatours.com\/sv\/?page_id=4"},{"@type":"ListItem","position":3,"name":"Birdwatching and Wildlife Tour in the Ria Formosa is a Self-Guided Tour with Car designed by keen local birders. Rightly famed for its golden beaches, golf courses, and wonderful year-round climate, the Algarve is also a secret destination for great birding. At almost any time of the year, there is something of interest to see!"}]},{"@type":"WebSite","@id":"https:\/\/legendatours.com\/#website","url":"https:\/\/legendatours.com\/","name":"Legendariskt \u00e4ventyr DMC Portugal","description":"Ansvarsfulla vandringar och natursemester i Portugal","publisher":{"@id":"https:\/\/legendatours.com\/#organization"},"alternateName":"Legendary Adventure Portugal","potentialAction":[{"@type":"SearchAction","target":{"@type":"EntryPoint","urlTemplate":"https:\/\/legendatours.com\/?s={search_term_string}"},"query-input":{"@type":"PropertyValueSpecification","valueRequired":true,"valueName":"search_term_string"}}],"inLanguage":"sv-SE"},{"@type":"Organization","@id":"https:\/\/legendatours.com\/#organization","name":"legendatours.com","url":"https:\/\/legendatours.com\/","logo":{"@type":"ImageObject","inLanguage":"sv-SE","@id":"https:\/\/legendatours.com\/#\/schema\/logo\/image\/","url":"https:\/\/legendatours.com\/wp-content\/uploads\/sites\/12\/2021\/06\/legendary_adventure_dmc.png","contentUrl":"https:\/\/legendatours.com\/wp-content\/uploads\/sites\/12\/2021\/06\/legendary_adventure_dmc.png","width":250,"height":74,"caption":"legendatours.com"},"image":{"@id":"https:\/\/legendatours.com\/#\/schema\/logo\/image\/"},"sameAs":["https:\/\/www.facebook.com\/legendaryadventuredmc\/","https:\/\/www.linkedin.com\/company\/legendary-adventure-dmc-portugal","https:\/\/www.youtube.com\/channel\/UCOIRDx_KM6ynIcacQkZjb6g"]}]}},"_links":{"self":[{"href":"https:\/\/legendatours.com\/sv\/wp-json\/wp\/v2\/product\/8374","targetHints":{"allow":["GET"]}}],"collection":[{"href":"https:\/\/legendatours.com\/sv\/wp-json\/wp\/v2\/product"}],"about":[{"href":"https:\/\/legendatours.com\/sv\/wp-json\/wp\/v2\/types\/product"}],"replies":[{"embeddable":true,"href":"https:\/\/legendatours.com\/sv\/wp-json\/wp\/v2\/comments?post=8374"}],"wp:featuredmedia":[{"embeddable":true,"href":"https:\/\/legendatours.com\/sv\/wp-json\/wp\/v2\/media\/8365"}],"wp:attachment":[{"href":"https:\/\/legendatours.com\/sv\/wp-json\/wp\/v2\/media?parent=8374"}],"wp:term":[{"taxonomy":"product_brand","embeddable":true,"href":"https:\/\/legendatours.com\/sv\/wp-json\/wp\/v2\/product_brand?post=8374"},{"taxonomy":"product_cat","embeddable":true,"href":"https:\/\/legendatours.com\/sv\/wp-json\/wp\/v2\/product_cat?post=8374"},{"taxonomy":"product_tag","embeddable":true,"href":"https:\/\/legendatours.com\/sv\/wp-json\/wp\/v2\/product_tag?post=8374"}],"curies":[{"name":"wp","href":"https:\/\/api.w.org\/{rel}","templated":true}]}}