{"id":8379,"date":"2020-03-06T14:28:07","date_gmt":"2020-03-06T14:28:07","guid":{"rendered":"https:\/\/legendatours.com\/product\/the-ultimate-coastal-algarve-walk\/"},"modified":"2022-01-02T22:41:50","modified_gmt":"2022-01-02T22:41:50","slug":"ultimate-coastal-algarve-walk-1800s","status":"publish","type":"product","link":"https:\/\/legendatours.com\/sv\/produkt\/ultimate-coastal-algarve-walk-1800s\/","title":{"rendered":"The Ultimate Coastal Algarve Walk"},"content":{"rendered":"<p>The Ultimate Coastal Algarve Walk: Fr\u00e5n \u00f6st till v\u00e4st genom att korsa fantastiska landskap \u00e4r en sj\u00e4lvguidad vandringstur i n\u00e5gra av Algarves mest spektakul\u00e4ra kustscenarier. Du kommer att se att det fortfarande finns platser med fler flamingos \u00e4n turister, och d\u00e4r m\u00e5nghundra\u00e5riga traditioner \u00e4r en del av det dagliga livet. Tavira, Portim\u00e3o och Lagos \u00e4r centrum f\u00f6r v\u00e5r fantastiska vandrings- och sightseeingtur.<\/p>\n<p>I den lugna kustn\u00e4ra \u00f6stra Algarve kan avskilda str\u00e4nder str\u00e4cka sig \u00f6ver m\u00e5nga kilometer utan n\u00e5gon i sikte och Ria Formosa naturreservat vimlar av f\u00e5glar och havsliv; Turistaktivitet \u00e4r sekund\u00e4r till djurlivet och fiskares och skaldjursodlares arbete.<\/p>\n<div id=\"attachment_1966\" style=\"width: 1034px\" class=\"wp-caption alignnone\"><img loading=\"lazy\" decoding=\"async\" aria-describedby=\"caption-attachment-1966\" class=\"wp-image-1966 size-large\" title=\"Passadicos, promenad i Alvor\" src=\"https:\/\/legendatours.net\/wp-content\/uploads\/2020\/03\/passadicos_alvor-1024x657.jpg\" alt=\"Passadicos, walk in Alvor\" width=\"1024\" height=\"657\" \/><p id=\"caption-attachment-1966\" class=\"wp-caption-text\">Passadicos, walk-in Alvor, en fantastisk kustpromenad med det fantastiska<a href=\"..\/..\/?s=sandy+beaches\" target=\"_blank\" rel=\"noopener\"> sandstr\u00e4nder<\/a> och dramatiska uddar mellan Alvor och Portim\u00e3o<\/p><\/div>\n<p>Turn\u00e9ns f\u00f6rsta bas \u00e4r Tavira, i \u00f6stra Algarve. Staden blandar charmiga kullerstensgator kantade av blommiga balkonger, med fiskeverksamheten vid floden. Dess slott, de m\u00e5nga vitkalkade kyrkorna och de eleganta herrg\u00e5rdarna ger kulturellt intresse, medan den \u00e5tta mil l\u00e5nga stranden, tv\u00e4rs \u00f6ver saltmarkerna i Ria Formosa Natural Park, skapar ett avkopplande och rikt scenario, prickat med f\u00e4rgglada traditionella fiskeb\u00e5tar.<\/p>\n<p>V\u00e4stra Algarvekusten \u00f6verl\u00e4mnar sig till kraften i Atlanten. H\u00e4r \u00e4r landskapet mer befolkat \u00e4n i andra \u00e4nden, h\u00e4r bildas av stigar p\u00e5 klippor, vulkaniska kullar och dramatiska kalkstensbranter. Denna m\u00e5ngfald kompletteras av den lokala floran och faunan som blomstrar i sina milda soliga vintrar och l\u00e5nga varma somrar.<\/p>\n<div id=\"attachment_1955\" style=\"width: 1034px\" class=\"wp-caption alignnone\"><img loading=\"lazy\" decoding=\"async\" aria-describedby=\"caption-attachment-1955\" class=\"wp-image-1955 size-large\" src=\"https:\/\/legendatours.net\/wp-content\/uploads\/2020\/03\/Whitewashed_walls_west_Algarve_village-1-1024x683.jpg\" alt=\"Whitewashed walls west Algarve village\" width=\"1024\" height=\"683\" \/><p id=\"caption-attachment-1955\" class=\"wp-caption-text\">Vitkalkade v\u00e4ggar v\u00e4stra Algarve by. Den natursk\u00f6na byn<a href=\"..\/..\/?s=Ferragudo\" target=\"_blank\" rel=\"noopener\"> Ferragudo<\/a>, ett utm\u00e4rkt exempel p\u00e5 en typisk fiskeby, med en m\u00e4ngd f\u00e4rgglada fiskeb\u00e5tar och vitkalkade hus kantade i svalt bl\u00e5tt.<\/p><\/div>\n<p>Portim\u00e3o, p\u00e5 stranden av floden Arade, \u00e4r den f\u00f6rsta basen i v\u00e4stra Algarve. Traditionellt ett centrum f\u00f6r sardinfiske och bearbetning, idag har stadens gamla och en g\u00e5ng livliga fiskebryggor anm\u00e4rkningsv\u00e4rt f\u00f6rvandlats till en natursk\u00f6n strandpromenad, som leder till de pittoreska och tr\u00e4dkantade torgen i gamla stan. Trevliga shoppinggator f\u00f6r g\u00e5gator gr\u00e4nsar till omr\u00e5det med en rad historiska byggnader och ett lockande utbud av kaf\u00e9er, barer och restauranger.<\/p>\n<p>Du beger dig sedan till Lagos, en stad som fr\u00e5n b\u00f6rjan var en port till Medelhavet. Det var fr\u00e5n dess breda vik omgiven av Meia Praias fina sand som Gil Eanes gav sig av, den f\u00f6rsta som rundade Kap Bojador; det var h\u00e4r kapare som Sir Francis Drake g\u00f6mde sig och d\u00e4r galjoner fulla av guld och \u00e4delstenar fr\u00e5n Amerika, eller kryddor fr\u00e5n Indien, lades i hamn.<\/p>\n<p>Str\u00e4ckan av muren som gr\u00e4nsar till marginalen (vattenfronten) \u00e4r vacker och i gamla stan kan du hitta aff\u00e4rer, restauranger, massor av historia och kultur. Sist men inte minst vaknar Lagos till liv p\u00e5 natten med gatuartister och barer f\u00f6r alla smaker med livemusik.<\/p>\n<div id=\"attachment_1855\" style=\"width: 1034px\" class=\"wp-caption alignnone\"><img loading=\"lazy\" decoding=\"async\" aria-describedby=\"caption-attachment-1855\" class=\"wp-image-1855 size-large\" title=\"Lagos strandn\u00e4ra attraktiva stad som var en viktig romersk bos\u00e4ttning\" src=\"https:\/\/legendatours.net\/wp-content\/uploads\/2020\/03\/Lagos-waterfront-2-1024x686.jpg\" alt=\"Lagos waterfront attractive town that was an important Roman settlement\" width=\"1024\" height=\"686\" \/><p id=\"caption-attachment-1855\" class=\"wp-caption-text\">Lagos strandn\u00e4ra attraktiva stad som var en viktig romersk bos\u00e4ttning<\/p><\/div>\n<p>Oavsett vilken del av kustalgarve dina vandringsleder leder dig, kommer du att hitta ett v\u00e4lkomnande, v\u00e4nligt folk, utm\u00e4rkta lokala viner och uts\u00f6kt mat, fr\u00e5n dagens f\u00e4rskf\u00e5ngade till regionala r\u00e4tter fyllda med smak.<\/p>\n<p>F\u00f6r att se kustalgarve n\u00e4r den \u00e4r som b\u00e4st, njut av v\u00e5ra k\u00f6rsb\u00e4rsplockade promenader, f\u00f6r de kombinerar alla ingredienser f\u00f6r en perfekt promenadsemester.<\/p>\n<p>V\u00e5ra sj\u00e4lvguidade vandringsturer \u00e4r noggrant utformade och inneh\u00e5ller all information du beh\u00f6ver, fr\u00e5n detaljerade kartor och v\u00e4ganteckningar till en 24-timmars hotline. Boendet, flygplatstransfer och transporter ing\u00e5r i promenadprogrammet.<\/p>\n<p>&nbsp;<\/p>\n<div class=\"row\" style=\"display: flex;\">\n<div class=\"column\" style=\"flex: 45%;\"><\/div>\n<div class=\"column\" style=\"flex: 10%;\"><\/div>\n<div class=\"column\" style=\"flex: 45%;\"><\/div>\n<\/div>","protected":false},"excerpt":{"rendered":"<p>The Ultimate Coastal Algarve Walk: Fr\u00e5n \u00f6st till v\u00e4st genom att korsa fantastiska landskap \u00e4r en sj\u00e4lvguidad vandringstur i n\u00e5gra av Algarves mest spektakul\u00e4ra kustscenarier. Du kommer att se att det fortfarande finns platser med fler flamingos \u00e4n turister, och d\u00e4r m\u00e5nghundra\u00e5riga traditioner \u00e4r en del av det dagliga livet. Tavira, Portim\u00e3o och Lagos \u00e4r centrum f\u00f6r v\u00e5r fantastiska vandrings- och sightseeingtur.<\/p>","protected":false},"featured_media":8375,"comment_status":"closed","ping_status":"closed","template":"","meta":{"_acf_changed":false,"inline_featured_image":false},"product_brand":[],"product_cat":[301,856],"product_tag":[468,147,943,632,306,1011,76,997,427,434,435,680,34,681,388,214,337,38,154,1012,155,1013,268,1014,877,1015,613,682,156,192,404,160,758,313,759,760,761,762,270,683,138,492,1016,100,101,162,56,609,106,640,60,341,1017,1018,1019,1020,167,764,765,766,767,768,168,169,1021,973,642,1022,319,1023,862,1024,228,951,1025,322,770,1026,1027,1028,174,1029,1030,1031,1032,1033,1034,324,68,1035,1036,400,481,285,771,684,685,177,721,1037,1038,325,772,326,121,112,122,421,645,1039,546,145],"class_list":{"0":"post-8379","1":"product","2":"type-product","3":"status-publish","4":"has-post-thumbnail","6":"product_cat-self-guided-tours-portugal","7":"product_cat-self-guided-walking-holidays","8":"product_tag-activities-algarve","9":"product_tag-algarve","10":"product_tag-algarve-sightseeing-tours","11":"product_tag-algarve-way","12":"product_tag-alleine-reisen","13":"product_tag-azores","14":"product_tag-beaches","15":"product_tag-bird-watching-holidays","16":"product_tag-bird-watching-tours","17":"product_tag-birdwatching-algarve","18":"product_tag-birdwatching-portugal","19":"product_tag-cape-st-vincent-day-tours","20":"product_tag-caves","21":"product_tag-cliffs","22":"product_tag-coastal-east-algarve","23":"product_tag-culture","24":"product_tag-delicious-food","25":"product_tag-douro","26":"product_tag-east-algarve","27":"product_tag-east-to-west","28":"product_tag-europe","29":"product_tag-excursions","30":"product_tag-faro","31":"product_tag-fishermen","32":"product_tag-flamingos","33":"product_tag-food-wine-tours","34":"product_tag-gastronomy-holidays","35":"product_tag-grottoes","36":"product_tag-hiking","37":"product_tag-historic-buildings","38":"product_tag-holiday-activities-walking-guides","39":"product_tag-holidays","40":"product_tag-individual-hiking","41":"product_tag-individuelle-touren","42":"product_tag-individuelle-trekkingreisen","43":"product_tag-individuelle-wandern","44":"product_tag-individuelle-wanderreisen","45":"product_tag-individuelle-wandertouren","46":"product_tag-lagos","47":"product_tag-limestone-rocks","48":"product_tag-lisbon","49":"product_tag-madeira","50":"product_tag-meia-praia","51":"product_tag-nature-holidays","52":"product_tag-nature-tour","53":"product_tag-nature-walks","54":"product_tag-oporto","55":"product_tag-perfect-walking-holiday","56":"product_tag-picturesque-landscapes","57":"product_tag-portimao","58":"product_tag-portugal","59":"product_tag-portugal-great-food-and-wine","60":"product_tag-portugal-tours","61":"product_tag-private-excursions","62":"product_tag-private-tours","63":"product_tag-private-tours-algarve","64":"product_tag-rambling","65":"product_tag-rando-autoguidee","66":"product_tag-rando-liberte","67":"product_tag-randonnee-autoguidee","68":"product_tag-randonnee-en-liberte","69":"product_tag-randonnee-liberte","70":"product_tag-ria-formosa","71":"product_tag-ria-formosa-natural-park","72":"product_tag-ria-formosa-nature-reserve","73":"product_tag-river-arade","74":"product_tag-sagres","75":"product_tag-sardine-fishing","76":"product_tag-sejour-en-liberte","77":"product_tag-self-guided-walking","78":"product_tag-self-guided-walking-holidays","79":"product_tag-self-guided-walking-tours","80":"product_tag-sightseeing","81":"product_tag-sightseeing-tours","82":"product_tag-sir-francis-drake","83":"product_tag-solo-reisen","84":"product_tag-solo-wandern","85":"product_tag-special-interest","86":"product_tag-spectacular-coastal-scenarios","87":"product_tag-summer-breaks","88":"product_tag-tavira","89":"product_tag-tour","90":"product_tag-tour-algarve","91":"product_tag-tour-of-algarve","92":"product_tag-tour-of-the-algarve","93":"product_tag-tours","94":"product_tag-tours-algarve","95":"product_tag-tours-autoguidees","96":"product_tag-tours-in-portugal","97":"product_tag-tours-portugal","98":"product_tag-tours-town","99":"product_tag-traditional-fishing-boats","100":"product_tag-travel-algarve","101":"product_tag-travel-train-tour-in-portugal","102":"product_tag-trek-en-liberte","103":"product_tag-trek-solo","104":"product_tag-trekking-solo","105":"product_tag-vacations","106":"product_tag-via-algarviana","107":"product_tag-vicentina","108":"product_tag-visit-algarve","109":"product_tag-voyage-en-liberte","110":"product_tag-voyages-a-pied-en-liberte","111":"product_tag-voyages-en-autonomie","112":"product_tag-walking","113":"product_tag-walking-holidays","114":"product_tag-walking-tours","115":"product_tag-walking-trails","116":"product_tag-west-algarve","117":"product_tag-west-algarve-coast","118":"product_tag-wildlife","119":"product_tag-wines","121":"first","122":"instock","123":"virtual","124":"product-type-simple"},"acf":[],"yoast_head":"<!-- This site is optimized with the Yoast SEO Premium plugin v26.8 (Yoast SEO v27.3) - https:\/\/yoast.com\/product\/yoast-seo-premium-wordpress\/ -->\n<title>The Ultimate Coastal Algarve Walk - Legendary Adventure DMC Portugal<\/title>\n<meta name=\"description\" content=\"Self-Guided walk in East and West Algarve spectacular coastal scenarios, with more flamingos than tourists, and where traditions are part of daily life.\" \/>\n<meta name=\"robots\" content=\"index, follow, max-snippet:-1, max-image-preview:large, max-video-preview:-1\" \/>\n<link rel=\"canonical\" href=\"https:\/\/legendatours.com\/sv\/produkt\/ultimate-coastal-algarve-walk-1800s\/\" \/>\n<meta property=\"og:locale\" content=\"sv_SE\" \/>\n<meta property=\"og:type\" content=\"article\" \/>\n<meta property=\"og:title\" content=\"The Ultimate Coastal Algarve Walk\" \/>\n<meta property=\"og:description\" content=\"Self-Guided walk in East and West Algarve spectacular coastal scenarios, with more flamingos than tourists, and where traditions are part of daily life.\" \/>\n<meta property=\"og:url\" content=\"https:\/\/legendatours.com\/sv\/produkt\/ultimate-coastal-algarve-walk-1800s\/\" \/>\n<meta property=\"og:site_name\" content=\"Legendary Adventure DMC Portugal\" \/>\n<meta property=\"article:publisher\" content=\"https:\/\/www.facebook.com\/legendaryadventuredmc\/\" \/>\n<meta property=\"article:modified_time\" content=\"2022-01-02T22:41:50+00:00\" \/>\n<meta property=\"og:image\" content=\"https:\/\/legendatours.com\/wp-content\/uploads\/sites\/12\/2021\/04\/Algarve_Coastal_selfguided_walk-e1611680820857.jpg\" \/>\n\t<meta property=\"og:image:width\" content=\"1024\" \/>\n\t<meta property=\"og:image:height\" content=\"685\" \/>\n\t<meta property=\"og:image:type\" content=\"image\/jpeg\" \/>\n<meta name=\"twitter:card\" content=\"summary_large_image\" \/>\n<meta name=\"twitter:label1\" content=\"Ber\u00e4knad l\u00e4stid\" \/>\n\t<meta name=\"twitter:data1\" content=\"3 minuter\" \/>\n<script type=\"application\/ld+json\" class=\"yoast-schema-graph\">{\"@context\":\"https:\\\/\\\/schema.org\",\"@graph\":[{\"@type\":\"WebPage\",\"@id\":\"https:\\\/\\\/legendatours.com\\\/product\\\/ultimate-coastal-algarve-walk-1800s\\\/\",\"url\":\"https:\\\/\\\/legendatours.com\\\/product\\\/ultimate-coastal-algarve-walk-1800s\\\/\",\"name\":\"The Ultimate Coastal Algarve Walk - Legendary Adventure DMC Portugal\",\"isPartOf\":{\"@id\":\"https:\\\/\\\/legendatours.com\\\/#website\"},\"primaryImageOfPage\":{\"@id\":\"https:\\\/\\\/legendatours.com\\\/product\\\/ultimate-coastal-algarve-walk-1800s\\\/#primaryimage\"},\"image\":{\"@id\":\"https:\\\/\\\/legendatours.com\\\/product\\\/ultimate-coastal-algarve-walk-1800s\\\/#primaryimage\"},\"thumbnailUrl\":\"https:\\\/\\\/legendatours.com\\\/wp-content\\\/uploads\\\/sites\\\/12\\\/2021\\\/04\\\/Algarve_Coastal_selfguided_walk-e1611680820857.jpg\",\"datePublished\":\"2020-03-06T14:28:07+00:00\",\"dateModified\":\"2022-01-02T22:41:50+00:00\",\"description\":\"Self-Guided walk in East and West Algarve spectacular coastal scenarios, with more flamingos than tourists, and where traditions are part of daily life.\",\"breadcrumb\":{\"@id\":\"https:\\\/\\\/legendatours.com\\\/product\\\/ultimate-coastal-algarve-walk-1800s\\\/#breadcrumb\"},\"inLanguage\":\"sv-SE\",\"potentialAction\":[{\"@type\":\"ReadAction\",\"target\":[\"https:\\\/\\\/legendatours.com\\\/product\\\/ultimate-coastal-algarve-walk-1800s\\\/\"]}]},{\"@type\":\"ImageObject\",\"inLanguage\":\"sv-SE\",\"@id\":\"https:\\\/\\\/legendatours.com\\\/product\\\/ultimate-coastal-algarve-walk-1800s\\\/#primaryimage\",\"url\":\"https:\\\/\\\/legendatours.com\\\/wp-content\\\/uploads\\\/sites\\\/12\\\/2021\\\/04\\\/Algarve_Coastal_selfguided_walk-e1611680820857.jpg\",\"contentUrl\":\"https:\\\/\\\/legendatours.com\\\/wp-content\\\/uploads\\\/sites\\\/12\\\/2021\\\/04\\\/Algarve_Coastal_selfguided_walk-e1611680820857.jpg\",\"width\":1024,\"height\":685,\"caption\":\"Algarve Coastal self-guided walk\"},{\"@type\":\"BreadcrumbList\",\"@id\":\"https:\\\/\\\/legendatours.com\\\/product\\\/ultimate-coastal-algarve-walk-1800s\\\/#breadcrumb\",\"itemListElement\":[{\"@type\":\"ListItem\",\"position\":1,\"name\":\"Home\",\"item\":\"https:\\\/\\\/legendatours.com\\\/\"},{\"@type\":\"ListItem\",\"position\":2,\"name\":\"Shop\",\"item\":\"https:\\\/\\\/legendatours.com\\\/sv\\\/?page_id=4\"},{\"@type\":\"ListItem\",\"position\":3,\"name\":\"The Ultimate Coastal Algarve Walk: From East to West Crossing Stunning Landscapes is a Self-Guided Walking Tour in some of the Algarve\u2019s most spectacular coastal scenarios. You\u2019ll see that there are still places with more flamingos than tourists, and where centuries\u2019 old traditions are part of daily life. Tavira, Portim\u00e3o, and Lagos are the centers of our fantastic walking and sightseeing tour.\"}]},{\"@type\":\"WebSite\",\"@id\":\"https:\\\/\\\/legendatours.com\\\/#website\",\"url\":\"https:\\\/\\\/legendatours.com\\\/\",\"name\":\"Legendary Adventure DMC Portugal\",\"description\":\"Responsible Walking &amp; Nature Holidays in Portugal\",\"publisher\":{\"@id\":\"https:\\\/\\\/legendatours.com\\\/#organization\"},\"alternateName\":\"Legendary Adventure Portugal\",\"potentialAction\":[{\"@type\":\"SearchAction\",\"target\":{\"@type\":\"EntryPoint\",\"urlTemplate\":\"https:\\\/\\\/legendatours.com\\\/?s={search_term_string}\"},\"query-input\":{\"@type\":\"PropertyValueSpecification\",\"valueRequired\":true,\"valueName\":\"search_term_string\"}}],\"inLanguage\":\"sv-SE\"},{\"@type\":\"Organization\",\"@id\":\"https:\\\/\\\/legendatours.com\\\/#organization\",\"name\":\"legendatours.com\",\"url\":\"https:\\\/\\\/legendatours.com\\\/\",\"logo\":{\"@type\":\"ImageObject\",\"inLanguage\":\"sv-SE\",\"@id\":\"https:\\\/\\\/legendatours.com\\\/#\\\/schema\\\/logo\\\/image\\\/\",\"url\":\"https:\\\/\\\/legendatours.com\\\/wp-content\\\/uploads\\\/sites\\\/12\\\/2021\\\/06\\\/legendary_adventure_dmc.png\",\"contentUrl\":\"https:\\\/\\\/legendatours.com\\\/wp-content\\\/uploads\\\/sites\\\/12\\\/2021\\\/06\\\/legendary_adventure_dmc.png\",\"width\":250,\"height\":74,\"caption\":\"legendatours.com\"},\"image\":{\"@id\":\"https:\\\/\\\/legendatours.com\\\/#\\\/schema\\\/logo\\\/image\\\/\"},\"sameAs\":[\"https:\\\/\\\/www.facebook.com\\\/legendaryadventuredmc\\\/\",\"https:\\\/\\\/www.linkedin.com\\\/company\\\/legendary-adventure-dmc-portugal\",\"https:\\\/\\\/www.youtube.com\\\/channel\\\/UCOIRDx_KM6ynIcacQkZjb6g\"]}]}<\/script>\n<!-- \/ Yoast SEO Premium plugin. -->","yoast_head_json":{"title":"Den ultimata kustpromenaden i Algarve - Legendary Adventure DMC Portugal","description":"Sj\u00e4lvguidad vandring i \u00f6stra och v\u00e4stra Algarve med spektakul\u00e4ra kustmilj\u00f6er, med fler flamingos \u00e4n turister, och d\u00e4r traditioner \u00e4r en del av vardagen.","robots":{"index":"index","follow":"follow","max-snippet":"max-snippet:-1","max-image-preview":"max-image-preview:large","max-video-preview":"max-video-preview:-1"},"canonical":"https:\/\/legendatours.com\/sv\/produkt\/ultimate-coastal-algarve-walk-1800s\/","og_locale":"sv_SE","og_type":"article","og_title":"The Ultimate Coastal Algarve Walk","og_description":"Self-Guided walk in East and West Algarve spectacular coastal scenarios, with more flamingos than tourists, and where traditions are part of daily life.","og_url":"https:\/\/legendatours.com\/sv\/produkt\/ultimate-coastal-algarve-walk-1800s\/","og_site_name":"Legendary Adventure DMC Portugal","article_publisher":"https:\/\/www.facebook.com\/legendaryadventuredmc\/","article_modified_time":"2022-01-02T22:41:50+00:00","og_image":[{"width":1024,"height":685,"url":"https:\/\/legendatours.com\/wp-content\/uploads\/sites\/12\/2021\/04\/Algarve_Coastal_selfguided_walk-e1611680820857.jpg","type":"image\/jpeg"}],"twitter_card":"summary_large_image","twitter_misc":{"Ber\u00e4knad l\u00e4stid":"3 minuter"},"schema":{"@context":"https:\/\/schema.org","@graph":[{"@type":"WebPage","@id":"https:\/\/legendatours.com\/product\/ultimate-coastal-algarve-walk-1800s\/","url":"https:\/\/legendatours.com\/product\/ultimate-coastal-algarve-walk-1800s\/","name":"Den ultimata kustpromenaden i Algarve - Legendary Adventure DMC Portugal","isPartOf":{"@id":"https:\/\/legendatours.com\/#website"},"primaryImageOfPage":{"@id":"https:\/\/legendatours.com\/product\/ultimate-coastal-algarve-walk-1800s\/#primaryimage"},"image":{"@id":"https:\/\/legendatours.com\/product\/ultimate-coastal-algarve-walk-1800s\/#primaryimage"},"thumbnailUrl":"https:\/\/legendatours.com\/wp-content\/uploads\/sites\/12\/2021\/04\/Algarve_Coastal_selfguided_walk-e1611680820857.jpg","datePublished":"2020-03-06T14:28:07+00:00","dateModified":"2022-01-02T22:41:50+00:00","description":"Sj\u00e4lvguidad vandring i \u00f6stra och v\u00e4stra Algarve med spektakul\u00e4ra kustmilj\u00f6er, med fler flamingos \u00e4n turister, och d\u00e4r traditioner \u00e4r en del av vardagen.","breadcrumb":{"@id":"https:\/\/legendatours.com\/product\/ultimate-coastal-algarve-walk-1800s\/#breadcrumb"},"inLanguage":"sv-SE","potentialAction":[{"@type":"ReadAction","target":["https:\/\/legendatours.com\/product\/ultimate-coastal-algarve-walk-1800s\/"]}]},{"@type":"ImageObject","inLanguage":"sv-SE","@id":"https:\/\/legendatours.com\/product\/ultimate-coastal-algarve-walk-1800s\/#primaryimage","url":"https:\/\/legendatours.com\/wp-content\/uploads\/sites\/12\/2021\/04\/Algarve_Coastal_selfguided_walk-e1611680820857.jpg","contentUrl":"https:\/\/legendatours.com\/wp-content\/uploads\/sites\/12\/2021\/04\/Algarve_Coastal_selfguided_walk-e1611680820857.jpg","width":1024,"height":685,"caption":"Algarve Coastal self-guided walk"},{"@type":"BreadcrumbList","@id":"https:\/\/legendatours.com\/product\/ultimate-coastal-algarve-walk-1800s\/#breadcrumb","itemListElement":[{"@type":"ListItem","position":1,"name":"Home","item":"https:\/\/legendatours.com\/"},{"@type":"ListItem","position":2,"name":"Shop","item":"https:\/\/legendatours.com\/sv\/?page_id=4"},{"@type":"ListItem","position":3,"name":"The Ultimate Coastal Algarve Walk: From East to West Crossing Stunning Landscapes is a Self-Guided Walking Tour in some of the Algarve\u2019s most spectacular coastal scenarios. You\u2019ll see that there are still places with more flamingos than tourists, and where centuries\u2019 old traditions are part of daily life. Tavira, Portim\u00e3o, and Lagos are the centers of our fantastic walking and sightseeing tour."}]},{"@type":"WebSite","@id":"https:\/\/legendatours.com\/#website","url":"https:\/\/legendatours.com\/","name":"Legendariskt \u00e4ventyr DMC Portugal","description":"Ansvarsfulla vandringar och natursemester i Portugal","publisher":{"@id":"https:\/\/legendatours.com\/#organization"},"alternateName":"Legendary Adventure Portugal","potentialAction":[{"@type":"SearchAction","target":{"@type":"EntryPoint","urlTemplate":"https:\/\/legendatours.com\/?s={search_term_string}"},"query-input":{"@type":"PropertyValueSpecification","valueRequired":true,"valueName":"search_term_string"}}],"inLanguage":"sv-SE"},{"@type":"Organization","@id":"https:\/\/legendatours.com\/#organization","name":"legendatours.com","url":"https:\/\/legendatours.com\/","logo":{"@type":"ImageObject","inLanguage":"sv-SE","@id":"https:\/\/legendatours.com\/#\/schema\/logo\/image\/","url":"https:\/\/legendatours.com\/wp-content\/uploads\/sites\/12\/2021\/06\/legendary_adventure_dmc.png","contentUrl":"https:\/\/legendatours.com\/wp-content\/uploads\/sites\/12\/2021\/06\/legendary_adventure_dmc.png","width":250,"height":74,"caption":"legendatours.com"},"image":{"@id":"https:\/\/legendatours.com\/#\/schema\/logo\/image\/"},"sameAs":["https:\/\/www.facebook.com\/legendaryadventuredmc\/","https:\/\/www.linkedin.com\/company\/legendary-adventure-dmc-portugal","https:\/\/www.youtube.com\/channel\/UCOIRDx_KM6ynIcacQkZjb6g"]}]}},"_links":{"self":[{"href":"https:\/\/legendatours.com\/sv\/wp-json\/wp\/v2\/product\/8379","targetHints":{"allow":["GET"]}}],"collection":[{"href":"https:\/\/legendatours.com\/sv\/wp-json\/wp\/v2\/product"}],"about":[{"href":"https:\/\/legendatours.com\/sv\/wp-json\/wp\/v2\/types\/product"}],"replies":[{"embeddable":true,"href":"https:\/\/legendatours.com\/sv\/wp-json\/wp\/v2\/comments?post=8379"}],"wp:featuredmedia":[{"embeddable":true,"href":"https:\/\/legendatours.com\/sv\/wp-json\/wp\/v2\/media\/8375"}],"wp:attachment":[{"href":"https:\/\/legendatours.com\/sv\/wp-json\/wp\/v2\/media?parent=8379"}],"wp:term":[{"taxonomy":"product_brand","embeddable":true,"href":"https:\/\/legendatours.com\/sv\/wp-json\/wp\/v2\/product_brand?post=8379"},{"taxonomy":"product_cat","embeddable":true,"href":"https:\/\/legendatours.com\/sv\/wp-json\/wp\/v2\/product_cat?post=8379"},{"taxonomy":"product_tag","embeddable":true,"href":"https:\/\/legendatours.com\/sv\/wp-json\/wp\/v2\/product_tag?post=8379"}],"curies":[{"name":"wp","href":"https:\/\/api.w.org\/{rel}","templated":true}]}}