{"id":8395,"date":"2020-03-06T13:35:32","date_gmt":"2020-03-06T13:35:32","guid":{"rendered":"https:\/\/legendatours.com\/product\/holidays-in-carvoeiro-walking-close-to-nature-in-the-west-algarve\/"},"modified":"2022-01-02T22:46:07","modified_gmt":"2022-01-02T22:46:07","slug":"walking-close-to-nature-in-the-west-algarve-carvoeiro-1602s","status":"publish","type":"product","link":"https:\/\/legendatours.com\/sv\/produkt\/walking-close-to-nature-in-the-west-algarve-carvoeiro-1602s\/","title":{"rendered":"Helgdagar i Carvoeiro: G\u00e5 n\u00e4ra naturen i v\u00e4stra Algarve"},"content":{"rendered":"<p>Walking Close to Nature i v\u00e4stra Algarve \u00e4r en sj\u00e4lvguidad vandringstur f\u00f6r dem som \u00e4lskar att utforska och bli \u00f6verraskad. G\u00e5 bland den frodiga gr\u00f6nskan i skogar, eller p\u00e5 toppen av magnifika klippor mot en bakgrund av havsbl\u00e5tt, alltid p\u00e5 fantastiska platser fulla av vilda djur. V\u00e5r bas \u00e4r i Carvoeiro, en pittoresk semesterort vid kusten.<\/p>\n<p>Promenaderna i denna sp\u00e4nnande sj\u00e4lvguidade tur erbjuder en intressant blandning av kust- och landsbygdslandskap s\u00e5 att du kan uppleva denna speciella del av Algarve.<\/p>\n<div id=\"attachment_1956\" style=\"width: 1034px\" class=\"wp-caption alignnone\"><img loading=\"lazy\" decoding=\"async\" aria-describedby=\"caption-attachment-1956\" class=\"wp-image-1956 size-large\" title=\"Ving\u00e5rd West Algarve\" src=\"https:\/\/legendatours.net\/wp-content\/uploads\/2020\/03\/Wine_estate_WestAlgarve-1024x683.jpg\" alt=\"Wine estate West Algarve\" width=\"1024\" height=\"683\" \/><p id=\"caption-attachment-1956\" class=\"wp-caption-text\">Ving\u00e5rd West Algarve. Rekommenderat bes\u00f6k p\u00e5 en ving\u00e5rd f\u00f6r en vinprovning.<\/p><\/div>\n<p>Turen \u00e4r baserad i Carvoeiro, en kustort med mycket att erbjuda, inklusive or\u00f6rda str\u00e4nder, en traditionell portugisisk atmosf\u00e4r och ett omfattande utbud av restauranger och barer. Carvoeiro \u00e4r ett paradis f\u00f6r vandrare med m\u00e5nga vandringsleder och stigar som f\u00f6ljer de b\u00f6ljande kullarna i inlandet och den spektakul\u00e4ra kusten.<\/p>\n<p>V\u00e4stra Algarves landskap \u00e4r k\u00e4nt f\u00f6r sina karga klippor, grottor och grottor, vackra str\u00e4nder och fiskebyar vid havet. Detta \u00e4r fortfarande ett viktigt s\u00e4tt att leva i detta omr\u00e5de, naturligt \u00e4gnat \u00e5t turism, men med m\u00e5nga hemligheter att avsl\u00f6ja. L\u00e4ngs kusten \u00e5ker fiskare ut till havet efter sardiner och bl\u00e4ckfisk, och vid l\u00e5gvatten kan man se m\u00e4nniskor som letar efter skaldjur.<\/p>\n<p>Denna bakgrund av det verkliga livet \u00e4r ett av de b\u00e4sta lagren av din sj\u00e4lvstyrda vandringssemester i v\u00e4stra Algarve!<\/p>\n<div id=\"attachment_1952\" style=\"width: 1034px\" class=\"wp-caption alignnone\"><img loading=\"lazy\" decoding=\"async\" aria-describedby=\"caption-attachment-1952\" class=\"wp-image-1952 size-large\" title=\"Fantastiska kustpromenader Carvoeiro\" src=\"https:\/\/legendatours.net\/wp-content\/uploads\/2020\/03\/AmazingCoastalWalks_Carvoeiro-1024x683.jpg\" alt=\"Amazing Coastal Walks Carvoeiro\" width=\"1024\" height=\"683\" \/><p id=\"caption-attachment-1952\" class=\"wp-caption-text\">Fantastiska kustpromenader Carvoeiro, fantastiskt kustlandskap, i n\u00e5gra ikoniska stigar av h\u00f6ga klippor med kristallklart vatten under..<\/p><\/div>\n<p>In\u00e5t landet, uppe i de gr\u00f6nskande kullarna, kommer du att se ett s\u00e4tt att leva som har f\u00f6rsvunnit fr\u00e5n stora delar av europeiska l\u00e4nder, d\u00e4r dagarna kretsar kring \u00e5rstiderna. V\u00e5ra vandringar bes\u00f6ker omr\u00e5den f\u00f6rutom vanliga turistv\u00e4gar, vilket ger oss en inblick i det traditionella algarveska levnadss\u00e4ttet n\u00e4r vi g\u00e5r genom forntida jordbruksmark, sm\u00e5bruk och doftande frukttr\u00e4dg\u00e5rdar.<\/p>\n<p>Ljuset och v\u00e4dret p\u00e5 v\u00e4stra Algarve \u00e4r fantastiskt, \u00e4ven under vinterm\u00e5naderna, vilket g\u00f6r det till en h\u00e4rlig region f\u00f6r promenader och naturaktiviteter. P\u00e5 de sm\u00e5 kullerstensgatorna i pittoreska byar hittar du vitkalkade hus, kaf\u00e9er och ett lugnt s\u00e4tt att leva.<\/p>\n<div id=\"attachment_1924\" style=\"width: 1034px\" class=\"wp-caption alignnone\"><img loading=\"lazy\" decoding=\"async\" aria-describedby=\"caption-attachment-1924\" class=\"wp-image-1924 size-large\" title=\"G\u00e5r i klipporna\" src=\"https:\/\/legendatours.net\/wp-content\/uploads\/2020\/03\/Walking_cliffs_Selfguided-1024x683.jpg\" alt=\"Walking in the cliffs\" width=\"1024\" height=\"683\" \/><p id=\"caption-attachment-1924\" class=\"wp-caption-text\">G\u00e5r i klipporna. Fantastiska f\u00e4rger som bilder inte g\u00f6r r\u00e4ttvisa, du m\u00e5ste se det f\u00f6r att tro det!<\/p><\/div>\n<p>En annan stj\u00e4rnh\u00f6jdpunkt \u00e4r promenaden Seven Hanging Valleys, som nyligen har utsetts till &quot;b\u00e4sta vandringsdestination i Europa&quot; av onlineportalen European Best Destinations. Med magiska havsgrottor, avskilda och n\u00e4stan \u00f6vergivna str\u00e4nder, f\u00e4rgstark flora och imponerande klippformationer, kommer den h\u00e4r leden att sk\u00e4mma bort dig med imponerande kustutsikt.<\/p>\n<p>Oavsett vilken del av v\u00e4stra Algarve dina vandringsleder leder dig, kommer du att hitta ett v\u00e4lkomnande, v\u00e4nligt folk, utm\u00e4rkta lokala viner och uts\u00f6kt mat, fr\u00e5n den f\u00e4rskaste fisken till regionala r\u00e4tter fyllda med smak.<\/p>\n<p>F\u00f6r att komma under huden p\u00e5 v\u00e4stra Algarve och se den n\u00e4r den \u00e4r som b\u00e4st, njut av v\u00e5ra k\u00f6rsb\u00e4rsplockade promenader, f\u00f6r de kombinerar alla ingredienser f\u00f6r en perfekt promenadsemester samtidigt som de ger en verklig k\u00e4nsla av plats.<\/p>\n<p>Det \u00e4r verkligen f\u00f6r det som vi erbjuder denna vandringstur: Walking Close to Nature i v\u00e4stra Algarve, baserat i Carvoeiro.<\/p>\n<p>V\u00e5ra sj\u00e4lvguidade vandringsturer \u00e4r noggrant utformade och inneh\u00e5ller all information du beh\u00f6ver, fr\u00e5n detaljerade kartor och v\u00e4ganteckningar till en 24-timmars hotline. Boendet, flygplatstransfer och transporter ing\u00e5r i promenadprogrammet.<\/p>\n<p>&nbsp;<\/p>\n<div class=\"row\" style=\"display: flex;\">\n<div class=\"column\" style=\"flex: 45%;\">\n<p><iframe loading=\"lazy\" title=\"Carvoeiro, Algarve Portugal HD\" width=\"1080\" height=\"608\" src=\"https:\/\/www.youtube.com\/embed\/hW0ngdLXx54?feature=oembed\" frameborder=\"0\" allow=\"accelerometer; autoplay; clipboard-write; encrypted-media; gyroscope; picture-in-picture\" allowfullscreen><\/iframe><\/p>\n<\/div>\n<div class=\"column\" style=\"flex: 10%;\"><\/div>\n<div class=\"column\" style=\"flex: 45%;\">\n<p><iframe loading=\"lazy\" title=\"Algar Seco Carvoeiro Algarve Portugal HD\" width=\"1080\" height=\"608\" src=\"https:\/\/www.youtube.com\/embed\/x-Aw6xUuq5o?feature=oembed\" frameborder=\"0\" allow=\"accelerometer; autoplay; clipboard-write; encrypted-media; gyroscope; picture-in-picture\" allowfullscreen><\/iframe><\/p>\n<\/div>\n<\/div>","protected":false},"excerpt":{"rendered":"<p>Walking Close to Nature i v\u00e4stra Algarve \u00e4r en sj\u00e4lvguidad vandringstur f\u00f6r dem som \u00e4lskar att utforska och bli \u00f6verraskad. G\u00e5 bland den frodiga gr\u00f6nskan i skogar, eller p\u00e5 toppen av magnifika klippor mot en bakgrund av havsbl\u00e5tt, alltid p\u00e5 fantastiska platser fulla av vilda djur. V\u00e5r bas \u00e4r i Carvoeiro, en pittoresk semesterort vid kusten.<\/p>","protected":false},"featured_media":8120,"comment_status":"closed","ping_status":"closed","template":"","meta":{"_acf_changed":false,"inline_featured_image":false},"product_brand":[],"product_cat":[301,856],"product_tag":[147,648,306,76,1043,649,876,1044,1045,154,155,877,900,156,158,758,313,759,760,761,762,627,60,341,1046,764,765,766,767,768,169,1047,319,328,322,770,644,1048,324,69,771,684,685,325,772,326,1049,756,112,122],"class_list":{"0":"post-8395","1":"product","2":"type-product","3":"status-publish","4":"has-post-thumbnail","6":"product_cat-self-guided-tours-portugal","7":"product_cat-self-guided-walking-holidays","8":"product_tag-algarve","9":"product_tag-algarve-spectacular-coastline","10":"product_tag-alleine-reisen","11":"product_tag-beaches","12":"product_tag-benagil","13":"product_tag-carvoeiro","14":"product_tag-coastal-algarve","15":"product_tag-coastal-resort","16":"product_tag-countryside-scenery","17":"product_tag-east-algarve","18":"product_tag-europe","19":"product_tag-flamingos","20":"product_tag-green-countryside","21":"product_tag-hiking","22":"product_tag-hiking-routes","23":"product_tag-individual-hiking","24":"product_tag-individuelle-touren","25":"product_tag-individuelle-trekkingreisen","26":"product_tag-individuelle-wandern","27":"product_tag-individuelle-wanderreisen","28":"product_tag-individuelle-wandertouren","29":"product_tag-itinerary-of-walks","30":"product_tag-portugal","31":"product_tag-portugal-great-food-and-wine","32":"product_tag-pristine-beaches","33":"product_tag-rando-autoguidee","34":"product_tag-rando-liberte","35":"product_tag-randonnee-autoguidee","36":"product_tag-randonnee-en-liberte","37":"product_tag-randonnee-liberte","38":"product_tag-ria-formosa-natural-park","39":"product_tag-rolling-inland-hills","40":"product_tag-sejour-en-liberte","41":"product_tag-self-guided","42":"product_tag-solo-reisen","43":"product_tag-solo-wandern","44":"product_tag-spectacular-cliffs","45":"product_tag-spectacular-coastline","46":"product_tag-tours-autoguidees","47":"product_tag-traditional-portuguese","48":"product_tag-trek-en-liberte","49":"product_tag-trek-solo","50":"product_tag-trekking-solo","51":"product_tag-voyage-en-liberte","52":"product_tag-voyages-a-pied-en-liberte","53":"product_tag-voyages-en-autonomie","54":"product_tag-walkers-paradise","55":"product_tag-walking-holiday","56":"product_tag-walking-holidays","57":"product_tag-walking-tours","59":"first","60":"instock","61":"virtual","62":"product-type-simple"},"acf":[],"yoast_head":"<!-- This site is optimized with the Yoast SEO Premium plugin v26.8 (Yoast SEO v27.5) - https:\/\/yoast.com\/product\/yoast-seo-premium-wordpress\/ -->\n<title>Holidays in Carvoeiro: Walking Close to Nature in the West Algarve - Legendary Adventure DMC Portugal<\/title>\n<meta name=\"description\" content=\"A Self-Guided walking tour for those who love to explore and be surprised. Hike in the woods and on top of magnificent cliffs, bordering the Atlantic Ocean.\" \/>\n<meta name=\"robots\" content=\"index, follow, max-snippet:-1, max-image-preview:large, max-video-preview:-1\" \/>\n<link rel=\"canonical\" href=\"https:\/\/legendatours.com\/sv\/produkt\/walking-close-to-nature-in-the-west-algarve-carvoeiro-1602s\/\" \/>\n<meta property=\"og:locale\" content=\"sv_SE\" \/>\n<meta property=\"og:type\" content=\"article\" \/>\n<meta property=\"og:title\" content=\"Holidays in Carvoeiro: Walking Close to Nature in the West Algarve\" \/>\n<meta property=\"og:description\" content=\"A Self-Guided walking tour for those who love to explore and be surprised. Hike in the woods and on top of magnificent cliffs, bordering the Atlantic Ocean.\" \/>\n<meta property=\"og:url\" content=\"https:\/\/legendatours.com\/sv\/produkt\/walking-close-to-nature-in-the-west-algarve-carvoeiro-1602s\/\" \/>\n<meta property=\"og:site_name\" content=\"Legendary Adventure DMC Portugal\" \/>\n<meta property=\"article:publisher\" content=\"https:\/\/www.facebook.com\/legendaryadventuredmc\/\" \/>\n<meta property=\"article:modified_time\" content=\"2022-01-02T22:46:07+00:00\" \/>\n<meta property=\"og:image\" content=\"https:\/\/legendatours.com\/wp-content\/uploads\/sites\/12\/2021\/04\/WalkingCloseToNature_WestAlgarve-e1611680639639.jpg\" \/>\n\t<meta property=\"og:image:width\" content=\"1024\" \/>\n\t<meta property=\"og:image:height\" content=\"685\" \/>\n\t<meta property=\"og:image:type\" content=\"image\/jpeg\" \/>\n<meta name=\"twitter:card\" content=\"summary_large_image\" \/>\n<meta name=\"twitter:label1\" content=\"Ber\u00e4knad l\u00e4stid\" \/>\n\t<meta name=\"twitter:data1\" content=\"3 minuter\" \/>\n<script type=\"application\/ld+json\" class=\"yoast-schema-graph\">{\"@context\":\"https:\\\/\\\/schema.org\",\"@graph\":[{\"@type\":\"WebPage\",\"@id\":\"https:\\\/\\\/legendatours.com\\\/product\\\/walking-close-to-nature-in-the-west-algarve-carvoeiro-1602s\\\/\",\"url\":\"https:\\\/\\\/legendatours.com\\\/product\\\/walking-close-to-nature-in-the-west-algarve-carvoeiro-1602s\\\/\",\"name\":\"Holidays in Carvoeiro: Walking Close to Nature in the West Algarve - Legendary Adventure DMC Portugal\",\"isPartOf\":{\"@id\":\"https:\\\/\\\/legendatours.com\\\/#website\"},\"primaryImageOfPage\":{\"@id\":\"https:\\\/\\\/legendatours.com\\\/product\\\/walking-close-to-nature-in-the-west-algarve-carvoeiro-1602s\\\/#primaryimage\"},\"image\":{\"@id\":\"https:\\\/\\\/legendatours.com\\\/product\\\/walking-close-to-nature-in-the-west-algarve-carvoeiro-1602s\\\/#primaryimage\"},\"thumbnailUrl\":\"https:\\\/\\\/legendatours.com\\\/wp-content\\\/uploads\\\/sites\\\/12\\\/2021\\\/04\\\/WalkingCloseToNature_WestAlgarve-e1611680639639.jpg\",\"datePublished\":\"2020-03-06T13:35:32+00:00\",\"dateModified\":\"2022-01-02T22:46:07+00:00\",\"description\":\"A Self-Guided walking tour for those who love to explore and be surprised. Hike in the woods and on top of magnificent cliffs, bordering the Atlantic Ocean.\",\"breadcrumb\":{\"@id\":\"https:\\\/\\\/legendatours.com\\\/product\\\/walking-close-to-nature-in-the-west-algarve-carvoeiro-1602s\\\/#breadcrumb\"},\"inLanguage\":\"sv-SE\",\"potentialAction\":[{\"@type\":\"ReadAction\",\"target\":[\"https:\\\/\\\/legendatours.com\\\/product\\\/walking-close-to-nature-in-the-west-algarve-carvoeiro-1602s\\\/\"]}]},{\"@type\":\"ImageObject\",\"inLanguage\":\"sv-SE\",\"@id\":\"https:\\\/\\\/legendatours.com\\\/product\\\/walking-close-to-nature-in-the-west-algarve-carvoeiro-1602s\\\/#primaryimage\",\"url\":\"https:\\\/\\\/legendatours.com\\\/wp-content\\\/uploads\\\/sites\\\/12\\\/2021\\\/04\\\/WalkingCloseToNature_WestAlgarve-e1611680639639.jpg\",\"contentUrl\":\"https:\\\/\\\/legendatours.com\\\/wp-content\\\/uploads\\\/sites\\\/12\\\/2021\\\/04\\\/WalkingCloseToNature_WestAlgarve-e1611680639639.jpg\",\"width\":1024,\"height\":685,\"caption\":\"Walking Close To Nature West Algarve\"},{\"@type\":\"BreadcrumbList\",\"@id\":\"https:\\\/\\\/legendatours.com\\\/product\\\/walking-close-to-nature-in-the-west-algarve-carvoeiro-1602s\\\/#breadcrumb\",\"itemListElement\":[{\"@type\":\"ListItem\",\"position\":1,\"name\":\"Home\",\"item\":\"https:\\\/\\\/legendatours.com\\\/\"},{\"@type\":\"ListItem\",\"position\":2,\"name\":\"Shop\",\"item\":\"https:\\\/\\\/legendatours.com\\\/sv\\\/?page_id=4\"},{\"@type\":\"ListItem\",\"position\":3,\"name\":\"Walking Close to Nature in the West Algarve (Carvoeiro) Walking Close to Nature in the West Algarve is a Self-Guided walking tour for those who love to explore and be surprised. Walk among the lush greenery of woodlands, or on top of magnificent cliffs against a backdrop of ocean blue, always in amazing locations full of wildlife. Our base is in Carvoeiro, a picturesque coastal resort town.\"}]},{\"@type\":\"WebSite\",\"@id\":\"https:\\\/\\\/legendatours.com\\\/#website\",\"url\":\"https:\\\/\\\/legendatours.com\\\/\",\"name\":\"Legendary Adventure DMC Portugal\",\"description\":\"Responsible Walking &amp; Nature Holidays in Portugal\",\"publisher\":{\"@id\":\"https:\\\/\\\/legendatours.com\\\/#organization\"},\"alternateName\":\"Legendary Adventure Portugal\",\"potentialAction\":[{\"@type\":\"SearchAction\",\"target\":{\"@type\":\"EntryPoint\",\"urlTemplate\":\"https:\\\/\\\/legendatours.com\\\/?s={search_term_string}\"},\"query-input\":{\"@type\":\"PropertyValueSpecification\",\"valueRequired\":true,\"valueName\":\"search_term_string\"}}],\"inLanguage\":\"sv-SE\"},{\"@type\":\"Organization\",\"@id\":\"https:\\\/\\\/legendatours.com\\\/#organization\",\"name\":\"legendatours.com\",\"url\":\"https:\\\/\\\/legendatours.com\\\/\",\"logo\":{\"@type\":\"ImageObject\",\"inLanguage\":\"sv-SE\",\"@id\":\"https:\\\/\\\/legendatours.com\\\/#\\\/schema\\\/logo\\\/image\\\/\",\"url\":\"https:\\\/\\\/legendatours.com\\\/wp-content\\\/uploads\\\/sites\\\/12\\\/2021\\\/06\\\/legendary_adventure_dmc.png\",\"contentUrl\":\"https:\\\/\\\/legendatours.com\\\/wp-content\\\/uploads\\\/sites\\\/12\\\/2021\\\/06\\\/legendary_adventure_dmc.png\",\"width\":250,\"height\":74,\"caption\":\"legendatours.com\"},\"image\":{\"@id\":\"https:\\\/\\\/legendatours.com\\\/#\\\/schema\\\/logo\\\/image\\\/\"},\"sameAs\":[\"https:\\\/\\\/www.facebook.com\\\/legendaryadventuredmc\\\/\",\"https:\\\/\\\/www.linkedin.com\\\/company\\\/legendary-adventure-dmc-portugal\",\"https:\\\/\\\/www.youtube.com\\\/channel\\\/UCOIRDx_KM6ynIcacQkZjb6g\"]}]}<\/script>\n<!-- \/ Yoast SEO Premium plugin. -->","yoast_head_json":{"title":"Semester i Carvoeiro: Vandring n\u00e4ra naturen i v\u00e4stra Algarve - Legendary Adventure DMC Portugal","description":"En sj\u00e4lvguidad vandringstur f\u00f6r dig som \u00e4lskar att utforska och bli \u00f6verraskad. Vandra i skogen och p\u00e5 toppen av magnifika klippor som gr\u00e4nsar till Atlanten.","robots":{"index":"index","follow":"follow","max-snippet":"max-snippet:-1","max-image-preview":"max-image-preview:large","max-video-preview":"max-video-preview:-1"},"canonical":"https:\/\/legendatours.com\/sv\/produkt\/walking-close-to-nature-in-the-west-algarve-carvoeiro-1602s\/","og_locale":"sv_SE","og_type":"article","og_title":"Holidays in Carvoeiro: Walking Close to Nature in the West Algarve","og_description":"A Self-Guided walking tour for those who love to explore and be surprised. Hike in the woods and on top of magnificent cliffs, bordering the Atlantic Ocean.","og_url":"https:\/\/legendatours.com\/sv\/produkt\/walking-close-to-nature-in-the-west-algarve-carvoeiro-1602s\/","og_site_name":"Legendary Adventure DMC Portugal","article_publisher":"https:\/\/www.facebook.com\/legendaryadventuredmc\/","article_modified_time":"2022-01-02T22:46:07+00:00","og_image":[{"width":1024,"height":685,"url":"https:\/\/legendatours.com\/wp-content\/uploads\/sites\/12\/2021\/04\/WalkingCloseToNature_WestAlgarve-e1611680639639.jpg","type":"image\/jpeg"}],"twitter_card":"summary_large_image","twitter_misc":{"Ber\u00e4knad l\u00e4stid":"3 minuter"},"schema":{"@context":"https:\/\/schema.org","@graph":[{"@type":"WebPage","@id":"https:\/\/legendatours.com\/product\/walking-close-to-nature-in-the-west-algarve-carvoeiro-1602s\/","url":"https:\/\/legendatours.com\/product\/walking-close-to-nature-in-the-west-algarve-carvoeiro-1602s\/","name":"Semester i Carvoeiro: Vandring n\u00e4ra naturen i v\u00e4stra Algarve - Legendary Adventure DMC Portugal","isPartOf":{"@id":"https:\/\/legendatours.com\/#website"},"primaryImageOfPage":{"@id":"https:\/\/legendatours.com\/product\/walking-close-to-nature-in-the-west-algarve-carvoeiro-1602s\/#primaryimage"},"image":{"@id":"https:\/\/legendatours.com\/product\/walking-close-to-nature-in-the-west-algarve-carvoeiro-1602s\/#primaryimage"},"thumbnailUrl":"https:\/\/legendatours.com\/wp-content\/uploads\/sites\/12\/2021\/04\/WalkingCloseToNature_WestAlgarve-e1611680639639.jpg","datePublished":"2020-03-06T13:35:32+00:00","dateModified":"2022-01-02T22:46:07+00:00","description":"En sj\u00e4lvguidad vandringstur f\u00f6r dig som \u00e4lskar att utforska och bli \u00f6verraskad. Vandra i skogen och p\u00e5 toppen av magnifika klippor som gr\u00e4nsar till Atlanten.","breadcrumb":{"@id":"https:\/\/legendatours.com\/product\/walking-close-to-nature-in-the-west-algarve-carvoeiro-1602s\/#breadcrumb"},"inLanguage":"sv-SE","potentialAction":[{"@type":"ReadAction","target":["https:\/\/legendatours.com\/product\/walking-close-to-nature-in-the-west-algarve-carvoeiro-1602s\/"]}]},{"@type":"ImageObject","inLanguage":"sv-SE","@id":"https:\/\/legendatours.com\/product\/walking-close-to-nature-in-the-west-algarve-carvoeiro-1602s\/#primaryimage","url":"https:\/\/legendatours.com\/wp-content\/uploads\/sites\/12\/2021\/04\/WalkingCloseToNature_WestAlgarve-e1611680639639.jpg","contentUrl":"https:\/\/legendatours.com\/wp-content\/uploads\/sites\/12\/2021\/04\/WalkingCloseToNature_WestAlgarve-e1611680639639.jpg","width":1024,"height":685,"caption":"Walking Close To Nature West Algarve"},{"@type":"BreadcrumbList","@id":"https:\/\/legendatours.com\/product\/walking-close-to-nature-in-the-west-algarve-carvoeiro-1602s\/#breadcrumb","itemListElement":[{"@type":"ListItem","position":1,"name":"Home","item":"https:\/\/legendatours.com\/"},{"@type":"ListItem","position":2,"name":"Shop","item":"https:\/\/legendatours.com\/sv\/?page_id=4"},{"@type":"ListItem","position":3,"name":"Walking Close to Nature in the West Algarve (Carvoeiro) Walking Close to Nature in the West Algarve is a Self-Guided walking tour for those who love to explore and be surprised. Walk among the lush greenery of woodlands, or on top of magnificent cliffs against a backdrop of ocean blue, always in amazing locations full of wildlife. Our base is in Carvoeiro, a picturesque coastal resort town."}]},{"@type":"WebSite","@id":"https:\/\/legendatours.com\/#website","url":"https:\/\/legendatours.com\/","name":"Legendariskt \u00e4ventyr DMC Portugal","description":"Ansvarsfulla vandringar och natursemester i Portugal","publisher":{"@id":"https:\/\/legendatours.com\/#organization"},"alternateName":"Legendary Adventure Portugal","potentialAction":[{"@type":"SearchAction","target":{"@type":"EntryPoint","urlTemplate":"https:\/\/legendatours.com\/?s={search_term_string}"},"query-input":{"@type":"PropertyValueSpecification","valueRequired":true,"valueName":"search_term_string"}}],"inLanguage":"sv-SE"},{"@type":"Organization","@id":"https:\/\/legendatours.com\/#organization","name":"legendatours.com","url":"https:\/\/legendatours.com\/","logo":{"@type":"ImageObject","inLanguage":"sv-SE","@id":"https:\/\/legendatours.com\/#\/schema\/logo\/image\/","url":"https:\/\/legendatours.com\/wp-content\/uploads\/sites\/12\/2021\/06\/legendary_adventure_dmc.png","contentUrl":"https:\/\/legendatours.com\/wp-content\/uploads\/sites\/12\/2021\/06\/legendary_adventure_dmc.png","width":250,"height":74,"caption":"legendatours.com"},"image":{"@id":"https:\/\/legendatours.com\/#\/schema\/logo\/image\/"},"sameAs":["https:\/\/www.facebook.com\/legendaryadventuredmc\/","https:\/\/www.linkedin.com\/company\/legendary-adventure-dmc-portugal","https:\/\/www.youtube.com\/channel\/UCOIRDx_KM6ynIcacQkZjb6g"]}]}},"_links":{"self":[{"href":"https:\/\/legendatours.com\/sv\/wp-json\/wp\/v2\/product\/8395","targetHints":{"allow":["GET"]}}],"collection":[{"href":"https:\/\/legendatours.com\/sv\/wp-json\/wp\/v2\/product"}],"about":[{"href":"https:\/\/legendatours.com\/sv\/wp-json\/wp\/v2\/types\/product"}],"replies":[{"embeddable":true,"href":"https:\/\/legendatours.com\/sv\/wp-json\/wp\/v2\/comments?post=8395"}],"wp:featuredmedia":[{"embeddable":true,"href":"https:\/\/legendatours.com\/sv\/wp-json\/wp\/v2\/media\/8120"}],"wp:attachment":[{"href":"https:\/\/legendatours.com\/sv\/wp-json\/wp\/v2\/media?parent=8395"}],"wp:term":[{"taxonomy":"product_brand","embeddable":true,"href":"https:\/\/legendatours.com\/sv\/wp-json\/wp\/v2\/product_brand?post=8395"},{"taxonomy":"product_cat","embeddable":true,"href":"https:\/\/legendatours.com\/sv\/wp-json\/wp\/v2\/product_cat?post=8395"},{"taxonomy":"product_tag","embeddable":true,"href":"https:\/\/legendatours.com\/sv\/wp-json\/wp\/v2\/product_tag?post=8395"}],"curies":[{"name":"wp","href":"https:\/\/api.w.org\/{rel}","templated":true}]}}