{"id":8397,"date":"2020-03-06T13:33:45","date_gmt":"2020-03-06T13:33:45","guid":{"rendered":"https:\/\/legendatours.com\/product\/holidays-in-lagos-walking-towards-the-sunset-in-the-west-algarve\/"},"modified":"2022-01-02T22:47:07","modified_gmt":"2022-01-02T22:47:07","slug":"walking-towards-the-sunset-in-the-west-algarve-lagos-1601s","status":"publish","type":"product","link":"https:\/\/legendatours.com\/sv\/produkt\/walking-towards-the-sunset-in-the-west-algarve-lagos-1601s\/","title":{"rendered":"Semester i Lagos: G\u00e5 mot solnedg\u00e5ngen i v\u00e4stra Algarve"},"content":{"rendered":"<p>V\u00e4stra Algarve har spektakul\u00e4ra klippor, grottor, grottor och maritimt landskap. Dess varierande geologi producerade ett rikt utbud av landskap, fr\u00e5n vulkaniska kullar till dramatiska kalkstensbranter, perfekt f\u00f6r promenader och sightseeing.<\/p>\n<p>Denna m\u00e5ngfald kompletteras av den lokala floran och faunan som blomstrar i sina milda soliga vintrar och l\u00e5nga varma somrar. Allt detta, tillsammans, g\u00f6r att vandra h\u00e4r fascinerande.<\/p>\n<div id=\"attachment_2088\" style=\"width: 1034px\" class=\"wp-caption alignnone\"><img loading=\"lazy\" decoding=\"async\" aria-describedby=\"caption-attachment-2088\" class=\"wp-image-2088 size-large\" title=\"Promenader i v\u00e4stra Algarve\" src=\"https:\/\/legendatours.net\/wp-content\/uploads\/2020\/03\/west_algarve-1024x770.jpg\" alt=\"Walking in the West Algarve\" width=\"1024\" height=\"770\" \/><p id=\"caption-attachment-2088\" class=\"wp-caption-text\">Promenader i v\u00e4stra Algarve, en fantastisk vandringsrutt, designad av lokala inv\u00e5nare<\/p><\/div>\n<p>Det finns s\u00e5 m\u00e5nga intressanta lager i v\u00e4stra Algarve. In\u00e5t landet, uppe i de gr\u00f6nskande kullarna, kommer du att se ett s\u00e4tt att leva som har f\u00f6rsvunnit fr\u00e5n stora delar av europeiska l\u00e4nder, d\u00e4r dagarna kretsar kring \u00e5rstiderna. Doftande frukttr\u00e4dg\u00e5rdar av citrus, kulturer av oliver, johannesbr\u00f6d och mandel som \u00e4r grundl\u00e4ggande ingredienser f\u00f6r gastronomin och de s\u00f6ta delikatesserna, och s\u00e4ljs p\u00e5 livliga lokala marknader. P\u00e5 de sm\u00e5 kullerstensgatorna i pittoreska byar hittar du vitkalkade hus, kaf\u00e9er och ett lugnt s\u00e4tt att leva.<\/p>\n<p>Havet och vattenkanalerna \u00e4r en annan del av v\u00e4stra Algarves natur. L\u00e4ngs kusten \u00e5ker fiskare ut till havet efter sardiner och bl\u00e4ckfisk, och i Alvors mynning vid l\u00e5gvatten kan man se folk g\u00e5 f\u00f6r att hitta skaldjur.<\/p>\n<div id=\"attachment_2084\" style=\"width: 1034px\" class=\"wp-caption alignnone\"><img loading=\"lazy\" decoding=\"async\" aria-describedby=\"caption-attachment-2084\" class=\"wp-image-2084 size-large\" src=\"https:\/\/legendatours.net\/wp-content\/uploads\/2020\/03\/barao_sao_joao-1024x694.jpg\" alt=\"Barao de Sao Joao\" width=\"1024\" height=\"694\" \/><p id=\"caption-attachment-2084\" class=\"wp-caption-text\">Barao de Sao Joao, en charmig by inb\u00e4ddad p\u00e5 landsbygden och fridfull landsbygd med en blandning av f\u00e4lt och skogar som ger natur\u00e4lskare en riktig njutning.<\/p><\/div>\n<p>Denna vandringstur \u00e4r baserad i Lagos, en kosmopolitisk stad som fr\u00e5n b\u00f6rjan var en port till Medelhavet. Det var fr\u00e5n dess breda bukt, omringad av Meia Praias fina sand, som Gil Eanes gav sig av, den f\u00f6rsta som rundade Kap Bojador; det var h\u00e4r kapare som Sir Francis Drake g\u00f6mde sig, och galjoner fulla av guld och \u00e4delstenar fr\u00e5n Amerika eller kryddor fr\u00e5n Indien lades i hamn.<\/p>\n<p>Muren som gr\u00e4nsar till Lagos marginella (vattenfronten) \u00e4r vacker och i gamla stan kan du hitta aff\u00e4rer, restauranger, massor av historia och kultur. Sist men inte minst vaknar Lagos till liv p\u00e5 natten med gatuartister och barer f\u00f6r alla smaker med livemusik.<\/p>\n<div id=\"attachment_1845\" style=\"width: 1034px\" class=\"wp-caption alignnone\"><img loading=\"lazy\" decoding=\"async\" aria-describedby=\"caption-attachment-1845\" class=\"wp-image-1845 size-large\" title=\"Apelsintr\u00e4d doftar luften p\u00e5 landsbygden i Algarve\" src=\"https:\/\/legendatours.net\/wp-content\/uploads\/2020\/03\/Orange-trees-1024x683.jpg\" alt=\"Orange trees perfume the air in the Algarve countryside\" width=\"1024\" height=\"683\" \/><p id=\"caption-attachment-1845\" class=\"wp-caption-text\">Apelsintr\u00e4d doftar luften p\u00e5 landsbygden i Algarve<\/p><\/div>\n<p>Oavsett vilken del av v\u00e4stra Algarve dina vandringsleder leder dig, kommer du att hitta v\u00e4lkomnande, v\u00e4nliga m\u00e4nniskor, utm\u00e4rkta lokala viner och uts\u00f6kt mat, fr\u00e5n den f\u00e4rskaste fisken till regionala r\u00e4tter fyllda med smak.<\/p>\n<p>V\u00e5ra sj\u00e4lvguidade vandringsturer \u00e4r noggrant utformade och inneh\u00e5ller all information du beh\u00f6ver, fr\u00e5n detaljerade kartor och v\u00e4ganteckningar till en 24-timmars hotline. Boendet, flygplatstransfer och transporter ing\u00e5r i promenadprogrammet.<\/p>\n<p>&nbsp;<\/p>\n<p>&nbsp;<\/p>\n<div class=\"row\" style=\"display: flex;\">\n<div class=\"column\" style=\"flex: 45%;\"><\/div>\n<div class=\"column\" style=\"flex: 10%;\"><\/div>\n<div class=\"column\" style=\"flex: 45%;\">\n<p><iframe loading=\"lazy\" title=\"Lagos, nya uppt\u00e4ckters land - Patrimonium\" width=\"1080\" height=\"608\" src=\"https:\/\/www.youtube.com\/embed\/1KkHCrpRIGQ?feature=oembed\" frameborder=\"0\" allow=\"accelerometer; autoplay; clipboard-write; encrypted-media; gyroscope; picture-in-picture\" allowfullscreen><\/iframe><\/p>\n<\/div>\n<\/div>","protected":false},"excerpt":{"rendered":"<p>Towards the Sunset: Walking in the West Algarve, \u00e4r en sj\u00e4lvguidad vandringstur designad f\u00f6r att erbjuda en intressant blandning av kust- och inlandsnaturvandringar, s\u00e5 att du kan uppt\u00e4cka de mindre k\u00e4nda underverken i v\u00e4stra Algarve. V\u00e5r bas \u00e4r den kosmopolitiska staden Lagos, en kort bit fr\u00e5n alla dessa olika promenadupplevelser.<\/p>","protected":false},"featured_media":7667,"comment_status":"closed","ping_status":"closed","template":"","meta":{"_acf_changed":false,"inline_featured_image":false},"product_brand":[],"product_cat":[301,856],"product_tag":[646,383,306,1050,428,635,84,85,155,86,900,1150,758,313,759,760,761,762,270,664,1051,1016,315,162,60,341,407,764,765,766,767,768,973,319,328,1023,728,1025,322,770,324,771,684,685,933,325,772,326,610,112,658,122,1052,645,123],"class_list":{"0":"post-8397","1":"product","2":"type-product","3":"status-publish","4":"has-post-thumbnail","6":"product_cat-self-guided-tours-portugal","7":"product_cat-self-guided-walking-holidays","8":"product_tag-algarve-coast","9":"product_tag-algarve-coastal-strip","10":"product_tag-alleine-reisen","11":"product_tag-along-the-coast","12":"product_tag-bird-watching","13":"product_tag-coastal-algarve-walk","14":"product_tag-dramatic-beauty-of-the-atlantic-coast","15":"product_tag-dramatic-cliffs","16":"product_tag-europe","17":"product_tag-fabulous-walks-along-the-coast","18":"product_tag-green-countryside","19":"product_tag-hikes-in-the-cliffs","20":"product_tag-individual-hiking","21":"product_tag-individuelle-touren","22":"product_tag-individuelle-trekkingreisen","23":"product_tag-individuelle-wandern","24":"product_tag-individuelle-wanderreisen","25":"product_tag-individuelle-wandertouren","26":"product_tag-lagos","27":"product_tag-local-fauna","28":"product_tag-local-markets","29":"product_tag-meia-praia","30":"product_tag-nature-activities","31":"product_tag-nature-walks","32":"product_tag-portugal","33":"product_tag-portugal-great-food-and-wine","34":"product_tag-portugal-perfect-walking-holiday","35":"product_tag-rando-autoguidee","36":"product_tag-rando-liberte","37":"product_tag-randonnee-autoguidee","38":"product_tag-randonnee-en-liberte","39":"product_tag-randonnee-liberte","40":"product_tag-river-arade","41":"product_tag-sejour-en-liberte","42":"product_tag-self-guided","43":"product_tag-self-guided-walking","44":"product_tag-self-guided-walking-holiday","45":"product_tag-sir-francis-drake","46":"product_tag-solo-reisen","47":"product_tag-solo-wandern","48":"product_tag-tours-autoguidees","49":"product_tag-trek-en-liberte","50":"product_tag-trek-solo","51":"product_tag-trekking-solo","52":"product_tag-undisturbed-places-in-portugal","53":"product_tag-voyage-en-liberte","54":"product_tag-voyages-a-pied-en-liberte","55":"product_tag-voyages-en-autonomie","56":"product_tag-walking-experiences","57":"product_tag-walking-holidays","58":"product_tag-walking-program","59":"product_tag-walking-tours","60":"product_tag-walking-towards-the-sunset","61":"product_tag-west-algarve","62":"product_tag-western-europe","64":"first","65":"instock","66":"virtual","67":"product-type-simple"},"acf":[],"yoast_head":"<!-- This site is optimized with the Yoast SEO Premium plugin v26.8 (Yoast SEO v27.4) - https:\/\/yoast.com\/product\/yoast-seo-premium-wordpress\/ -->\n<title>Holidays in Lagos: Walking Towards the Sunset in the West Algarve - Legendary Adventure DMC Portugal<\/title>\n<meta name=\"description\" content=\"A Self-Guided walking tour with an interesting mix of coastal and inland nature walks, allowing you to discover the less known wonders of the West Algarve.\" \/>\n<meta name=\"robots\" content=\"index, follow, max-snippet:-1, max-image-preview:large, max-video-preview:-1\" \/>\n<link rel=\"canonical\" href=\"https:\/\/legendatours.com\/sv\/produkt\/walking-towards-the-sunset-in-the-west-algarve-lagos-1601s\/\" \/>\n<meta property=\"og:locale\" content=\"sv_SE\" \/>\n<meta property=\"og:type\" content=\"article\" \/>\n<meta property=\"og:title\" content=\"Holidays in Lagos: Walking Towards the Sunset in the West Algarve\" \/>\n<meta property=\"og:description\" content=\"A Self-Guided walking tour with an interesting mix of coastal and inland nature walks, allowing you to discover the less known wonders of the West Algarve.\" \/>\n<meta property=\"og:url\" content=\"https:\/\/legendatours.com\/sv\/produkt\/walking-towards-the-sunset-in-the-west-algarve-lagos-1601s\/\" \/>\n<meta property=\"og:site_name\" content=\"Legendary Adventure DMC Portugal\" \/>\n<meta property=\"article:publisher\" content=\"https:\/\/www.facebook.com\/legendaryadventuredmc\/\" \/>\n<meta property=\"article:modified_time\" content=\"2022-01-02T22:47:07+00:00\" \/>\n<meta property=\"og:image\" content=\"https:\/\/legendatours.com\/wp-content\/uploads\/sites\/12\/2021\/04\/Sagres_dramatic_views_cliffs-e1611677789487.jpg\" \/>\n\t<meta property=\"og:image:width\" content=\"1024\" \/>\n\t<meta property=\"og:image:height\" content=\"686\" \/>\n\t<meta property=\"og:image:type\" content=\"image\/jpeg\" \/>\n<meta name=\"twitter:card\" content=\"summary_large_image\" \/>\n<meta name=\"twitter:label1\" content=\"Ber\u00e4knad l\u00e4stid\" \/>\n\t<meta name=\"twitter:data1\" content=\"2 minuter\" \/>\n<script type=\"application\/ld+json\" class=\"yoast-schema-graph\">{\"@context\":\"https:\\\/\\\/schema.org\",\"@graph\":[{\"@type\":\"WebPage\",\"@id\":\"https:\\\/\\\/legendatours.com\\\/product\\\/walking-towards-the-sunset-in-the-west-algarve-lagos-1601s\\\/\",\"url\":\"https:\\\/\\\/legendatours.com\\\/product\\\/walking-towards-the-sunset-in-the-west-algarve-lagos-1601s\\\/\",\"name\":\"Holidays in Lagos: Walking Towards the Sunset in the West Algarve - Legendary Adventure DMC Portugal\",\"isPartOf\":{\"@id\":\"https:\\\/\\\/legendatours.com\\\/#website\"},\"primaryImageOfPage\":{\"@id\":\"https:\\\/\\\/legendatours.com\\\/product\\\/walking-towards-the-sunset-in-the-west-algarve-lagos-1601s\\\/#primaryimage\"},\"image\":{\"@id\":\"https:\\\/\\\/legendatours.com\\\/product\\\/walking-towards-the-sunset-in-the-west-algarve-lagos-1601s\\\/#primaryimage\"},\"thumbnailUrl\":\"https:\\\/\\\/legendatours.com\\\/wp-content\\\/uploads\\\/sites\\\/12\\\/2021\\\/04\\\/Sagres_dramatic_views_cliffs-e1611677789487.jpg\",\"datePublished\":\"2020-03-06T13:33:45+00:00\",\"dateModified\":\"2022-01-02T22:47:07+00:00\",\"description\":\"A Self-Guided walking tour with an interesting mix of coastal and inland nature walks, allowing you to discover the less known wonders of the West Algarve.\",\"breadcrumb\":{\"@id\":\"https:\\\/\\\/legendatours.com\\\/product\\\/walking-towards-the-sunset-in-the-west-algarve-lagos-1601s\\\/#breadcrumb\"},\"inLanguage\":\"sv-SE\",\"potentialAction\":[{\"@type\":\"ReadAction\",\"target\":[\"https:\\\/\\\/legendatours.com\\\/product\\\/walking-towards-the-sunset-in-the-west-algarve-lagos-1601s\\\/\"]}]},{\"@type\":\"ImageObject\",\"inLanguage\":\"sv-SE\",\"@id\":\"https:\\\/\\\/legendatours.com\\\/product\\\/walking-towards-the-sunset-in-the-west-algarve-lagos-1601s\\\/#primaryimage\",\"url\":\"https:\\\/\\\/legendatours.com\\\/wp-content\\\/uploads\\\/sites\\\/12\\\/2021\\\/04\\\/Sagres_dramatic_views_cliffs-e1611677789487.jpg\",\"contentUrl\":\"https:\\\/\\\/legendatours.com\\\/wp-content\\\/uploads\\\/sites\\\/12\\\/2021\\\/04\\\/Sagres_dramatic_views_cliffs-e1611677789487.jpg\",\"width\":1024,\"height\":686,\"caption\":\"Dramatic Views from West Algarve cliffs\"},{\"@type\":\"BreadcrumbList\",\"@id\":\"https:\\\/\\\/legendatours.com\\\/product\\\/walking-towards-the-sunset-in-the-west-algarve-lagos-1601s\\\/#breadcrumb\",\"itemListElement\":[{\"@type\":\"ListItem\",\"position\":1,\"name\":\"Home\",\"item\":\"https:\\\/\\\/legendatours.com\\\/\"},{\"@type\":\"ListItem\",\"position\":2,\"name\":\"Shop\",\"item\":\"https:\\\/\\\/legendatours.com\\\/sv\\\/?page_id=4\"},{\"@type\":\"ListItem\",\"position\":3,\"name\":\"Walking Towards the Sunset in the West Algarve (Lagos) Towards the Sunset: Walking in the West Algarve, is a Self-Guided walking tour designed to offer an interesting mix of coastal and inland nature walks, allowing you to discover the less known wonders of the West Algarve. Our base is the cosmopolitan city of Lagos, a short distance away from all these different walking experiences.\"}]},{\"@type\":\"WebSite\",\"@id\":\"https:\\\/\\\/legendatours.com\\\/#website\",\"url\":\"https:\\\/\\\/legendatours.com\\\/\",\"name\":\"Legendary Adventure DMC Portugal\",\"description\":\"Responsible Walking &amp; Nature Holidays in Portugal\",\"publisher\":{\"@id\":\"https:\\\/\\\/legendatours.com\\\/#organization\"},\"alternateName\":\"Legendary Adventure Portugal\",\"potentialAction\":[{\"@type\":\"SearchAction\",\"target\":{\"@type\":\"EntryPoint\",\"urlTemplate\":\"https:\\\/\\\/legendatours.com\\\/?s={search_term_string}\"},\"query-input\":{\"@type\":\"PropertyValueSpecification\",\"valueRequired\":true,\"valueName\":\"search_term_string\"}}],\"inLanguage\":\"sv-SE\"},{\"@type\":\"Organization\",\"@id\":\"https:\\\/\\\/legendatours.com\\\/#organization\",\"name\":\"legendatours.com\",\"url\":\"https:\\\/\\\/legendatours.com\\\/\",\"logo\":{\"@type\":\"ImageObject\",\"inLanguage\":\"sv-SE\",\"@id\":\"https:\\\/\\\/legendatours.com\\\/#\\\/schema\\\/logo\\\/image\\\/\",\"url\":\"https:\\\/\\\/legendatours.com\\\/wp-content\\\/uploads\\\/sites\\\/12\\\/2021\\\/06\\\/legendary_adventure_dmc.png\",\"contentUrl\":\"https:\\\/\\\/legendatours.com\\\/wp-content\\\/uploads\\\/sites\\\/12\\\/2021\\\/06\\\/legendary_adventure_dmc.png\",\"width\":250,\"height\":74,\"caption\":\"legendatours.com\"},\"image\":{\"@id\":\"https:\\\/\\\/legendatours.com\\\/#\\\/schema\\\/logo\\\/image\\\/\"},\"sameAs\":[\"https:\\\/\\\/www.facebook.com\\\/legendaryadventuredmc\\\/\",\"https:\\\/\\\/www.linkedin.com\\\/company\\\/legendary-adventure-dmc-portugal\",\"https:\\\/\\\/www.youtube.com\\\/channel\\\/UCOIRDx_KM6ynIcacQkZjb6g\"]}]}<\/script>\n<!-- \/ Yoast SEO Premium plugin. -->","yoast_head_json":{"title":"Semester i Lagos: Promenad mot solnedg\u00e5ngen i v\u00e4stra Algarve - Legendariskt \u00e4ventyr DMC Portugal","description":"En sj\u00e4lvguidad vandringstur med en intressant blandning av kust- och inlandsnaturvandringar, s\u00e5 att du kan uppt\u00e4cka de mindre k\u00e4nda underverken i v\u00e4stra Algarve.","robots":{"index":"index","follow":"follow","max-snippet":"max-snippet:-1","max-image-preview":"max-image-preview:large","max-video-preview":"max-video-preview:-1"},"canonical":"https:\/\/legendatours.com\/sv\/produkt\/walking-towards-the-sunset-in-the-west-algarve-lagos-1601s\/","og_locale":"sv_SE","og_type":"article","og_title":"Holidays in Lagos: Walking Towards the Sunset in the West Algarve","og_description":"A Self-Guided walking tour with an interesting mix of coastal and inland nature walks, allowing you to discover the less known wonders of the West Algarve.","og_url":"https:\/\/legendatours.com\/sv\/produkt\/walking-towards-the-sunset-in-the-west-algarve-lagos-1601s\/","og_site_name":"Legendary Adventure DMC Portugal","article_publisher":"https:\/\/www.facebook.com\/legendaryadventuredmc\/","article_modified_time":"2022-01-02T22:47:07+00:00","og_image":[{"width":1024,"height":686,"url":"https:\/\/legendatours.com\/wp-content\/uploads\/sites\/12\/2021\/04\/Sagres_dramatic_views_cliffs-e1611677789487.jpg","type":"image\/jpeg"}],"twitter_card":"summary_large_image","twitter_misc":{"Ber\u00e4knad l\u00e4stid":"2 minuter"},"schema":{"@context":"https:\/\/schema.org","@graph":[{"@type":"WebPage","@id":"https:\/\/legendatours.com\/product\/walking-towards-the-sunset-in-the-west-algarve-lagos-1601s\/","url":"https:\/\/legendatours.com\/product\/walking-towards-the-sunset-in-the-west-algarve-lagos-1601s\/","name":"Semester i Lagos: Promenad mot solnedg\u00e5ngen i v\u00e4stra Algarve - Legendariskt \u00e4ventyr DMC Portugal","isPartOf":{"@id":"https:\/\/legendatours.com\/#website"},"primaryImageOfPage":{"@id":"https:\/\/legendatours.com\/product\/walking-towards-the-sunset-in-the-west-algarve-lagos-1601s\/#primaryimage"},"image":{"@id":"https:\/\/legendatours.com\/product\/walking-towards-the-sunset-in-the-west-algarve-lagos-1601s\/#primaryimage"},"thumbnailUrl":"https:\/\/legendatours.com\/wp-content\/uploads\/sites\/12\/2021\/04\/Sagres_dramatic_views_cliffs-e1611677789487.jpg","datePublished":"2020-03-06T13:33:45+00:00","dateModified":"2022-01-02T22:47:07+00:00","description":"En sj\u00e4lvguidad vandringstur med en intressant blandning av kust- och inlandsnaturvandringar, s\u00e5 att du kan uppt\u00e4cka de mindre k\u00e4nda underverken i v\u00e4stra Algarve.","breadcrumb":{"@id":"https:\/\/legendatours.com\/product\/walking-towards-the-sunset-in-the-west-algarve-lagos-1601s\/#breadcrumb"},"inLanguage":"sv-SE","potentialAction":[{"@type":"ReadAction","target":["https:\/\/legendatours.com\/product\/walking-towards-the-sunset-in-the-west-algarve-lagos-1601s\/"]}]},{"@type":"ImageObject","inLanguage":"sv-SE","@id":"https:\/\/legendatours.com\/product\/walking-towards-the-sunset-in-the-west-algarve-lagos-1601s\/#primaryimage","url":"https:\/\/legendatours.com\/wp-content\/uploads\/sites\/12\/2021\/04\/Sagres_dramatic_views_cliffs-e1611677789487.jpg","contentUrl":"https:\/\/legendatours.com\/wp-content\/uploads\/sites\/12\/2021\/04\/Sagres_dramatic_views_cliffs-e1611677789487.jpg","width":1024,"height":686,"caption":"Dramatic Views from West Algarve cliffs"},{"@type":"BreadcrumbList","@id":"https:\/\/legendatours.com\/product\/walking-towards-the-sunset-in-the-west-algarve-lagos-1601s\/#breadcrumb","itemListElement":[{"@type":"ListItem","position":1,"name":"Home","item":"https:\/\/legendatours.com\/"},{"@type":"ListItem","position":2,"name":"Shop","item":"https:\/\/legendatours.com\/sv\/?page_id=4"},{"@type":"ListItem","position":3,"name":"Walking Towards the Sunset in the West Algarve (Lagos) Towards the Sunset: Walking in the West Algarve, is a Self-Guided walking tour designed to offer an interesting mix of coastal and inland nature walks, allowing you to discover the less known wonders of the West Algarve. Our base is the cosmopolitan city of Lagos, a short distance away from all these different walking experiences."}]},{"@type":"WebSite","@id":"https:\/\/legendatours.com\/#website","url":"https:\/\/legendatours.com\/","name":"Legendariskt \u00e4ventyr DMC Portugal","description":"Ansvarsfulla vandringar och natursemester i Portugal","publisher":{"@id":"https:\/\/legendatours.com\/#organization"},"alternateName":"Legendary Adventure Portugal","potentialAction":[{"@type":"SearchAction","target":{"@type":"EntryPoint","urlTemplate":"https:\/\/legendatours.com\/?s={search_term_string}"},"query-input":{"@type":"PropertyValueSpecification","valueRequired":true,"valueName":"search_term_string"}}],"inLanguage":"sv-SE"},{"@type":"Organization","@id":"https:\/\/legendatours.com\/#organization","name":"legendatours.com","url":"https:\/\/legendatours.com\/","logo":{"@type":"ImageObject","inLanguage":"sv-SE","@id":"https:\/\/legendatours.com\/#\/schema\/logo\/image\/","url":"https:\/\/legendatours.com\/wp-content\/uploads\/sites\/12\/2021\/06\/legendary_adventure_dmc.png","contentUrl":"https:\/\/legendatours.com\/wp-content\/uploads\/sites\/12\/2021\/06\/legendary_adventure_dmc.png","width":250,"height":74,"caption":"legendatours.com"},"image":{"@id":"https:\/\/legendatours.com\/#\/schema\/logo\/image\/"},"sameAs":["https:\/\/www.facebook.com\/legendaryadventuredmc\/","https:\/\/www.linkedin.com\/company\/legendary-adventure-dmc-portugal","https:\/\/www.youtube.com\/channel\/UCOIRDx_KM6ynIcacQkZjb6g"]}]}},"_links":{"self":[{"href":"https:\/\/legendatours.com\/sv\/wp-json\/wp\/v2\/product\/8397","targetHints":{"allow":["GET"]}}],"collection":[{"href":"https:\/\/legendatours.com\/sv\/wp-json\/wp\/v2\/product"}],"about":[{"href":"https:\/\/legendatours.com\/sv\/wp-json\/wp\/v2\/types\/product"}],"replies":[{"embeddable":true,"href":"https:\/\/legendatours.com\/sv\/wp-json\/wp\/v2\/comments?post=8397"}],"wp:featuredmedia":[{"embeddable":true,"href":"https:\/\/legendatours.com\/sv\/wp-json\/wp\/v2\/media\/7667"}],"wp:attachment":[{"href":"https:\/\/legendatours.com\/sv\/wp-json\/wp\/v2\/media?parent=8397"}],"wp:term":[{"taxonomy":"product_brand","embeddable":true,"href":"https:\/\/legendatours.com\/sv\/wp-json\/wp\/v2\/product_brand?post=8397"},{"taxonomy":"product_cat","embeddable":true,"href":"https:\/\/legendatours.com\/sv\/wp-json\/wp\/v2\/product_cat?post=8397"},{"taxonomy":"product_tag","embeddable":true,"href":"https:\/\/legendatours.com\/sv\/wp-json\/wp\/v2\/product_tag?post=8397"}],"curies":[{"name":"wp","href":"https:\/\/api.w.org\/{rel}","templated":true}]}}