{"id":8400,"date":"2020-03-06T13:15:51","date_gmt":"2020-03-06T13:15:51","guid":{"rendered":"https:\/\/legendatours.com\/product\/holidays-in-portimao-rambling-in-the-west-algarve\/"},"modified":"2025-03-10T12:18:02","modified_gmt":"2025-03-10T12:18:02","slug":"rambling-in-the-west-algarve-portimao-1600s","status":"publish","type":"product","link":"https:\/\/legendatours.com\/sv\/produkt\/rambling-in-the-west-algarve-portimao-1600s\/","title":{"rendered":"Helgdagar i Portim\u00e3o: vandring i v\u00e4stra Algarve"},"content":{"rendered":"<p>Vandring i v\u00e4stra Algarve \u00e4r en sp\u00e4nnande sj\u00e4lvguidad vandringstur i ett paradis f\u00f6r vandrare. Klimatet \u00e4r perfekt f\u00f6r vandring under st\u00f6rre delen av \u00e5ret, och landsbygden vimlar av vilda djur, f\u00e4rgglada blommor och pittoreska byar. Kustlinjen har imponerande klippformationer, klippor, avskilda str\u00e4nder och fantastiska bl\u00e5 havslandskap. Basen f\u00f6r v\u00e5r turn\u00e9 \u00e4r Portim\u00e3o, p\u00e5 stranden av floden Arade, en stad med en l\u00e5gm\u00e4ld och avslappnad atmosf\u00e4r. Den intilliggande Praia da Rocha \u00e4r en av de mest natursk\u00f6na och ber\u00f6mda badorterna i Algarve.<\/p>\n<div id=\"attachment_1923\" style=\"width: 1034px\" class=\"wp-caption alignnone\"><img loading=\"lazy\" decoding=\"async\" aria-describedby=\"caption-attachment-1923\" class=\"wp-image-1923 size-large\" title=\"Vandringssemester med v\u00e4nner i v\u00e4stra Algarve\" src=\"https:\/\/legendatours.net\/wp-content\/uploads\/2020\/03\/Walking-with-friends-in-the-West-Algarve-1024x685.jpg\" alt=\"Walking holidays with friends in the West Algarve\" width=\"1024\" height=\"685\" \/><p id=\"caption-attachment-1923\" class=\"wp-caption-text\">De b\u00e4sta promenadsemestern med v\u00e4nner i v\u00e4stra Algarve<\/p><\/div>\n<p>Promenaderna i denna noggrant utformade sj\u00e4lvguidade tur l\u00e5ter dig uppt\u00e4cka v\u00e4stra Algarve p\u00e5 ett mycket unikt s\u00e4tt. Fantastiska promenader l\u00e4ngs kusten med spektakul\u00e4ra klippformationer, grottor, vackra lugna str\u00e4nder, karga klippor med of\u00f6rgl\u00f6mliga havslandskap och pittoreska fiskebyar.<\/p>\n<p>Ov\u00e4ntade promenader i inlandet p\u00e5 platser d\u00e4r livet kretsar kring \u00e5rstiderna, mestadels p\u00e5 icke-turistiska stigar, utanf\u00f6r allfartsv\u00e4garna, vilket ger oss en inblick i det traditionella Algarviens s\u00e4tt att leva n\u00e4r vi g\u00e5r genom gamla jordbruksmark, sm\u00e5bruk och doftande frukttr\u00e4dg\u00e5rdar.<\/p>\n<p>Den vackra floden Arade och dess b\u00f6rdiga str\u00e4nder, leder till Silves, den antika moriska huvudstaden i Algarve.<\/p>\n<div id=\"attachment_1898\" style=\"width: 1034px\" class=\"wp-caption alignnone\"><img loading=\"lazy\" decoding=\"async\" aria-describedby=\"caption-attachment-1898\" class=\"wp-image-1898 size-large\" title=\"Charmiga bl\u00e5 hus i v\u00e4stra Algarve\" src=\"https:\/\/legendatours.net\/wp-content\/uploads\/2020\/03\/Charming-blue-houses-in-the-West-Algarve-1024x685.jpg\" alt=\"Walking in the West Algarve Ferragudo\" width=\"1024\" height=\"685\" \/><p id=\"caption-attachment-1898\" class=\"wp-caption-text\">Charmiga bl\u00e5 hus i v\u00e4stra Algarve, en hisnande vacker del av v\u00e4rlden f\u00f6r promenader.<\/p><\/div>\n<p>Den skyddade Alvors mynning \u00e4r en naturlig tillflyktsort med ett brett utbud av livsmilj\u00f6er och rik biologisk m\u00e5ngfald. Promenaderna anv\u00e4nder lugna stigar och gr\u00e4nder f\u00f6r att ta oss genom en m\u00e4ngd olika landskap fr\u00e5n salta k\u00e4rr, jordbruksmark, betesmarker och frukttr\u00e4dg\u00e5rdar. Det \u00e4r bra f\u00f6r f\u00e5gellivsobservationer, s\u00e5 packa din kikare!<\/p>\n<p>D\u00e4r kan vi uppskatta det st\u00e4ndigt f\u00f6r\u00e4nderliga bl\u00e5tt och gr\u00f6nt i de inre lagunerna, s\u00e5v\u00e4l som den vackra Rocha Delicada (&#039;Delicate Rock&#039; eller &#039;Elegant Rock&#039;), en ockra klippformation.<\/p>\n<p>Den natursk\u00f6na byn Ferragudo, ett utm\u00e4rkt exempel p\u00e5 en typisk fiskeby, med en rad f\u00e4rgglada fiskeb\u00e5tar och vitkalkade hus kantade i svalt bl\u00e5tt.<\/p>\n<p>Denna sj\u00e4lvguidade vandringstur i v\u00e4stra Algarve har verkligen n\u00e5got f\u00f6r alla, och du kommer att bli bortsk\u00e4md med variationen och sk\u00f6nheten i vandringsplatserna.<\/p>\n<p>Ljuset och v\u00e4dret p\u00e5 v\u00e4stra Algarve \u00e4r fantastiskt, \u00e4ven under vinterm\u00e5naderna, vilket g\u00f6r det till en h\u00e4rlig region f\u00f6r promenader och naturaktiviteter. P\u00e5 de sm\u00e5 kullerstensgatorna i pittoreska byar hittar du vitkalkade hus, kaf\u00e9er och ett lugnt s\u00e4tt att leva.<\/p>\n<div id=\"attachment_1899\" style=\"width: 1034px\" class=\"wp-caption alignnone\"><img loading=\"lazy\" decoding=\"async\" aria-describedby=\"caption-attachment-1899\" class=\"wp-image-1899 size-large\" title=\"Algarve kustpromenad\" src=\"https:\/\/legendatours.net\/wp-content\/uploads\/2020\/03\/coastal_walk-1024x685.jpg\" alt=\"Algarve coastal walk\" width=\"1024\" height=\"685\" \/><p id=\"caption-attachment-1899\" class=\"wp-caption-text\">Algarve kustpromenad. En fantastisk resplan med promenader, designad av lokala inv\u00e5nare.<\/p><\/div>\n<p>Oavsett vilken del av v\u00e4stra Algarve dina vandringsleder leder dig, kommer du att hitta v\u00e4lkomnande, v\u00e4nliga m\u00e4nniskor, utm\u00e4rkta lokala viner och uts\u00f6kt mat, fr\u00e5n den f\u00e4rskaste fisken till regionala r\u00e4tter fyllda med smak.<\/p>\n<p>F\u00f6r att komma under huden p\u00e5 v\u00e4stra Algarve och se den n\u00e4r den \u00e4r som b\u00e4st, njut av v\u00e5ra k\u00f6rsb\u00e4rsplockade promenader, f\u00f6r de kombinerar alla ingredienser f\u00f6r en perfekt promenadsemester samtidigt som de ger en verklig k\u00e4nsla av plats.<\/p>\n<p>Det \u00e4r verkligen f\u00f6r det som vi erbjuder denna vandringstur: Vandring i v\u00e4stra Algarve, baserat i Portim\u00e3o!<\/p>\n<p>V\u00e5ra sj\u00e4lvguidade vandringsturer \u00e4r noggrant utformade och inneh\u00e5ller all information du beh\u00f6ver, fr\u00e5n detaljerade kartor och v\u00e4ganteckningar till en 24-timmars hotline. Boendet, flygplatstransfer och transporter ing\u00e5r i promenadprogrammet.<\/p>\n<p>&nbsp;<\/p>\n<p>&nbsp;<\/p>\n<div class=\"row\">\n<div class=\"column\" style=\"flex: 45%\"><\/div>\n<div class=\"column\" style=\"flex: 10%\"><\/div>\n<div class=\"column\" style=\"flex: 45%\">\n<p><iframe loading=\"lazy\" title=\"Alvor Tour - Algarve - Portugal HD\" width=\"1080\" height=\"608\" src=\"https:\/\/www.youtube.com\/embed\/VJnXsd5Apt8?feature=oembed\" frameborder=\"0\" allow=\"accelerometer; autoplay; clipboard-write; encrypted-media; gyroscope; picture-in-picture\" allowfullscreen><\/iframe><\/p>\n<\/div>\n<\/div>","protected":false},"excerpt":{"rendered":"<p>Vandring i v\u00e4stra Algarve \u00e4r en sp\u00e4nnande sj\u00e4lvguidad vandringstur i ett paradis f\u00f6r vandrare. Klimatet \u00e4r perfekt f\u00f6r vandring under st\u00f6rre delen av \u00e5ret, och landsbygden vimlar av vilda djur, f\u00e4rgglada blommor och pittoreska byar. Kustlinjen har imponerande klippformationer, klippor, avskilda str\u00e4nder och fantastiska bl\u00e5 havslandskap. Basen f\u00f6r v\u00e5r turn\u00e9 \u00e4r Portim\u00e3o, p\u00e5 stranden av floden Arade, en stad med en l\u00e5gm\u00e4ld och avslappnad atmosf\u00e4r. Den intilliggande Praia da Rocha \u00e4r en av de mest natursk\u00f6na och ber\u00f6mda badorterna i Algarve.<\/p>","protected":false},"featured_media":8218,"comment_status":"closed","ping_status":"closed","template":"","meta":{"_acf_changed":false,"inline_featured_image":false},"product_brand":[],"product_cat":[301,856],"product_tag":[147,149,631,647,852,306,827,633,1053,428,1054,867,34,850,681,153,811,214,337,730,154,155,86,1055,732,900,682,156,218,1056,758,313,759,760,761,762,868,93,683,271,99,745,162,1057,1058,558,860,861,747,165,106,640,60,341,641,1059,167,764,765,766,767,768,788,973,1041,319,328,1023,728,753,228,343,322,770,1060,324,1061,864,771,684,685,933,1042,325,772,326,1049,121,756,180,421,757,645,422,785,145],"class_list":{"0":"post-8400","1":"product","2":"type-product","3":"status-publish","4":"has-post-thumbnail","6":"product_cat-self-guided-tours-portugal","7":"product_cat-self-guided-walking-holidays","8":"product_tag-algarve","9":"product_tag-algarve-flowers","10":"product_tag-algarve-rock-formations","11":"product_tag-algarve-secluded-beaches","12":"product_tag-algarve-villages","13":"product_tag-alleine-reisen","14":"product_tag-almonds","15":"product_tag-alvor","16":"product_tag-beautiful-quiet-beaches","17":"product_tag-bird-watching","18":"product_tag-blue-seascapes","19":"product_tag-carobs","20":"product_tag-caves","21":"product_tag-cliff-top","22":"product_tag-cliffs","23":"product_tag-countryside","24":"product_tag-crafted-self-guided-tour","25":"product_tag-culture","26":"product_tag-delicious-food","27":"product_tag-discover-the-west-algarve","28":"product_tag-east-algarve","29":"product_tag-europe","30":"product_tag-fabulous-walks-along-the-coast","31":"product_tag-famous-beach-resorts-in-the-algarve","32":"product_tag-golden-beaches","33":"product_tag-green-countryside","34":"product_tag-grottoes","35":"product_tag-hiking","36":"product_tag-history","37":"product_tag-impressive-rock-formations","38":"product_tag-individual-hiking","39":"product_tag-individuelle-touren","40":"product_tag-individuelle-trekkingreisen","41":"product_tag-individuelle-wandern","42":"product_tag-individuelle-wanderreisen","43":"product_tag-individuelle-wandertouren","44":"product_tag-inland-algarve","45":"product_tag-inland-walks","46":"product_tag-limestone-rocks","47":"product_tag-lush-green-hills","48":"product_tag-natural-scenery","49":"product_tag-nature-hikes","50":"product_tag-nature-walks","51":"product_tag-non-touristic-paths","52":"product_tag-off-the-beaten-track","53":"product_tag-olives","54":"product_tag-oranges","55":"product_tag-orchards","56":"product_tag-paths","57":"product_tag-perfect-for-hiking","58":"product_tag-picturesque-landscapes","59":"product_tag-portimao","60":"product_tag-portugal","61":"product_tag-portugal-great-food-and-wine","62":"product_tag-praia-da-rocha","63":"product_tag-quaint-fishing-villages","64":"product_tag-rambling","65":"product_tag-rando-autoguidee","66":"product_tag-rando-liberte","67":"product_tag-randonnee-autoguidee","68":"product_tag-randonnee-en-liberte","69":"product_tag-randonnee-liberte","70":"product_tag-ria-de-alvor","71":"product_tag-river-arade","72":"product_tag-rocha-delicada","73":"product_tag-sejour-en-liberte","74":"product_tag-self-guided","75":"product_tag-self-guided-walking","76":"product_tag-self-guided-walking-holiday","77":"product_tag-self-guided-walking-tour","78":"product_tag-sightseeing","79":"product_tag-silves","80":"product_tag-solo-reisen","81":"product_tag-solo-wandern","82":"product_tag-spectacular-rock-formations","83":"product_tag-tours-autoguidees","84":"product_tag-traditional-algarvian-way-of-life","85":"product_tag-trails","86":"product_tag-trek-en-liberte","87":"product_tag-trek-solo","88":"product_tag-trekking-solo","89":"product_tag-undisturbed-places-in-portugal","90":"product_tag-vale-da-lama","91":"product_tag-voyage-en-liberte","92":"product_tag-voyages-a-pied-en-liberte","93":"product_tag-voyages-en-autonomie","94":"product_tag-walkers-paradise","95":"product_tag-walking","96":"product_tag-walking-holiday","97":"product_tag-walking-tour","98":"product_tag-walking-trails","99":"product_tag-walks","100":"product_tag-west-algarve","101":"product_tag-wild-flowers","102":"product_tag-wildlife-algarve","103":"product_tag-wines","105":"first","106":"instock","107":"virtual","108":"product-type-simple"},"acf":[],"yoast_head":"<!-- This site is optimized with the Yoast SEO Premium plugin v26.8 (Yoast SEO v27.5) - https:\/\/yoast.com\/product\/yoast-seo-premium-wordpress\/ -->\n<title>Holidays in Portim\u00e3o: Rambling in the West Algarve - Legendary Adventure DMC Portugal<\/title>\n<meta name=\"description\" content=\"An exciting Self-Guided tour in the West Algarve, a true walker\u2019s paradise destination, where the climate is perfect for hiking for most of the year.\" \/>\n<meta name=\"robots\" content=\"index, follow, max-snippet:-1, max-image-preview:large, max-video-preview:-1\" \/>\n<link rel=\"canonical\" href=\"https:\/\/legendatours.com\/sv\/produkt\/rambling-in-the-west-algarve-portimao-1600s\/\" \/>\n<meta property=\"og:locale\" content=\"sv_SE\" \/>\n<meta property=\"og:type\" content=\"article\" \/>\n<meta property=\"og:title\" content=\"Holidays in Portim\u00e3o: Rambling in the West Algarve\" \/>\n<meta property=\"og:description\" content=\"An exciting Self-Guided tour in the West Algarve, a true walker\u2019s paradise destination, where the climate is perfect for hiking for most of the year.\" \/>\n<meta property=\"og:url\" content=\"https:\/\/legendatours.com\/sv\/produkt\/rambling-in-the-west-algarve-portimao-1600s\/\" \/>\n<meta property=\"og:site_name\" content=\"Legendary Adventure DMC Portugal\" \/>\n<meta property=\"article:publisher\" content=\"https:\/\/www.facebook.com\/legendaryadventuredmc\/\" \/>\n<meta property=\"article:modified_time\" content=\"2025-03-10T12:18:02+00:00\" \/>\n<meta property=\"og:image\" content=\"https:\/\/legendatours.com\/wp-content\/uploads\/sites\/12\/2021\/04\/Self_Guided_Walking_West_Algarve-e1611678020577.jpg\" \/>\n\t<meta property=\"og:image:width\" content=\"1024\" \/>\n\t<meta property=\"og:image:height\" content=\"685\" \/>\n\t<meta property=\"og:image:type\" content=\"image\/jpeg\" \/>\n<meta name=\"twitter:card\" content=\"summary_large_image\" \/>\n<meta name=\"twitter:label1\" content=\"Ber\u00e4knad l\u00e4stid\" \/>\n\t<meta name=\"twitter:data1\" content=\"3 minuter\" \/>\n<script type=\"application\/ld+json\" class=\"yoast-schema-graph\">{\"@context\":\"https:\\\/\\\/schema.org\",\"@graph\":[{\"@type\":\"WebPage\",\"@id\":\"https:\\\/\\\/legendatours.com\\\/product\\\/rambling-in-the-west-algarve-portimao-1600s\\\/\",\"url\":\"https:\\\/\\\/legendatours.com\\\/product\\\/rambling-in-the-west-algarve-portimao-1600s\\\/\",\"name\":\"Holidays in Portim\u00e3o: Rambling in the West Algarve - Legendary Adventure DMC Portugal\",\"isPartOf\":{\"@id\":\"https:\\\/\\\/legendatours.com\\\/#website\"},\"primaryImageOfPage\":{\"@id\":\"https:\\\/\\\/legendatours.com\\\/product\\\/rambling-in-the-west-algarve-portimao-1600s\\\/#primaryimage\"},\"image\":{\"@id\":\"https:\\\/\\\/legendatours.com\\\/product\\\/rambling-in-the-west-algarve-portimao-1600s\\\/#primaryimage\"},\"thumbnailUrl\":\"https:\\\/\\\/legendatours.com\\\/wp-content\\\/uploads\\\/sites\\\/12\\\/2021\\\/04\\\/Self_Guided_Walking_West_Algarve-e1611678020577.jpg\",\"datePublished\":\"2020-03-06T13:15:51+00:00\",\"dateModified\":\"2025-03-10T12:18:02+00:00\",\"description\":\"An exciting Self-Guided tour in the West Algarve, a true walker\u2019s paradise destination, where the climate is perfect for hiking for most of the year.\",\"breadcrumb\":{\"@id\":\"https:\\\/\\\/legendatours.com\\\/product\\\/rambling-in-the-west-algarve-portimao-1600s\\\/#breadcrumb\"},\"inLanguage\":\"sv-SE\",\"potentialAction\":[{\"@type\":\"ReadAction\",\"target\":[\"https:\\\/\\\/legendatours.com\\\/product\\\/rambling-in-the-west-algarve-portimao-1600s\\\/\"]}]},{\"@type\":\"ImageObject\",\"inLanguage\":\"sv-SE\",\"@id\":\"https:\\\/\\\/legendatours.com\\\/product\\\/rambling-in-the-west-algarve-portimao-1600s\\\/#primaryimage\",\"url\":\"https:\\\/\\\/legendatours.com\\\/wp-content\\\/uploads\\\/sites\\\/12\\\/2021\\\/04\\\/Self_Guided_Walking_West_Algarve-e1611678020577.jpg\",\"contentUrl\":\"https:\\\/\\\/legendatours.com\\\/wp-content\\\/uploads\\\/sites\\\/12\\\/2021\\\/04\\\/Self_Guided_Walking_West_Algarve-e1611678020577.jpg\",\"width\":1024,\"height\":685,\"caption\":\"Self Guided Walking West Algarve\"},{\"@type\":\"BreadcrumbList\",\"@id\":\"https:\\\/\\\/legendatours.com\\\/product\\\/rambling-in-the-west-algarve-portimao-1600s\\\/#breadcrumb\",\"itemListElement\":[{\"@type\":\"ListItem\",\"position\":1,\"name\":\"Home\",\"item\":\"https:\\\/\\\/legendatours.com\\\/\"},{\"@type\":\"ListItem\",\"position\":2,\"name\":\"Shop\",\"item\":\"https:\\\/\\\/legendatours.com\\\/sv\\\/?page_id=4\"},{\"@type\":\"ListItem\",\"position\":3,\"name\":\"Rambling in the West Algarve (Portimao) Rambling in the West Algarve is an exciting Self-Guided walking tour in a walker\u2019s paradise destination. The climate is perfect for hiking for most of the year, and the countryside teems with wildlife, bright coloured flowers, and picturesque villages. The coastline boasts impressive rock formations, cliffs, secluded beaches and amazing blue seascapes. The base of our tour is Portim\u00e3o, on the banks of the River Arade, a town with a low-key and relaxed ambience. The adjoining Praia da Rocha is one of the most scenic and famous beach resorts in the Algarve.\"}]},{\"@type\":\"WebSite\",\"@id\":\"https:\\\/\\\/legendatours.com\\\/#website\",\"url\":\"https:\\\/\\\/legendatours.com\\\/\",\"name\":\"Legendary Adventure DMC Portugal\",\"description\":\"Responsible Walking &amp; Nature Holidays in Portugal\",\"publisher\":{\"@id\":\"https:\\\/\\\/legendatours.com\\\/#organization\"},\"alternateName\":\"Legendary Adventure Portugal\",\"potentialAction\":[{\"@type\":\"SearchAction\",\"target\":{\"@type\":\"EntryPoint\",\"urlTemplate\":\"https:\\\/\\\/legendatours.com\\\/?s={search_term_string}\"},\"query-input\":{\"@type\":\"PropertyValueSpecification\",\"valueRequired\":true,\"valueName\":\"search_term_string\"}}],\"inLanguage\":\"sv-SE\"},{\"@type\":\"Organization\",\"@id\":\"https:\\\/\\\/legendatours.com\\\/#organization\",\"name\":\"legendatours.com\",\"url\":\"https:\\\/\\\/legendatours.com\\\/\",\"logo\":{\"@type\":\"ImageObject\",\"inLanguage\":\"sv-SE\",\"@id\":\"https:\\\/\\\/legendatours.com\\\/#\\\/schema\\\/logo\\\/image\\\/\",\"url\":\"https:\\\/\\\/legendatours.com\\\/wp-content\\\/uploads\\\/sites\\\/12\\\/2021\\\/06\\\/legendary_adventure_dmc.png\",\"contentUrl\":\"https:\\\/\\\/legendatours.com\\\/wp-content\\\/uploads\\\/sites\\\/12\\\/2021\\\/06\\\/legendary_adventure_dmc.png\",\"width\":250,\"height\":74,\"caption\":\"legendatours.com\"},\"image\":{\"@id\":\"https:\\\/\\\/legendatours.com\\\/#\\\/schema\\\/logo\\\/image\\\/\"},\"sameAs\":[\"https:\\\/\\\/www.facebook.com\\\/legendaryadventuredmc\\\/\",\"https:\\\/\\\/www.linkedin.com\\\/company\\\/legendary-adventure-dmc-portugal\",\"https:\\\/\\\/www.youtube.com\\\/channel\\\/UCOIRDx_KM6ynIcacQkZjb6g\"]}]}<\/script>\n<!-- \/ Yoast SEO Premium plugin. -->","yoast_head_json":{"title":"Semester i Portim\u00e3o: Vandring i v\u00e4stra Algarve - Legendariskt \u00e4ventyr DMC Portugal","description":"En sp\u00e4nnande sj\u00e4lvguidad tur i v\u00e4stra Algarve, ett riktigt paradis f\u00f6r vandrare, d\u00e4r klimatet \u00e4r perfekt f\u00f6r vandring under st\u00f6rre delen av \u00e5ret.","robots":{"index":"index","follow":"follow","max-snippet":"max-snippet:-1","max-image-preview":"max-image-preview:large","max-video-preview":"max-video-preview:-1"},"canonical":"https:\/\/legendatours.com\/sv\/produkt\/rambling-in-the-west-algarve-portimao-1600s\/","og_locale":"sv_SE","og_type":"article","og_title":"Holidays in Portim\u00e3o: Rambling in the West Algarve","og_description":"An exciting Self-Guided tour in the West Algarve, a true walker\u2019s paradise destination, where the climate is perfect for hiking for most of the year.","og_url":"https:\/\/legendatours.com\/sv\/produkt\/rambling-in-the-west-algarve-portimao-1600s\/","og_site_name":"Legendary Adventure DMC Portugal","article_publisher":"https:\/\/www.facebook.com\/legendaryadventuredmc\/","article_modified_time":"2025-03-10T12:18:02+00:00","og_image":[{"width":1024,"height":685,"url":"https:\/\/legendatours.com\/wp-content\/uploads\/sites\/12\/2021\/04\/Self_Guided_Walking_West_Algarve-e1611678020577.jpg","type":"image\/jpeg"}],"twitter_card":"summary_large_image","twitter_misc":{"Ber\u00e4knad l\u00e4stid":"3 minuter"},"schema":{"@context":"https:\/\/schema.org","@graph":[{"@type":"WebPage","@id":"https:\/\/legendatours.com\/product\/rambling-in-the-west-algarve-portimao-1600s\/","url":"https:\/\/legendatours.com\/product\/rambling-in-the-west-algarve-portimao-1600s\/","name":"Semester i Portim\u00e3o: Vandring i v\u00e4stra Algarve - Legendariskt \u00e4ventyr DMC Portugal","isPartOf":{"@id":"https:\/\/legendatours.com\/#website"},"primaryImageOfPage":{"@id":"https:\/\/legendatours.com\/product\/rambling-in-the-west-algarve-portimao-1600s\/#primaryimage"},"image":{"@id":"https:\/\/legendatours.com\/product\/rambling-in-the-west-algarve-portimao-1600s\/#primaryimage"},"thumbnailUrl":"https:\/\/legendatours.com\/wp-content\/uploads\/sites\/12\/2021\/04\/Self_Guided_Walking_West_Algarve-e1611678020577.jpg","datePublished":"2020-03-06T13:15:51+00:00","dateModified":"2025-03-10T12:18:02+00:00","description":"En sp\u00e4nnande sj\u00e4lvguidad tur i v\u00e4stra Algarve, ett riktigt paradis f\u00f6r vandrare, d\u00e4r klimatet \u00e4r perfekt f\u00f6r vandring under st\u00f6rre delen av \u00e5ret.","breadcrumb":{"@id":"https:\/\/legendatours.com\/product\/rambling-in-the-west-algarve-portimao-1600s\/#breadcrumb"},"inLanguage":"sv-SE","potentialAction":[{"@type":"ReadAction","target":["https:\/\/legendatours.com\/product\/rambling-in-the-west-algarve-portimao-1600s\/"]}]},{"@type":"ImageObject","inLanguage":"sv-SE","@id":"https:\/\/legendatours.com\/product\/rambling-in-the-west-algarve-portimao-1600s\/#primaryimage","url":"https:\/\/legendatours.com\/wp-content\/uploads\/sites\/12\/2021\/04\/Self_Guided_Walking_West_Algarve-e1611678020577.jpg","contentUrl":"https:\/\/legendatours.com\/wp-content\/uploads\/sites\/12\/2021\/04\/Self_Guided_Walking_West_Algarve-e1611678020577.jpg","width":1024,"height":685,"caption":"Self Guided Walking West Algarve"},{"@type":"BreadcrumbList","@id":"https:\/\/legendatours.com\/product\/rambling-in-the-west-algarve-portimao-1600s\/#breadcrumb","itemListElement":[{"@type":"ListItem","position":1,"name":"Home","item":"https:\/\/legendatours.com\/"},{"@type":"ListItem","position":2,"name":"Shop","item":"https:\/\/legendatours.com\/sv\/?page_id=4"},{"@type":"ListItem","position":3,"name":"Rambling in the West Algarve (Portimao) Rambling in the West Algarve is an exciting Self-Guided walking tour in a walker\u2019s paradise destination. The climate is perfect for hiking for most of the year, and the countryside teems with wildlife, bright coloured flowers, and picturesque villages. The coastline boasts impressive rock formations, cliffs, secluded beaches and amazing blue seascapes. The base of our tour is Portim\u00e3o, on the banks of the River Arade, a town with a low-key and relaxed ambience. The adjoining Praia da Rocha is one of the most scenic and famous beach resorts in the Algarve."}]},{"@type":"WebSite","@id":"https:\/\/legendatours.com\/#website","url":"https:\/\/legendatours.com\/","name":"Legendariskt \u00e4ventyr DMC Portugal","description":"Ansvarsfulla vandringar och natursemester i Portugal","publisher":{"@id":"https:\/\/legendatours.com\/#organization"},"alternateName":"Legendary Adventure Portugal","potentialAction":[{"@type":"SearchAction","target":{"@type":"EntryPoint","urlTemplate":"https:\/\/legendatours.com\/?s={search_term_string}"},"query-input":{"@type":"PropertyValueSpecification","valueRequired":true,"valueName":"search_term_string"}}],"inLanguage":"sv-SE"},{"@type":"Organization","@id":"https:\/\/legendatours.com\/#organization","name":"legendatours.com","url":"https:\/\/legendatours.com\/","logo":{"@type":"ImageObject","inLanguage":"sv-SE","@id":"https:\/\/legendatours.com\/#\/schema\/logo\/image\/","url":"https:\/\/legendatours.com\/wp-content\/uploads\/sites\/12\/2021\/06\/legendary_adventure_dmc.png","contentUrl":"https:\/\/legendatours.com\/wp-content\/uploads\/sites\/12\/2021\/06\/legendary_adventure_dmc.png","width":250,"height":74,"caption":"legendatours.com"},"image":{"@id":"https:\/\/legendatours.com\/#\/schema\/logo\/image\/"},"sameAs":["https:\/\/www.facebook.com\/legendaryadventuredmc\/","https:\/\/www.linkedin.com\/company\/legendary-adventure-dmc-portugal","https:\/\/www.youtube.com\/channel\/UCOIRDx_KM6ynIcacQkZjb6g"]}]}},"_links":{"self":[{"href":"https:\/\/legendatours.com\/sv\/wp-json\/wp\/v2\/product\/8400","targetHints":{"allow":["GET"]}}],"collection":[{"href":"https:\/\/legendatours.com\/sv\/wp-json\/wp\/v2\/product"}],"about":[{"href":"https:\/\/legendatours.com\/sv\/wp-json\/wp\/v2\/types\/product"}],"replies":[{"embeddable":true,"href":"https:\/\/legendatours.com\/sv\/wp-json\/wp\/v2\/comments?post=8400"}],"wp:featuredmedia":[{"embeddable":true,"href":"https:\/\/legendatours.com\/sv\/wp-json\/wp\/v2\/media\/8218"}],"wp:attachment":[{"href":"https:\/\/legendatours.com\/sv\/wp-json\/wp\/v2\/media?parent=8400"}],"wp:term":[{"taxonomy":"product_brand","embeddable":true,"href":"https:\/\/legendatours.com\/sv\/wp-json\/wp\/v2\/product_brand?post=8400"},{"taxonomy":"product_cat","embeddable":true,"href":"https:\/\/legendatours.com\/sv\/wp-json\/wp\/v2\/product_cat?post=8400"},{"taxonomy":"product_tag","embeddable":true,"href":"https:\/\/legendatours.com\/sv\/wp-json\/wp\/v2\/product_tag?post=8400"}],"curies":[{"name":"wp","href":"https:\/\/api.w.org\/{rel}","templated":true}]}}