{"id":8419,"date":"2020-03-06T13:13:14","date_gmt":"2020-03-06T13:13:14","guid":{"rendered":"https:\/\/legendatours.com\/product\/walking-holidays-in-tavira-the-venice-of-algarve\/"},"modified":"2026-03-18T14:40:12","modified_gmt":"2026-03-18T14:40:12","slug":"tavira-the-venice-of-algarve-1200s","status":"publish","type":"product","link":"https:\/\/legendatours.com\/sv\/produkt\/tavira-the-venice-of-algarve-1200s\/","title":{"rendered":"Vandringsresor i Tavira, Venedig i Algarve"},"content":{"rendered":"<p>Algarve \u00e4r s\u00e5 mycket mer \u00e4n solen och havet. I den lite bes\u00f6kta \u00f6stra Algarve ser det ut som att tiden har st\u00e5tt stilla, och du kommer att k\u00e4nna hur bra det \u00e4r att sakta ner och leva det goda livet med denna noggrant utarbetade Self-Guided Walking Holiday.<\/p>\n<p>Varje dags vandring framh\u00e4ver regionens kontrasterande landskap och vilda djur. Denna turn\u00e9 sattes ihop f\u00f6r att njuta av dem som har ett speciellt intresse f\u00f6r vandring och natur.<\/p>\n<div id=\"attachment_1776\" style=\"width: 1034px\" class=\"wp-caption alignnone\"><img loading=\"lazy\" decoding=\"async\" aria-describedby=\"caption-attachment-1776\" class=\"wp-image-1776 size-large\" src=\"https:\/\/legendatours.net\/wp-content\/uploads\/2020\/03\/Anchor-cemetery-in-Barril-Beach-1024x687.jpg\" alt=\"Anchor cemetery in Barril Beach Tavira\" width=\"1024\" height=\"687\" \/><p id=\"caption-attachment-1776\" class=\"wp-caption-text\">Ankarkyrkog\u00e5rd i Barril Beach Tavira, ett symboliskt minnesm\u00e4rke \u00f6ver den n\u00e4ra utrotningen av bl\u00e5fenad tonfisk i Algarve<\/p><\/div>\n<p>Tavira, basen f\u00f6r v\u00e5r promenadsemester, \u00e4r en h\u00e4rlig och pittoresk gammal-portugisisk charm, med \u00f6ver 30 kyrkor, kullerstensgator och bougainvillakantade balkonger. Dess slott i den historiska gamla staden, kyrkorna och de typiska husen ger kulturellt intresse och speciell karisma. Floden Gil\u00e3o, med en vardagsfiskares flodstrand, rinner till de azurbl\u00e5 lagunerna i naturparken Ria Formosa.<\/p>\n<p>Utan tvekan Algarves charmigaste stad, i Tavira tr\u00e4ngs fiskeb\u00e5tarna \u00f6ver floden Gil\u00e3o och skikt av historia kan ses, fr\u00e5n feniciska utgr\u00e4vningar genom islamiskt dekorerade d\u00f6rr\u00f6ppningar till ren\u00e4ssans- och barockblomster. Fr\u00e5n vallarna till det f\u00f6rst\u00f6rda slottet kan du titta ner \u00f6ver v\u00e5gor av triangul\u00e4ra &quot;h\u00f6g&quot; tak, spetsar av vita skorstenskrukor och de graci\u00f6sa kupolerna och tornen i stadens 33 kyrkor.<\/p>\n<p>Fr\u00e5n Tavira f\u00f6rberedde vi en upps\u00e4ttning promenader f\u00f6r att visa dig omr\u00e5dets otroliga sk\u00f6nhet, kust- och inlandsnaturen samt m\u00e4nniskorna och deras s\u00e4tt att leva.<\/p>\n<div id=\"attachment_1780\" style=\"width: 1034px\" class=\"wp-caption alignnone\"><img loading=\"lazy\" decoding=\"async\" aria-describedby=\"caption-attachment-1780\" class=\"wp-image-1780 size-large\" src=\"https:\/\/legendatours.net\/wp-content\/uploads\/2020\/03\/Colorful-tipical-houses-in-Tavira-1024x768.jpg\" alt=\"Colorful tipical houses in Tavira, a peaceful coastal town on the East Algarve.\" width=\"1024\" height=\"768\" \/><p id=\"caption-attachment-1780\" class=\"wp-caption-text\">F\u00e4rgglada typiska hus i Tavira, en fridfull kuststad p\u00e5 \u00f6stra Algarve.<\/p><\/div>\n<p>Landsbygden i \u00f6stra Algarve visar ett lugnt landskap av vitkalkade byar och dungar av kork och olivtr\u00e4d. De sj\u00e4lvstyrda promenaderna in\u00e5t landet slingrar sig genom charmiga gr\u00f6na dalar, med f\u00e5gels\u00e5ng som soundtrack. Du kommer att se f\u00e5 m\u00e4nniskor och finna lugn. Citron- och apelsinodlingar, mandeltr\u00e4d, olivlundar och s\u00f6mniga byar... Varje promenad \u00e4r full av f\u00e4rg, v\u00e4xter, vilda djur och historia och alla \u00e4r olika med unika sev\u00e4rdheter.<\/p>\n<p>Ria Formosa naturpark omfattar 18 000 hektar. Det \u00e4r ett system av laguner och \u00f6ar och omsluter ett stort omr\u00e5de av k\u00e4rr, saltpannor, b\u00e4ckar och dyn\u00f6ar. Barri\u00e4r\u00f6arna kantas av vidstr\u00e4ckta sandstr\u00e4nder och pittoreska typiska fiskebyar.<\/p>\n<p>Naturparken Ria Formosa \u00e4r ett viktigt omr\u00e5de f\u00f6r migrerande och h\u00e4ckande f\u00e5glar. Vandringarna p\u00e5 detta sj\u00e4lvstyrda program tar dig till parken, d\u00e4r det finns ett stort utbud av vadarf\u00e5glar och m\u00e5nga andra arter. Flamingos finns i \u00f6verfl\u00f6d och \u00e4r en fest f\u00f6r \u00f6gat.<\/p>\n<p>I \u00f6stra Algarve \u00e4r v\u00e4dret bra, m\u00e4nniskorna \u00e4r v\u00e4nliga och v\u00e4lkomnande, naturen lockar, maten och vinerna \u00e4r v\u00e4lsmakande och detta vandringsprogram \u00e4r utformat f\u00f6r att ge dig det b\u00e4sta av vad denna region har att erbjuda, baserat p\u00e5 charmiga staden Tavira. Du kommer att se ett Portugal som du aldrig trodde fanns och som du aldrig kommer att gl\u00f6mma!<\/p>\n<p>V\u00e5ra sj\u00e4lvguidade vandringssemester \u00e4r noggrant utformade och inneh\u00e5ller all information du beh\u00f6ver, fr\u00e5n detaljerade kartor och ruttnoteringar till en 24-timmars hotline. Boendet, flygplatstransfer och transporter ing\u00e5r i promenadprogrammet.<\/p>\n<p>&nbsp;<\/p>\n<p>&nbsp;<\/p>\n<div class=\"row\">\n<div class=\"column\" style=\"flex: 45%\"><\/div>\n<div class=\"column\" style=\"flex: 10%\"><\/div>\n<div class=\"column\" style=\"flex: 45%\">\n<p><iframe loading=\"lazy\" title=\"Tavira video reklam\" width=\"1080\" height=\"608\" src=\"https:\/\/www.youtube.com\/embed\/W01BbUS0VNI?feature=oembed\" frameborder=\"0\" allow=\"accelerometer; autoplay; clipboard-write; encrypted-media; gyroscope; picture-in-picture; web-share\" allowfullscreen><\/iframe><\/p>\n<\/div>\n<\/div>","protected":false},"excerpt":{"rendered":"<p>Vandring i Tavira: Algarves Venedig \u00e4r en sj\u00e4lvguidad vandringssemester baserad i Tavira i \u00f6stra Algarve. Speciellt utformad f\u00f6r att utforska Algarves landsbygd och naturens underverk i naturparken Ria Formosa, \u00e4r denna vandringstur en njutning f\u00f6r dem som \u00e4lskar naturens kustvandringar fulla av vilda djur, men ocks\u00e5 vandringar i inlandet i f\u00f6rbisedda delar av Algarve, fridfulla och traditionsrika.<\/p>","protected":false},"featured_media":8097,"comment_status":"closed","ping_status":"closed","template":"","meta":{"_acf_changed":false,"inline_featured_image":false},"product_brand":[],"product_cat":[301,856],"product_tag":[147,306,876,154,155,338,758,313,759,760,761,762,1086,163,60,341,764,765,766,767,768,169,542,319,328,1087,322,770,174,1088,324,771,684,685,1089,933,325,772,326,911,112,658,122,466,123,1090,422,1091],"class_list":{"0":"post-8419","1":"product","2":"type-product","3":"status-publish","4":"has-post-thumbnail","6":"product_cat-self-guided-tours-portugal","7":"product_cat-self-guided-walking-holidays","8":"product_tag-algarve","9":"product_tag-alleine-reisen","10":"product_tag-coastal-algarve","11":"product_tag-east-algarve","12":"product_tag-europe","13":"product_tag-food-and-wines-are-tasty","14":"product_tag-individual-hiking","15":"product_tag-individuelle-touren","16":"product_tag-individuelle-trekkingreisen","17":"product_tag-individuelle-wandern","18":"product_tag-individuelle-wanderreisen","19":"product_tag-individuelle-wandertouren","20":"product_tag-olive-groves","21":"product_tag-orange","22":"product_tag-portugal","23":"product_tag-portugal-great-food-and-wine","24":"product_tag-rando-autoguidee","25":"product_tag-rando-liberte","26":"product_tag-randonnee-autoguidee","27":"product_tag-randonnee-en-liberte","28":"product_tag-randonnee-liberte","29":"product_tag-ria-formosa-natural-park","30":"product_tag-sandy-beaches","31":"product_tag-sejour-en-liberte","32":"product_tag-self-guided","33":"product_tag-self-guided-walks","34":"product_tag-solo-reisen","35":"product_tag-solo-wandern","36":"product_tag-tavira","37":"product_tag-the-algarve","38":"product_tag-tours-autoguidees","39":"product_tag-trek-en-liberte","40":"product_tag-trek-solo","41":"product_tag-trekking-solo","42":"product_tag-typical-fishing-villages","43":"product_tag-undisturbed-places-in-portugal","44":"product_tag-voyage-en-liberte","45":"product_tag-voyages-a-pied-en-liberte","46":"product_tag-voyages-en-autonomie","47":"product_tag-wading-birds","48":"product_tag-walking-holidays","49":"product_tag-walking-program","50":"product_tag-walking-tours","51":"product_tag-water-birds","52":"product_tag-western-europe","53":"product_tag-whitewashed-villages","54":"product_tag-wild-flowers","55":"product_tag-wildlife-and-history","57":"first","58":"instock","59":"virtual","60":"product-type-simple"},"acf":[],"yoast_head":"<!-- This site is optimized with the Yoast SEO Premium plugin v26.8 (Yoast SEO v27.5) - https:\/\/yoast.com\/product\/yoast-seo-premium-wordpress\/ -->\n<title>Walking Holidays in Tavira, the Venice of Algarve<\/title>\n<meta name=\"description\" content=\"Self-guided Walking Tour based in Tavira, East Algarve, designed to explore the natural wonders of the Ria Formosa Nature Park and the peaceful countryside.\" \/>\n<meta name=\"robots\" content=\"index, follow, max-snippet:-1, max-image-preview:large, max-video-preview:-1\" \/>\n<link rel=\"canonical\" href=\"https:\/\/legendatours.com\/sv\/produkt\/tavira-the-venice-of-algarve-1200s\/\" \/>\n<meta property=\"og:locale\" content=\"sv_SE\" \/>\n<meta property=\"og:type\" content=\"article\" \/>\n<meta property=\"og:title\" content=\"Self-guided Walking Tavira\" \/>\n<meta property=\"og:description\" content=\"Specially designed to explore the Algarve&#039;s countryside and the natural wonders of the Ria Formosa Natural Park\" \/>\n<meta property=\"og:url\" content=\"https:\/\/legendatours.com\/sv\/produkt\/tavira-the-venice-of-algarve-1200s\/\" \/>\n<meta property=\"og:site_name\" content=\"Legendary Adventure DMC Portugal\" \/>\n<meta property=\"article:publisher\" content=\"https:\/\/www.facebook.com\/legendaryadventuredmc\/\" \/>\n<meta property=\"article:modified_time\" content=\"2026-03-18T14:40:12+00:00\" \/>\n<meta property=\"og:image\" content=\"https:\/\/legendatours.com\/wp-content\/uploads\/sites\/12\/2021\/04\/Walking_East_Algarve_Coast.jpg\" \/>\n\t<meta property=\"og:image:width\" content=\"1196\" \/>\n\t<meta property=\"og:image:height\" content=\"800\" \/>\n\t<meta property=\"og:image:type\" content=\"image\/jpeg\" \/>\n<meta name=\"twitter:card\" content=\"summary_large_image\" \/>\n<meta name=\"twitter:title\" content=\"Self-guided Walking Tavira\" \/>\n<meta name=\"twitter:description\" content=\"Specially designed to explore the Algarve&#039;s countryside and the natural wonders of the Ria Formosa Natural Park\" \/>\n<meta name=\"twitter:label1\" content=\"Ber\u00e4knad l\u00e4stid\" \/>\n\t<meta name=\"twitter:data1\" content=\"3 minuter\" \/>\n<script type=\"application\/ld+json\" class=\"yoast-schema-graph\">{\"@context\":\"https:\\\/\\\/schema.org\",\"@graph\":[{\"@type\":\"WebPage\",\"@id\":\"https:\\\/\\\/legendatours.com\\\/product\\\/tavira-the-venice-of-algarve-1200s\\\/\",\"url\":\"https:\\\/\\\/legendatours.com\\\/product\\\/tavira-the-venice-of-algarve-1200s\\\/\",\"name\":\"Walking Holidays in Tavira, the Venice of Algarve\",\"isPartOf\":{\"@id\":\"https:\\\/\\\/legendatours.com\\\/#website\"},\"primaryImageOfPage\":{\"@id\":\"https:\\\/\\\/legendatours.com\\\/product\\\/tavira-the-venice-of-algarve-1200s\\\/#primaryimage\"},\"image\":{\"@id\":\"https:\\\/\\\/legendatours.com\\\/product\\\/tavira-the-venice-of-algarve-1200s\\\/#primaryimage\"},\"thumbnailUrl\":\"https:\\\/\\\/legendatours.com\\\/wp-content\\\/uploads\\\/sites\\\/12\\\/2021\\\/04\\\/Walking_East_Algarve_Coast.jpg\",\"datePublished\":\"2020-03-06T13:13:14+00:00\",\"dateModified\":\"2026-03-18T14:40:12+00:00\",\"description\":\"Self-guided Walking Tour based in Tavira, East Algarve, designed to explore the natural wonders of the Ria Formosa Nature Park and the peaceful countryside.\",\"breadcrumb\":{\"@id\":\"https:\\\/\\\/legendatours.com\\\/product\\\/tavira-the-venice-of-algarve-1200s\\\/#breadcrumb\"},\"inLanguage\":\"sv-SE\",\"potentialAction\":[{\"@type\":\"ReadAction\",\"target\":[\"https:\\\/\\\/legendatours.com\\\/product\\\/tavira-the-venice-of-algarve-1200s\\\/\"]}]},{\"@type\":\"ImageObject\",\"inLanguage\":\"sv-SE\",\"@id\":\"https:\\\/\\\/legendatours.com\\\/product\\\/tavira-the-venice-of-algarve-1200s\\\/#primaryimage\",\"url\":\"https:\\\/\\\/legendatours.com\\\/wp-content\\\/uploads\\\/sites\\\/12\\\/2021\\\/04\\\/Walking_East_Algarve_Coast.jpg\",\"contentUrl\":\"https:\\\/\\\/legendatours.com\\\/wp-content\\\/uploads\\\/sites\\\/12\\\/2021\\\/04\\\/Walking_East_Algarve_Coast.jpg\",\"width\":1196,\"height\":800,\"caption\":\"Walking in the East Algarve Coast\"},{\"@type\":\"BreadcrumbList\",\"@id\":\"https:\\\/\\\/legendatours.com\\\/product\\\/tavira-the-venice-of-algarve-1200s\\\/#breadcrumb\",\"itemListElement\":[{\"@type\":\"ListItem\",\"position\":1,\"name\":\"Home\",\"item\":\"https:\\\/\\\/legendatours.com\\\/\"},{\"@type\":\"ListItem\",\"position\":2,\"name\":\"Shop\",\"item\":\"https:\\\/\\\/legendatours.com\\\/sv\\\/?page_id=4\"},{\"@type\":\"ListItem\",\"position\":3,\"name\":\"The Algarve is so much more than sun and sea. In the little-visited East Algarve, it looks like time has stood still, and you\u2019ll feel how good it is to slow down and live the good life with this carefully crafted Self-Guided Walking Tour. Each day\u2019s walk highlights the contrasting landscape and wildlife of the region. This tour was put together for the enjoyment of those who have a special interest in rambling and nature.\"}]},{\"@type\":\"WebSite\",\"@id\":\"https:\\\/\\\/legendatours.com\\\/#website\",\"url\":\"https:\\\/\\\/legendatours.com\\\/\",\"name\":\"Legendary Adventure DMC Portugal\",\"description\":\"Responsible Walking &amp; Nature Holidays in Portugal\",\"publisher\":{\"@id\":\"https:\\\/\\\/legendatours.com\\\/#organization\"},\"alternateName\":\"Legendary Adventure Portugal\",\"potentialAction\":[{\"@type\":\"SearchAction\",\"target\":{\"@type\":\"EntryPoint\",\"urlTemplate\":\"https:\\\/\\\/legendatours.com\\\/?s={search_term_string}\"},\"query-input\":{\"@type\":\"PropertyValueSpecification\",\"valueRequired\":true,\"valueName\":\"search_term_string\"}}],\"inLanguage\":\"sv-SE\"},{\"@type\":\"Organization\",\"@id\":\"https:\\\/\\\/legendatours.com\\\/#organization\",\"name\":\"legendatours.com\",\"url\":\"https:\\\/\\\/legendatours.com\\\/\",\"logo\":{\"@type\":\"ImageObject\",\"inLanguage\":\"sv-SE\",\"@id\":\"https:\\\/\\\/legendatours.com\\\/#\\\/schema\\\/logo\\\/image\\\/\",\"url\":\"https:\\\/\\\/legendatours.com\\\/wp-content\\\/uploads\\\/sites\\\/12\\\/2021\\\/06\\\/legendary_adventure_dmc.png\",\"contentUrl\":\"https:\\\/\\\/legendatours.com\\\/wp-content\\\/uploads\\\/sites\\\/12\\\/2021\\\/06\\\/legendary_adventure_dmc.png\",\"width\":250,\"height\":74,\"caption\":\"legendatours.com\"},\"image\":{\"@id\":\"https:\\\/\\\/legendatours.com\\\/#\\\/schema\\\/logo\\\/image\\\/\"},\"sameAs\":[\"https:\\\/\\\/www.facebook.com\\\/legendaryadventuredmc\\\/\",\"https:\\\/\\\/www.linkedin.com\\\/company\\\/legendary-adventure-dmc-portugal\",\"https:\\\/\\\/www.youtube.com\\\/channel\\\/UCOIRDx_KM6ynIcacQkZjb6g\"]}]}<\/script>\n<!-- \/ Yoast SEO Premium plugin. -->","yoast_head_json":{"title":"Vandringsresor i Tavira, Venedig i Algarve","description":"Sj\u00e4lvguidad vandringstur baserad i Tavira, \u00f6stra Algarve, designad f\u00f6r att utforska de naturliga underverken i naturparken Ria Formosa och den fridfulla landsbygden.","robots":{"index":"index","follow":"follow","max-snippet":"max-snippet:-1","max-image-preview":"max-image-preview:large","max-video-preview":"max-video-preview:-1"},"canonical":"https:\/\/legendatours.com\/sv\/produkt\/tavira-the-venice-of-algarve-1200s\/","og_locale":"sv_SE","og_type":"article","og_title":"Self-guided Walking Tavira","og_description":"Specially designed to explore the Algarve's countryside and the natural wonders of the Ria Formosa Natural Park","og_url":"https:\/\/legendatours.com\/sv\/produkt\/tavira-the-venice-of-algarve-1200s\/","og_site_name":"Legendary Adventure DMC Portugal","article_publisher":"https:\/\/www.facebook.com\/legendaryadventuredmc\/","article_modified_time":"2026-03-18T14:40:12+00:00","og_image":[{"width":1196,"height":800,"url":"https:\/\/legendatours.com\/wp-content\/uploads\/sites\/12\/2021\/04\/Walking_East_Algarve_Coast.jpg","type":"image\/jpeg"}],"twitter_card":"summary_large_image","twitter_title":"Self-guided Walking Tavira","twitter_description":"Specially designed to explore the Algarve's countryside and the natural wonders of the Ria Formosa Natural Park","twitter_misc":{"Ber\u00e4knad l\u00e4stid":"3 minuter"},"schema":{"@context":"https:\/\/schema.org","@graph":[{"@type":"WebPage","@id":"https:\/\/legendatours.com\/product\/tavira-the-venice-of-algarve-1200s\/","url":"https:\/\/legendatours.com\/product\/tavira-the-venice-of-algarve-1200s\/","name":"Vandringsresor i Tavira, Venedig i Algarve","isPartOf":{"@id":"https:\/\/legendatours.com\/#website"},"primaryImageOfPage":{"@id":"https:\/\/legendatours.com\/product\/tavira-the-venice-of-algarve-1200s\/#primaryimage"},"image":{"@id":"https:\/\/legendatours.com\/product\/tavira-the-venice-of-algarve-1200s\/#primaryimage"},"thumbnailUrl":"https:\/\/legendatours.com\/wp-content\/uploads\/sites\/12\/2021\/04\/Walking_East_Algarve_Coast.jpg","datePublished":"2020-03-06T13:13:14+00:00","dateModified":"2026-03-18T14:40:12+00:00","description":"Sj\u00e4lvguidad vandringstur baserad i Tavira, \u00f6stra Algarve, designad f\u00f6r att utforska de naturliga underverken i naturparken Ria Formosa och den fridfulla landsbygden.","breadcrumb":{"@id":"https:\/\/legendatours.com\/product\/tavira-the-venice-of-algarve-1200s\/#breadcrumb"},"inLanguage":"sv-SE","potentialAction":[{"@type":"ReadAction","target":["https:\/\/legendatours.com\/product\/tavira-the-venice-of-algarve-1200s\/"]}]},{"@type":"ImageObject","inLanguage":"sv-SE","@id":"https:\/\/legendatours.com\/product\/tavira-the-venice-of-algarve-1200s\/#primaryimage","url":"https:\/\/legendatours.com\/wp-content\/uploads\/sites\/12\/2021\/04\/Walking_East_Algarve_Coast.jpg","contentUrl":"https:\/\/legendatours.com\/wp-content\/uploads\/sites\/12\/2021\/04\/Walking_East_Algarve_Coast.jpg","width":1196,"height":800,"caption":"Walking in the East Algarve Coast"},{"@type":"BreadcrumbList","@id":"https:\/\/legendatours.com\/product\/tavira-the-venice-of-algarve-1200s\/#breadcrumb","itemListElement":[{"@type":"ListItem","position":1,"name":"Home","item":"https:\/\/legendatours.com\/"},{"@type":"ListItem","position":2,"name":"Shop","item":"https:\/\/legendatours.com\/sv\/?page_id=4"},{"@type":"ListItem","position":3,"name":"The Algarve is so much more than sun and sea. In the little-visited East Algarve, it looks like time has stood still, and you\u2019ll feel how good it is to slow down and live the good life with this carefully crafted Self-Guided Walking Tour. Each day\u2019s walk highlights the contrasting landscape and wildlife of the region. This tour was put together for the enjoyment of those who have a special interest in rambling and nature."}]},{"@type":"WebSite","@id":"https:\/\/legendatours.com\/#website","url":"https:\/\/legendatours.com\/","name":"Legendariskt \u00e4ventyr DMC Portugal","description":"Ansvarsfulla vandringar och natursemester i Portugal","publisher":{"@id":"https:\/\/legendatours.com\/#organization"},"alternateName":"Legendary Adventure Portugal","potentialAction":[{"@type":"SearchAction","target":{"@type":"EntryPoint","urlTemplate":"https:\/\/legendatours.com\/?s={search_term_string}"},"query-input":{"@type":"PropertyValueSpecification","valueRequired":true,"valueName":"search_term_string"}}],"inLanguage":"sv-SE"},{"@type":"Organization","@id":"https:\/\/legendatours.com\/#organization","name":"legendatours.com","url":"https:\/\/legendatours.com\/","logo":{"@type":"ImageObject","inLanguage":"sv-SE","@id":"https:\/\/legendatours.com\/#\/schema\/logo\/image\/","url":"https:\/\/legendatours.com\/wp-content\/uploads\/sites\/12\/2021\/06\/legendary_adventure_dmc.png","contentUrl":"https:\/\/legendatours.com\/wp-content\/uploads\/sites\/12\/2021\/06\/legendary_adventure_dmc.png","width":250,"height":74,"caption":"legendatours.com"},"image":{"@id":"https:\/\/legendatours.com\/#\/schema\/logo\/image\/"},"sameAs":["https:\/\/www.facebook.com\/legendaryadventuredmc\/","https:\/\/www.linkedin.com\/company\/legendary-adventure-dmc-portugal","https:\/\/www.youtube.com\/channel\/UCOIRDx_KM6ynIcacQkZjb6g"]}]}},"_links":{"self":[{"href":"https:\/\/legendatours.com\/sv\/wp-json\/wp\/v2\/product\/8419","targetHints":{"allow":["GET"]}}],"collection":[{"href":"https:\/\/legendatours.com\/sv\/wp-json\/wp\/v2\/product"}],"about":[{"href":"https:\/\/legendatours.com\/sv\/wp-json\/wp\/v2\/types\/product"}],"replies":[{"embeddable":true,"href":"https:\/\/legendatours.com\/sv\/wp-json\/wp\/v2\/comments?post=8419"}],"wp:featuredmedia":[{"embeddable":true,"href":"https:\/\/legendatours.com\/sv\/wp-json\/wp\/v2\/media\/8097"}],"wp:attachment":[{"href":"https:\/\/legendatours.com\/sv\/wp-json\/wp\/v2\/media?parent=8419"}],"wp:term":[{"taxonomy":"product_brand","embeddable":true,"href":"https:\/\/legendatours.com\/sv\/wp-json\/wp\/v2\/product_brand?post=8419"},{"taxonomy":"product_cat","embeddable":true,"href":"https:\/\/legendatours.com\/sv\/wp-json\/wp\/v2\/product_cat?post=8419"},{"taxonomy":"product_tag","embeddable":true,"href":"https:\/\/legendatours.com\/sv\/wp-json\/wp\/v2\/product_tag?post=8419"}],"curies":[{"name":"wp","href":"https:\/\/api.w.org\/{rel}","templated":true}]}}